{"id":6834,"date":"2024-11-26T11:37:08","date_gmt":"2024-11-26T11:37:08","guid":{"rendered":"https:\/\/jinsuncarbon.com\/?post_type=product&#038;p=6834"},"modified":"2025-10-02T07:22:10","modified_gmt":"2025-10-02T07:22:10","slug":"dechets-delectrodes-en-graphite","status":"publish","type":"product","link":"https:\/\/jinsuncarbon.com\/fr\/produit-2\/dechets-delectrodes-en-graphite\/","title":{"rendered":"D\u00e9bris d'\u00e9lectrodes en graphite"},"content":{"rendered":"<p>Les d\u00e9chets d'\u00e9lectrodes en graphite pr\u00e9sentent un potentiel de r\u00e9utilisation consid\u00e9rable. La teneur en carbone est toujours conserv\u00e9e dans une proportion consid\u00e9rable. Ils peuvent offrir la possibilit\u00e9 d'une exploitation mini\u00e8re de valeur secondaire pour de nombreux liens industriels. Les d\u00e9chets d'\u00e9lectrodes de graphite se pr\u00e9sentent sous diff\u00e9rentes formes, en blocs, en granul\u00e9s, etc. Qu'il s'agisse d'une grande restructuration industrielle ou d'une petite innovation de processus, vous pouvez faire appel \u00e0 nos services professionnels de traitement et de d\u00e9ploiement. Exploration approfondie de sa valeur cach\u00e9e, afin de l'adapter pr\u00e9cis\u00e9ment \u00e0 votre sc\u00e9nario d'application sp\u00e9cifique. Devenez le bon assistant en mati\u00e8re de r\u00e9duction des co\u00fbts, d'efficacit\u00e9 et de recyclage des ressources.<\/p>\n<p>&nbsp;<\/p>\n<h2>Avantages des d\u00e9chets d'\u00e9lectrodes en graphite<\/h2>\n<ul>\n<li>Forte recyclabilit\u00e9. Gr\u00e2ce \u00e0 une technologie et \u00e0 un processus de recyclage avanc\u00e9s, il est possible de r\u00e9int\u00e9grer efficacement la ferraille. Le taux de r\u00e9cup\u00e9ration peut atteindre 96% ou plus. Il r\u00e9duit consid\u00e9rablement les d\u00e9chets de ressources et permet aux entreprises d'\u00e9conomiser une grande partie des co\u00fbts d'approvisionnement en mati\u00e8res premi\u00e8res. Le processus de recyclage est relativement simple et rapide. Il permet de recycler les d\u00e9chets \u00e0 grande \u00e9chelle en peu de temps et d'am\u00e9liorer l'efficacit\u00e9 du recyclage des ressources des entreprises.<\/li>\n<\/ul>\n<p>&nbsp;<\/p>\n<ul>\n<li>Valeur potentielle d'utilisation de la chaleur. Dans un environnement \u00e0 haute temp\u00e9rature, les d\u00e9chets d'\u00e9lectrodes en graphite peuvent absorber et stocker la chaleur de mani\u00e8re stable. Sa capacit\u00e9 calorifique est \u00e9lev\u00e9e, ce qui permet de l'utiliser comme moyen d'\u00e9change de chaleur de haute qualit\u00e9 dans les syst\u00e8mes industriels de recyclage de la chaleur. Ils r\u00e9duisent la consommation d'\u00e9nergie et am\u00e9liorent l'efficacit\u00e9 \u00e9nerg\u00e9tique.<\/li>\n<\/ul>\n<p>&nbsp;<\/p>\n<ul>\n<li>Poss\u00e8de une certaine base de conductivit\u00e9 \u00e9lectrique. Il peut \u00eatre utilis\u00e9 comme mat\u00e9riau conducteur auxiliaire. Dans la fabrication ou la r\u00e9paration de circuits de composants \u00e9lectroniques dont les exigences en mati\u00e8re de conductivit\u00e9 sont faibles, mais qui n\u00e9cessitent certaines propri\u00e9t\u00e9s conductrices.<\/li>\n<\/ul>\n<p>&nbsp;<\/p>\n<ul>\n<li>La stabilit\u00e9 chimique est relativement \u00e9lev\u00e9e. Il peut r\u00e9sister \u00e0 l'\u00e9rosion de substances corrosives telles que les acides forts et les alcalis. Cela permet de prolonger la dur\u00e9e de vie des conteneurs et de r\u00e9duire les co\u00fbts de maintenance des \u00e9quipements et les temps d'arr\u00eat dus \u00e0 la corrosion chimique.<\/li>\n<\/ul>\n<p>&nbsp;<\/p>\n<ul>\n<li>Densit\u00e9 mod\u00e9r\u00e9e pour une manipulation ais\u00e9e. Elle n'est ni trop lourde pour accro\u00eetre la difficult\u00e9 du transport et de la manutention, ni trop l\u00e9g\u00e8re pour \u00eatre manipul\u00e9e. La ferraille peut r\u00e9duire les pertes et la consommation d'\u00e9nergie de l'\u00e9quipement. Elle am\u00e9liore \u00e9galement l'efficacit\u00e9 du traitement et permet aux entreprises de proc\u00e9der \u00e0 un retraitement et \u00e0 une utilisation \u00e0 grande \u00e9chelle des d\u00e9chets d'\u00e9lectrodes en graphite.<\/li>\n<\/ul>\n<p>&nbsp;<\/p>\n<ul>\n<li>La teneur en impuret\u00e9s se situe dans la plage s\u00e9parable. Gr\u00e2ce \u00e0 des m\u00e9thodes de s\u00e9paration physique conventionnelles telles que le criblage, la flottation et les moyens de purification chimique, la teneur en impuret\u00e9s peut \u00eatre r\u00e9duite \u00e0 un niveau extr\u00eamement bas. Ainsi, les d\u00e9chets d'\u00e9lectrodes de graphite purifi\u00e9s peuvent r\u00e9pondre aux exigences plus \u00e9lev\u00e9es des applications industrielles.<\/li>\n<\/ul>\n<p>&nbsp;<\/p>\n<h2>Utilisation des d\u00e9chets d'\u00e9lectrodes en graphite<\/h2>\n<ul>\n<li><strong>Fabrication d'\u00e9lectrodes en graphite recycl\u00e9 :<\/strong> Apr\u00e8s un traitement sp\u00e9cifique, les d\u00e9chets d'\u00e9lectrodes en graphite peuvent \u00eatre r\u00e9utilis\u00e9s comme mati\u00e8re premi\u00e8re pour la fabrication d'\u00e9lectrodes en graphite. Cela permet d'\u00e9conomiser efficacement les ressources.<\/li>\n<\/ul>\n<p>&nbsp;<\/p>\n<ul>\n<li><strong>Fabrication d'\u00e9lectrodes en carbone :<\/strong> Les craps d'\u00e9lectrodes en graphite sont utilis\u00e9s comme mati\u00e8re premi\u00e8re pour la production de <a href=\"https:\/\/jinsuncarbon.com\/fr\/produit-2\/electrode-de-carbone\/\">\u00e9lectrodes en carbone<\/a> principalement parce qu'il peut am\u00e9liorer de mani\u00e8re significative la conductivit\u00e9 des \u00e9lectrodes en carbone. En outre, il peut \u00e9galement renforcer la r\u00e9sistance m\u00e9canique des \u00e9lectrodes de carbone et rendre leur structure plus stable.<\/li>\n<\/ul>\n<p>&nbsp;<\/p>\n<ul>\n<li><strong>Production de blocs de carbone cathodique :<\/strong> Apr\u00e8s l'ajout de copeaux de graphite \u00e0 la production de blocs de carbone cathodique, la r\u00e9sistance des blocs de carbone cathodique s'est am\u00e9lior\u00e9e. <a href=\"https:\/\/jinsuncarbon.com\/fr\/produit-2\/bloc-cathodique\/\">blocs de carbone cathodique<\/a> est r\u00e9duit, ce qui est plus propice \u00e0 l'\u00e9lectrolyse. En m\u00eame temps, le graphite est mou, ce qui facilite le traitement et le moulage des blocs de carbone cathodique.<\/li>\n<\/ul>\n<p>&nbsp;<\/p>\n<ul>\n<li><strong>Carburateur en acier :<\/strong> Dans le processus de fabrication de l'acier, l'ajout de d\u00e9chets d'\u00e9lectrodes en graphite trait\u00e9 permet d'ajuster avec pr\u00e9cision la teneur en carbone de l'acier en fusion. Il am\u00e9liore \u00e9galement la qualit\u00e9 de l'acier.<\/li>\n<\/ul>\n<p>&nbsp;<\/p>\n<ul>\n<li><strong>Additifs r\u00e9fractaires :<\/strong> Ajout\u00e9 aux mat\u00e9riaux r\u00e9fractaires, il peut am\u00e9liorer leur r\u00e9sistance aux temp\u00e9ratures \u00e9lev\u00e9es et leur stabilit\u00e9 structurelle. Il peut donc prolonger la dur\u00e9e de vie des mat\u00e9riaux r\u00e9fractaires.<\/li>\n<\/ul>","protected":false},"excerpt":{"rendered":"<p>Les d\u00e9chets d'\u00e9lectrodes en graphite sont les mat\u00e9riaux r\u00e9siduels g\u00e9n\u00e9r\u00e9s lors de la production ou de l'utilisation d'\u00e9lectrodes en graphite. Apr\u00e8s le bapt\u00eame et la pr\u00e9cipitation de nombreux processus complexes, sa structure interne contient des myst\u00e8res uniques. Bien qu'il s'agisse d'un d\u00e9chet, il conserve les caract\u00e9ristiques essentielles des mat\u00e9riaux en graphite. Les d\u00e9chets d'\u00e9lectrodes en graphite pr\u00e9sentent certaines caract\u00e9ristiques de structure cristalline, avec une forme irr\u00e9guli\u00e8re en blocs ou en grains. Dans la plupart des cas, ils servent de r\u00e9serve de ressources renouvelables.<\/p>","protected":false},"featured_media":6835,"template":"","meta":[],"product_brand":[],"product_cat":[38],"product_tag":[],"class_list":{"0":"post-6834","1":"product","2":"type-product","3":"status-publish","4":"has-post-thumbnail","6":"product_cat-graphite-products","8":"first","9":"instock","10":"shipping-taxable","11":"product-type-simple"},"yoast_head":"<!-- This site is optimized with the Yoast SEO Premium plugin v19.2.1 (Yoast SEO v25.3) - https:\/\/yoast.com\/wordpress\/plugins\/seo\/ -->\n<title>Graphite Electrode Scrap Manufacturer | Jinsun Carbon<\/title>\n<meta name=\"description\" content=\"Graphite electrode scrap has considerable potential for reuse. The carbon content is still maintained in a considerable proportion.\" \/>\n<meta name=\"robots\" content=\"index, follow, max-snippet:-1, max-image-preview:large, max-video-preview:-1\" \/>\n<link rel=\"canonical\" href=\"https:\/\/jinsuncarbon.com\/fr\/produit-2\/dechets-delectrodes-en-graphite\/\" \/>\n<meta property=\"og:locale\" content=\"fr_FR\" \/>\n<meta property=\"og:type\" content=\"article\" \/>\n<meta property=\"og:title\" content=\"Graphite Electrode Scrap\" \/>\n<meta property=\"og:description\" content=\"Graphite electrode scrap has considerable potential for reuse. The carbon content is still maintained in a considerable proportion.\" \/>\n<meta property=\"og:url\" content=\"https:\/\/jinsuncarbon.com\/fr\/produit-2\/dechets-delectrodes-en-graphite\/\" \/>\n<meta property=\"og:site_name\" content=\"Jinsun Carbon\" \/>\n<meta property=\"article:publisher\" content=\"https:\/\/www.facebook.com\/Graphite-Electrode-109336238661595\" \/>\n<meta property=\"article:modified_time\" content=\"2025-10-02T07:22:10+00:00\" \/>\n<meta property=\"og:image\" content=\"https:\/\/jinsuncarbon.com\/wp-content\/uploads\/2024\/11\/Graphite-electrode-scrap.jpg\" \/>\n\t<meta property=\"og:image:width\" content=\"1024\" \/>\n\t<meta property=\"og:image:height\" content=\"763\" \/>\n\t<meta property=\"og:image:type\" content=\"image\/jpeg\" \/>\n<meta name=\"twitter:card\" content=\"summary_large_image\" \/>\n<meta name=\"twitter:site\" content=\"@jinsuncarbon_\" \/>\n<meta name=\"twitter:label1\" content=\"Dur\u00e9e de lecture estim\u00e9e\" \/>\n\t<meta name=\"twitter:data1\" content=\"3 minutes\" \/>\n<script type=\"application\/ld+json\" class=\"yoast-schema-graph\">{\"@context\":\"https:\/\/schema.org\",\"@graph\":[{\"@type\":\"WebPage\",\"@id\":\"https:\/\/jinsuncarbon.com\/product\/graphite-electrode-scrap\/\",\"url\":\"https:\/\/jinsuncarbon.com\/product\/graphite-electrode-scrap\/\",\"name\":\"Graphite Electrode Scrap Manufacturer | Jinsun Carbon\",\"isPartOf\":{\"@id\":\"https:\/\/jinsuncarbon.com\/#website\"},\"primaryImageOfPage\":{\"@id\":\"https:\/\/jinsuncarbon.com\/product\/graphite-electrode-scrap\/#primaryimage\"},\"image\":{\"@id\":\"https:\/\/jinsuncarbon.com\/product\/graphite-electrode-scrap\/#primaryimage\"},\"thumbnailUrl\":\"https:\/\/jinsuncarbon.com\/wp-content\/uploads\/2024\/11\/Graphite-electrode-scrap.jpg\",\"datePublished\":\"2024-11-26T11:37:08+00:00\",\"dateModified\":\"2025-10-02T07:22:10+00:00\",\"description\":\"Graphite electrode scrap has considerable potential for reuse. The carbon content is still maintained in a considerable proportion.\",\"breadcrumb\":{\"@id\":\"https:\/\/jinsuncarbon.com\/product\/graphite-electrode-scrap\/#breadcrumb\"},\"inLanguage\":\"fr-FR\",\"potentialAction\":[{\"@type\":\"ReadAction\",\"target\":[\"https:\/\/jinsuncarbon.com\/product\/graphite-electrode-scrap\/\"]}]},{\"@type\":\"ImageObject\",\"inLanguage\":\"fr-FR\",\"@id\":\"https:\/\/jinsuncarbon.com\/product\/graphite-electrode-scrap\/#primaryimage\",\"url\":\"https:\/\/jinsuncarbon.com\/wp-content\/uploads\/2024\/11\/Graphite-electrode-scrap.jpg\",\"contentUrl\":\"https:\/\/jinsuncarbon.com\/wp-content\/uploads\/2024\/11\/Graphite-electrode-scrap.jpg\",\"width\":1024,\"height\":763,\"caption\":\"Graphite electrode scrap\"},{\"@type\":\"BreadcrumbList\",\"@id\":\"https:\/\/jinsuncarbon.com\/product\/graphite-electrode-scrap\/#breadcrumb\",\"itemListElement\":[{\"@type\":\"ListItem\",\"position\":1,\"name\":\"Home\",\"item\":\"https:\/\/jinsuncarbon.com\/\"},{\"@type\":\"ListItem\",\"position\":2,\"name\":\"Products\",\"item\":\"https:\/\/jinsuncarbon.com\/graphite-carbon\/\"},{\"@type\":\"ListItem\",\"position\":3,\"name\":\"Graphite Electrode Scrap\"}]},{\"@type\":\"WebSite\",\"@id\":\"https:\/\/jinsuncarbon.com\/#website\",\"url\":\"https:\/\/jinsuncarbon.com\/\",\"name\":\"Jinsun Carbon\",\"description\":\"We are the successful graphite electrode manufacturer in China\",\"publisher\":{\"@id\":\"https:\/\/jinsuncarbon.com\/#organization\"},\"potentialAction\":[{\"@type\":\"SearchAction\",\"target\":{\"@type\":\"EntryPoint\",\"urlTemplate\":\"https:\/\/jinsuncarbon.com\/?s={search_term_string}\"},\"query-input\":{\"@type\":\"PropertyValueSpecification\",\"valueRequired\":true,\"valueName\":\"search_term_string\"}}],\"inLanguage\":\"fr-FR\"},{\"@type\":\"Organization\",\"@id\":\"https:\/\/jinsuncarbon.com\/#organization\",\"name\":\"Jinsun Carbon\",\"alternateName\":\"Jinsun Carbon\",\"url\":\"https:\/\/jinsuncarbon.com\/\",\"logo\":{\"@type\":\"ImageObject\",\"inLanguage\":\"fr-FR\",\"@id\":\"https:\/\/jinsuncarbon.com\/#\/schema\/logo\/image\/\",\"url\":\"https:\/\/jinsuncarbon.com\/wp-content\/uploads\/2022\/12\/LOGO-1.png\",\"contentUrl\":\"https:\/\/jinsuncarbon.com\/wp-content\/uploads\/2022\/12\/LOGO-1.png\",\"width\":207,\"height\":80,\"caption\":\"Jinsun Carbon\"},\"image\":{\"@id\":\"https:\/\/jinsuncarbon.com\/#\/schema\/logo\/image\/\"},\"sameAs\":[\"https:\/\/www.facebook.com\/Graphite-Electrode-109336238661595\",\"https:\/\/x.com\/jinsuncarbon_\",\"https:\/\/www.linkedin.com\/in\/jinsungraphite\",\"https:\/\/www.youtube.com\/channel\/UCysDNyvyR5-3cCWEmpkVC0g\"]}]}<\/script>\n<!-- \/ Yoast SEO Premium plugin. -->","yoast_head_json":{"title":"Fabricant de d\u00e9chets d'\u00e9lectrodes en graphite | Jinsun Carbon","description":"Les d\u00e9chets d'\u00e9lectrodes en graphite pr\u00e9sentent un potentiel de r\u00e9utilisation consid\u00e9rable. La teneur en carbone est toujours conserv\u00e9e dans une proportion consid\u00e9rable.","robots":{"index":"index","follow":"follow","max-snippet":"max-snippet:-1","max-image-preview":"max-image-preview:large","max-video-preview":"max-video-preview:-1"},"canonical":"https:\/\/jinsuncarbon.com\/fr\/produit-2\/dechets-delectrodes-en-graphite\/","og_locale":"fr_FR","og_type":"article","og_title":"Graphite Electrode Scrap","og_description":"Graphite electrode scrap has considerable potential for reuse. The carbon content is still maintained in a considerable proportion.","og_url":"https:\/\/jinsuncarbon.com\/fr\/produit-2\/dechets-delectrodes-en-graphite\/","og_site_name":"Jinsun Carbon","article_publisher":"https:\/\/www.facebook.com\/Graphite-Electrode-109336238661595","article_modified_time":"2025-10-02T07:22:10+00:00","og_image":[{"width":1024,"height":763,"url":"https:\/\/jinsuncarbon.com\/wp-content\/uploads\/2024\/11\/Graphite-electrode-scrap.jpg","type":"image\/jpeg"}],"twitter_card":"summary_large_image","twitter_site":"@jinsuncarbon_","twitter_misc":{"Dur\u00e9e de lecture estim\u00e9e":"3 minutes"},"schema":{"@context":"https:\/\/schema.org","@graph":[{"@type":"WebPage","@id":"https:\/\/jinsuncarbon.com\/product\/graphite-electrode-scrap\/","url":"https:\/\/jinsuncarbon.com\/product\/graphite-electrode-scrap\/","name":"Fabricant de d\u00e9chets d'\u00e9lectrodes en graphite | Jinsun Carbon","isPartOf":{"@id":"https:\/\/jinsuncarbon.com\/#website"},"primaryImageOfPage":{"@id":"https:\/\/jinsuncarbon.com\/product\/graphite-electrode-scrap\/#primaryimage"},"image":{"@id":"https:\/\/jinsuncarbon.com\/product\/graphite-electrode-scrap\/#primaryimage"},"thumbnailUrl":"https:\/\/jinsuncarbon.com\/wp-content\/uploads\/2024\/11\/Graphite-electrode-scrap.jpg","datePublished":"2024-11-26T11:37:08+00:00","dateModified":"2025-10-02T07:22:10+00:00","description":"Les d\u00e9chets d'\u00e9lectrodes en graphite pr\u00e9sentent un potentiel de r\u00e9utilisation consid\u00e9rable. La teneur en carbone est toujours conserv\u00e9e dans une proportion consid\u00e9rable.","breadcrumb":{"@id":"https:\/\/jinsuncarbon.com\/product\/graphite-electrode-scrap\/#breadcrumb"},"inLanguage":"fr-FR","potentialAction":[{"@type":"ReadAction","target":["https:\/\/jinsuncarbon.com\/product\/graphite-electrode-scrap\/"]}]},{"@type":"ImageObject","inLanguage":"fr-FR","@id":"https:\/\/jinsuncarbon.com\/product\/graphite-electrode-scrap\/#primaryimage","url":"https:\/\/jinsuncarbon.com\/wp-content\/uploads\/2024\/11\/Graphite-electrode-scrap.jpg","contentUrl":"https:\/\/jinsuncarbon.com\/wp-content\/uploads\/2024\/11\/Graphite-electrode-scrap.jpg","width":1024,"height":763,"caption":"Graphite electrode scrap"},{"@type":"BreadcrumbList","@id":"https:\/\/jinsuncarbon.com\/product\/graphite-electrode-scrap\/#breadcrumb","itemListElement":[{"@type":"ListItem","position":1,"name":"Home","item":"https:\/\/jinsuncarbon.com\/"},{"@type":"ListItem","position":2,"name":"Products","item":"https:\/\/jinsuncarbon.com\/graphite-carbon\/"},{"@type":"ListItem","position":3,"name":"Graphite Electrode Scrap"}]},{"@type":"WebSite","@id":"https:\/\/jinsuncarbon.com\/#website","url":"https:\/\/jinsuncarbon.com\/","name":"Jinsun Carbon","description":"Nous sommes le fabricant d'\u00e9lectrodes en graphite le plus performant de Chine.","publisher":{"@id":"https:\/\/jinsuncarbon.com\/#organization"},"potentialAction":[{"@type":"SearchAction","target":{"@type":"EntryPoint","urlTemplate":"https:\/\/jinsuncarbon.com\/?s={search_term_string}"},"query-input":{"@type":"PropertyValueSpecification","valueRequired":true,"valueName":"search_term_string"}}],"inLanguage":"fr-FR"},{"@type":"Organization","@id":"https:\/\/jinsuncarbon.com\/#organization","name":"Jinsun Carbon","alternateName":"Jinsun Carbon","url":"https:\/\/jinsuncarbon.com\/","logo":{"@type":"ImageObject","inLanguage":"fr-FR","@id":"https:\/\/jinsuncarbon.com\/#\/schema\/logo\/image\/","url":"https:\/\/jinsuncarbon.com\/wp-content\/uploads\/2022\/12\/LOGO-1.png","contentUrl":"https:\/\/jinsuncarbon.com\/wp-content\/uploads\/2022\/12\/LOGO-1.png","width":207,"height":80,"caption":"Jinsun Carbon"},"image":{"@id":"https:\/\/jinsuncarbon.com\/#\/schema\/logo\/image\/"},"sameAs":["https:\/\/www.facebook.com\/Graphite-Electrode-109336238661595","https:\/\/x.com\/jinsuncarbon_","https:\/\/www.linkedin.com\/in\/jinsungraphite","https:\/\/www.youtube.com\/channel\/UCysDNyvyR5-3cCWEmpkVC0g"]}]}},"_links":{"self":[{"href":"https:\/\/jinsuncarbon.com\/fr\/wp-json\/wp\/v2\/product\/6834","targetHints":{"allow":["GET"]}}],"collection":[{"href":"https:\/\/jinsuncarbon.com\/fr\/wp-json\/wp\/v2\/product"}],"about":[{"href":"https:\/\/jinsuncarbon.com\/fr\/wp-json\/wp\/v2\/types\/product"}],"wp:featuredmedia":[{"embeddable":true,"href":"https:\/\/jinsuncarbon.com\/fr\/wp-json\/wp\/v2\/media\/6835"}],"wp:attachment":[{"href":"https:\/\/jinsuncarbon.com\/fr\/wp-json\/wp\/v2\/media?parent=6834"}],"wp:term":[{"taxonomy":"product_brand","embeddable":true,"href":"https:\/\/jinsuncarbon.com\/fr\/wp-json\/wp\/v2\/product_brand?post=6834"},{"taxonomy":"product_cat","embeddable":true,"href":"https:\/\/jinsuncarbon.com\/fr\/wp-json\/wp\/v2\/product_cat?post=6834"},{"taxonomy":"product_tag","embeddable":true,"href":"https:\/\/jinsuncarbon.com\/fr\/wp-json\/wp\/v2\/product_tag?post=6834"}],"curies":[{"name":"wp","href":"https:\/\/api.w.org\/{rel}","templated":true}]}}