{"id":6799,"date":"2024-11-25T09:34:57","date_gmt":"2024-11-25T09:34:57","guid":{"rendered":"https:\/\/jinsuncarbon.com\/?post_type=product&#038;p=6799"},"modified":"2024-12-01T12:56:31","modified_gmt":"2024-12-01T12:56:31","slug":"electrode-en-graphite-pyrolytique","status":"publish","type":"product","link":"https:\/\/jinsuncarbon.com\/fr\/produit-2\/electrode-en-graphite-pyrolytique\/","title":{"rendered":"Electrode en graphite pyrolytique"},"content":{"rendered":"<p>Les formes d'\u00e9lectrodes en graphite pyrolytique sont diverses, de taille flexible et d'une excellente puret\u00e9. Qu'elles soient petites ou grandes, elles peuvent \u00eatre adapt\u00e9es \u00e0 vos besoins sp\u00e9cifiques. Gr\u00e2ce \u00e0 un processus de personnalisation professionnel, elle peut s'adapter parfaitement aux exigences de votre projet. La teneur en carbone de l'\u00e9lectrode de graphite est g\u00e9n\u00e9ralement de 98% ou plus. Il s'agit d'un mod\u00e8le bien m\u00e9rit\u00e9 de mat\u00e9riaux d'\u00e9lectrode de haute puret\u00e9.<\/p>\n<p>&nbsp;<\/p>\n<h2>Avantages des \u00e9lectrodes en graphite pyrolytique<\/h2>\n<ul>\n<li><strong>Stabilit\u00e9 \u00e0 haute temp\u00e9rature :<\/strong>\u00a0Les \u00e9lectrodes en graphite pyrolytique peuvent r\u00e9sister \u00e0 des temp\u00e9ratures extr\u00eamement \u00e9lev\u00e9es. Elles conservent leur stabilit\u00e9 structurelle dans des environnements \u00e0 haute temp\u00e9rature (plus de 3 000 \u00b0C), sans se ramollir ni fondre. Cela lui permet de fonctionner de mani\u00e8re stable dans la fusion \u00e0 haute temp\u00e9rature, la synth\u00e8se \u00e0 haute temp\u00e9rature et d'autres processus. Par exemple, dans le processus de fusion des m\u00e9taux sp\u00e9ciaux. Il peut r\u00e9sister \u00e0 des temp\u00e9ratures \u00e9lev\u00e9es pendant longtemps et continuer \u00e0 jouer le r\u00f4le d'\u00e9lectrodes.<\/li>\n<\/ul>\n<p>&nbsp;<\/p>\n<ul>\n<li><strong>Excellente conductivit\u00e9 \u00e9lectrique :<\/strong> Dot\u00e9 d'une bonne conductivit\u00e9 \u00e9lectrique, il peut conduire efficacement le courant. Dans les applications \u00e9lectrochimiques, il peut r\u00e9duire efficacement la perte de r\u00e9sistance et am\u00e9liorer l'efficacit\u00e9 \u00e9nerg\u00e9tique. Dans les industries \u00e9lectrolytiques \u00e0 grande \u00e9chelle, telles que la production d'aluminium \u00e9lectrolytique, son excellente conductivit\u00e9 \u00e9lectrique permet de r\u00e9duire les co\u00fbts de production et d'augmenter la vitesse de production.<\/li>\n<\/ul>\n<p>&nbsp;<\/p>\n<ul>\n<li><strong>Tol\u00e9rance chimique :<\/strong> Il poss\u00e8de une forte inertie chimique, les acides, les alcalis, les solvants organiques et d'autres substances chimiques. Il pr\u00e9sente un degr\u00e9 \u00e9lev\u00e9 de tol\u00e9rance, n'est pas facile \u00e0 r\u00e9agir chimiquement et \u00e0 se corroder. Dans l'environnement chimique complexe du domaine chimique, tel que la pr\u00e9sence de divers \u00e9lectrolytes et de gaz corrosifs, elle peut fonctionner de mani\u00e8re stable pendant une longue p\u00e9riode. Cela r\u00e9duit la fr\u00e9quence de remplacement des \u00e9lectrodes et les co\u00fbts de maintenance.<\/li>\n<\/ul>\n<p>&nbsp;<\/p>\n<ul>\n<li><strong>Faible coefficient de dilatation :<\/strong> Le coefficient de dilatation thermique de l'\u00e9lectrode en graphite pyrolytique est tr\u00e8s faible. Sa taille varie l\u00e9g\u00e8rement en fonction de la temp\u00e9rature. Cette caract\u00e9ristique est particuli\u00e8rement importante pour l'usinage de haute pr\u00e9cision et les processus exp\u00e9rimentaux. Comme la fabrication de semi-conducteurs. Elle garantit la pr\u00e9cision dimensionnelle des \u00e9lectrodes \u00e0 diff\u00e9rentes temp\u00e9ratures de traitement et assure la stabilit\u00e9 de la qualit\u00e9 du produit.<\/li>\n<\/ul>\n<p>&nbsp;<\/p>\n<h2>Applications de l'\u00e9lectrode en graphite pyrolytique<\/h2>\n<p>La surface de l'\u00e9lectrode en graphite pyrolytique peut \u00eatre modifi\u00e9e pour d\u00e9tecter s\u00e9lectivement les ions. Par exemple, lors de la d\u00e9tection d'ions de m\u00e9taux lourds, les \u00e9lectrodes chimiquement modifi\u00e9es produisent des r\u00e9actions sp\u00e9cifiques avec les ions de m\u00e9taux lourds. Les concentrations d'ions sont d\u00e9termin\u00e9es en fonction des changements dans les <a href=\"https:\/\/en.wikipedia.org\/wiki\/Electrochemistry\" target=\"_blank\" rel=\"noopener\">\u00e9lectrochimique<\/a> signaux. Il peut \u00e9galement d\u00e9tecter les mati\u00e8res organiques. Comme la d\u00e9tection du glucose et d'autres petits composants biologiques, fix\u00e9s sur la surface de l'\u00e9lectrode de la glucose oxydase et d'autres enzymes biologiques. Il utilise la r\u00e9action sp\u00e9cifique de l'enzyme et du glucose g\u00e9n\u00e9r\u00e9e par les changements du signal \u00e9lectrique pour la d\u00e9tection quantitative.<\/p>\n<p>&nbsp;<\/p>\n<p><strong>Dans le domaine de la recherche \u00e9lectrochimique,<\/strong> l'\u00e9lectrode en graphite pyrolytique pr\u00e9sente une bonne conductivit\u00e9 et une bonne stabilit\u00e9. Nous pouvons l'utiliser pour \u00e9tudier le processus de transfert de charge sur l'\u00e9lectrode de graphite pyrolytique. <a href=\"https:\/\/jinsuncarbon.com\/fr\/produit-2\/electrode-a-tige-en-graphite\/\">\u00e9lectrode<\/a> Les r\u00e9sultats de l'\u00e9tude de la r\u00e9action \u00e9lectrochimique \u00e0 la surface de l'eau, du processus d'adsorption et de d\u00e9sorption des substances et d'autres probl\u00e8mes cin\u00e9tiques. Cela permet de comprendre en profondeur le m\u00e9canisme de la r\u00e9action \u00e9lectrochimique. Il fournit \u00e9galement un soutien th\u00e9orique pour la conception de dispositifs \u00e9lectrochimiques \u00e0 haute performance. Parall\u00e8lement, nous pouvons \u00e9galement l'utiliser comme support de catalyseur et charger diff\u00e9rents catalyseurs pour \u00e9tudier l'impact des r\u00e9actions \u00e9lectrocatalytiques. Telles que la r\u00e9action de r\u00e9duction de l'oxyg\u00e8ne, la r\u00e9action de transformation de l'hydrog\u00e8ne, etc. Nous pouvons donc explorer des mat\u00e9riaux \u00e9lectrocatalytiques et des syst\u00e8mes de r\u00e9action efficaces. Nous pouvons ainsi explorer des mat\u00e9riaux \u00e9lectrocatalytiques et des syst\u00e8mes de r\u00e9action efficaces, ce qui favorise les progr\u00e8s des piles \u00e0 combustible, de l'eau \u00e9lectrolytique et d'autres technologies.<\/p>\n<p>&nbsp;<\/p>\n<p><strong>En <a href=\"https:\/\/en.wikipedia.org\/wiki\/Sensor#:~:text=In%20the%20broadest%20definition%2C%20a,electronics%2C%20frequently%20a%20computer%20processor.\" target=\"_blank\" rel=\"noopener\">capteur<\/a> des applications,<\/strong> Les \u00e9lectrodes en graphite pyrolytique peuvent r\u00e9agir \u00e0 des gaz sp\u00e9cifiques. Par exemple, des mat\u00e9riaux sensibles tels que des oxydes m\u00e9talliques sont modifi\u00e9s \u00e0 la surface de l'\u00e9lectrode pour d\u00e9tecter des gaz tels que l'oxyg\u00e8ne, l'hydrog\u00e8ne et le dioxyde de carbone. <a href=\"https:\/\/jinsuncarbon.com\/fr\/utilisations-du-carbone\/\">carbone<\/a> monoxyde de carbone. Il permet \u00e9galement de fabriquer des biocapteurs pour la d\u00e9tection de substances ou d'activit\u00e9s biologiques dans les organismes vivants. Par exemple, il peut \u00eatre combin\u00e9 avec des enzymes, des anticorps, des acides nucl\u00e9iques et d'autres \u00e9l\u00e9ments biom\u00e9triques. Il peut alors d\u00e9tecter de mani\u00e8re rapide et sensible la glyc\u00e9mie, les lipides sanguins, les agents pathog\u00e8nes, etc.<\/p>","protected":false},"excerpt":{"rendered":"<p>L'\u00e9lectrode en graphite pyrolytique est soigneusement fabriqu\u00e9e par le proc\u00e9d\u00e9 de pointe CVD (d\u00e9p\u00f4t chimique en phase vapeur). Dans un environnement \u00e0 haute temp\u00e9rature et pr\u00e9cis\u00e9ment contr\u00f4l\u00e9, les gaz contenant du carbone sont d\u00e9compos\u00e9s thermiquement. Les atomes de carbone sont d\u00e9pos\u00e9s avec pr\u00e9cision. Les couches de graphite aux structures uniques sont fa\u00e7onn\u00e9es par leur structure cristalline hautement ordonn\u00e9e. En particulier, la structure cl\u00e9 des plans de bord, qui lui permet de se distinguer des autres mat\u00e9riaux et d'atteindre des performances exceptionnelles.<\/p>","protected":false},"featured_media":6800,"template":"","meta":[],"product_brand":[],"product_cat":[38],"product_tag":[],"class_list":{"0":"post-6799","1":"product","2":"type-product","3":"status-publish","4":"has-post-thumbnail","6":"product_cat-graphite-products","8":"first","9":"instock","10":"shipping-taxable","11":"product-type-simple"},"yoast_head":"<!-- This site is optimized with the Yoast SEO Premium plugin v19.2.1 (Yoast SEO v25.3) - https:\/\/yoast.com\/wordpress\/plugins\/seo\/ -->\n<title>Pyrolytic Graphite Electrode Manufacturer in China<\/title>\n<meta name=\"description\" content=\"Pyrolytic graphite electrode is constructed by the cutting-edge CVD (chemical vapor deposition) process, it can be based on your specific needs.\" \/>\n<meta name=\"robots\" content=\"index, follow, max-snippet:-1, max-image-preview:large, max-video-preview:-1\" \/>\n<link rel=\"canonical\" href=\"https:\/\/jinsuncarbon.com\/fr\/produit-2\/electrode-en-graphite-pyrolytique\/\" \/>\n<meta property=\"og:locale\" content=\"fr_FR\" \/>\n<meta property=\"og:type\" content=\"article\" \/>\n<meta property=\"og:title\" content=\"Pyrolytic Graphite Electrode\" \/>\n<meta property=\"og:description\" content=\"Pyrolytic graphite electrode is constructed by the cutting-edge CVD (chemical vapor deposition) process, it can be based on your specific needs.\" \/>\n<meta property=\"og:url\" content=\"https:\/\/jinsuncarbon.com\/fr\/produit-2\/electrode-en-graphite-pyrolytique\/\" \/>\n<meta property=\"og:site_name\" content=\"Jinsun Carbon\" \/>\n<meta property=\"article:publisher\" content=\"https:\/\/www.facebook.com\/Graphite-Electrode-109336238661595\" \/>\n<meta property=\"article:modified_time\" content=\"2024-12-01T12:56:31+00:00\" \/>\n<meta property=\"og:image\" content=\"https:\/\/jinsuncarbon.com\/wp-content\/uploads\/2024\/11\/pyrolytic-graphite-electrode.jpg\" \/>\n\t<meta property=\"og:image:width\" content=\"1024\" \/>\n\t<meta property=\"og:image:height\" content=\"763\" \/>\n\t<meta property=\"og:image:type\" content=\"image\/jpeg\" \/>\n<meta name=\"twitter:card\" content=\"summary_large_image\" \/>\n<meta name=\"twitter:site\" content=\"@jinsuncarbon_\" \/>\n<meta name=\"twitter:label1\" content=\"Dur\u00e9e de lecture estim\u00e9e\" \/>\n\t<meta name=\"twitter:data1\" content=\"3 minutes\" \/>\n<script type=\"application\/ld+json\" class=\"yoast-schema-graph\">{\"@context\":\"https:\/\/schema.org\",\"@graph\":[{\"@type\":\"WebPage\",\"@id\":\"https:\/\/jinsuncarbon.com\/product\/pyrolytic-graphite-electrode\/\",\"url\":\"https:\/\/jinsuncarbon.com\/product\/pyrolytic-graphite-electrode\/\",\"name\":\"Pyrolytic Graphite Electrode Manufacturer in China\",\"isPartOf\":{\"@id\":\"https:\/\/jinsuncarbon.com\/#website\"},\"primaryImageOfPage\":{\"@id\":\"https:\/\/jinsuncarbon.com\/product\/pyrolytic-graphite-electrode\/#primaryimage\"},\"image\":{\"@id\":\"https:\/\/jinsuncarbon.com\/product\/pyrolytic-graphite-electrode\/#primaryimage\"},\"thumbnailUrl\":\"https:\/\/jinsuncarbon.com\/wp-content\/uploads\/2024\/11\/pyrolytic-graphite-electrode.jpg\",\"datePublished\":\"2024-11-25T09:34:57+00:00\",\"dateModified\":\"2024-12-01T12:56:31+00:00\",\"description\":\"Pyrolytic graphite electrode is constructed by the cutting-edge CVD (chemical vapor deposition) process, it can be based on your specific needs.\",\"breadcrumb\":{\"@id\":\"https:\/\/jinsuncarbon.com\/product\/pyrolytic-graphite-electrode\/#breadcrumb\"},\"inLanguage\":\"fr-FR\",\"potentialAction\":[{\"@type\":\"ReadAction\",\"target\":[\"https:\/\/jinsuncarbon.com\/product\/pyrolytic-graphite-electrode\/\"]}]},{\"@type\":\"ImageObject\",\"inLanguage\":\"fr-FR\",\"@id\":\"https:\/\/jinsuncarbon.com\/product\/pyrolytic-graphite-electrode\/#primaryimage\",\"url\":\"https:\/\/jinsuncarbon.com\/wp-content\/uploads\/2024\/11\/pyrolytic-graphite-electrode.jpg\",\"contentUrl\":\"https:\/\/jinsuncarbon.com\/wp-content\/uploads\/2024\/11\/pyrolytic-graphite-electrode.jpg\",\"width\":1024,\"height\":763,\"caption\":\"pyrolytic graphite electrode\"},{\"@type\":\"BreadcrumbList\",\"@id\":\"https:\/\/jinsuncarbon.com\/product\/pyrolytic-graphite-electrode\/#breadcrumb\",\"itemListElement\":[{\"@type\":\"ListItem\",\"position\":1,\"name\":\"Home\",\"item\":\"https:\/\/jinsuncarbon.com\/\"},{\"@type\":\"ListItem\",\"position\":2,\"name\":\"Products\",\"item\":\"https:\/\/jinsuncarbon.com\/graphite-carbon\/\"},{\"@type\":\"ListItem\",\"position\":3,\"name\":\"Pyrolytic Graphite Electrode\"}]},{\"@type\":\"WebSite\",\"@id\":\"https:\/\/jinsuncarbon.com\/#website\",\"url\":\"https:\/\/jinsuncarbon.com\/\",\"name\":\"Jinsun Carbon\",\"description\":\"We are the successful graphite electrode manufacturer in China\",\"publisher\":{\"@id\":\"https:\/\/jinsuncarbon.com\/#organization\"},\"potentialAction\":[{\"@type\":\"SearchAction\",\"target\":{\"@type\":\"EntryPoint\",\"urlTemplate\":\"https:\/\/jinsuncarbon.com\/?s={search_term_string}\"},\"query-input\":{\"@type\":\"PropertyValueSpecification\",\"valueRequired\":true,\"valueName\":\"search_term_string\"}}],\"inLanguage\":\"fr-FR\"},{\"@type\":\"Organization\",\"@id\":\"https:\/\/jinsuncarbon.com\/#organization\",\"name\":\"Jinsun Carbon\",\"alternateName\":\"Jinsun Carbon\",\"url\":\"https:\/\/jinsuncarbon.com\/\",\"logo\":{\"@type\":\"ImageObject\",\"inLanguage\":\"fr-FR\",\"@id\":\"https:\/\/jinsuncarbon.com\/#\/schema\/logo\/image\/\",\"url\":\"https:\/\/jinsuncarbon.com\/wp-content\/uploads\/2022\/12\/LOGO-1.png\",\"contentUrl\":\"https:\/\/jinsuncarbon.com\/wp-content\/uploads\/2022\/12\/LOGO-1.png\",\"width\":207,\"height\":80,\"caption\":\"Jinsun Carbon\"},\"image\":{\"@id\":\"https:\/\/jinsuncarbon.com\/#\/schema\/logo\/image\/\"},\"sameAs\":[\"https:\/\/www.facebook.com\/Graphite-Electrode-109336238661595\",\"https:\/\/x.com\/jinsuncarbon_\",\"https:\/\/www.linkedin.com\/in\/jinsungraphite\",\"https:\/\/www.youtube.com\/channel\/UCysDNyvyR5-3cCWEmpkVC0g\"]}]}<\/script>\n<!-- \/ Yoast SEO Premium plugin. -->","yoast_head_json":{"title":"Fabricant d'\u00e9lectrodes en graphite pyrolytique en Chine","description":"L'\u00e9lectrode en graphite pyrolytique est fabriqu\u00e9e par le proc\u00e9d\u00e9 de pointe CVD (d\u00e9p\u00f4t chimique en phase vapeur) et peut \u00eatre adapt\u00e9e \u00e0 vos besoins sp\u00e9cifiques.","robots":{"index":"index","follow":"follow","max-snippet":"max-snippet:-1","max-image-preview":"max-image-preview:large","max-video-preview":"max-video-preview:-1"},"canonical":"https:\/\/jinsuncarbon.com\/fr\/produit-2\/electrode-en-graphite-pyrolytique\/","og_locale":"fr_FR","og_type":"article","og_title":"Pyrolytic Graphite Electrode","og_description":"Pyrolytic graphite electrode is constructed by the cutting-edge CVD (chemical vapor deposition) process, it can be based on your specific needs.","og_url":"https:\/\/jinsuncarbon.com\/fr\/produit-2\/electrode-en-graphite-pyrolytique\/","og_site_name":"Jinsun Carbon","article_publisher":"https:\/\/www.facebook.com\/Graphite-Electrode-109336238661595","article_modified_time":"2024-12-01T12:56:31+00:00","og_image":[{"width":1024,"height":763,"url":"https:\/\/jinsuncarbon.com\/wp-content\/uploads\/2024\/11\/pyrolytic-graphite-electrode.jpg","type":"image\/jpeg"}],"twitter_card":"summary_large_image","twitter_site":"@jinsuncarbon_","twitter_misc":{"Dur\u00e9e de lecture estim\u00e9e":"3 minutes"},"schema":{"@context":"https:\/\/schema.org","@graph":[{"@type":"WebPage","@id":"https:\/\/jinsuncarbon.com\/product\/pyrolytic-graphite-electrode\/","url":"https:\/\/jinsuncarbon.com\/product\/pyrolytic-graphite-electrode\/","name":"Fabricant d'\u00e9lectrodes en graphite pyrolytique en Chine","isPartOf":{"@id":"https:\/\/jinsuncarbon.com\/#website"},"primaryImageOfPage":{"@id":"https:\/\/jinsuncarbon.com\/product\/pyrolytic-graphite-electrode\/#primaryimage"},"image":{"@id":"https:\/\/jinsuncarbon.com\/product\/pyrolytic-graphite-electrode\/#primaryimage"},"thumbnailUrl":"https:\/\/jinsuncarbon.com\/wp-content\/uploads\/2024\/11\/pyrolytic-graphite-electrode.jpg","datePublished":"2024-11-25T09:34:57+00:00","dateModified":"2024-12-01T12:56:31+00:00","description":"L'\u00e9lectrode en graphite pyrolytique est fabriqu\u00e9e par le proc\u00e9d\u00e9 de pointe CVD (d\u00e9p\u00f4t chimique en phase vapeur) et peut \u00eatre adapt\u00e9e \u00e0 vos besoins sp\u00e9cifiques.","breadcrumb":{"@id":"https:\/\/jinsuncarbon.com\/product\/pyrolytic-graphite-electrode\/#breadcrumb"},"inLanguage":"fr-FR","potentialAction":[{"@type":"ReadAction","target":["https:\/\/jinsuncarbon.com\/product\/pyrolytic-graphite-electrode\/"]}]},{"@type":"ImageObject","inLanguage":"fr-FR","@id":"https:\/\/jinsuncarbon.com\/product\/pyrolytic-graphite-electrode\/#primaryimage","url":"https:\/\/jinsuncarbon.com\/wp-content\/uploads\/2024\/11\/pyrolytic-graphite-electrode.jpg","contentUrl":"https:\/\/jinsuncarbon.com\/wp-content\/uploads\/2024\/11\/pyrolytic-graphite-electrode.jpg","width":1024,"height":763,"caption":"pyrolytic graphite electrode"},{"@type":"BreadcrumbList","@id":"https:\/\/jinsuncarbon.com\/product\/pyrolytic-graphite-electrode\/#breadcrumb","itemListElement":[{"@type":"ListItem","position":1,"name":"Home","item":"https:\/\/jinsuncarbon.com\/"},{"@type":"ListItem","position":2,"name":"Products","item":"https:\/\/jinsuncarbon.com\/graphite-carbon\/"},{"@type":"ListItem","position":3,"name":"Pyrolytic Graphite Electrode"}]},{"@type":"WebSite","@id":"https:\/\/jinsuncarbon.com\/#website","url":"https:\/\/jinsuncarbon.com\/","name":"Jinsun Carbon","description":"Nous sommes le fabricant d'\u00e9lectrodes en graphite le plus performant de Chine.","publisher":{"@id":"https:\/\/jinsuncarbon.com\/#organization"},"potentialAction":[{"@type":"SearchAction","target":{"@type":"EntryPoint","urlTemplate":"https:\/\/jinsuncarbon.com\/?s={search_term_string}"},"query-input":{"@type":"PropertyValueSpecification","valueRequired":true,"valueName":"search_term_string"}}],"inLanguage":"fr-FR"},{"@type":"Organization","@id":"https:\/\/jinsuncarbon.com\/#organization","name":"Jinsun Carbon","alternateName":"Jinsun Carbon","url":"https:\/\/jinsuncarbon.com\/","logo":{"@type":"ImageObject","inLanguage":"fr-FR","@id":"https:\/\/jinsuncarbon.com\/#\/schema\/logo\/image\/","url":"https:\/\/jinsuncarbon.com\/wp-content\/uploads\/2022\/12\/LOGO-1.png","contentUrl":"https:\/\/jinsuncarbon.com\/wp-content\/uploads\/2022\/12\/LOGO-1.png","width":207,"height":80,"caption":"Jinsun Carbon"},"image":{"@id":"https:\/\/jinsuncarbon.com\/#\/schema\/logo\/image\/"},"sameAs":["https:\/\/www.facebook.com\/Graphite-Electrode-109336238661595","https:\/\/x.com\/jinsuncarbon_","https:\/\/www.linkedin.com\/in\/jinsungraphite","https:\/\/www.youtube.com\/channel\/UCysDNyvyR5-3cCWEmpkVC0g"]}]}},"_links":{"self":[{"href":"https:\/\/jinsuncarbon.com\/fr\/wp-json\/wp\/v2\/product\/6799","targetHints":{"allow":["GET"]}}],"collection":[{"href":"https:\/\/jinsuncarbon.com\/fr\/wp-json\/wp\/v2\/product"}],"about":[{"href":"https:\/\/jinsuncarbon.com\/fr\/wp-json\/wp\/v2\/types\/product"}],"wp:featuredmedia":[{"embeddable":true,"href":"https:\/\/jinsuncarbon.com\/fr\/wp-json\/wp\/v2\/media\/6800"}],"wp:attachment":[{"href":"https:\/\/jinsuncarbon.com\/fr\/wp-json\/wp\/v2\/media?parent=6799"}],"wp:term":[{"taxonomy":"product_brand","embeddable":true,"href":"https:\/\/jinsuncarbon.com\/fr\/wp-json\/wp\/v2\/product_brand?post=6799"},{"taxonomy":"product_cat","embeddable":true,"href":"https:\/\/jinsuncarbon.com\/fr\/wp-json\/wp\/v2\/product_cat?post=6799"},{"taxonomy":"product_tag","embeddable":true,"href":"https:\/\/jinsuncarbon.com\/fr\/wp-json\/wp\/v2\/product_tag?post=6799"}],"curies":[{"name":"wp","href":"https:\/\/api.w.org\/{rel}","templated":true}]}}