{"id":6749,"date":"2024-11-23T11:38:24","date_gmt":"2024-11-23T11:38:24","guid":{"rendered":"https:\/\/jinsuncarbon.com\/?post_type=product&#038;p=6749"},"modified":"2024-12-20T03:17:25","modified_gmt":"2024-12-20T03:17:25","slug":"graphite-a-grain-fin","status":"publish","type":"product","link":"https:\/\/jinsuncarbon.com\/fr\/produit-2\/graphite-a-grain-fin\/","title":{"rendered":"Graphite \u00e0 grain fin"},"content":{"rendered":"<p>Le graphite \u00e0 grain fin est un graphite produit avec des particules de petite taille. Ce graphite a une structure \u00e0 grain fin et poss\u00e8de donc des propri\u00e9t\u00e9s particuli\u00e8res. Le graphite \u00e0 grain fin est id\u00e9al pour les applications industrielles car il poss\u00e8de des propri\u00e9t\u00e9s de r\u00e9sistance et de duret\u00e9 \u00e9lev\u00e9es, une excellente conductivit\u00e9, une inertie chimique et une grande stabilit\u00e9. Il est couramment utilis\u00e9 dans le moulage des m\u00e9taux, la fabrication des semi-conducteurs, etc. Gr\u00e2ce \u00e0 ses propri\u00e9t\u00e9s et \u00e0 sa structure, il convient \u00e0 de nombreuses utilisations.<\/p>\n<h2>Pourquoi choisir le graphite \u00e0 grain fin ?<\/h2>\n<p><strong>Haute r\u00e9sistance<\/strong><\/p>\n<p>Le graphite \u00e0 grain fin est tr\u00e8s puissant. Compar\u00e9 \u00e0 d'autres types de graphite, il est plus r\u00e9sistant. Cela signifie qu'il peut supporter des conditions difficiles. Sa structure lui permet de conserver sa forme lorsqu'il est soumis \u00e0 une pression. Le graphite \u00e0 grain fin est tr\u00e8s dur et durable.<\/p>\n<p><strong>R\u00e9sistance \u00e0 la chaleur<\/strong><\/p>\n<p>Le graphite \u00e0 grain fin est un excellent mat\u00e9riau pour les hautes temp\u00e9ratures. Il peut \u00e9galement fonctionner dans des environnements extr\u00eames, tels que les sc\u00e9narios industriels \u00e0 haute temp\u00e9rature et \u00e0 haute pression.<\/p>\n<p><strong>Conductivit\u00e9 \u00e9lectrique<\/strong><\/p>\n<p>Il s'agit d'un graphite \u00e0 grain fin, qui a un impact positif sur la conductivit\u00e9 \u00e9lectrique. Il est id\u00e9al lorsque vous avez besoin d'un conducteur. C'est la raison pour laquelle il est souvent utilis\u00e9 dans l'\u00e9lectro\u00e9rosion (EDM) et les appareils de chauffage. Le graphite \u00e0 grain fin a une structure qui permet le flux continu du courant \u00e9lectrique, il est donc consid\u00e9r\u00e9 comme un mat\u00e9riau fiable.<\/p>\n<h2>Caract\u00e9ristiques<\/h2>\n<p><strong>R\u00e9sistance \u00e0 la chaleur<\/strong><\/p>\n<p>Le graphite \u00e0 grain fin est disponible pour les applications \u00e0 haute temp\u00e9rature. C'est pourquoi il conserve sa stabilit\u00e9 lorsque d'autres mat\u00e9riaux se ramollissent ou perdent leur forme.<\/p>\n<p><strong>Conductivit\u00e9 \u00e9lectrique<\/strong><\/p>\n<p>Le graphite est un conducteur extr\u00eamement naturel. Les semi-conducteurs utilisent le graphite \u00e0 grain fin en raison de sa conductivit\u00e9 \u00e9lectrique, de m\u00eame que les cellules photovolta\u00efques. Il garantit une efficacit\u00e9 dans ces applications haut de gamme.<\/p>\n<p><strong>Usinabilit\u00e9<\/strong><\/p>\n<p>Le graphite est facile \u00e0 usiner et vous pouvez facilement le fa\u00e7onner, ce qui est id\u00e9al pour les formes complexes telles que les moules de forge, les \u00e9quipements de coul\u00e9e continue... En raison de la duret\u00e9 et de la structure du graphite, l'usinage sera effectu\u00e9 avec pr\u00e9cision.<\/p>\n<p><strong>Stabilit\u00e9 chimique<\/strong><\/p>\n<p>Ce graphite r\u00e9siste \u00e0 la perte destructive en cas d'attaque chimique. Il reste intact m\u00eame dans des conditions de stress. Si vous comptez sur la stabilit\u00e9 dans des conditions chimiquement agressives, c'est une machine \u00e0 laquelle vous pouvez faire confiance. Ses propri\u00e9t\u00e9s qualitatives contribuent \u00e0 la stabilit\u00e9 chimique.<\/p>\n<p><strong>Lubrification<\/strong><\/p>\n<p>De plus, le graphite \u00e0 grain fin constitue un bon lubrifiant. Il est applicable dans un domaine o\u00f9 la lubrification est n\u00e9cessaire \u00e0 des temp\u00e9ratures extr\u00eamement \u00e9lev\u00e9es. Cette caract\u00e9ristique est utile pour d\u00e9placer des composants expos\u00e9s \u00e0 la chaleur.<\/p>\n<h2>Applications :<\/h2>\n<h3>Photovolta\u00efque<\/h3>\n<p>Il est utilis\u00e9 dans l'industrie photovolta\u00efque. Il fait partie du processus de fabrication des panneaux solaires. Le graphite est un \u00e9l\u00e9ment id\u00e9al \u00e0 utiliser en raison de ses propri\u00e9t\u00e9s \u00e9lectriques.<\/p>\n<h3>Industrie m\u00e9tallurgique<\/h3>\n<p>Ce type de graphite est utilis\u00e9 dans divers proc\u00e9d\u00e9s par l'industrie m\u00e9tallurgique. Les moules de coul\u00e9e continue et de forge sont inclus dans le champ d'application de ce travail. Ce qui importe ici, c'est sa r\u00e9sistance \u00e0 la chaleur, sa duret\u00e9 et sa structure.<\/p>\n<h3>Four \u00e0 vide<\/h3>\n<p>Graphite \u00e0 grain fin dans un four \u00e0 vide. Cela est d\u00fb \u00e0 sa r\u00e9sistance \u00e0 la chaleur, \u00e0 sa duret\u00e9 et \u00e0 sa stabilit\u00e9 chimique, qui lui permettent de supporter les conditions extr\u00eames qui r\u00e8gnent \u00e0 l'int\u00e9rieur d'un four.<\/p>\n<h3>Coul\u00e9e continue<\/h3>\n<p>Les particules fines de graphite sont utilis\u00e9es pour former des m\u00e9taux dans des processus tels que le traitement continu des eaux us\u00e9es. <a href=\"https:\/\/en.wikipedia.org\/wiki\/Casting#:~:text=Casting%20is%20a%20manufacturing%20process,mold%20to%20complete%20the%20process.\" target=\"_blank\" rel=\"noopener\">coul\u00e9e<\/a>. Il poss\u00e8de toute la force et la r\u00e9sistance \u00e0 la chaleur n\u00e9cessaires pour manipuler le m\u00e9tal en fusion. La disposition et la duret\u00e9 du graphite jouent un r\u00f4le important dans ce processus.<\/p>\n<h3>Forge Moules EDM<\/h3>\n<p>Le graphite \u00e0 grain fin est souvent utilis\u00e9 dans l'\u00e9lectro\u00e9rosion. En raison de sa conductivit\u00e9 \u00e9lectrique, de son aptitude \u00e0 l'usinage et de sa duret\u00e9, il sert d'\u00e9lectrode.<\/p>\n<h3>\u00c9changeur de chaleur<\/h3>\n<p>Le graphite peut \u00eatre utilis\u00e9 dans les \u00e9changeurs de chaleur de l'industrie chimique. La chaleur du graphite <a href=\"https:\/\/jinsuncarbon.com\/fr\/produit-2\/echangeur-de-chaleur-bloc-de-graphite\/\">\u00e9changeur<\/a> est un type d'\u00e9quipement d'\u00e9change de chaleur compos\u00e9 d'un substrat de graphite, qui pr\u00e9sente une excellente r\u00e9sistance \u00e0 la corrosion, une r\u00e9sistance aux temp\u00e9ratures \u00e9lev\u00e9es et une conductivit\u00e9 thermique \u00e9lev\u00e9e, ce qui lui conf\u00e8re un large \u00e9ventail d'applications dans l'industrie chimique, p\u00e9trochimique, chimique du chlore et de la soude et dans d'autres domaines.<\/p>\n<p>Il est principalement utilis\u00e9 pour l'\u00e9change thermique de milieux corrosifs tels que l'acide chlorhydrique, l'acide sulfurique, l'acide ac\u00e9tique et l'acide phosphorique. En outre, il peut \u00eatre utilis\u00e9 comme <a href=\"https:\/\/www.britannica.com\/technology\/condenser-cooling-device#:~:text=condenser%2C%20device%20for%20reducing%20a,as%20ammonia%20and%20fluorinated%20hydrocarbons.\" target=\"_blank\" rel=\"noopener\">condenseur<\/a> pour l'acide ac\u00e9tique et l'anhydride ac\u00e9tique, etc. Il est largement utilis\u00e9 dans l'industrie chimique du chlore et de la soude, l'industrie p\u00e9trochimique, l'industrie des sels fluor\u00e9s, du dioxyde de titane, du zirconium, de l'acide chlorac\u00e9tique, de la paraffine chlor\u00e9e, du silicium monocristallin, de la fluorine et d'autres industries de production.<\/p>\n<h2>Cat\u00e9gories<\/h2>\n<p><strong>Graphite haute densit\u00e9 \u00e0 grain fin<\/strong><\/p>\n<p>Ce graphite de haute densit\u00e9 a une taille de particules inf\u00e9rieure \u00e0 20 microns. Il offre une r\u00e9sistance et une duret\u00e9 accrues. C'est la meilleure option si vous recherchez la robustesse et la r\u00e9sistance \u00e0 la pression.<\/p>\n<p><strong>Faible densit\u00e9\u00a0<\/strong><\/p>\n<p>Il est plus l\u00e9ger et plus facile \u00e0 usiner. Il est efficace lorsque vous n'avez pas besoin d'une r\u00e9sistance accrue. Il peut donc \u00eatre utilis\u00e9 pour des applications plus l\u00e9g\u00e8res n\u00e9cessitant une r\u00e9sistance \u00e0 la chaleur.<\/p>\n<p><strong>Graphite isostatique<\/strong><\/p>\n<p>Le graphite isostatique est un type de graphite \u00e0 grain fin. Il est fabriqu\u00e9 par le processus de pressage isostatique. Cela lui conf\u00e8re des caract\u00e9ristiques assez homog\u00e8nes. Le graphite isostatique est utilis\u00e9 dans des applications de pr\u00e9cision telles que les semi-conducteurs. Sa structure est presque sans compromis et uniforme, et c'est cette propri\u00e9t\u00e9 qui lui permet d'obtenir des r\u00e9sultats reproductibles et de haute efficacit\u00e9.<\/p>\n<p><strong>Graphite moul\u00e9 pour les vibrations<\/strong><\/p>\n<p>Une autre vari\u00e9t\u00e9 de graphite \u00e0 grain fin est le graphite moul\u00e9 par vibration. Il est produit par moulage par vibration. Le remplissage par vibration est la proc\u00e9dure qui permet de le rendre plus chaud et uniforme. Cette m\u00e9thode fonctionne lorsque vous avez besoin de force mais pas de l'uniformit\u00e9 du graphite isostatique. Le graphite moul\u00e9 par vibration a une duret\u00e9 et une structure qui se pr\u00eatent \u00e0 des applications industrielles g\u00e9n\u00e9rales.<\/p>","protected":false},"excerpt":{"rendered":"<p>Le graphite \u00e0 grain fin est un mat\u00e9riau graphiteux aux particules extr\u00eamement fines et d'une grande puret\u00e9. Il pr\u00e9sente d'excellentes performances dans les domaines de l'\u00e9lectronique, de la m\u00e9tallurgie, etc. En outre, les particules fines ont une pr\u00e9cision de traitement et une stabilit\u00e9 plus \u00e9lev\u00e9es.<\/p>\n<ul>\n<li>R\u00e9sistance (\u03bc\u03a9.m) : 8-11 \u03bc\u03a9-m<\/li>\n<li>Densit\u00e9 apparente (g\/cm\u00b3) : 1.72-1.85<\/li>\n<li>R\u00e9sistance \u00e0 la compression (Mpa) : 65<\/li>\n<li>R\u00e9sistance \u00e0 la flexion (Mpa) :  15-70<\/li>\n<li>Porosit\u00e9 (%) : 12% Max<\/li>\n<\/ul>","protected":false},"featured_media":6751,"template":"","meta":[],"product_brand":[],"product_cat":[67],"product_tag":[],"class_list":{"0":"post-6749","1":"product","2":"type-product","3":"status-publish","4":"has-post-thumbnail","6":"product_cat-graphite-material","8":"first","9":"instock","10":"shipping-taxable","11":"product-type-simple"},"yoast_head":"<!-- This site is optimized with the Yoast SEO Premium plugin v19.2.1 (Yoast SEO v25.3) - https:\/\/yoast.com\/wordpress\/plugins\/seo\/ -->\n<title>Fine Grain Graphite | Jinsun Carbon<\/title>\n<meta name=\"description\" content=\"Fine grain graphite is a graphite material with extremely fine particles and high purity. It exhibits excellent performance in the fields of electronics, metallurgy, etc.\" \/>\n<meta name=\"robots\" content=\"index, follow, max-snippet:-1, max-image-preview:large, max-video-preview:-1\" \/>\n<link rel=\"canonical\" href=\"https:\/\/jinsuncarbon.com\/fr\/produit-2\/graphite-a-grain-fin\/\" \/>\n<meta property=\"og:locale\" content=\"fr_FR\" \/>\n<meta property=\"og:type\" content=\"article\" \/>\n<meta property=\"og:title\" content=\"Fine Grain Graphite\" \/>\n<meta property=\"og:description\" content=\"Fine grain graphite is a graphite material with extremely fine particles and high purity. It exhibits excellent performance in the fields of electronics, metallurgy, etc.\" \/>\n<meta property=\"og:url\" content=\"https:\/\/jinsuncarbon.com\/fr\/produit-2\/graphite-a-grain-fin\/\" \/>\n<meta property=\"og:site_name\" content=\"Jinsun Carbon\" \/>\n<meta property=\"article:publisher\" content=\"https:\/\/www.facebook.com\/Graphite-Electrode-109336238661595\" \/>\n<meta property=\"article:modified_time\" content=\"2024-12-20T03:17:25+00:00\" \/>\n<meta property=\"og:image\" content=\"https:\/\/jinsuncarbon.com\/wp-content\/uploads\/2024\/11\/Fine-Grain-Graphite-1.jpg\" \/>\n\t<meta property=\"og:image:width\" content=\"1024\" \/>\n\t<meta property=\"og:image:height\" content=\"763\" \/>\n\t<meta property=\"og:image:type\" content=\"image\/jpeg\" \/>\n<meta name=\"twitter:card\" content=\"summary_large_image\" \/>\n<meta name=\"twitter:site\" content=\"@jinsuncarbon_\" \/>\n<meta name=\"twitter:label1\" content=\"Dur\u00e9e de lecture estim\u00e9e\" \/>\n\t<meta name=\"twitter:data1\" content=\"4 minutes\" \/>\n<script type=\"application\/ld+json\" class=\"yoast-schema-graph\">{\"@context\":\"https:\/\/schema.org\",\"@graph\":[{\"@type\":\"WebPage\",\"@id\":\"https:\/\/jinsuncarbon.com\/product\/fine-grain-graphite\/\",\"url\":\"https:\/\/jinsuncarbon.com\/product\/fine-grain-graphite\/\",\"name\":\"Fine Grain Graphite | Jinsun Carbon\",\"isPartOf\":{\"@id\":\"https:\/\/jinsuncarbon.com\/#website\"},\"primaryImageOfPage\":{\"@id\":\"https:\/\/jinsuncarbon.com\/product\/fine-grain-graphite\/#primaryimage\"},\"image\":{\"@id\":\"https:\/\/jinsuncarbon.com\/product\/fine-grain-graphite\/#primaryimage\"},\"thumbnailUrl\":\"https:\/\/jinsuncarbon.com\/wp-content\/uploads\/2024\/11\/Fine-Grain-Graphite-1.jpg\",\"datePublished\":\"2024-11-23T11:38:24+00:00\",\"dateModified\":\"2024-12-20T03:17:25+00:00\",\"description\":\"Fine grain graphite is a graphite material with extremely fine particles and high purity. It exhibits excellent performance in the fields of electronics, metallurgy, etc.\",\"breadcrumb\":{\"@id\":\"https:\/\/jinsuncarbon.com\/product\/fine-grain-graphite\/#breadcrumb\"},\"inLanguage\":\"fr-FR\",\"potentialAction\":[{\"@type\":\"ReadAction\",\"target\":[\"https:\/\/jinsuncarbon.com\/product\/fine-grain-graphite\/\"]}]},{\"@type\":\"ImageObject\",\"inLanguage\":\"fr-FR\",\"@id\":\"https:\/\/jinsuncarbon.com\/product\/fine-grain-graphite\/#primaryimage\",\"url\":\"https:\/\/jinsuncarbon.com\/wp-content\/uploads\/2024\/11\/Fine-Grain-Graphite-1.jpg\",\"contentUrl\":\"https:\/\/jinsuncarbon.com\/wp-content\/uploads\/2024\/11\/Fine-Grain-Graphite-1.jpg\",\"width\":1024,\"height\":763,\"caption\":\"Fine Grain Graphite\"},{\"@type\":\"BreadcrumbList\",\"@id\":\"https:\/\/jinsuncarbon.com\/product\/fine-grain-graphite\/#breadcrumb\",\"itemListElement\":[{\"@type\":\"ListItem\",\"position\":1,\"name\":\"Home\",\"item\":\"https:\/\/jinsuncarbon.com\/\"},{\"@type\":\"ListItem\",\"position\":2,\"name\":\"Products\",\"item\":\"https:\/\/jinsuncarbon.com\/graphite-carbon\/\"},{\"@type\":\"ListItem\",\"position\":3,\"name\":\"Fine Grain Graphite\"}]},{\"@type\":\"WebSite\",\"@id\":\"https:\/\/jinsuncarbon.com\/#website\",\"url\":\"https:\/\/jinsuncarbon.com\/\",\"name\":\"Jinsun Carbon\",\"description\":\"We are the successful graphite electrode manufacturer in China\",\"publisher\":{\"@id\":\"https:\/\/jinsuncarbon.com\/#organization\"},\"potentialAction\":[{\"@type\":\"SearchAction\",\"target\":{\"@type\":\"EntryPoint\",\"urlTemplate\":\"https:\/\/jinsuncarbon.com\/?s={search_term_string}\"},\"query-input\":{\"@type\":\"PropertyValueSpecification\",\"valueRequired\":true,\"valueName\":\"search_term_string\"}}],\"inLanguage\":\"fr-FR\"},{\"@type\":\"Organization\",\"@id\":\"https:\/\/jinsuncarbon.com\/#organization\",\"name\":\"Jinsun Carbon\",\"alternateName\":\"Jinsun Carbon\",\"url\":\"https:\/\/jinsuncarbon.com\/\",\"logo\":{\"@type\":\"ImageObject\",\"inLanguage\":\"fr-FR\",\"@id\":\"https:\/\/jinsuncarbon.com\/#\/schema\/logo\/image\/\",\"url\":\"https:\/\/jinsuncarbon.com\/wp-content\/uploads\/2022\/12\/LOGO-1.png\",\"contentUrl\":\"https:\/\/jinsuncarbon.com\/wp-content\/uploads\/2022\/12\/LOGO-1.png\",\"width\":207,\"height\":80,\"caption\":\"Jinsun Carbon\"},\"image\":{\"@id\":\"https:\/\/jinsuncarbon.com\/#\/schema\/logo\/image\/\"},\"sameAs\":[\"https:\/\/www.facebook.com\/Graphite-Electrode-109336238661595\",\"https:\/\/x.com\/jinsuncarbon_\",\"https:\/\/www.linkedin.com\/in\/jinsungraphite\",\"https:\/\/www.youtube.com\/channel\/UCysDNyvyR5-3cCWEmpkVC0g\"]}]}<\/script>\n<!-- \/ Yoast SEO Premium plugin. -->","yoast_head_json":{"title":"Graphite \u00e0 grain fin | Jinsun Carbon","description":"Le graphite \u00e0 grain fin est un mat\u00e9riau graphiteux aux particules extr\u00eamement fines et d'une grande puret\u00e9. Il pr\u00e9sente d'excellentes performances dans les domaines de l'\u00e9lectronique, de la m\u00e9tallurgie, etc.","robots":{"index":"index","follow":"follow","max-snippet":"max-snippet:-1","max-image-preview":"max-image-preview:large","max-video-preview":"max-video-preview:-1"},"canonical":"https:\/\/jinsuncarbon.com\/fr\/produit-2\/graphite-a-grain-fin\/","og_locale":"fr_FR","og_type":"article","og_title":"Fine Grain Graphite","og_description":"Fine grain graphite is a graphite material with extremely fine particles and high purity. It exhibits excellent performance in the fields of electronics, metallurgy, etc.","og_url":"https:\/\/jinsuncarbon.com\/fr\/produit-2\/graphite-a-grain-fin\/","og_site_name":"Jinsun Carbon","article_publisher":"https:\/\/www.facebook.com\/Graphite-Electrode-109336238661595","article_modified_time":"2024-12-20T03:17:25+00:00","og_image":[{"width":1024,"height":763,"url":"https:\/\/jinsuncarbon.com\/wp-content\/uploads\/2024\/11\/Fine-Grain-Graphite-1.jpg","type":"image\/jpeg"}],"twitter_card":"summary_large_image","twitter_site":"@jinsuncarbon_","twitter_misc":{"Dur\u00e9e de lecture estim\u00e9e":"4 minutes"},"schema":{"@context":"https:\/\/schema.org","@graph":[{"@type":"WebPage","@id":"https:\/\/jinsuncarbon.com\/product\/fine-grain-graphite\/","url":"https:\/\/jinsuncarbon.com\/product\/fine-grain-graphite\/","name":"Graphite \u00e0 grain fin | Jinsun Carbon","isPartOf":{"@id":"https:\/\/jinsuncarbon.com\/#website"},"primaryImageOfPage":{"@id":"https:\/\/jinsuncarbon.com\/product\/fine-grain-graphite\/#primaryimage"},"image":{"@id":"https:\/\/jinsuncarbon.com\/product\/fine-grain-graphite\/#primaryimage"},"thumbnailUrl":"https:\/\/jinsuncarbon.com\/wp-content\/uploads\/2024\/11\/Fine-Grain-Graphite-1.jpg","datePublished":"2024-11-23T11:38:24+00:00","dateModified":"2024-12-20T03:17:25+00:00","description":"Le graphite \u00e0 grain fin est un mat\u00e9riau graphiteux aux particules extr\u00eamement fines et d'une grande puret\u00e9. Il pr\u00e9sente d'excellentes performances dans les domaines de l'\u00e9lectronique, de la m\u00e9tallurgie, etc.","breadcrumb":{"@id":"https:\/\/jinsuncarbon.com\/product\/fine-grain-graphite\/#breadcrumb"},"inLanguage":"fr-FR","potentialAction":[{"@type":"ReadAction","target":["https:\/\/jinsuncarbon.com\/product\/fine-grain-graphite\/"]}]},{"@type":"ImageObject","inLanguage":"fr-FR","@id":"https:\/\/jinsuncarbon.com\/product\/fine-grain-graphite\/#primaryimage","url":"https:\/\/jinsuncarbon.com\/wp-content\/uploads\/2024\/11\/Fine-Grain-Graphite-1.jpg","contentUrl":"https:\/\/jinsuncarbon.com\/wp-content\/uploads\/2024\/11\/Fine-Grain-Graphite-1.jpg","width":1024,"height":763,"caption":"Fine Grain Graphite"},{"@type":"BreadcrumbList","@id":"https:\/\/jinsuncarbon.com\/product\/fine-grain-graphite\/#breadcrumb","itemListElement":[{"@type":"ListItem","position":1,"name":"Home","item":"https:\/\/jinsuncarbon.com\/"},{"@type":"ListItem","position":2,"name":"Products","item":"https:\/\/jinsuncarbon.com\/graphite-carbon\/"},{"@type":"ListItem","position":3,"name":"Fine Grain Graphite"}]},{"@type":"WebSite","@id":"https:\/\/jinsuncarbon.com\/#website","url":"https:\/\/jinsuncarbon.com\/","name":"Jinsun Carbon","description":"Nous sommes le fabricant d'\u00e9lectrodes en graphite le plus performant de Chine.","publisher":{"@id":"https:\/\/jinsuncarbon.com\/#organization"},"potentialAction":[{"@type":"SearchAction","target":{"@type":"EntryPoint","urlTemplate":"https:\/\/jinsuncarbon.com\/?s={search_term_string}"},"query-input":{"@type":"PropertyValueSpecification","valueRequired":true,"valueName":"search_term_string"}}],"inLanguage":"fr-FR"},{"@type":"Organization","@id":"https:\/\/jinsuncarbon.com\/#organization","name":"Jinsun Carbon","alternateName":"Jinsun Carbon","url":"https:\/\/jinsuncarbon.com\/","logo":{"@type":"ImageObject","inLanguage":"fr-FR","@id":"https:\/\/jinsuncarbon.com\/#\/schema\/logo\/image\/","url":"https:\/\/jinsuncarbon.com\/wp-content\/uploads\/2022\/12\/LOGO-1.png","contentUrl":"https:\/\/jinsuncarbon.com\/wp-content\/uploads\/2022\/12\/LOGO-1.png","width":207,"height":80,"caption":"Jinsun Carbon"},"image":{"@id":"https:\/\/jinsuncarbon.com\/#\/schema\/logo\/image\/"},"sameAs":["https:\/\/www.facebook.com\/Graphite-Electrode-109336238661595","https:\/\/x.com\/jinsuncarbon_","https:\/\/www.linkedin.com\/in\/jinsungraphite","https:\/\/www.youtube.com\/channel\/UCysDNyvyR5-3cCWEmpkVC0g"]}]}},"_links":{"self":[{"href":"https:\/\/jinsuncarbon.com\/fr\/wp-json\/wp\/v2\/product\/6749","targetHints":{"allow":["GET"]}}],"collection":[{"href":"https:\/\/jinsuncarbon.com\/fr\/wp-json\/wp\/v2\/product"}],"about":[{"href":"https:\/\/jinsuncarbon.com\/fr\/wp-json\/wp\/v2\/types\/product"}],"wp:featuredmedia":[{"embeddable":true,"href":"https:\/\/jinsuncarbon.com\/fr\/wp-json\/wp\/v2\/media\/6751"}],"wp:attachment":[{"href":"https:\/\/jinsuncarbon.com\/fr\/wp-json\/wp\/v2\/media?parent=6749"}],"wp:term":[{"taxonomy":"product_brand","embeddable":true,"href":"https:\/\/jinsuncarbon.com\/fr\/wp-json\/wp\/v2\/product_brand?post=6749"},{"taxonomy":"product_cat","embeddable":true,"href":"https:\/\/jinsuncarbon.com\/fr\/wp-json\/wp\/v2\/product_cat?post=6749"},{"taxonomy":"product_tag","embeddable":true,"href":"https:\/\/jinsuncarbon.com\/fr\/wp-json\/wp\/v2\/product_tag?post=6749"}],"curies":[{"name":"wp","href":"https:\/\/api.w.org\/{rel}","templated":true}]}}