{"id":6692,"date":"2024-11-18T00:55:20","date_gmt":"2024-11-18T00:55:20","guid":{"rendered":"https:\/\/jinsuncarbon.com\/?post_type=product&#038;p=6692"},"modified":"2024-11-18T00:55:21","modified_gmt":"2024-11-18T00:55:21","slug":"plaque-de-graphite-isomoulee","status":"publish","type":"product","link":"https:\/\/jinsuncarbon.com\/fr\/produit-2\/plaque-de-graphite-isomoulee\/","title":{"rendered":"Plaque de graphite isomoul\u00e9e"},"content":{"rendered":"<h2>Processus de production<\/h2>\n<p>La poudre de graphite est introduite dans un moule flexible, plac\u00e9 dans un conteneur \u00e0 haute pression et soumis \u00e0 une pression isotrope uniforme par l'interm\u00e9diaire d'un milieu liquide. La pression compacte les particules de poudre dans toutes les directions, puis forme une plaque de graphite apr\u00e8s un traitement ult\u00e9rieur tel que le frittage \u00e0 haute temp\u00e9rature.<\/p>\n<h2>Caract\u00e9ristiques structurelles d'une plaque de graphite isomoul\u00e9e<\/h2>\n<p><strong>Isotrope :<\/strong><br \/>\nPar rapport aux mat\u00e9riaux en graphite traditionnels, les plaques de graphite isomoul\u00e9es pr\u00e9sentent moins de diff\u00e9rences de propri\u00e9t\u00e9s physiques et chimiques dans diff\u00e9rentes directions. Par exemple, leur densit\u00e9, leur duret\u00e9, leur conductivit\u00e9 \u00e9lectrique et leur conductivit\u00e9 thermique sont plus uniformes dans toutes les directions, ce qui rend leurs performances plus stables et plus fiables pendant leur utilisation.<br \/>\n<strong>Grande puret\u00e9 :<\/strong><br \/>\nLes plaques de graphite sp\u00e9cialement form\u00e9es sont g\u00e9n\u00e9ralement d'une plus grande puret\u00e9 et d'une teneur en impuret\u00e9s plus faible, ce qui permet d'am\u00e9liorer leurs performances dans des environnements difficiles tels que les temp\u00e9ratures \u00e9lev\u00e9es et la forte corrosion.<br \/>\n<strong>Organisation uniforme :<\/strong> L'organisation de la plaque de graphite de forme sp\u00e9ciale est uniforme, et la distribution interne des pores est relativement uniforme, ce qui permet d'am\u00e9liorer la r\u00e9sistance globale et d'autres propri\u00e9t\u00e9s.<\/p>\n<h2>Domaines d'application industrielle<\/h2>\n<p><strong>- Fabrication de semi-conducteurs :<\/strong> Dans l'industrie des semi-conducteurs, les plaques de graphite isomoul\u00e9 sont largement utilis\u00e9es pour fabriquer des r\u00e9chauffeurs, des couvercles d'isolation, des \u00e9lectrodes et d'autres composants des fours \u00e0 silicium monocristallin. En raison de sa grande puret\u00e9, de son isotropie et de ses bonnes propri\u00e9t\u00e9s thermiques. Elles peuvent mieux r\u00e9pondre aux exigences de haute pr\u00e9cision et de haute stabilit\u00e9 des fours \u00e0 silicium monocristallin. <a href=\"https:\/\/en.wikipedia.org\/wiki\/Semiconductor\" target=\"_blank\" rel=\"noopener\">semi-conducteur<\/a> les processus de fabrication.<\/p>\n<p><strong>- Usinage par \u00e9tincelage :<\/strong> En tant que mat\u00e9riau d'\u00e9lectrode pour l'usinage par \u00e9tincelage, les plaques de graphite press\u00e9es isostatiquement pr\u00e9sentent une bonne conductivit\u00e9 et une bonne r\u00e9sistance \u00e0 la corrosion. Elles peuvent \u00e9liminer avec pr\u00e9cision les mat\u00e9riaux m\u00e9talliques au cours du processus d'usinage et fabriquer des pi\u00e8ces de rechange. <a href=\"https:\/\/jinsuncarbon.com\/fr\/produit-2\/moule-en-graphite\/\">moules<\/a> et des composants aux formes complexes.<\/p>\n<p><strong>- Industrie de l'\u00e9lectrolyse :<\/strong> Ils peuvent \u00eatre utilis\u00e9s comme anodes dans les cellules \u00e9lectrolytiques pour am\u00e9liorer l'efficacit\u00e9 de l'\u00e9lectrolyse. Dans les environnements d'\u00e9lectrolyse acide-base \u00e0 haute temp\u00e9rature et hautement corrosifs, ils conservent un taux d'oxydation lent et conduisent efficacement le courant.<\/p>\n<p><strong>- Fabrication de verre :<\/strong> Dans les fours de fusion du verre, les plaques de graphite isomoul\u00e9es peuvent jouer le r\u00f4le de <a href=\"https:\/\/jinsuncarbon.com\/fr\/produit-2\/element-chauffant-en-graphite\/\">\u00e9l\u00e9ments chauffants<\/a> ou <a href=\"https:\/\/jinsuncarbon.com\/fr\/produit-2\/revetement-de-four-en-graphite\/\">doublure<\/a> mat\u00e9riaux. Sa r\u00e9sistance aux temp\u00e9ratures \u00e9lev\u00e9es et sa stabilit\u00e9 chimique lui permettent de supporter les temp\u00e9ratures \u00e9lev\u00e9es et les substances corrosives dans le processus de fusion du verre.<\/p>\n<p>&nbsp;<\/p>\n<h2>Pourquoi choisir les plaques de graphite isomoul\u00e9es JINSUN ?<\/h2>\n<p><strong>Bonne conductivit\u00e9 \u00e9lectrique :<\/strong><br \/>\nNos plaques de graphite ont une excellente conductivit\u00e9 \u00e9lectrique et une faible r\u00e9sistivit\u00e9. Elles peuvent \u00eatre utilis\u00e9es dans les \u00e9quipements et circuits \u00e9lectriques qui n\u00e9cessitent une conductivit\u00e9 \u00e9lectrique efficace, comme les mat\u00e9riaux d'\u00e9lectrodes.<\/p>\n<p><strong>Conductivit\u00e9 thermique \u00e9lev\u00e9e :<\/strong><br \/>\nIl peut conduire rapidement la chaleur et pr\u00e9sente de grands avantages dans les applications qui n\u00e9cessitent une dissipation efficace de la chaleur, comme les dissipateurs de chaleur. Par exemple, comme composant de dissipation de la chaleur dans certains \u00e9quipements \u00e9lectroniques. Il peut r\u00e9duire efficacement la temp\u00e9rature de l'\u00e9quipement et am\u00e9liorer la stabilit\u00e9 et la dur\u00e9e de vie de l'\u00e9quipement.<\/p>\n<p><strong>R\u00e9sistance aux hautes temp\u00e9ratures :<\/strong><br \/>\nLes plaques de graphite press\u00e9es isostatiquement peuvent fonctionner de mani\u00e8re stable dans des environnements \u00e0 haute temp\u00e9rature et r\u00e9sister \u00e0 des temp\u00e9ratures extr\u00eamement \u00e9lev\u00e9es (jusqu'\u00e0 plusieurs milliers de degr\u00e9s Celsius). Elles conviennent aux domaines industriels \u00e0 haute temp\u00e9rature tels que les fours \u00e0 haute temp\u00e9rature, la m\u00e9tallurgie et la fabrication du verre.<\/p>\n<p><strong>Stabilit\u00e9 chimique :<\/strong><br \/>\nElles pr\u00e9sentent une bonne tol\u00e9rance \u00e0 la plupart des produits chimiques et fonctionnent de mani\u00e8re stable dans des environnements corrosifs tels que les acides forts et les alcalis. Par cons\u00e9quent, nos plaques de graphite isomoul\u00e9es conviennent parfaitement aux produits chimiques, <a href=\"https:\/\/en.wikipedia.org\/wiki\/Electroplating\" target=\"_blank\" rel=\"noopener\">galvanoplastie<\/a> et d'autres industries.<\/p>\n<p><strong>Bonnes propri\u00e9t\u00e9s m\u00e9caniques :<\/strong><\/p>\n<p>Nos plaques de graphite isomoul\u00e9es ont une r\u00e9sistance \u00e9lev\u00e9e et une bonne t\u00e9nacit\u00e9, et ne sont pas faciles \u00e0 casser ou \u00e0 endommager. Elles peuvent conserver leur int\u00e9grit\u00e9 structurelle m\u00eame sous certaines contraintes m\u00e9caniques.<\/p>","protected":false},"excerpt":{"rendered":"<p>La plaque de graphite isomoul\u00e9e est un mat\u00e9riau en graphite fabriqu\u00e9 par pressage isostatique. Il est largement utilis\u00e9 dans le domaine des mat\u00e9riaux industriels en raison de ses excellentes performances et de sa large application. Notre graphite r\u00e9pond aux besoins industriels les plus exigeants gr\u00e2ce \u00e0 ses caract\u00e9ristiques isotropes, de haute densit\u00e9 et de haute r\u00e9sistance.<\/p>","protected":false},"featured_media":6693,"template":"","meta":[],"product_brand":[],"product_cat":[38],"product_tag":[],"class_list":{"0":"post-6692","1":"product","2":"type-product","3":"status-publish","4":"has-post-thumbnail","6":"product_cat-graphite-products","8":"first","9":"instock","10":"shipping-taxable","11":"product-type-simple"},"yoast_head":"<!-- This site is optimized with the Yoast SEO Premium plugin v19.2.1 (Yoast SEO v25.3) - https:\/\/yoast.com\/wordpress\/plugins\/seo\/ -->\n<title>Isomolded Graphite Plate | Jinsun Carbon<\/title>\n<meta name=\"description\" content=\"Isomolded graphite plate is widely used in the field of industrial materials with its excellent performance and wide application.\" \/>\n<meta name=\"robots\" content=\"index, follow, max-snippet:-1, max-image-preview:large, max-video-preview:-1\" \/>\n<link rel=\"canonical\" href=\"https:\/\/jinsuncarbon.com\/fr\/produit-2\/plaque-de-graphite-isomoulee\/\" \/>\n<meta property=\"og:locale\" content=\"fr_FR\" \/>\n<meta property=\"og:type\" content=\"article\" \/>\n<meta property=\"og:title\" content=\"Isomolded Graphite Plate\" \/>\n<meta property=\"og:description\" content=\"Isomolded graphite plate is widely used in the field of industrial materials with its excellent performance and wide application.\" \/>\n<meta property=\"og:url\" content=\"https:\/\/jinsuncarbon.com\/fr\/produit-2\/plaque-de-graphite-isomoulee\/\" \/>\n<meta property=\"og:site_name\" content=\"Jinsun Carbon\" \/>\n<meta property=\"article:publisher\" content=\"https:\/\/www.facebook.com\/Graphite-Electrode-109336238661595\" \/>\n<meta property=\"article:modified_time\" content=\"2024-11-18T00:55:21+00:00\" \/>\n<meta property=\"og:image\" content=\"https:\/\/jinsuncarbon.com\/wp-content\/uploads\/2024\/11\/Isomolded-Graphite-Plate.jpg\" \/>\n\t<meta property=\"og:image:width\" content=\"1024\" \/>\n\t<meta property=\"og:image:height\" content=\"763\" \/>\n\t<meta property=\"og:image:type\" content=\"image\/jpeg\" \/>\n<meta name=\"twitter:card\" content=\"summary_large_image\" \/>\n<meta name=\"twitter:site\" content=\"@jinsuncarbon_\" \/>\n<meta name=\"twitter:label1\" content=\"Dur\u00e9e de lecture estim\u00e9e\" \/>\n\t<meta name=\"twitter:data1\" content=\"3 minutes\" \/>\n<script type=\"application\/ld+json\" class=\"yoast-schema-graph\">{\"@context\":\"https:\/\/schema.org\",\"@graph\":[{\"@type\":\"WebPage\",\"@id\":\"https:\/\/jinsuncarbon.com\/product\/isomolded-graphite-plate\/\",\"url\":\"https:\/\/jinsuncarbon.com\/product\/isomolded-graphite-plate\/\",\"name\":\"Isomolded Graphite Plate | Jinsun Carbon\",\"isPartOf\":{\"@id\":\"https:\/\/jinsuncarbon.com\/#website\"},\"primaryImageOfPage\":{\"@id\":\"https:\/\/jinsuncarbon.com\/product\/isomolded-graphite-plate\/#primaryimage\"},\"image\":{\"@id\":\"https:\/\/jinsuncarbon.com\/product\/isomolded-graphite-plate\/#primaryimage\"},\"thumbnailUrl\":\"https:\/\/jinsuncarbon.com\/wp-content\/uploads\/2024\/11\/Isomolded-Graphite-Plate.jpg\",\"datePublished\":\"2024-11-18T00:55:20+00:00\",\"dateModified\":\"2024-11-18T00:55:21+00:00\",\"description\":\"Isomolded graphite plate is widely used in the field of industrial materials with its excellent performance and wide application.\",\"breadcrumb\":{\"@id\":\"https:\/\/jinsuncarbon.com\/product\/isomolded-graphite-plate\/#breadcrumb\"},\"inLanguage\":\"fr-FR\",\"potentialAction\":[{\"@type\":\"ReadAction\",\"target\":[\"https:\/\/jinsuncarbon.com\/product\/isomolded-graphite-plate\/\"]}]},{\"@type\":\"ImageObject\",\"inLanguage\":\"fr-FR\",\"@id\":\"https:\/\/jinsuncarbon.com\/product\/isomolded-graphite-plate\/#primaryimage\",\"url\":\"https:\/\/jinsuncarbon.com\/wp-content\/uploads\/2024\/11\/Isomolded-Graphite-Plate.jpg\",\"contentUrl\":\"https:\/\/jinsuncarbon.com\/wp-content\/uploads\/2024\/11\/Isomolded-Graphite-Plate.jpg\",\"width\":1024,\"height\":763,\"caption\":\"Isomolded Graphite Plate | Jinsuncarbon\"},{\"@type\":\"BreadcrumbList\",\"@id\":\"https:\/\/jinsuncarbon.com\/product\/isomolded-graphite-plate\/#breadcrumb\",\"itemListElement\":[{\"@type\":\"ListItem\",\"position\":1,\"name\":\"Home\",\"item\":\"https:\/\/jinsuncarbon.com\/\"},{\"@type\":\"ListItem\",\"position\":2,\"name\":\"Products\",\"item\":\"https:\/\/jinsuncarbon.com\/graphite-carbon\/\"},{\"@type\":\"ListItem\",\"position\":3,\"name\":\"Isomolded Graphite Plate\"}]},{\"@type\":\"WebSite\",\"@id\":\"https:\/\/jinsuncarbon.com\/#website\",\"url\":\"https:\/\/jinsuncarbon.com\/\",\"name\":\"Jinsun Carbon\",\"description\":\"We are the successful graphite electrode manufacturer in China\",\"publisher\":{\"@id\":\"https:\/\/jinsuncarbon.com\/#organization\"},\"potentialAction\":[{\"@type\":\"SearchAction\",\"target\":{\"@type\":\"EntryPoint\",\"urlTemplate\":\"https:\/\/jinsuncarbon.com\/?s={search_term_string}\"},\"query-input\":{\"@type\":\"PropertyValueSpecification\",\"valueRequired\":true,\"valueName\":\"search_term_string\"}}],\"inLanguage\":\"fr-FR\"},{\"@type\":\"Organization\",\"@id\":\"https:\/\/jinsuncarbon.com\/#organization\",\"name\":\"Jinsun Carbon\",\"alternateName\":\"Jinsun Carbon\",\"url\":\"https:\/\/jinsuncarbon.com\/\",\"logo\":{\"@type\":\"ImageObject\",\"inLanguage\":\"fr-FR\",\"@id\":\"https:\/\/jinsuncarbon.com\/#\/schema\/logo\/image\/\",\"url\":\"https:\/\/jinsuncarbon.com\/wp-content\/uploads\/2022\/12\/LOGO-1.png\",\"contentUrl\":\"https:\/\/jinsuncarbon.com\/wp-content\/uploads\/2022\/12\/LOGO-1.png\",\"width\":207,\"height\":80,\"caption\":\"Jinsun Carbon\"},\"image\":{\"@id\":\"https:\/\/jinsuncarbon.com\/#\/schema\/logo\/image\/\"},\"sameAs\":[\"https:\/\/www.facebook.com\/Graphite-Electrode-109336238661595\",\"https:\/\/x.com\/jinsuncarbon_\",\"https:\/\/www.linkedin.com\/in\/jinsungraphite\",\"https:\/\/www.youtube.com\/channel\/UCysDNyvyR5-3cCWEmpkVC0g\"]}]}<\/script>\n<!-- \/ Yoast SEO Premium plugin. -->","yoast_head_json":{"title":"Plaque de graphite isomoul\u00e9e | Jinsun Carbon","description":"Les plaques de graphite isomoul\u00e9es sont largement utilis\u00e9es dans le domaine des mat\u00e9riaux industriels en raison de leurs excellentes performances et de leur large champ d'application.","robots":{"index":"index","follow":"follow","max-snippet":"max-snippet:-1","max-image-preview":"max-image-preview:large","max-video-preview":"max-video-preview:-1"},"canonical":"https:\/\/jinsuncarbon.com\/fr\/produit-2\/plaque-de-graphite-isomoulee\/","og_locale":"fr_FR","og_type":"article","og_title":"Isomolded Graphite Plate","og_description":"Isomolded graphite plate is widely used in the field of industrial materials with its excellent performance and wide application.","og_url":"https:\/\/jinsuncarbon.com\/fr\/produit-2\/plaque-de-graphite-isomoulee\/","og_site_name":"Jinsun Carbon","article_publisher":"https:\/\/www.facebook.com\/Graphite-Electrode-109336238661595","article_modified_time":"2024-11-18T00:55:21+00:00","og_image":[{"width":1024,"height":763,"url":"https:\/\/jinsuncarbon.com\/wp-content\/uploads\/2024\/11\/Isomolded-Graphite-Plate.jpg","type":"image\/jpeg"}],"twitter_card":"summary_large_image","twitter_site":"@jinsuncarbon_","twitter_misc":{"Dur\u00e9e de lecture estim\u00e9e":"3 minutes"},"schema":{"@context":"https:\/\/schema.org","@graph":[{"@type":"WebPage","@id":"https:\/\/jinsuncarbon.com\/product\/isomolded-graphite-plate\/","url":"https:\/\/jinsuncarbon.com\/product\/isomolded-graphite-plate\/","name":"Plaque de graphite isomoul\u00e9e | Jinsun Carbon","isPartOf":{"@id":"https:\/\/jinsuncarbon.com\/#website"},"primaryImageOfPage":{"@id":"https:\/\/jinsuncarbon.com\/product\/isomolded-graphite-plate\/#primaryimage"},"image":{"@id":"https:\/\/jinsuncarbon.com\/product\/isomolded-graphite-plate\/#primaryimage"},"thumbnailUrl":"https:\/\/jinsuncarbon.com\/wp-content\/uploads\/2024\/11\/Isomolded-Graphite-Plate.jpg","datePublished":"2024-11-18T00:55:20+00:00","dateModified":"2024-11-18T00:55:21+00:00","description":"Les plaques de graphite isomoul\u00e9es sont largement utilis\u00e9es dans le domaine des mat\u00e9riaux industriels en raison de leurs excellentes performances et de leur large champ d'application.","breadcrumb":{"@id":"https:\/\/jinsuncarbon.com\/product\/isomolded-graphite-plate\/#breadcrumb"},"inLanguage":"fr-FR","potentialAction":[{"@type":"ReadAction","target":["https:\/\/jinsuncarbon.com\/product\/isomolded-graphite-plate\/"]}]},{"@type":"ImageObject","inLanguage":"fr-FR","@id":"https:\/\/jinsuncarbon.com\/product\/isomolded-graphite-plate\/#primaryimage","url":"https:\/\/jinsuncarbon.com\/wp-content\/uploads\/2024\/11\/Isomolded-Graphite-Plate.jpg","contentUrl":"https:\/\/jinsuncarbon.com\/wp-content\/uploads\/2024\/11\/Isomolded-Graphite-Plate.jpg","width":1024,"height":763,"caption":"Isomolded Graphite Plate | Jinsuncarbon"},{"@type":"BreadcrumbList","@id":"https:\/\/jinsuncarbon.com\/product\/isomolded-graphite-plate\/#breadcrumb","itemListElement":[{"@type":"ListItem","position":1,"name":"Home","item":"https:\/\/jinsuncarbon.com\/"},{"@type":"ListItem","position":2,"name":"Products","item":"https:\/\/jinsuncarbon.com\/graphite-carbon\/"},{"@type":"ListItem","position":3,"name":"Isomolded Graphite Plate"}]},{"@type":"WebSite","@id":"https:\/\/jinsuncarbon.com\/#website","url":"https:\/\/jinsuncarbon.com\/","name":"Jinsun Carbon","description":"Nous sommes le fabricant d'\u00e9lectrodes en graphite le plus performant de Chine.","publisher":{"@id":"https:\/\/jinsuncarbon.com\/#organization"},"potentialAction":[{"@type":"SearchAction","target":{"@type":"EntryPoint","urlTemplate":"https:\/\/jinsuncarbon.com\/?s={search_term_string}"},"query-input":{"@type":"PropertyValueSpecification","valueRequired":true,"valueName":"search_term_string"}}],"inLanguage":"fr-FR"},{"@type":"Organization","@id":"https:\/\/jinsuncarbon.com\/#organization","name":"Jinsun Carbon","alternateName":"Jinsun Carbon","url":"https:\/\/jinsuncarbon.com\/","logo":{"@type":"ImageObject","inLanguage":"fr-FR","@id":"https:\/\/jinsuncarbon.com\/#\/schema\/logo\/image\/","url":"https:\/\/jinsuncarbon.com\/wp-content\/uploads\/2022\/12\/LOGO-1.png","contentUrl":"https:\/\/jinsuncarbon.com\/wp-content\/uploads\/2022\/12\/LOGO-1.png","width":207,"height":80,"caption":"Jinsun Carbon"},"image":{"@id":"https:\/\/jinsuncarbon.com\/#\/schema\/logo\/image\/"},"sameAs":["https:\/\/www.facebook.com\/Graphite-Electrode-109336238661595","https:\/\/x.com\/jinsuncarbon_","https:\/\/www.linkedin.com\/in\/jinsungraphite","https:\/\/www.youtube.com\/channel\/UCysDNyvyR5-3cCWEmpkVC0g"]}]}},"_links":{"self":[{"href":"https:\/\/jinsuncarbon.com\/fr\/wp-json\/wp\/v2\/product\/6692","targetHints":{"allow":["GET"]}}],"collection":[{"href":"https:\/\/jinsuncarbon.com\/fr\/wp-json\/wp\/v2\/product"}],"about":[{"href":"https:\/\/jinsuncarbon.com\/fr\/wp-json\/wp\/v2\/types\/product"}],"wp:featuredmedia":[{"embeddable":true,"href":"https:\/\/jinsuncarbon.com\/fr\/wp-json\/wp\/v2\/media\/6693"}],"wp:attachment":[{"href":"https:\/\/jinsuncarbon.com\/fr\/wp-json\/wp\/v2\/media?parent=6692"}],"wp:term":[{"taxonomy":"product_brand","embeddable":true,"href":"https:\/\/jinsuncarbon.com\/fr\/wp-json\/wp\/v2\/product_brand?post=6692"},{"taxonomy":"product_cat","embeddable":true,"href":"https:\/\/jinsuncarbon.com\/fr\/wp-json\/wp\/v2\/product_cat?post=6692"},{"taxonomy":"product_tag","embeddable":true,"href":"https:\/\/jinsuncarbon.com\/fr\/wp-json\/wp\/v2\/product_tag?post=6692"}],"curies":[{"name":"wp","href":"https:\/\/api.w.org\/{rel}","templated":true}]}}