{"id":6667,"date":"2024-11-17T14:35:15","date_gmt":"2024-11-17T14:35:15","guid":{"rendered":"https:\/\/jinsuncarbon.com\/?post_type=product&#038;p=6667"},"modified":"2024-11-17T14:35:16","modified_gmt":"2024-11-17T14:35:16","slug":"electrode-en-graphite-de-petit-diametre","status":"publish","type":"product","link":"https:\/\/jinsuncarbon.com\/fr\/produit-2\/electrode-en-graphite-de-petit-diametre\/","title":{"rendered":"\u00c9lectrode en graphite de petit diam\u00e8tre"},"content":{"rendered":"<p>L'\u00e9lectrode de graphite de petit diam\u00e8tre pr\u00e9sente une grande puret\u00e9, une conductivit\u00e9 \u00e9lev\u00e9e et une grande stabilit\u00e9 thermique. C'est \u00e9galement un mat\u00e9riau essentiel pour la fusion industrielle. Nous pouvons vous proposer des exigences personnalis\u00e9es, y compris la longueur, le poin\u00e7onnage, la rainure et d'autres processus de fabrication sp\u00e9ciaux.<\/p>\n<h2>Avantages de notre \u00e9lectrode en graphite de petit diam\u00e8tre<\/h2>\n<ul>\n<li><strong>Haute puret\u00e9 :<\/strong><\/li>\n<\/ul>\n<p>Notre \u00e9lectrode en graphite de petit diam\u00e8tre est g\u00e9n\u00e9ralement d'une grande puret\u00e9 et a pour fonction de r\u00e9duire les impuret\u00e9s dans le processus de fusion du m\u00e9tal.<\/p>\n<ul>\n<li><strong>Haute densit\u00e9<\/strong><\/li>\n<\/ul>\n<p>La densit\u00e9 \u00e9lev\u00e9e de l'\u00e9lectrode de graphite de petit diam\u00e8tre renforce la r\u00e9sistance et la durabilit\u00e9 de l'\u00e9lectrode, ce qui lui permet de conserver ses performances pendant une longue p\u00e9riode d'utilisation.<\/p>\n<ul>\n<li><strong>Stabilit\u00e9 thermique \u00e9lev\u00e9e :<\/strong><\/li>\n<\/ul>\n<p><a href=\"https:\/\/jinsuncarbon.com\/fr\/produit-2\/electrode-en-graphite-shp\/\">\u00c9lectrodes en graphite<\/a> est structurellement stable et n'est pas facilement fondu ou oxyd\u00e9 \u00e0 des temp\u00e9ratures \u00e9lev\u00e9es.<\/p>\n<ul>\n<li><strong>Facilit\u00e9 de traitement :<\/strong><\/li>\n<\/ul>\n<p>Elles peuvent \u00eatre usin\u00e9es dans une vari\u00e9t\u00e9 de formes et de tailles pour s'adapter aux diff\u00e9rentes conceptions des fours \u00e0 arc \u00e9lectrique. Cette flexibilit\u00e9 permet aux \u00e9lectrodes en graphite de r\u00e9pondre \u00e0 un large \u00e9ventail de besoins m\u00e9tallurgiques.<\/p>\n<p>&nbsp;<\/p>\n<h2>Applications<\/h2>\n<ul>\n<li><strong>Fusion de carbure de calcium et de quartz :<\/strong>- Dans la fusion du carbure de calcium, l'\u00e9lectrode de graphite de petit diam\u00e8tre sert de conducteur pour introduire l'\u00e9nergie \u00e9lectrique dans le four. Ainsi, les mati\u00e8res premi\u00e8res subissent une r\u00e9action chimique pour former du carbure de calcium, ce qui facilite le processus de fusion. Dans la fusion du quartz, elle joue le r\u00f4le de conduction et de chauffage, aidant le minerai de quartz \u00e0 \u00eatre purifi\u00e9 et converti \u00e0 des temp\u00e9ratures \u00e9lev\u00e9es.<\/li>\n<\/ul>\n<p>&nbsp;<\/p>\n<ul>\n<li><strong>Fabrication de moules :<\/strong> \u00a0\u00a0\u00a0-L'\u00e9lectrode en graphite de petit diam\u00e8tre est utilis\u00e9e pour le traitement de toutes sortes de moules, tels que les moules d'injection, les moules de coul\u00e9e sous pression, etc. Elle permet un \u00e9lectro-\u00e9rosion pr\u00e9cis dans les formes complexes et les petites pi\u00e8ces. <a href=\"https:\/\/jinsuncarbon.com\/fr\/produit-2\/moule-en-graphite\/\">moules<\/a>et am\u00e9liore la pr\u00e9cision et la qualit\u00e9 de la surface des moules.<\/li>\n<\/ul>\n<p>&nbsp;<\/p>\n<ul>\n<li><strong>Semi-conducteurs :<\/strong> Dans la production de silicium monocristallin, l'\u00e9lectrode de graphite de petit diam\u00e8tre peut \u00e9galement \u00eatre utilis\u00e9e pour fabriquer du silicium monocristallin. <a href=\"https:\/\/jinsuncarbon.com\/fr\/produit-2\/element-chauffant-en-graphite\/\">\u00e9l\u00e9ment chauffant<\/a> pour les fours de croissance cristalline. Sa r\u00e9sistance aux temp\u00e9ratures \u00e9lev\u00e9es et sa stabilit\u00e9 chimique lui permettent de fonctionner dans un environnement \u00e0 haute temp\u00e9rature et \u00e0 vide pouss\u00e9. Les conditions n\u00e9cessaires \u00e0 la croissance du silicium monocristallin sont ainsi r\u00e9unies.<\/li>\n<\/ul>\n<p>&nbsp;<\/p>\n<ul>\n<li><strong>Chimique :<\/strong>- Dans certains processus chimiques, tels que l'\u00e9lectrolyse, les r\u00e9actions de synth\u00e8se, etc. Vous pouvez l'utiliser comme mat\u00e9riau d'\u00e9lectrode pour participer \u00e0 des r\u00e9actions \u00e9lectrochimiques ou fournir des voies conductrices.<\/li>\n<\/ul>\n<p>&nbsp;<\/p>\n<ul>\n<li><strong>EDM :<\/strong> \u00a0\u00a0\u00a0- L'\u00e9lectro\u00e9rosion est un processus important dans la fabrication des moules. Vous pouvez utiliser des \u00e9lectrodes en graphite de petit diam\u00e8tre comme \u00e9lectrodes d'outil dans l'usinage par \u00e9lectro\u00e9rosion. <a href=\"https:\/\/en.wikipedia.org\/wiki\/Electrical_discharge_machining\" target=\"_blank\" rel=\"noopener\">EDM<\/a> pour enlever la mati\u00e8re des moules par corrosion par d\u00e9charge, ce qui permet d'obtenir des formes complexes et des moules de haute pr\u00e9cision. Ses avantages sont les suivants : bonnes performances de d\u00e9charge, faibles pertes et grande pr\u00e9cision d'usinage.<\/li>\n<\/ul>\n<p>&nbsp;<\/p>\n<h2>Pourquoi choisir l'\u00e9lectrode en graphite de Jinsun pour votre fonderie\uff1f ?<\/h2>\n<p><strong>Conductivit\u00e9 \u00e9lectrique et thermique \u00e9lev\u00e9e :<\/strong><\/p>\n<p>-Notre \u00e9lectrode poss\u00e8de une excellente conductivit\u00e9 \u00e9lectrique et thermique et peut conduire efficacement le courant \u00e9lectrique et la chaleur. Elle est donc excellente dans le processus de fusion \u00e0 haute temp\u00e9rature, capable de transf\u00e9rer rapidement la chaleur et d'am\u00e9liorer l'efficacit\u00e9 de la fusion.<\/p>\n<p><strong>R\u00e9sistance aux hautes temp\u00e9ratures :<\/strong><\/p>\n<p>L'\u00e9lectrode est stable \u00e0 des temp\u00e9ratures extr\u00eamement \u00e9lev\u00e9es sans fondre ni \u00eatre endommag\u00e9e. Elle pr\u00e9sente donc des avantages \u00e9vidents dans les environnements \u00e0 haute temp\u00e9rature tels que les fours \u00e0 arc \u00e9lectrique, <a href=\"https:\/\/en.wikipedia.org\/wiki\/Vacuum_furnace\" target=\"_blank\" rel=\"noopener\">fours sous vide<\/a> et les fours \u00e0 moyenne fr\u00e9quence.<\/p>\n<p><strong>Faible coefficient de dilatation thermique :<\/strong><\/p>\n<p>Le coefficient de dilatation thermique de l'\u00e9lectrode en graphite est faible et elle n'est pas facilement d\u00e9form\u00e9e par la chaleur g\u00e9n\u00e9r\u00e9e pendant le traitement. Elle peut donc assurer la stabilit\u00e9 et la pr\u00e9cision du processus de fusion.<\/p>\n<p><strong>R\u00e9sistance m\u00e9canique \u00e9lev\u00e9e<\/strong><\/p>\n<p>Nos \u00e9lectrodes peuvent r\u00e9sister \u00e0 des forces de traction et d'impact \u00e9lev\u00e9es, et ont une r\u00e9sistance \u00e0 la flexion de 10-45MPa. Ces \u00e9lectrodes sont en effet impr\u00e9gn\u00e9es plusieurs fois pour en am\u00e9liorer les performances.<\/p>\n<p>&nbsp;<\/p>","protected":false},"excerpt":{"rendered":"<p>L'\u00e9lectrode en graphite de petit diam\u00e8tre fait g\u00e9n\u00e9ralement r\u00e9f\u00e9rence \u00e0 un produit en graphite de haute puret\u00e9 et de petit diam\u00e8tre. Elle est fabriqu\u00e9e \u00e0 partir de mati\u00e8res premi\u00e8res carbon\u00e9es telles que le coke de p\u00e9trole et le coke d'aiguille par broyage, moulage, torr\u00e9faction et graphitisation.  En g\u00e9n\u00e9ral, son diam\u00e8tre peut varier de 60 \u00e0 150 millim\u00e8tres.<\/p>\n<p>&nbsp;<\/p>","protected":false},"featured_media":6668,"template":"","meta":[],"product_brand":[],"product_cat":[37],"product_tag":[],"class_list":{"0":"post-6667","1":"product","2":"type-product","3":"status-publish","4":"has-post-thumbnail","6":"product_cat-graphite-electrode","8":"first","9":"instock","10":"shipping-taxable","11":"product-type-simple"},"yoast_head":"<!-- This site is optimized with the Yoast SEO Premium plugin v19.2.1 (Yoast SEO v25.3) - https:\/\/yoast.com\/wordpress\/plugins\/seo\/ -->\n<title>Small Diameter Graphite Electrode Manufacturer | Jinsun Carbon<\/title>\n<meta name=\"description\" content=\"Small diameter graphite electrode has high purity, high conductivity and high thermal stability, and it is also a key material for industrial melting.\" \/>\n<meta name=\"robots\" content=\"index, follow, max-snippet:-1, max-image-preview:large, max-video-preview:-1\" \/>\n<link rel=\"canonical\" href=\"https:\/\/jinsuncarbon.com\/fr\/produit-2\/electrode-en-graphite-de-petit-diametre\/\" \/>\n<meta property=\"og:locale\" content=\"fr_FR\" \/>\n<meta property=\"og:type\" content=\"article\" \/>\n<meta property=\"og:title\" content=\"Small Diameter Graphite Electrode\" \/>\n<meta property=\"og:description\" content=\"Small diameter graphite electrode has high purity, high conductivity and high thermal stability, and it is also a key material for industrial melting.\" \/>\n<meta property=\"og:url\" content=\"https:\/\/jinsuncarbon.com\/fr\/produit-2\/electrode-en-graphite-de-petit-diametre\/\" \/>\n<meta property=\"og:site_name\" content=\"Jinsun Carbon\" \/>\n<meta property=\"article:publisher\" content=\"https:\/\/www.facebook.com\/Graphite-Electrode-109336238661595\" \/>\n<meta property=\"article:modified_time\" content=\"2024-11-17T14:35:16+00:00\" \/>\n<meta property=\"og:image\" content=\"https:\/\/jinsuncarbon.com\/wp-content\/uploads\/2024\/11\/Small-diameter-graphite-electrode.jpg\" \/>\n\t<meta property=\"og:image:width\" content=\"1024\" \/>\n\t<meta property=\"og:image:height\" content=\"763\" \/>\n\t<meta property=\"og:image:type\" content=\"image\/jpeg\" \/>\n<meta name=\"twitter:card\" content=\"summary_large_image\" \/>\n<meta name=\"twitter:site\" content=\"@jinsuncarbon_\" \/>\n<meta name=\"twitter:label1\" content=\"Dur\u00e9e de lecture estim\u00e9e\" \/>\n\t<meta name=\"twitter:data1\" content=\"3 minutes\" \/>\n<script type=\"application\/ld+json\" class=\"yoast-schema-graph\">{\"@context\":\"https:\/\/schema.org\",\"@graph\":[{\"@type\":\"WebPage\",\"@id\":\"https:\/\/jinsuncarbon.com\/product\/small-diameter-graphite-electrode\/\",\"url\":\"https:\/\/jinsuncarbon.com\/product\/small-diameter-graphite-electrode\/\",\"name\":\"Small Diameter Graphite Electrode Manufacturer | Jinsun Carbon\",\"isPartOf\":{\"@id\":\"https:\/\/jinsuncarbon.com\/#website\"},\"primaryImageOfPage\":{\"@id\":\"https:\/\/jinsuncarbon.com\/product\/small-diameter-graphite-electrode\/#primaryimage\"},\"image\":{\"@id\":\"https:\/\/jinsuncarbon.com\/product\/small-diameter-graphite-electrode\/#primaryimage\"},\"thumbnailUrl\":\"https:\/\/jinsuncarbon.com\/wp-content\/uploads\/2024\/11\/Small-diameter-graphite-electrode.jpg\",\"datePublished\":\"2024-11-17T14:35:15+00:00\",\"dateModified\":\"2024-11-17T14:35:16+00:00\",\"description\":\"Small diameter graphite electrode has high purity, high conductivity and high thermal stability, and it is also a key material for industrial melting.\",\"breadcrumb\":{\"@id\":\"https:\/\/jinsuncarbon.com\/product\/small-diameter-graphite-electrode\/#breadcrumb\"},\"inLanguage\":\"fr-FR\",\"potentialAction\":[{\"@type\":\"ReadAction\",\"target\":[\"https:\/\/jinsuncarbon.com\/product\/small-diameter-graphite-electrode\/\"]}]},{\"@type\":\"ImageObject\",\"inLanguage\":\"fr-FR\",\"@id\":\"https:\/\/jinsuncarbon.com\/product\/small-diameter-graphite-electrode\/#primaryimage\",\"url\":\"https:\/\/jinsuncarbon.com\/wp-content\/uploads\/2024\/11\/Small-diameter-graphite-electrode.jpg\",\"contentUrl\":\"https:\/\/jinsuncarbon.com\/wp-content\/uploads\/2024\/11\/Small-diameter-graphite-electrode.jpg\",\"width\":1024,\"height\":763,\"caption\":\"Small diameter graphite electrode | Jinsuncarbon\"},{\"@type\":\"BreadcrumbList\",\"@id\":\"https:\/\/jinsuncarbon.com\/product\/small-diameter-graphite-electrode\/#breadcrumb\",\"itemListElement\":[{\"@type\":\"ListItem\",\"position\":1,\"name\":\"Home\",\"item\":\"https:\/\/jinsuncarbon.com\/\"},{\"@type\":\"ListItem\",\"position\":2,\"name\":\"Products\",\"item\":\"https:\/\/jinsuncarbon.com\/graphite-carbon\/\"},{\"@type\":\"ListItem\",\"position\":3,\"name\":\"Small Diameter Graphite Electrode\"}]},{\"@type\":\"WebSite\",\"@id\":\"https:\/\/jinsuncarbon.com\/#website\",\"url\":\"https:\/\/jinsuncarbon.com\/\",\"name\":\"Jinsun Carbon\",\"description\":\"We are the successful graphite electrode manufacturer in China\",\"publisher\":{\"@id\":\"https:\/\/jinsuncarbon.com\/#organization\"},\"potentialAction\":[{\"@type\":\"SearchAction\",\"target\":{\"@type\":\"EntryPoint\",\"urlTemplate\":\"https:\/\/jinsuncarbon.com\/?s={search_term_string}\"},\"query-input\":{\"@type\":\"PropertyValueSpecification\",\"valueRequired\":true,\"valueName\":\"search_term_string\"}}],\"inLanguage\":\"fr-FR\"},{\"@type\":\"Organization\",\"@id\":\"https:\/\/jinsuncarbon.com\/#organization\",\"name\":\"Jinsun Carbon\",\"alternateName\":\"Jinsun Carbon\",\"url\":\"https:\/\/jinsuncarbon.com\/\",\"logo\":{\"@type\":\"ImageObject\",\"inLanguage\":\"fr-FR\",\"@id\":\"https:\/\/jinsuncarbon.com\/#\/schema\/logo\/image\/\",\"url\":\"https:\/\/jinsuncarbon.com\/wp-content\/uploads\/2022\/12\/LOGO-1.png\",\"contentUrl\":\"https:\/\/jinsuncarbon.com\/wp-content\/uploads\/2022\/12\/LOGO-1.png\",\"width\":207,\"height\":80,\"caption\":\"Jinsun Carbon\"},\"image\":{\"@id\":\"https:\/\/jinsuncarbon.com\/#\/schema\/logo\/image\/\"},\"sameAs\":[\"https:\/\/www.facebook.com\/Graphite-Electrode-109336238661595\",\"https:\/\/x.com\/jinsuncarbon_\",\"https:\/\/www.linkedin.com\/in\/jinsungraphite\",\"https:\/\/www.youtube.com\/channel\/UCysDNyvyR5-3cCWEmpkVC0g\"]}]}<\/script>\n<!-- \/ Yoast SEO Premium plugin. -->","yoast_head_json":{"title":"Electrode en graphite de petit diam\u00e8tre | Jinsun Carbon","description":"L'\u00e9lectrode de graphite de petit diam\u00e8tre pr\u00e9sente une grande puret\u00e9, une conductivit\u00e9 \u00e9lev\u00e9e et une grande stabilit\u00e9 thermique ; c'est \u00e9galement un mat\u00e9riau essentiel pour la fusion industrielle.","robots":{"index":"index","follow":"follow","max-snippet":"max-snippet:-1","max-image-preview":"max-image-preview:large","max-video-preview":"max-video-preview:-1"},"canonical":"https:\/\/jinsuncarbon.com\/fr\/produit-2\/electrode-en-graphite-de-petit-diametre\/","og_locale":"fr_FR","og_type":"article","og_title":"Small Diameter Graphite Electrode","og_description":"Small diameter graphite electrode has high purity, high conductivity and high thermal stability, and it is also a key material for industrial melting.","og_url":"https:\/\/jinsuncarbon.com\/fr\/produit-2\/electrode-en-graphite-de-petit-diametre\/","og_site_name":"Jinsun Carbon","article_publisher":"https:\/\/www.facebook.com\/Graphite-Electrode-109336238661595","article_modified_time":"2024-11-17T14:35:16+00:00","og_image":[{"width":1024,"height":763,"url":"https:\/\/jinsuncarbon.com\/wp-content\/uploads\/2024\/11\/Small-diameter-graphite-electrode.jpg","type":"image\/jpeg"}],"twitter_card":"summary_large_image","twitter_site":"@jinsuncarbon_","twitter_misc":{"Dur\u00e9e de lecture estim\u00e9e":"3 minutes"},"schema":{"@context":"https:\/\/schema.org","@graph":[{"@type":"WebPage","@id":"https:\/\/jinsuncarbon.com\/product\/small-diameter-graphite-electrode\/","url":"https:\/\/jinsuncarbon.com\/product\/small-diameter-graphite-electrode\/","name":"Electrode en graphite de petit diam\u00e8tre | Jinsun Carbon","isPartOf":{"@id":"https:\/\/jinsuncarbon.com\/#website"},"primaryImageOfPage":{"@id":"https:\/\/jinsuncarbon.com\/product\/small-diameter-graphite-electrode\/#primaryimage"},"image":{"@id":"https:\/\/jinsuncarbon.com\/product\/small-diameter-graphite-electrode\/#primaryimage"},"thumbnailUrl":"https:\/\/jinsuncarbon.com\/wp-content\/uploads\/2024\/11\/Small-diameter-graphite-electrode.jpg","datePublished":"2024-11-17T14:35:15+00:00","dateModified":"2024-11-17T14:35:16+00:00","description":"L'\u00e9lectrode de graphite de petit diam\u00e8tre pr\u00e9sente une grande puret\u00e9, une conductivit\u00e9 \u00e9lev\u00e9e et une grande stabilit\u00e9 thermique ; c'est \u00e9galement un mat\u00e9riau essentiel pour la fusion industrielle.","breadcrumb":{"@id":"https:\/\/jinsuncarbon.com\/product\/small-diameter-graphite-electrode\/#breadcrumb"},"inLanguage":"fr-FR","potentialAction":[{"@type":"ReadAction","target":["https:\/\/jinsuncarbon.com\/product\/small-diameter-graphite-electrode\/"]}]},{"@type":"ImageObject","inLanguage":"fr-FR","@id":"https:\/\/jinsuncarbon.com\/product\/small-diameter-graphite-electrode\/#primaryimage","url":"https:\/\/jinsuncarbon.com\/wp-content\/uploads\/2024\/11\/Small-diameter-graphite-electrode.jpg","contentUrl":"https:\/\/jinsuncarbon.com\/wp-content\/uploads\/2024\/11\/Small-diameter-graphite-electrode.jpg","width":1024,"height":763,"caption":"Small diameter graphite electrode | Jinsuncarbon"},{"@type":"BreadcrumbList","@id":"https:\/\/jinsuncarbon.com\/product\/small-diameter-graphite-electrode\/#breadcrumb","itemListElement":[{"@type":"ListItem","position":1,"name":"Home","item":"https:\/\/jinsuncarbon.com\/"},{"@type":"ListItem","position":2,"name":"Products","item":"https:\/\/jinsuncarbon.com\/graphite-carbon\/"},{"@type":"ListItem","position":3,"name":"Small Diameter Graphite Electrode"}]},{"@type":"WebSite","@id":"https:\/\/jinsuncarbon.com\/#website","url":"https:\/\/jinsuncarbon.com\/","name":"Jinsun Carbon","description":"Nous sommes le fabricant d'\u00e9lectrodes en graphite le plus performant de Chine.","publisher":{"@id":"https:\/\/jinsuncarbon.com\/#organization"},"potentialAction":[{"@type":"SearchAction","target":{"@type":"EntryPoint","urlTemplate":"https:\/\/jinsuncarbon.com\/?s={search_term_string}"},"query-input":{"@type":"PropertyValueSpecification","valueRequired":true,"valueName":"search_term_string"}}],"inLanguage":"fr-FR"},{"@type":"Organization","@id":"https:\/\/jinsuncarbon.com\/#organization","name":"Jinsun Carbon","alternateName":"Jinsun Carbon","url":"https:\/\/jinsuncarbon.com\/","logo":{"@type":"ImageObject","inLanguage":"fr-FR","@id":"https:\/\/jinsuncarbon.com\/#\/schema\/logo\/image\/","url":"https:\/\/jinsuncarbon.com\/wp-content\/uploads\/2022\/12\/LOGO-1.png","contentUrl":"https:\/\/jinsuncarbon.com\/wp-content\/uploads\/2022\/12\/LOGO-1.png","width":207,"height":80,"caption":"Jinsun Carbon"},"image":{"@id":"https:\/\/jinsuncarbon.com\/#\/schema\/logo\/image\/"},"sameAs":["https:\/\/www.facebook.com\/Graphite-Electrode-109336238661595","https:\/\/x.com\/jinsuncarbon_","https:\/\/www.linkedin.com\/in\/jinsungraphite","https:\/\/www.youtube.com\/channel\/UCysDNyvyR5-3cCWEmpkVC0g"]}]}},"_links":{"self":[{"href":"https:\/\/jinsuncarbon.com\/fr\/wp-json\/wp\/v2\/product\/6667","targetHints":{"allow":["GET"]}}],"collection":[{"href":"https:\/\/jinsuncarbon.com\/fr\/wp-json\/wp\/v2\/product"}],"about":[{"href":"https:\/\/jinsuncarbon.com\/fr\/wp-json\/wp\/v2\/types\/product"}],"wp:featuredmedia":[{"embeddable":true,"href":"https:\/\/jinsuncarbon.com\/fr\/wp-json\/wp\/v2\/media\/6668"}],"wp:attachment":[{"href":"https:\/\/jinsuncarbon.com\/fr\/wp-json\/wp\/v2\/media?parent=6667"}],"wp:term":[{"taxonomy":"product_brand","embeddable":true,"href":"https:\/\/jinsuncarbon.com\/fr\/wp-json\/wp\/v2\/product_brand?post=6667"},{"taxonomy":"product_cat","embeddable":true,"href":"https:\/\/jinsuncarbon.com\/fr\/wp-json\/wp\/v2\/product_cat?post=6667"},{"taxonomy":"product_tag","embeddable":true,"href":"https:\/\/jinsuncarbon.com\/fr\/wp-json\/wp\/v2\/product_tag?post=6667"}],"curies":[{"name":"wp","href":"https:\/\/api.w.org\/{rel}","templated":true}]}}