{"id":6666,"date":"2024-11-19T12:33:54","date_gmt":"2024-11-19T12:33:54","guid":{"rendered":"https:\/\/jinsuncarbon.com\/?post_type=product&#038;p=6666"},"modified":"2024-12-01T22:53:30","modified_gmt":"2024-12-01T22:53:30","slug":"electrode-a-tige-en-graphite","status":"publish","type":"product","link":"https:\/\/jinsuncarbon.com\/fr\/produit-2\/electrode-a-tige-en-graphite\/","title":{"rendered":"\u00c9lectrode \u00e0 tige de graphite"},"content":{"rendered":"<p>Les \u00e9lectrodes en graphite sont g\u00e9n\u00e9ralement de forme cylindrique et sont largement utilis\u00e9es dans la fusion des m\u00e9taux et dans d'autres domaines. Elles constituent un \u00e9l\u00e9ment indispensable de la production industrielle moderne. Nos \u00e9lectrodes ont une excellente conductivit\u00e9 et peuvent r\u00e9sister \u00e0 des temp\u00e9ratures \u00e9lev\u00e9es. Ces mat\u00e9riaux restent donc stables m\u00eame dans des conditions de temp\u00e9rature \u00e9lev\u00e9e et ne sont pas faciles \u00e0 fondre. En outre, leur stabilit\u00e9 chimique est un attribut cl\u00e9 qui leur conf\u00e8re une excellente r\u00e9sistance \u00e0 la corrosion et qui convient \u00e0 un large \u00e9ventail d'environnements.<\/p>\n<h2>Caract\u00e9ristiques principales :<\/h2>\n<p>Excellente conductivit\u00e9, r\u00e9sistance aux temp\u00e9ratures \u00e9lev\u00e9es, stabilit\u00e9 chimique Les tiges d'\u00e9lectrodes sont fabriqu\u00e9es en graphite de haute puret\u00e9. Elles ont une grande solidit\u00e9 et une faible r\u00e9sistance, ce qui leur permet d'avoir une dur\u00e9e de vie plus longue. Elles ont une r\u00e9sistance \u00e9tonnante aux chocs thermiques et peuvent supporter des changements de temp\u00e9rature rapides. En m\u00eame temps, ces tiges d'\u00e9lectrodes peuvent \u00eatre trait\u00e9es avec pr\u00e9cision pour fabriquer des composants de formes et de volumes vari\u00e9s. De plus, elles maintiennent la constance de la conductivit\u00e9 \u00e9lectrique et thermique d'un m\u00eame lot de mat\u00e9riaux, ce qui permet de r\u00e9pondre aux besoins de diff\u00e9rentes industries.<\/p>\n<p>Ces \u00e9lectrodes en graphite ont une forte r\u00e9sistance \u00e0 l'oxydation, \u00e0 la corrosion acide et alcaline et \u00e0 l'usure. Elles sont devenues le mat\u00e9riau de pr\u00e9dilection pour les applications dans diff\u00e9rents environnements chimiques tels que l'\u00e9lectrolyse et la fusion.<\/p>\n<h2>Utilisation des \u00e9lectrodes \u00e0 tige de graphite<\/h2>\n<p><strong>\u00c9laboration de l'acier par four \u00e0 arc \u00e9lectrique :<\/strong><\/p>\n<p>L'\u00e9lectrode en graphite est utilis\u00e9e pour g\u00e9n\u00e9rer un arc \u00e0 haute temp\u00e9rature afin de faire fondre la ferraille d'acier ou les ferro-alliages. Elle joue \u00e9galement le double r\u00f4le de conductivit\u00e9 et de r\u00e9sistance aux temp\u00e9ratures \u00e9lev\u00e9es pour assurer le bon d\u00e9roulement du processus de fabrication de l'acier au four \u00e9lectrique.<\/p>\n<p><strong>R\u00e9sistance de chauffage du four :<\/strong><\/p>\n<p>Dans le four \u00e0 r\u00e9sistance, il peut \u00eatre utilis\u00e9 en tant que <a href=\"https:\/\/jinsuncarbon.com\/fr\/produit-2\/element-chauffant-en-graphite\/\">\u00e9l\u00e9ment chauffant<\/a> pour fournir une source de chaleur stable.<\/p>\n<p><strong>Cellules \u00e9lectrolytiques :<\/strong><\/p>\n<p>Ils sont utilis\u00e9s comme <a href=\"https:\/\/jinsuncarbon.com\/fr\/produit-2\/bloc-de-carbone-anodique\/\">anodes<\/a> ou <a href=\"https:\/\/jinsuncarbon.com\/fr\/produit-2\/bloc-cathodique\/\">cathodes<\/a> dans le processus \u00e9lectrolytique, en particulier dans la production de m\u00e9taux tels que l'aluminium. Il peut \u00eatre transform\u00e9 en rotors en graphite et utilis\u00e9 pour la ventilation pendant l'agitation du liquide d'aluminium.<\/p>\n<p><strong>Soudage sp\u00e9cial :<\/strong><\/p>\n<p>Les \u00e9lectrodes en graphite sont \u00e9galement utilis\u00e9es dans des techniques de soudage sp\u00e9ciales telles que le soudage par r\u00e9sistance et le soudage \u00e0 l'arc. <a href=\"https:\/\/en.wikipedia.org\/wiki\/Arc_welding#:~:text=Arc%20welding%20is%20a%20welding,a%20binding%20of%20the%20metals.\" target=\"_blank\" rel=\"noopener\">soudage \u00e0 l'arc<\/a>.<\/p>\n<p><strong>Fusion de m\u00e9taux non ferreux :<\/strong><\/p>\n<p>En tant que mat\u00e9riaux conducteurs, les m\u00e9taux non ferreux convertissent l'\u00e9nergie \u00e9lectrique en \u00e9nergie thermique pour la fonte et les m\u00e9taux non ferreux. <a href=\"https:\/\/en.wikipedia.org\/wiki\/Refining_(metallurgy)#:~:text=In%20metallurgy%2C%20refining%20consists%20of,identical%20to%20the%20raw%20material.\" target=\"_blank\" rel=\"noopener\">affinage des m\u00e9taux<\/a>.<\/p>\n<p>&nbsp;<\/p>\n<h2>Diff\u00e9rences entre les \u00e9lectrodes \u00e0 tige en graphite et les \u00e9lectrodes en d'autres mat\u00e9riaux :<\/h2>\n<p><strong>Diff\u00e9rences structurelles :<\/strong><\/p>\n<p>Compar\u00e9 au carbone vitreux, le graphite poss\u00e8de une structure cristalline tr\u00e8s ordonn\u00e9e compos\u00e9e de couches d'atomes de carbone dispos\u00e9es de mani\u00e8re hexagonale, tandis que le carbone vitreux est une forme de carbone amorphe, non graphitisable.<\/p>\n<p><strong>Caract\u00e9ristiques physiques :<\/strong><\/p>\n<p>Le graphite est un excellent conducteur thermique et \u00e9lectrique.<\/p>\n<p>Si la conductivit\u00e9 thermique du carbone vitreux est r\u00e9duite, la r\u00e9sistance \u00e9lectrique sera plus \u00e9lev\u00e9e.<\/p>\n<p><strong>Propri\u00e9t\u00e9s m\u00e9caniques :<\/strong><\/p>\n<p>Les plans de bord du graphite ont une structure glissante et flexible qui peut \u00eatre pel\u00e9e le long du plan de base, tandis que le carbone vitreux est dense et dur, sans perm\u00e9abilit\u00e9 aux gaz ou aux liquides.<\/p>\n<p><strong>Diff\u00e9rences d'application :<\/strong><\/p>\n<p>Les \u00e9lectrodes en graphite sont largement utilis\u00e9es comme \u00e9lectrodes dans les fours \u00e9lectriques \u00e0 arc, les batteries lithium-ion et d'autres applications \u00e0 haute temp\u00e9rature, tandis que le carbone vitreux, en raison de ses excellentes propri\u00e9t\u00e9s, est le choix pr\u00e9f\u00e9r\u00e9 pour les pi\u00e8ces de pr\u00e9cision avec des exigences \u00e9lev\u00e9es en mati\u00e8re de tol\u00e9rance et de d\u00e9tail.<\/p>\n<p>&nbsp;<\/p>","protected":false},"excerpt":{"rendered":"<p>Les \u00e9lectrodes en graphite sont fabriqu\u00e9es \u00e0 partir de graphite. Ces \u00e9lectrodes ont une grande puret\u00e9, une grande densit\u00e9, une grande r\u00e9sistance et une grande conductivit\u00e9. Elles sont essentielles dans des domaines tels que l'acier, l'\u00e9lectrolyse, les semi-conducteurs et l'a\u00e9rospatiale. La production implique le m\u00e9lange, le malaxage, le formage, la cuisson et le traitement pour garantir les meilleures propri\u00e9t\u00e9s physiques et chimiques. Les types et les qualit\u00e9s que nous produisons sont les suivants \u00c9lectrodes en graphite UHP, HP, RP, \u00e9lectrodes en graphite de haute puret\u00e9 et \u00e9lectrodes en graphite naturel. Ces \u00e9lectrodes peuvent r\u00e9pondre aux diff\u00e9rentes exigences de l'industrie.<\/p>","protected":false},"featured_media":6697,"template":"","meta":[],"product_brand":[],"product_cat":[37],"product_tag":[],"class_list":{"0":"post-6666","1":"product","2":"type-product","3":"status-publish","4":"has-post-thumbnail","6":"product_cat-graphite-electrode","8":"first","9":"instock","10":"shipping-taxable","11":"product-type-simple"},"yoast_head":"<!-- This site is optimized with the Yoast SEO Premium plugin v19.2.1 (Yoast SEO v25.3) - https:\/\/yoast.com\/wordpress\/plugins\/seo\/ -->\n<title>Graphite Rod Electrode Manufacturer | Jinsun Carbon<\/title>\n<meta name=\"description\" content=\"Graphite rod electrodes are usually in cylindrical form and widely used in metal smelting and other fields.\u00a0They are an indispensable part of modern industrial production.\" \/>\n<meta name=\"robots\" content=\"index, follow, max-snippet:-1, max-image-preview:large, max-video-preview:-1\" \/>\n<link rel=\"canonical\" href=\"https:\/\/jinsuncarbon.com\/fr\/produit-2\/electrode-a-tige-en-graphite\/\" \/>\n<meta property=\"og:locale\" content=\"fr_FR\" \/>\n<meta property=\"og:type\" content=\"article\" \/>\n<meta property=\"og:title\" content=\"Graphite Rod Electrode\" \/>\n<meta property=\"og:description\" content=\"Graphite rod electrodes are usually in cylindrical form and widely used in metal smelting and other fields.\u00a0They are an indispensable part of modern industrial production.\" \/>\n<meta property=\"og:url\" content=\"https:\/\/jinsuncarbon.com\/fr\/produit-2\/electrode-a-tige-en-graphite\/\" \/>\n<meta property=\"og:site_name\" content=\"Jinsun Carbon\" \/>\n<meta property=\"article:publisher\" content=\"https:\/\/www.facebook.com\/Graphite-Electrode-109336238661595\" \/>\n<meta property=\"article:modified_time\" content=\"2024-12-01T22:53:30+00:00\" \/>\n<meta property=\"og:image\" content=\"https:\/\/jinsuncarbon.com\/wp-content\/uploads\/2024\/11\/Graphite-rod-electrode.jpg\" \/>\n\t<meta property=\"og:image:width\" content=\"1024\" \/>\n\t<meta property=\"og:image:height\" content=\"763\" \/>\n\t<meta property=\"og:image:type\" content=\"image\/jpeg\" \/>\n<meta name=\"twitter:card\" content=\"summary_large_image\" \/>\n<meta name=\"twitter:site\" content=\"@jinsuncarbon_\" \/>\n<meta name=\"twitter:label1\" content=\"Dur\u00e9e de lecture estim\u00e9e\" \/>\n\t<meta name=\"twitter:data1\" content=\"3 minutes\" \/>\n<script type=\"application\/ld+json\" class=\"yoast-schema-graph\">{\"@context\":\"https:\/\/schema.org\",\"@graph\":[{\"@type\":\"WebPage\",\"@id\":\"https:\/\/jinsuncarbon.com\/product\/graphite-rod-electrode\/\",\"url\":\"https:\/\/jinsuncarbon.com\/product\/graphite-rod-electrode\/\",\"name\":\"Graphite Rod Electrode Manufacturer | Jinsun Carbon\",\"isPartOf\":{\"@id\":\"https:\/\/jinsuncarbon.com\/#website\"},\"primaryImageOfPage\":{\"@id\":\"https:\/\/jinsuncarbon.com\/product\/graphite-rod-electrode\/#primaryimage\"},\"image\":{\"@id\":\"https:\/\/jinsuncarbon.com\/product\/graphite-rod-electrode\/#primaryimage\"},\"thumbnailUrl\":\"https:\/\/jinsuncarbon.com\/wp-content\/uploads\/2024\/11\/Graphite-rod-electrode.jpg\",\"datePublished\":\"2024-11-19T12:33:54+00:00\",\"dateModified\":\"2024-12-01T22:53:30+00:00\",\"description\":\"Graphite rod electrodes are usually in cylindrical form and widely used in metal smelting and other fields.\u00a0They are an indispensable part of modern industrial production.\",\"breadcrumb\":{\"@id\":\"https:\/\/jinsuncarbon.com\/product\/graphite-rod-electrode\/#breadcrumb\"},\"inLanguage\":\"fr-FR\",\"potentialAction\":[{\"@type\":\"ReadAction\",\"target\":[\"https:\/\/jinsuncarbon.com\/product\/graphite-rod-electrode\/\"]}]},{\"@type\":\"ImageObject\",\"inLanguage\":\"fr-FR\",\"@id\":\"https:\/\/jinsuncarbon.com\/product\/graphite-rod-electrode\/#primaryimage\",\"url\":\"https:\/\/jinsuncarbon.com\/wp-content\/uploads\/2024\/11\/Graphite-rod-electrode.jpg\",\"contentUrl\":\"https:\/\/jinsuncarbon.com\/wp-content\/uploads\/2024\/11\/Graphite-rod-electrode.jpg\",\"width\":1024,\"height\":763,\"caption\":\"Graphite rod electrodes \uff5cJinsuncarbon\"},{\"@type\":\"BreadcrumbList\",\"@id\":\"https:\/\/jinsuncarbon.com\/product\/graphite-rod-electrode\/#breadcrumb\",\"itemListElement\":[{\"@type\":\"ListItem\",\"position\":1,\"name\":\"Home\",\"item\":\"https:\/\/jinsuncarbon.com\/\"},{\"@type\":\"ListItem\",\"position\":2,\"name\":\"Products\",\"item\":\"https:\/\/jinsuncarbon.com\/graphite-carbon\/\"},{\"@type\":\"ListItem\",\"position\":3,\"name\":\"Graphite Rod Electrode\"}]},{\"@type\":\"WebSite\",\"@id\":\"https:\/\/jinsuncarbon.com\/#website\",\"url\":\"https:\/\/jinsuncarbon.com\/\",\"name\":\"Jinsun Carbon\",\"description\":\"We are the successful graphite electrode manufacturer in China\",\"publisher\":{\"@id\":\"https:\/\/jinsuncarbon.com\/#organization\"},\"potentialAction\":[{\"@type\":\"SearchAction\",\"target\":{\"@type\":\"EntryPoint\",\"urlTemplate\":\"https:\/\/jinsuncarbon.com\/?s={search_term_string}\"},\"query-input\":{\"@type\":\"PropertyValueSpecification\",\"valueRequired\":true,\"valueName\":\"search_term_string\"}}],\"inLanguage\":\"fr-FR\"},{\"@type\":\"Organization\",\"@id\":\"https:\/\/jinsuncarbon.com\/#organization\",\"name\":\"Jinsun Carbon\",\"alternateName\":\"Jinsun Carbon\",\"url\":\"https:\/\/jinsuncarbon.com\/\",\"logo\":{\"@type\":\"ImageObject\",\"inLanguage\":\"fr-FR\",\"@id\":\"https:\/\/jinsuncarbon.com\/#\/schema\/logo\/image\/\",\"url\":\"https:\/\/jinsuncarbon.com\/wp-content\/uploads\/2022\/12\/LOGO-1.png\",\"contentUrl\":\"https:\/\/jinsuncarbon.com\/wp-content\/uploads\/2022\/12\/LOGO-1.png\",\"width\":207,\"height\":80,\"caption\":\"Jinsun Carbon\"},\"image\":{\"@id\":\"https:\/\/jinsuncarbon.com\/#\/schema\/logo\/image\/\"},\"sameAs\":[\"https:\/\/www.facebook.com\/Graphite-Electrode-109336238661595\",\"https:\/\/x.com\/jinsuncarbon_\",\"https:\/\/www.linkedin.com\/in\/jinsungraphite\",\"https:\/\/www.youtube.com\/channel\/UCysDNyvyR5-3cCWEmpkVC0g\"]}]}<\/script>\n<!-- \/ Yoast SEO Premium plugin. -->","yoast_head_json":{"title":"Electrode en graphite en forme de b\u00e2tonnet | Jinsun Carbon","description":"Les \u00e9lectrodes en graphite sont g\u00e9n\u00e9ralement de forme cylindrique et sont largement utilis\u00e9es dans la fusion des m\u00e9taux et dans d'autres domaines. Elles constituent un \u00e9l\u00e9ment indispensable de la production industrielle moderne.","robots":{"index":"index","follow":"follow","max-snippet":"max-snippet:-1","max-image-preview":"max-image-preview:large","max-video-preview":"max-video-preview:-1"},"canonical":"https:\/\/jinsuncarbon.com\/fr\/produit-2\/electrode-a-tige-en-graphite\/","og_locale":"fr_FR","og_type":"article","og_title":"Graphite Rod Electrode","og_description":"Graphite rod electrodes are usually in cylindrical form and widely used in metal smelting and other fields.\u00a0They are an indispensable part of modern industrial production.","og_url":"https:\/\/jinsuncarbon.com\/fr\/produit-2\/electrode-a-tige-en-graphite\/","og_site_name":"Jinsun Carbon","article_publisher":"https:\/\/www.facebook.com\/Graphite-Electrode-109336238661595","article_modified_time":"2024-12-01T22:53:30+00:00","og_image":[{"width":1024,"height":763,"url":"https:\/\/jinsuncarbon.com\/wp-content\/uploads\/2024\/11\/Graphite-rod-electrode.jpg","type":"image\/jpeg"}],"twitter_card":"summary_large_image","twitter_site":"@jinsuncarbon_","twitter_misc":{"Dur\u00e9e de lecture estim\u00e9e":"3 minutes"},"schema":{"@context":"https:\/\/schema.org","@graph":[{"@type":"WebPage","@id":"https:\/\/jinsuncarbon.com\/product\/graphite-rod-electrode\/","url":"https:\/\/jinsuncarbon.com\/product\/graphite-rod-electrode\/","name":"Electrode en graphite en forme de b\u00e2tonnet | Jinsun Carbon","isPartOf":{"@id":"https:\/\/jinsuncarbon.com\/#website"},"primaryImageOfPage":{"@id":"https:\/\/jinsuncarbon.com\/product\/graphite-rod-electrode\/#primaryimage"},"image":{"@id":"https:\/\/jinsuncarbon.com\/product\/graphite-rod-electrode\/#primaryimage"},"thumbnailUrl":"https:\/\/jinsuncarbon.com\/wp-content\/uploads\/2024\/11\/Graphite-rod-electrode.jpg","datePublished":"2024-11-19T12:33:54+00:00","dateModified":"2024-12-01T22:53:30+00:00","description":"Les \u00e9lectrodes en graphite sont g\u00e9n\u00e9ralement de forme cylindrique et sont largement utilis\u00e9es dans la fusion des m\u00e9taux et dans d'autres domaines. Elles constituent un \u00e9l\u00e9ment indispensable de la production industrielle moderne.","breadcrumb":{"@id":"https:\/\/jinsuncarbon.com\/product\/graphite-rod-electrode\/#breadcrumb"},"inLanguage":"fr-FR","potentialAction":[{"@type":"ReadAction","target":["https:\/\/jinsuncarbon.com\/product\/graphite-rod-electrode\/"]}]},{"@type":"ImageObject","inLanguage":"fr-FR","@id":"https:\/\/jinsuncarbon.com\/product\/graphite-rod-electrode\/#primaryimage","url":"https:\/\/jinsuncarbon.com\/wp-content\/uploads\/2024\/11\/Graphite-rod-electrode.jpg","contentUrl":"https:\/\/jinsuncarbon.com\/wp-content\/uploads\/2024\/11\/Graphite-rod-electrode.jpg","width":1024,"height":763,"caption":"Graphite rod electrodes \uff5cJinsuncarbon"},{"@type":"BreadcrumbList","@id":"https:\/\/jinsuncarbon.com\/product\/graphite-rod-electrode\/#breadcrumb","itemListElement":[{"@type":"ListItem","position":1,"name":"Home","item":"https:\/\/jinsuncarbon.com\/"},{"@type":"ListItem","position":2,"name":"Products","item":"https:\/\/jinsuncarbon.com\/graphite-carbon\/"},{"@type":"ListItem","position":3,"name":"Graphite Rod Electrode"}]},{"@type":"WebSite","@id":"https:\/\/jinsuncarbon.com\/#website","url":"https:\/\/jinsuncarbon.com\/","name":"Jinsun Carbon","description":"Nous sommes le fabricant d'\u00e9lectrodes en graphite le plus performant de Chine.","publisher":{"@id":"https:\/\/jinsuncarbon.com\/#organization"},"potentialAction":[{"@type":"SearchAction","target":{"@type":"EntryPoint","urlTemplate":"https:\/\/jinsuncarbon.com\/?s={search_term_string}"},"query-input":{"@type":"PropertyValueSpecification","valueRequired":true,"valueName":"search_term_string"}}],"inLanguage":"fr-FR"},{"@type":"Organization","@id":"https:\/\/jinsuncarbon.com\/#organization","name":"Jinsun Carbon","alternateName":"Jinsun Carbon","url":"https:\/\/jinsuncarbon.com\/","logo":{"@type":"ImageObject","inLanguage":"fr-FR","@id":"https:\/\/jinsuncarbon.com\/#\/schema\/logo\/image\/","url":"https:\/\/jinsuncarbon.com\/wp-content\/uploads\/2022\/12\/LOGO-1.png","contentUrl":"https:\/\/jinsuncarbon.com\/wp-content\/uploads\/2022\/12\/LOGO-1.png","width":207,"height":80,"caption":"Jinsun Carbon"},"image":{"@id":"https:\/\/jinsuncarbon.com\/#\/schema\/logo\/image\/"},"sameAs":["https:\/\/www.facebook.com\/Graphite-Electrode-109336238661595","https:\/\/x.com\/jinsuncarbon_","https:\/\/www.linkedin.com\/in\/jinsungraphite","https:\/\/www.youtube.com\/channel\/UCysDNyvyR5-3cCWEmpkVC0g"]}]}},"_links":{"self":[{"href":"https:\/\/jinsuncarbon.com\/fr\/wp-json\/wp\/v2\/product\/6666","targetHints":{"allow":["GET"]}}],"collection":[{"href":"https:\/\/jinsuncarbon.com\/fr\/wp-json\/wp\/v2\/product"}],"about":[{"href":"https:\/\/jinsuncarbon.com\/fr\/wp-json\/wp\/v2\/types\/product"}],"wp:featuredmedia":[{"embeddable":true,"href":"https:\/\/jinsuncarbon.com\/fr\/wp-json\/wp\/v2\/media\/6697"}],"wp:attachment":[{"href":"https:\/\/jinsuncarbon.com\/fr\/wp-json\/wp\/v2\/media?parent=6666"}],"wp:term":[{"taxonomy":"product_brand","embeddable":true,"href":"https:\/\/jinsuncarbon.com\/fr\/wp-json\/wp\/v2\/product_brand?post=6666"},{"taxonomy":"product_cat","embeddable":true,"href":"https:\/\/jinsuncarbon.com\/fr\/wp-json\/wp\/v2\/product_cat?post=6666"},{"taxonomy":"product_tag","embeddable":true,"href":"https:\/\/jinsuncarbon.com\/fr\/wp-json\/wp\/v2\/product_tag?post=6666"}],"curies":[{"name":"wp","href":"https:\/\/api.w.org\/{rel}","templated":true}]}}