{"id":6643,"date":"2024-11-20T02:05:13","date_gmt":"2024-11-20T02:05:13","guid":{"rendered":"https:\/\/jinsuncarbon.com\/?post_type=product&#038;p=6643"},"modified":"2024-12-20T03:17:38","modified_gmt":"2024-12-20T03:17:38","slug":"edm-graphite","status":"publish","type":"product","link":"https:\/\/jinsuncarbon.com\/fr\/produit-2\/edm-graphite\/","title":{"rendered":"EDM Graphite"},"content":{"rendered":"<p>Le graphite EDM est un type sp\u00e9cial de mat\u00e9riau d'\u00e9lectrode utilis\u00e9 lors du processus EDM. Il s'agit d'un liant qui conf\u00e8re aux m\u00e9taux le caract\u00e8re d'\u00eatre vrais ainsi que des formes extr\u00eamement complexes. L'EDM graphite donne une forme fonctionnelle en utilisant des d\u00e9charges \u00e9lectriques pour \u00e9roder la vitesse de la pi\u00e8ce au moyen d'une s\u00e9quence de signes d'ingle \u00e0 la vitesse souhait\u00e9e. En raison de sa promesse d'\u00eatre hautement conducteur et r\u00e9sistant \u00e0 l'usure, ce mat\u00e9riau est celui \u00e0 partir duquel cette op\u00e9ration devrait \u00eatre effectu\u00e9e.<\/p>\n<h2>Types d'EDM Graphite<\/h2>\n<h3>Electrode en graphite pour EDM<\/h3>\n<p>Elle est fabriqu\u00e9e en graphite ultrafin durable, ce qui lui permet de rester stable malgr\u00e9 les chocs thermiques impos\u00e9s par les d\u00e9charges \u00e9lectriques. La pr\u00e9cision d'une pi\u00e8ce est assur\u00e9e par ces \u00e9lectrodes.<\/p>\n<h3>Tige en graphite pour l'\u00e9lectro\u00e9rosion<\/h3>\n<p>Les baguettes de graphite sont de longues baguettes cylindriques faites de graphite \u00e0 grain fin et sont utilis\u00e9es comme \u00e9lectrodes dans la d\u00e9charge \u00e9lectrique.<em>\u00a0<\/em>(EDM). Ces types de pi\u00e8ces sont souvent choisis pour leur pr\u00e9cision apr\u00e8s de nombreuses ann\u00e9es d'utilisation et pour sculpter des formes complexes.<\/p>\n<h3>Blocs de graphite EDM<\/h3>\n<p>Ces blocs sont sp\u00e9cialement con\u00e7us pour l'\u00e9lectro\u00e9rosion, ils sont plus grands et plus \u00e9pais que les tiges, ce qui leur permet de g\u00e9n\u00e9rer des \u00e9lectrodes plus grandes. Ils sont g\u00e9n\u00e9ralement usin\u00e9s dans une forme personnalis\u00e9e en fonction des exigences d'un projet.<\/p>\n<h2>Propri\u00e9t\u00e9s principales<\/h2>\n<p>Le graphite Jinsuncarbon EDM est largement appr\u00e9ci\u00e9 pour ses propri\u00e9t\u00e9s uniques qui conviennent parfaitement \u00e0 l'usinage. Ces propri\u00e9t\u00e9s sont notamment les suivantes<\/p>\n<h3>Conductivit\u00e9 \u00e9lectrique \u00e9lev\u00e9e<\/h3>\n<p>Une bonne conductibilit\u00e9 est importante pour l'usinage par \u00e9lectro\u00e9rosion. Le graphite a une grande conductivit\u00e9, ce qui est id\u00e9al pour permettre aux d\u00e9charges \u00e9lectriques de traverser l'\u00e9lectrode et de p\u00e9n\u00e9trer dans la pi\u00e8ce \u00e0 usiner.<\/p>\n<h3>Stabilit\u00e9 thermique<\/h3>\n<p>Le graphite pr\u00e9sente \u00e9galement une bonne r\u00e9sistance \u00e0 la chaleur, ce qui joue un r\u00f4le important dans les temp\u00e9ratures \u00e9lev\u00e9es de l'usinage. Il conserve sa stabilit\u00e9 pendant la chaleur intense de l'usinage. <a href=\"https:\/\/en.wikipedia.org\/wiki\/Electrical_discharge_machining#:~:text=Electrical%20discharge%20machining%20is%20a,EDM%20to%20machine%20insulating%20ceramics.\" target=\"_blank\" rel=\"noopener\">EDM<\/a> traitement.<\/p>\n<h3>Faible taux d'usure<\/h3>\n<p>Compar\u00e9 \u00e0 d'autres mat\u00e9riaux, le graphite pour l'\u00e9lectro\u00e9rosion est consid\u00e9r\u00e9 comme ayant un faible taux d'usure. Il est plus durable pendant l'usinage, et il n'est donc pas n\u00e9cessaire de le remplacer fr\u00e9quemment.<\/p>\n<h3>Facilit\u00e9 d'usinage<\/h3>\n<p>Le graphite est \u00e9galement relativement plus facile \u00e0 usiner que les m\u00e9taux, ce qui permet de r\u00e9aliser de meilleures conceptions avec des d\u00e9tails plus fins. Il est tr\u00e8s facile de le transformer en \u00e9lectrodes pour des travaux d'usinage complexes.<\/p>\n<h2>Applications<\/h2>\n<h3><span data-type=\"1\" data-index=\"1\" data-gid=\"1\">Moule<\/span>\u00a0<span data-type=\"0\" data-index=\"3\" data-gid=\"0\">et fabrication de matrices<\/span><\/h3>\n<p><span data-type=\"2\" data-index=\"5\" data-gid=\"2\">L'\u00e9lectro\u00e9rosion graphite est largement utilis\u00e9e pour produire des d\u00e9tails complexes dans les moules m\u00e9talliques pour la fabrication de moules.<\/span>\u00a0La pr\u00e9cision qu'il apporte \u00e0 la sculpture des formes en fait l'outil le plus appropri\u00e9 pour les industries de haute pr\u00e9cision telles que <a href=\"https:\/\/en.wikipedia.org\/wiki\/Automotive_industry\" target=\"_blank\" rel=\"noopener\">automobile<\/a> et l'a\u00e9rospatiale.<\/p>\n<h3>Outillage et fabrication<\/h3>\n<p>Graphite pour l'usinage par \u00e9lectro\u00e9rosion de pi\u00e8ces d'outillage de haute pr\u00e9cision Il s'agit de la machine la plus performante de sa cat\u00e9gorie en mati\u00e8re de production industrielle, car elle ex\u00e9cute des travaux d'usinage avec une grande pr\u00e9cision et une grande efficacit\u00e9.<\/p>\n<h3>M\u00e9dical et a\u00e9rospatial<\/h3>\n<p>\u00c9tant donn\u00e9 qu'un grand nombre d'appareils m\u00e9dicaux et de composants externes liss\u00e9s pour l'a\u00e9rospatiale doivent \u00eatre cr\u00e9\u00e9s selon des exigences extr\u00eamement pr\u00e9cises, l'\u00e9lectro\u00e9rosion graphite est normalement choisie pour fabriquer ces pi\u00e8ces. Cette caract\u00e9ristique permet de fabriquer ces composants avec des g\u00e9om\u00e9tries complexes et des tol\u00e9rances serr\u00e9es, ce qui est essentiel pour les pi\u00e8ces utilis\u00e9es dans ces industries.<\/p>\n<h2>Processus de fabrication<\/h2>\n<p>La fabrication de graphite par \u00e9lectro\u00e9rosion commence \u00e0 partir d'une mati\u00e8re premi\u00e8re de graphite d'excellente qualit\u00e9. Les \u00e9tapes sont les suivantes :<\/p>\n<h3>S\u00e9lection des mati\u00e8res premi\u00e8res<\/h3>\n<p>Pour d\u00e9couvrir le graphite FT \u00e0 utiliser pour l'usinage par \u00e9lectro\u00e9rosion, vous aurez besoin d'un graphite d'une densit\u00e9 et d'un niveau de puret\u00e9 tr\u00e8s \u00e9lev\u00e9s, qui vous permettra d'obtenir la meilleure conductivit\u00e9 et la meilleure r\u00e9sistance \u00e0 l'usure.<\/p>\n<h3>Moulage et mise en forme<\/h3>\n<p>Apr\u00e8s avoir choisi le bon mat\u00e9riau, le graphite pour l'\u00e9lectro\u00e9rosion est moul\u00e9 dans les pi\u00e8ces requises, notamment <a href=\"https:\/\/jinsuncarbon.com\/fr\/produit-2\/tige-de-graphite\/\">cannes<\/a>Il s'agit, entre autres, de blocs et d'\u00e9lectrodes. Ce r\u00e9sultat est obtenu par des m\u00e9thodes de moulage ou de fraisage.<\/p>\n<h3>Usinage<\/h3>\n<p>Une fois la forme g\u00e9n\u00e9rale \u00e9labor\u00e9e, le graphite est usin\u00e9 selon des dimensions pr\u00e9cises. La rectification, le per\u00e7age et d'autres proc\u00e9d\u00e9s d'usinage sont utilis\u00e9s pour affiner la forme du graphite. <a href=\"https:\/\/jinsuncarbon.com\/fr\/le-graphite-est-il-une-electrode-inerte\/\">\u00e9lectrode<\/a> formes.<\/p>\n<h3>Finition et contr\u00f4le de la qualit\u00e9<\/h3>\n<p>Apr\u00e8s le formage, l'\u00e9lectrode subit une finition pour s'assurer qu'elle est conforme aux sp\u00e9cifications. L'EDM graphite doit \u00eatre bien usin\u00e9, d'o\u00f9 la n\u00e9cessit\u00e9 d'un contr\u00f4le de qualit\u00e9.<\/p>\n<p>&nbsp;<\/p>\n<h2>Choisir le bon EDM Graphite<\/h2>\n<h3>Taille des particules<\/h3>\n<p>Ses performances d\u00e9pendent de la taille des particules de graphite. Les particules les plus fines se traduisent par une finition de surface plus fine, tandis que les plus grossi\u00e8res permettent d'obtenir des finitions \u00e0 plus grande vitesse. Choisissez en fonction de vos besoins en mati\u00e8re de pr\u00e9cision.<\/p>\n<h3>Caract\u00e9ristiques d'usinage<\/h3>\n<p>L'usinabilit\u00e9 des diff\u00e9rentes qualit\u00e9s de graphite EDM diff\u00e8re de l'une \u00e0 l'autre. Alors que certaines qualit\u00e9s sont plus faciles \u00e0 usiner, d'autres ont une plus grande r\u00e9sistance \u00e0 l'usure. Tout d\u00e9pend des besoins de votre projet.<\/p>\n<h3>Forme et taille des \u00e9lectrodes<\/h3>\n<p>Le contr\u00f4le de la taille et de la forme de l'\u00e9lectrode est important pour l'usinage de pr\u00e9cision. Avec les \u00e9lectrodes en graphite pour l'\u00e9lectro\u00e9rosion sur mesure, vous pouvez choisir parmi diff\u00e9rentes qualit\u00e9s et tailles pour r\u00e9pondre \u00e0 vos besoins sp\u00e9cifiques en mati\u00e8re de pi\u00e8ces \u00e0 usiner.<\/p>\n<h3>Type de mat\u00e9riau<\/h3>\n<p>Diff\u00e9rents types de mat\u00e9riaux conviendront mieux \u00e0 diff\u00e9rents secteurs d'activit\u00e9. Le graphite EDM de haute puret\u00e9 convient mieux aux industries dans lesquelles la pr\u00e9cision est primordiale, notamment l'a\u00e9rospatiale et le secteur m\u00e9dical.<\/p>\n<p>&nbsp;<\/p>","protected":false},"excerpt":{"rendered":"<p>Le mat\u00e9riau pr\u00e9sente une bonne conductivit\u00e9 \u00e9lectrique et une excellente r\u00e9sistance aux chocs thermiques, ce qui permet d'effectuer un \u00e9lectro\u00e9rosion stable. Avec une bonne usinabilit\u00e9, le graphite EDM peut \u00eatre transform\u00e9 en \u00e9lectrodes, en tiges ou en blocs.<\/p>\n<ul>\n<li style=\"list-style-type: none;\">\n<ul>\n<li style=\"list-style-type: none;\">\n<ul>\n<li>Densit\u00e9 : 1,85g\/cm<sup>3<\/sup><\/li>\n<li>R\u00e9sistance \u00e0 la compression : 49,0 MPa<\/li>\n<li>R\u00e9sistance \u00e0 la flexion\uff1a68.6MPa<\/li>\n<li>R\u00e9sistivit\u00e9 \u00e9lectrique : 10 \u03bc\u03a9-m<\/li>\n<li>Conductivit\u00e9 thermique\uff1a81.2 W(m K)<sup>-1<\/sup><\/li>\n<li>Duret\u00e9 Shore : 70\n<p>&nbsp;<\/li>\n<\/ul>\n<\/li>\n<\/ul>\n<\/li>\n<\/ul>\n<p>&nbsp;<\/p>","protected":false},"featured_media":6719,"template":"","meta":[],"product_brand":[],"product_cat":[67],"product_tag":[],"class_list":{"0":"post-6643","1":"product","2":"type-product","3":"status-publish","4":"has-post-thumbnail","6":"product_cat-graphite-material","8":"first","9":"instock","10":"shipping-taxable","11":"product-type-simple"},"yoast_head":"<!-- This site is optimized with the Yoast SEO Premium plugin v19.2.1 (Yoast SEO v25.3) - https:\/\/yoast.com\/wordpress\/plugins\/seo\/ -->\n<title>EDM Graphite Manufacturer | Jinsun Carbon<\/title>\n<meta name=\"description\" content=\"EDM graphite functionally shapes again by using ed electrical discharges to erode the velocity of the workpiece by means of ingle sign sequence in rate as desired.\" \/>\n<meta name=\"robots\" content=\"index, follow, max-snippet:-1, max-image-preview:large, max-video-preview:-1\" \/>\n<link rel=\"canonical\" href=\"https:\/\/jinsuncarbon.com\/fr\/produit-2\/edm-graphite\/\" \/>\n<meta property=\"og:locale\" content=\"fr_FR\" \/>\n<meta property=\"og:type\" content=\"article\" \/>\n<meta property=\"og:title\" content=\"EDM Graphite\" \/>\n<meta property=\"og:description\" content=\"EDM graphite functionally shapes again by using ed electrical discharges to erode the velocity of the workpiece by means of ingle sign sequence in rate as desired.\" \/>\n<meta property=\"og:url\" content=\"https:\/\/jinsuncarbon.com\/fr\/produit-2\/edm-graphite\/\" \/>\n<meta property=\"og:site_name\" content=\"Jinsun Carbon\" \/>\n<meta property=\"article:publisher\" content=\"https:\/\/www.facebook.com\/Graphite-Electrode-109336238661595\" \/>\n<meta property=\"article:modified_time\" content=\"2024-12-20T03:17:38+00:00\" \/>\n<meta property=\"og:image\" content=\"https:\/\/jinsuncarbon.com\/wp-content\/uploads\/2024\/11\/EDM-graphite.jpg\" \/>\n\t<meta property=\"og:image:width\" content=\"1024\" \/>\n\t<meta property=\"og:image:height\" content=\"763\" \/>\n\t<meta property=\"og:image:type\" content=\"image\/jpeg\" \/>\n<meta name=\"twitter:card\" content=\"summary_large_image\" \/>\n<meta name=\"twitter:site\" content=\"@jinsuncarbon_\" \/>\n<meta name=\"twitter:label1\" content=\"Dur\u00e9e de lecture estim\u00e9e\" \/>\n\t<meta name=\"twitter:data1\" content=\"3 minutes\" \/>\n<script type=\"application\/ld+json\" class=\"yoast-schema-graph\">{\"@context\":\"https:\/\/schema.org\",\"@graph\":[{\"@type\":\"WebPage\",\"@id\":\"https:\/\/jinsuncarbon.com\/product\/edm-graphite\/\",\"url\":\"https:\/\/jinsuncarbon.com\/product\/edm-graphite\/\",\"name\":\"EDM Graphite Manufacturer | Jinsun Carbon\",\"isPartOf\":{\"@id\":\"https:\/\/jinsuncarbon.com\/#website\"},\"primaryImageOfPage\":{\"@id\":\"https:\/\/jinsuncarbon.com\/product\/edm-graphite\/#primaryimage\"},\"image\":{\"@id\":\"https:\/\/jinsuncarbon.com\/product\/edm-graphite\/#primaryimage\"},\"thumbnailUrl\":\"https:\/\/jinsuncarbon.com\/wp-content\/uploads\/2024\/11\/EDM-graphite.jpg\",\"datePublished\":\"2024-11-20T02:05:13+00:00\",\"dateModified\":\"2024-12-20T03:17:38+00:00\",\"description\":\"EDM graphite functionally shapes again by using ed electrical discharges to erode the velocity of the workpiece by means of ingle sign sequence in rate as desired.\",\"breadcrumb\":{\"@id\":\"https:\/\/jinsuncarbon.com\/product\/edm-graphite\/#breadcrumb\"},\"inLanguage\":\"fr-FR\",\"potentialAction\":[{\"@type\":\"ReadAction\",\"target\":[\"https:\/\/jinsuncarbon.com\/product\/edm-graphite\/\"]}]},{\"@type\":\"ImageObject\",\"inLanguage\":\"fr-FR\",\"@id\":\"https:\/\/jinsuncarbon.com\/product\/edm-graphite\/#primaryimage\",\"url\":\"https:\/\/jinsuncarbon.com\/wp-content\/uploads\/2024\/11\/EDM-graphite.jpg\",\"contentUrl\":\"https:\/\/jinsuncarbon.com\/wp-content\/uploads\/2024\/11\/EDM-graphite.jpg\",\"width\":1024,\"height\":763,\"caption\":\"EDM graphite - graphite for EDM\"},{\"@type\":\"BreadcrumbList\",\"@id\":\"https:\/\/jinsuncarbon.com\/product\/edm-graphite\/#breadcrumb\",\"itemListElement\":[{\"@type\":\"ListItem\",\"position\":1,\"name\":\"Home\",\"item\":\"https:\/\/jinsuncarbon.com\/\"},{\"@type\":\"ListItem\",\"position\":2,\"name\":\"Products\",\"item\":\"https:\/\/jinsuncarbon.com\/graphite-carbon\/\"},{\"@type\":\"ListItem\",\"position\":3,\"name\":\"EDM Graphite\"}]},{\"@type\":\"WebSite\",\"@id\":\"https:\/\/jinsuncarbon.com\/#website\",\"url\":\"https:\/\/jinsuncarbon.com\/\",\"name\":\"Jinsun Carbon\",\"description\":\"We are the successful graphite electrode manufacturer in China\",\"publisher\":{\"@id\":\"https:\/\/jinsuncarbon.com\/#organization\"},\"potentialAction\":[{\"@type\":\"SearchAction\",\"target\":{\"@type\":\"EntryPoint\",\"urlTemplate\":\"https:\/\/jinsuncarbon.com\/?s={search_term_string}\"},\"query-input\":{\"@type\":\"PropertyValueSpecification\",\"valueRequired\":true,\"valueName\":\"search_term_string\"}}],\"inLanguage\":\"fr-FR\"},{\"@type\":\"Organization\",\"@id\":\"https:\/\/jinsuncarbon.com\/#organization\",\"name\":\"Jinsun Carbon\",\"alternateName\":\"Jinsun Carbon\",\"url\":\"https:\/\/jinsuncarbon.com\/\",\"logo\":{\"@type\":\"ImageObject\",\"inLanguage\":\"fr-FR\",\"@id\":\"https:\/\/jinsuncarbon.com\/#\/schema\/logo\/image\/\",\"url\":\"https:\/\/jinsuncarbon.com\/wp-content\/uploads\/2022\/12\/LOGO-1.png\",\"contentUrl\":\"https:\/\/jinsuncarbon.com\/wp-content\/uploads\/2022\/12\/LOGO-1.png\",\"width\":207,\"height\":80,\"caption\":\"Jinsun Carbon\"},\"image\":{\"@id\":\"https:\/\/jinsuncarbon.com\/#\/schema\/logo\/image\/\"},\"sameAs\":[\"https:\/\/www.facebook.com\/Graphite-Electrode-109336238661595\",\"https:\/\/x.com\/jinsuncarbon_\",\"https:\/\/www.linkedin.com\/in\/jinsungraphite\",\"https:\/\/www.youtube.com\/channel\/UCysDNyvyR5-3cCWEmpkVC0g\"]}]}<\/script>\n<!-- \/ Yoast SEO Premium plugin. -->","yoast_head_json":{"title":"EDM Graphite Fabricant | Jinsun Carbon","description":"L'\u00e9lectro\u00e9rosion graphite fa\u00e7onne \u00e0 nouveau de mani\u00e8re fonctionnelle en utilisant des d\u00e9charges \u00e9lectriques pour \u00e9roder la vitesse de la pi\u00e8ce au moyen d'une s\u00e9quence de signes d'ingle \u00e0 la vitesse souhait\u00e9e.","robots":{"index":"index","follow":"follow","max-snippet":"max-snippet:-1","max-image-preview":"max-image-preview:large","max-video-preview":"max-video-preview:-1"},"canonical":"https:\/\/jinsuncarbon.com\/fr\/produit-2\/edm-graphite\/","og_locale":"fr_FR","og_type":"article","og_title":"EDM Graphite","og_description":"EDM graphite functionally shapes again by using ed electrical discharges to erode the velocity of the workpiece by means of ingle sign sequence in rate as desired.","og_url":"https:\/\/jinsuncarbon.com\/fr\/produit-2\/edm-graphite\/","og_site_name":"Jinsun Carbon","article_publisher":"https:\/\/www.facebook.com\/Graphite-Electrode-109336238661595","article_modified_time":"2024-12-20T03:17:38+00:00","og_image":[{"width":1024,"height":763,"url":"https:\/\/jinsuncarbon.com\/wp-content\/uploads\/2024\/11\/EDM-graphite.jpg","type":"image\/jpeg"}],"twitter_card":"summary_large_image","twitter_site":"@jinsuncarbon_","twitter_misc":{"Dur\u00e9e de lecture estim\u00e9e":"3 minutes"},"schema":{"@context":"https:\/\/schema.org","@graph":[{"@type":"WebPage","@id":"https:\/\/jinsuncarbon.com\/product\/edm-graphite\/","url":"https:\/\/jinsuncarbon.com\/product\/edm-graphite\/","name":"EDM Graphite Fabricant | Jinsun Carbon","isPartOf":{"@id":"https:\/\/jinsuncarbon.com\/#website"},"primaryImageOfPage":{"@id":"https:\/\/jinsuncarbon.com\/product\/edm-graphite\/#primaryimage"},"image":{"@id":"https:\/\/jinsuncarbon.com\/product\/edm-graphite\/#primaryimage"},"thumbnailUrl":"https:\/\/jinsuncarbon.com\/wp-content\/uploads\/2024\/11\/EDM-graphite.jpg","datePublished":"2024-11-20T02:05:13+00:00","dateModified":"2024-12-20T03:17:38+00:00","description":"L'\u00e9lectro\u00e9rosion graphite fa\u00e7onne \u00e0 nouveau de mani\u00e8re fonctionnelle en utilisant des d\u00e9charges \u00e9lectriques pour \u00e9roder la vitesse de la pi\u00e8ce au moyen d'une s\u00e9quence de signes d'ingle \u00e0 la vitesse souhait\u00e9e.","breadcrumb":{"@id":"https:\/\/jinsuncarbon.com\/product\/edm-graphite\/#breadcrumb"},"inLanguage":"fr-FR","potentialAction":[{"@type":"ReadAction","target":["https:\/\/jinsuncarbon.com\/product\/edm-graphite\/"]}]},{"@type":"ImageObject","inLanguage":"fr-FR","@id":"https:\/\/jinsuncarbon.com\/product\/edm-graphite\/#primaryimage","url":"https:\/\/jinsuncarbon.com\/wp-content\/uploads\/2024\/11\/EDM-graphite.jpg","contentUrl":"https:\/\/jinsuncarbon.com\/wp-content\/uploads\/2024\/11\/EDM-graphite.jpg","width":1024,"height":763,"caption":"EDM graphite - graphite for EDM"},{"@type":"BreadcrumbList","@id":"https:\/\/jinsuncarbon.com\/product\/edm-graphite\/#breadcrumb","itemListElement":[{"@type":"ListItem","position":1,"name":"Home","item":"https:\/\/jinsuncarbon.com\/"},{"@type":"ListItem","position":2,"name":"Products","item":"https:\/\/jinsuncarbon.com\/graphite-carbon\/"},{"@type":"ListItem","position":3,"name":"EDM Graphite"}]},{"@type":"WebSite","@id":"https:\/\/jinsuncarbon.com\/#website","url":"https:\/\/jinsuncarbon.com\/","name":"Jinsun Carbon","description":"Nous sommes le fabricant d'\u00e9lectrodes en graphite le plus performant de Chine.","publisher":{"@id":"https:\/\/jinsuncarbon.com\/#organization"},"potentialAction":[{"@type":"SearchAction","target":{"@type":"EntryPoint","urlTemplate":"https:\/\/jinsuncarbon.com\/?s={search_term_string}"},"query-input":{"@type":"PropertyValueSpecification","valueRequired":true,"valueName":"search_term_string"}}],"inLanguage":"fr-FR"},{"@type":"Organization","@id":"https:\/\/jinsuncarbon.com\/#organization","name":"Jinsun Carbon","alternateName":"Jinsun Carbon","url":"https:\/\/jinsuncarbon.com\/","logo":{"@type":"ImageObject","inLanguage":"fr-FR","@id":"https:\/\/jinsuncarbon.com\/#\/schema\/logo\/image\/","url":"https:\/\/jinsuncarbon.com\/wp-content\/uploads\/2022\/12\/LOGO-1.png","contentUrl":"https:\/\/jinsuncarbon.com\/wp-content\/uploads\/2022\/12\/LOGO-1.png","width":207,"height":80,"caption":"Jinsun Carbon"},"image":{"@id":"https:\/\/jinsuncarbon.com\/#\/schema\/logo\/image\/"},"sameAs":["https:\/\/www.facebook.com\/Graphite-Electrode-109336238661595","https:\/\/x.com\/jinsuncarbon_","https:\/\/www.linkedin.com\/in\/jinsungraphite","https:\/\/www.youtube.com\/channel\/UCysDNyvyR5-3cCWEmpkVC0g"]}]}},"_links":{"self":[{"href":"https:\/\/jinsuncarbon.com\/fr\/wp-json\/wp\/v2\/product\/6643","targetHints":{"allow":["GET"]}}],"collection":[{"href":"https:\/\/jinsuncarbon.com\/fr\/wp-json\/wp\/v2\/product"}],"about":[{"href":"https:\/\/jinsuncarbon.com\/fr\/wp-json\/wp\/v2\/types\/product"}],"wp:featuredmedia":[{"embeddable":true,"href":"https:\/\/jinsuncarbon.com\/fr\/wp-json\/wp\/v2\/media\/6719"}],"wp:attachment":[{"href":"https:\/\/jinsuncarbon.com\/fr\/wp-json\/wp\/v2\/media?parent=6643"}],"wp:term":[{"taxonomy":"product_brand","embeddable":true,"href":"https:\/\/jinsuncarbon.com\/fr\/wp-json\/wp\/v2\/product_brand?post=6643"},{"taxonomy":"product_cat","embeddable":true,"href":"https:\/\/jinsuncarbon.com\/fr\/wp-json\/wp\/v2\/product_cat?post=6643"},{"taxonomy":"product_tag","embeddable":true,"href":"https:\/\/jinsuncarbon.com\/fr\/wp-json\/wp\/v2\/product_tag?post=6643"}],"curies":[{"name":"wp","href":"https:\/\/api.w.org\/{rel}","templated":true}]}}