{"id":6640,"date":"2024-11-16T07:17:02","date_gmt":"2024-11-16T07:17:02","guid":{"rendered":"https:\/\/jinsuncarbon.com\/?post_type=product&#038;p=6640"},"modified":"2024-11-16T07:17:03","modified_gmt":"2024-11-16T07:17:03","slug":"echangeur-de-chaleur-bloc-de-graphite","status":"publish","type":"product","link":"https:\/\/jinsuncarbon.com\/fr\/produit-2\/echangeur-de-chaleur-bloc-de-graphite\/","title":{"rendered":"Bloc de graphite pour \u00e9changeur de chaleur"},"content":{"rendered":"<h2>Qu'est-ce que le bloc de graphite de l'\u00e9changeur de chaleur ?<\/h2>\n<p>Le bloc de graphite de l'\u00e9changeur de chaleur est un composant cl\u00e9 sp\u00e9cialement utilis\u00e9 dans l'\u00e9changeur de chaleur, qui se pr\u00e9sente sous la forme d'un bloc solide. Il est principalement constitu\u00e9 de graphite naturel ou de graphite synth\u00e9tique. Il est facile \u00e0 installer dans l'\u00e9changeur de chaleur. Il comporte de nombreux canaux internes qui permettent \u00e0 diff\u00e9rents fluides d'y circuler, afin de r\u00e9aliser l'\u00e9change de chaleur.<\/p>\n<p>&nbsp;<\/p>\n<h2>Comment le bloc de graphite est-il produit par l'\u00e9changeur de chaleur ?<\/h2>\n<p>Les blocs de graphite des \u00e9changeurs de chaleur prennent g\u00e9n\u00e9ralement la forme de cubes ou de cubes par le biais d'un processus d'extrusion. Le fabricant les transforme ensuite m\u00e9caniquement en fonction des exigences de taille sp\u00e9cifiques de l'\u00e9changeur de chaleur.<\/p>\n<p>&nbsp;<\/p>\n<h2>Diff\u00e9rents types<\/h2>\n<p>Nous fournissons une vari\u00e9t\u00e9 de blocs de graphite pour \u00e9changeurs de chaleur :<\/p>\n<p>Bloc de graphite press\u00e9 isostatiquement : Convient pour les sc\u00e9narios o\u00f9 la coh\u00e9rence de la densit\u00e9, de la r\u00e9sistance et de la performance est requise, comme dans le cas des semi-conducteurs.<\/p>\n<p>&nbsp;<\/p>\n<p>Bloc de graphite moul\u00e9 : Il est utilis\u00e9 dans les domaines industriels o\u00f9 la forme est requise et o\u00f9 l'isotropie de la performance n'est pas \u00e9lev\u00e9e, comme la fabrication de petits moules en graphite.<\/p>\n<p>&nbsp;<\/p>\n<p>Extruder le bloc de graphite : Il convient aux sc\u00e8nes o\u00f9 la longueur est requise et o\u00f9 la force principale est axiale, comme la fabrication d'\u00e9lectrodes en graphite.<\/p>\n<p>&nbsp;<\/p>\n<p>Pour plus d'informations sur ces types d'\u00e9changeurs de chaleur, votre fabricant d'\u00e9changeurs de chaleur en graphite vous fournira des conseils.<\/p>\n<p>&nbsp;<\/p>\n<h2>Caract\u00e9ristiques physiques et chimiques des blocs de graphite des \u00e9changeurs de chaleur<\/h2>\n<p>En termes de caract\u00e9ristiques physiques, le bloc de graphite de l'\u00e9changeur de chaleur a une bonne conductivit\u00e9 thermique et peut transf\u00e9rer efficacement la chaleur. Il pr\u00e9sente une r\u00e9sistance \u00e0 la compression et \u00e0 la flexion suffisante pour supporter la pression et l'impact du fluide \u00e0 l'int\u00e9rieur de l'\u00e9changeur de chaleur. D'un point de vue chimique, dans un environnement de travail d'\u00e9change de chaleur, il est chimiquement stable et r\u00e9sistant \u00e0 la corrosion qui peut \u00eatre caus\u00e9e par les substances circulant dans le fluide.<\/p>\n<p>&nbsp;<\/p>\n<h2>Application<\/h2>\n<p>Dans l'industrie de l'aluminium, les blocs de graphite des \u00e9changeurs de chaleur peuvent \u00eatre utilis\u00e9s pour le refroidissement des liquides d'aluminium et d'autres liens d'\u00e9change de chaleur. Ils assurent un contr\u00f4le pr\u00e9cis de la temp\u00e9rature du processus de production.<\/p>\n<p>Pour l'industrie sid\u00e9rurgique, qu'il s'agisse de la fusion, <a href=\"https:\/\/en.wikipedia.org\/wiki\/Refining\" target=\"_blank\" rel=\"noopener\">raffinage<\/a> ou l'\u00e9change de chaleur dans le processus de traitement thermique, elle ne peut en \u00eatre s\u00e9par\u00e9e.<\/p>\n<p>Dans le secteur de la production d'\u00e9lectricit\u00e9, <a href=\"https:\/\/jinsuncarbon.com\/fr\/produit-2\/bloc-de-graphite\/\">blocs de graphite<\/a> peut am\u00e9liorer efficacement l'efficacit\u00e9 de la conversion de l'\u00e9nergie. Assurer le fonctionnement stable du syst\u00e8me de production d'\u00e9nergie.<\/p>\n<p>&nbsp;<\/p>\n<h2>Principe du bloc de graphite de l'\u00e9changeur de chaleur<\/h2>\n<p>Le principe de fonctionnement est de fournir un bon moyen de conduction de la chaleur pour l'\u00e9change de chaleur en utilisant les caract\u00e9ristiques d'une conductivit\u00e9 thermique \u00e9lev\u00e9e. Dans l'\u00e9changeur de chaleur, sa structure de conception peut garantir que le fluide et les blocs de graphite ont une grande surface de contact.<\/p>\n<p>Pour le fonctionnement de l'\u00e9changeur de chaleur \u00e0 blocs de graphite.<\/p>\n<p>Sa conception structurelle unique joue un r\u00f4le cl\u00e9 dans l'\u00e9change de chaleur.<\/p>\n<p>&nbsp;<\/p>\n<h2>Le graphite bloque le r\u00e9seau de l'\u00e9changeur de chaleur<\/h2>\n<p>Les sp\u00e9cifications du bloc de graphite de l'\u00e9changeur de chaleur couvrent les dimensions, y compris la longueur, la largeur, la hauteur, etc. Nous pouvons personnaliser ces sp\u00e9cifications en fonction de la conception d'un \u00e9changeur de chaleur sp\u00e9cifique.<\/p>\n<p>Au cours du processus de production, nous contr\u00f4lons strictement la tol\u00e9rance dimensionnelle, et la finition de la surface est \u00e9galement un indicateur important.<\/p>\n<p>&nbsp;<\/p>\n<h2>Conception du bloc de graphite de l'\u00e9changeur de chaleur<\/h2>\n<p>De nombreux facteurs doivent \u00eatre pris en compte. Tout d'abord, le type d'\u00e9changeur de chaleur, tel que les blocs de graphite ou les coquilles et les tubes. Lors de la conception, il est n\u00e9cessaire de planifier soigneusement les canaux et voies internes, afin de guider l'\u00e9coulement du fluide. La trajectoire du fluide dans l'\u00e9changeur de chaleur doit \u00eatre raisonnable afin d'obtenir le meilleur effet de transfert de chaleur. Les fabricants d'\u00e9changeurs de chaleur en graphite accorderont donc toute leur attention \u00e0 ces points au cours du processus de conception et de production afin de cr\u00e9er des produits de haute qualit\u00e9 pour les applications industrielles. En g\u00e9n\u00e9ral, il est n\u00e9cessaire d'am\u00e9liorer l'efficacit\u00e9 du transfert de chaleur et de garantir la stabilit\u00e9.<\/p>","protected":false},"excerpt":{"rendered":"<p>Les blocs de graphite pour \u00e9change thermique sont principalement utilis\u00e9s dans les \u00e9quipements d'\u00e9change thermique de l'industrie chimique. Ils comprennent les \u00e9changeurs de chaleur en graphite et les condenseurs en graphite. Ils pr\u00e9sentent les caract\u00e9ristiques suivantes<\/p>\n<ul>\n<li>R\u00e9sistance aux hautes temp\u00e9ratures<\/li>\n<li>R\u00e9sistance \u00e0 la corrosion acide et alcaline<\/li>\n<li>Conductivit\u00e9 thermique \u00e9lev\u00e9e<\/li>\n<li>Haute r\u00e9sistance<\/li>\n<li>Longue dur\u00e9e de vie<\/li>\n<\/ul>","protected":false},"featured_media":6641,"template":"","meta":[],"product_brand":[],"product_cat":[38],"product_tag":[],"class_list":{"0":"post-6640","1":"product","2":"type-product","3":"status-publish","4":"has-post-thumbnail","6":"product_cat-graphite-products","8":"first","9":"instock","10":"shipping-taxable","11":"product-type-simple"},"yoast_head":"<!-- This site is optimized with the Yoast SEO Premium plugin v19.2.1 (Yoast SEO v25.3) - https:\/\/yoast.com\/wordpress\/plugins\/seo\/ -->\n<title>Heat Exchanger Graphite Block Manufacturer | Jinsun Carbon<\/title>\n<meta name=\"description\" content=\"The graphite block of heat exchanger is a key component specially used in heat exchanger, which exists in the form of solid block.\" \/>\n<meta name=\"robots\" content=\"index, follow, max-snippet:-1, max-image-preview:large, max-video-preview:-1\" \/>\n<link rel=\"canonical\" href=\"https:\/\/jinsuncarbon.com\/fr\/produit-2\/echangeur-de-chaleur-bloc-de-graphite\/\" \/>\n<meta property=\"og:locale\" content=\"fr_FR\" \/>\n<meta property=\"og:type\" content=\"article\" \/>\n<meta property=\"og:title\" content=\"Heat Exchanger Graphite Block\" \/>\n<meta property=\"og:description\" content=\"The graphite block of heat exchanger is a key component specially used in heat exchanger, which exists in the form of solid block.\" \/>\n<meta property=\"og:url\" content=\"https:\/\/jinsuncarbon.com\/fr\/produit-2\/echangeur-de-chaleur-bloc-de-graphite\/\" \/>\n<meta property=\"og:site_name\" content=\"Jinsun Carbon\" \/>\n<meta property=\"article:publisher\" content=\"https:\/\/www.facebook.com\/Graphite-Electrode-109336238661595\" \/>\n<meta property=\"article:modified_time\" content=\"2024-11-16T07:17:03+00:00\" \/>\n<meta property=\"og:image\" content=\"https:\/\/jinsuncarbon.com\/wp-content\/uploads\/2024\/11\/Heat-exchanger-graphite-block.jpg\" \/>\n\t<meta property=\"og:image:width\" content=\"1024\" \/>\n\t<meta property=\"og:image:height\" content=\"763\" \/>\n\t<meta property=\"og:image:type\" content=\"image\/jpeg\" \/>\n<meta name=\"twitter:card\" content=\"summary_large_image\" \/>\n<meta name=\"twitter:site\" content=\"@jinsuncarbon_\" \/>\n<meta name=\"twitter:label1\" content=\"Dur\u00e9e de lecture estim\u00e9e\" \/>\n\t<meta name=\"twitter:data1\" content=\"3 minutes\" \/>\n<script type=\"application\/ld+json\" class=\"yoast-schema-graph\">{\"@context\":\"https:\/\/schema.org\",\"@graph\":[{\"@type\":\"WebPage\",\"@id\":\"https:\/\/jinsuncarbon.com\/product\/heat-exchanger-graphite-block\/\",\"url\":\"https:\/\/jinsuncarbon.com\/product\/heat-exchanger-graphite-block\/\",\"name\":\"Heat Exchanger Graphite Block Manufacturer | Jinsun Carbon\",\"isPartOf\":{\"@id\":\"https:\/\/jinsuncarbon.com\/#website\"},\"primaryImageOfPage\":{\"@id\":\"https:\/\/jinsuncarbon.com\/product\/heat-exchanger-graphite-block\/#primaryimage\"},\"image\":{\"@id\":\"https:\/\/jinsuncarbon.com\/product\/heat-exchanger-graphite-block\/#primaryimage\"},\"thumbnailUrl\":\"https:\/\/jinsuncarbon.com\/wp-content\/uploads\/2024\/11\/Heat-exchanger-graphite-block.jpg\",\"datePublished\":\"2024-11-16T07:17:02+00:00\",\"dateModified\":\"2024-11-16T07:17:03+00:00\",\"description\":\"The graphite block of heat exchanger is a key component specially used in heat exchanger, which exists in the form of solid block.\",\"breadcrumb\":{\"@id\":\"https:\/\/jinsuncarbon.com\/product\/heat-exchanger-graphite-block\/#breadcrumb\"},\"inLanguage\":\"fr-FR\",\"potentialAction\":[{\"@type\":\"ReadAction\",\"target\":[\"https:\/\/jinsuncarbon.com\/product\/heat-exchanger-graphite-block\/\"]}]},{\"@type\":\"ImageObject\",\"inLanguage\":\"fr-FR\",\"@id\":\"https:\/\/jinsuncarbon.com\/product\/heat-exchanger-graphite-block\/#primaryimage\",\"url\":\"https:\/\/jinsuncarbon.com\/wp-content\/uploads\/2024\/11\/Heat-exchanger-graphite-block.jpg\",\"contentUrl\":\"https:\/\/jinsuncarbon.com\/wp-content\/uploads\/2024\/11\/Heat-exchanger-graphite-block.jpg\",\"width\":1024,\"height\":763,\"caption\":\"Heat exchanger graphite block\"},{\"@type\":\"BreadcrumbList\",\"@id\":\"https:\/\/jinsuncarbon.com\/product\/heat-exchanger-graphite-block\/#breadcrumb\",\"itemListElement\":[{\"@type\":\"ListItem\",\"position\":1,\"name\":\"Home\",\"item\":\"https:\/\/jinsuncarbon.com\/\"},{\"@type\":\"ListItem\",\"position\":2,\"name\":\"Products\",\"item\":\"https:\/\/jinsuncarbon.com\/graphite-carbon\/\"},{\"@type\":\"ListItem\",\"position\":3,\"name\":\"Heat Exchanger Graphite Block\"}]},{\"@type\":\"WebSite\",\"@id\":\"https:\/\/jinsuncarbon.com\/#website\",\"url\":\"https:\/\/jinsuncarbon.com\/\",\"name\":\"Jinsun Carbon\",\"description\":\"We are the successful graphite electrode manufacturer in China\",\"publisher\":{\"@id\":\"https:\/\/jinsuncarbon.com\/#organization\"},\"potentialAction\":[{\"@type\":\"SearchAction\",\"target\":{\"@type\":\"EntryPoint\",\"urlTemplate\":\"https:\/\/jinsuncarbon.com\/?s={search_term_string}\"},\"query-input\":{\"@type\":\"PropertyValueSpecification\",\"valueRequired\":true,\"valueName\":\"search_term_string\"}}],\"inLanguage\":\"fr-FR\"},{\"@type\":\"Organization\",\"@id\":\"https:\/\/jinsuncarbon.com\/#organization\",\"name\":\"Jinsun Carbon\",\"alternateName\":\"Jinsun Carbon\",\"url\":\"https:\/\/jinsuncarbon.com\/\",\"logo\":{\"@type\":\"ImageObject\",\"inLanguage\":\"fr-FR\",\"@id\":\"https:\/\/jinsuncarbon.com\/#\/schema\/logo\/image\/\",\"url\":\"https:\/\/jinsuncarbon.com\/wp-content\/uploads\/2022\/12\/LOGO-1.png\",\"contentUrl\":\"https:\/\/jinsuncarbon.com\/wp-content\/uploads\/2022\/12\/LOGO-1.png\",\"width\":207,\"height\":80,\"caption\":\"Jinsun Carbon\"},\"image\":{\"@id\":\"https:\/\/jinsuncarbon.com\/#\/schema\/logo\/image\/\"},\"sameAs\":[\"https:\/\/www.facebook.com\/Graphite-Electrode-109336238661595\",\"https:\/\/x.com\/jinsuncarbon_\",\"https:\/\/www.linkedin.com\/in\/jinsungraphite\",\"https:\/\/www.youtube.com\/channel\/UCysDNyvyR5-3cCWEmpkVC0g\"]}]}<\/script>\n<!-- \/ Yoast SEO Premium plugin. -->","yoast_head_json":{"title":"Bloc de graphite pour \u00e9changeur de chaleur | Jinsun Carbon","description":"Le bloc de graphite de l'\u00e9changeur de chaleur est un composant cl\u00e9 sp\u00e9cialement utilis\u00e9 dans l'\u00e9changeur de chaleur, qui se pr\u00e9sente sous la forme d'un bloc solide.","robots":{"index":"index","follow":"follow","max-snippet":"max-snippet:-1","max-image-preview":"max-image-preview:large","max-video-preview":"max-video-preview:-1"},"canonical":"https:\/\/jinsuncarbon.com\/fr\/produit-2\/echangeur-de-chaleur-bloc-de-graphite\/","og_locale":"fr_FR","og_type":"article","og_title":"Heat Exchanger Graphite Block","og_description":"The graphite block of heat exchanger is a key component specially used in heat exchanger, which exists in the form of solid block.","og_url":"https:\/\/jinsuncarbon.com\/fr\/produit-2\/echangeur-de-chaleur-bloc-de-graphite\/","og_site_name":"Jinsun Carbon","article_publisher":"https:\/\/www.facebook.com\/Graphite-Electrode-109336238661595","article_modified_time":"2024-11-16T07:17:03+00:00","og_image":[{"width":1024,"height":763,"url":"https:\/\/jinsuncarbon.com\/wp-content\/uploads\/2024\/11\/Heat-exchanger-graphite-block.jpg","type":"image\/jpeg"}],"twitter_card":"summary_large_image","twitter_site":"@jinsuncarbon_","twitter_misc":{"Dur\u00e9e de lecture estim\u00e9e":"3 minutes"},"schema":{"@context":"https:\/\/schema.org","@graph":[{"@type":"WebPage","@id":"https:\/\/jinsuncarbon.com\/product\/heat-exchanger-graphite-block\/","url":"https:\/\/jinsuncarbon.com\/product\/heat-exchanger-graphite-block\/","name":"Bloc de graphite pour \u00e9changeur de chaleur | Jinsun Carbon","isPartOf":{"@id":"https:\/\/jinsuncarbon.com\/#website"},"primaryImageOfPage":{"@id":"https:\/\/jinsuncarbon.com\/product\/heat-exchanger-graphite-block\/#primaryimage"},"image":{"@id":"https:\/\/jinsuncarbon.com\/product\/heat-exchanger-graphite-block\/#primaryimage"},"thumbnailUrl":"https:\/\/jinsuncarbon.com\/wp-content\/uploads\/2024\/11\/Heat-exchanger-graphite-block.jpg","datePublished":"2024-11-16T07:17:02+00:00","dateModified":"2024-11-16T07:17:03+00:00","description":"Le bloc de graphite de l'\u00e9changeur de chaleur est un composant cl\u00e9 sp\u00e9cialement utilis\u00e9 dans l'\u00e9changeur de chaleur, qui se pr\u00e9sente sous la forme d'un bloc solide.","breadcrumb":{"@id":"https:\/\/jinsuncarbon.com\/product\/heat-exchanger-graphite-block\/#breadcrumb"},"inLanguage":"fr-FR","potentialAction":[{"@type":"ReadAction","target":["https:\/\/jinsuncarbon.com\/product\/heat-exchanger-graphite-block\/"]}]},{"@type":"ImageObject","inLanguage":"fr-FR","@id":"https:\/\/jinsuncarbon.com\/product\/heat-exchanger-graphite-block\/#primaryimage","url":"https:\/\/jinsuncarbon.com\/wp-content\/uploads\/2024\/11\/Heat-exchanger-graphite-block.jpg","contentUrl":"https:\/\/jinsuncarbon.com\/wp-content\/uploads\/2024\/11\/Heat-exchanger-graphite-block.jpg","width":1024,"height":763,"caption":"Heat exchanger graphite block"},{"@type":"BreadcrumbList","@id":"https:\/\/jinsuncarbon.com\/product\/heat-exchanger-graphite-block\/#breadcrumb","itemListElement":[{"@type":"ListItem","position":1,"name":"Home","item":"https:\/\/jinsuncarbon.com\/"},{"@type":"ListItem","position":2,"name":"Products","item":"https:\/\/jinsuncarbon.com\/graphite-carbon\/"},{"@type":"ListItem","position":3,"name":"Heat Exchanger Graphite Block"}]},{"@type":"WebSite","@id":"https:\/\/jinsuncarbon.com\/#website","url":"https:\/\/jinsuncarbon.com\/","name":"Jinsun Carbon","description":"Nous sommes le fabricant d'\u00e9lectrodes en graphite le plus performant de Chine.","publisher":{"@id":"https:\/\/jinsuncarbon.com\/#organization"},"potentialAction":[{"@type":"SearchAction","target":{"@type":"EntryPoint","urlTemplate":"https:\/\/jinsuncarbon.com\/?s={search_term_string}"},"query-input":{"@type":"PropertyValueSpecification","valueRequired":true,"valueName":"search_term_string"}}],"inLanguage":"fr-FR"},{"@type":"Organization","@id":"https:\/\/jinsuncarbon.com\/#organization","name":"Jinsun Carbon","alternateName":"Jinsun Carbon","url":"https:\/\/jinsuncarbon.com\/","logo":{"@type":"ImageObject","inLanguage":"fr-FR","@id":"https:\/\/jinsuncarbon.com\/#\/schema\/logo\/image\/","url":"https:\/\/jinsuncarbon.com\/wp-content\/uploads\/2022\/12\/LOGO-1.png","contentUrl":"https:\/\/jinsuncarbon.com\/wp-content\/uploads\/2022\/12\/LOGO-1.png","width":207,"height":80,"caption":"Jinsun Carbon"},"image":{"@id":"https:\/\/jinsuncarbon.com\/#\/schema\/logo\/image\/"},"sameAs":["https:\/\/www.facebook.com\/Graphite-Electrode-109336238661595","https:\/\/x.com\/jinsuncarbon_","https:\/\/www.linkedin.com\/in\/jinsungraphite","https:\/\/www.youtube.com\/channel\/UCysDNyvyR5-3cCWEmpkVC0g"]}]}},"_links":{"self":[{"href":"https:\/\/jinsuncarbon.com\/fr\/wp-json\/wp\/v2\/product\/6640","targetHints":{"allow":["GET"]}}],"collection":[{"href":"https:\/\/jinsuncarbon.com\/fr\/wp-json\/wp\/v2\/product"}],"about":[{"href":"https:\/\/jinsuncarbon.com\/fr\/wp-json\/wp\/v2\/types\/product"}],"wp:featuredmedia":[{"embeddable":true,"href":"https:\/\/jinsuncarbon.com\/fr\/wp-json\/wp\/v2\/media\/6641"}],"wp:attachment":[{"href":"https:\/\/jinsuncarbon.com\/fr\/wp-json\/wp\/v2\/media?parent=6640"}],"wp:term":[{"taxonomy":"product_brand","embeddable":true,"href":"https:\/\/jinsuncarbon.com\/fr\/wp-json\/wp\/v2\/product_brand?post=6640"},{"taxonomy":"product_cat","embeddable":true,"href":"https:\/\/jinsuncarbon.com\/fr\/wp-json\/wp\/v2\/product_cat?post=6640"},{"taxonomy":"product_tag","embeddable":true,"href":"https:\/\/jinsuncarbon.com\/fr\/wp-json\/wp\/v2\/product_tag?post=6640"}],"curies":[{"name":"wp","href":"https:\/\/api.w.org\/{rel}","templated":true}]}}