{"id":6637,"date":"2024-11-16T06:09:04","date_gmt":"2024-11-16T06:09:04","guid":{"rendered":"https:\/\/jinsuncarbon.com\/?post_type=product&#038;p=6637"},"modified":"2024-11-24T05:28:58","modified_gmt":"2024-11-24T05:28:58","slug":"poudre-de-graphite-conductrice","status":"publish","type":"product","link":"https:\/\/jinsuncarbon.com\/fr\/produit-2\/poudre-de-graphite-conductrice\/","title":{"rendered":"Poudre de graphite conductrice"},"content":{"rendered":"<p>La poudre de graphite conducteur est une substance pulv\u00e9rulente obtenue \u00e0 partir du minerai de graphite par traitement et autres proc\u00e9d\u00e9s. Elle est petite et granuleuse et constitue un mat\u00e9riau indispensable dans de nombreuses applications industrielles. Les performances et la qualit\u00e9 de ces poudres de graphite varient en fonction des exigences des diff\u00e9rentes applications. Leurs principaux composants sont le carbone, qui s'appuie sur une structure unique pour assurer une fonction conductrice.<\/p>\n<p>&nbsp;<\/p>\n<h2>Comment la poudre de graphite conductrice est-elle produite ?<\/h2>\n<p>La production de poudre de graphite conductrice suit un processus strict. La premi\u00e8re \u00e9tape est la pr\u00e9paration des mati\u00e8res premi\u00e8res, dont les principales sont les suivantes :<\/p>\n<p>Minerai de graphite naturel : apr\u00e8s l'extraction et le criblage pr\u00e9liminaire.<\/p>\n<p>Additifs : par exemple, des produits chimiques sp\u00e9cifiques sont utilis\u00e9s pour r\u00e9guler les propri\u00e9t\u00e9s de la poudre de graphite.<\/p>\n<p>Le processus de production consiste d'abord \u00e0 pulv\u00e9riser le minerai de graphite naturel, puis \u00e0 le traiter en profondeur par des m\u00e9thodes chimiques ou physiques.<\/p>\n<p>Dans les m\u00e9thodes chimiques, certaines r\u00e9actions chimiques sont utilis\u00e9es pour modifier la structure cristalline du graphite afin d'am\u00e9liorer sa conductivit\u00e9. Les m\u00e9thodes physiques comprennent le traitement \u00e0 haute temp\u00e9rature, qui rend la structure interne du graphite plus propice \u00e0 la conduction des \u00e9lectrons. Apr\u00e8s une s\u00e9rie de traitements, de criblages, de broyages et d'autres \u00e9tapes, la poudre de graphite conductrice r\u00e9pond aux exigences.<\/p>\n<p>&nbsp;<\/p>\n<h2>Pourquoi le graphite est-il conducteur ?<\/h2>\n<p>Le graphite conduit l'\u00e9lectricit\u00e9 en raison de son cristal unique. <a href=\"https:\/\/www.asbury.com\/resources\/education\/graphite-101\/structural-description\/#:~:text=Graphite%20is%20composed%20of%20layers,one%20another%20on%20their%20edges.\" target=\"_blank\" rel=\"noopener\">structure<\/a>. Le graphite est une structure en couches. Chaque atome de carbone poss\u00e8de quatre \u00e9lectrons dans sa couche externe et, lors de la formation d'une liaison covalente, seuls trois \u00e9lectrons sont utilis\u00e9s, de sorte que chaque atome de carbone poss\u00e8de un \u00e9lectron qui peut se d\u00e9placer librement. Ces \u00e9lectrons libres peuvent se d\u00e9placer librement \u00e0 l'int\u00e9rieur des couches, tout comme les \u00e9lectrons libres dans les m\u00e9taux, ce qui permet au graphite de conduire l'\u00e9lectricit\u00e9.<\/p>\n<p>&nbsp;<\/p>\n<h2>Diff\u00e9rents types de graphite conducteur<\/h2>\n<p>Poudre - poudre de graphite expans\u00e9 : apr\u00e8s un processus d'expansion sp\u00e9cial, elle pr\u00e9sente une grande surface sp\u00e9cifique et une bonne flexibilit\u00e9, et peut jouer un r\u00f4le conducteur dans une vari\u00e9t\u00e9 d'environnements complexes.<\/p>\n<p>Poudre de graphite synth\u00e9tique : la puret\u00e9 et les performances de la poudre de graphite peuvent \u00eatre contr\u00f4l\u00e9es avec pr\u00e9cision en fonction des besoins.  Vous pouvez l'utiliser dans des domaines de haute technologie ayant des exigences \u00e9lev\u00e9es en mati\u00e8re de conductivit\u00e9 \u00e9lectrique.<\/p>\n<p><a href=\"https:\/\/jinsuncarbon.com\/fr\/produit-2\/graphite-naturel-en-paillettes\/\">Poudre de graphite naturel en paillettes<\/a>: Il provient d'un minerai de graphite naturel et conserve la structure naturelle en flocons du graphite. Cette structure est propice \u00e0 la conduction des \u00e9lectrons et offre un large \u00e9ventail d'applications dans certains domaines industriels traditionnels.<\/p>\n<p>&nbsp;<\/p>\n<h2>Propri\u00e9t\u00e9s physiques et chimiques de la poudre de graphite conductrice<\/h2>\n<p>En termes de propri\u00e9t\u00e9s physiques, il pr\u00e9sente une certaine densit\u00e9 et une certaine distribution de la granularit\u00e9, qui influencent son effet dans diff\u00e9rentes applications. Du point de vue des propri\u00e9t\u00e9s chimiques, il est relativement stable \u00e0 temp\u00e9rature ambiante et peut r\u00e9sister \u00e0 l'\u00e9rosion de certains produits chimiques courants. En m\u00eame temps, il poss\u00e8de une bonne lubrification, ce qui lui permet d'\u00eatre performant dans certains sc\u00e9narios d'application qui n\u00e9cessitent une r\u00e9duction de la friction.<\/p>\n<p>&nbsp;<\/p>\n<h2>Application<\/h2>\n<p>Dans le domaine du rev\u00eatement, la poudre de graphite conducteur peut \u00eatre utilis\u00e9e pour pr\u00e9parer une peinture au graphite conducteur.<\/p>\n<p>Pour les mat\u00e9riaux r\u00e9fractaires, la r\u00e9sistance aux temp\u00e9ratures \u00e9lev\u00e9es et la conductivit\u00e9 \u00e9lectrique du mat\u00e9riau peuvent \u00eatre am\u00e9lior\u00e9es.<\/p>\n<p>Dans l'industrie du moulage, il peut am\u00e9liorer la qualit\u00e9 et les performances du moulage.<\/p>\n<p>En tant que lubrifiant, il r\u00e9duit efficacement le coefficient de frottement.<\/p>\n<p>Dans le domaine des batteries, il s'agit d'un \u00e9l\u00e9ment important du mat\u00e9riau d'\u00e9lectrode. Il peut am\u00e9liorer les performances de charge et de d\u00e9charge de la batterie.<\/p>\n<p>Dans les composants \u00e9lectriques, la bonne conductivit\u00e9 \u00e9lectrique du circuit peut \u00eatre garantie, afin d'assurer le fonctionnement normal des appareils \u00e9lectriques.<\/p>\n<p>En outre, le graphite conducteur en a\u00e9rosol utilise \u00e9galement les caract\u00e9ristiques de la poudre de graphite conducteur et joue un r\u00f4le important dans les applications connexes.<\/p>","protected":false},"excerpt":{"rendered":"<p>La poudre de graphite conductrice, qui pr\u00e9sente une conductivit\u00e9 \u00e9lev\u00e9e, une r\u00e9sistance aux temp\u00e9ratures \u00e9lev\u00e9es et une r\u00e9sistance \u00e0 la corrosion, est largement utilis\u00e9e dans l'industrie et dans la vie courante.<\/p>\n<ul>\n<li>Fabrication de condensateurs de batterie et d'autres mat\u00e9riaux d'\u00e9lectrode<\/li>\n<li>Domaine a\u00e9rospatial Blindage antistatique et \u00e9lectromagn\u00e9tique<\/li>\n<li>Mat\u00e9riaux composites, am\u00e9lioration des propri\u00e9t\u00e9s m\u00e9caniques et de la conductivit\u00e9<\/li>\n<li>Mat\u00e9riaux de gestion thermique, facilitant la dissipation de la chaleur<\/li>\n<li>Lubrifiants, r\u00e9duction de l'usure<\/li>\n<li>Catalyseurs, utilis\u00e9s dans l'industrie chimique<\/li>\n<\/ul>","protected":false},"featured_media":6638,"template":"","meta":[],"product_brand":[],"product_cat":[40],"product_tag":[],"class_list":{"0":"post-6637","1":"product","2":"type-product","3":"status-publish","4":"has-post-thumbnail","6":"product_cat-petroleum-coke","8":"first","9":"instock","10":"shipping-taxable","11":"product-type-simple"},"yoast_head":"<!-- This site is optimized with the Yoast SEO Premium plugin v19.2.1 (Yoast SEO v25.3) - https:\/\/yoast.com\/wordpress\/plugins\/seo\/ -->\n<title>Conductive Graphite Powder Manufacturer | Jinsun Carbon<\/title>\n<meta name=\"description\" content=\"Conductive graphite powder, with high conductivity, high temperature resistance and corrosion resistance, is widely used in industry and life.\" \/>\n<meta name=\"robots\" content=\"index, follow, max-snippet:-1, max-image-preview:large, max-video-preview:-1\" \/>\n<link rel=\"canonical\" href=\"https:\/\/jinsuncarbon.com\/fr\/produit-2\/poudre-de-graphite-conductrice\/\" \/>\n<meta property=\"og:locale\" content=\"fr_FR\" \/>\n<meta property=\"og:type\" content=\"article\" \/>\n<meta property=\"og:title\" content=\"Conductive Graphite Powder\" \/>\n<meta property=\"og:description\" content=\"Conductive graphite powder, with high conductivity, high temperature resistance and corrosion resistance, is widely used in industry and life.\" \/>\n<meta property=\"og:url\" content=\"https:\/\/jinsuncarbon.com\/fr\/produit-2\/poudre-de-graphite-conductrice\/\" \/>\n<meta property=\"og:site_name\" content=\"Jinsun Carbon\" \/>\n<meta property=\"article:publisher\" content=\"https:\/\/www.facebook.com\/Graphite-Electrode-109336238661595\" \/>\n<meta property=\"article:modified_time\" content=\"2024-11-24T05:28:58+00:00\" \/>\n<meta property=\"og:image\" content=\"https:\/\/jinsuncarbon.com\/wp-content\/uploads\/2024\/11\/Conductive-graphite-powder.jpg\" \/>\n\t<meta property=\"og:image:width\" content=\"1024\" \/>\n\t<meta property=\"og:image:height\" content=\"763\" \/>\n\t<meta property=\"og:image:type\" content=\"image\/jpeg\" \/>\n<meta name=\"twitter:card\" content=\"summary_large_image\" \/>\n<meta name=\"twitter:site\" content=\"@jinsuncarbon_\" \/>\n<meta name=\"twitter:label1\" content=\"Dur\u00e9e de lecture estim\u00e9e\" \/>\n\t<meta name=\"twitter:data1\" content=\"3 minutes\" \/>\n<script type=\"application\/ld+json\" class=\"yoast-schema-graph\">{\"@context\":\"https:\/\/schema.org\",\"@graph\":[{\"@type\":\"WebPage\",\"@id\":\"https:\/\/jinsuncarbon.com\/product\/conductive-graphite-powder\/\",\"url\":\"https:\/\/jinsuncarbon.com\/product\/conductive-graphite-powder\/\",\"name\":\"Conductive Graphite Powder Manufacturer | Jinsun Carbon\",\"isPartOf\":{\"@id\":\"https:\/\/jinsuncarbon.com\/#website\"},\"primaryImageOfPage\":{\"@id\":\"https:\/\/jinsuncarbon.com\/product\/conductive-graphite-powder\/#primaryimage\"},\"image\":{\"@id\":\"https:\/\/jinsuncarbon.com\/product\/conductive-graphite-powder\/#primaryimage\"},\"thumbnailUrl\":\"https:\/\/jinsuncarbon.com\/wp-content\/uploads\/2024\/11\/Conductive-graphite-powder.jpg\",\"datePublished\":\"2024-11-16T06:09:04+00:00\",\"dateModified\":\"2024-11-24T05:28:58+00:00\",\"description\":\"Conductive graphite powder, with high conductivity, high temperature resistance and corrosion resistance, is widely used in industry and life.\",\"breadcrumb\":{\"@id\":\"https:\/\/jinsuncarbon.com\/product\/conductive-graphite-powder\/#breadcrumb\"},\"inLanguage\":\"fr-FR\",\"potentialAction\":[{\"@type\":\"ReadAction\",\"target\":[\"https:\/\/jinsuncarbon.com\/product\/conductive-graphite-powder\/\"]}]},{\"@type\":\"ImageObject\",\"inLanguage\":\"fr-FR\",\"@id\":\"https:\/\/jinsuncarbon.com\/product\/conductive-graphite-powder\/#primaryimage\",\"url\":\"https:\/\/jinsuncarbon.com\/wp-content\/uploads\/2024\/11\/Conductive-graphite-powder.jpg\",\"contentUrl\":\"https:\/\/jinsuncarbon.com\/wp-content\/uploads\/2024\/11\/Conductive-graphite-powder.jpg\",\"width\":1024,\"height\":763,\"caption\":\"Conductive graphite powder\"},{\"@type\":\"BreadcrumbList\",\"@id\":\"https:\/\/jinsuncarbon.com\/product\/conductive-graphite-powder\/#breadcrumb\",\"itemListElement\":[{\"@type\":\"ListItem\",\"position\":1,\"name\":\"Home\",\"item\":\"https:\/\/jinsuncarbon.com\/\"},{\"@type\":\"ListItem\",\"position\":2,\"name\":\"Products\",\"item\":\"https:\/\/jinsuncarbon.com\/graphite-carbon\/\"},{\"@type\":\"ListItem\",\"position\":3,\"name\":\"Conductive Graphite Powder\"}]},{\"@type\":\"WebSite\",\"@id\":\"https:\/\/jinsuncarbon.com\/#website\",\"url\":\"https:\/\/jinsuncarbon.com\/\",\"name\":\"Jinsun Carbon\",\"description\":\"We are the successful graphite electrode manufacturer in China\",\"publisher\":{\"@id\":\"https:\/\/jinsuncarbon.com\/#organization\"},\"potentialAction\":[{\"@type\":\"SearchAction\",\"target\":{\"@type\":\"EntryPoint\",\"urlTemplate\":\"https:\/\/jinsuncarbon.com\/?s={search_term_string}\"},\"query-input\":{\"@type\":\"PropertyValueSpecification\",\"valueRequired\":true,\"valueName\":\"search_term_string\"}}],\"inLanguage\":\"fr-FR\"},{\"@type\":\"Organization\",\"@id\":\"https:\/\/jinsuncarbon.com\/#organization\",\"name\":\"Jinsun Carbon\",\"alternateName\":\"Jinsun Carbon\",\"url\":\"https:\/\/jinsuncarbon.com\/\",\"logo\":{\"@type\":\"ImageObject\",\"inLanguage\":\"fr-FR\",\"@id\":\"https:\/\/jinsuncarbon.com\/#\/schema\/logo\/image\/\",\"url\":\"https:\/\/jinsuncarbon.com\/wp-content\/uploads\/2022\/12\/LOGO-1.png\",\"contentUrl\":\"https:\/\/jinsuncarbon.com\/wp-content\/uploads\/2022\/12\/LOGO-1.png\",\"width\":207,\"height\":80,\"caption\":\"Jinsun Carbon\"},\"image\":{\"@id\":\"https:\/\/jinsuncarbon.com\/#\/schema\/logo\/image\/\"},\"sameAs\":[\"https:\/\/www.facebook.com\/Graphite-Electrode-109336238661595\",\"https:\/\/x.com\/jinsuncarbon_\",\"https:\/\/www.linkedin.com\/in\/jinsungraphite\",\"https:\/\/www.youtube.com\/channel\/UCysDNyvyR5-3cCWEmpkVC0g\"]}]}<\/script>\n<!-- \/ Yoast SEO Premium plugin. -->","yoast_head_json":{"title":"Poudre de graphite conducteur | Jinsun Carbon","description":"La poudre de graphite conductrice, qui pr\u00e9sente une conductivit\u00e9 \u00e9lev\u00e9e, une r\u00e9sistance aux temp\u00e9ratures \u00e9lev\u00e9es et une r\u00e9sistance \u00e0 la corrosion, est largement utilis\u00e9e dans l'industrie et dans la vie courante.","robots":{"index":"index","follow":"follow","max-snippet":"max-snippet:-1","max-image-preview":"max-image-preview:large","max-video-preview":"max-video-preview:-1"},"canonical":"https:\/\/jinsuncarbon.com\/fr\/produit-2\/poudre-de-graphite-conductrice\/","og_locale":"fr_FR","og_type":"article","og_title":"Conductive Graphite Powder","og_description":"Conductive graphite powder, with high conductivity, high temperature resistance and corrosion resistance, is widely used in industry and life.","og_url":"https:\/\/jinsuncarbon.com\/fr\/produit-2\/poudre-de-graphite-conductrice\/","og_site_name":"Jinsun Carbon","article_publisher":"https:\/\/www.facebook.com\/Graphite-Electrode-109336238661595","article_modified_time":"2024-11-24T05:28:58+00:00","og_image":[{"width":1024,"height":763,"url":"https:\/\/jinsuncarbon.com\/wp-content\/uploads\/2024\/11\/Conductive-graphite-powder.jpg","type":"image\/jpeg"}],"twitter_card":"summary_large_image","twitter_site":"@jinsuncarbon_","twitter_misc":{"Dur\u00e9e de lecture estim\u00e9e":"3 minutes"},"schema":{"@context":"https:\/\/schema.org","@graph":[{"@type":"WebPage","@id":"https:\/\/jinsuncarbon.com\/product\/conductive-graphite-powder\/","url":"https:\/\/jinsuncarbon.com\/product\/conductive-graphite-powder\/","name":"Poudre de graphite conducteur | Jinsun Carbon","isPartOf":{"@id":"https:\/\/jinsuncarbon.com\/#website"},"primaryImageOfPage":{"@id":"https:\/\/jinsuncarbon.com\/product\/conductive-graphite-powder\/#primaryimage"},"image":{"@id":"https:\/\/jinsuncarbon.com\/product\/conductive-graphite-powder\/#primaryimage"},"thumbnailUrl":"https:\/\/jinsuncarbon.com\/wp-content\/uploads\/2024\/11\/Conductive-graphite-powder.jpg","datePublished":"2024-11-16T06:09:04+00:00","dateModified":"2024-11-24T05:28:58+00:00","description":"La poudre de graphite conductrice, qui pr\u00e9sente une conductivit\u00e9 \u00e9lev\u00e9e, une r\u00e9sistance aux temp\u00e9ratures \u00e9lev\u00e9es et une r\u00e9sistance \u00e0 la corrosion, est largement utilis\u00e9e dans l'industrie et dans la vie courante.","breadcrumb":{"@id":"https:\/\/jinsuncarbon.com\/product\/conductive-graphite-powder\/#breadcrumb"},"inLanguage":"fr-FR","potentialAction":[{"@type":"ReadAction","target":["https:\/\/jinsuncarbon.com\/product\/conductive-graphite-powder\/"]}]},{"@type":"ImageObject","inLanguage":"fr-FR","@id":"https:\/\/jinsuncarbon.com\/product\/conductive-graphite-powder\/#primaryimage","url":"https:\/\/jinsuncarbon.com\/wp-content\/uploads\/2024\/11\/Conductive-graphite-powder.jpg","contentUrl":"https:\/\/jinsuncarbon.com\/wp-content\/uploads\/2024\/11\/Conductive-graphite-powder.jpg","width":1024,"height":763,"caption":"Conductive graphite powder"},{"@type":"BreadcrumbList","@id":"https:\/\/jinsuncarbon.com\/product\/conductive-graphite-powder\/#breadcrumb","itemListElement":[{"@type":"ListItem","position":1,"name":"Home","item":"https:\/\/jinsuncarbon.com\/"},{"@type":"ListItem","position":2,"name":"Products","item":"https:\/\/jinsuncarbon.com\/graphite-carbon\/"},{"@type":"ListItem","position":3,"name":"Conductive Graphite Powder"}]},{"@type":"WebSite","@id":"https:\/\/jinsuncarbon.com\/#website","url":"https:\/\/jinsuncarbon.com\/","name":"Jinsun Carbon","description":"Nous sommes le fabricant d'\u00e9lectrodes en graphite le plus performant de Chine.","publisher":{"@id":"https:\/\/jinsuncarbon.com\/#organization"},"potentialAction":[{"@type":"SearchAction","target":{"@type":"EntryPoint","urlTemplate":"https:\/\/jinsuncarbon.com\/?s={search_term_string}"},"query-input":{"@type":"PropertyValueSpecification","valueRequired":true,"valueName":"search_term_string"}}],"inLanguage":"fr-FR"},{"@type":"Organization","@id":"https:\/\/jinsuncarbon.com\/#organization","name":"Jinsun Carbon","alternateName":"Jinsun Carbon","url":"https:\/\/jinsuncarbon.com\/","logo":{"@type":"ImageObject","inLanguage":"fr-FR","@id":"https:\/\/jinsuncarbon.com\/#\/schema\/logo\/image\/","url":"https:\/\/jinsuncarbon.com\/wp-content\/uploads\/2022\/12\/LOGO-1.png","contentUrl":"https:\/\/jinsuncarbon.com\/wp-content\/uploads\/2022\/12\/LOGO-1.png","width":207,"height":80,"caption":"Jinsun Carbon"},"image":{"@id":"https:\/\/jinsuncarbon.com\/#\/schema\/logo\/image\/"},"sameAs":["https:\/\/www.facebook.com\/Graphite-Electrode-109336238661595","https:\/\/x.com\/jinsuncarbon_","https:\/\/www.linkedin.com\/in\/jinsungraphite","https:\/\/www.youtube.com\/channel\/UCysDNyvyR5-3cCWEmpkVC0g"]}]}},"_links":{"self":[{"href":"https:\/\/jinsuncarbon.com\/fr\/wp-json\/wp\/v2\/product\/6637","targetHints":{"allow":["GET"]}}],"collection":[{"href":"https:\/\/jinsuncarbon.com\/fr\/wp-json\/wp\/v2\/product"}],"about":[{"href":"https:\/\/jinsuncarbon.com\/fr\/wp-json\/wp\/v2\/types\/product"}],"wp:featuredmedia":[{"embeddable":true,"href":"https:\/\/jinsuncarbon.com\/fr\/wp-json\/wp\/v2\/media\/6638"}],"wp:attachment":[{"href":"https:\/\/jinsuncarbon.com\/fr\/wp-json\/wp\/v2\/media?parent=6637"}],"wp:term":[{"taxonomy":"product_brand","embeddable":true,"href":"https:\/\/jinsuncarbon.com\/fr\/wp-json\/wp\/v2\/product_brand?post=6637"},{"taxonomy":"product_cat","embeddable":true,"href":"https:\/\/jinsuncarbon.com\/fr\/wp-json\/wp\/v2\/product_cat?post=6637"},{"taxonomy":"product_tag","embeddable":true,"href":"https:\/\/jinsuncarbon.com\/fr\/wp-json\/wp\/v2\/product_tag?post=6637"}],"curies":[{"name":"wp","href":"https:\/\/api.w.org\/{rel}","templated":true}]}}