{"id":6606,"date":"2024-11-13T15:59:00","date_gmt":"2024-11-13T15:59:00","guid":{"rendered":"https:\/\/jinsuncarbon.com\/?post_type=product&#038;p=6606"},"modified":"2024-12-01T13:29:59","modified_gmt":"2024-12-01T13:29:59","slug":"feuille-de-graphite","status":"publish","type":"product","link":"https:\/\/jinsuncarbon.com\/fr\/produit-2\/feuille-de-graphite\/","title":{"rendered":"Feuille de graphite"},"content":{"rendered":"<h2>Qu'est-ce qu'une feuille de graphite ?<\/h2>\n<p>La feuille de graphite est un mat\u00e9riau composite, dont le principal composant est le graphite, principalement utilis\u00e9 pour la gestion thermique. Elle poss\u00e8de une excellente conductivit\u00e9 thermique et \u00e9lectrique. En outre, il est extr\u00eamement souple et l\u00e9ger. La plupart des feuilles de graphite sont divis\u00e9es en graphite naturel et en graphite synth\u00e9tique.<\/p>\n<p>&nbsp;<\/p>\n<h2>Type de feuilles de graphite<\/h2>\n<p>&nbsp;<\/p>\n<p>Il existe de nombreux types de feuilles de graphite et diff\u00e9rentes cat\u00e9gories pour diff\u00e9rents domaines :<\/p>\n<p>&nbsp;<\/p>\n<p><strong>\u00a0Feuille de graphite synth\u00e9tique :<\/strong> par temp\u00e9rature \u00e9lev\u00e9e <a href=\"https:\/\/jinsuncarbon.com\/fr\/quest-ce-que-la-graphitisation\/\">graphitisation<\/a> Il poss\u00e8de une qualit\u00e9 tr\u00e8s pure et constante. Cela rend les feuilles de graphite synth\u00e9tique particuli\u00e8rement adapt\u00e9es au secteur de l'\u00e9lectronique, car une conductivit\u00e9 thermique fiable et une faible teneur en impuret\u00e9s sont les facteurs les plus importants dans ce domaine.<\/p>\n<p>&nbsp;<\/p>\n<p><strong>\u00a0Feuilles de graphite renforc\u00e9es :<\/strong> Ces feuilles ajoutent plus de mat\u00e9riaux tels que de l'acier inoxydable ou des mailles m\u00e9talliques que les autres afin de renforcer la r\u00e9sistance m\u00e9canique et les performances de compression. Les feuilles de graphite renforc\u00e9es sont utilis\u00e9es dans les environnements \u00e0 fortes contraintes m\u00e9caniques en g\u00e9n\u00e9ral, qui n\u00e9cessitent plus de flexibilit\u00e9 et de r\u00e9sistance pour les applications d'\u00e9tanch\u00e9it\u00e9.<\/p>\n<p>&nbsp;<\/p>\n<p><strong>\u00a0Feuille de graphite flexible :<\/strong> Comme son nom l'indique, la feuille de graphite flexible est extr\u00eamement souple pour s'adapter \u00e0 diverses formes et surfaces, ce qui la rend tr\u00e8s efficace dans les joints d'\u00e9tanch\u00e9it\u00e9. Elles sont largement utilis\u00e9es sur des surfaces irr\u00e9guli\u00e8res ou dans des interstices, car elles peuvent assurer efficacement l'\u00e9tanch\u00e9it\u00e9 et la gestion thermique.<\/p>\n<p>&nbsp;<\/p>\n<p><strong>\u00a0Feuilles de graphite pyrolytique :<\/strong> Fabriqu\u00e9e par d\u00e9p\u00f4t chimique en phase vapeur (CVD), la feuille de graphite pyrolytique poss\u00e8de des structures tr\u00e8s ordonn\u00e9es et une excellente conductivit\u00e9 thermique. En raison de sa haute conductivit\u00e9 thermique et de sa puret\u00e9, il est couramment utilis\u00e9 dans des applications haut de gamme, afin d'afficher ses excellentes performances.<\/p>\n<p>&nbsp;<\/p>\n<p><strong>Feuilles de graphite pur :<\/strong> Elles sont fabriqu\u00e9es \u00e0 partir de graphite pur, sans aucun agent de remplissage ni liant. En raison de leurs propri\u00e9t\u00e9s uniques, les feuilles de graphite pur sont utilis\u00e9es dans des applications de haute puret\u00e9, telles que les laboratoires et les appareils \u00e9lectroniques sensibles qui n\u00e9cessitent des mat\u00e9riaux exempts de contaminants.<\/p>\n<p>&nbsp;<\/p>\n<p><strong>Feuilles de graphite :<\/strong> Le graphite expans\u00e9 est transform\u00e9 en feuilles plus minces et plus flexibles. Il est g\u00e9n\u00e9ralement utilis\u00e9 comme joint d'\u00e9tanch\u00e9it\u00e9 \u00e0 haute temp\u00e9rature ou comme barri\u00e8re thermique dans les domaines o\u00f9 les exigences en mati\u00e8re de temp\u00e9rature \u00e9lev\u00e9e sont \u00e9lev\u00e9es.<\/p>\n<p>&nbsp;<\/p>\n<h2>Processus de fabrication<\/h2>\n<p>&nbsp;<\/p>\n<p>Il existe deux m\u00e9thodes principales de fabrication du graphite : les proc\u00e9d\u00e9s m\u00e9caniques et les proc\u00e9d\u00e9s chimiques. Cela d\u00e9pend des types requis et des besoins d'application :<\/p>\n<p>&nbsp;<\/p>\n<p>Traitement m\u00e9canique : une machine sp\u00e9cifique comprime le graphite expans\u00e9 pour former des feuilles d'une \u00e9paisseur et d'une densit\u00e9 sp\u00e9cifiques. Le traitement m\u00e9canique est g\u00e9n\u00e9ralement utilis\u00e9 pour produire des feuilles de graphite flexibles, afin de conserver la structure en couches naturelle du graphite et de pr\u00e9server sa flexibilit\u00e9.<\/p>\n<p>&nbsp;<\/p>\n<p>Traitement chimique : ce proc\u00e9d\u00e9, en particulier le d\u00e9p\u00f4t chimique en phase vapeur (CVD), permet de produire des feuilles de graphite pyrolytique. Au cours de ce processus, les atomes de carbone se d\u00e9posent couche par couche, pour former une structure tr\u00e8s ordonn\u00e9e. Le graphite pyrolytique peut ainsi offrir une excellente conductivit\u00e9 thermique et une grande puret\u00e9.<\/p>\n<p>&nbsp;<\/p>\n<h2>Propri\u00e9t\u00e9s<\/h2>\n<p>Propri\u00e9t\u00e9s physiques :<\/p>\n<p>Morphologie et structure : Les feuilles de graphite poss\u00e8dent des structures en couches, ce qui signifie des liaisons atomiques fortes \u00e0 l'int\u00e9rieur des couches et des interactions plus faibles entre les couches. Cette structure conf\u00e8re au graphite une certaine flexibilit\u00e9, car chaque couche peut glisser, ce qui permet au mat\u00e9riau d'\u00eatre model\u00e9 et de s'adapter aux surfaces.<\/p>\n<p>Conductivit\u00e9 thermique : Les feuilles de graphite ont une conductivit\u00e9 thermique \u00e9lev\u00e9e, g\u00e9n\u00e9ralement comprise entre 300 et 1500 W\/mk, ce qui permet un transfert de chaleur efficace. Cette propri\u00e9t\u00e9 joue un r\u00f4le important dans les applications \u00e9lectroniques o\u00f9 la chaleur doit \u00eatre dissip\u00e9e rapidement.<\/p>\n<p>Conductivit\u00e9 \u00e9lectrique : Gr\u00e2ce aux \u00e9lectrons libres pr\u00e9sents dans la structure du graphite, les feuilles de graphite poss\u00e8dent une incroyable conductivit\u00e9 \u00e9lectrique. Dans certaines applications sp\u00e9ciales, telles que <a href=\"https:\/\/en.wikipedia.org\/wiki\/Thermal_conductivity_and_resistivity\" target=\"_blank\" rel=\"noopener\">conductivit\u00e9 thermique<\/a> et la conductivit\u00e9 \u00e9lectrique, cette propri\u00e9t\u00e9 est tr\u00e8s align\u00e9e.<\/p>\n<p>Processabilit\u00e9 : les feuilles de graphite peuvent \u00eatre coup\u00e9es, fa\u00e7onn\u00e9es et stratifi\u00e9es facilement, et leur \u00e9paisseur peut varier de 0,05 \u00e0 1 m\u00e8tre. Cette processabilit\u00e9 est n\u00e9cessaire dans les secteurs de l'\u00e9lectronique et de l'automobile, o\u00f9 un assemblage pr\u00e9cis est requis.<\/p>\n<p>&nbsp;<\/p>\n<p>Propri\u00e9t\u00e9 chimique :<\/p>\n<p>Stabilit\u00e9 thermique : Les feuilles de graphite peuvent conserver l'int\u00e9grit\u00e9 de leur structure \u00e0 des temp\u00e9ratures \u00e9lev\u00e9es. Par ailleurs, dans un environnement sans oxyg\u00e8ne, la stabilit\u00e9 thermique des feuilles de graphite peut atteindre 400 degr\u00e9s Celsius, ce qui les rend tr\u00e8s adapt\u00e9es aux applications \u00e0 haute temp\u00e9rature.<\/p>\n<p>Stabilit\u00e9 chimique : les feuilles de graphite sont r\u00e9sistantes \u00e0 la plupart des produits chimiques, tels que les acides et les bases. Cela permet d'assurer la durabilit\u00e9 des feuilles de graphite dans les environnements corrosifs et d'allonger leur dur\u00e9e de vie.<\/p>\n<p>Autres propri\u00e9t\u00e9s chimiques : les feuilles de graphite sont peu perm\u00e9ables aux gaz et aux liquides, ce qui les rend efficaces dans les applications industrielles en tant que joints et garnitures.<\/p>\n<p>&nbsp;<\/p>\n<h2>Applications<\/h2>\n<p>Gr\u00e2ce \u00e0 ses propri\u00e9t\u00e9s uniques, les feuilles de graphite ont un large \u00e9ventail d'applications. Il existe six applications courantes :<\/p>\n<p>Produits \u00e9lectroniques : les feuilles de graphite sont largement utilis\u00e9es dans la gestion thermique des smartphones, des tablettes et des ordinateurs portables. En conduisant et en dissipant efficacement la chaleur, elles permettent d'\u00e9viter la surchauffe des appareils, am\u00e9liorant ainsi leurs performances et prolongeant leur dur\u00e9e de vie.<\/p>\n<p>Automobile : dans les v\u00e9hicules modernes, les v\u00e9hicules \u00e9lectriques, les feuilles de graphite sont utilis\u00e9es pour la gestion thermique des batteries et des modules \u00e9lectroniques. Elles permettent d'am\u00e9liorer les performances et la s\u00e9curit\u00e9 des batteries gr\u00e2ce \u00e0 une gestion thermique efficace. Ceci est tr\u00e8s important pour le d\u00e9veloppement des v\u00e9hicules \u00e9lectriques et hybrides.<\/p>\n<p>A\u00e9rospatiale : Les feuilles de graphite assurent la protection thermique des engins spatiaux, des satellites et des avions dans le domaine de l'a\u00e9rospatiale. En raison de sa grande stabilit\u00e9 thermique et de sa l\u00e9g\u00e8ret\u00e9, le graphite convient parfaitement aux composants critiques de l'a\u00e9rospatiale qui doivent r\u00e9pondre \u00e0 des exigences strictes en mati\u00e8re de r\u00e9sistance aux temp\u00e9ratures \u00e9lev\u00e9es.<\/p>\n<p>Machines industrielles : Les feuilles de graphite sont toujours utilis\u00e9es dans des environnements \u00e0 haute temp\u00e9rature et \u00e0 haute pression comme joints d'\u00e9tanch\u00e9it\u00e9. Dans ce domaine particulier, la durabilit\u00e9 et la fiabilit\u00e9 jouent un r\u00f4le important. Elles sont couramment utilis\u00e9es, par exemple, dans le traitement chimique, la production d'\u00e9nergie et d'autres machines industrielles.<\/p>\n<p>\u00c9clairage LED : dans les syst\u00e8mes LED, ils sont utilis\u00e9s pour la dissipation de la chaleur, afin d'aider la machine \u00e0 maintenir des conditions de fonctionnement optimales et \u00e0 prolonger sa dur\u00e9e de vie.<\/p>\n<p>\u00c9quipement m\u00e9dical : dans l'\u00e9quipement m\u00e9dical, qui n\u00e9cessite une gestion thermique pr\u00e9cise, les feuilles de graphite sont \u00e9galement irrempla\u00e7ables. Par exemple, les \u00e9quipements d'imagerie et autres dispositifs de diagnostic \u00e0 temp\u00e9rature sensible. Elles permettent de maintenir la temp\u00e9rature stable afin de garantir la fiabilit\u00e9 et les performances de l'appareil.<\/p>","protected":false},"excerpt":{"rendered":"<p>Les feuilles de graphite peuvent \u00eatre transform\u00e9es en diff\u00e9rentes \u00e9paisseurs et formes, avec une conductivit\u00e9 thermique et \u00e9lectrique \u00e9lev\u00e9e et une stabilit\u00e9 chimique. C'est le principal mat\u00e9riau utilis\u00e9 dans l'\u00e9lectronique, l'automobile, l'a\u00e9rospatiale et les \u00e9quipements m\u00e9dicaux. Les propri\u00e9t\u00e9s uniques des feuilles de graphite en mati\u00e8re de conductivit\u00e9 thermique et \u00e9lectrique les rendent indispensables dans de nombreuses applications qui ont des exigences directes en mati\u00e8re de dissipation de la chaleur, de durabilit\u00e9 et d'adaptabilit\u00e9.<\/p>","protected":false},"featured_media":6607,"template":"","meta":[],"product_brand":[],"product_cat":[38],"product_tag":[],"class_list":{"0":"post-6606","1":"product","2":"type-product","3":"status-publish","4":"has-post-thumbnail","6":"product_cat-graphite-products","8":"first","9":"instock","10":"shipping-taxable","11":"product-type-simple"},"yoast_head":"<!-- This site is optimized with the Yoast SEO Premium plugin v19.2.1 (Yoast SEO v25.3) - https:\/\/yoast.com\/wordpress\/plugins\/seo\/ -->\n<title>Graphite Sheet Manufacturer in China<\/title>\n<meta name=\"description\" content=\"Graphite sheet, as a contemporary material, possess excellent thermal and electric conductivity . Meanwhile it have outstanding flexibility and lightweight.\" \/>\n<meta name=\"robots\" content=\"index, follow, max-snippet:-1, max-image-preview:large, max-video-preview:-1\" \/>\n<link rel=\"canonical\" href=\"https:\/\/jinsuncarbon.com\/fr\/produit-2\/feuille-de-graphite\/\" \/>\n<meta property=\"og:locale\" content=\"fr_FR\" \/>\n<meta property=\"og:type\" content=\"article\" \/>\n<meta property=\"og:title\" content=\"Graphite Sheet\" \/>\n<meta property=\"og:description\" content=\"Graphite sheet, as a contemporary material, possess excellent thermal and electric conductivity . Meanwhile it have outstanding flexibility and lightweight.\" \/>\n<meta property=\"og:url\" content=\"https:\/\/jinsuncarbon.com\/fr\/produit-2\/feuille-de-graphite\/\" \/>\n<meta property=\"og:site_name\" content=\"Jinsun Carbon\" \/>\n<meta property=\"article:publisher\" content=\"https:\/\/www.facebook.com\/Graphite-Electrode-109336238661595\" \/>\n<meta property=\"article:modified_time\" content=\"2024-12-01T13:29:59+00:00\" \/>\n<meta property=\"og:image\" content=\"https:\/\/jinsuncarbon.com\/wp-content\/uploads\/2024\/11\/Graphite-sheet.jpg\" \/>\n\t<meta property=\"og:image:width\" content=\"1024\" \/>\n\t<meta property=\"og:image:height\" content=\"763\" \/>\n\t<meta property=\"og:image:type\" content=\"image\/jpeg\" \/>\n<meta name=\"twitter:card\" content=\"summary_large_image\" \/>\n<meta name=\"twitter:site\" content=\"@jinsuncarbon_\" \/>\n<meta name=\"twitter:label1\" content=\"Dur\u00e9e de lecture estim\u00e9e\" \/>\n\t<meta name=\"twitter:data1\" content=\"5 minutes\" \/>\n<script type=\"application\/ld+json\" class=\"yoast-schema-graph\">{\"@context\":\"https:\/\/schema.org\",\"@graph\":[{\"@type\":\"WebPage\",\"@id\":\"https:\/\/jinsuncarbon.com\/product\/graphite-sheet\/\",\"url\":\"https:\/\/jinsuncarbon.com\/product\/graphite-sheet\/\",\"name\":\"Graphite Sheet Manufacturer in China\",\"isPartOf\":{\"@id\":\"https:\/\/jinsuncarbon.com\/#website\"},\"primaryImageOfPage\":{\"@id\":\"https:\/\/jinsuncarbon.com\/product\/graphite-sheet\/#primaryimage\"},\"image\":{\"@id\":\"https:\/\/jinsuncarbon.com\/product\/graphite-sheet\/#primaryimage\"},\"thumbnailUrl\":\"https:\/\/jinsuncarbon.com\/wp-content\/uploads\/2024\/11\/Graphite-sheet.jpg\",\"datePublished\":\"2024-11-13T15:59:00+00:00\",\"dateModified\":\"2024-12-01T13:29:59+00:00\",\"description\":\"Graphite sheet, as a contemporary material, possess excellent thermal and electric conductivity . Meanwhile it have outstanding flexibility and lightweight.\",\"breadcrumb\":{\"@id\":\"https:\/\/jinsuncarbon.com\/product\/graphite-sheet\/#breadcrumb\"},\"inLanguage\":\"fr-FR\",\"potentialAction\":[{\"@type\":\"ReadAction\",\"target\":[\"https:\/\/jinsuncarbon.com\/product\/graphite-sheet\/\"]}]},{\"@type\":\"ImageObject\",\"inLanguage\":\"fr-FR\",\"@id\":\"https:\/\/jinsuncarbon.com\/product\/graphite-sheet\/#primaryimage\",\"url\":\"https:\/\/jinsuncarbon.com\/wp-content\/uploads\/2024\/11\/Graphite-sheet.jpg\",\"contentUrl\":\"https:\/\/jinsuncarbon.com\/wp-content\/uploads\/2024\/11\/Graphite-sheet.jpg\",\"width\":1024,\"height\":763,\"caption\":\"Graphite sheet\"},{\"@type\":\"BreadcrumbList\",\"@id\":\"https:\/\/jinsuncarbon.com\/product\/graphite-sheet\/#breadcrumb\",\"itemListElement\":[{\"@type\":\"ListItem\",\"position\":1,\"name\":\"Home\",\"item\":\"https:\/\/jinsuncarbon.com\/\"},{\"@type\":\"ListItem\",\"position\":2,\"name\":\"Products\",\"item\":\"https:\/\/jinsuncarbon.com\/graphite-carbon\/\"},{\"@type\":\"ListItem\",\"position\":3,\"name\":\"Graphite Sheet\"}]},{\"@type\":\"WebSite\",\"@id\":\"https:\/\/jinsuncarbon.com\/#website\",\"url\":\"https:\/\/jinsuncarbon.com\/\",\"name\":\"Jinsun Carbon\",\"description\":\"We are the successful graphite electrode manufacturer in China\",\"publisher\":{\"@id\":\"https:\/\/jinsuncarbon.com\/#organization\"},\"potentialAction\":[{\"@type\":\"SearchAction\",\"target\":{\"@type\":\"EntryPoint\",\"urlTemplate\":\"https:\/\/jinsuncarbon.com\/?s={search_term_string}\"},\"query-input\":{\"@type\":\"PropertyValueSpecification\",\"valueRequired\":true,\"valueName\":\"search_term_string\"}}],\"inLanguage\":\"fr-FR\"},{\"@type\":\"Organization\",\"@id\":\"https:\/\/jinsuncarbon.com\/#organization\",\"name\":\"Jinsun Carbon\",\"alternateName\":\"Jinsun Carbon\",\"url\":\"https:\/\/jinsuncarbon.com\/\",\"logo\":{\"@type\":\"ImageObject\",\"inLanguage\":\"fr-FR\",\"@id\":\"https:\/\/jinsuncarbon.com\/#\/schema\/logo\/image\/\",\"url\":\"https:\/\/jinsuncarbon.com\/wp-content\/uploads\/2022\/12\/LOGO-1.png\",\"contentUrl\":\"https:\/\/jinsuncarbon.com\/wp-content\/uploads\/2022\/12\/LOGO-1.png\",\"width\":207,\"height\":80,\"caption\":\"Jinsun Carbon\"},\"image\":{\"@id\":\"https:\/\/jinsuncarbon.com\/#\/schema\/logo\/image\/\"},\"sameAs\":[\"https:\/\/www.facebook.com\/Graphite-Electrode-109336238661595\",\"https:\/\/x.com\/jinsuncarbon_\",\"https:\/\/www.linkedin.com\/in\/jinsungraphite\",\"https:\/\/www.youtube.com\/channel\/UCysDNyvyR5-3cCWEmpkVC0g\"]}]}<\/script>\n<!-- \/ Yoast SEO Premium plugin. -->","yoast_head_json":{"title":"Feuilles de graphite fabriqu\u00e9es en Chine","description":"La feuille de graphite, en tant que mat\u00e9riau contemporain, poss\u00e8de une excellente conductivit\u00e9 thermique et \u00e9lectrique. En outre, elle pr\u00e9sente une flexibilit\u00e9 et une l\u00e9g\u00e8ret\u00e9 exceptionnelles.","robots":{"index":"index","follow":"follow","max-snippet":"max-snippet:-1","max-image-preview":"max-image-preview:large","max-video-preview":"max-video-preview:-1"},"canonical":"https:\/\/jinsuncarbon.com\/fr\/produit-2\/feuille-de-graphite\/","og_locale":"fr_FR","og_type":"article","og_title":"Graphite Sheet","og_description":"Graphite sheet, as a contemporary material, possess excellent thermal and electric conductivity . Meanwhile it have outstanding flexibility and lightweight.","og_url":"https:\/\/jinsuncarbon.com\/fr\/produit-2\/feuille-de-graphite\/","og_site_name":"Jinsun Carbon","article_publisher":"https:\/\/www.facebook.com\/Graphite-Electrode-109336238661595","article_modified_time":"2024-12-01T13:29:59+00:00","og_image":[{"width":1024,"height":763,"url":"https:\/\/jinsuncarbon.com\/wp-content\/uploads\/2024\/11\/Graphite-sheet.jpg","type":"image\/jpeg"}],"twitter_card":"summary_large_image","twitter_site":"@jinsuncarbon_","twitter_misc":{"Dur\u00e9e de lecture estim\u00e9e":"5 minutes"},"schema":{"@context":"https:\/\/schema.org","@graph":[{"@type":"WebPage","@id":"https:\/\/jinsuncarbon.com\/product\/graphite-sheet\/","url":"https:\/\/jinsuncarbon.com\/product\/graphite-sheet\/","name":"Feuilles de graphite fabriqu\u00e9es en Chine","isPartOf":{"@id":"https:\/\/jinsuncarbon.com\/#website"},"primaryImageOfPage":{"@id":"https:\/\/jinsuncarbon.com\/product\/graphite-sheet\/#primaryimage"},"image":{"@id":"https:\/\/jinsuncarbon.com\/product\/graphite-sheet\/#primaryimage"},"thumbnailUrl":"https:\/\/jinsuncarbon.com\/wp-content\/uploads\/2024\/11\/Graphite-sheet.jpg","datePublished":"2024-11-13T15:59:00+00:00","dateModified":"2024-12-01T13:29:59+00:00","description":"La feuille de graphite, en tant que mat\u00e9riau contemporain, poss\u00e8de une excellente conductivit\u00e9 thermique et \u00e9lectrique. En outre, elle pr\u00e9sente une flexibilit\u00e9 et une l\u00e9g\u00e8ret\u00e9 exceptionnelles.","breadcrumb":{"@id":"https:\/\/jinsuncarbon.com\/product\/graphite-sheet\/#breadcrumb"},"inLanguage":"fr-FR","potentialAction":[{"@type":"ReadAction","target":["https:\/\/jinsuncarbon.com\/product\/graphite-sheet\/"]}]},{"@type":"ImageObject","inLanguage":"fr-FR","@id":"https:\/\/jinsuncarbon.com\/product\/graphite-sheet\/#primaryimage","url":"https:\/\/jinsuncarbon.com\/wp-content\/uploads\/2024\/11\/Graphite-sheet.jpg","contentUrl":"https:\/\/jinsuncarbon.com\/wp-content\/uploads\/2024\/11\/Graphite-sheet.jpg","width":1024,"height":763,"caption":"Graphite sheet"},{"@type":"BreadcrumbList","@id":"https:\/\/jinsuncarbon.com\/product\/graphite-sheet\/#breadcrumb","itemListElement":[{"@type":"ListItem","position":1,"name":"Home","item":"https:\/\/jinsuncarbon.com\/"},{"@type":"ListItem","position":2,"name":"Products","item":"https:\/\/jinsuncarbon.com\/graphite-carbon\/"},{"@type":"ListItem","position":3,"name":"Graphite Sheet"}]},{"@type":"WebSite","@id":"https:\/\/jinsuncarbon.com\/#website","url":"https:\/\/jinsuncarbon.com\/","name":"Jinsun Carbon","description":"Nous sommes le fabricant d'\u00e9lectrodes en graphite le plus performant de Chine.","publisher":{"@id":"https:\/\/jinsuncarbon.com\/#organization"},"potentialAction":[{"@type":"SearchAction","target":{"@type":"EntryPoint","urlTemplate":"https:\/\/jinsuncarbon.com\/?s={search_term_string}"},"query-input":{"@type":"PropertyValueSpecification","valueRequired":true,"valueName":"search_term_string"}}],"inLanguage":"fr-FR"},{"@type":"Organization","@id":"https:\/\/jinsuncarbon.com\/#organization","name":"Jinsun Carbon","alternateName":"Jinsun Carbon","url":"https:\/\/jinsuncarbon.com\/","logo":{"@type":"ImageObject","inLanguage":"fr-FR","@id":"https:\/\/jinsuncarbon.com\/#\/schema\/logo\/image\/","url":"https:\/\/jinsuncarbon.com\/wp-content\/uploads\/2022\/12\/LOGO-1.png","contentUrl":"https:\/\/jinsuncarbon.com\/wp-content\/uploads\/2022\/12\/LOGO-1.png","width":207,"height":80,"caption":"Jinsun Carbon"},"image":{"@id":"https:\/\/jinsuncarbon.com\/#\/schema\/logo\/image\/"},"sameAs":["https:\/\/www.facebook.com\/Graphite-Electrode-109336238661595","https:\/\/x.com\/jinsuncarbon_","https:\/\/www.linkedin.com\/in\/jinsungraphite","https:\/\/www.youtube.com\/channel\/UCysDNyvyR5-3cCWEmpkVC0g"]}]}},"_links":{"self":[{"href":"https:\/\/jinsuncarbon.com\/fr\/wp-json\/wp\/v2\/product\/6606","targetHints":{"allow":["GET"]}}],"collection":[{"href":"https:\/\/jinsuncarbon.com\/fr\/wp-json\/wp\/v2\/product"}],"about":[{"href":"https:\/\/jinsuncarbon.com\/fr\/wp-json\/wp\/v2\/types\/product"}],"wp:featuredmedia":[{"embeddable":true,"href":"https:\/\/jinsuncarbon.com\/fr\/wp-json\/wp\/v2\/media\/6607"}],"wp:attachment":[{"href":"https:\/\/jinsuncarbon.com\/fr\/wp-json\/wp\/v2\/media?parent=6606"}],"wp:term":[{"taxonomy":"product_brand","embeddable":true,"href":"https:\/\/jinsuncarbon.com\/fr\/wp-json\/wp\/v2\/product_brand?post=6606"},{"taxonomy":"product_cat","embeddable":true,"href":"https:\/\/jinsuncarbon.com\/fr\/wp-json\/wp\/v2\/product_cat?post=6606"},{"taxonomy":"product_tag","embeddable":true,"href":"https:\/\/jinsuncarbon.com\/fr\/wp-json\/wp\/v2\/product_tag?post=6606"}],"curies":[{"name":"wp","href":"https:\/\/api.w.org\/{rel}","templated":true}]}}