{"id":6600,"date":"2024-11-13T15:15:13","date_gmt":"2024-11-13T15:15:13","guid":{"rendered":"https:\/\/jinsuncarbon.com\/?post_type=product&#038;p=6600"},"modified":"2024-11-13T15:23:29","modified_gmt":"2024-11-13T15:23:29","slug":"bagues-en-graphite","status":"publish","type":"product","link":"https:\/\/jinsuncarbon.com\/fr\/produit-2\/bagues-en-graphite\/","title":{"rendered":"Bagues en graphite"},"content":{"rendered":"<p>Les bagues en graphite sont des composants essentiels des machines. Ces bagues sont compos\u00e9es de graphite, de m\u00e9tal et d'autres mat\u00e9riaux. Elles sont utilis\u00e9es pour minimiser le frottement entre les composants mobiles. Ces manchons sont en effet tr\u00e8s efficaces dans un certain nombre d'applications puisque le graphite est utilis\u00e9 en raison de ses propri\u00e9t\u00e9s autolubrifiantes naturelles. En outre, ils sont disponibles dans une vari\u00e9t\u00e9 de formes et de tailles en fonction des besoins. Les propri\u00e9t\u00e9s de leur mat\u00e9riau leur conf\u00e8rent une r\u00e9sistance exceptionnelle aux environnements difficiles.<\/p>\n<h2>Caract\u00e9ristiques principales<\/h2>\n<h4>Autolubrifiant<\/h4>\n<p>Coussinets en graphite Il s'agit d'un polym\u00e8re autolubrifi\u00e9 qui lib\u00e8re du lubrifiant pendant le mouvement de glissement. Cela minimise les contraintes sur les composants, ce qui permet une conduite plus souple \u00e0 long terme.<\/p>\n<h4>Tol\u00e9rance aux temp\u00e9ratures \u00e9lev\u00e9es<\/h4>\n<p>Le graphite r\u00e9siste aux temp\u00e9ratures \u00e9lev\u00e9es. Par cons\u00e9quent, ces roulements sont destin\u00e9s \u00e0 des situations o\u00f9 il y a une substance thermique. Il n'y a pas de d\u00e9composition ou de perte d'assaisonnement, m\u00eame \u00e0 des temp\u00e9ratures \u00e9lev\u00e9es, ce qui les rend adapt\u00e9s \u00e0 des utilisations haut de gamme.<\/p>\n<h4>Faible friction<\/h4>\n<p>Le graphite est naturellement lisse. Il r\u00e9duit donc la friction entre les pi\u00e8ces mobiles, ce qui se traduit par des performances accrues et une dur\u00e9e de vie plus longue. En outre, cette conception permet un fonctionnement en douceur sans aucune r\u00e9sistance.<\/p>\n<h4>R\u00e9sistant \u00e0 la corrosion<\/h4>\n<p>Le graphite pr\u00e9sente une r\u00e9sistance \u00e9lev\u00e9e \u00e0 la corrosion. De ce fait, les coussinets en graphite ont une longue dur\u00e9e de vie et une grande fiabilit\u00e9. Ces roulements peuvent \u00eatre utilis\u00e9s dans des conditions humides, acides ou salines et rester en l'\u00e9tat en cas de panne l\u00e9g\u00e8re.<\/p>\n<h4>Fonctionnement silencieux<\/h4>\n<p>En r\u00e9duisant le frottement, le graphite r\u00e9duit \u00e9galement le bruit. Ils aident les machines \u00e0 fonctionner silencieusement, de sorte qu'elles ne produisent pas de bruit. Le contr\u00f4le du bruit est extr\u00eamement important dans certaines industries.<\/p>\n<h2>Pourquoi choisir les bagues en graphite ?<\/h2>\n<h4>R\u00e9duction de la maintenance<\/h4>\n<p>Le graphite \u00e9tant autolubrifiant, l'entretien de ces bagues sera moins fr\u00e9quent. Cela permet de r\u00e9duire les temps d'arr\u00eat et les co\u00fbts d'exploitation.<\/p>\n<h4>Rentabilit\u00e9<\/h4>\n<p>Les bagues en graphite pr\u00e9sentent g\u00e9n\u00e9ralement des caract\u00e9ristiques avanc\u00e9es et des avantages plus importants, tout en \u00e9tant souvent moins ch\u00e8res que d'autres mat\u00e9riaux. En outre, elles minimisent les frais d'entretien, ne n\u00e9cessitent que peu ou pas de lubrifiants auxiliaires et ont une longue dur\u00e9e de vie.<\/p>\n<h4>Des performances fiables<\/h4>\n<p>Les bagues en graphite fonctionnent de la m\u00eame mani\u00e8re pendant toute la dur\u00e9e de vie du roulement. Faites-leur confiance pour travailler dans des conditions difficiles car ils r\u00e9sistent aux temp\u00e9ratures \u00e9lev\u00e9es, \u00e0 la corrosion et minimisent le frottement.<\/p>\n<h2>Applications<\/h2>\n<h4>Industrie automobile<\/h4>\n<p>Les bagues en graphite sont devenues tr\u00e8s populaires dans l'industrie automobile. Elles sont utilis\u00e9es pour les pi\u00e8ces du moteur, les syst\u00e8mes de suspension et la direction. C'est pourquoi elles constituent une pi\u00e8ce ma\u00eetresse pour les applications automobiles, car elles sont r\u00e9sistantes aux temp\u00e9ratures \u00e9lev\u00e9es et tr\u00e8s durables.<\/p>\n<h4>Usines chimiques<\/h4>\n<p>On trouve des bagues en graphite dans les pompes, les vannes et les \u00e9quipements connexes utilis\u00e9s dans les usines chimiques. Cette r\u00e9sistance \u00e0 la corrosion est importante dans les zones o\u00f9 l'on trouve des produits chimiques. C'est pourquoi elle est suffisamment durable pour r\u00e9sister aux conditions difficiles.<\/p>\n<h4>A\u00e9rospatiale<\/h4>\n<p>Ils ont \u00e9galement \u00e9t\u00e9 utilis\u00e9s dans l'industrie a\u00e9rospatiale pour les composants soumis \u00e0 de fortes contraintes, tels que les moteurs, les trains d'atterrissage et d'autres pi\u00e8ces.<\/p>\n<h4>Pompes et vannes<\/h4>\n<p>Les bagues en graphite sont souvent utilis\u00e9es dans les pompes et les vannes pour r\u00e9duire les frottements. Elles sont donc id\u00e9ales pour ces syst\u00e8mes, car elles ne n\u00e9cessitent pas de lubrification suppl\u00e9mentaire, mais aussi lorsque les performances doivent \u00eatre fiables et constantes.<\/p>\n<h2>Types de bagues en graphite<\/h2>\n<h4>Bagues en bronze et graphite<\/h4>\n<p>Ainsi, le bronze et le graphite se combinent parfaitement dans ce type de bagues. Le produit final est un mat\u00e9riau qui r\u00e9siste \u00e0 des charges \u00e9lev\u00e9es et \u00e0 des conditions difficiles. Ils sont couramment utilis\u00e9s dans les \u00e9quipements lourds.<\/p>\n<h4>Bagues en carbone graphite<\/h4>\n<p>Nous fabriquons des bagues en carbone <a href=\"https:\/\/jinsuncarbon.com\/fr\/quest-ce-que-le-graphite-moule\/\">graphite<\/a> qui pr\u00e9sentent une bonne r\u00e9sistance \u00e0 l'usure et un faible coefficient de frottement. Ils sont souvent utilis\u00e9s dans des applications industrielles qui requi\u00e8rent une grande robustesse et des performances \u00e9lev\u00e9es.<\/p>\n<h4>Bagues graphite-cuivre<\/h4>\n<p>Ils combinent les propri\u00e9t\u00e9s conductrices d'\u00e9lectricit\u00e9 du cuivre et les propri\u00e9t\u00e9s m\u00e9caniques lubrifiantes du graphite. Ces bagues conviennent donc parfaitement aux applications qui n\u00e9cessitent une dissipation de la chaleur ainsi qu'une autolubrification.<\/p>\n<h4>Bagues en graphite impr\u00e9gn\u00e9<\/h4>\n<p>Afin d'am\u00e9liorer leurs performances, l'huile ou d'autres <a href=\"https:\/\/www.sciencedirect.com\/topics\/earth-and-planetary-sciences\/lubricant#:~:text=A%20lubricant%20is%20a%20substance,operation%20of%20engines%20and%20machinery.\" target=\"_blank\" rel=\"noopener\">lubrifiants<\/a> sont tremp\u00e9s dans ces coussinets. Les coussinets sont tr\u00e8s r\u00e9sistants et sont couramment utilis\u00e9s dans les \u00e9quipements de haute performance.<\/p>\n<h2>Avantages<\/h2>\n<h4>Longue dur\u00e9e de vie<\/h4>\n<p>Le graphite \u00e9tant un mat\u00e9riau naturellement autolubrifiant, une fois la bague correctement install\u00e9e, sa dur\u00e9e de vie est g\u00e9n\u00e9ralement plus longue. Elles sont r\u00e9sistantes \u00e0 l'usure et \u00e0 la corrosion. Elles r\u00e9sistent aux temp\u00e9ratures \u00e9lev\u00e9es. Pour cette raison, ils ont une dur\u00e9e de vie plus longue que la plupart des autres types de roulements.<\/p>\n<h4>S\u00e9curit\u00e9<\/h4>\n<p>Les bagues en graphite permettent de r\u00e9duire les pannes au sein de l'\u00e9quipement. En raison de leur tol\u00e9rance \u00e9lev\u00e9e \u00e0 la temp\u00e9rature et de leur faible frottement, elles contribuent au bon fonctionnement des machines en \u00e9vitant les pannes soudaines. Par cons\u00e9quent, toutes les op\u00e9rations sont plus s\u00fbres.<\/p>\n<h4>Polyvalence<\/h4>\n<p>Les bagues en graphite poss\u00e8dent toutes ces propri\u00e9t\u00e9s et peuvent \u00eatre utilis\u00e9es dans de nombreux types d'industries. Elles sont capables de r\u00e9pondre \u00e0 tous les besoins de votre secteur industriel, qu'il s'agisse de l'automobile, de l'a\u00e9rospatiale ou de l'industrie chimique. Elles peuvent \u00eatre adapt\u00e9es \u00e0 de nombreuses applications gr\u00e2ce \u00e0 leur conception personnalis\u00e9e.<\/p>\n<p>&nbsp;<\/p>","protected":false},"excerpt":{"rendered":"<p>La bague en graphite est une sorte de manchon de roulement dont le mat\u00e9riau principal est le graphite. Il poss\u00e8de de nombreuses propri\u00e9t\u00e9s excellentes des mat\u00e9riaux en graphite, telles que l'autolubrification, la r\u00e9sistance aux temp\u00e9ratures \u00e9lev\u00e9es, la r\u00e9sistance \u00e0 la corrosion, la l\u00e9g\u00e8ret\u00e9 et la conductivit\u00e9 thermique \u00e9lev\u00e9e. Ces caract\u00e9ristiques font que les douilles en graphite sont largement utilis\u00e9es dans de nombreux domaines industriels.<\/p>","protected":false},"featured_media":6603,"template":"","meta":[],"product_brand":[],"product_cat":[38],"product_tag":[],"class_list":{"0":"post-6600","1":"product","2":"type-product","3":"status-publish","4":"has-post-thumbnail","6":"product_cat-graphite-products","8":"first","9":"instock","10":"shipping-taxable","11":"product-type-simple"},"yoast_head":"<!-- This site is optimized with the Yoast SEO Premium plugin v19.2.1 (Yoast SEO v25.3) - https:\/\/yoast.com\/wordpress\/plugins\/seo\/ -->\n<title>Graphite Bushings Manufacturer | Jinsun Carbon<\/title>\n<meta name=\"description\" content=\"Graphite bushings is a kind of bearing sleeve made of graphite as the main material. It has many excellent properties of graphite materials.\" \/>\n<meta name=\"robots\" content=\"index, follow, max-snippet:-1, max-image-preview:large, max-video-preview:-1\" \/>\n<link rel=\"canonical\" href=\"https:\/\/jinsuncarbon.com\/fr\/produit-2\/bagues-en-graphite\/\" \/>\n<meta property=\"og:locale\" content=\"fr_FR\" \/>\n<meta property=\"og:type\" content=\"article\" \/>\n<meta property=\"og:title\" content=\"Graphite Bushings\" \/>\n<meta property=\"og:description\" content=\"Graphite bushings is a kind of bearing sleeve made of graphite as the main material. It has many excellent properties of graphite materials.\" \/>\n<meta property=\"og:url\" content=\"https:\/\/jinsuncarbon.com\/fr\/produit-2\/bagues-en-graphite\/\" \/>\n<meta property=\"og:site_name\" content=\"Jinsun Carbon\" \/>\n<meta property=\"article:publisher\" content=\"https:\/\/www.facebook.com\/Graphite-Electrode-109336238661595\" \/>\n<meta property=\"article:modified_time\" content=\"2024-11-13T15:23:29+00:00\" \/>\n<meta property=\"og:image\" content=\"https:\/\/jinsuncarbon.com\/wp-content\/uploads\/2024\/11\/Graphite-Bushings-.jpg\" \/>\n\t<meta property=\"og:image:width\" content=\"1024\" \/>\n\t<meta property=\"og:image:height\" content=\"763\" \/>\n\t<meta property=\"og:image:type\" content=\"image\/jpeg\" \/>\n<meta name=\"twitter:card\" content=\"summary_large_image\" \/>\n<meta name=\"twitter:site\" content=\"@jinsuncarbon_\" \/>\n<meta name=\"twitter:label1\" content=\"Dur\u00e9e de lecture estim\u00e9e\" \/>\n\t<meta name=\"twitter:data1\" content=\"4 minutes\" \/>\n<script type=\"application\/ld+json\" class=\"yoast-schema-graph\">{\"@context\":\"https:\/\/schema.org\",\"@graph\":[{\"@type\":\"WebPage\",\"@id\":\"https:\/\/jinsuncarbon.com\/product\/graphite-bushings\/\",\"url\":\"https:\/\/jinsuncarbon.com\/product\/graphite-bushings\/\",\"name\":\"Graphite Bushings Manufacturer | Jinsun Carbon\",\"isPartOf\":{\"@id\":\"https:\/\/jinsuncarbon.com\/#website\"},\"primaryImageOfPage\":{\"@id\":\"https:\/\/jinsuncarbon.com\/product\/graphite-bushings\/#primaryimage\"},\"image\":{\"@id\":\"https:\/\/jinsuncarbon.com\/product\/graphite-bushings\/#primaryimage\"},\"thumbnailUrl\":\"https:\/\/jinsuncarbon.com\/wp-content\/uploads\/2024\/11\/Graphite-Bushings-.jpg\",\"datePublished\":\"2024-11-13T15:15:13+00:00\",\"dateModified\":\"2024-11-13T15:23:29+00:00\",\"description\":\"Graphite bushings is a kind of bearing sleeve made of graphite as the main material. It has many excellent properties of graphite materials.\",\"breadcrumb\":{\"@id\":\"https:\/\/jinsuncarbon.com\/product\/graphite-bushings\/#breadcrumb\"},\"inLanguage\":\"fr-FR\",\"potentialAction\":[{\"@type\":\"ReadAction\",\"target\":[\"https:\/\/jinsuncarbon.com\/product\/graphite-bushings\/\"]}]},{\"@type\":\"ImageObject\",\"inLanguage\":\"fr-FR\",\"@id\":\"https:\/\/jinsuncarbon.com\/product\/graphite-bushings\/#primaryimage\",\"url\":\"https:\/\/jinsuncarbon.com\/wp-content\/uploads\/2024\/11\/Graphite-Bushings-.jpg\",\"contentUrl\":\"https:\/\/jinsuncarbon.com\/wp-content\/uploads\/2024\/11\/Graphite-Bushings-.jpg\",\"width\":1024,\"height\":763,\"caption\":\"Graphite Bushings\"},{\"@type\":\"BreadcrumbList\",\"@id\":\"https:\/\/jinsuncarbon.com\/product\/graphite-bushings\/#breadcrumb\",\"itemListElement\":[{\"@type\":\"ListItem\",\"position\":1,\"name\":\"Home\",\"item\":\"https:\/\/jinsuncarbon.com\/\"},{\"@type\":\"ListItem\",\"position\":2,\"name\":\"Products\",\"item\":\"https:\/\/jinsuncarbon.com\/graphite-carbon\/\"},{\"@type\":\"ListItem\",\"position\":3,\"name\":\"Graphite Bushings\"}]},{\"@type\":\"WebSite\",\"@id\":\"https:\/\/jinsuncarbon.com\/#website\",\"url\":\"https:\/\/jinsuncarbon.com\/\",\"name\":\"Jinsun Carbon\",\"description\":\"We are the successful graphite electrode manufacturer in China\",\"publisher\":{\"@id\":\"https:\/\/jinsuncarbon.com\/#organization\"},\"potentialAction\":[{\"@type\":\"SearchAction\",\"target\":{\"@type\":\"EntryPoint\",\"urlTemplate\":\"https:\/\/jinsuncarbon.com\/?s={search_term_string}\"},\"query-input\":{\"@type\":\"PropertyValueSpecification\",\"valueRequired\":true,\"valueName\":\"search_term_string\"}}],\"inLanguage\":\"fr-FR\"},{\"@type\":\"Organization\",\"@id\":\"https:\/\/jinsuncarbon.com\/#organization\",\"name\":\"Jinsun Carbon\",\"alternateName\":\"Jinsun Carbon\",\"url\":\"https:\/\/jinsuncarbon.com\/\",\"logo\":{\"@type\":\"ImageObject\",\"inLanguage\":\"fr-FR\",\"@id\":\"https:\/\/jinsuncarbon.com\/#\/schema\/logo\/image\/\",\"url\":\"https:\/\/jinsuncarbon.com\/wp-content\/uploads\/2022\/12\/LOGO-1.png\",\"contentUrl\":\"https:\/\/jinsuncarbon.com\/wp-content\/uploads\/2022\/12\/LOGO-1.png\",\"width\":207,\"height\":80,\"caption\":\"Jinsun Carbon\"},\"image\":{\"@id\":\"https:\/\/jinsuncarbon.com\/#\/schema\/logo\/image\/\"},\"sameAs\":[\"https:\/\/www.facebook.com\/Graphite-Electrode-109336238661595\",\"https:\/\/x.com\/jinsuncarbon_\",\"https:\/\/www.linkedin.com\/in\/jinsungraphite\",\"https:\/\/www.youtube.com\/channel\/UCysDNyvyR5-3cCWEmpkVC0g\"]}]}<\/script>\n<!-- \/ Yoast SEO Premium plugin. -->","yoast_head_json":{"title":"Fabricant de bagues en graphite | Jinsun Carbon","description":"Les coussinets en graphite sont une sorte de manchon de roulement dont le mat\u00e9riau principal est le graphite. Il poss\u00e8de de nombreuses propri\u00e9t\u00e9s excellentes des mat\u00e9riaux en graphite.","robots":{"index":"index","follow":"follow","max-snippet":"max-snippet:-1","max-image-preview":"max-image-preview:large","max-video-preview":"max-video-preview:-1"},"canonical":"https:\/\/jinsuncarbon.com\/fr\/produit-2\/bagues-en-graphite\/","og_locale":"fr_FR","og_type":"article","og_title":"Graphite Bushings","og_description":"Graphite bushings is a kind of bearing sleeve made of graphite as the main material. It has many excellent properties of graphite materials.","og_url":"https:\/\/jinsuncarbon.com\/fr\/produit-2\/bagues-en-graphite\/","og_site_name":"Jinsun Carbon","article_publisher":"https:\/\/www.facebook.com\/Graphite-Electrode-109336238661595","article_modified_time":"2024-11-13T15:23:29+00:00","og_image":[{"width":1024,"height":763,"url":"https:\/\/jinsuncarbon.com\/wp-content\/uploads\/2024\/11\/Graphite-Bushings-.jpg","type":"image\/jpeg"}],"twitter_card":"summary_large_image","twitter_site":"@jinsuncarbon_","twitter_misc":{"Dur\u00e9e de lecture estim\u00e9e":"4 minutes"},"schema":{"@context":"https:\/\/schema.org","@graph":[{"@type":"WebPage","@id":"https:\/\/jinsuncarbon.com\/product\/graphite-bushings\/","url":"https:\/\/jinsuncarbon.com\/product\/graphite-bushings\/","name":"Fabricant de bagues en graphite | Jinsun Carbon","isPartOf":{"@id":"https:\/\/jinsuncarbon.com\/#website"},"primaryImageOfPage":{"@id":"https:\/\/jinsuncarbon.com\/product\/graphite-bushings\/#primaryimage"},"image":{"@id":"https:\/\/jinsuncarbon.com\/product\/graphite-bushings\/#primaryimage"},"thumbnailUrl":"https:\/\/jinsuncarbon.com\/wp-content\/uploads\/2024\/11\/Graphite-Bushings-.jpg","datePublished":"2024-11-13T15:15:13+00:00","dateModified":"2024-11-13T15:23:29+00:00","description":"Les coussinets en graphite sont une sorte de manchon de roulement dont le mat\u00e9riau principal est le graphite. Il poss\u00e8de de nombreuses propri\u00e9t\u00e9s excellentes des mat\u00e9riaux en graphite.","breadcrumb":{"@id":"https:\/\/jinsuncarbon.com\/product\/graphite-bushings\/#breadcrumb"},"inLanguage":"fr-FR","potentialAction":[{"@type":"ReadAction","target":["https:\/\/jinsuncarbon.com\/product\/graphite-bushings\/"]}]},{"@type":"ImageObject","inLanguage":"fr-FR","@id":"https:\/\/jinsuncarbon.com\/product\/graphite-bushings\/#primaryimage","url":"https:\/\/jinsuncarbon.com\/wp-content\/uploads\/2024\/11\/Graphite-Bushings-.jpg","contentUrl":"https:\/\/jinsuncarbon.com\/wp-content\/uploads\/2024\/11\/Graphite-Bushings-.jpg","width":1024,"height":763,"caption":"Graphite Bushings"},{"@type":"BreadcrumbList","@id":"https:\/\/jinsuncarbon.com\/product\/graphite-bushings\/#breadcrumb","itemListElement":[{"@type":"ListItem","position":1,"name":"Home","item":"https:\/\/jinsuncarbon.com\/"},{"@type":"ListItem","position":2,"name":"Products","item":"https:\/\/jinsuncarbon.com\/graphite-carbon\/"},{"@type":"ListItem","position":3,"name":"Graphite Bushings"}]},{"@type":"WebSite","@id":"https:\/\/jinsuncarbon.com\/#website","url":"https:\/\/jinsuncarbon.com\/","name":"Jinsun Carbon","description":"Nous sommes le fabricant d'\u00e9lectrodes en graphite le plus performant de Chine.","publisher":{"@id":"https:\/\/jinsuncarbon.com\/#organization"},"potentialAction":[{"@type":"SearchAction","target":{"@type":"EntryPoint","urlTemplate":"https:\/\/jinsuncarbon.com\/?s={search_term_string}"},"query-input":{"@type":"PropertyValueSpecification","valueRequired":true,"valueName":"search_term_string"}}],"inLanguage":"fr-FR"},{"@type":"Organization","@id":"https:\/\/jinsuncarbon.com\/#organization","name":"Jinsun Carbon","alternateName":"Jinsun Carbon","url":"https:\/\/jinsuncarbon.com\/","logo":{"@type":"ImageObject","inLanguage":"fr-FR","@id":"https:\/\/jinsuncarbon.com\/#\/schema\/logo\/image\/","url":"https:\/\/jinsuncarbon.com\/wp-content\/uploads\/2022\/12\/LOGO-1.png","contentUrl":"https:\/\/jinsuncarbon.com\/wp-content\/uploads\/2022\/12\/LOGO-1.png","width":207,"height":80,"caption":"Jinsun Carbon"},"image":{"@id":"https:\/\/jinsuncarbon.com\/#\/schema\/logo\/image\/"},"sameAs":["https:\/\/www.facebook.com\/Graphite-Electrode-109336238661595","https:\/\/x.com\/jinsuncarbon_","https:\/\/www.linkedin.com\/in\/jinsungraphite","https:\/\/www.youtube.com\/channel\/UCysDNyvyR5-3cCWEmpkVC0g"]}]}},"_links":{"self":[{"href":"https:\/\/jinsuncarbon.com\/fr\/wp-json\/wp\/v2\/product\/6600","targetHints":{"allow":["GET"]}}],"collection":[{"href":"https:\/\/jinsuncarbon.com\/fr\/wp-json\/wp\/v2\/product"}],"about":[{"href":"https:\/\/jinsuncarbon.com\/fr\/wp-json\/wp\/v2\/types\/product"}],"wp:featuredmedia":[{"embeddable":true,"href":"https:\/\/jinsuncarbon.com\/fr\/wp-json\/wp\/v2\/media\/6603"}],"wp:attachment":[{"href":"https:\/\/jinsuncarbon.com\/fr\/wp-json\/wp\/v2\/media?parent=6600"}],"wp:term":[{"taxonomy":"product_brand","embeddable":true,"href":"https:\/\/jinsuncarbon.com\/fr\/wp-json\/wp\/v2\/product_brand?post=6600"},{"taxonomy":"product_cat","embeddable":true,"href":"https:\/\/jinsuncarbon.com\/fr\/wp-json\/wp\/v2\/product_cat?post=6600"},{"taxonomy":"product_tag","embeddable":true,"href":"https:\/\/jinsuncarbon.com\/fr\/wp-json\/wp\/v2\/product_tag?post=6600"}],"curies":[{"name":"wp","href":"https:\/\/api.w.org\/{rel}","templated":true}]}}