{"id":6554,"date":"2024-11-07T13:17:13","date_gmt":"2024-11-07T13:17:13","guid":{"rendered":"https:\/\/jinsuncarbon.com\/?post_type=product&#038;p=6554"},"modified":"2025-01-02T10:01:28","modified_gmt":"2025-01-02T10:01:28","slug":"materiau-graphite","status":"publish","type":"product","link":"https:\/\/jinsuncarbon.com\/fr\/produit-2\/materiau-graphite\/","title":{"rendered":"Graphite Mat\u00e9riau"},"content":{"rendered":"<h2>Qu'est-ce que le graphite ?<strong>?<\/strong><\/h2>\n<p>Le graphite est un type de carbone utilis\u00e9 pour diff\u00e9rentes applications. Il s'agit d'une ressource naturelle d'une composition in\u00e9gal\u00e9e qui peut \u00eatre utilis\u00e9e \u00e0 des fins multiples. La structure du graphite est caract\u00e9ristique et d\u00e9termine ses propri\u00e9t\u00e9s. Par rapport \u00e0 d'autres, il s'agit d'un mat\u00e9riau tr\u00e8s souple qui poss\u00e8de une duret\u00e9 sp\u00e9cifique. En termes simples, il s'agit d'atomes de carbone sous forme de couches. Le graphite est constitu\u00e9 de couches empil\u00e9es dans lesquelles les atomes sont dispos\u00e9s en hexagones. En effet, ces couches peuvent glisser les unes sur les autres, ce qui conf\u00e8re au graphite ses caract\u00e9ristiques de lubrifiant. La densit\u00e9 du graphite varie en fonction des qualit\u00e9s et des types de graphite. Il existe diff\u00e9rentes qualit\u00e9s de graphite disponibles pour des applications sp\u00e9cifiques et elles poss\u00e8dent \u00e9galement des sp\u00e9cificit\u00e9s.<\/p>\n<h2>Caract\u00e9ristiques<\/h2>\n<p><strong>Conductivit\u00e9 \u00e9lectrique \u00e9lev\u00e9e<\/strong><\/p>\n<p>C'est un excellent conducteur d'\u00e9lectricit\u00e9 et de chaleur. Dans de nombreuses applications (par exemple, lorsque des courants \u00e9lectriques sont n\u00e9cessaires), son utilisation est tr\u00e8s r\u00e9pandue. Sa formulation en fait un bon conducteur d'\u00e9lectricit\u00e9. La structure du graphite permet aux \u00e9lectrons de se d\u00e9placer librement et c'est pourquoi il conduit si bien l'\u00e9lectricit\u00e9.<\/p>\n<p><strong>Excellente r\u00e9sistance \u00e0 la chaleur<\/strong><\/p>\n<p>Le graphite peut r\u00e9sister \u00e0 des temp\u00e9ratures extr\u00eamement \u00e9lev\u00e9es. C'est ce qui le rend si utile pour un march\u00e9 tr\u00e8s vaste, en particulier dans les secteurs o\u00f9 les qualit\u00e9s de r\u00e9sistance \u00e0 la chaleur sont importantes. En outre, vous serez \u00e9tonn\u00e9 des utilisations qu'il peut avoir dans des environnements o\u00f9 la chaleur ferait fondre d'autres mat\u00e9riaux. Pour \u00eatre transform\u00e9 en \u00e9lectrodes, il est associ\u00e9 \u00e0 un liant et \u00e0 du charbon broy\u00e9 pour \u00e9viter qu'il ne se fissure \u00e0 haute temp\u00e9rature.<\/p>\n<p><strong>Propri\u00e9t\u00e9s de lubrification<\/strong><\/p>\n<p>Le graphite est \u00e9galement un lubrifiant naturel. Les couches d'atomes du graphite sont capables de glisser les unes sur les autres parce que le chevauchement entre les connexions des \u00e9lectrons de valence est faible. En fait, cette propri\u00e9t\u00e9 est tr\u00e8s efficace, en particulier dans les industries o\u00f9 les frottements doivent \u00eatre r\u00e9duits. Le biodiesel est souvent utilis\u00e9 dans les machines pour lubrifier les pi\u00e8ces et les rendre plus souples.<\/p>\n<p><strong>Stabilit\u00e9 chimique<\/strong><\/p>\n<p>Le graphite est un mat\u00e9riau chimiquement tr\u00e8s stable. Il n'est pas r\u00e9actif avec toutes les substances, \u00e0 l'exception de quelques-unes, et il est largement utilis\u00e9 dans les environnements corrosifs. Il se caract\u00e9rise notamment par sa r\u00e9sistance \u00e0 la corrosion et aux attaques chimiques. C'est pourquoi on le trouve souvent dans les usines chimiques.<\/p>\n<h2>Types de mat\u00e9riaux en graphite<\/h2>\n<p><strong>Graphite moul\u00e9<\/strong><\/p>\n<p><strong><b>Graphite moul\u00e9<\/b><\/strong>Le graphite est fabriqu\u00e9 en comprimant du graphite en poudre dans un moule. Ils ont une densit\u00e9 uniforme et sont utilis\u00e9s dans de nombreuses applications. Ils sont adaptables et peuvent \u00eatre moul\u00e9s selon vos besoins. <a href=\"https:\/\/jinsuncarbon.com\/fr\/quest-ce-que-le-graphite-moule\/\">Graphite moul\u00e9<\/a> est class\u00e9 en fonction de sa r\u00e9sistance, de sa duret\u00e9 et d'autres sp\u00e9cifications.<\/p>\n<p><strong>Graphite extrud\u00e9<\/strong><\/p>\n<p><strong><b>Graphite extrud\u00e9<\/b><\/strong>\u00a0est fabriqu\u00e9 en for\u00e7ant le graphite \u00e0 travers une matrice. Cette fonctionnalit\u00e9 a une structure particuli\u00e8re qui lui permet de se sp\u00e9cialiser dans quelques t\u00e2ches. Cette classe est un peu moins dense que le graphite moul\u00e9. Elle est fr\u00e9quemment utilis\u00e9e dans des produits tels que les tiges et les tubes, pour lesquels la forme du mat\u00e9riau brut est importante.<\/p>\n<p><strong>Vibration Graphite<\/strong><\/p>\n<p><strong><b>Vibration Graphite<\/b><\/strong>La vibration est utilis\u00e9e pour former les particules de graphite. Cela permet d'obtenir une densit\u00e9 et une composition diff\u00e9rentes de celles des autres types de graphite. Le graphite vibr\u00e9 est utilis\u00e9 chaque fois que des sp\u00e9cifications particuli\u00e8res sont requises. Il est souvent choisi en raison de sa rentabilit\u00e9.<\/p>\n<p><strong>Graphite isostatique<\/strong><\/p>\n<p>L'objectif principal de la <a href=\"https:\/\/jinsuncarbon.com\/fr\/quest-ce-que-le-graphite-isostatique\/\">graphite isostatique<\/a>\u00a0avec des propri\u00e9t\u00e9s isotropes et uniformes dans toutes les directions. Il s'agit d'une structure tr\u00e8s fine et fine. Ils peuvent \u00e9galement avoir une densit\u00e9 tr\u00e8s \u00e9lev\u00e9e et sont principalement utilis\u00e9s pour des tol\u00e9rances extr\u00eamement serr\u00e9es. C'est le choix pr\u00e9f\u00e9r\u00e9 des industries telles que l'a\u00e9rospatiale en raison de sa composition coh\u00e9rente.<\/p>\n<h2>Utilisations du graphite<\/h2>\n<p><strong>Piles<\/strong><\/p>\n<p>L'une des utilisations les plus courantes du graphite est la fabrication de batteries. Il se trouve dans les anodes des batteries lithium-ion. Il s'agit d'un mat\u00e9riau stable et solide dot\u00e9 d'une conductivit\u00e9 \u00e9lectrique \u00e9lev\u00e9e, ce qui en fait un mat\u00e9riau id\u00e9al pour le stockage de l'\u00e9nergie. Le graphite assure une charge et une alimentation efficaces des batteries au lithium-ion. <a href=\"https:\/\/onlybatteries.com\/?srsltid=AfmBOoqFqQFmaOhM76q3R1Q5tEf27hDQ7B8srlcI02SNvvP9YuZAGU7h\" target=\"_blank\" rel=\"noopener\">piles<\/a>.<\/p>\n<p><strong>Lubrification industrielle<\/strong><\/p>\n<p>C'est \u00e9galement un mat\u00e9riau id\u00e9al pour l'industrie en raison de ses propri\u00e9t\u00e9s lubrifiantes naturelles. Il est utilis\u00e9 dans les situations o\u00f9 les huiles ou les graisses ne suffisent pas. Il aide \u00e9galement \u00e0 pr\u00e9venir le frottement des pi\u00e8ces mobiles, ce qui permet aux machines de fonctionner en douceur. Il est \u00e9galement utilis\u00e9 dans les zones o\u00f9 les temp\u00e9ratures sont extr\u00eames, car les autres lubrifiants s'y d\u00e9composeraient.<\/p>\n<p><strong>Mat\u00e9riaux r\u00e9fractaires<\/strong><\/p>\n<p><strong><b>Mat\u00e9riaux r\u00e9fractaires<\/b><\/strong>\u00a0doivent contenir du graphite. Il s'agit des mat\u00e9riaux qui tapissent les fours et les fourneaux. Cette r\u00e9sistance \u00e0 la chaleur permet au graphite de supporter les temp\u00e9ratures extr\u00eamement \u00e9lev\u00e9es qui caract\u00e9risent ce type d'applications. Leur structure les emp\u00eache de se d\u00e9composer sous l'effet de la chaleur intense.<\/p>\n<p><strong>Fabrication de l'acier<\/strong><\/p>\n<p>Le graphite est une mati\u00e8re premi\u00e8re de l'industrie sid\u00e9rurgique. Il sert d'additif au carbone pour la production d'acier de haute qualit\u00e9. On le trouve souvent dans les bobineuses des fours \u00e9lectriques \u00e0 arc. Une autre utilisation importante du graphite disponible dans les stocks de graphite est sa capacit\u00e9 \u00e0 contr\u00f4ler la teneur en carbone de l'acier, ce qui, lorsque cela est fait correctement, le rend plus puissant et plus stable.<\/p>\n<p><strong>A\u00e9rospatiale et automobile<\/strong><\/p>\n<p>Le graphite est utilis\u00e9 dans les industries a\u00e9rospatiale et automobile. Il s'agit d'un \u00e9l\u00e9ment crucial dans ces secteurs, car il s'agit d'une composition l\u00e9g\u00e8re et tol\u00e9rante \u00e0 la chaleur. On en trouve dans les pi\u00e8ces r\u00e9siduelles des moteurs, les syst\u00e8mes de freinage et m\u00eame \u00e0 l'int\u00e9rieur des boucliers thermiques. Les diff\u00e9rents grades de produits en graphite utilis\u00e9s dans ces industries sont assortis en fonction des qualit\u00e9s.<\/p>\n<h2>Avantages<\/h2>\n<p><strong>Rentabilit\u00e9<\/strong><\/p>\n<p>Le graphite est un mat\u00e9riau relativement bon march\u00e9. Il est disponible \u00e0 bas prix en tant que mati\u00e8re premi\u00e8re et peut donc \u00eatre facilement transform\u00e9 par l'unit\u00e9 de fabrication.<\/p>\n<p><strong>Haute performance<\/strong><\/p>\n<p>Le graphite est tr\u00e8s performant dans tous les cas d'utilisation. La conductivit\u00e9 \u00e9lectrique \u00e9lev\u00e9e, la r\u00e9sistance \u00e0 la chaleur et les propri\u00e9t\u00e9s de lubrification rendent ce mat\u00e9riau efficace. Il est souvent utilis\u00e9 dans les cas o\u00f9 la performance est un probl\u00e8me. Une formule sp\u00e9ciale lui permet de fonctionner m\u00eame dans les conditions les plus difficiles.<\/p>\n<p><strong>Respect de l'environnement<\/strong><\/p>\n<p>Le graphite est respectueux de l'environnement. \u00c0 base de carbone, il est naturellement omnipr\u00e9sent et s\u00fbr. La transformation de sa mati\u00e8re premi\u00e8re ne cr\u00e9e pas non plus de sous-produits toxiques. Mais opter pour le graphite peut limiter l'impact environnemental de certains proc\u00e9d\u00e9s.<\/p>\n<p>&nbsp;<\/p>\n<p>&nbsp;<\/p>","protected":false},"excerpt":{"rendered":"<p>Les mat\u00e9riaux en graphite sont disponibles dans de nombreux types diff\u00e9rents et offrent une vari\u00e9t\u00e9 de propri\u00e9t\u00e9s, notamment la conductivit\u00e9 \u00e9lectrique, la r\u00e9sistance \u00e0 la corrosion \u00e0 haute temp\u00e9rature, etc. Ils sont utilis\u00e9s pour fabriquer des creusets, des \u00e9lectrodes, des \u00e9changeurs de chaleur, des brosses, etc. Il s'agit d'un mat\u00e9riau industriel \u00e0 base de carbone indispensable \u00e0 la production industrielle.<\/p>","protected":false},"featured_media":6555,"template":"","meta":[],"product_brand":[],"product_cat":[67],"product_tag":[],"class_list":{"0":"post-6554","1":"product","2":"type-product","3":"status-publish","4":"has-post-thumbnail","6":"product_cat-graphite-material","8":"first","9":"instock","10":"shipping-taxable","11":"product-type-simple"},"yoast_head":"<!-- This site is optimized with the Yoast SEO Premium plugin v19.2.1 (Yoast SEO v25.3) - https:\/\/yoast.com\/wordpress\/plugins\/seo\/ -->\n<title>Graphite Material Manufacturer | Jinsun Carbon<\/title>\n<meta name=\"description\" content=\"Graphite is a type of carbon\u00a0used for different applications. It is a natural resource of unparalleled composition\u00a0that can be used for multipurpose.\" \/>\n<meta name=\"robots\" content=\"index, follow, max-snippet:-1, max-image-preview:large, max-video-preview:-1\" \/>\n<link rel=\"canonical\" href=\"https:\/\/jinsuncarbon.com\/fr\/produit-2\/materiau-graphite\/\" \/>\n<meta property=\"og:locale\" content=\"fr_FR\" \/>\n<meta property=\"og:type\" content=\"article\" \/>\n<meta property=\"og:title\" content=\"Graphite Material\" \/>\n<meta property=\"og:description\" content=\"Graphite is a type of carbon\u00a0used for different applications. It is a natural resource of unparalleled composition\u00a0that can be used for multipurpose.\" \/>\n<meta property=\"og:url\" content=\"https:\/\/jinsuncarbon.com\/fr\/produit-2\/materiau-graphite\/\" \/>\n<meta property=\"og:site_name\" content=\"Jinsun Carbon\" \/>\n<meta property=\"article:publisher\" content=\"https:\/\/www.facebook.com\/Graphite-Electrode-109336238661595\" \/>\n<meta property=\"article:modified_time\" content=\"2025-01-02T10:01:28+00:00\" \/>\n<meta property=\"og:image\" content=\"https:\/\/jinsuncarbon.com\/wp-content\/uploads\/2024\/11\/Graphite-material.jpg\" \/>\n\t<meta property=\"og:image:width\" content=\"1024\" \/>\n\t<meta property=\"og:image:height\" content=\"720\" \/>\n\t<meta property=\"og:image:type\" content=\"image\/jpeg\" \/>\n<meta name=\"twitter:card\" content=\"summary_large_image\" \/>\n<meta name=\"twitter:site\" content=\"@jinsuncarbon_\" \/>\n<meta name=\"twitter:label1\" content=\"Dur\u00e9e de lecture estim\u00e9e\" \/>\n\t<meta name=\"twitter:data1\" content=\"5 minutes\" \/>\n<script type=\"application\/ld+json\" class=\"yoast-schema-graph\">{\"@context\":\"https:\/\/schema.org\",\"@graph\":[{\"@type\":\"WebPage\",\"@id\":\"https:\/\/jinsuncarbon.com\/product\/graphite-material\/\",\"url\":\"https:\/\/jinsuncarbon.com\/product\/graphite-material\/\",\"name\":\"Graphite Material Manufacturer | Jinsun Carbon\",\"isPartOf\":{\"@id\":\"https:\/\/jinsuncarbon.com\/#website\"},\"primaryImageOfPage\":{\"@id\":\"https:\/\/jinsuncarbon.com\/product\/graphite-material\/#primaryimage\"},\"image\":{\"@id\":\"https:\/\/jinsuncarbon.com\/product\/graphite-material\/#primaryimage\"},\"thumbnailUrl\":\"https:\/\/jinsuncarbon.com\/wp-content\/uploads\/2024\/11\/Graphite-material.jpg\",\"datePublished\":\"2024-11-07T13:17:13+00:00\",\"dateModified\":\"2025-01-02T10:01:28+00:00\",\"description\":\"Graphite is a type of carbon\u00a0used for different applications. It is a natural resource of unparalleled composition\u00a0that can be used for multipurpose.\",\"breadcrumb\":{\"@id\":\"https:\/\/jinsuncarbon.com\/product\/graphite-material\/#breadcrumb\"},\"inLanguage\":\"fr-FR\",\"potentialAction\":[{\"@type\":\"ReadAction\",\"target\":[\"https:\/\/jinsuncarbon.com\/product\/graphite-material\/\"]}]},{\"@type\":\"ImageObject\",\"inLanguage\":\"fr-FR\",\"@id\":\"https:\/\/jinsuncarbon.com\/product\/graphite-material\/#primaryimage\",\"url\":\"https:\/\/jinsuncarbon.com\/wp-content\/uploads\/2024\/11\/Graphite-material.jpg\",\"contentUrl\":\"https:\/\/jinsuncarbon.com\/wp-content\/uploads\/2024\/11\/Graphite-material.jpg\",\"width\":1024,\"height\":720,\"caption\":\"Graphite material\"},{\"@type\":\"BreadcrumbList\",\"@id\":\"https:\/\/jinsuncarbon.com\/product\/graphite-material\/#breadcrumb\",\"itemListElement\":[{\"@type\":\"ListItem\",\"position\":1,\"name\":\"Home\",\"item\":\"https:\/\/jinsuncarbon.com\/\"},{\"@type\":\"ListItem\",\"position\":2,\"name\":\"Products\",\"item\":\"https:\/\/jinsuncarbon.com\/graphite-carbon\/\"},{\"@type\":\"ListItem\",\"position\":3,\"name\":\"Graphite Material\"}]},{\"@type\":\"WebSite\",\"@id\":\"https:\/\/jinsuncarbon.com\/#website\",\"url\":\"https:\/\/jinsuncarbon.com\/\",\"name\":\"Jinsun Carbon\",\"description\":\"We are the successful graphite electrode manufacturer in China\",\"publisher\":{\"@id\":\"https:\/\/jinsuncarbon.com\/#organization\"},\"potentialAction\":[{\"@type\":\"SearchAction\",\"target\":{\"@type\":\"EntryPoint\",\"urlTemplate\":\"https:\/\/jinsuncarbon.com\/?s={search_term_string}\"},\"query-input\":{\"@type\":\"PropertyValueSpecification\",\"valueRequired\":true,\"valueName\":\"search_term_string\"}}],\"inLanguage\":\"fr-FR\"},{\"@type\":\"Organization\",\"@id\":\"https:\/\/jinsuncarbon.com\/#organization\",\"name\":\"Jinsun Carbon\",\"alternateName\":\"Jinsun Carbon\",\"url\":\"https:\/\/jinsuncarbon.com\/\",\"logo\":{\"@type\":\"ImageObject\",\"inLanguage\":\"fr-FR\",\"@id\":\"https:\/\/jinsuncarbon.com\/#\/schema\/logo\/image\/\",\"url\":\"https:\/\/jinsuncarbon.com\/wp-content\/uploads\/2022\/12\/LOGO-1.png\",\"contentUrl\":\"https:\/\/jinsuncarbon.com\/wp-content\/uploads\/2022\/12\/LOGO-1.png\",\"width\":207,\"height\":80,\"caption\":\"Jinsun Carbon\"},\"image\":{\"@id\":\"https:\/\/jinsuncarbon.com\/#\/schema\/logo\/image\/\"},\"sameAs\":[\"https:\/\/www.facebook.com\/Graphite-Electrode-109336238661595\",\"https:\/\/x.com\/jinsuncarbon_\",\"https:\/\/www.linkedin.com\/in\/jinsungraphite\",\"https:\/\/www.youtube.com\/channel\/UCysDNyvyR5-3cCWEmpkVC0g\"]}]}<\/script>\n<!-- \/ Yoast SEO Premium plugin. -->","yoast_head_json":{"title":"Fabricant de mat\u00e9riaux en graphite | Jinsun Carbon","description":"Le graphite est un type de carbone utilis\u00e9 pour diff\u00e9rentes applications. Il s'agit d'une ressource naturelle d'une composition in\u00e9gal\u00e9e qui peut \u00eatre utilis\u00e9e \u00e0 des fins multiples.","robots":{"index":"index","follow":"follow","max-snippet":"max-snippet:-1","max-image-preview":"max-image-preview:large","max-video-preview":"max-video-preview:-1"},"canonical":"https:\/\/jinsuncarbon.com\/fr\/produit-2\/materiau-graphite\/","og_locale":"fr_FR","og_type":"article","og_title":"Graphite Material","og_description":"Graphite is a type of carbon\u00a0used for different applications. It is a natural resource of unparalleled composition\u00a0that can be used for multipurpose.","og_url":"https:\/\/jinsuncarbon.com\/fr\/produit-2\/materiau-graphite\/","og_site_name":"Jinsun Carbon","article_publisher":"https:\/\/www.facebook.com\/Graphite-Electrode-109336238661595","article_modified_time":"2025-01-02T10:01:28+00:00","og_image":[{"width":1024,"height":720,"url":"https:\/\/jinsuncarbon.com\/wp-content\/uploads\/2024\/11\/Graphite-material.jpg","type":"image\/jpeg"}],"twitter_card":"summary_large_image","twitter_site":"@jinsuncarbon_","twitter_misc":{"Dur\u00e9e de lecture estim\u00e9e":"5 minutes"},"schema":{"@context":"https:\/\/schema.org","@graph":[{"@type":"WebPage","@id":"https:\/\/jinsuncarbon.com\/product\/graphite-material\/","url":"https:\/\/jinsuncarbon.com\/product\/graphite-material\/","name":"Fabricant de mat\u00e9riaux en graphite | Jinsun Carbon","isPartOf":{"@id":"https:\/\/jinsuncarbon.com\/#website"},"primaryImageOfPage":{"@id":"https:\/\/jinsuncarbon.com\/product\/graphite-material\/#primaryimage"},"image":{"@id":"https:\/\/jinsuncarbon.com\/product\/graphite-material\/#primaryimage"},"thumbnailUrl":"https:\/\/jinsuncarbon.com\/wp-content\/uploads\/2024\/11\/Graphite-material.jpg","datePublished":"2024-11-07T13:17:13+00:00","dateModified":"2025-01-02T10:01:28+00:00","description":"Le graphite est un type de carbone utilis\u00e9 pour diff\u00e9rentes applications. Il s'agit d'une ressource naturelle d'une composition in\u00e9gal\u00e9e qui peut \u00eatre utilis\u00e9e \u00e0 des fins multiples.","breadcrumb":{"@id":"https:\/\/jinsuncarbon.com\/product\/graphite-material\/#breadcrumb"},"inLanguage":"fr-FR","potentialAction":[{"@type":"ReadAction","target":["https:\/\/jinsuncarbon.com\/product\/graphite-material\/"]}]},{"@type":"ImageObject","inLanguage":"fr-FR","@id":"https:\/\/jinsuncarbon.com\/product\/graphite-material\/#primaryimage","url":"https:\/\/jinsuncarbon.com\/wp-content\/uploads\/2024\/11\/Graphite-material.jpg","contentUrl":"https:\/\/jinsuncarbon.com\/wp-content\/uploads\/2024\/11\/Graphite-material.jpg","width":1024,"height":720,"caption":"Graphite material"},{"@type":"BreadcrumbList","@id":"https:\/\/jinsuncarbon.com\/product\/graphite-material\/#breadcrumb","itemListElement":[{"@type":"ListItem","position":1,"name":"Home","item":"https:\/\/jinsuncarbon.com\/"},{"@type":"ListItem","position":2,"name":"Products","item":"https:\/\/jinsuncarbon.com\/graphite-carbon\/"},{"@type":"ListItem","position":3,"name":"Graphite Material"}]},{"@type":"WebSite","@id":"https:\/\/jinsuncarbon.com\/#website","url":"https:\/\/jinsuncarbon.com\/","name":"Jinsun Carbon","description":"Nous sommes le fabricant d'\u00e9lectrodes en graphite le plus performant de Chine.","publisher":{"@id":"https:\/\/jinsuncarbon.com\/#organization"},"potentialAction":[{"@type":"SearchAction","target":{"@type":"EntryPoint","urlTemplate":"https:\/\/jinsuncarbon.com\/?s={search_term_string}"},"query-input":{"@type":"PropertyValueSpecification","valueRequired":true,"valueName":"search_term_string"}}],"inLanguage":"fr-FR"},{"@type":"Organization","@id":"https:\/\/jinsuncarbon.com\/#organization","name":"Jinsun Carbon","alternateName":"Jinsun Carbon","url":"https:\/\/jinsuncarbon.com\/","logo":{"@type":"ImageObject","inLanguage":"fr-FR","@id":"https:\/\/jinsuncarbon.com\/#\/schema\/logo\/image\/","url":"https:\/\/jinsuncarbon.com\/wp-content\/uploads\/2022\/12\/LOGO-1.png","contentUrl":"https:\/\/jinsuncarbon.com\/wp-content\/uploads\/2022\/12\/LOGO-1.png","width":207,"height":80,"caption":"Jinsun Carbon"},"image":{"@id":"https:\/\/jinsuncarbon.com\/#\/schema\/logo\/image\/"},"sameAs":["https:\/\/www.facebook.com\/Graphite-Electrode-109336238661595","https:\/\/x.com\/jinsuncarbon_","https:\/\/www.linkedin.com\/in\/jinsungraphite","https:\/\/www.youtube.com\/channel\/UCysDNyvyR5-3cCWEmpkVC0g"]}]}},"_links":{"self":[{"href":"https:\/\/jinsuncarbon.com\/fr\/wp-json\/wp\/v2\/product\/6554","targetHints":{"allow":["GET"]}}],"collection":[{"href":"https:\/\/jinsuncarbon.com\/fr\/wp-json\/wp\/v2\/product"}],"about":[{"href":"https:\/\/jinsuncarbon.com\/fr\/wp-json\/wp\/v2\/types\/product"}],"wp:featuredmedia":[{"embeddable":true,"href":"https:\/\/jinsuncarbon.com\/fr\/wp-json\/wp\/v2\/media\/6555"}],"wp:attachment":[{"href":"https:\/\/jinsuncarbon.com\/fr\/wp-json\/wp\/v2\/media?parent=6554"}],"wp:term":[{"taxonomy":"product_brand","embeddable":true,"href":"https:\/\/jinsuncarbon.com\/fr\/wp-json\/wp\/v2\/product_brand?post=6554"},{"taxonomy":"product_cat","embeddable":true,"href":"https:\/\/jinsuncarbon.com\/fr\/wp-json\/wp\/v2\/product_cat?post=6554"},{"taxonomy":"product_tag","embeddable":true,"href":"https:\/\/jinsuncarbon.com\/fr\/wp-json\/wp\/v2\/product_tag?post=6554"}],"curies":[{"name":"wp","href":"https:\/\/api.w.org\/{rel}","templated":true}]}}