{"id":6503,"date":"2024-11-04T07:23:21","date_gmt":"2024-11-04T07:23:21","guid":{"rendered":"https:\/\/jinsuncarbon.com\/?post_type=product&#038;p=6503"},"modified":"2024-12-02T06:10:27","modified_gmt":"2024-12-02T06:10:27","slug":"feutre-de-carbone","status":"publish","type":"product","link":"https:\/\/jinsuncarbon.com\/fr\/produit-2\/feutre-de-carbone\/","title":{"rendered":"Feutre de carbone"},"content":{"rendered":"<h2>Qu'est-ce que le feutre de carbone ?<\/h2>\n<p>Le feutre de carbone est un mat\u00e9riau fibreux produit \u00e0 partir de pr\u00e9curseurs organiques. Il est ensuite trait\u00e9 \u00e0 haute temp\u00e9rature pour devenir du carbone. Ce processus permet de cr\u00e9er un produit l\u00e9ger, souple et extr\u00eamement durable. Gr\u00e2ce \u00e0 ses propri\u00e9t\u00e9s uniques, le feutre de carbone trouve de nombreuses applications dans une vari\u00e9t\u00e9 d'industries. Les applications les plus courantes sont les couvertures de soudure et les mat\u00e9riaux d'isolation. Le feutre de carbone est \u00e9galement un mat\u00e9riau \u00e0 base de graphite, utile pour de nombreuses applications industrielles.<\/p>\n<h2>Les types<\/h2>\n<h3>Feutre de carbone \u00e0 base de PAN<\/h3>\n<p>Les fibres de polyacrylonitrile (PAN) sont utilis\u00e9es pour fabriquer des feutres de carbone \u00e0 base de PAN. Il s'agit d'un mat\u00e9riau ou d'une mati\u00e8re tr\u00e8s r\u00e9sistant(e) \u00e0 la r\u00e9sistance \u00e9lev\u00e9e et \u00e0 la stabilit\u00e9 thermique. Il est largement utilis\u00e9 dans les environnements \u00e0 haute temp\u00e9rature. Ce type de mat\u00e9riau, qui peut r\u00e9sister \u00e0 la chaleur, est largement utilis\u00e9 dans diverses applications industrielles.<\/p>\n<h3>A base de rayonne<\/h3>\n<p>Le feutre de carbone en rayonne est plus souple et plus doux. Son poids est faible et sa conductivit\u00e9 thermique poussi\u00e9reuse par rapport \u00e0 d'autres. Cette forme est pratique dans les isolations o\u00f9 la r\u00e9tention thermique est moins importante. Il est \u00e9galement utilis\u00e9 dans des environnements plus sensibles, o\u00f9 l'on a besoin d'un mat\u00e9riau plus doux. Le feutre de carbone \u00e0 base de rayonne se pr\u00e9sente sous la forme d'une fibre qui facilite la manipulation et la mise en forme pour diverses applications.<\/p>\n<h3>Bas\u00e9 sur le pitch<\/h3>\n<p>Le feutre de carbone obtenu par un proc\u00e9d\u00e9 \u00e0 base de brai est appel\u00e9 feutre de brai, qui est produit \u00e0 partir de brai de p\u00e9trole. Il poss\u00e8de une tr\u00e8s bonne conductivit\u00e9 \u00e9lectrique et thermique. Il convient donc mieux aux utilisations \u00e9lectriques, telles que les \u00e9lectrodes de batterie. Il peut \u00e9galement \u00eatre utilis\u00e9 dans les fours et autres applications \u00e0 haute temp\u00e9rature. Le feutre de carbone fil\u00e9 \u00e0 partir de brai pr\u00e9sente une excellente conductivit\u00e9, ce qui est une caract\u00e9ristique essentielle pour les applications qui ont une forte demande de flux \u00e9lectrique.<\/p>\n<h2>Utilisations du feutre de carbone<\/h2>\n<h3>Isolation thermique<\/h3>\n<p>Le feutre de carbone est largement utilis\u00e9 pour l'isolation thermique. Il sert d'isolant pour maintenir une temp\u00e9rature \u00e9lev\u00e9e \u00e0 l'int\u00e9rieur des fours et des s\u00e9choirs. Comme il peut retenir beaucoup d'air, il peut \u00eatre utilis\u00e9 comme couche isolante pour minimiser les pertes de chaleur. La structure des fibres et les propri\u00e9t\u00e9s du graphite lui conf\u00e8rent des propri\u00e9t\u00e9s d'isolation thermique et \u00e9lectrique.<\/p>\n<h3>Mat\u00e9riau de l'\u00e9lectrode de la batterie<\/h3>\n<p>L'\u00e9lectrode d'une batterie a souvent \u00e9t\u00e9 fabriqu\u00e9e \u00e0 l'aide de feutre de carbone. Les propri\u00e9t\u00e9s du graphite permettent une bonne conductivit\u00e9 \u00e9lectrique. Son utilit\u00e9 dans les batteries \u00e0 flux redox et les batteries \u00e0 flux <a href=\"https:\/\/en.wikipedia.org\/wiki\/Fuel_cell\" target=\"_blank\" rel=\"noopener\">piles \u00e0 combustible<\/a> est tr\u00e8s efficace. Il stocke l'\u00e9lectricit\u00e9 et facilite la conduction de l'\u00e9lectricit\u00e9. Gr\u00e2ce \u00e0 la composition fibreuse du feutre de carbone, il peut \u00eatre facilement incorpor\u00e9 dans la conception des batteries et constituer ainsi un mat\u00e9riau d'\u00e9lectrode fiable et efficace.<\/p>\n<h3>Fours \u00e0 vide<\/h3>\n<p>Feutre de carbone solide utilis\u00e9 comme mat\u00e9riau d'isolation pour les fours \u00e0 vide. Il peut \u00eatre construit pour supporter les temp\u00e9ratures \u00e9lev\u00e9es cr\u00e9\u00e9es par ces fours. Sa nature souple et flexible lui permet de s'adapter aux endroits \u00e9troits du four. Il est stable et r\u00e9sistant \u00e0 la chaleur, ce qui le rend parfaitement adapt\u00e9. Sa teneur en graphite garantit des performances constantes, m\u00eame dans les conditions difficiles d'un four. <a href=\"https:\/\/en.wikipedia.org\/wiki\/Vacuum_furnace\" target=\"_blank\" rel=\"noopener\">four \u00e0 vide<\/a>.<\/p>\n<h3>Soutien \u00e0 Catalyst<\/h3>\n<p>Le feutre de carbone pourrait \u00eatre utilis\u00e9 comme mat\u00e9riau de support pour les catalyseurs. Il ancre le catalyseur dans les r\u00e9actions chimiques, fournissant un substrat stable. Cela permet au gaz de circuler efficacement et \u00e0 la chaleur d'\u00eatre bien g\u00e9r\u00e9e. Comme il est chimiquement stable, il participe \u00e0 de nombreuses r\u00e9actions. Ses caract\u00e9ristiques de fibre et de graphite sont id\u00e9ales pour la plupart des applications de traitement chimique exigeant stabilit\u00e9 et efficacit\u00e9.<\/p>\n<p>&nbsp;<\/p>\n<h3>Filtration<\/h3>\n<p>Il est \u00e9galement utilis\u00e9 dans les processus de filtration. Il est utilis\u00e9 pour la s\u00e9paration efficace des liquides et des gaz. Vous pouvez l'utiliser dans une vari\u00e9t\u00e9 d'environnements allant des types de produits chimiques s\u00e9v\u00e8res jusqu'\u00e0 le maintenir en dehors de sa r\u00e9sistance aux produits chimiques. Sa robustesse et sa r\u00e9sistance \u00e0 de nombreux produits chimiques en font la meilleure solution pour tout type de syst\u00e8me de filtrage. La filtration est efficace gr\u00e2ce \u00e0 la structure de la fibre, tandis que <a href=\"https:\/\/jinsuncarbon.com\/fr\/quest-ce-que-le-graphite-et-de-quoi-est-il-fait\/\">graphite<\/a>\u00a0Les propri\u00e9t\u00e9s de l'huile d'olive soutiennent sa r\u00e9sistance aux produits chimiques pour une durabilit\u00e9 \u00e0 long terme.<\/p>\n<p>&nbsp;<\/p>\n<h2>Caract\u00e9ristiques<\/h2>\n<h3>R\u00e9sistance aux temp\u00e9ratures \u00e9lev\u00e9es<\/h3>\n<p>Le feutre de carbone est d\u00e9sormais capable de supporter des temp\u00e9ratures incroyablement \u00e9lev\u00e9es. Il r\u00e9siste m\u00eame lorsqu'il est plac\u00e9 sous vide et chauff\u00e9 \u00e0 plus de 1650 \u00b0C (3000 \u00b0F). C'est pourquoi il est parfait pour l'isolation thermique et d'autres applications n\u00e9cessitant une chaleur \u00e9lev\u00e9e.<\/p>\n<h3>L\u00e9ger<\/h3>\n<p>Le feutre de carbone est tr\u00e8s l\u00e9ger. Cela vous permet de le transporter facilement lorsque vous voyagez ou vous d\u00e9placez. Le feutre de carbone \u00e9tant extr\u00eamement l\u00e9ger, m\u00eame s'il est plus lourd que la laine de roche, il peut \u00eatre utilis\u00e9 dans une grande vari\u00e9t\u00e9 d'endroits. Il est simple et rapide \u00e0 installer, \u00e0 g\u00e9rer et \u00e0 modeler en fonction de votre cas d'utilisation particulier.<\/p>\n<h3>Stabilit\u00e9 chimique<\/h3>\n<p>Il pr\u00e9sente une grande stabilit\u00e9 face \u00e0 la plupart des produits chimiques. Il ne r\u00e9agit pas facilement. Cela signifie qu'il conserve ses caract\u00e9ristiques m\u00eame dans des environnements chimiquement agressifs. Excellent pour les applications o\u00f9 il est n\u00e9cessaire de r\u00e9sister \u00e0 l'exposition \u00e0 des produits chimiques agressifs. Cette stabilit\u00e9 lui permet d'\u00eatre utilis\u00e9 dans des applications telles que la filtration et le support de catalyseur sans se fissurer ou se d\u00e9sagr\u00e9ger.<\/p>\n<h3>Souple et doux<\/h3>\n<p>Le carbone est souple et tol\u00e9rant. Il peut \u00eatre d\u00e9coup\u00e9 dans n'importe quelle forme. Il peut \u00eatre utilis\u00e9 dans des endroits \u00e9troits ou autour d'un coin bizarre. La nature de la fibre plastique la rend polyvalente, ce qui lui permet de s'adapter \u00e0 diverses fonctions. En outre, sa texture plus souple lui permet de fonctionner diff\u00e9remment des autres isolants rigides.<\/p>\n<h3>Bonne conductivit\u00e9 \u00e9lectrique<\/h3>\n<p>La couverture en fibre de carbone a une conductivit\u00e9 \u00e9lectrique comparable \u00e0 celle du graphite. Cette qualit\u00e9 en fait un mat\u00e9riau id\u00e9al pour les applications dans les batteries et autres dispositifs n\u00e9cessitant une conduction \u00e9lectrique efficace. Cette conductivit\u00e9 \u00e9lev\u00e9e lui permet \u00e9galement d'\u00eatre largement utilis\u00e9e comme mat\u00e9riau d'\u00e9lectrode pour les cellules \u00e9lectrochimiques. Il contient du graphite, ce qui lui permet de fonctionner comme un conducteur d'\u00e9lectricit\u00e9 efficace ; par cons\u00e9quent, il est largement utilis\u00e9 dans les \u00e9lectrodes de batteries et dans les piles \u00e0 combustible.<\/p>\n<p>&nbsp;<\/p>","protected":false},"excerpt":{"rendered":"<p>Le feutre de carbone est une substance flexible. En raison de ses diverses caract\u00e9ristiques, il trouve des applications dans un grand nombre d'industries. Le feutre de carbone peut \u00eatre utile \u00e0 bien des \u00e9gards, des couvertures de soudure aux \u00e9lectrodes de batterie, et pr\u00e9sente ses propres avantages. Il est efficace pour diverses applications en raison de sa nature fibreuse, de la conduction du graphite et de sa l\u00e9g\u00e8ret\u00e9. De l'isolation \u00e0 la conductivit\u00e9 \u00e9lectrique en passant par la stabilit\u00e9 chimique, le feutre de carbone a fait ses preuves.<\/p>","protected":false},"featured_media":6507,"template":"","meta":[],"product_brand":[],"product_cat":[39],"product_tag":[],"class_list":{"0":"post-6503","1":"product","2":"type-product","3":"status-publish","4":"has-post-thumbnail","6":"product_cat-carbon-products","8":"first","9":"instock","10":"shipping-taxable","11":"product-type-simple"},"yoast_head":"<!-- This site is optimized with the Yoast SEO Premium plugin v19.2.1 (Yoast SEO v25.3) - https:\/\/yoast.com\/wordpress\/plugins\/seo\/ -->\n<title>Carbon Felt Manufacturer | Jinsun Carbon<\/title>\n<meta name=\"description\" content=\"Carbon felt\u00a0is a fiber\u00a0material produced from organic precursors. Then it is treated at high temperature to become carbon.\" \/>\n<meta name=\"robots\" content=\"index, follow, max-snippet:-1, max-image-preview:large, max-video-preview:-1\" \/>\n<link rel=\"canonical\" href=\"https:\/\/jinsuncarbon.com\/fr\/produit-2\/feutre-de-carbone\/\" \/>\n<meta property=\"og:locale\" content=\"fr_FR\" \/>\n<meta property=\"og:type\" content=\"article\" \/>\n<meta property=\"og:title\" content=\"Carbon Felt\" \/>\n<meta property=\"og:description\" content=\"Carbon felt\u00a0is a fiber\u00a0material produced from organic precursors. Then it is treated at high temperature to become carbon.\" \/>\n<meta property=\"og:url\" content=\"https:\/\/jinsuncarbon.com\/fr\/produit-2\/feutre-de-carbone\/\" \/>\n<meta property=\"og:site_name\" content=\"Jinsun Carbon\" \/>\n<meta property=\"article:publisher\" content=\"https:\/\/www.facebook.com\/Graphite-Electrode-109336238661595\" \/>\n<meta property=\"article:modified_time\" content=\"2024-12-02T06:10:27+00:00\" \/>\n<meta property=\"og:image\" content=\"https:\/\/jinsuncarbon.com\/wp-content\/uploads\/2024\/11\/Carbon-Felt-1.jpg\" \/>\n\t<meta property=\"og:image:width\" content=\"1024\" \/>\n\t<meta property=\"og:image:height\" content=\"763\" \/>\n\t<meta property=\"og:image:type\" content=\"image\/jpeg\" \/>\n<meta name=\"twitter:card\" content=\"summary_large_image\" \/>\n<meta name=\"twitter:site\" content=\"@jinsuncarbon_\" \/>\n<meta name=\"twitter:label1\" content=\"Dur\u00e9e de lecture estim\u00e9e\" \/>\n\t<meta name=\"twitter:data1\" content=\"5 minutes\" \/>\n<script type=\"application\/ld+json\" class=\"yoast-schema-graph\">{\"@context\":\"https:\/\/schema.org\",\"@graph\":[{\"@type\":\"WebPage\",\"@id\":\"https:\/\/jinsuncarbon.com\/product\/carbon-felt\/\",\"url\":\"https:\/\/jinsuncarbon.com\/product\/carbon-felt\/\",\"name\":\"Carbon Felt Manufacturer | Jinsun Carbon\",\"isPartOf\":{\"@id\":\"https:\/\/jinsuncarbon.com\/#website\"},\"primaryImageOfPage\":{\"@id\":\"https:\/\/jinsuncarbon.com\/product\/carbon-felt\/#primaryimage\"},\"image\":{\"@id\":\"https:\/\/jinsuncarbon.com\/product\/carbon-felt\/#primaryimage\"},\"thumbnailUrl\":\"https:\/\/jinsuncarbon.com\/wp-content\/uploads\/2024\/11\/Carbon-Felt-1.jpg\",\"datePublished\":\"2024-11-04T07:23:21+00:00\",\"dateModified\":\"2024-12-02T06:10:27+00:00\",\"description\":\"Carbon felt\u00a0is a fiber\u00a0material produced from organic precursors. Then it is treated at high temperature to become carbon.\",\"breadcrumb\":{\"@id\":\"https:\/\/jinsuncarbon.com\/product\/carbon-felt\/#breadcrumb\"},\"inLanguage\":\"fr-FR\",\"potentialAction\":[{\"@type\":\"ReadAction\",\"target\":[\"https:\/\/jinsuncarbon.com\/product\/carbon-felt\/\"]}]},{\"@type\":\"ImageObject\",\"inLanguage\":\"fr-FR\",\"@id\":\"https:\/\/jinsuncarbon.com\/product\/carbon-felt\/#primaryimage\",\"url\":\"https:\/\/jinsuncarbon.com\/wp-content\/uploads\/2024\/11\/Carbon-Felt-1.jpg\",\"contentUrl\":\"https:\/\/jinsuncarbon.com\/wp-content\/uploads\/2024\/11\/Carbon-Felt-1.jpg\",\"width\":1024,\"height\":763,\"caption\":\"Carbon Felt\"},{\"@type\":\"BreadcrumbList\",\"@id\":\"https:\/\/jinsuncarbon.com\/product\/carbon-felt\/#breadcrumb\",\"itemListElement\":[{\"@type\":\"ListItem\",\"position\":1,\"name\":\"Home\",\"item\":\"https:\/\/jinsuncarbon.com\/\"},{\"@type\":\"ListItem\",\"position\":2,\"name\":\"Products\",\"item\":\"https:\/\/jinsuncarbon.com\/graphite-carbon\/\"},{\"@type\":\"ListItem\",\"position\":3,\"name\":\"Carbon Felt\"}]},{\"@type\":\"WebSite\",\"@id\":\"https:\/\/jinsuncarbon.com\/#website\",\"url\":\"https:\/\/jinsuncarbon.com\/\",\"name\":\"Jinsun Carbon\",\"description\":\"We are the successful graphite electrode manufacturer in China\",\"publisher\":{\"@id\":\"https:\/\/jinsuncarbon.com\/#organization\"},\"potentialAction\":[{\"@type\":\"SearchAction\",\"target\":{\"@type\":\"EntryPoint\",\"urlTemplate\":\"https:\/\/jinsuncarbon.com\/?s={search_term_string}\"},\"query-input\":{\"@type\":\"PropertyValueSpecification\",\"valueRequired\":true,\"valueName\":\"search_term_string\"}}],\"inLanguage\":\"fr-FR\"},{\"@type\":\"Organization\",\"@id\":\"https:\/\/jinsuncarbon.com\/#organization\",\"name\":\"Jinsun Carbon\",\"alternateName\":\"Jinsun Carbon\",\"url\":\"https:\/\/jinsuncarbon.com\/\",\"logo\":{\"@type\":\"ImageObject\",\"inLanguage\":\"fr-FR\",\"@id\":\"https:\/\/jinsuncarbon.com\/#\/schema\/logo\/image\/\",\"url\":\"https:\/\/jinsuncarbon.com\/wp-content\/uploads\/2022\/12\/LOGO-1.png\",\"contentUrl\":\"https:\/\/jinsuncarbon.com\/wp-content\/uploads\/2022\/12\/LOGO-1.png\",\"width\":207,\"height\":80,\"caption\":\"Jinsun Carbon\"},\"image\":{\"@id\":\"https:\/\/jinsuncarbon.com\/#\/schema\/logo\/image\/\"},\"sameAs\":[\"https:\/\/www.facebook.com\/Graphite-Electrode-109336238661595\",\"https:\/\/x.com\/jinsuncarbon_\",\"https:\/\/www.linkedin.com\/in\/jinsungraphite\",\"https:\/\/www.youtube.com\/channel\/UCysDNyvyR5-3cCWEmpkVC0g\"]}]}<\/script>\n<!-- \/ Yoast SEO Premium plugin. -->","yoast_head_json":{"title":"Fabricant de feutre de carbone | Jinsun Carbon","description":"Le feutre de carbone est un mat\u00e9riau fibreux produit \u00e0 partir de pr\u00e9curseurs organiques. Il est ensuite trait\u00e9 \u00e0 haute temp\u00e9rature pour devenir du carbone.","robots":{"index":"index","follow":"follow","max-snippet":"max-snippet:-1","max-image-preview":"max-image-preview:large","max-video-preview":"max-video-preview:-1"},"canonical":"https:\/\/jinsuncarbon.com\/fr\/produit-2\/feutre-de-carbone\/","og_locale":"fr_FR","og_type":"article","og_title":"Carbon Felt","og_description":"Carbon felt\u00a0is a fiber\u00a0material produced from organic precursors. Then it is treated at high temperature to become carbon.","og_url":"https:\/\/jinsuncarbon.com\/fr\/produit-2\/feutre-de-carbone\/","og_site_name":"Jinsun Carbon","article_publisher":"https:\/\/www.facebook.com\/Graphite-Electrode-109336238661595","article_modified_time":"2024-12-02T06:10:27+00:00","og_image":[{"width":1024,"height":763,"url":"https:\/\/jinsuncarbon.com\/wp-content\/uploads\/2024\/11\/Carbon-Felt-1.jpg","type":"image\/jpeg"}],"twitter_card":"summary_large_image","twitter_site":"@jinsuncarbon_","twitter_misc":{"Dur\u00e9e de lecture estim\u00e9e":"5 minutes"},"schema":{"@context":"https:\/\/schema.org","@graph":[{"@type":"WebPage","@id":"https:\/\/jinsuncarbon.com\/product\/carbon-felt\/","url":"https:\/\/jinsuncarbon.com\/product\/carbon-felt\/","name":"Fabricant de feutre de carbone | Jinsun Carbon","isPartOf":{"@id":"https:\/\/jinsuncarbon.com\/#website"},"primaryImageOfPage":{"@id":"https:\/\/jinsuncarbon.com\/product\/carbon-felt\/#primaryimage"},"image":{"@id":"https:\/\/jinsuncarbon.com\/product\/carbon-felt\/#primaryimage"},"thumbnailUrl":"https:\/\/jinsuncarbon.com\/wp-content\/uploads\/2024\/11\/Carbon-Felt-1.jpg","datePublished":"2024-11-04T07:23:21+00:00","dateModified":"2024-12-02T06:10:27+00:00","description":"Le feutre de carbone est un mat\u00e9riau fibreux produit \u00e0 partir de pr\u00e9curseurs organiques. Il est ensuite trait\u00e9 \u00e0 haute temp\u00e9rature pour devenir du carbone.","breadcrumb":{"@id":"https:\/\/jinsuncarbon.com\/product\/carbon-felt\/#breadcrumb"},"inLanguage":"fr-FR","potentialAction":[{"@type":"ReadAction","target":["https:\/\/jinsuncarbon.com\/product\/carbon-felt\/"]}]},{"@type":"ImageObject","inLanguage":"fr-FR","@id":"https:\/\/jinsuncarbon.com\/product\/carbon-felt\/#primaryimage","url":"https:\/\/jinsuncarbon.com\/wp-content\/uploads\/2024\/11\/Carbon-Felt-1.jpg","contentUrl":"https:\/\/jinsuncarbon.com\/wp-content\/uploads\/2024\/11\/Carbon-Felt-1.jpg","width":1024,"height":763,"caption":"Carbon Felt"},{"@type":"BreadcrumbList","@id":"https:\/\/jinsuncarbon.com\/product\/carbon-felt\/#breadcrumb","itemListElement":[{"@type":"ListItem","position":1,"name":"Home","item":"https:\/\/jinsuncarbon.com\/"},{"@type":"ListItem","position":2,"name":"Products","item":"https:\/\/jinsuncarbon.com\/graphite-carbon\/"},{"@type":"ListItem","position":3,"name":"Carbon Felt"}]},{"@type":"WebSite","@id":"https:\/\/jinsuncarbon.com\/#website","url":"https:\/\/jinsuncarbon.com\/","name":"Jinsun Carbon","description":"Nous sommes le fabricant d'\u00e9lectrodes en graphite le plus performant de Chine.","publisher":{"@id":"https:\/\/jinsuncarbon.com\/#organization"},"potentialAction":[{"@type":"SearchAction","target":{"@type":"EntryPoint","urlTemplate":"https:\/\/jinsuncarbon.com\/?s={search_term_string}"},"query-input":{"@type":"PropertyValueSpecification","valueRequired":true,"valueName":"search_term_string"}}],"inLanguage":"fr-FR"},{"@type":"Organization","@id":"https:\/\/jinsuncarbon.com\/#organization","name":"Jinsun Carbon","alternateName":"Jinsun Carbon","url":"https:\/\/jinsuncarbon.com\/","logo":{"@type":"ImageObject","inLanguage":"fr-FR","@id":"https:\/\/jinsuncarbon.com\/#\/schema\/logo\/image\/","url":"https:\/\/jinsuncarbon.com\/wp-content\/uploads\/2022\/12\/LOGO-1.png","contentUrl":"https:\/\/jinsuncarbon.com\/wp-content\/uploads\/2022\/12\/LOGO-1.png","width":207,"height":80,"caption":"Jinsun Carbon"},"image":{"@id":"https:\/\/jinsuncarbon.com\/#\/schema\/logo\/image\/"},"sameAs":["https:\/\/www.facebook.com\/Graphite-Electrode-109336238661595","https:\/\/x.com\/jinsuncarbon_","https:\/\/www.linkedin.com\/in\/jinsungraphite","https:\/\/www.youtube.com\/channel\/UCysDNyvyR5-3cCWEmpkVC0g"]}]}},"_links":{"self":[{"href":"https:\/\/jinsuncarbon.com\/fr\/wp-json\/wp\/v2\/product\/6503","targetHints":{"allow":["GET"]}}],"collection":[{"href":"https:\/\/jinsuncarbon.com\/fr\/wp-json\/wp\/v2\/product"}],"about":[{"href":"https:\/\/jinsuncarbon.com\/fr\/wp-json\/wp\/v2\/types\/product"}],"wp:featuredmedia":[{"embeddable":true,"href":"https:\/\/jinsuncarbon.com\/fr\/wp-json\/wp\/v2\/media\/6507"}],"wp:attachment":[{"href":"https:\/\/jinsuncarbon.com\/fr\/wp-json\/wp\/v2\/media?parent=6503"}],"wp:term":[{"taxonomy":"product_brand","embeddable":true,"href":"https:\/\/jinsuncarbon.com\/fr\/wp-json\/wp\/v2\/product_brand?post=6503"},{"taxonomy":"product_cat","embeddable":true,"href":"https:\/\/jinsuncarbon.com\/fr\/wp-json\/wp\/v2\/product_cat?post=6503"},{"taxonomy":"product_tag","embeddable":true,"href":"https:\/\/jinsuncarbon.com\/fr\/wp-json\/wp\/v2\/product_tag?post=6503"}],"curies":[{"name":"wp","href":"https:\/\/api.w.org\/{rel}","templated":true}]}}