{"id":6444,"date":"2024-11-02T00:02:55","date_gmt":"2024-11-02T00:02:55","guid":{"rendered":"https:\/\/jinsuncarbon.com\/?post_type=product&#038;p=6444"},"modified":"2025-01-18T23:16:22","modified_gmt":"2025-01-18T23:16:22","slug":"element-chauffant-en-graphite","status":"publish","type":"product","link":"https:\/\/jinsuncarbon.com\/fr\/produit-2\/element-chauffant-en-graphite\/","title":{"rendered":"\u00c9l\u00e9ments chauffants en graphite"},"content":{"rendered":"<h2>Fabricant d'\u00e9l\u00e9ments chauffants en graphite<\/h2>\n<p>L'\u00e9l\u00e9ment chauffant en graphite est un composant soigneusement fabriqu\u00e9 en graphite de haute puret\u00e9 pour le chauffage. Dot\u00e9 d'une excellente r\u00e9sistance aux temp\u00e9ratures \u00e9lev\u00e9es, d'une conductivit\u00e9 \u00e9lectrique et d'une stabilit\u00e9 chimique, il trouve des applications importantes dans les fours \u00e0 vide, le moulage des m\u00e9taux et les semi-conducteurs. Il est con\u00e7u en tenant compte des exigences de performance. Il s'agit d'un \u00e9l\u00e9ment chauffant fiable et durable qui peut r\u00e9pondre aux besoins de chauffage dans diff\u00e9rentes conditions de travail.<\/p>\n<h2 class=\"ql-align-justify\">Propri\u00e9t\u00e9s des \u00e9l\u00e9ments chauffants en graphite<\/h2>\n<p class=\"ql-align-justify\"><span data-type=\"2\" data-index=\"5\" data-gid=\"1\">Les appareils de chauffage en graphite se pr\u00e9sentent g\u00e9n\u00e9ralement sous diverses formes, telles que <a href=\"https:\/\/jinsuncarbon.com\/fr\/produit-2\/tige-de-graphite\/\">tige<\/a>, les plaques et les tubes.<\/span>\u00a0Il offre un certain nombre d'avantages significatifs.<\/p>\n<p class=\"ql-align-justify\"><strong>Excellente r\u00e9sistance aux hautes temp\u00e9ratures<\/strong><\/p>\n<p class=\"ql-align-justify\">L'\u00e9l\u00e9ment chauffant en graphite fonctionne de mani\u00e8re stable \u00e0 des temp\u00e9ratures allant jusqu'\u00e0 1000\u00b0C et au-del\u00e0.<\/p>\n<p class=\"ql-align-justify\"><strong>Bonne r\u00e9sistance<\/strong><\/p>\n<p>Il peut convertir efficacement le courant en \u00e9nergie thermique, et le taux de conversion de la chaleur est tr\u00e8s impressionnant. Il peut r\u00e9pondre aux besoins de chauffage de diff\u00e9rents sc\u00e9narios.<\/p>\n<p class=\"ql-align-justify\"><strong>Propri\u00e9t\u00e9s chimiques extr\u00eamement stables<\/strong><\/p>\n<p class=\"ql-align-justify\">Il ne r\u00e9agit pas \u00e0 la plupart des environnements chimiques et r\u00e9siste bien \u00e0 la corrosion.<\/p>\n<p class=\"ql-align-justify\"><strong>R\u00e9sistance m\u00e9canique \u00e9lev\u00e9e<\/strong><\/p>\n<p class=\"ql-align-justify\">Il n'est pas facile \u00e0 endommager par une force ext\u00e9rieure conventionnelle.<\/p>\n<p class=\"ql-align-justify\"><strong>Efficacit\u00e9 \u00e9lev\u00e9e de la conduction thermique<\/strong><\/p>\n<p class=\"ql-align-justify\">La vitesse de chauffage est rapide et la temp\u00e9rature de chauffage cible peut \u00eatre atteinte rapidement.<\/p>\n<p class=\"ql-align-justify\">En outre, il pr\u00e9sente une bonne plasticit\u00e9 et est facile \u00e0 transformer en diverses formes. Dans des conditions de traitement appropri\u00e9es, nous pouvons le fa\u00e7onner par estampage m\u00e9canique, moulage ou usinage CNC pour r\u00e9pondre \u00e0 vos besoins.<\/p>\n<h2 class=\"ql-align-justify\">Types d'\u00e9l\u00e9ments chauffants en graphite<\/h2>\n<p class=\"ql-align-justify\"><strong>\u00c9l\u00e9ment chauffant en graphite :<\/strong><\/p>\n<p class=\"ql-align-justify\">Cette structure est une tige simple et allong\u00e9e. En raison de ses caract\u00e9ristiques de forme, elle peut \u00eatre largement utilis\u00e9e dans certains sc\u00e9narios o\u00f9 il est n\u00e9cessaire de chauffer profond\u00e9ment un espace sp\u00e9cifique. Par exemple, dans les petits fours exp\u00e9rimentaux, les r\u00e9acteurs tubulaires et d'autres \u00e9quipements qui peuvent chauffer avec pr\u00e9cision des zones locales.<\/p>\n<p class=\"ql-align-justify\"><strong>\u00c9l\u00e9ment chauffant en graphite en forme de plaque :<\/strong><\/p>\n<p class=\"ql-align-justify\">L'aspect est celui d'une plaque plate, avec une grande surface de chauffe. Il convient au chauffage uniforme d'une grande surface d'objets. Par exemple, dans certains \u00e9quipements de traitement thermique et de s\u00e9chage. Il permet de chauffer le mat\u00e9riau de mani\u00e8re plus uniforme et d'am\u00e9liorer l'effet de chauffage.<\/p>\n<p class=\"ql-align-justify\"><strong>\u00c9l\u00e9ment chauffant tubulaire en graphite :<\/strong><\/p>\n<p class=\"ql-align-justify\">Cette structure tubulaire creuse pr\u00e9sente des avantages \u00e9vidents pour le chauffage des fluides. Elle permet au fluide de circuler dans le tube et d'\u00eatre chauff\u00e9 uniform\u00e9ment. Elle est couramment utilis\u00e9e dans le processus de chauffage des fluides dans l'industrie chimique, le p\u00e9trole et d'autres industries.<\/p>\n<h2 class=\"ql-align-justify\">Utilisations des \u00e9l\u00e9ments chauffants en graphite<\/h2>\n<ul>\n<li class=\"ql-align-justify\">\n<h3>Fours \u00e0 vide<\/h3>\n<\/li>\n<\/ul>\n<p class=\"ql-align-justify\">Les \u00e9l\u00e9ments chauffants en graphite peuvent convertir efficacement l'\u00e9nergie \u00e9lectrique en chaleur. L'environnement sous vide est principalement bas\u00e9 sur le transfert de chaleur par rayonnement, la capacit\u00e9 de rayonnement du graphite est forte et peut cr\u00e9er un environnement uniforme \u00e0 haute temp\u00e9rature. Il convient \u00e0 la fusion des m\u00e9taux, au frittage, ainsi qu'\u00e0 la fusion d'alliages sp\u00e9ciaux, afin de garantir une chaleur uniforme de l'alliage et d'am\u00e9liorer la qualit\u00e9 du mat\u00e9riau. En outre, il ne r\u00e9agit pas avec les gaz de traitement tels que l'argon et l'azote dans le processus de fusion. <a href=\"https:\/\/ipsenglobal.com\/vacuum-furnaces\/\" target=\"_blank\" rel=\"noopener\">fours sous vide<\/a>.<\/p>\n<ul>\n<li class=\"ql-align-justify\">\n<h3>Traitement thermique<\/h3>\n<\/li>\n<\/ul>\n<p class=\"ql-align-justify\">Vous pouvez utiliser les r\u00e9chauffeurs en graphite pour la trempe, le revenu et le recuit des m\u00e9taux. Ils chauffent rapidement et contr\u00f4lent la temp\u00e9rature avec pr\u00e9cision. Par exemple, lorsque l'outil est tremp\u00e9, il peut lui faire atteindre la temp\u00e9rature appropri\u00e9e. La duret\u00e9 et la r\u00e9sistance \u00e0 l'usure de l'outil s'en trouvent am\u00e9lior\u00e9es.<\/p>\n<ul>\n<li class=\"ql-align-justify\">\n<h3>Traitement des m\u00e9taux :<\/h3>\n<\/li>\n<\/ul>\n<p class=\"ql-align-justify\">Dans la fusion et le forgeage des m\u00e9taux, l'\u00e9l\u00e9ment chauffant en graphite fournit une temp\u00e9rature \u00e9lev\u00e9e, de sorte que le m\u00e9tal atteigne la temp\u00e9rature de traitement appropri\u00e9e. Il garantit la qualit\u00e9 et l'efficacit\u00e9 du traitement. Comme les petits fours \u00e9lectriques dans l'industrie sid\u00e9rurgique, il peut stabiliser la fusion des mati\u00e8res premi\u00e8res m\u00e9talliques.<\/p>\n<ul>\n<li class=\"ql-align-justify\">\n<h3>Production chimique :<\/h3>\n<\/li>\n<\/ul>\n<p class=\"ql-align-justify\">Les r\u00e9actions chimiques n\u00e9cessitent souvent des temp\u00e9ratures sp\u00e9cifiques. Vous pouvez les utiliser pour chauffer les mat\u00e9riaux des r\u00e9acteurs, et leur stabilit\u00e9 chimique garantit un fonctionnement s\u00fbr dans divers environnements chimiques. Par exemple, le contr\u00f4le pr\u00e9cis de la temp\u00e9rature dans les r\u00e9actions de synth\u00e8se organique.<\/p>\n<ul>\n<li class=\"ql-align-justify\">\n<h3>Semi-conducteurs \u00e9lectroniques photovolta\u00efques :<\/h3>\n<\/li>\n<\/ul>\n<p class=\"ql-align-justify\">Les processus de lithographie et de recuit de la fabrication des puces semi-conductrices exigent une pr\u00e9cision et une stabilit\u00e9 de chauffage extr\u00eamement \u00e9lev\u00e9es, ce qui permet de r\u00e9pondre aux besoins. Pour garantir la pr\u00e9cision des processus de fabrication des puces et la qualit\u00e9 des produits.<\/p>\n<h2>\u00c9l\u00e9ment chauffant en graphite<\/h2>\n<p>Sa conception doit prendre en compte de nombreux aspects. La forme d\u00e9pend de l'\u00e9quipement, tel que la tige ou la plaque. La taille est d\u00e9termin\u00e9e en fonction de la puissance et de l'espace pour garantir l'effet de chauffage. Il faut choisir un mat\u00e9riau en graphite de grande puret\u00e9, afin d'obtenir une bonne r\u00e9sistance \u00e0 la temp\u00e9rature \u00e9lev\u00e9e et une bonne conductivit\u00e9 \u00e9lectrique. La m\u00e9thode de connexion est \u00e9galement importante, pour faciliter l'installation et la connexion des circuits, afin d'obtenir un chauffage efficace.<\/p>","protected":false},"excerpt":{"rendered":"<p>Les \u00e9l\u00e9ments chauffants en graphite sont fabriqu\u00e9s \u00e0 partir de mat\u00e9riaux en graphite de haute puret\u00e9 et sont utilis\u00e9s comme \u00e9l\u00e9ments chauffants dans les fours \u00e0 vide, tels que les fours \u00e0 monocristaux et les fours polycristallins. Ils utilisent le chauffage par r\u00e9sistance pour convertir l'\u00e9nergie \u00e9lectrique en \u00e9nergie thermique. Les \u00e9l\u00e9ments chauffants en graphite peuvent \u00eatre con\u00e7us dans une vari\u00e9t\u00e9 de formes et peuvent r\u00e9pondre \u00e0 vos besoins personnalis\u00e9s.<\/p>\n<ul>\n<li>\u00a0Densit\u00e9 apparente (g\/cm3) \u22651,85<\/li>\n<li>\u00a0Teneur en cendres (PPM) \u2264 1000<\/li>\n<li>\u00a0Duret\u00e9 Shore \u226545<\/li>\n<li>\u00a0R\u00e9sistance sp\u00e9cifique (\u03bc.\u03a9.m) \u226410<\/li>\n<li>\u00a0R\u00e9sistance \u00e0 la flexion (MPa) \u226540<\/li>\n<li>\u00a0R\u00e9sistance \u00e0 la compression (MPa) \u226570<\/li>\n<li>\u00a0Max. Taille des grains (\u03bcm) \u226443<\/li>\n<li>\u00a0Coefficient de dilatation thermique Mm\/\u00b0C \u22644.5*10-6<\/li>\n<\/ul>","protected":false},"featured_media":6445,"template":"","meta":[],"product_brand":[],"product_cat":[38],"product_tag":[],"class_list":{"0":"post-6444","1":"product","2":"type-product","3":"status-publish","4":"has-post-thumbnail","6":"product_cat-graphite-products","8":"first","9":"instock","10":"shipping-taxable","11":"product-type-simple"},"yoast_head":"<!-- This site is optimized with the Yoast SEO Premium plugin v19.2.1 (Yoast SEO v25.3) - https:\/\/yoast.com\/wordpress\/plugins\/seo\/ -->\n<title>Graphite Heating Elements Manufacturers | Jinsun Carbon<\/title>\n<meta name=\"description\" content=\"Graphite heating elements design leverages the unique properties of graphite. It fully utilizes graphite&#039;s physical and chemical traits.\" \/>\n<meta name=\"robots\" content=\"index, follow, max-snippet:-1, max-image-preview:large, max-video-preview:-1\" \/>\n<link rel=\"canonical\" href=\"https:\/\/jinsuncarbon.com\/fr\/produit-2\/element-chauffant-en-graphite\/\" \/>\n<meta property=\"og:locale\" content=\"fr_FR\" \/>\n<meta property=\"og:type\" content=\"article\" \/>\n<meta property=\"og:title\" content=\"Graphite Heating Elements\" \/>\n<meta property=\"og:description\" content=\"Graphite heating elements design leverages the unique properties of graphite. It fully utilizes graphite&#039;s physical and chemical traits.\" \/>\n<meta property=\"og:url\" content=\"https:\/\/jinsuncarbon.com\/fr\/produit-2\/element-chauffant-en-graphite\/\" \/>\n<meta property=\"og:site_name\" content=\"Jinsun Carbon\" \/>\n<meta property=\"article:publisher\" content=\"https:\/\/www.facebook.com\/Graphite-Electrode-109336238661595\" \/>\n<meta property=\"article:modified_time\" content=\"2025-01-18T23:16:22+00:00\" \/>\n<meta property=\"og:image\" content=\"https:\/\/jinsuncarbon.com\/wp-content\/uploads\/2024\/11\/Graphite-Heating-Elements-for-Vacuum-Furnaces.jpg\" \/>\n\t<meta property=\"og:image:width\" content=\"1024\" \/>\n\t<meta property=\"og:image:height\" content=\"763\" \/>\n\t<meta property=\"og:image:type\" content=\"image\/jpeg\" \/>\n<meta name=\"twitter:card\" content=\"summary_large_image\" \/>\n<meta name=\"twitter:site\" content=\"@jinsuncarbon_\" \/>\n<meta name=\"twitter:label1\" content=\"Dur\u00e9e de lecture estim\u00e9e\" \/>\n\t<meta name=\"twitter:data1\" content=\"4 minutes\" \/>\n<script type=\"application\/ld+json\" class=\"yoast-schema-graph\">{\"@context\":\"https:\/\/schema.org\",\"@graph\":[{\"@type\":\"WebPage\",\"@id\":\"https:\/\/jinsuncarbon.com\/product\/graphite-heating-element\/\",\"url\":\"https:\/\/jinsuncarbon.com\/product\/graphite-heating-element\/\",\"name\":\"Graphite Heating Elements Manufacturers | Jinsun Carbon\",\"isPartOf\":{\"@id\":\"https:\/\/jinsuncarbon.com\/#website\"},\"primaryImageOfPage\":{\"@id\":\"https:\/\/jinsuncarbon.com\/product\/graphite-heating-element\/#primaryimage\"},\"image\":{\"@id\":\"https:\/\/jinsuncarbon.com\/product\/graphite-heating-element\/#primaryimage\"},\"thumbnailUrl\":\"https:\/\/jinsuncarbon.com\/wp-content\/uploads\/2024\/11\/Graphite-Heating-Elements-for-Vacuum-Furnaces.jpg\",\"datePublished\":\"2024-11-02T00:02:55+00:00\",\"dateModified\":\"2025-01-18T23:16:22+00:00\",\"description\":\"Graphite heating elements design leverages the unique properties of graphite. It fully utilizes graphite's physical and chemical traits.\",\"breadcrumb\":{\"@id\":\"https:\/\/jinsuncarbon.com\/product\/graphite-heating-element\/#breadcrumb\"},\"inLanguage\":\"fr-FR\",\"potentialAction\":[{\"@type\":\"ReadAction\",\"target\":[\"https:\/\/jinsuncarbon.com\/product\/graphite-heating-element\/\"]}]},{\"@type\":\"ImageObject\",\"inLanguage\":\"fr-FR\",\"@id\":\"https:\/\/jinsuncarbon.com\/product\/graphite-heating-element\/#primaryimage\",\"url\":\"https:\/\/jinsuncarbon.com\/wp-content\/uploads\/2024\/11\/Graphite-Heating-Elements-for-Vacuum-Furnaces.jpg\",\"contentUrl\":\"https:\/\/jinsuncarbon.com\/wp-content\/uploads\/2024\/11\/Graphite-Heating-Elements-for-Vacuum-Furnaces.jpg\",\"width\":1024,\"height\":763,\"caption\":\"Graphite Heating Elements for Vacuum Furnaces\"},{\"@type\":\"BreadcrumbList\",\"@id\":\"https:\/\/jinsuncarbon.com\/product\/graphite-heating-element\/#breadcrumb\",\"itemListElement\":[{\"@type\":\"ListItem\",\"position\":1,\"name\":\"Home\",\"item\":\"https:\/\/jinsuncarbon.com\/\"},{\"@type\":\"ListItem\",\"position\":2,\"name\":\"Products\",\"item\":\"https:\/\/jinsuncarbon.com\/graphite-carbon\/\"},{\"@type\":\"ListItem\",\"position\":3,\"name\":\"Graphite Heating Elements\"}]},{\"@type\":\"WebSite\",\"@id\":\"https:\/\/jinsuncarbon.com\/#website\",\"url\":\"https:\/\/jinsuncarbon.com\/\",\"name\":\"Jinsun Carbon\",\"description\":\"We are the successful graphite electrode manufacturer in China\",\"publisher\":{\"@id\":\"https:\/\/jinsuncarbon.com\/#organization\"},\"potentialAction\":[{\"@type\":\"SearchAction\",\"target\":{\"@type\":\"EntryPoint\",\"urlTemplate\":\"https:\/\/jinsuncarbon.com\/?s={search_term_string}\"},\"query-input\":{\"@type\":\"PropertyValueSpecification\",\"valueRequired\":true,\"valueName\":\"search_term_string\"}}],\"inLanguage\":\"fr-FR\"},{\"@type\":\"Organization\",\"@id\":\"https:\/\/jinsuncarbon.com\/#organization\",\"name\":\"Jinsun Carbon\",\"alternateName\":\"Jinsun Carbon\",\"url\":\"https:\/\/jinsuncarbon.com\/\",\"logo\":{\"@type\":\"ImageObject\",\"inLanguage\":\"fr-FR\",\"@id\":\"https:\/\/jinsuncarbon.com\/#\/schema\/logo\/image\/\",\"url\":\"https:\/\/jinsuncarbon.com\/wp-content\/uploads\/2022\/12\/LOGO-1.png\",\"contentUrl\":\"https:\/\/jinsuncarbon.com\/wp-content\/uploads\/2022\/12\/LOGO-1.png\",\"width\":207,\"height\":80,\"caption\":\"Jinsun Carbon\"},\"image\":{\"@id\":\"https:\/\/jinsuncarbon.com\/#\/schema\/logo\/image\/\"},\"sameAs\":[\"https:\/\/www.facebook.com\/Graphite-Electrode-109336238661595\",\"https:\/\/x.com\/jinsuncarbon_\",\"https:\/\/www.linkedin.com\/in\/jinsungraphite\",\"https:\/\/www.youtube.com\/channel\/UCysDNyvyR5-3cCWEmpkVC0g\"]}]}<\/script>\n<!-- \/ Yoast SEO Premium plugin. -->","yoast_head_json":{"title":"Fabricants d'\u00e9l\u00e9ments chauffants en graphite | Jinsun Carbon","description":"La conception des \u00e9l\u00e9ments chauffants en graphite exploite les propri\u00e9t\u00e9s uniques du graphite. Elle utilise pleinement les caract\u00e9ristiques physiques et chimiques du graphite.","robots":{"index":"index","follow":"follow","max-snippet":"max-snippet:-1","max-image-preview":"max-image-preview:large","max-video-preview":"max-video-preview:-1"},"canonical":"https:\/\/jinsuncarbon.com\/fr\/produit-2\/element-chauffant-en-graphite\/","og_locale":"fr_FR","og_type":"article","og_title":"Graphite Heating Elements","og_description":"Graphite heating elements design leverages the unique properties of graphite. It fully utilizes graphite's physical and chemical traits.","og_url":"https:\/\/jinsuncarbon.com\/fr\/produit-2\/element-chauffant-en-graphite\/","og_site_name":"Jinsun Carbon","article_publisher":"https:\/\/www.facebook.com\/Graphite-Electrode-109336238661595","article_modified_time":"2025-01-18T23:16:22+00:00","og_image":[{"width":1024,"height":763,"url":"https:\/\/jinsuncarbon.com\/wp-content\/uploads\/2024\/11\/Graphite-Heating-Elements-for-Vacuum-Furnaces.jpg","type":"image\/jpeg"}],"twitter_card":"summary_large_image","twitter_site":"@jinsuncarbon_","twitter_misc":{"Dur\u00e9e de lecture estim\u00e9e":"4 minutes"},"schema":{"@context":"https:\/\/schema.org","@graph":[{"@type":"WebPage","@id":"https:\/\/jinsuncarbon.com\/product\/graphite-heating-element\/","url":"https:\/\/jinsuncarbon.com\/product\/graphite-heating-element\/","name":"Fabricants d'\u00e9l\u00e9ments chauffants en graphite | Jinsun Carbon","isPartOf":{"@id":"https:\/\/jinsuncarbon.com\/#website"},"primaryImageOfPage":{"@id":"https:\/\/jinsuncarbon.com\/product\/graphite-heating-element\/#primaryimage"},"image":{"@id":"https:\/\/jinsuncarbon.com\/product\/graphite-heating-element\/#primaryimage"},"thumbnailUrl":"https:\/\/jinsuncarbon.com\/wp-content\/uploads\/2024\/11\/Graphite-Heating-Elements-for-Vacuum-Furnaces.jpg","datePublished":"2024-11-02T00:02:55+00:00","dateModified":"2025-01-18T23:16:22+00:00","description":"La conception des \u00e9l\u00e9ments chauffants en graphite exploite les propri\u00e9t\u00e9s uniques du graphite. Elle utilise pleinement les caract\u00e9ristiques physiques et chimiques du graphite.","breadcrumb":{"@id":"https:\/\/jinsuncarbon.com\/product\/graphite-heating-element\/#breadcrumb"},"inLanguage":"fr-FR","potentialAction":[{"@type":"ReadAction","target":["https:\/\/jinsuncarbon.com\/product\/graphite-heating-element\/"]}]},{"@type":"ImageObject","inLanguage":"fr-FR","@id":"https:\/\/jinsuncarbon.com\/product\/graphite-heating-element\/#primaryimage","url":"https:\/\/jinsuncarbon.com\/wp-content\/uploads\/2024\/11\/Graphite-Heating-Elements-for-Vacuum-Furnaces.jpg","contentUrl":"https:\/\/jinsuncarbon.com\/wp-content\/uploads\/2024\/11\/Graphite-Heating-Elements-for-Vacuum-Furnaces.jpg","width":1024,"height":763,"caption":"Graphite Heating Elements for Vacuum Furnaces"},{"@type":"BreadcrumbList","@id":"https:\/\/jinsuncarbon.com\/product\/graphite-heating-element\/#breadcrumb","itemListElement":[{"@type":"ListItem","position":1,"name":"Home","item":"https:\/\/jinsuncarbon.com\/"},{"@type":"ListItem","position":2,"name":"Products","item":"https:\/\/jinsuncarbon.com\/graphite-carbon\/"},{"@type":"ListItem","position":3,"name":"Graphite Heating Elements"}]},{"@type":"WebSite","@id":"https:\/\/jinsuncarbon.com\/#website","url":"https:\/\/jinsuncarbon.com\/","name":"Jinsun Carbon","description":"Nous sommes le fabricant d'\u00e9lectrodes en graphite le plus performant de Chine.","publisher":{"@id":"https:\/\/jinsuncarbon.com\/#organization"},"potentialAction":[{"@type":"SearchAction","target":{"@type":"EntryPoint","urlTemplate":"https:\/\/jinsuncarbon.com\/?s={search_term_string}"},"query-input":{"@type":"PropertyValueSpecification","valueRequired":true,"valueName":"search_term_string"}}],"inLanguage":"fr-FR"},{"@type":"Organization","@id":"https:\/\/jinsuncarbon.com\/#organization","name":"Jinsun Carbon","alternateName":"Jinsun Carbon","url":"https:\/\/jinsuncarbon.com\/","logo":{"@type":"ImageObject","inLanguage":"fr-FR","@id":"https:\/\/jinsuncarbon.com\/#\/schema\/logo\/image\/","url":"https:\/\/jinsuncarbon.com\/wp-content\/uploads\/2022\/12\/LOGO-1.png","contentUrl":"https:\/\/jinsuncarbon.com\/wp-content\/uploads\/2022\/12\/LOGO-1.png","width":207,"height":80,"caption":"Jinsun Carbon"},"image":{"@id":"https:\/\/jinsuncarbon.com\/#\/schema\/logo\/image\/"},"sameAs":["https:\/\/www.facebook.com\/Graphite-Electrode-109336238661595","https:\/\/x.com\/jinsuncarbon_","https:\/\/www.linkedin.com\/in\/jinsungraphite","https:\/\/www.youtube.com\/channel\/UCysDNyvyR5-3cCWEmpkVC0g"]}]}},"_links":{"self":[{"href":"https:\/\/jinsuncarbon.com\/fr\/wp-json\/wp\/v2\/product\/6444","targetHints":{"allow":["GET"]}}],"collection":[{"href":"https:\/\/jinsuncarbon.com\/fr\/wp-json\/wp\/v2\/product"}],"about":[{"href":"https:\/\/jinsuncarbon.com\/fr\/wp-json\/wp\/v2\/types\/product"}],"wp:featuredmedia":[{"embeddable":true,"href":"https:\/\/jinsuncarbon.com\/fr\/wp-json\/wp\/v2\/media\/6445"}],"wp:attachment":[{"href":"https:\/\/jinsuncarbon.com\/fr\/wp-json\/wp\/v2\/media?parent=6444"}],"wp:term":[{"taxonomy":"product_brand","embeddable":true,"href":"https:\/\/jinsuncarbon.com\/fr\/wp-json\/wp\/v2\/product_brand?post=6444"},{"taxonomy":"product_cat","embeddable":true,"href":"https:\/\/jinsuncarbon.com\/fr\/wp-json\/wp\/v2\/product_cat?post=6444"},{"taxonomy":"product_tag","embeddable":true,"href":"https:\/\/jinsuncarbon.com\/fr\/wp-json\/wp\/v2\/product_tag?post=6444"}],"curies":[{"name":"wp","href":"https:\/\/api.w.org\/{rel}","templated":true}]}}