{"id":6275,"date":"2024-10-30T12:12:33","date_gmt":"2024-10-30T12:12:33","guid":{"rendered":"https:\/\/jinsuncarbon.com\/?post_type=product&#038;p=6275"},"modified":"2025-04-30T08:31:48","modified_gmt":"2025-04-30T08:31:48","slug":"graphite-lamellaire","status":"publish","type":"product","link":"https:\/\/jinsuncarbon.com\/fr\/produit-2\/graphite-lamellaire\/","title":{"rendered":"Flocons de graphite"},"content":{"rendered":"<h2>Paillettes de graphite \u00e0 vendre<\/h2>\n<p>Le graphite lamellaire est un conducteur non m\u00e9tallique \u00e0 structure stratifi\u00e9e. Il appartient au graphite cristallin naturel, souvent pr\u00e9sent dans les roches m\u00e9tamorphiques naturelles, et est une substance carbon\u00e9e form\u00e9e par m\u00e9tamorphisme \u00e0 haute temp\u00e9rature et pression. En fonction de l'application, la taille et la puret\u00e9 du graphite lamellaire sont \u00e9galement diff\u00e9rentes.<\/p>\n<h3>La microstructure particuli\u00e8re du graphite lamellaire<\/h3>\n<p>Il est compos\u00e9 de couches de graphite constitu\u00e9es d'atomes de carbone dans un r\u00e9seau hexagonal. Les couches interagissent et s'empilent gr\u00e2ce aux forces de van der Waals, laissant un certain espace entre les couches, \u00e0 l'instar de la structure en couches des \u00e9cailles de poisson. La structure particuli\u00e8re du graphite lamellaire lui conf\u00e8re non seulement une bonne conductivit\u00e9, mais aussi de bonnes propri\u00e9t\u00e9s lubrifiantes.<\/p>\n<p>&nbsp;<\/p>\n<h2>Flocons de graphite Caract\u00e9ristiques :<\/h2>\n<ul>\n<li><b><\/b><strong><b>R\u00e9sistance aux hautes temp\u00e9ratures : <\/b><\/strong>Le graphite peut supporter des temp\u00e9ratures extr\u00eames sans perdre son int\u00e9grit\u00e9 structurelle, son point de fusion est de 3850\u00b150\u2103, son point d'\u00e9bullition est de 4250\u2103. Ainsi, m\u00eame apr\u00e8s une combustion \u00e0 ultra-haute temp\u00e9rature, la perte de poids du graphite et son coefficient de dilatation thermique sont tr\u00e8s faibles. Et la force de graphite sera renforc\u00e9e avec l'augmentation de la temp\u00e9rature, \u00e0 2000\u2103, la force de graphite sera doubl\u00e9e.<\/li>\n<li><\/li>\n<li><b><\/b><strong><b>Conductivit\u00e9 \u00e9lectrique et thermique : <\/b><\/strong>La conductivit\u00e9 \u00e9lectrique du graphite est cent fois sup\u00e9rieure \u00e0 celle des minerais non m\u00e9talliques ordinaires. La conductivit\u00e9 thermique est sup\u00e9rieure \u00e0 celle de l'acier, du fer, du plomb et de nombreux autres mat\u00e9riaux m\u00e9talliques. La conductivit\u00e9 thermique diminue avec l'augmentation de la temp\u00e9rature, et m\u00eame \u00e0 des temp\u00e9ratures extr\u00eamement \u00e9lev\u00e9es, le graphite peut devenir adiabatique. On constate que le graphite lamellaire poss\u00e8de une excellente conductivit\u00e9 thermique et qu'il convient donc parfaitement \u00e0 la fabrication de radiateurs et de composants de refroidissement pour les appareils \u00e9lectroniques.<\/li>\n<li><\/li>\n<li><b><\/b><strong><b>le pouvoir lubrifiant : <\/b><\/strong>le squama de graphite des paillettes de graphite est plus grand, et la performance de lubrification du graphite d\u00e9pend de la taille du squama de graphite. Plus le squama est grand, plus le coefficient de frottement est faible et meilleures sont les performances de lubrification. Par cons\u00e9quent, les flocons de graphite ont un bon pouvoir lubrifiant.<\/li>\n<li><\/li>\n<li><b><\/b><strong><b>Stabilit\u00e9 chimique : <\/b><\/strong>Le graphite a une bonne stabilit\u00e9 chimique \u00e0 temp\u00e9rature ambiante, il peut rester stable dans la plupart des environnements acides et alcalins. Il ne r\u00e9agit pas facilement avec d'autres substances et peut r\u00e9sister \u00e0 la corrosion par les acides, les alcalis et les solvants organiques. Par cons\u00e9quent, vous pouvez utiliser les paillettes de graphite comme conservateur.<\/li>\n<li><\/li>\n<li><strong><b>La plasticit\u00e9 :<\/b><\/strong> La r\u00e9sistance du graphite est bonne, et on peut dire que les paillettes de graphite les plus fines r\u00e9unissent tous les avantages du graphite.<\/li>\n<\/ul>\n<p>&nbsp;<\/p>\n<h2>\u00c0 quoi sert le flocon de graphite ?<\/h2>\n<ul>\n<li><b><\/b><strong>Additifs de carbone :<\/strong><\/li>\n<\/ul>\n<p>Les flocons de graphite peuvent \u00eatre utilis\u00e9s comme additifs de carbone dans divers proc\u00e9d\u00e9s m\u00e9tallurgiques pour augmenter la teneur en carbone de l'acier et des ferro-alliages. Ils peuvent am\u00e9liorer la duret\u00e9, la r\u00e9sistance, la plasticit\u00e9 et la t\u00e9nacit\u00e9 du mat\u00e9riau. En ajoutant du graphite, la composition de l'alliage peut \u00e9galement \u00eatre ajust\u00e9e pour r\u00e9pondre \u00e0 des exigences sp\u00e9cifiques, am\u00e9liorant ainsi les performances du produit final.<\/p>\n<ul>\n<li><b><\/b><strong>Lubrifiant :<\/strong><\/li>\n<\/ul>\n<p>La structure en couches des paillettes de graphite leur permet de glisser les unes contre les autres, ce qui en fait un excellent lubrifiant sec. Diff\u00e9rent de l'environnement \u00e0 haute temp\u00e9rature et \u00e0 haute pression qui ne peut \u00eatre atteint avec les lubrifiants traditionnels, le graphite lamellaire est un excellent lubrifiant sec. <a href=\"https:\/\/en.wikipedia.org\/wiki\/Lubricant\" target=\"_blank\" rel=\"noopener\">lubrifiants<\/a>Il poss\u00e8de des caract\u00e9ristiques de r\u00e9sistance aux temp\u00e9ratures \u00e9lev\u00e9es. Les lubrifiants \u00e0 base de flocons de graphite sont utilis\u00e9s dans les machines, les engrenages et les roulements pour r\u00e9duire le frottement et l'usure.<\/p>\n<ul>\n<li><b><\/b><strong>Additifs :\u00a0<\/strong><\/li>\n<\/ul>\n<p>Les flocons de graphite peuvent \u00eatre ajout\u00e9s au caoutchouc, aux plastiques et \u00e0 d'autres mat\u00e9riaux composites pour am\u00e9liorer leurs propri\u00e9t\u00e9s m\u00e9caniques et \u00e9lectriques. En outre, dans le caoutchouc, le graphite am\u00e9liore la conductivit\u00e9 \u00e9lectrique et la r\u00e9sistance \u00e0 l'usure. Dans les plastiques, il peut conf\u00e9rer une conductivit\u00e9 \u00e9lectrique et une stabilit\u00e9 thermique, ce qui rend le mat\u00e9riau adapt\u00e9 \u00e0 toute une s\u00e9rie d'applications industrielles.<\/p>\n<ul>\n<li><strong>Industrie \u00e9lectronique :<\/strong><\/li>\n<\/ul>\n<p><em><i>Pomme<\/i><\/em>\u00a0utilise les flocons de graphite comme mat\u00e9riau de refroidissement dans un grand nombre de ses produits, tirant parti de leur conductivit\u00e9 thermique \u00e9lev\u00e9e pour g\u00e9rer efficacement la chaleur.<\/p>\n<ul>\n<li><strong>Industrie automobile :<\/strong><\/li>\n<\/ul>\n<p><em><i>Tesla <\/i><\/em>a incorpor\u00e9 du graphite dans le syst\u00e8me de gestion des batteries de ses v\u00e9hicules \u00e9lectriques afin de r\u00e9guler la temp\u00e9rature du bloc-batterie. Cela joue un r\u00f4le crucial dans le maintien de l'efficacit\u00e9 et de la s\u00e9curit\u00e9 du syst\u00e8me.<\/p>\n<ul>\n<li><b><\/b><strong>A\u00e9rospatiale :<\/strong><\/li>\n<\/ul>\n<p>Boeing et Airbus ont tous deux int\u00e9gr\u00e9 des composites \u00e0 base de graphite dans leurs programmes d'avions commerciaux, b\u00e9n\u00e9ficiant du rapport poids\/r\u00e9sistance et des propri\u00e9t\u00e9s thermiques du mat\u00e9riau.<\/p>\n<ul>\n<li>\n<h3>Application de la batterie :<\/h3>\n<\/li>\n<\/ul>\n<p>Les paillettes de graphite sont un composant cl\u00e9 des batteries lithium-ion et peuvent \u00eatre utilis\u00e9es comme mat\u00e9riaux d'\u00e9lectrode n\u00e9gative. Sa capacit\u00e9 \u00e0 int\u00e9grer les ions lithium en fait un mat\u00e9riau indispensable dans les solutions de stockage d'\u00e9nergie.<\/p>\n<ul>\n<li>\n<h3><b><\/b>Protection contre la corrosion :<\/h3>\n<\/li>\n<\/ul>\n<p>Les paillettes de graphite sont extr\u00eamement stables chimiquement et peuvent prot\u00e9ger les m\u00e9taux de la corrosion en agissant comme une barri\u00e8re contre les agents corrosifs. Cette caract\u00e9ristique est utile dans les applications marines et offshore o\u00f9 la r\u00e9sistance \u00e0 la corrosion est essentielle.<\/p>\n<p>&nbsp;<\/p>\n<ul>\n<li>\n<h3>Flocons de graphite dans la fonte :<\/h3>\n<\/li>\n<\/ul>\n<p>Dans le domaine de la m\u00e9tallurgie, en particulier dans la production de fonte grise, les flocons de graphite jouent un r\u00f4le essentiel. Au cours du processus de solidification du m\u00e9tal chaud, les flocons de graphite se forment naturellement \u00e0 mesure que le carbone est pr\u00e9cipit\u00e9 de la phase liquide. Ces flocons modifient la microstructure du m\u00e9tal, contribuant \u00e0 la formation de <a href=\"https:\/\/jinsuncarbon.com\/fr\/produit-2\/poudre-de-graphite\/\">graphite<\/a> nodules plut\u00f4t que de la c\u00e9mentite. En outre, ce changement am\u00e9liore les propri\u00e9t\u00e9s m\u00e9caniques de la fonte, lui conf\u00e9rant une plus grande t\u00e9nacit\u00e9 et une meilleure r\u00e9sistance \u00e0 l'usure, ce qui est essentiel pour les applications exigeant durabilit\u00e9 et solidit\u00e9.<\/p>\n<p>&nbsp;<\/p>\n<p>En tant que fournisseur de graphite lamellaire, nous proposons des prix comp\u00e9titifs pour faciliter votre production industrielle. Dans le m\u00eame temps, veuillez nous fournir les indicateurs techniques dont vous avez besoin, y compris la teneur en carbone, l'humidit\u00e9, les cendres et la teneur en mati\u00e8res volatiles.<\/p>","protected":false},"excerpt":{"rendered":"<p>Les flocons de graphite sont des feuilles minces constitu\u00e9es d'une couche de graphite. Il s'agit d'un tout nouveau mat\u00e9riau ayant un meilleur effet sur la conduction et la dissipation de la chaleur. En tant que mat\u00e9riau de haute performance, il pr\u00e9sente une orientation unique du grain. Avec l'acc\u00e9l\u00e9ration de la modernisation des produits \u00e9lectroniques et la demande croissante de gestion de la dissipation de la chaleur des \u00e9quipements \u00e9lectroniques de haute performance, le graphite offre une meilleure solution. Le graphite joue un r\u00f4le important dans de nombreuses industries.<\/p>","protected":false},"featured_media":6280,"template":"","meta":[],"product_brand":[],"product_cat":[40],"product_tag":[],"class_list":{"0":"post-6275","1":"product","2":"type-product","3":"status-publish","4":"has-post-thumbnail","6":"product_cat-petroleum-coke","8":"first","9":"instock","10":"shipping-taxable","11":"product-type-simple"},"yoast_head":"<!-- This site is optimized with the Yoast SEO Premium plugin v19.2.1 (Yoast SEO v25.3) - https:\/\/yoast.com\/wordpress\/plugins\/seo\/ -->\n<title>Graphite Flakes Manufacturer | Jinsun Carbon<\/title>\n<meta name=\"description\" content=\"Graphite Flakes is a thin sheet arranged by graphite layer. It is a brand-new material with better effect in heat conduction and heat dissipation.\" \/>\n<meta name=\"robots\" content=\"index, follow, max-snippet:-1, max-image-preview:large, max-video-preview:-1\" \/>\n<link rel=\"canonical\" href=\"https:\/\/jinsuncarbon.com\/fr\/produit-2\/graphite-lamellaire\/\" \/>\n<meta property=\"og:locale\" content=\"fr_FR\" \/>\n<meta property=\"og:type\" content=\"article\" \/>\n<meta property=\"og:title\" content=\"Graphite Flakes\" \/>\n<meta property=\"og:description\" content=\"Graphite Flakes is a thin sheet arranged by graphite layer. It is a brand-new material with better effect in heat conduction and heat dissipation.\" \/>\n<meta property=\"og:url\" content=\"https:\/\/jinsuncarbon.com\/fr\/produit-2\/graphite-lamellaire\/\" \/>\n<meta property=\"og:site_name\" content=\"Jinsun Carbon\" \/>\n<meta property=\"article:publisher\" content=\"https:\/\/www.facebook.com\/Graphite-Electrode-109336238661595\" \/>\n<meta property=\"article:modified_time\" content=\"2025-04-30T08:31:48+00:00\" \/>\n<meta property=\"og:image\" content=\"https:\/\/jinsuncarbon.com\/wp-content\/uploads\/2024\/10\/Graphite-Flakes-1.jpg\" \/>\n\t<meta property=\"og:image:width\" content=\"1024\" \/>\n\t<meta property=\"og:image:height\" content=\"736\" \/>\n\t<meta property=\"og:image:type\" content=\"image\/jpeg\" \/>\n<meta name=\"twitter:card\" content=\"summary_large_image\" \/>\n<meta name=\"twitter:site\" content=\"@jinsuncarbon_\" \/>\n<meta name=\"twitter:label1\" content=\"Dur\u00e9e de lecture estim\u00e9e\" \/>\n\t<meta name=\"twitter:data1\" content=\"4 minutes\" \/>\n<script type=\"application\/ld+json\" class=\"yoast-schema-graph\">{\"@context\":\"https:\/\/schema.org\",\"@graph\":[{\"@type\":\"WebPage\",\"@id\":\"https:\/\/jinsuncarbon.com\/product\/flake-graphite\/\",\"url\":\"https:\/\/jinsuncarbon.com\/product\/flake-graphite\/\",\"name\":\"Graphite Flakes Manufacturer | Jinsun Carbon\",\"isPartOf\":{\"@id\":\"https:\/\/jinsuncarbon.com\/#website\"},\"primaryImageOfPage\":{\"@id\":\"https:\/\/jinsuncarbon.com\/product\/flake-graphite\/#primaryimage\"},\"image\":{\"@id\":\"https:\/\/jinsuncarbon.com\/product\/flake-graphite\/#primaryimage\"},\"thumbnailUrl\":\"https:\/\/jinsuncarbon.com\/wp-content\/uploads\/2024\/10\/Graphite-Flakes-1.jpg\",\"datePublished\":\"2024-10-30T12:12:33+00:00\",\"dateModified\":\"2025-04-30T08:31:48+00:00\",\"description\":\"Graphite Flakes is a thin sheet arranged by graphite layer. It is a brand-new material with better effect in heat conduction and heat dissipation.\",\"breadcrumb\":{\"@id\":\"https:\/\/jinsuncarbon.com\/product\/flake-graphite\/#breadcrumb\"},\"inLanguage\":\"fr-FR\",\"potentialAction\":[{\"@type\":\"ReadAction\",\"target\":[\"https:\/\/jinsuncarbon.com\/product\/flake-graphite\/\"]}]},{\"@type\":\"ImageObject\",\"inLanguage\":\"fr-FR\",\"@id\":\"https:\/\/jinsuncarbon.com\/product\/flake-graphite\/#primaryimage\",\"url\":\"https:\/\/jinsuncarbon.com\/wp-content\/uploads\/2024\/10\/Graphite-Flakes-1.jpg\",\"contentUrl\":\"https:\/\/jinsuncarbon.com\/wp-content\/uploads\/2024\/10\/Graphite-Flakes-1.jpg\",\"width\":1024,\"height\":736,\"caption\":\"Graphite Flakes - Jinsuncarbon\"},{\"@type\":\"BreadcrumbList\",\"@id\":\"https:\/\/jinsuncarbon.com\/product\/flake-graphite\/#breadcrumb\",\"itemListElement\":[{\"@type\":\"ListItem\",\"position\":1,\"name\":\"Home\",\"item\":\"https:\/\/jinsuncarbon.com\/\"},{\"@type\":\"ListItem\",\"position\":2,\"name\":\"Products\",\"item\":\"https:\/\/jinsuncarbon.com\/graphite-carbon\/\"},{\"@type\":\"ListItem\",\"position\":3,\"name\":\"Graphite Flakes\"}]},{\"@type\":\"WebSite\",\"@id\":\"https:\/\/jinsuncarbon.com\/#website\",\"url\":\"https:\/\/jinsuncarbon.com\/\",\"name\":\"Jinsun Carbon\",\"description\":\"We are the successful graphite electrode manufacturer in China\",\"publisher\":{\"@id\":\"https:\/\/jinsuncarbon.com\/#organization\"},\"potentialAction\":[{\"@type\":\"SearchAction\",\"target\":{\"@type\":\"EntryPoint\",\"urlTemplate\":\"https:\/\/jinsuncarbon.com\/?s={search_term_string}\"},\"query-input\":{\"@type\":\"PropertyValueSpecification\",\"valueRequired\":true,\"valueName\":\"search_term_string\"}}],\"inLanguage\":\"fr-FR\"},{\"@type\":\"Organization\",\"@id\":\"https:\/\/jinsuncarbon.com\/#organization\",\"name\":\"Jinsun Carbon\",\"alternateName\":\"Jinsun Carbon\",\"url\":\"https:\/\/jinsuncarbon.com\/\",\"logo\":{\"@type\":\"ImageObject\",\"inLanguage\":\"fr-FR\",\"@id\":\"https:\/\/jinsuncarbon.com\/#\/schema\/logo\/image\/\",\"url\":\"https:\/\/jinsuncarbon.com\/wp-content\/uploads\/2022\/12\/LOGO-1.png\",\"contentUrl\":\"https:\/\/jinsuncarbon.com\/wp-content\/uploads\/2022\/12\/LOGO-1.png\",\"width\":207,\"height\":80,\"caption\":\"Jinsun Carbon\"},\"image\":{\"@id\":\"https:\/\/jinsuncarbon.com\/#\/schema\/logo\/image\/\"},\"sameAs\":[\"https:\/\/www.facebook.com\/Graphite-Electrode-109336238661595\",\"https:\/\/x.com\/jinsuncarbon_\",\"https:\/\/www.linkedin.com\/in\/jinsungraphite\",\"https:\/\/www.youtube.com\/channel\/UCysDNyvyR5-3cCWEmpkVC0g\"]}]}<\/script>\n<!-- \/ Yoast SEO Premium plugin. -->","yoast_head_json":{"title":"Flocons de graphite - Fabricant | Jinsun Carbon","description":"Les flocons de graphite sont des feuilles minces constitu\u00e9es d'une couche de graphite. Il s'agit d'un tout nouveau mat\u00e9riau ayant un meilleur effet sur la conduction et la dissipation de la chaleur.","robots":{"index":"index","follow":"follow","max-snippet":"max-snippet:-1","max-image-preview":"max-image-preview:large","max-video-preview":"max-video-preview:-1"},"canonical":"https:\/\/jinsuncarbon.com\/fr\/produit-2\/graphite-lamellaire\/","og_locale":"fr_FR","og_type":"article","og_title":"Graphite Flakes","og_description":"Graphite Flakes is a thin sheet arranged by graphite layer. It is a brand-new material with better effect in heat conduction and heat dissipation.","og_url":"https:\/\/jinsuncarbon.com\/fr\/produit-2\/graphite-lamellaire\/","og_site_name":"Jinsun Carbon","article_publisher":"https:\/\/www.facebook.com\/Graphite-Electrode-109336238661595","article_modified_time":"2025-04-30T08:31:48+00:00","og_image":[{"width":1024,"height":736,"url":"https:\/\/jinsuncarbon.com\/wp-content\/uploads\/2024\/10\/Graphite-Flakes-1.jpg","type":"image\/jpeg"}],"twitter_card":"summary_large_image","twitter_site":"@jinsuncarbon_","twitter_misc":{"Dur\u00e9e de lecture estim\u00e9e":"4 minutes"},"schema":{"@context":"https:\/\/schema.org","@graph":[{"@type":"WebPage","@id":"https:\/\/jinsuncarbon.com\/product\/flake-graphite\/","url":"https:\/\/jinsuncarbon.com\/product\/flake-graphite\/","name":"Flocons de graphite - Fabricant | Jinsun Carbon","isPartOf":{"@id":"https:\/\/jinsuncarbon.com\/#website"},"primaryImageOfPage":{"@id":"https:\/\/jinsuncarbon.com\/product\/flake-graphite\/#primaryimage"},"image":{"@id":"https:\/\/jinsuncarbon.com\/product\/flake-graphite\/#primaryimage"},"thumbnailUrl":"https:\/\/jinsuncarbon.com\/wp-content\/uploads\/2024\/10\/Graphite-Flakes-1.jpg","datePublished":"2024-10-30T12:12:33+00:00","dateModified":"2025-04-30T08:31:48+00:00","description":"Les flocons de graphite sont des feuilles minces constitu\u00e9es d'une couche de graphite. Il s'agit d'un tout nouveau mat\u00e9riau ayant un meilleur effet sur la conduction et la dissipation de la chaleur.","breadcrumb":{"@id":"https:\/\/jinsuncarbon.com\/product\/flake-graphite\/#breadcrumb"},"inLanguage":"fr-FR","potentialAction":[{"@type":"ReadAction","target":["https:\/\/jinsuncarbon.com\/product\/flake-graphite\/"]}]},{"@type":"ImageObject","inLanguage":"fr-FR","@id":"https:\/\/jinsuncarbon.com\/product\/flake-graphite\/#primaryimage","url":"https:\/\/jinsuncarbon.com\/wp-content\/uploads\/2024\/10\/Graphite-Flakes-1.jpg","contentUrl":"https:\/\/jinsuncarbon.com\/wp-content\/uploads\/2024\/10\/Graphite-Flakes-1.jpg","width":1024,"height":736,"caption":"Graphite Flakes - Jinsuncarbon"},{"@type":"BreadcrumbList","@id":"https:\/\/jinsuncarbon.com\/product\/flake-graphite\/#breadcrumb","itemListElement":[{"@type":"ListItem","position":1,"name":"Home","item":"https:\/\/jinsuncarbon.com\/"},{"@type":"ListItem","position":2,"name":"Products","item":"https:\/\/jinsuncarbon.com\/graphite-carbon\/"},{"@type":"ListItem","position":3,"name":"Graphite Flakes"}]},{"@type":"WebSite","@id":"https:\/\/jinsuncarbon.com\/#website","url":"https:\/\/jinsuncarbon.com\/","name":"Jinsun Carbon","description":"Nous sommes le fabricant d'\u00e9lectrodes en graphite le plus performant de Chine.","publisher":{"@id":"https:\/\/jinsuncarbon.com\/#organization"},"potentialAction":[{"@type":"SearchAction","target":{"@type":"EntryPoint","urlTemplate":"https:\/\/jinsuncarbon.com\/?s={search_term_string}"},"query-input":{"@type":"PropertyValueSpecification","valueRequired":true,"valueName":"search_term_string"}}],"inLanguage":"fr-FR"},{"@type":"Organization","@id":"https:\/\/jinsuncarbon.com\/#organization","name":"Jinsun Carbon","alternateName":"Jinsun Carbon","url":"https:\/\/jinsuncarbon.com\/","logo":{"@type":"ImageObject","inLanguage":"fr-FR","@id":"https:\/\/jinsuncarbon.com\/#\/schema\/logo\/image\/","url":"https:\/\/jinsuncarbon.com\/wp-content\/uploads\/2022\/12\/LOGO-1.png","contentUrl":"https:\/\/jinsuncarbon.com\/wp-content\/uploads\/2022\/12\/LOGO-1.png","width":207,"height":80,"caption":"Jinsun Carbon"},"image":{"@id":"https:\/\/jinsuncarbon.com\/#\/schema\/logo\/image\/"},"sameAs":["https:\/\/www.facebook.com\/Graphite-Electrode-109336238661595","https:\/\/x.com\/jinsuncarbon_","https:\/\/www.linkedin.com\/in\/jinsungraphite","https:\/\/www.youtube.com\/channel\/UCysDNyvyR5-3cCWEmpkVC0g"]}]}},"_links":{"self":[{"href":"https:\/\/jinsuncarbon.com\/fr\/wp-json\/wp\/v2\/product\/6275","targetHints":{"allow":["GET"]}}],"collection":[{"href":"https:\/\/jinsuncarbon.com\/fr\/wp-json\/wp\/v2\/product"}],"about":[{"href":"https:\/\/jinsuncarbon.com\/fr\/wp-json\/wp\/v2\/types\/product"}],"wp:featuredmedia":[{"embeddable":true,"href":"https:\/\/jinsuncarbon.com\/fr\/wp-json\/wp\/v2\/media\/6280"}],"wp:attachment":[{"href":"https:\/\/jinsuncarbon.com\/fr\/wp-json\/wp\/v2\/media?parent=6275"}],"wp:term":[{"taxonomy":"product_brand","embeddable":true,"href":"https:\/\/jinsuncarbon.com\/fr\/wp-json\/wp\/v2\/product_brand?post=6275"},{"taxonomy":"product_cat","embeddable":true,"href":"https:\/\/jinsuncarbon.com\/fr\/wp-json\/wp\/v2\/product_cat?post=6275"},{"taxonomy":"product_tag","embeddable":true,"href":"https:\/\/jinsuncarbon.com\/fr\/wp-json\/wp\/v2\/product_tag?post=6275"}],"curies":[{"name":"wp","href":"https:\/\/api.w.org\/{rel}","templated":true}]}}