{"id":5629,"date":"2024-09-20T02:48:53","date_gmt":"2024-09-20T02:48:53","guid":{"rendered":"https:\/\/jinsuncarbon.com\/?post_type=product&#038;p=5629"},"modified":"2025-04-13T00:59:28","modified_gmt":"2025-04-13T00:59:28","slug":"graphite-rond","status":"publish","type":"product","link":"https:\/\/jinsuncarbon.com\/fr\/produit-2\/graphite-rond\/","title":{"rendered":"Rond graphite"},"content":{"rendered":"<h2>Stock rond en graphite<\/h2>\n<p>Les ronds en graphite peuvent \u00eatre personnalis\u00e9s en fonction des besoins, y compris la taille, la forme, etc., et peuvent \u00eatre fabriqu\u00e9s selon les sp\u00e9cifications et marquages sp\u00e9ciaux des clients.<\/p>\n<h2>Propri\u00e9t\u00e9s des ronds de graphite<\/h2>\n<p>R\u00e9sistance aux temp\u00e9ratures \u00e9lev\u00e9es, r\u00e9sistance \u00e0 l'oxydation et bonne stabilit\u00e9 chimique. Les mat\u00e9riaux en graphite pr\u00e9sentent une excellente r\u00e9sistance aux temp\u00e9ratures \u00e9lev\u00e9es et \u00e0 l'oxydation, ainsi qu'une bonne stabilit\u00e9 chimique, ce qui permet aux ronds en graphite de fonctionner de mani\u00e8re stable dans des conditions extr\u00eames.<br \/>\nBonne autolubrification : Le graphite pr\u00e9sente une bonne autolubrification, ce qui r\u00e9duit le frottement et l'usure et prolonge la dur\u00e9e de vie.<br \/>\nBonne conductivit\u00e9 thermique : Les produits en graphite ont une bonne conductivit\u00e9 thermique, peuvent transf\u00e9rer rapidement et uniform\u00e9ment la chaleur et am\u00e9liorer l'efficacit\u00e9 du chauffage.<br \/>\nFonction infrarouge lointain : Apr\u00e8s avoir \u00e9t\u00e9 chauff\u00e9s, les produits en graphite peuvent g\u00e9n\u00e9rer des rayons infrarouges lointains, ce qui contribue \u00e0 am\u00e9liorer les fonctions corporelles, \u00e0 pr\u00e9venir les maladies et \u00e0 am\u00e9liorer la qualit\u00e9 de vie.<\/p>\n<h2>Utilisations des rondelles de graphite<\/h2>\n<p>Tout d'abord, les produits ronds en graphite peuvent \u00eatre utilis\u00e9s comme mat\u00e9riaux r\u00e9fractaires, qui pr\u00e9sentent les caract\u00e9ristiques d'une r\u00e9sistance aux temp\u00e9ratures \u00e9lev\u00e9es et d'une grande solidit\u00e9. Ils sont souvent utilis\u00e9s pour fabriquer des creusets en graphite dans l'industrie m\u00e9tallurgique, ainsi que des agents de protection des lingots de graphite et des rev\u00eatements de fours m\u00e9tallurgiques au cours de l'ann\u00e9e. <a href=\"https:\/\/dixonvalve.com\/en\/news-and-events\/news\/6-steps-steel-manufacturing-process\" target=\"_blank\" rel=\"noopener\">sid\u00e9rurgie<\/a>.<\/p>\n<p>D'autre part, ils sont \u00e9galement utilis\u00e9s comme mat\u00e9riaux conducteurs. Dans l'industrie \u00e9lectrique, les rondelles de graphite peuvent \u00eatre utilis\u00e9es pour faire des <a href=\"https:\/\/jinsuncarbon.com\/fr\/produit-2\/electrode-en-graphite-hp\/\">\u00e9lectrodes<\/a>Le graphite est utilis\u00e9 pour la fabrication de brosses, de tiges de carbone, de tubes de carbone, d'\u00e9lectrodes positives de redresseurs \u00e0 mercure, de joints en graphite, de pi\u00e8ces de t\u00e9l\u00e9phone et de rev\u00eatements de tubes d'image de t\u00e9l\u00e9vision.<\/p>\n<p>En outre, ils peuvent \u00e9galement \u00eatre utilis\u00e9s comme mat\u00e9riaux lubrifiants r\u00e9sistants \u00e0 l'usure. Ils sont souvent utilis\u00e9s comme lubrifiants dans l'industrie des machines, en particulier dans des conditions de vitesse \u00e9lev\u00e9e, de temp\u00e9rature \u00e9lev\u00e9e et de pression \u00e9lev\u00e9e. Les mat\u00e9riaux r\u00e9sistants \u00e0 l'usure en graphite peuvent fonctionner sans huile lubrifiante et sont largement utilis\u00e9s dans les \u00e9quipements qui transportent des fluides corrosifs. Les mat\u00e9riaux r\u00e9sistants \u00e0 l'usure en graphite peuvent fonctionner sans huile de lubrification et sont largement utilis\u00e9s dans les \u00e9quipements qui transportent des fluides corrosifs.<\/p>\n<p>Les rondelles de graphite sont largement utilis\u00e9es dans l'industrie, la m\u00e9decine et d'autres domaines en raison de leurs propri\u00e9t\u00e9s physiques et chimiques uniques. Ils jouent un r\u00f4le indispensable dans de nombreuses industries, qu'il s'agisse de mat\u00e9riaux r\u00e9fractaires, de mat\u00e9riaux conducteurs ou de mat\u00e9riaux lubrifiants r\u00e9sistants \u00e0 l'usure. Leurs applications sont vastes et importantes.<\/p>","protected":false},"excerpt":{"rendered":"<p>Le rond de graphite est un produit en graphite, g\u00e9n\u00e9ralement du graphite cylindrique de haute puret\u00e9. Ce produit en graphite peut \u00eatre du graphite artificiel, fabriqu\u00e9 par des proc\u00e9d\u00e9s tels que le grillage et la graphitisation. Il pr\u00e9sente une bonne stabilit\u00e9 chimique, une bonne r\u00e9sistance \u00e0 la corrosion, une bonne conductivit\u00e9 thermique et une faible perm\u00e9abilit\u00e9.<\/p>","protected":false},"featured_media":5630,"template":"","meta":[],"product_brand":[],"product_cat":[38],"product_tag":[],"class_list":{"0":"post-5629","1":"product","2":"type-product","3":"status-publish","4":"has-post-thumbnail","6":"product_cat-graphite-products","8":"first","9":"instock","10":"shipping-taxable","11":"product-type-simple"},"yoast_head":"<!-- This site is optimized with the Yoast SEO Premium plugin v19.2.1 (Yoast SEO v25.3) - https:\/\/yoast.com\/wordpress\/plugins\/seo\/ -->\n<title>Graphite Rounds Manufacturer in China | Jinsun Carbon<\/title>\n<meta name=\"description\" content=\"Graphite round is a graphite product, usually cylindrical high-purity graphite. This graphite product can be artificial graphite, which is made by processes such as roasting and graphitization, and has good chemical stability, corrosion resistance, good thermal conductivity, and low permeability.\" \/>\n<meta name=\"robots\" content=\"index, follow, max-snippet:-1, max-image-preview:large, max-video-preview:-1\" \/>\n<link rel=\"canonical\" href=\"https:\/\/jinsuncarbon.com\/fr\/produit-2\/graphite-rond\/\" \/>\n<meta property=\"og:locale\" content=\"fr_FR\" \/>\n<meta property=\"og:type\" content=\"article\" \/>\n<meta property=\"og:title\" content=\"Graphite Round\" \/>\n<meta property=\"og:description\" content=\"Graphite round is a graphite product, usually cylindrical high-purity graphite. This graphite product can be artificial graphite, which is made by processes such as roasting and graphitization, and has good chemical stability, corrosion resistance, good thermal conductivity, and low permeability.\" \/>\n<meta property=\"og:url\" content=\"https:\/\/jinsuncarbon.com\/fr\/produit-2\/graphite-rond\/\" \/>\n<meta property=\"og:site_name\" content=\"Jinsun Carbon\" \/>\n<meta property=\"article:publisher\" content=\"https:\/\/www.facebook.com\/Graphite-Electrode-109336238661595\" \/>\n<meta property=\"article:modified_time\" content=\"2025-04-13T00:59:28+00:00\" \/>\n<meta property=\"og:image\" content=\"https:\/\/jinsuncarbon.com\/wp-content\/uploads\/2024\/09\/Graphite-round.jpg\" \/>\n\t<meta property=\"og:image:width\" content=\"1024\" \/>\n\t<meta property=\"og:image:height\" content=\"763\" \/>\n\t<meta property=\"og:image:type\" content=\"image\/jpeg\" \/>\n<meta name=\"twitter:card\" content=\"summary_large_image\" \/>\n<meta name=\"twitter:site\" content=\"@jinsuncarbon_\" \/>\n<meta name=\"twitter:label1\" content=\"Dur\u00e9e de lecture estim\u00e9e\" \/>\n\t<meta name=\"twitter:data1\" content=\"2 minutes\" \/>\n<script type=\"application\/ld+json\" class=\"yoast-schema-graph\">{\"@context\":\"https:\/\/schema.org\",\"@graph\":[{\"@type\":\"WebPage\",\"@id\":\"https:\/\/jinsuncarbon.com\/product\/graphite-round\/\",\"url\":\"https:\/\/jinsuncarbon.com\/product\/graphite-round\/\",\"name\":\"Graphite Rounds Manufacturer in China | Jinsun Carbon\",\"isPartOf\":{\"@id\":\"https:\/\/jinsuncarbon.com\/#website\"},\"primaryImageOfPage\":{\"@id\":\"https:\/\/jinsuncarbon.com\/product\/graphite-round\/#primaryimage\"},\"image\":{\"@id\":\"https:\/\/jinsuncarbon.com\/product\/graphite-round\/#primaryimage\"},\"thumbnailUrl\":\"https:\/\/jinsuncarbon.com\/wp-content\/uploads\/2024\/09\/Graphite-round.jpg\",\"datePublished\":\"2024-09-20T02:48:53+00:00\",\"dateModified\":\"2025-04-13T00:59:28+00:00\",\"description\":\"Graphite round is a graphite product, usually cylindrical high-purity graphite. This graphite product can be artificial graphite, which is made by processes such as roasting and graphitization, and has good chemical stability, corrosion resistance, good thermal conductivity, and low permeability.\",\"breadcrumb\":{\"@id\":\"https:\/\/jinsuncarbon.com\/product\/graphite-round\/#breadcrumb\"},\"inLanguage\":\"fr-FR\",\"potentialAction\":[{\"@type\":\"ReadAction\",\"target\":[\"https:\/\/jinsuncarbon.com\/product\/graphite-round\/\"]}]},{\"@type\":\"ImageObject\",\"inLanguage\":\"fr-FR\",\"@id\":\"https:\/\/jinsuncarbon.com\/product\/graphite-round\/#primaryimage\",\"url\":\"https:\/\/jinsuncarbon.com\/wp-content\/uploads\/2024\/09\/Graphite-round.jpg\",\"contentUrl\":\"https:\/\/jinsuncarbon.com\/wp-content\/uploads\/2024\/09\/Graphite-round.jpg\",\"width\":1024,\"height\":763,\"caption\":\"graphite round\"},{\"@type\":\"BreadcrumbList\",\"@id\":\"https:\/\/jinsuncarbon.com\/product\/graphite-round\/#breadcrumb\",\"itemListElement\":[{\"@type\":\"ListItem\",\"position\":1,\"name\":\"Home\",\"item\":\"https:\/\/jinsuncarbon.com\/\"},{\"@type\":\"ListItem\",\"position\":2,\"name\":\"Products\",\"item\":\"https:\/\/jinsuncarbon.com\/graphite-carbon\/\"},{\"@type\":\"ListItem\",\"position\":3,\"name\":\"Graphite Round\"}]},{\"@type\":\"WebSite\",\"@id\":\"https:\/\/jinsuncarbon.com\/#website\",\"url\":\"https:\/\/jinsuncarbon.com\/\",\"name\":\"Jinsun Carbon\",\"description\":\"We are the successful graphite electrode manufacturer in China\",\"publisher\":{\"@id\":\"https:\/\/jinsuncarbon.com\/#organization\"},\"potentialAction\":[{\"@type\":\"SearchAction\",\"target\":{\"@type\":\"EntryPoint\",\"urlTemplate\":\"https:\/\/jinsuncarbon.com\/?s={search_term_string}\"},\"query-input\":{\"@type\":\"PropertyValueSpecification\",\"valueRequired\":true,\"valueName\":\"search_term_string\"}}],\"inLanguage\":\"fr-FR\"},{\"@type\":\"Organization\",\"@id\":\"https:\/\/jinsuncarbon.com\/#organization\",\"name\":\"Jinsun Carbon\",\"alternateName\":\"Jinsun Carbon\",\"url\":\"https:\/\/jinsuncarbon.com\/\",\"logo\":{\"@type\":\"ImageObject\",\"inLanguage\":\"fr-FR\",\"@id\":\"https:\/\/jinsuncarbon.com\/#\/schema\/logo\/image\/\",\"url\":\"https:\/\/jinsuncarbon.com\/wp-content\/uploads\/2022\/12\/LOGO-1.png\",\"contentUrl\":\"https:\/\/jinsuncarbon.com\/wp-content\/uploads\/2022\/12\/LOGO-1.png\",\"width\":207,\"height\":80,\"caption\":\"Jinsun Carbon\"},\"image\":{\"@id\":\"https:\/\/jinsuncarbon.com\/#\/schema\/logo\/image\/\"},\"sameAs\":[\"https:\/\/www.facebook.com\/Graphite-Electrode-109336238661595\",\"https:\/\/x.com\/jinsuncarbon_\",\"https:\/\/www.linkedin.com\/in\/jinsungraphite\",\"https:\/\/www.youtube.com\/channel\/UCysDNyvyR5-3cCWEmpkVC0g\"]}]}<\/script>\n<!-- \/ Yoast SEO Premium plugin. -->","yoast_head_json":{"title":"Fabricant de rondelles de graphite en Chine | Jinsun Carbon","description":"Le rond de graphite est un produit en graphite, g\u00e9n\u00e9ralement du graphite cylindrique de haute puret\u00e9. Ce produit en graphite peut \u00eatre du graphite artificiel, fabriqu\u00e9 par des proc\u00e9d\u00e9s tels que le grillage et la graphitisation. Il pr\u00e9sente une bonne stabilit\u00e9 chimique, une bonne r\u00e9sistance \u00e0 la corrosion, une bonne conductivit\u00e9 thermique et une faible perm\u00e9abilit\u00e9.","robots":{"index":"index","follow":"follow","max-snippet":"max-snippet:-1","max-image-preview":"max-image-preview:large","max-video-preview":"max-video-preview:-1"},"canonical":"https:\/\/jinsuncarbon.com\/fr\/produit-2\/graphite-rond\/","og_locale":"fr_FR","og_type":"article","og_title":"Graphite Round","og_description":"Graphite round is a graphite product, usually cylindrical high-purity graphite. This graphite product can be artificial graphite, which is made by processes such as roasting and graphitization, and has good chemical stability, corrosion resistance, good thermal conductivity, and low permeability.","og_url":"https:\/\/jinsuncarbon.com\/fr\/produit-2\/graphite-rond\/","og_site_name":"Jinsun Carbon","article_publisher":"https:\/\/www.facebook.com\/Graphite-Electrode-109336238661595","article_modified_time":"2025-04-13T00:59:28+00:00","og_image":[{"width":1024,"height":763,"url":"https:\/\/jinsuncarbon.com\/wp-content\/uploads\/2024\/09\/Graphite-round.jpg","type":"image\/jpeg"}],"twitter_card":"summary_large_image","twitter_site":"@jinsuncarbon_","twitter_misc":{"Dur\u00e9e de lecture estim\u00e9e":"2 minutes"},"schema":{"@context":"https:\/\/schema.org","@graph":[{"@type":"WebPage","@id":"https:\/\/jinsuncarbon.com\/product\/graphite-round\/","url":"https:\/\/jinsuncarbon.com\/product\/graphite-round\/","name":"Fabricant de rondelles de graphite en Chine | Jinsun Carbon","isPartOf":{"@id":"https:\/\/jinsuncarbon.com\/#website"},"primaryImageOfPage":{"@id":"https:\/\/jinsuncarbon.com\/product\/graphite-round\/#primaryimage"},"image":{"@id":"https:\/\/jinsuncarbon.com\/product\/graphite-round\/#primaryimage"},"thumbnailUrl":"https:\/\/jinsuncarbon.com\/wp-content\/uploads\/2024\/09\/Graphite-round.jpg","datePublished":"2024-09-20T02:48:53+00:00","dateModified":"2025-04-13T00:59:28+00:00","description":"Le rond de graphite est un produit en graphite, g\u00e9n\u00e9ralement du graphite cylindrique de haute puret\u00e9. Ce produit en graphite peut \u00eatre du graphite artificiel, fabriqu\u00e9 par des proc\u00e9d\u00e9s tels que le grillage et la graphitisation. Il pr\u00e9sente une bonne stabilit\u00e9 chimique, une bonne r\u00e9sistance \u00e0 la corrosion, une bonne conductivit\u00e9 thermique et une faible perm\u00e9abilit\u00e9.","breadcrumb":{"@id":"https:\/\/jinsuncarbon.com\/product\/graphite-round\/#breadcrumb"},"inLanguage":"fr-FR","potentialAction":[{"@type":"ReadAction","target":["https:\/\/jinsuncarbon.com\/product\/graphite-round\/"]}]},{"@type":"ImageObject","inLanguage":"fr-FR","@id":"https:\/\/jinsuncarbon.com\/product\/graphite-round\/#primaryimage","url":"https:\/\/jinsuncarbon.com\/wp-content\/uploads\/2024\/09\/Graphite-round.jpg","contentUrl":"https:\/\/jinsuncarbon.com\/wp-content\/uploads\/2024\/09\/Graphite-round.jpg","width":1024,"height":763,"caption":"graphite round"},{"@type":"BreadcrumbList","@id":"https:\/\/jinsuncarbon.com\/product\/graphite-round\/#breadcrumb","itemListElement":[{"@type":"ListItem","position":1,"name":"Home","item":"https:\/\/jinsuncarbon.com\/"},{"@type":"ListItem","position":2,"name":"Products","item":"https:\/\/jinsuncarbon.com\/graphite-carbon\/"},{"@type":"ListItem","position":3,"name":"Graphite Round"}]},{"@type":"WebSite","@id":"https:\/\/jinsuncarbon.com\/#website","url":"https:\/\/jinsuncarbon.com\/","name":"Jinsun Carbon","description":"Nous sommes le fabricant d'\u00e9lectrodes en graphite le plus performant de Chine.","publisher":{"@id":"https:\/\/jinsuncarbon.com\/#organization"},"potentialAction":[{"@type":"SearchAction","target":{"@type":"EntryPoint","urlTemplate":"https:\/\/jinsuncarbon.com\/?s={search_term_string}"},"query-input":{"@type":"PropertyValueSpecification","valueRequired":true,"valueName":"search_term_string"}}],"inLanguage":"fr-FR"},{"@type":"Organization","@id":"https:\/\/jinsuncarbon.com\/#organization","name":"Jinsun Carbon","alternateName":"Jinsun Carbon","url":"https:\/\/jinsuncarbon.com\/","logo":{"@type":"ImageObject","inLanguage":"fr-FR","@id":"https:\/\/jinsuncarbon.com\/#\/schema\/logo\/image\/","url":"https:\/\/jinsuncarbon.com\/wp-content\/uploads\/2022\/12\/LOGO-1.png","contentUrl":"https:\/\/jinsuncarbon.com\/wp-content\/uploads\/2022\/12\/LOGO-1.png","width":207,"height":80,"caption":"Jinsun Carbon"},"image":{"@id":"https:\/\/jinsuncarbon.com\/#\/schema\/logo\/image\/"},"sameAs":["https:\/\/www.facebook.com\/Graphite-Electrode-109336238661595","https:\/\/x.com\/jinsuncarbon_","https:\/\/www.linkedin.com\/in\/jinsungraphite","https:\/\/www.youtube.com\/channel\/UCysDNyvyR5-3cCWEmpkVC0g"]}]}},"_links":{"self":[{"href":"https:\/\/jinsuncarbon.com\/fr\/wp-json\/wp\/v2\/product\/5629","targetHints":{"allow":["GET"]}}],"collection":[{"href":"https:\/\/jinsuncarbon.com\/fr\/wp-json\/wp\/v2\/product"}],"about":[{"href":"https:\/\/jinsuncarbon.com\/fr\/wp-json\/wp\/v2\/types\/product"}],"wp:featuredmedia":[{"embeddable":true,"href":"https:\/\/jinsuncarbon.com\/fr\/wp-json\/wp\/v2\/media\/5630"}],"wp:attachment":[{"href":"https:\/\/jinsuncarbon.com\/fr\/wp-json\/wp\/v2\/media?parent=5629"}],"wp:term":[{"taxonomy":"product_brand","embeddable":true,"href":"https:\/\/jinsuncarbon.com\/fr\/wp-json\/wp\/v2\/product_brand?post=5629"},{"taxonomy":"product_cat","embeddable":true,"href":"https:\/\/jinsuncarbon.com\/fr\/wp-json\/wp\/v2\/product_cat?post=5629"},{"taxonomy":"product_tag","embeddable":true,"href":"https:\/\/jinsuncarbon.com\/fr\/wp-json\/wp\/v2\/product_tag?post=5629"}],"curies":[{"name":"wp","href":"https:\/\/api.w.org\/{rel}","templated":true}]}}