{"id":4176,"date":"2024-02-15T07:49:49","date_gmt":"2024-02-15T07:49:49","guid":{"rendered":"https:\/\/jinsuncarbon.com\/?post_type=product&#038;p=4176"},"modified":"2024-11-16T02:45:51","modified_gmt":"2024-11-16T02:45:51","slug":"electrode-en-graphite-de-350-mm-de-long","status":"publish","type":"product","link":"https:\/\/jinsuncarbon.com\/fr\/produit-2\/electrode-en-graphite-de-350-mm-de-long\/","title":{"rendered":"\u00c9lectrode graphite HP 350 mm"},"content":{"rendered":"<h3>Fournisseur d'\u00e9lectrodes en graphite de 350 mm HP<\/h3>\n<p>350mm HP <a href=\"https:\/\/jinsuncarbon.com\/fr\/produit-2\/electrode-en-graphite-hp\/\">\u00e9lectrode en graphite<\/a> a une structure compacte, une faible r\u00e9sistivit\u00e9 et une forte r\u00e9sistance \u00e0 l'oxydation et \u00e0 la corrosion. Il pr\u00e9sente \u00e9galement une bonne conductivit\u00e9 \u00e9lectrique et thermique et peut supporter des charges de courant importantes.<\/p>\n<p>Il peut \u00eatre utilis\u00e9 dans les fours \u00e0 arc \u00e9lectriques industriels, <a href=\"https:\/\/en.wikipedia.org\/wiki\/Steel_mill\" target=\"_blank\" rel=\"noopener\">aci\u00e9rie<\/a> et <a href=\"https:\/\/en.wikipedia.org\/wiki\/Foundry\" target=\"_blank\" rel=\"noopener\">fonderie<\/a> pour la coul\u00e9e et la fusion.<\/p>\n<p>&nbsp;<\/p>\n<h3>Sp\u00e9cification de l'\u00e9lectrode graphite HP 350<\/h3>\n<table width=\"561\">\n<tbody>\n<tr>\n<td colspan=\"4\" width=\"561\">HP350x1800<\/td>\n<\/tr>\n<tr>\n<td><\/td>\n<td><\/td>\n<td><\/td>\n<td><\/td>\n<\/tr>\n<tr>\n<td colspan=\"4\">Type et taille<\/td>\n<\/tr>\n<tr>\n<td><\/td>\n<td><\/td>\n<td>Tol\u00e9rance de diam\u00e8tre<\/td>\n<td>Tol\u00e9rance de longueur<\/td>\n<\/tr>\n<tr>\n<td>Sp\u00e9cification de l'\u00e9lectrode<\/td>\n<td>HP350x1800<\/td>\n<td>350 (352-258)<\/td>\n<td>1800 (+\/-0)<\/td>\n<\/tr>\n<tr>\n<td rowspan=\"2\">Sp\u00e9cificit\u00e9 du mamelon<\/td>\n<td>Type HC<\/td>\n<td><\/td>\n<td><\/td>\n<\/tr>\n<tr>\n<td>203T4L, 203T4N<\/td>\n<td><\/td>\n<td><\/td>\n<\/tr>\n<tr>\n<td><\/td>\n<td><\/td>\n<td><\/td>\n<td><\/td>\n<\/tr>\n<tr>\n<td colspan=\"4\">Sp\u00e9cifications techniques<\/td>\n<\/tr>\n<tr>\n<td><\/td>\n<td><\/td>\n<td>\u00c9lectrode<\/td>\n<td>T\u00e9ton<\/td>\n<\/tr>\n<tr>\n<td><\/td>\n<td><\/td>\n<td><\/td>\n<td><\/td>\n<\/tr>\n<tr>\n<td>RESISTIVITE<\/td>\n<td>\u03bc\u03a9\u039c, max<\/td>\n<td>7.5<\/td>\n<td>5.5<\/td>\n<\/tr>\n<tr>\n<td>R\u00c9SISTANCE \u00c0 LA FLEXION<\/td>\n<td>Mpa, min<\/td>\n<td>9<\/td>\n<td>15<\/td>\n<\/tr>\n<tr>\n<td>DENSIT\u00c9 EN VRAC<\/td>\n<td>g\/cm3, min<\/td>\n<td>1.65<\/td>\n<td>1.7<\/td>\n<\/tr>\n<tr>\n<td>CTE<\/td>\n<td>10-6\/\u2103, max<\/td>\n<td>&#8212;<\/td>\n<td width=\"132\">1,5 (20-520 C)<br \/>\n0,7 (20-100 C)<\/td>\n<\/tr>\n<tr>\n<td><\/td>\n<td><\/td>\n<td><\/td>\n<td><\/td>\n<\/tr>\n<tr>\n<td><\/td>\n<td><\/td>\n<td><\/td>\n<td><\/td>\n<\/tr>\n<\/tbody>\n<\/table>\n<h3><\/h3>\n<h3><\/h3>\n<h3>Processus de fabrication des \u00e9lectrodes en graphite<\/h3>\n<p>Le processus de fabrication des \u00e9lectrodes en graphite comprend principalement les \u00e9tapes de pr\u00e9paration des mati\u00e8res premi\u00e8res, de m\u00e9lange, de moulage, de grillage, d'impr\u00e9gnation et de graphitisation :<\/p>\n<p>Pr\u00e9paration des mati\u00e8res premi\u00e8res : S\u00e9lectionner le coke de p\u00e9trole, le coke d'aiguille, l'asphalte et d'autres liants et les m\u00e9langer selon une certaine proportion.<\/p>\n<p>Moulage : Le mat\u00e9riau m\u00e9lang\u00e9 est extrud\u00e9 pour former une \u00e9bauche d'\u00e9lectrode cylindrique.<\/p>\n<p>Torr\u00e9faction : L'\u00e9bauche est torr\u00e9fi\u00e9e \u00e0 haute temp\u00e9rature pour la carboniser compl\u00e8tement.<\/p>\n<p>Impr\u00e9gnation : L'\u00e9bauche grill\u00e9e est plac\u00e9e dans une cuve d'impr\u00e9gnation pour un traitement d'impr\u00e9gnation complet afin d'am\u00e9liorer la conductivit\u00e9 de l'\u00e9lectrode.<\/p>\n<p>Graphitisation : Un traitement \u00e9lectrique \u00e0 haute temp\u00e9rature permet de r\u00e9arranger les atomes de carbone et d'achever le processus de graphitisation.<\/p>\n<p>&nbsp;<\/p>\n<h3>Pourquoi choisir JINSUN Graphite Electrode\uff1f<\/h3>\n<p>JINSUN assure la fabrication d'\u00e9lectrodes en graphite de diff\u00e9rentes sp\u00e9cifications. En pr\u00e8s de 20 ans d'activit\u00e9, nous avons \u00e9tabli une constance dans la production d'\u00e9lectrodes en graphite. Nous sommes sp\u00e9cialis\u00e9s dans la fabrication d'\u00e9lectrodes en graphite RP, HP et UHP.<\/p>\n<p>Nos \u00e9lectrodes en graphite comprennent l'\u00e9lectrode en graphite RP, l'\u00e9lectrode en graphite HP et l'\u00e9lectrode en graphite UHP. Tous nos produits sont conformes aux exigences de qualit\u00e9 les plus strictes, notamment aux normes ISO et NEMA. Nos clients se fient \u00e0 nos normes strictes d'assurance qualit\u00e9.<\/p>\n<h5>Faites confiance \u00e0 JINSUN \u00e0 chaque fois que vous avez besoin d'une \u00e9lectrode graphite HP 350 pour votre entreprise. N'h\u00e9sitez pas \u00e0 nous contacter d\u00e8s aujourd'hui !<\/h5>\n<p>&nbsp;<\/p>","protected":false},"excerpt":{"rendered":"<p>Les \u00e9lectrodes en graphite sont utilis\u00e9es dans les fours \u00e9lectriques \u00e0 acier et les fours \u00e9lectriques thermiques \u00e0 minerai pour fondre l'acier alli\u00e9, le corindon brun et d'autres alliages et non-m\u00e9taux. Au cours du processus de fabrication de l'acier au four \u00e9lectrique, le courant est introduit \u00e0 travers les \u00e9lectrodes de graphite. <a href=\"https:\/\/jinsuncarbon.com\/fr\/produit-2\/electrode-en-graphite-hp\/\">\u00e9lectrode en graphite<\/a> pour g\u00e9n\u00e9rer un arc dans la zone de fusion, et la fusion commence lorsque la temp\u00e9rature atteint environ 2000 degr\u00e9s Celsius.<\/p>","protected":false},"featured_media":4178,"template":"","meta":[],"product_brand":[],"product_cat":[37],"product_tag":[],"class_list":{"0":"post-4176","1":"product","2":"type-product","3":"status-publish","4":"has-post-thumbnail","6":"product_cat-graphite-electrode","8":"first","9":"instock","10":"shipping-taxable","11":"product-type-simple"},"yoast_head":"<!-- This site is optimized with the Yoast SEO Premium plugin v19.2.1 (Yoast SEO v25.3) - https:\/\/yoast.com\/wordpress\/plugins\/seo\/ -->\n<title>350mm HP Graphite Electrode | Jinsun Carbon<\/title>\n<meta name=\"description\" content=\"350mm HP Graphite electrode is used in electric furnace steelmaking and ore-thermal electric furnaces to smelt alloy steel, brown corundum.\" \/>\n<meta name=\"robots\" content=\"index, follow, max-snippet:-1, max-image-preview:large, max-video-preview:-1\" \/>\n<link rel=\"canonical\" href=\"https:\/\/jinsuncarbon.com\/fr\/produit-2\/electrode-en-graphite-de-350-mm-de-long\/\" \/>\n<meta property=\"og:locale\" content=\"fr_FR\" \/>\n<meta property=\"og:type\" content=\"article\" \/>\n<meta property=\"og:title\" content=\"350mm HP Graphite Electrode\" \/>\n<meta property=\"og:description\" content=\"350mm HP Graphite electrode is used in electric furnace steelmaking and ore-thermal electric furnaces to smelt alloy steel, brown corundum.\" \/>\n<meta property=\"og:url\" content=\"https:\/\/jinsuncarbon.com\/fr\/produit-2\/electrode-en-graphite-de-350-mm-de-long\/\" \/>\n<meta property=\"og:site_name\" content=\"Jinsun Carbon\" \/>\n<meta property=\"article:publisher\" content=\"https:\/\/www.facebook.com\/Graphite-Electrode-109336238661595\" \/>\n<meta property=\"article:modified_time\" content=\"2024-11-16T02:45:51+00:00\" \/>\n<meta property=\"og:image\" content=\"https:\/\/jinsuncarbon.com\/wp-content\/uploads\/2024\/02\/\u77f3\u58a8\u7535\u678138.jpg\" \/>\n\t<meta property=\"og:image:width\" content=\"300\" \/>\n\t<meta property=\"og:image:height\" content=\"300\" \/>\n\t<meta property=\"og:image:type\" content=\"image\/jpeg\" \/>\n<meta name=\"twitter:card\" content=\"summary_large_image\" \/>\n<meta name=\"twitter:site\" content=\"@jinsuncarbon_\" \/>\n<meta name=\"twitter:label1\" content=\"Dur\u00e9e de lecture estim\u00e9e\" \/>\n\t<meta name=\"twitter:data1\" content=\"2 minutes\" \/>\n<script type=\"application\/ld+json\" class=\"yoast-schema-graph\">{\"@context\":\"https:\/\/schema.org\",\"@graph\":[{\"@type\":\"WebPage\",\"@id\":\"https:\/\/jinsuncarbon.com\/product\/350mm-hp-graphite-electrode\/\",\"url\":\"https:\/\/jinsuncarbon.com\/product\/350mm-hp-graphite-electrode\/\",\"name\":\"350mm HP Graphite Electrode | Jinsun Carbon\",\"isPartOf\":{\"@id\":\"https:\/\/jinsuncarbon.com\/#website\"},\"primaryImageOfPage\":{\"@id\":\"https:\/\/jinsuncarbon.com\/product\/350mm-hp-graphite-electrode\/#primaryimage\"},\"image\":{\"@id\":\"https:\/\/jinsuncarbon.com\/product\/350mm-hp-graphite-electrode\/#primaryimage\"},\"thumbnailUrl\":\"https:\/\/jinsuncarbon.com\/wp-content\/uploads\/2024\/02\/\u77f3\u58a8\u7535\u678138.jpg\",\"datePublished\":\"2024-02-15T07:49:49+00:00\",\"dateModified\":\"2024-11-16T02:45:51+00:00\",\"description\":\"350mm HP Graphite electrode is used in electric furnace steelmaking and ore-thermal electric furnaces to smelt alloy steel, brown corundum.\",\"breadcrumb\":{\"@id\":\"https:\/\/jinsuncarbon.com\/product\/350mm-hp-graphite-electrode\/#breadcrumb\"},\"inLanguage\":\"fr-FR\",\"potentialAction\":[{\"@type\":\"ReadAction\",\"target\":[\"https:\/\/jinsuncarbon.com\/product\/350mm-hp-graphite-electrode\/\"]}]},{\"@type\":\"ImageObject\",\"inLanguage\":\"fr-FR\",\"@id\":\"https:\/\/jinsuncarbon.com\/product\/350mm-hp-graphite-electrode\/#primaryimage\",\"url\":\"https:\/\/jinsuncarbon.com\/wp-content\/uploads\/2024\/02\/\u77f3\u58a8\u7535\u678138.jpg\",\"contentUrl\":\"https:\/\/jinsuncarbon.com\/wp-content\/uploads\/2024\/02\/\u77f3\u58a8\u7535\u678138.jpg\",\"width\":300,\"height\":300,\"caption\":\"hp 350 graphite electrode\"},{\"@type\":\"BreadcrumbList\",\"@id\":\"https:\/\/jinsuncarbon.com\/product\/350mm-hp-graphite-electrode\/#breadcrumb\",\"itemListElement\":[{\"@type\":\"ListItem\",\"position\":1,\"name\":\"Home\",\"item\":\"https:\/\/jinsuncarbon.com\/\"},{\"@type\":\"ListItem\",\"position\":2,\"name\":\"Products\",\"item\":\"https:\/\/jinsuncarbon.com\/graphite-carbon\/\"},{\"@type\":\"ListItem\",\"position\":3,\"name\":\"350mm HP Graphite Electrode\"}]},{\"@type\":\"WebSite\",\"@id\":\"https:\/\/jinsuncarbon.com\/#website\",\"url\":\"https:\/\/jinsuncarbon.com\/\",\"name\":\"Jinsun Carbon\",\"description\":\"We are the successful graphite electrode manufacturer in China\",\"publisher\":{\"@id\":\"https:\/\/jinsuncarbon.com\/#organization\"},\"potentialAction\":[{\"@type\":\"SearchAction\",\"target\":{\"@type\":\"EntryPoint\",\"urlTemplate\":\"https:\/\/jinsuncarbon.com\/?s={search_term_string}\"},\"query-input\":{\"@type\":\"PropertyValueSpecification\",\"valueRequired\":true,\"valueName\":\"search_term_string\"}}],\"inLanguage\":\"fr-FR\"},{\"@type\":\"Organization\",\"@id\":\"https:\/\/jinsuncarbon.com\/#organization\",\"name\":\"Jinsun Carbon\",\"alternateName\":\"Jinsun Carbon\",\"url\":\"https:\/\/jinsuncarbon.com\/\",\"logo\":{\"@type\":\"ImageObject\",\"inLanguage\":\"fr-FR\",\"@id\":\"https:\/\/jinsuncarbon.com\/#\/schema\/logo\/image\/\",\"url\":\"https:\/\/jinsuncarbon.com\/wp-content\/uploads\/2022\/12\/LOGO-1.png\",\"contentUrl\":\"https:\/\/jinsuncarbon.com\/wp-content\/uploads\/2022\/12\/LOGO-1.png\",\"width\":207,\"height\":80,\"caption\":\"Jinsun Carbon\"},\"image\":{\"@id\":\"https:\/\/jinsuncarbon.com\/#\/schema\/logo\/image\/\"},\"sameAs\":[\"https:\/\/www.facebook.com\/Graphite-Electrode-109336238661595\",\"https:\/\/x.com\/jinsuncarbon_\",\"https:\/\/www.linkedin.com\/in\/jinsungraphite\",\"https:\/\/www.youtube.com\/channel\/UCysDNyvyR5-3cCWEmpkVC0g\"]}]}<\/script>\n<!-- \/ Yoast SEO Premium plugin. -->","yoast_head_json":{"title":"\u00c9lectrode en graphite de 350 mm HP | Jinsun Carbon","description":"L'\u00e9lectrode en graphite de 350 mm de diam\u00e8tre est utilis\u00e9e dans les fours \u00e9lectriques pour la fabrication de l'acier et dans les fours \u00e9lectriques thermiques pour fondre l'acier alli\u00e9, le corindon brun.","robots":{"index":"index","follow":"follow","max-snippet":"max-snippet:-1","max-image-preview":"max-image-preview:large","max-video-preview":"max-video-preview:-1"},"canonical":"https:\/\/jinsuncarbon.com\/fr\/produit-2\/electrode-en-graphite-de-350-mm-de-long\/","og_locale":"fr_FR","og_type":"article","og_title":"350mm HP Graphite Electrode","og_description":"350mm HP Graphite electrode is used in electric furnace steelmaking and ore-thermal electric furnaces to smelt alloy steel, brown corundum.","og_url":"https:\/\/jinsuncarbon.com\/fr\/produit-2\/electrode-en-graphite-de-350-mm-de-long\/","og_site_name":"Jinsun Carbon","article_publisher":"https:\/\/www.facebook.com\/Graphite-Electrode-109336238661595","article_modified_time":"2024-11-16T02:45:51+00:00","og_image":[{"width":300,"height":300,"url":"https:\/\/jinsuncarbon.com\/wp-content\/uploads\/2024\/02\/\u77f3\u58a8\u7535\u678138.jpg","type":"image\/jpeg"}],"twitter_card":"summary_large_image","twitter_site":"@jinsuncarbon_","twitter_misc":{"Dur\u00e9e de lecture estim\u00e9e":"2 minutes"},"schema":{"@context":"https:\/\/schema.org","@graph":[{"@type":"WebPage","@id":"https:\/\/jinsuncarbon.com\/product\/350mm-hp-graphite-electrode\/","url":"https:\/\/jinsuncarbon.com\/product\/350mm-hp-graphite-electrode\/","name":"\u00c9lectrode en graphite de 350 mm HP | Jinsun Carbon","isPartOf":{"@id":"https:\/\/jinsuncarbon.com\/#website"},"primaryImageOfPage":{"@id":"https:\/\/jinsuncarbon.com\/product\/350mm-hp-graphite-electrode\/#primaryimage"},"image":{"@id":"https:\/\/jinsuncarbon.com\/product\/350mm-hp-graphite-electrode\/#primaryimage"},"thumbnailUrl":"https:\/\/jinsuncarbon.com\/wp-content\/uploads\/2024\/02\/\u77f3\u58a8\u7535\u678138.jpg","datePublished":"2024-02-15T07:49:49+00:00","dateModified":"2024-11-16T02:45:51+00:00","description":"L'\u00e9lectrode en graphite de 350 mm de diam\u00e8tre est utilis\u00e9e dans les fours \u00e9lectriques pour la fabrication de l'acier et dans les fours \u00e9lectriques thermiques pour fondre l'acier alli\u00e9, le corindon brun.","breadcrumb":{"@id":"https:\/\/jinsuncarbon.com\/product\/350mm-hp-graphite-electrode\/#breadcrumb"},"inLanguage":"fr-FR","potentialAction":[{"@type":"ReadAction","target":["https:\/\/jinsuncarbon.com\/product\/350mm-hp-graphite-electrode\/"]}]},{"@type":"ImageObject","inLanguage":"fr-FR","@id":"https:\/\/jinsuncarbon.com\/product\/350mm-hp-graphite-electrode\/#primaryimage","url":"https:\/\/jinsuncarbon.com\/wp-content\/uploads\/2024\/02\/\u77f3\u58a8\u7535\u678138.jpg","contentUrl":"https:\/\/jinsuncarbon.com\/wp-content\/uploads\/2024\/02\/\u77f3\u58a8\u7535\u678138.jpg","width":300,"height":300,"caption":"hp 350 graphite electrode"},{"@type":"BreadcrumbList","@id":"https:\/\/jinsuncarbon.com\/product\/350mm-hp-graphite-electrode\/#breadcrumb","itemListElement":[{"@type":"ListItem","position":1,"name":"Home","item":"https:\/\/jinsuncarbon.com\/"},{"@type":"ListItem","position":2,"name":"Products","item":"https:\/\/jinsuncarbon.com\/graphite-carbon\/"},{"@type":"ListItem","position":3,"name":"350mm HP Graphite Electrode"}]},{"@type":"WebSite","@id":"https:\/\/jinsuncarbon.com\/#website","url":"https:\/\/jinsuncarbon.com\/","name":"Jinsun Carbon","description":"Nous sommes le fabricant d'\u00e9lectrodes en graphite le plus performant de Chine.","publisher":{"@id":"https:\/\/jinsuncarbon.com\/#organization"},"potentialAction":[{"@type":"SearchAction","target":{"@type":"EntryPoint","urlTemplate":"https:\/\/jinsuncarbon.com\/?s={search_term_string}"},"query-input":{"@type":"PropertyValueSpecification","valueRequired":true,"valueName":"search_term_string"}}],"inLanguage":"fr-FR"},{"@type":"Organization","@id":"https:\/\/jinsuncarbon.com\/#organization","name":"Jinsun Carbon","alternateName":"Jinsun Carbon","url":"https:\/\/jinsuncarbon.com\/","logo":{"@type":"ImageObject","inLanguage":"fr-FR","@id":"https:\/\/jinsuncarbon.com\/#\/schema\/logo\/image\/","url":"https:\/\/jinsuncarbon.com\/wp-content\/uploads\/2022\/12\/LOGO-1.png","contentUrl":"https:\/\/jinsuncarbon.com\/wp-content\/uploads\/2022\/12\/LOGO-1.png","width":207,"height":80,"caption":"Jinsun Carbon"},"image":{"@id":"https:\/\/jinsuncarbon.com\/#\/schema\/logo\/image\/"},"sameAs":["https:\/\/www.facebook.com\/Graphite-Electrode-109336238661595","https:\/\/x.com\/jinsuncarbon_","https:\/\/www.linkedin.com\/in\/jinsungraphite","https:\/\/www.youtube.com\/channel\/UCysDNyvyR5-3cCWEmpkVC0g"]}]}},"_links":{"self":[{"href":"https:\/\/jinsuncarbon.com\/fr\/wp-json\/wp\/v2\/product\/4176","targetHints":{"allow":["GET"]}}],"collection":[{"href":"https:\/\/jinsuncarbon.com\/fr\/wp-json\/wp\/v2\/product"}],"about":[{"href":"https:\/\/jinsuncarbon.com\/fr\/wp-json\/wp\/v2\/types\/product"}],"wp:featuredmedia":[{"embeddable":true,"href":"https:\/\/jinsuncarbon.com\/fr\/wp-json\/wp\/v2\/media\/4178"}],"wp:attachment":[{"href":"https:\/\/jinsuncarbon.com\/fr\/wp-json\/wp\/v2\/media?parent=4176"}],"wp:term":[{"taxonomy":"product_brand","embeddable":true,"href":"https:\/\/jinsuncarbon.com\/fr\/wp-json\/wp\/v2\/product_brand?post=4176"},{"taxonomy":"product_cat","embeddable":true,"href":"https:\/\/jinsuncarbon.com\/fr\/wp-json\/wp\/v2\/product_cat?post=4176"},{"taxonomy":"product_tag","embeddable":true,"href":"https:\/\/jinsuncarbon.com\/fr\/wp-json\/wp\/v2\/product_tag?post=4176"}],"curies":[{"name":"wp","href":"https:\/\/api.w.org\/{rel}","templated":true}]}}