{"id":4169,"date":"2024-02-13T13:25:22","date_gmt":"2024-02-13T13:25:22","guid":{"rendered":"https:\/\/jinsuncarbon.com\/?post_type=product&#038;p=4169"},"modified":"2026-02-26T14:36:28","modified_gmt":"2026-02-26T14:36:28","slug":"electrode-graphite-600mm-uhp","status":"publish","type":"product","link":"https:\/\/jinsuncarbon.com\/fr\/produit-2\/electrode-graphite-600mm-uhp\/","title":{"rendered":"\u00c9lectrode en graphite 600 mm UHP"},"content":{"rendered":"<h3>L'\u00e9lectrode graphite UHP de 600 mm est souvent utilis\u00e9e dans les domaines suivants <a href=\"https:\/\/en.wikipedia.org\/wiki\/Electric_arc_furnace#:~:text=AC%20furnaces%20usually%20exhibit%20a,of%20the%20steel%20more%20uniform.\" target=\"_blank\" rel=\"noopener\">AC four \u00e0 arc \u00e9lectrique.<\/a><\/h3>\n<p><strong>Caract\u00e9ristiques principales :<\/strong><\/p>\n<ul>\n<li>Densit\u00e9 en vrac plus \u00e9lev\u00e9e<\/li>\n<li>Tr\u00e8s faible r\u00e9sistivit\u00e9<\/li>\n<li>Permettre une charge de courant importante<\/li>\n<li>R\u00e9sistance \u00e9lev\u00e9e \u00e0 la flexion<\/li>\n<li>Petit coefficient de dilatation thermique<\/li>\n<\/ul>\n<h3><\/h3>\n<h3>Les applications des fours \u00e0 arc \u00e9lectrique et des \u00e9lectrodes en graphite uhp 600 sont les suivantes<\/h3>\n<table width=\"1037\">\n<tbody>\n<tr>\n<td rowspan=\"4\" width=\"402\">Informations sur le four de base<\/td>\n<td width=\"299\">Application (AC \/ DC)<\/td>\n<td width=\"336\">AC<\/td>\n<\/tr>\n<tr>\n<td width=\"299\">ID de fourneau<\/td>\n<td>Four \u00e0 arc \u00e9lectrique Quantum<\/td>\n<\/tr>\n<tr>\n<td width=\"299\">Capacit\u00e9 de la chaudi\u00e8re en MT<\/td>\n<td>150<\/td>\n<\/tr>\n<tr>\n<td width=\"299\">Production annuelle MT<\/td>\n<td>0,84 million de tonnes<\/td>\n<\/tr>\n<tr>\n<td rowspan=\"17\" width=\"402\">Donn\u00e9es sur les \u00e9lectrodes en graphite<\/td>\n<td width=\"299\">Diam\u00e8tre de l'\u00e9lectrode (mm)<\/td>\n<td width=\"336\">610<\/td>\n<\/tr>\n<tr>\n<td width=\"299\">Dia. min (mm)<\/td>\n<td width=\"336\">607<\/td>\n<\/tr>\n<tr>\n<td width=\"299\">Dia. max (mm)<\/td>\n<td width=\"336\">613<\/td>\n<\/tr>\n<tr>\n<td width=\"299\">Longueur des \u00e9lectrodes (mm)<\/td>\n<td width=\"336\">2400<\/td>\n<\/tr>\n<tr>\n<td width=\"299\">Longueur minimale (mm)<\/td>\n<td width=\"336\">2300<\/td>\n<\/tr>\n<tr>\n<td width=\"299\">Longueur maximale (mm)<\/td>\n<td width=\"336\">2500<\/td>\n<\/tr>\n<tr>\n<td width=\"299\">Grade<\/td>\n<td width=\"336\">UHP<\/td>\n<\/tr>\n<tr>\n<td width=\"299\">Taille de l'embout Dia X longueur (mm)<\/td>\n<td width=\"336\">317.50 X 457.20<\/td>\n<\/tr>\n<tr>\n<td width=\"299\">Environ poids\/kg<\/td>\n<td width=\"336\">38.7<\/td>\n<\/tr>\n<tr>\n<td width=\"299\">Type d'embout (IEC)<\/td>\n<td width=\"336\">UHP<\/td>\n<\/tr>\n<tr>\n<td width=\"299\">Pitch Plug (Oui\/Non)<\/td>\n<td width=\"336\">oui<\/td>\n<\/tr>\n<tr>\n<td width=\"299\">Rainure anti-poussi\u00e8re (Oui\/Non)<\/td>\n<td width=\"336\">oui<\/td>\n<\/tr>\n<tr>\n<td width=\"299\">Consommation d'\u00e9lectrodes Nett kg\/MT<\/td>\n<td width=\"336\">Production d'acier 1kg\/MT<\/td>\n<\/tr>\n<tr>\n<td width=\"299\">Consommation d'\u00e9lectrodes Brut kg\/MT<\/td>\n<td width=\"336\">0.9<\/td>\n<\/tr>\n<tr>\n<td width=\"299\">Nombre moyen d'arr\u00eats % par mois<\/td>\n<td width=\"336\">0<\/td>\n<\/tr>\n<tr>\n<td width=\"299\">Longueur oxyd\u00e9e (M)<\/td>\n<td width=\"336\">N\/A<\/td>\n<\/tr>\n<tr>\n<td width=\"299\">Diam\u00e8tre de la pointe (mm)<\/td>\n<td width=\"336\">500<\/td>\n<\/tr>\n<\/tbody>\n<\/table>\n<h3><\/h3>\n<h3><\/h3>\n<h3>Fabrication \u00e0 partir de coke d'aiguille de haute qualit\u00e9<\/h3>\n<p>L'utilisation de coke d'aiguille de haute qualit\u00e9 et de liant de brai modifi\u00e9 pour d\u00e9velopper des \u00e9lectrodes en graphite UHP de haute qualit\u00e9 permet d'obtenir une r\u00e9sistance \u00e0 la charge \u00e9nerg\u00e9tique \u00e9lev\u00e9e et un fonctionnement \u00e0 courant \u00e9lev\u00e9.<\/p>\n<p>Avec le d\u00e9veloppement de l'\u00e9conomie industrielle, de nombreux pays se sont r\u00e9form\u00e9s. Ils ont mis en place un syst\u00e8me d'autosuffisance pour la production d'acier et ont introduit l'un apr\u00e8s l'autre la fabrication d'acier par four \u00e0 arc \u00e9lectrique.<\/p>\n<h3>Exigences de qualit\u00e9 :<\/h3>\n<p>1. En termes d'apparence et de param\u00e8tres de surface, les <a href=\"https:\/\/jinsuncarbon.com\/fr\/produit-2\/electrode-graphite-uhp\/\">\u00e9lectrodes en graphite<\/a> doit r\u00e9pondre aux exigences suivantes :<\/p>\n<p>La perpendicularit\u00e9 de la g\u00e9n\u00e9ratrice de la surface de l'\u00e9lectrode par rapport \u00e0 l'extr\u00e9mit\u00e9 ne doit pas \u00eatre sup\u00e9rieure \u00e0 0,20 mm.<br \/>\n-la plan\u00e9it\u00e9 des surfaces d'extr\u00e9mit\u00e9 de l'\u00e9lectrode ne doit pas \u00eatre sup\u00e9rieure \u00e0 0,15 mm.<br \/>\n- L'ovalisation et la conicit\u00e9 de la g\u00e9n\u00e9ratrice de la surface de l'\u00e9lectrode ne doivent pas d\u00e9passer la moiti\u00e9 de la tol\u00e9rance sur le diam\u00e8tre de l'\u00e9lectrode. Les d\u00e9pressions ne doivent pas d\u00e9passer les \u00e9carts maximaux du diam\u00e8tre de l'\u00e9lectrode.<br \/>\n- sur la surface des \u00e9lectrodes ne sont pas autoris\u00e9es :<br \/>\n1) bords \u00e9br\u00e9ch\u00e9s \u00e0 chaque extr\u00e9mit\u00e9 avec une profondeur de plus de 8 mm, une longueur totale de plus de 40 mm ;<br \/>\n2) copeaux et coquilles en surface d'une profondeur sup\u00e9rieure \u00e0 8 mm et d'une longueur de 20 mm ;<br \/>\n3) plus de deux fissures longitudinales \u00e0 une distance d'au moins 200 mm entre le fond de la douille de la t\u00e9tine et le milieu de l'\u00e9lectrode, d'une longueur sup\u00e9rieure \u00e0 5% du p\u00e9rim\u00e8tre de la section de l'\u00e9lectrode ;<br \/>\n4) les fissures transversales.<br \/>\n2. En ce qui concerne l'aspect et les param\u00e8tres de surface, les mamelons et les douilles de mamelons doivent r\u00e9pondre aux exigences suivantes.<br \/>\n- le d\u00e9calage de l'embo\u00eeture du mamelon par rapport \u00e0 la matrice ne doit pas \u00eatre sup\u00e9rieur \u00e0 1 mm.<br \/>\n- l'ovalisation du si\u00e8ge du mamelon le long du diam\u00e8tre int\u00e9rieur dans la zone allant jusqu'\u00e0 60\u00b0 ne doit pas \u00eatre sup\u00e9rieure \u00e0 0,6 mm.<br \/>\n- Les \u00e9videments \u00e0 partir du centrage sur les extr\u00e9mit\u00e9s des mamelons ne doivent pas \u00eatre sup\u00e9rieurs \u00e0 15 mm.<br \/>\n- sur la surface des mamelons et des poches \u00e0 mamelons, cela n'est pas autoris\u00e9 :<br \/>\n1) plus de deux copeaux de fils d'une longueur sup\u00e9rieure \u00e0 15 mm ;<\/p>\n<h5>Contactez-nous pour des \u00e9lectrodes en graphite UHP de haute qualit\u00e9 600.<\/h5>","protected":false},"excerpt":{"rendered":"<p>Les \u00e9lectrodes en graphite UHP sont principalement produites \u00e0 partir de coke d'aiguille et de coke de brai, qui sont des mat\u00e9riaux conducteurs r\u00e9sistants aux temp\u00e9ratures \u00e9lev\u00e9es. Elles sont principalement utilis\u00e9es dans la fabrication de l'acier par four \u00e9lectrique \u00e0 arc. Les \u00e9lectrodes en graphite de haute qualit\u00e9 permettent de r\u00e9duire la consommation de tonnes et d'am\u00e9liorer l'efficacit\u00e9 de la production. Normalement, la consommation par tonne d'acier de notre \u00e9lectrode graphite UHP 600 est de 0,9 kg.<\/p>","protected":false},"featured_media":4171,"template":"","meta":[],"product_brand":[],"product_cat":[37],"product_tag":[],"class_list":{"0":"post-4169","1":"product","2":"type-product","3":"status-publish","4":"has-post-thumbnail","6":"product_cat-graphite-electrode","8":"first","9":"instock","10":"shipping-taxable","11":"product-type-simple"},"yoast_head":"<!-- This site is optimized with the Yoast SEO Premium plugin v19.2.1 (Yoast SEO v25.3) - https:\/\/yoast.com\/wordpress\/plugins\/seo\/ -->\n<title>600mm Graphite Electrode UHP Manufacturer<\/title>\n<meta name=\"description\" content=\"600mm graphite electrode uhp is mainly made of needle coke and pitch coke, which is high-temperature resistant conductor materials in eaf.\" \/>\n<meta name=\"robots\" content=\"index, follow, max-snippet:-1, max-image-preview:large, max-video-preview:-1\" \/>\n<link rel=\"canonical\" href=\"https:\/\/jinsuncarbon.com\/fr\/produit-2\/electrode-graphite-600mm-uhp\/\" \/>\n<meta property=\"og:locale\" content=\"fr_FR\" \/>\n<meta property=\"og:type\" content=\"article\" \/>\n<meta property=\"og:title\" content=\"600mm Graphite Electrode UHP\" \/>\n<meta property=\"og:description\" content=\"600mm graphite electrode uhp is mainly made of needle coke and pitch coke, which is high-temperature resistant conductor materials in eaf.\" \/>\n<meta property=\"og:url\" content=\"https:\/\/jinsuncarbon.com\/fr\/produit-2\/electrode-graphite-600mm-uhp\/\" \/>\n<meta property=\"og:site_name\" content=\"Jinsun Carbon\" \/>\n<meta property=\"article:publisher\" content=\"https:\/\/www.facebook.com\/Graphite-Electrode-109336238661595\" \/>\n<meta property=\"article:modified_time\" content=\"2026-02-26T14:36:28+00:00\" \/>\n<meta property=\"og:image\" content=\"https:\/\/jinsuncarbon.com\/wp-content\/uploads\/2024\/02\/graphite-electrode-uhp-600.jpg\" \/>\n\t<meta property=\"og:image:width\" content=\"1024\" \/>\n\t<meta property=\"og:image:height\" content=\"763\" \/>\n\t<meta property=\"og:image:type\" content=\"image\/jpeg\" \/>\n<meta name=\"twitter:card\" content=\"summary_large_image\" \/>\n<meta name=\"twitter:site\" content=\"@jinsuncarbon_\" \/>\n<meta name=\"twitter:label1\" content=\"Dur\u00e9e de lecture estim\u00e9e\" \/>\n\t<meta name=\"twitter:data1\" content=\"3 minutes\" \/>\n<script type=\"application\/ld+json\" class=\"yoast-schema-graph\">{\"@context\":\"https:\/\/schema.org\",\"@graph\":[{\"@type\":\"WebPage\",\"@id\":\"https:\/\/jinsuncarbon.com\/product\/600mm-graphite-electrode-uhp\/\",\"url\":\"https:\/\/jinsuncarbon.com\/product\/600mm-graphite-electrode-uhp\/\",\"name\":\"600mm Graphite Electrode UHP Manufacturer\",\"isPartOf\":{\"@id\":\"https:\/\/jinsuncarbon.com\/#website\"},\"primaryImageOfPage\":{\"@id\":\"https:\/\/jinsuncarbon.com\/product\/600mm-graphite-electrode-uhp\/#primaryimage\"},\"image\":{\"@id\":\"https:\/\/jinsuncarbon.com\/product\/600mm-graphite-electrode-uhp\/#primaryimage\"},\"thumbnailUrl\":\"https:\/\/jinsuncarbon.com\/wp-content\/uploads\/2024\/02\/graphite-electrode-uhp-600.jpg\",\"datePublished\":\"2024-02-13T13:25:22+00:00\",\"dateModified\":\"2026-02-26T14:36:28+00:00\",\"description\":\"600mm graphite electrode uhp is mainly made of needle coke and pitch coke, which is high-temperature resistant conductor materials in eaf.\",\"breadcrumb\":{\"@id\":\"https:\/\/jinsuncarbon.com\/product\/600mm-graphite-electrode-uhp\/#breadcrumb\"},\"inLanguage\":\"fr-FR\",\"potentialAction\":[{\"@type\":\"ReadAction\",\"target\":[\"https:\/\/jinsuncarbon.com\/product\/600mm-graphite-electrode-uhp\/\"]}]},{\"@type\":\"ImageObject\",\"inLanguage\":\"fr-FR\",\"@id\":\"https:\/\/jinsuncarbon.com\/product\/600mm-graphite-electrode-uhp\/#primaryimage\",\"url\":\"https:\/\/jinsuncarbon.com\/wp-content\/uploads\/2024\/02\/graphite-electrode-uhp-600.jpg\",\"contentUrl\":\"https:\/\/jinsuncarbon.com\/wp-content\/uploads\/2024\/02\/graphite-electrode-uhp-600.jpg\",\"width\":1024,\"height\":763,\"caption\":\"graphite electrode uhp 600\"},{\"@type\":\"BreadcrumbList\",\"@id\":\"https:\/\/jinsuncarbon.com\/product\/600mm-graphite-electrode-uhp\/#breadcrumb\",\"itemListElement\":[{\"@type\":\"ListItem\",\"position\":1,\"name\":\"Home\",\"item\":\"https:\/\/jinsuncarbon.com\/\"},{\"@type\":\"ListItem\",\"position\":2,\"name\":\"Products\",\"item\":\"https:\/\/jinsuncarbon.com\/graphite-carbon\/\"},{\"@type\":\"ListItem\",\"position\":3,\"name\":\"600mm Graphite Electrode UHP\"}]},{\"@type\":\"WebSite\",\"@id\":\"https:\/\/jinsuncarbon.com\/#website\",\"url\":\"https:\/\/jinsuncarbon.com\/\",\"name\":\"Jinsun Carbon\",\"description\":\"We are the successful graphite electrode manufacturer in China\",\"publisher\":{\"@id\":\"https:\/\/jinsuncarbon.com\/#organization\"},\"potentialAction\":[{\"@type\":\"SearchAction\",\"target\":{\"@type\":\"EntryPoint\",\"urlTemplate\":\"https:\/\/jinsuncarbon.com\/?s={search_term_string}\"},\"query-input\":{\"@type\":\"PropertyValueSpecification\",\"valueRequired\":true,\"valueName\":\"search_term_string\"}}],\"inLanguage\":\"fr-FR\"},{\"@type\":\"Organization\",\"@id\":\"https:\/\/jinsuncarbon.com\/#organization\",\"name\":\"Jinsun Carbon\",\"alternateName\":\"Jinsun Carbon\",\"url\":\"https:\/\/jinsuncarbon.com\/\",\"logo\":{\"@type\":\"ImageObject\",\"inLanguage\":\"fr-FR\",\"@id\":\"https:\/\/jinsuncarbon.com\/#\/schema\/logo\/image\/\",\"url\":\"https:\/\/jinsuncarbon.com\/wp-content\/uploads\/2022\/12\/LOGO-1.png\",\"contentUrl\":\"https:\/\/jinsuncarbon.com\/wp-content\/uploads\/2022\/12\/LOGO-1.png\",\"width\":207,\"height\":80,\"caption\":\"Jinsun Carbon\"},\"image\":{\"@id\":\"https:\/\/jinsuncarbon.com\/#\/schema\/logo\/image\/\"},\"sameAs\":[\"https:\/\/www.facebook.com\/Graphite-Electrode-109336238661595\",\"https:\/\/x.com\/jinsuncarbon_\",\"https:\/\/www.linkedin.com\/in\/jinsungraphite\",\"https:\/\/www.youtube.com\/channel\/UCysDNyvyR5-3cCWEmpkVC0g\"]}]}<\/script>\n<!-- \/ Yoast SEO Premium plugin. -->","yoast_head_json":{"title":"\u00c9lectrode graphite 600mm UHP Fabricant","description":"L'\u00e9lectrode en graphite de 600 mm uhp est principalement compos\u00e9e de coke d'aiguille et de coke de brai, qui sont des mat\u00e9riaux conducteurs r\u00e9sistants \u00e0 haute temp\u00e9rature dans l'EAF.","robots":{"index":"index","follow":"follow","max-snippet":"max-snippet:-1","max-image-preview":"max-image-preview:large","max-video-preview":"max-video-preview:-1"},"canonical":"https:\/\/jinsuncarbon.com\/fr\/produit-2\/electrode-graphite-600mm-uhp\/","og_locale":"fr_FR","og_type":"article","og_title":"600mm Graphite Electrode UHP","og_description":"600mm graphite electrode uhp is mainly made of needle coke and pitch coke, which is high-temperature resistant conductor materials in eaf.","og_url":"https:\/\/jinsuncarbon.com\/fr\/produit-2\/electrode-graphite-600mm-uhp\/","og_site_name":"Jinsun Carbon","article_publisher":"https:\/\/www.facebook.com\/Graphite-Electrode-109336238661595","article_modified_time":"2026-02-26T14:36:28+00:00","og_image":[{"width":1024,"height":763,"url":"https:\/\/jinsuncarbon.com\/wp-content\/uploads\/2024\/02\/graphite-electrode-uhp-600.jpg","type":"image\/jpeg"}],"twitter_card":"summary_large_image","twitter_site":"@jinsuncarbon_","twitter_misc":{"Dur\u00e9e de lecture estim\u00e9e":"3 minutes"},"schema":{"@context":"https:\/\/schema.org","@graph":[{"@type":"WebPage","@id":"https:\/\/jinsuncarbon.com\/product\/600mm-graphite-electrode-uhp\/","url":"https:\/\/jinsuncarbon.com\/product\/600mm-graphite-electrode-uhp\/","name":"\u00c9lectrode graphite 600mm UHP Fabricant","isPartOf":{"@id":"https:\/\/jinsuncarbon.com\/#website"},"primaryImageOfPage":{"@id":"https:\/\/jinsuncarbon.com\/product\/600mm-graphite-electrode-uhp\/#primaryimage"},"image":{"@id":"https:\/\/jinsuncarbon.com\/product\/600mm-graphite-electrode-uhp\/#primaryimage"},"thumbnailUrl":"https:\/\/jinsuncarbon.com\/wp-content\/uploads\/2024\/02\/graphite-electrode-uhp-600.jpg","datePublished":"2024-02-13T13:25:22+00:00","dateModified":"2026-02-26T14:36:28+00:00","description":"L'\u00e9lectrode en graphite de 600 mm uhp est principalement compos\u00e9e de coke d'aiguille et de coke de brai, qui sont des mat\u00e9riaux conducteurs r\u00e9sistants \u00e0 haute temp\u00e9rature dans l'EAF.","breadcrumb":{"@id":"https:\/\/jinsuncarbon.com\/product\/600mm-graphite-electrode-uhp\/#breadcrumb"},"inLanguage":"fr-FR","potentialAction":[{"@type":"ReadAction","target":["https:\/\/jinsuncarbon.com\/product\/600mm-graphite-electrode-uhp\/"]}]},{"@type":"ImageObject","inLanguage":"fr-FR","@id":"https:\/\/jinsuncarbon.com\/product\/600mm-graphite-electrode-uhp\/#primaryimage","url":"https:\/\/jinsuncarbon.com\/wp-content\/uploads\/2024\/02\/graphite-electrode-uhp-600.jpg","contentUrl":"https:\/\/jinsuncarbon.com\/wp-content\/uploads\/2024\/02\/graphite-electrode-uhp-600.jpg","width":1024,"height":763,"caption":"graphite electrode uhp 600"},{"@type":"BreadcrumbList","@id":"https:\/\/jinsuncarbon.com\/product\/600mm-graphite-electrode-uhp\/#breadcrumb","itemListElement":[{"@type":"ListItem","position":1,"name":"Home","item":"https:\/\/jinsuncarbon.com\/"},{"@type":"ListItem","position":2,"name":"Products","item":"https:\/\/jinsuncarbon.com\/graphite-carbon\/"},{"@type":"ListItem","position":3,"name":"600mm Graphite Electrode UHP"}]},{"@type":"WebSite","@id":"https:\/\/jinsuncarbon.com\/#website","url":"https:\/\/jinsuncarbon.com\/","name":"Jinsun Carbon","description":"Nous sommes le fabricant d'\u00e9lectrodes en graphite le plus performant de Chine.","publisher":{"@id":"https:\/\/jinsuncarbon.com\/#organization"},"potentialAction":[{"@type":"SearchAction","target":{"@type":"EntryPoint","urlTemplate":"https:\/\/jinsuncarbon.com\/?s={search_term_string}"},"query-input":{"@type":"PropertyValueSpecification","valueRequired":true,"valueName":"search_term_string"}}],"inLanguage":"fr-FR"},{"@type":"Organization","@id":"https:\/\/jinsuncarbon.com\/#organization","name":"Jinsun Carbon","alternateName":"Jinsun Carbon","url":"https:\/\/jinsuncarbon.com\/","logo":{"@type":"ImageObject","inLanguage":"fr-FR","@id":"https:\/\/jinsuncarbon.com\/#\/schema\/logo\/image\/","url":"https:\/\/jinsuncarbon.com\/wp-content\/uploads\/2022\/12\/LOGO-1.png","contentUrl":"https:\/\/jinsuncarbon.com\/wp-content\/uploads\/2022\/12\/LOGO-1.png","width":207,"height":80,"caption":"Jinsun Carbon"},"image":{"@id":"https:\/\/jinsuncarbon.com\/#\/schema\/logo\/image\/"},"sameAs":["https:\/\/www.facebook.com\/Graphite-Electrode-109336238661595","https:\/\/x.com\/jinsuncarbon_","https:\/\/www.linkedin.com\/in\/jinsungraphite","https:\/\/www.youtube.com\/channel\/UCysDNyvyR5-3cCWEmpkVC0g"]}]}},"_links":{"self":[{"href":"https:\/\/jinsuncarbon.com\/fr\/wp-json\/wp\/v2\/product\/4169","targetHints":{"allow":["GET"]}}],"collection":[{"href":"https:\/\/jinsuncarbon.com\/fr\/wp-json\/wp\/v2\/product"}],"about":[{"href":"https:\/\/jinsuncarbon.com\/fr\/wp-json\/wp\/v2\/types\/product"}],"wp:featuredmedia":[{"embeddable":true,"href":"https:\/\/jinsuncarbon.com\/fr\/wp-json\/wp\/v2\/media\/4171"}],"wp:attachment":[{"href":"https:\/\/jinsuncarbon.com\/fr\/wp-json\/wp\/v2\/media?parent=4169"}],"wp:term":[{"taxonomy":"product_brand","embeddable":true,"href":"https:\/\/jinsuncarbon.com\/fr\/wp-json\/wp\/v2\/product_brand?post=4169"},{"taxonomy":"product_cat","embeddable":true,"href":"https:\/\/jinsuncarbon.com\/fr\/wp-json\/wp\/v2\/product_cat?post=4169"},{"taxonomy":"product_tag","embeddable":true,"href":"https:\/\/jinsuncarbon.com\/fr\/wp-json\/wp\/v2\/product_tag?post=4169"}],"curies":[{"name":"wp","href":"https:\/\/api.w.org\/{rel}","templated":true}]}}