{"id":4117,"date":"2024-02-04T12:19:32","date_gmt":"2024-02-04T12:19:32","guid":{"rendered":"https:\/\/jinsuncarbon.com\/?post_type=product&#038;p=4117"},"modified":"2024-11-04T02:20:22","modified_gmt":"2024-11-04T02:20:22","slug":"electrode-graphite-150mm-rp-pour-four-a-arc","status":"publish","type":"product","link":"https:\/\/jinsuncarbon.com\/fr\/produit-2\/electrode-graphite-150mm-rp-pour-four-a-arc\/","title":{"rendered":"\u00c9lectrode graphite 150mm rp pour four \u00e0 arc"},"content":{"rendered":"<h2>\u00c9lectrode graphite 150mm rp pour four \u00e0 arc<\/h2>\n<h3>Les mati\u00e8res premi\u00e8res pour la production d'\u00e9lectrodes en graphite sont le coke de p\u00e9trole, le brai de goudron de houille et d'autres mati\u00e8res carbon\u00e9es.<\/h3>\n<p>Le principal \u00e9l\u00e9ment de base des \u00e9lectrodes en graphite est le carbone.  Produits de forme cylindrique de couleur gris fonc\u00e9 ou noire en graphite artificiel avec une valeur de r\u00e9sistance \u00e9lectrique sp\u00e9cifique ne d\u00e9passant pas 5,5 \u03bc\u03a9*m.<\/p>\n<p><a href=\"https:\/\/jinsuncarbon.com\/fr\/produit-2\/electrode-en-graphite-rp\/\">\u00c9lectrodes en graphite<\/a> avec un embout de marque JINSUN- RP -150mm sont utilis\u00e9s dans le processus de production pour cr\u00e9er un arc \u00e9lectrique pour la production d'\u00e9lectricit\u00e9. <a href=\"https:\/\/en.wikipedia.org\/wiki\/Smelting\" target=\"_blank\" rel=\"noopener\">fonte de l'acier<\/a> et alliages dans un four \u00e0 arc \u00e9lectrique (FAE).<\/p>\n<p>L'\u00e9lectrode de graphite sert de source pour l'introduction d'un arc \u00e9lectrique dans l'appareil. <a href=\"https:\/\/tenova.com\/technologies\/electric-arc-furnaces-eaf\" target=\"_blank\" rel=\"noopener\">four<\/a> un espace pour la fusion de la charge m\u00e9tallique et le chauffage de l'acier liquide \u00e0 une temp\u00e9rature ne d\u00e9passant pas 1750 \u00b0C.<\/p>\n<p>&nbsp;<\/p>\n<h3>En ce qui concerne l'aspect et les param\u00e8tres de surface, les \u00e9lectrodes doivent r\u00e9pondre aux exigences suivantes :<\/h3>\n<p>Lors de l'exp\u00e9dition, les \u00e9lectrodes sont plac\u00e9es dans des emballages de transport. L'emballage est con\u00e7u par le fabricant des produits et doit garantir la s\u00e9curit\u00e9 de la cargaison pendant le transport.<\/p>\n<p>Les \u00e9lectrodes doivent \u00eatre livr\u00e9es avec des embouts (un embout par \u00e9lectrode). Pendant le stockage, les \u00e9lectrodes doivent \u00eatre plac\u00e9es dans des conditions excluant l'humidit\u00e9 et les mati\u00e8res non adh\u00e9rentes. Ne pas stocker les \u00e9lectrodes sans emballage.<\/p>\n<p>&nbsp;<\/p>\n<table width=\"500\">\n<tbody>\n<tr>\n<td style=\"text-align: center;\" colspan=\"4\" width=\"500\"><strong>RP150x1800<\/strong><\/td>\n<\/tr>\n<tr>\n<td><\/td>\n<td><\/td>\n<td><\/td>\n<td><\/td>\n<\/tr>\n<tr>\n<td colspan=\"4\">Type et taille<\/td>\n<\/tr>\n<tr>\n<td><\/td>\n<td><\/td>\n<td>Tol\u00e9rance de diam\u00e8tre<\/td>\n<td>Tol\u00e9rance de longueur<\/td>\n<\/tr>\n<tr>\n<td>Sp\u00e9cification de l'\u00e9lectrode<\/td>\n<td>RP150x1800<\/td>\n<td>150 (150-155)<\/td>\n<td>1800 (0\/+100)<\/td>\n<\/tr>\n<tr>\n<td>Sp\u00e9cificit\u00e9 du mamelon<\/td>\n<td>TPI3<\/td>\n<td><\/td>\n<td><\/td>\n<\/tr>\n<tr>\n<td><\/td>\n<td><\/td>\n<td><\/td>\n<td><\/td>\n<\/tr>\n<tr>\n<td><\/td>\n<td><\/td>\n<td><\/td>\n<td><\/td>\n<\/tr>\n<tr>\n<td colspan=\"4\">Sp\u00e9cifications techniques<\/td>\n<\/tr>\n<tr>\n<td><\/td>\n<td><\/td>\n<td>\u00c9lectrode<\/td>\n<td>T\u00e9ton<\/td>\n<\/tr>\n<tr>\n<td><\/td>\n<td><\/td>\n<td><\/td>\n<td><\/td>\n<\/tr>\n<tr>\n<td>RESISTIVITE<\/td>\n<td>\u03bc\u03a9\u039c, max<\/td>\n<td>8<\/td>\n<td>6<\/td>\n<\/tr>\n<tr>\n<td>R\u00c9SISTANCE \u00c0 LA FLEXION<\/td>\n<td>Mpa, min<\/td>\n<td>11<\/td>\n<td>14.2<\/td>\n<\/tr>\n<tr>\n<td>DENSIT\u00c9 EN VRAC<\/td>\n<td>g\/cm3, min<\/td>\n<td>1.58<\/td>\n<td>1.72<\/td>\n<\/tr>\n<tr>\n<td>CTE<\/td>\n<td>10-6\/\u2103, max<\/td>\n<td>2.5<\/td>\n<td>2.3<\/td>\n<\/tr>\n<tr>\n<td>MODULVS \u00c9LASTIQUES<\/td>\n<td>Gpa<\/td>\n<td>8.7<\/td>\n<td>13.2<\/td>\n<\/tr>\n<tr>\n<td>ASH<\/td>\n<td>%<\/td>\n<td>0.4<\/td>\n<td>0.3<\/td>\n<\/tr>\n<\/tbody>\n<\/table>","protected":false},"excerpt":{"rendered":"<p>L'\u00e9lectrode en graphite introduit le courant dans le four \u00e0 arc \u00e9lectrique. Le courant puissant \u00e0 l'extr\u00e9mit\u00e9 inf\u00e9rieure de l'\u00e9lectrode peut g\u00e9n\u00e9rer une d\u00e9charge d'arc entre les mat\u00e9riaux de charge, et la chaleur g\u00e9n\u00e9r\u00e9e par l'arc est utilis\u00e9e pour la fusion. Les \u00e9lectrodes en graphite sont rempla\u00e7ables en continu et connect\u00e9es par des embouts.<\/p>","protected":false},"featured_media":3694,"template":"","meta":[],"product_brand":[],"product_cat":[37],"product_tag":[],"class_list":{"0":"post-4117","1":"product","2":"type-product","3":"status-publish","4":"has-post-thumbnail","6":"product_cat-graphite-electrode","8":"first","9":"instock","10":"shipping-taxable","11":"product-type-simple"},"yoast_head":"<!-- This site is optimized with the Yoast SEO Premium plugin v19.2.1 (Yoast SEO v25.3) - https:\/\/yoast.com\/wordpress\/plugins\/seo\/ -->\n<title>150mm rp graphite electrode for arc furnace<\/title>\n<meta name=\"description\" content=\"150mm rp graphite electrode for arc furnace, are used in the production process to create an electric arc for smelting steel and alloys in EAF.\" \/>\n<meta name=\"robots\" content=\"index, follow, max-snippet:-1, max-image-preview:large, max-video-preview:-1\" \/>\n<link rel=\"canonical\" href=\"https:\/\/jinsuncarbon.com\/fr\/produit-2\/electrode-graphite-150mm-rp-pour-four-a-arc\/\" \/>\n<meta property=\"og:locale\" content=\"fr_FR\" \/>\n<meta property=\"og:type\" content=\"article\" \/>\n<meta property=\"og:title\" content=\"150mm rp graphite electrode for arc furnace\" \/>\n<meta property=\"og:description\" content=\"150mm rp graphite electrode for arc furnace, are used in the production process to create an electric arc for smelting steel and alloys in EAF.\" \/>\n<meta property=\"og:url\" content=\"https:\/\/jinsuncarbon.com\/fr\/produit-2\/electrode-graphite-150mm-rp-pour-four-a-arc\/\" \/>\n<meta property=\"og:site_name\" content=\"Jinsun Carbon\" \/>\n<meta property=\"article:publisher\" content=\"https:\/\/www.facebook.com\/Graphite-Electrode-109336238661595\" \/>\n<meta property=\"article:modified_time\" content=\"2024-11-04T02:20:22+00:00\" \/>\n<meta property=\"og:image\" content=\"https:\/\/jinsuncarbon.com\/wp-content\/uploads\/2023\/06\/ae359f189203c9a6f4eab18e007e0ed.jpg\" \/>\n\t<meta property=\"og:image:width\" content=\"1024\" \/>\n\t<meta property=\"og:image:height\" content=\"680\" \/>\n\t<meta property=\"og:image:type\" content=\"image\/jpeg\" \/>\n<meta name=\"twitter:card\" content=\"summary_large_image\" \/>\n<meta name=\"twitter:site\" content=\"@jinsuncarbon_\" \/>\n<meta name=\"twitter:label1\" content=\"Dur\u00e9e de lecture estim\u00e9e\" \/>\n\t<meta name=\"twitter:data1\" content=\"2 minutes\" \/>\n<script type=\"application\/ld+json\" class=\"yoast-schema-graph\">{\"@context\":\"https:\/\/schema.org\",\"@graph\":[{\"@type\":\"WebPage\",\"@id\":\"https:\/\/jinsuncarbon.com\/product\/150mm-rp-graphite-electrode-for-arc-furnace\/\",\"url\":\"https:\/\/jinsuncarbon.com\/product\/150mm-rp-graphite-electrode-for-arc-furnace\/\",\"name\":\"150mm rp graphite electrode for arc furnace\",\"isPartOf\":{\"@id\":\"https:\/\/jinsuncarbon.com\/#website\"},\"primaryImageOfPage\":{\"@id\":\"https:\/\/jinsuncarbon.com\/product\/150mm-rp-graphite-electrode-for-arc-furnace\/#primaryimage\"},\"image\":{\"@id\":\"https:\/\/jinsuncarbon.com\/product\/150mm-rp-graphite-electrode-for-arc-furnace\/#primaryimage\"},\"thumbnailUrl\":\"https:\/\/jinsuncarbon.com\/wp-content\/uploads\/2023\/06\/ae359f189203c9a6f4eab18e007e0ed.jpg\",\"datePublished\":\"2024-02-04T12:19:32+00:00\",\"dateModified\":\"2024-11-04T02:20:22+00:00\",\"description\":\"150mm rp graphite electrode for arc furnace, are used in the production process to create an electric arc for smelting steel and alloys in EAF.\",\"breadcrumb\":{\"@id\":\"https:\/\/jinsuncarbon.com\/product\/150mm-rp-graphite-electrode-for-arc-furnace\/#breadcrumb\"},\"inLanguage\":\"fr-FR\",\"potentialAction\":[{\"@type\":\"ReadAction\",\"target\":[\"https:\/\/jinsuncarbon.com\/product\/150mm-rp-graphite-electrode-for-arc-furnace\/\"]}]},{\"@type\":\"ImageObject\",\"inLanguage\":\"fr-FR\",\"@id\":\"https:\/\/jinsuncarbon.com\/product\/150mm-rp-graphite-electrode-for-arc-furnace\/#primaryimage\",\"url\":\"https:\/\/jinsuncarbon.com\/wp-content\/uploads\/2023\/06\/ae359f189203c9a6f4eab18e007e0ed.jpg\",\"contentUrl\":\"https:\/\/jinsuncarbon.com\/wp-content\/uploads\/2023\/06\/ae359f189203c9a6f4eab18e007e0ed.jpg\",\"width\":1024,\"height\":680,\"caption\":\"150mm rp graphite electrode for arc furnace\"},{\"@type\":\"BreadcrumbList\",\"@id\":\"https:\/\/jinsuncarbon.com\/product\/150mm-rp-graphite-electrode-for-arc-furnace\/#breadcrumb\",\"itemListElement\":[{\"@type\":\"ListItem\",\"position\":1,\"name\":\"Home\",\"item\":\"https:\/\/jinsuncarbon.com\/\"},{\"@type\":\"ListItem\",\"position\":2,\"name\":\"Products\",\"item\":\"https:\/\/jinsuncarbon.com\/graphite-carbon\/\"},{\"@type\":\"ListItem\",\"position\":3,\"name\":\"150mm rp graphite electrode for arc furnace\"}]},{\"@type\":\"WebSite\",\"@id\":\"https:\/\/jinsuncarbon.com\/#website\",\"url\":\"https:\/\/jinsuncarbon.com\/\",\"name\":\"Jinsun Carbon\",\"description\":\"We are the successful graphite electrode manufacturer in China\",\"publisher\":{\"@id\":\"https:\/\/jinsuncarbon.com\/#organization\"},\"potentialAction\":[{\"@type\":\"SearchAction\",\"target\":{\"@type\":\"EntryPoint\",\"urlTemplate\":\"https:\/\/jinsuncarbon.com\/?s={search_term_string}\"},\"query-input\":{\"@type\":\"PropertyValueSpecification\",\"valueRequired\":true,\"valueName\":\"search_term_string\"}}],\"inLanguage\":\"fr-FR\"},{\"@type\":\"Organization\",\"@id\":\"https:\/\/jinsuncarbon.com\/#organization\",\"name\":\"Jinsun Carbon\",\"alternateName\":\"Jinsun Carbon\",\"url\":\"https:\/\/jinsuncarbon.com\/\",\"logo\":{\"@type\":\"ImageObject\",\"inLanguage\":\"fr-FR\",\"@id\":\"https:\/\/jinsuncarbon.com\/#\/schema\/logo\/image\/\",\"url\":\"https:\/\/jinsuncarbon.com\/wp-content\/uploads\/2022\/12\/LOGO-1.png\",\"contentUrl\":\"https:\/\/jinsuncarbon.com\/wp-content\/uploads\/2022\/12\/LOGO-1.png\",\"width\":207,\"height\":80,\"caption\":\"Jinsun Carbon\"},\"image\":{\"@id\":\"https:\/\/jinsuncarbon.com\/#\/schema\/logo\/image\/\"},\"sameAs\":[\"https:\/\/www.facebook.com\/Graphite-Electrode-109336238661595\",\"https:\/\/x.com\/jinsuncarbon_\",\"https:\/\/www.linkedin.com\/in\/jinsungraphite\",\"https:\/\/www.youtube.com\/channel\/UCysDNyvyR5-3cCWEmpkVC0g\"]}]}<\/script>\n<!-- \/ Yoast SEO Premium plugin. -->","yoast_head_json":{"title":"\u00c9lectrode graphite 150mm rp pour four \u00e0 arc","description":"Les \u00e9lectrodes en graphite 150mm rp pour four \u00e0 arc sont utilis\u00e9es dans le processus de production pour cr\u00e9er un arc \u00e9lectrique pour la fusion de l'acier et des alliages dans le four \u00e0 arc \u00e9lectrique.","robots":{"index":"index","follow":"follow","max-snippet":"max-snippet:-1","max-image-preview":"max-image-preview:large","max-video-preview":"max-video-preview:-1"},"canonical":"https:\/\/jinsuncarbon.com\/fr\/produit-2\/electrode-graphite-150mm-rp-pour-four-a-arc\/","og_locale":"fr_FR","og_type":"article","og_title":"150mm rp graphite electrode for arc furnace","og_description":"150mm rp graphite electrode for arc furnace, are used in the production process to create an electric arc for smelting steel and alloys in EAF.","og_url":"https:\/\/jinsuncarbon.com\/fr\/produit-2\/electrode-graphite-150mm-rp-pour-four-a-arc\/","og_site_name":"Jinsun Carbon","article_publisher":"https:\/\/www.facebook.com\/Graphite-Electrode-109336238661595","article_modified_time":"2024-11-04T02:20:22+00:00","og_image":[{"width":1024,"height":680,"url":"https:\/\/jinsuncarbon.com\/wp-content\/uploads\/2023\/06\/ae359f189203c9a6f4eab18e007e0ed.jpg","type":"image\/jpeg"}],"twitter_card":"summary_large_image","twitter_site":"@jinsuncarbon_","twitter_misc":{"Dur\u00e9e de lecture estim\u00e9e":"2 minutes"},"schema":{"@context":"https:\/\/schema.org","@graph":[{"@type":"WebPage","@id":"https:\/\/jinsuncarbon.com\/product\/150mm-rp-graphite-electrode-for-arc-furnace\/","url":"https:\/\/jinsuncarbon.com\/product\/150mm-rp-graphite-electrode-for-arc-furnace\/","name":"\u00c9lectrode graphite 150mm rp pour four \u00e0 arc","isPartOf":{"@id":"https:\/\/jinsuncarbon.com\/#website"},"primaryImageOfPage":{"@id":"https:\/\/jinsuncarbon.com\/product\/150mm-rp-graphite-electrode-for-arc-furnace\/#primaryimage"},"image":{"@id":"https:\/\/jinsuncarbon.com\/product\/150mm-rp-graphite-electrode-for-arc-furnace\/#primaryimage"},"thumbnailUrl":"https:\/\/jinsuncarbon.com\/wp-content\/uploads\/2023\/06\/ae359f189203c9a6f4eab18e007e0ed.jpg","datePublished":"2024-02-04T12:19:32+00:00","dateModified":"2024-11-04T02:20:22+00:00","description":"Les \u00e9lectrodes en graphite 150mm rp pour four \u00e0 arc sont utilis\u00e9es dans le processus de production pour cr\u00e9er un arc \u00e9lectrique pour la fusion de l'acier et des alliages dans le four \u00e0 arc \u00e9lectrique.","breadcrumb":{"@id":"https:\/\/jinsuncarbon.com\/product\/150mm-rp-graphite-electrode-for-arc-furnace\/#breadcrumb"},"inLanguage":"fr-FR","potentialAction":[{"@type":"ReadAction","target":["https:\/\/jinsuncarbon.com\/product\/150mm-rp-graphite-electrode-for-arc-furnace\/"]}]},{"@type":"ImageObject","inLanguage":"fr-FR","@id":"https:\/\/jinsuncarbon.com\/product\/150mm-rp-graphite-electrode-for-arc-furnace\/#primaryimage","url":"https:\/\/jinsuncarbon.com\/wp-content\/uploads\/2023\/06\/ae359f189203c9a6f4eab18e007e0ed.jpg","contentUrl":"https:\/\/jinsuncarbon.com\/wp-content\/uploads\/2023\/06\/ae359f189203c9a6f4eab18e007e0ed.jpg","width":1024,"height":680,"caption":"150mm rp graphite electrode for arc furnace"},{"@type":"BreadcrumbList","@id":"https:\/\/jinsuncarbon.com\/product\/150mm-rp-graphite-electrode-for-arc-furnace\/#breadcrumb","itemListElement":[{"@type":"ListItem","position":1,"name":"Home","item":"https:\/\/jinsuncarbon.com\/"},{"@type":"ListItem","position":2,"name":"Products","item":"https:\/\/jinsuncarbon.com\/graphite-carbon\/"},{"@type":"ListItem","position":3,"name":"150mm rp graphite electrode for arc furnace"}]},{"@type":"WebSite","@id":"https:\/\/jinsuncarbon.com\/#website","url":"https:\/\/jinsuncarbon.com\/","name":"Jinsun Carbon","description":"Nous sommes le fabricant d'\u00e9lectrodes en graphite le plus performant de Chine.","publisher":{"@id":"https:\/\/jinsuncarbon.com\/#organization"},"potentialAction":[{"@type":"SearchAction","target":{"@type":"EntryPoint","urlTemplate":"https:\/\/jinsuncarbon.com\/?s={search_term_string}"},"query-input":{"@type":"PropertyValueSpecification","valueRequired":true,"valueName":"search_term_string"}}],"inLanguage":"fr-FR"},{"@type":"Organization","@id":"https:\/\/jinsuncarbon.com\/#organization","name":"Jinsun Carbon","alternateName":"Jinsun Carbon","url":"https:\/\/jinsuncarbon.com\/","logo":{"@type":"ImageObject","inLanguage":"fr-FR","@id":"https:\/\/jinsuncarbon.com\/#\/schema\/logo\/image\/","url":"https:\/\/jinsuncarbon.com\/wp-content\/uploads\/2022\/12\/LOGO-1.png","contentUrl":"https:\/\/jinsuncarbon.com\/wp-content\/uploads\/2022\/12\/LOGO-1.png","width":207,"height":80,"caption":"Jinsun Carbon"},"image":{"@id":"https:\/\/jinsuncarbon.com\/#\/schema\/logo\/image\/"},"sameAs":["https:\/\/www.facebook.com\/Graphite-Electrode-109336238661595","https:\/\/x.com\/jinsuncarbon_","https:\/\/www.linkedin.com\/in\/jinsungraphite","https:\/\/www.youtube.com\/channel\/UCysDNyvyR5-3cCWEmpkVC0g"]}]}},"_links":{"self":[{"href":"https:\/\/jinsuncarbon.com\/fr\/wp-json\/wp\/v2\/product\/4117","targetHints":{"allow":["GET"]}}],"collection":[{"href":"https:\/\/jinsuncarbon.com\/fr\/wp-json\/wp\/v2\/product"}],"about":[{"href":"https:\/\/jinsuncarbon.com\/fr\/wp-json\/wp\/v2\/types\/product"}],"wp:featuredmedia":[{"embeddable":true,"href":"https:\/\/jinsuncarbon.com\/fr\/wp-json\/wp\/v2\/media\/3694"}],"wp:attachment":[{"href":"https:\/\/jinsuncarbon.com\/fr\/wp-json\/wp\/v2\/media?parent=4117"}],"wp:term":[{"taxonomy":"product_brand","embeddable":true,"href":"https:\/\/jinsuncarbon.com\/fr\/wp-json\/wp\/v2\/product_brand?post=4117"},{"taxonomy":"product_cat","embeddable":true,"href":"https:\/\/jinsuncarbon.com\/fr\/wp-json\/wp\/v2\/product_cat?post=4117"},{"taxonomy":"product_tag","embeddable":true,"href":"https:\/\/jinsuncarbon.com\/fr\/wp-json\/wp\/v2\/product_tag?post=4117"}],"curies":[{"name":"wp","href":"https:\/\/api.w.org\/{rel}","templated":true}]}}