{"id":2151,"date":"2023-01-30T09:36:44","date_gmt":"2023-01-30T09:36:44","guid":{"rendered":"https:\/\/jinsuncarbon.com\/?post_type=product&#038;p=2151"},"modified":"2024-12-30T05:21:05","modified_gmt":"2024-12-30T05:21:05","slug":"coke-de-petrole-calcine","status":"publish","type":"product","link":"https:\/\/jinsuncarbon.com\/fr\/produit-2\/coke-de-petrole-calcine\/","title":{"rendered":"Coke de p\u00e9trole calcin\u00e9"},"content":{"rendered":"<p>Le coke de p\u00e9trole calcin\u00e9 (CPC) est un mat\u00e9riau carbon\u00e9 de haute puret\u00e9 obtenu par calcination \u00e0 haute temp\u00e9rature. Il existe trois types de coke de p\u00e9trole, \u00e0 faible teneur en soufre, \u00e0 teneur moyenne en soufre et \u00e0 haute teneur en soufre, en fonction des diff\u00e9rentes teneurs en soufre. Il existe trois types de coke de p\u00e9trole, \u00e0 faible teneur en soufre, \u00e0 teneur moyenne en soufre et \u00e0 haute teneur en soufre, en fonction des diff\u00e9rentes teneurs en soufre.<\/p>\n<h2>Processus de fabrication du coke de p\u00e9trole calcin\u00e9<\/h2>\n<p>Lors de la fabrication de coke de p\u00e9trole calcin\u00e9, <span style=\"color: #000000;\">Ajouter du coke brut \u00e0 la queue du four dans le four rotatif, pulv\u00e9riser du gaz ou de l'huile lourde \u00e0 partir de la buse de la t\u00eate du four, et m\u00e9langer et br\u00fbler avec de l'air pour former une zone de calcination \u00e0 haute temp\u00e9rature. La temp\u00e9rature de la zone de calcination atteint 1200-1350 \u2103. <\/span><\/p>\n<p><span style=\"color: #000000;\">La temp\u00e9rature \u00e9lev\u00e9e \u00e9limine l'humidit\u00e9 et \u00e9vacue les mati\u00e8res volatiles, r\u00e9arrangeant la structure cristalline du coke. Le niveau de grille des atomes de carbone est modifi\u00e9 et des changements chimiques interviennent, ce qui donne un produit dense et conducteur. Apr\u00e8s un certain temps, il est lentement refroidi en dessous de 200 \u2103, puis peut \u00eatre stock\u00e9.<\/span><\/p>\n<h2>Utilisation du coke de p\u00e9trole calcin\u00e9<\/h2>\n<p>Il est principalement utilis\u00e9 pour l'anode et la cathode pr\u00e9cuites utilis\u00e9es dans le cadre de la production d'\u00e9lectricit\u00e9. <a href=\"https:\/\/en.wikipedia.org\/wiki\/Aluminum_electrolytic_capacitor\" target=\"_blank\" rel=\"noopener\">aluminium \u00e9lectrolytique<\/a>comme agent d'augmentation du carbone dans l'industrie m\u00e9tallurgique du fer et de l'acier, et dans la production de produits de la cat\u00e9gorie \" produits de la mer \". <a href=\"https:\/\/jinsuncarbon.com\/fr\/graphite-electrode-manufacturers\/\">\u00e9lectrodes en graphite<\/a> et des produits \u00e0 base de carbone. Il est \u00e9galement utilis\u00e9 pour produire du silicium industriel, du phosphore jaune et des ferro-alliages. Sp\u00e9cification : (taille : 0-1mm, 1-3mm, 3-5mm, 5-8mm).<\/p>\n<p>Industrie de l'aluminium : il s'agit d'un composant essentiel pour la production d'anodes utilis\u00e9es dans les fonderies d'aluminium. Il fournit la teneur en carbone et la conductivit\u00e9 \u00e9lectrique n\u00e9cessaires \u00e0 une \u00e9lectrolyse efficace.<\/p>\n<p>Production d'acier : Utilis\u00e9 comme additif au carbone dans la production d'acier. Il permet d'augmenter la teneur en carbone de l'acier, ce qui accro\u00eet sa r\u00e9sistance et sa duret\u00e9.<\/p>\n<p>Industrie de la fonderie : Il est utilis\u00e9 comme additif au carbone pour les pi\u00e8ces coul\u00e9es.  Il am\u00e9liore la qualit\u00e9 de la coul\u00e9e, r\u00e9duit les d\u00e9fauts de coul\u00e9e et favorise l'uniformit\u00e9 du m\u00e9tal en fusion.<\/p>\n<p><img fetchpriority=\"high\" decoding=\"async\" class=\"alignnone size-medium wp-image-4478\" src=\"https:\/\/jinsuncarbon.com\/wp-content\/uploads\/2023\/01\/Aluminum-industry-1-300x189.jpg\" alt=\"Industrie de l&#039;aluminium\" width=\"300\" height=\"189\" srcset=\"https:\/\/jinsuncarbon.com\/wp-content\/uploads\/2023\/01\/Aluminum-industry-1-300x189.jpg 300w, https:\/\/jinsuncarbon.com\/wp-content\/uploads\/2023\/01\/Aluminum-industry-1-600x378.jpg 600w, https:\/\/jinsuncarbon.com\/wp-content\/uploads\/2023\/01\/Aluminum-industry-1-768x484.jpg 768w, https:\/\/jinsuncarbon.com\/wp-content\/uploads\/2023\/01\/Aluminum-industry-1-18x12.jpg 18w, https:\/\/jinsuncarbon.com\/wp-content\/uploads\/2023\/01\/Aluminum-industry-1.jpg 869w\" sizes=\"(max-width: 300px) 100vw, 300px\" \/> <img decoding=\"async\" class=\"alignnone wp-image-4477\" src=\"https:\/\/jinsuncarbon.com\/wp-content\/uploads\/2023\/01\/Steel-industry-300x225.jpg\" alt=\"Industrie sid\u00e9rurgique\" width=\"256\" height=\"192\" srcset=\"https:\/\/jinsuncarbon.com\/wp-content\/uploads\/2023\/01\/Steel-industry-300x225.jpg 300w, https:\/\/jinsuncarbon.com\/wp-content\/uploads\/2023\/01\/Steel-industry-600x450.jpg 600w, https:\/\/jinsuncarbon.com\/wp-content\/uploads\/2023\/01\/Steel-industry-16x12.jpg 16w, https:\/\/jinsuncarbon.com\/wp-content\/uploads\/2023\/01\/Steel-industry.jpg 660w\" sizes=\"(max-width: 256px) 100vw, 256px\" \/> <img decoding=\"async\" class=\"alignnone wp-image-4479\" src=\"https:\/\/jinsuncarbon.com\/wp-content\/uploads\/2023\/01\/Foundry-industry-1-300x200.jpg\" alt=\"Industrie de la fonderie\" width=\"287\" height=\"191\" srcset=\"https:\/\/jinsuncarbon.com\/wp-content\/uploads\/2023\/01\/Foundry-industry-1-300x200.jpg 300w, https:\/\/jinsuncarbon.com\/wp-content\/uploads\/2023\/01\/Foundry-industry-1-18x12.jpg 18w, https:\/\/jinsuncarbon.com\/wp-content\/uploads\/2023\/01\/Foundry-industry-1.jpg 312w\" sizes=\"(max-width: 287px) 100vw, 287px\" \/><\/p>\n<p>Production d'\u00e9lectrodes en graphite : il s'agit d'un ingr\u00e9dient essentiel pour la fabrication d'\u00e9lectrodes en graphite dans les fours \u00e9lectriques \u00e0 arc. Les \u00e9lectrodes en graphite sont essentielles \u00e0 la production d'acier et d'autres m\u00e9taux.<\/p>\n<p>Fabrication de produits en carbone : il s'agit d'une mati\u00e8re premi\u00e8re pour la fabrication de produits en carbone tels que les balais en carbone, les plaquettes de frein et les mat\u00e9riaux de friction. Sa teneur \u00e9lev\u00e9e en carbone et sa faible teneur en impuret\u00e9s en font la mati\u00e8re premi\u00e8re id\u00e9ale pour ces applications.<\/p>\n<p>Ce ne sont l\u00e0 que quelques exemples de ses nombreuses applications. Sa teneur unique en carbone, sa faible teneur en impuret\u00e9s et ses propri\u00e9t\u00e9s physiques int\u00e9ressantes le rendent pr\u00e9cieux dans de nombreuses industries, contribuant \u00e0 leur efficacit\u00e9, leur productivit\u00e9 et leur qualit\u00e9.<\/p>\n<p><img loading=\"lazy\" decoding=\"async\" class=\"alignnone wp-image-4480\" src=\"https:\/\/jinsuncarbon.com\/wp-content\/uploads\/2023\/01\/Graphite-industry-300x225.jpg\" alt=\"Industrie du graphite\" width=\"253\" height=\"190\" srcset=\"https:\/\/jinsuncarbon.com\/wp-content\/uploads\/2023\/01\/Graphite-industry-300x225.jpg 300w, https:\/\/jinsuncarbon.com\/wp-content\/uploads\/2023\/01\/Graphite-industry-600x450.jpg 600w, https:\/\/jinsuncarbon.com\/wp-content\/uploads\/2023\/01\/Graphite-industry-16x12.jpg 16w, https:\/\/jinsuncarbon.com\/wp-content\/uploads\/2023\/01\/Graphite-industry.jpg 640w\" sizes=\"(max-width: 253px) 100vw, 253px\" \/> <img loading=\"lazy\" decoding=\"async\" class=\"alignnone wp-image-4481\" src=\"https:\/\/jinsuncarbon.com\/wp-content\/uploads\/2023\/01\/Carbon-products-industry-300x200.jpg\" alt=\"Industrie des produits en carbone\" width=\"286\" height=\"190\" srcset=\"https:\/\/jinsuncarbon.com\/wp-content\/uploads\/2023\/01\/Carbon-products-industry-300x200.jpg 300w, https:\/\/jinsuncarbon.com\/wp-content\/uploads\/2023\/01\/Carbon-products-industry-600x400.jpg 600w, https:\/\/jinsuncarbon.com\/wp-content\/uploads\/2023\/01\/Carbon-products-industry-1024x682.jpg 1024w, https:\/\/jinsuncarbon.com\/wp-content\/uploads\/2023\/01\/Carbon-products-industry-768x512.jpg 768w, https:\/\/jinsuncarbon.com\/wp-content\/uploads\/2023\/01\/Carbon-products-industry-1536x1023.jpg 1536w, https:\/\/jinsuncarbon.com\/wp-content\/uploads\/2023\/01\/Carbon-products-industry-18x12.jpg 18w, https:\/\/jinsuncarbon.com\/wp-content\/uploads\/2023\/01\/Carbon-products-industry.jpg 1600w\" sizes=\"(max-width: 286px) 100vw, 286px\" \/> <img loading=\"lazy\" decoding=\"async\" class=\"alignnone wp-image-4482\" src=\"https:\/\/jinsuncarbon.com\/wp-content\/uploads\/2023\/01\/Metallurgy-industry-300x188.jpg\" alt=\"Industrie m\u00e9tallurgique\" width=\"305\" height=\"191\" srcset=\"https:\/\/jinsuncarbon.com\/wp-content\/uploads\/2023\/01\/Metallurgy-industry-300x188.jpg 300w, https:\/\/jinsuncarbon.com\/wp-content\/uploads\/2023\/01\/Metallurgy-industry-600x377.jpg 600w, https:\/\/jinsuncarbon.com\/wp-content\/uploads\/2023\/01\/Metallurgy-industry-1024x643.jpg 1024w, https:\/\/jinsuncarbon.com\/wp-content\/uploads\/2023\/01\/Metallurgy-industry-768x482.jpg 768w, https:\/\/jinsuncarbon.com\/wp-content\/uploads\/2023\/01\/Metallurgy-industry-18x12.jpg 18w, https:\/\/jinsuncarbon.com\/wp-content\/uploads\/2023\/01\/Metallurgy-industry.jpg 1080w\" sizes=\"(max-width: 305px) 100vw, 305px\" \/><\/p>\n<p>&nbsp;<\/p>\n<h2>Caract\u00e9ristiques principales\uff1a<\/h2>\n<p>Il a une teneur \u00e9lev\u00e9e en carbone, une faible teneur en cendres et en soufre, et joue un r\u00f4le important dans la production d'acier et la production d'aluminium. Il poss\u00e8de une excellente conductivit\u00e9 thermique et \u00e9lectrique \u00e0 la fois.<\/p>\n<p>En termes de performances, la distribution uniforme de la taille des particules et la teneur \u00e9lev\u00e9e en carbone permettent une combustion efficace et r\u00e9duisent les \u00e9missions, contribuant ainsi \u00e0 la durabilit\u00e9 de l'environnement. Ils contiennent peu de substances volatiles et de cendres, ce qui contribue \u00e0 prolonger la dur\u00e9e de vie des \u00e9quipements et \u00e0 r\u00e9duire les co\u00fbts de maintenance.<\/p>\n<h2><span style=\"color: #ff6600;\">Sp\u00e9cifications du coke de p\u00e9trole calcin\u00e9 :<\/span><\/h2>\n<table>\n<tbody>\n<tr>\n<td><strong>Carbone fixe(min)<\/strong><\/td>\n<td><strong>Cendres (max)<\/strong><\/td>\n<td><strong>Volatile(Max)<\/strong><\/td>\n<td><strong>Soufre( Max)<\/strong><\/td>\n<td><strong>Humidit\u00e9<\/strong><strong>\uff08<\/strong><strong>Max<\/strong><strong>\uff09<\/strong><\/td>\n<\/tr>\n<tr>\n<td>95%<\/td>\n<td>4.5%<\/td>\n<td>1.0<\/td>\n<td>0.25<\/td>\n<td>0.3<\/td>\n<\/tr>\n<tr>\n<td>94%<\/td>\n<td>5.0%<\/td>\n<td>1.0<\/td>\n<td>0.25<\/td>\n<td>0.3<\/td>\n<\/tr>\n<tr>\n<td>93%<\/td>\n<td>6.5%<\/td>\n<td>1.2<\/td>\n<td>0.3<\/td>\n<td>0.5<\/td>\n<\/tr>\n<tr>\n<td>92%<\/td>\n<td>7.0%<\/td>\n<td>1.2<\/td>\n<td>0.3<\/td>\n<td>1.0<\/td>\n<\/tr>\n<tr>\n<td>91%<\/td>\n<td>8.0%<\/td>\n<td>1.5<\/td>\n<td>0.35<\/td>\n<td>1.0<\/td>\n<\/tr>\n<\/tbody>\n<\/table>\n<p>Emballage : Sac \u00e9tanche de 25 kg\/sac, plus des tonnes de charges.<\/p>","protected":false},"excerpt":{"rendered":"<p>Le coke de p\u00e9trole calcin\u00e9 (CPC) est produit lorsque le coke brut est calcin\u00e9. La calcination consiste \u00e0 chauffer des mat\u00e9riaux \u00e0 des temp\u00e9ratures \u00e9lev\u00e9es. Au cours de ce processus, le coke brut est d\u00e9barrass\u00e9 de son humidit\u00e9. Son aspect est celui d'une structure en nid d'abeille noire ou gris fonc\u00e9, qui appartient \u00e0 la classe des carbones facilement graphitisables. Le coke calcin\u00e9 est obtenu en calcinant du coke brut \u00e0 1300 <span style=\"color: #000000;\"> \u2103<\/span>.<\/p>","protected":false},"featured_media":5713,"template":"","meta":[],"product_brand":[],"product_cat":[40],"product_tag":[],"class_list":{"0":"post-2151","1":"product","2":"type-product","3":"status-publish","4":"has-post-thumbnail","6":"product_cat-petroleum-coke","8":"first","9":"instock","10":"shipping-taxable","11":"product-type-simple"},"yoast_head":"<!-- This site is optimized with the Yoast SEO Premium plugin v19.2.1 (Yoast SEO v25.3) - https:\/\/yoast.com\/wordpress\/plugins\/seo\/ -->\n<title>Calcined Petroleum Coke Manufacturer in China<\/title>\n<meta name=\"description\" content=\"Calcined petroleum coke manufacturer in China, supply high quality Calcined Petroleum Coke at best price. For use in Steel, Aluminum and Titanium Dioxide Industry.\" \/>\n<meta name=\"robots\" content=\"index, follow, max-snippet:-1, max-image-preview:large, max-video-preview:-1\" \/>\n<link rel=\"canonical\" href=\"https:\/\/jinsuncarbon.com\/fr\/produit-2\/coke-de-petrole-calcine\/\" \/>\n<meta property=\"og:locale\" content=\"fr_FR\" \/>\n<meta property=\"og:type\" content=\"article\" \/>\n<meta property=\"og:title\" content=\"Calcined Petroleum Coke\" \/>\n<meta property=\"og:description\" content=\"Calcined petroleum coke manufacturer in China, supply high quality Calcined Petroleum Coke at best price. For use in Steel, Aluminum and Titanium Dioxide Industry.\" \/>\n<meta property=\"og:url\" content=\"https:\/\/jinsuncarbon.com\/fr\/produit-2\/coke-de-petrole-calcine\/\" \/>\n<meta property=\"og:site_name\" content=\"Jinsun Carbon\" \/>\n<meta property=\"article:publisher\" content=\"https:\/\/www.facebook.com\/Graphite-Electrode-109336238661595\" \/>\n<meta property=\"article:modified_time\" content=\"2024-12-30T05:21:05+00:00\" \/>\n<meta property=\"og:image\" content=\"https:\/\/jinsuncarbon.com\/wp-content\/uploads\/2023\/01\/Calcined-petroleum-coke.jpeg\" \/>\n\t<meta property=\"og:image:width\" content=\"966\" \/>\n\t<meta property=\"og:image:height\" content=\"720\" \/>\n\t<meta property=\"og:image:type\" content=\"image\/jpeg\" \/>\n<meta name=\"twitter:card\" content=\"summary_large_image\" \/>\n<meta name=\"twitter:site\" content=\"@jinsuncarbon_\" \/>\n<meta name=\"twitter:label1\" content=\"Dur\u00e9e de lecture estim\u00e9e\" \/>\n\t<meta name=\"twitter:data1\" content=\"4 minutes\" \/>\n<script type=\"application\/ld+json\" class=\"yoast-schema-graph\">{\"@context\":\"https:\/\/schema.org\",\"@graph\":[{\"@type\":\"WebPage\",\"@id\":\"https:\/\/jinsuncarbon.com\/product\/calcined-petroleum-coke\/\",\"url\":\"https:\/\/jinsuncarbon.com\/product\/calcined-petroleum-coke\/\",\"name\":\"Calcined Petroleum Coke Manufacturer in China\",\"isPartOf\":{\"@id\":\"https:\/\/jinsuncarbon.com\/#website\"},\"primaryImageOfPage\":{\"@id\":\"https:\/\/jinsuncarbon.com\/product\/calcined-petroleum-coke\/#primaryimage\"},\"image\":{\"@id\":\"https:\/\/jinsuncarbon.com\/product\/calcined-petroleum-coke\/#primaryimage\"},\"thumbnailUrl\":\"https:\/\/jinsuncarbon.com\/wp-content\/uploads\/2023\/01\/Calcined-petroleum-coke.jpeg\",\"datePublished\":\"2023-01-30T09:36:44+00:00\",\"dateModified\":\"2024-12-30T05:21:05+00:00\",\"description\":\"Calcined petroleum coke manufacturer in China, supply high quality Calcined Petroleum Coke at best price. For use in Steel, Aluminum and Titanium Dioxide Industry.\",\"breadcrumb\":{\"@id\":\"https:\/\/jinsuncarbon.com\/product\/calcined-petroleum-coke\/#breadcrumb\"},\"inLanguage\":\"fr-FR\",\"potentialAction\":[{\"@type\":\"ReadAction\",\"target\":[\"https:\/\/jinsuncarbon.com\/product\/calcined-petroleum-coke\/\"]}]},{\"@type\":\"ImageObject\",\"inLanguage\":\"fr-FR\",\"@id\":\"https:\/\/jinsuncarbon.com\/product\/calcined-petroleum-coke\/#primaryimage\",\"url\":\"https:\/\/jinsuncarbon.com\/wp-content\/uploads\/2023\/01\/Calcined-petroleum-coke.jpeg\",\"contentUrl\":\"https:\/\/jinsuncarbon.com\/wp-content\/uploads\/2023\/01\/Calcined-petroleum-coke.jpeg\",\"width\":966,\"height\":720,\"caption\":\"Calcined petroleum coke\"},{\"@type\":\"BreadcrumbList\",\"@id\":\"https:\/\/jinsuncarbon.com\/product\/calcined-petroleum-coke\/#breadcrumb\",\"itemListElement\":[{\"@type\":\"ListItem\",\"position\":1,\"name\":\"Home\",\"item\":\"https:\/\/jinsuncarbon.com\/\"},{\"@type\":\"ListItem\",\"position\":2,\"name\":\"Products\",\"item\":\"https:\/\/jinsuncarbon.com\/graphite-carbon\/\"},{\"@type\":\"ListItem\",\"position\":3,\"name\":\"Calcined Petroleum Coke\"}]},{\"@type\":\"WebSite\",\"@id\":\"https:\/\/jinsuncarbon.com\/#website\",\"url\":\"https:\/\/jinsuncarbon.com\/\",\"name\":\"Jinsun Carbon\",\"description\":\"We are the successful graphite electrode manufacturer in China\",\"publisher\":{\"@id\":\"https:\/\/jinsuncarbon.com\/#organization\"},\"potentialAction\":[{\"@type\":\"SearchAction\",\"target\":{\"@type\":\"EntryPoint\",\"urlTemplate\":\"https:\/\/jinsuncarbon.com\/?s={search_term_string}\"},\"query-input\":{\"@type\":\"PropertyValueSpecification\",\"valueRequired\":true,\"valueName\":\"search_term_string\"}}],\"inLanguage\":\"fr-FR\"},{\"@type\":\"Organization\",\"@id\":\"https:\/\/jinsuncarbon.com\/#organization\",\"name\":\"Jinsun Carbon\",\"alternateName\":\"Jinsun Carbon\",\"url\":\"https:\/\/jinsuncarbon.com\/\",\"logo\":{\"@type\":\"ImageObject\",\"inLanguage\":\"fr-FR\",\"@id\":\"https:\/\/jinsuncarbon.com\/#\/schema\/logo\/image\/\",\"url\":\"https:\/\/jinsuncarbon.com\/wp-content\/uploads\/2022\/12\/LOGO-1.png\",\"contentUrl\":\"https:\/\/jinsuncarbon.com\/wp-content\/uploads\/2022\/12\/LOGO-1.png\",\"width\":207,\"height\":80,\"caption\":\"Jinsun Carbon\"},\"image\":{\"@id\":\"https:\/\/jinsuncarbon.com\/#\/schema\/logo\/image\/\"},\"sameAs\":[\"https:\/\/www.facebook.com\/Graphite-Electrode-109336238661595\",\"https:\/\/x.com\/jinsuncarbon_\",\"https:\/\/www.linkedin.com\/in\/jinsungraphite\",\"https:\/\/www.youtube.com\/channel\/UCysDNyvyR5-3cCWEmpkVC0g\"]}]}<\/script>\n<!-- \/ Yoast SEO Premium plugin. -->","yoast_head_json":{"title":"Coke de p\u00e9trole calcin\u00e9 Fabricant de coke de p\u00e9trole calcin\u00e9 en Chine","description":"Fabricant de coke de p\u00e9trole calcin\u00e9 en Chine, fournit du coke de p\u00e9trole calcin\u00e9 de haute qualit\u00e9 au meilleur prix. Utilis\u00e9 dans l'industrie de l'acier, de l'aluminium et du dioxyde de titane.","robots":{"index":"index","follow":"follow","max-snippet":"max-snippet:-1","max-image-preview":"max-image-preview:large","max-video-preview":"max-video-preview:-1"},"canonical":"https:\/\/jinsuncarbon.com\/fr\/produit-2\/coke-de-petrole-calcine\/","og_locale":"fr_FR","og_type":"article","og_title":"Calcined Petroleum Coke","og_description":"Calcined petroleum coke manufacturer in China, supply high quality Calcined Petroleum Coke at best price. For use in Steel, Aluminum and Titanium Dioxide Industry.","og_url":"https:\/\/jinsuncarbon.com\/fr\/produit-2\/coke-de-petrole-calcine\/","og_site_name":"Jinsun Carbon","article_publisher":"https:\/\/www.facebook.com\/Graphite-Electrode-109336238661595","article_modified_time":"2024-12-30T05:21:05+00:00","og_image":[{"width":966,"height":720,"url":"https:\/\/jinsuncarbon.com\/wp-content\/uploads\/2023\/01\/Calcined-petroleum-coke.jpeg","type":"image\/jpeg"}],"twitter_card":"summary_large_image","twitter_site":"@jinsuncarbon_","twitter_misc":{"Dur\u00e9e de lecture estim\u00e9e":"4 minutes"},"schema":{"@context":"https:\/\/schema.org","@graph":[{"@type":"WebPage","@id":"https:\/\/jinsuncarbon.com\/product\/calcined-petroleum-coke\/","url":"https:\/\/jinsuncarbon.com\/product\/calcined-petroleum-coke\/","name":"Coke de p\u00e9trole calcin\u00e9 Fabricant de coke de p\u00e9trole calcin\u00e9 en Chine","isPartOf":{"@id":"https:\/\/jinsuncarbon.com\/#website"},"primaryImageOfPage":{"@id":"https:\/\/jinsuncarbon.com\/product\/calcined-petroleum-coke\/#primaryimage"},"image":{"@id":"https:\/\/jinsuncarbon.com\/product\/calcined-petroleum-coke\/#primaryimage"},"thumbnailUrl":"https:\/\/jinsuncarbon.com\/wp-content\/uploads\/2023\/01\/Calcined-petroleum-coke.jpeg","datePublished":"2023-01-30T09:36:44+00:00","dateModified":"2024-12-30T05:21:05+00:00","description":"Fabricant de coke de p\u00e9trole calcin\u00e9 en Chine, fournit du coke de p\u00e9trole calcin\u00e9 de haute qualit\u00e9 au meilleur prix. Utilis\u00e9 dans l'industrie de l'acier, de l'aluminium et du dioxyde de titane.","breadcrumb":{"@id":"https:\/\/jinsuncarbon.com\/product\/calcined-petroleum-coke\/#breadcrumb"},"inLanguage":"fr-FR","potentialAction":[{"@type":"ReadAction","target":["https:\/\/jinsuncarbon.com\/product\/calcined-petroleum-coke\/"]}]},{"@type":"ImageObject","inLanguage":"fr-FR","@id":"https:\/\/jinsuncarbon.com\/product\/calcined-petroleum-coke\/#primaryimage","url":"https:\/\/jinsuncarbon.com\/wp-content\/uploads\/2023\/01\/Calcined-petroleum-coke.jpeg","contentUrl":"https:\/\/jinsuncarbon.com\/wp-content\/uploads\/2023\/01\/Calcined-petroleum-coke.jpeg","width":966,"height":720,"caption":"Calcined petroleum coke"},{"@type":"BreadcrumbList","@id":"https:\/\/jinsuncarbon.com\/product\/calcined-petroleum-coke\/#breadcrumb","itemListElement":[{"@type":"ListItem","position":1,"name":"Home","item":"https:\/\/jinsuncarbon.com\/"},{"@type":"ListItem","position":2,"name":"Products","item":"https:\/\/jinsuncarbon.com\/graphite-carbon\/"},{"@type":"ListItem","position":3,"name":"Calcined Petroleum Coke"}]},{"@type":"WebSite","@id":"https:\/\/jinsuncarbon.com\/#website","url":"https:\/\/jinsuncarbon.com\/","name":"Jinsun Carbon","description":"Nous sommes le fabricant d'\u00e9lectrodes en graphite le plus performant de Chine.","publisher":{"@id":"https:\/\/jinsuncarbon.com\/#organization"},"potentialAction":[{"@type":"SearchAction","target":{"@type":"EntryPoint","urlTemplate":"https:\/\/jinsuncarbon.com\/?s={search_term_string}"},"query-input":{"@type":"PropertyValueSpecification","valueRequired":true,"valueName":"search_term_string"}}],"inLanguage":"fr-FR"},{"@type":"Organization","@id":"https:\/\/jinsuncarbon.com\/#organization","name":"Jinsun Carbon","alternateName":"Jinsun Carbon","url":"https:\/\/jinsuncarbon.com\/","logo":{"@type":"ImageObject","inLanguage":"fr-FR","@id":"https:\/\/jinsuncarbon.com\/#\/schema\/logo\/image\/","url":"https:\/\/jinsuncarbon.com\/wp-content\/uploads\/2022\/12\/LOGO-1.png","contentUrl":"https:\/\/jinsuncarbon.com\/wp-content\/uploads\/2022\/12\/LOGO-1.png","width":207,"height":80,"caption":"Jinsun Carbon"},"image":{"@id":"https:\/\/jinsuncarbon.com\/#\/schema\/logo\/image\/"},"sameAs":["https:\/\/www.facebook.com\/Graphite-Electrode-109336238661595","https:\/\/x.com\/jinsuncarbon_","https:\/\/www.linkedin.com\/in\/jinsungraphite","https:\/\/www.youtube.com\/channel\/UCysDNyvyR5-3cCWEmpkVC0g"]}]}},"_links":{"self":[{"href":"https:\/\/jinsuncarbon.com\/fr\/wp-json\/wp\/v2\/product\/2151","targetHints":{"allow":["GET"]}}],"collection":[{"href":"https:\/\/jinsuncarbon.com\/fr\/wp-json\/wp\/v2\/product"}],"about":[{"href":"https:\/\/jinsuncarbon.com\/fr\/wp-json\/wp\/v2\/types\/product"}],"wp:featuredmedia":[{"embeddable":true,"href":"https:\/\/jinsuncarbon.com\/fr\/wp-json\/wp\/v2\/media\/5713"}],"wp:attachment":[{"href":"https:\/\/jinsuncarbon.com\/fr\/wp-json\/wp\/v2\/media?parent=2151"}],"wp:term":[{"taxonomy":"product_brand","embeddable":true,"href":"https:\/\/jinsuncarbon.com\/fr\/wp-json\/wp\/v2\/product_brand?post=2151"},{"taxonomy":"product_cat","embeddable":true,"href":"https:\/\/jinsuncarbon.com\/fr\/wp-json\/wp\/v2\/product_cat?post=2151"},{"taxonomy":"product_tag","embeddable":true,"href":"https:\/\/jinsuncarbon.com\/fr\/wp-json\/wp\/v2\/product_tag?post=2151"}],"curies":[{"name":"wp","href":"https:\/\/api.w.org\/{rel}","templated":true}]}}