{"id":2149,"date":"2023-01-30T09:32:46","date_gmt":"2023-01-30T09:32:46","guid":{"rendered":"https:\/\/jinsuncarbon.com\/?post_type=product&#038;p=2149"},"modified":"2025-01-18T16:19:30","modified_gmt":"2025-01-18T16:19:30","slug":"pate-delectrode","status":"publish","type":"product","link":"https:\/\/jinsuncarbon.com\/fr\/produit-2\/pate-delectrode\/","title":{"rendered":"P\u00e2te d'\u00e9lectrode"},"content":{"rendered":"<p>La p\u00e2te d'\u00e9lectrode est utilis\u00e9e pour la production de carbure de calcium et de ferro-alliage\uff0c c'est un mat\u00e9riau conducteur consommable. En tant que mati\u00e8re premi\u00e8re des \u00e9lectrodes auto-cuites, sa torr\u00e9faction est achev\u00e9e dans les fours \u00e0 arc submerg\u00e9 de carbure de calcium et de ferro-alliage.<\/p>\n<p>Par cons\u00e9quent, la vitesse et la dur\u00e9e de grillage de la p\u00e2te d'\u00e9lectrode sont variables, en fonction du type de four et de la vari\u00e9t\u00e9 de fusion du four \u00e9lectrique \u00e0 chaleur submerg\u00e9e.<\/p>\n<p>Les \u00e9lectrodes auto-cicatrisantes en p\u00e2te d'\u00e9lectrode permettent une faible densit\u00e9 de courant de travail, g\u00e9n\u00e9ralement 8-6A\/m<sup>2<\/sup>. Il n\u00e9cessite peu de mati\u00e8res premi\u00e8res, son processus de fabrication est simple et ses co\u00fbts de production sont faibles. En m\u00eame temps, il pr\u00e9sente une adh\u00e9sivit\u00e9 et une conductivit\u00e9 \u00e9lev\u00e9es.<\/p>\n<p>Les types comprennent la p\u00e2te ferm\u00e9e, la p\u00e2te d'\u00e9lectrode standard et la p\u00e2te d'\u00e9lectrode chimique convenant aux \u00e9lectrodes auto-cuisson des fours \u00e0 arc submerg\u00e9 ferm\u00e9s, ouverts et semi-ferm\u00e9s.<\/p>\n<p>&nbsp;<\/p>\n<h2>Fabrication de p\u00e2tes d'\u00e9lectrodes<\/h2>\n<p>En g\u00e9n\u00e9ral, le coke m\u00e9tallurgique ou le coke de brai peuvent \u00eatre utilis\u00e9s pour la p\u00e2te d'\u00e9lectrode des petits fours \u00e0 carbure de calcium ou des fours \u00e0 ferro-alliages. Pour la p\u00e2te d'\u00e9lectrode utilis\u00e9e dans les grands <a href=\"https:\/\/www.britannica.com\/technology\/electric-furnace\" target=\"_blank\" rel=\"noopener\">fours \u00e9lectriques<\/a>L'anthracite et le coke m\u00e9tallurgique sont utilis\u00e9s. <a href=\"https:\/\/jinsuncarbon.com\/fr\/produit-2\/electrode-en-graphite\/\">graphite<\/a> sont ajout\u00e9s.<\/p>\n<p>Cette formule de production permet d'am\u00e9liorer la conductivit\u00e9 thermique et \u00e9lectrique du produit.  Elle est produite en ajoutant un liant et en subissant des processus tels que la calcination, le dosage, le malaxage et le moulage.<\/p>\n<p><img fetchpriority=\"high\" decoding=\"async\" class=\"size-large wp-image-4056 aligncenter\" src=\"https:\/\/jinsuncarbon.com\/wp-content\/uploads\/2023\/01\/632a31710052d6384c0ff0d71e69f9a-1024x438.jpg\" alt=\"P\u00e2te d&#039;\u00e9lectrode pour four \u00e9lectrique\" width=\"800\" height=\"342\" srcset=\"https:\/\/jinsuncarbon.com\/wp-content\/uploads\/2023\/01\/632a31710052d6384c0ff0d71e69f9a-1024x438.jpg 1024w, https:\/\/jinsuncarbon.com\/wp-content\/uploads\/2023\/01\/632a31710052d6384c0ff0d71e69f9a-600x257.jpg 600w, https:\/\/jinsuncarbon.com\/wp-content\/uploads\/2023\/01\/632a31710052d6384c0ff0d71e69f9a-300x128.jpg 300w, https:\/\/jinsuncarbon.com\/wp-content\/uploads\/2023\/01\/632a31710052d6384c0ff0d71e69f9a-768x329.jpg 768w, https:\/\/jinsuncarbon.com\/wp-content\/uploads\/2023\/01\/632a31710052d6384c0ff0d71e69f9a-1536x657.jpg 1536w, https:\/\/jinsuncarbon.com\/wp-content\/uploads\/2023\/01\/632a31710052d6384c0ff0d71e69f9a-2048x876.jpg 2048w, https:\/\/jinsuncarbon.com\/wp-content\/uploads\/2023\/01\/632a31710052d6384c0ff0d71e69f9a-18x8.jpg 18w\" sizes=\"(max-width: 800px) 100vw, 800px\" \/><\/p>\n<h2>Utilisation des \u00e9lectrodes en p\u00e2te de carbone<\/h2>\n<p>Lorsque la p\u00e2te d'\u00e9lectrode est introduite dans le cylindre d'\u00e9lectrode, elle se d\u00e9place simultan\u00e9ment vers le bas avec le cylindre et est continuellement consomm\u00e9e et r\u00e9approvisionn\u00e9e. Au fur et \u00e0 mesure que la temp\u00e9rature augmente, elle passe de l'\u00e9tat solide \u00e0 une p\u00e2te fine.<\/p>\n<p>Apr\u00e8s s'\u00eatre volatilis\u00e9, il se transforme en une substance semblable \u00e0 du coke et subit le processus de frittage final pour devenir une \u00e9lectrode. Tout au long de ce processus, il cuit et la r\u00e9sistance de l'\u00e9lectrode s'am\u00e9liore continuellement, tandis que l'\u00e9lectrode s'affaiblit. <a href=\"https:\/\/www.epa.gov\/national-aquatic-resource-surveys\/indicators-conductivity#:~:text=What%20is%20conductivity%3F,conductivity%20increases%20as%20salinity%20increases.\" target=\"_blank\" rel=\"noopener\">conductivit\u00e9<\/a> augmente progressivement.<\/p>\n<h2>Pourquoi l'appeler \u00e9lectrode auto-cuivante ?<\/h2>\n<p>Apr\u00e8s torr\u00e9faction \u00e0 une temp\u00e9rature \u00e9lev\u00e9e sup\u00e9rieure \u00e0 1000 \u2103, la p\u00e2te est compl\u00e8tement carbonis\u00e9e en un m\u00e9lange d'acides gras et d'acides amin\u00e9s. <a href=\"https:\/\/jinsuncarbon.com\/fr\/produit-2\/electrode-de-carbone\/\">\u00e9lectrode de carbone<\/a>. Enfin, il conduit l'\u00e9lectricit\u00e9 et convertit l'\u00e9nergie dans l'appareil. <a href=\"https:\/\/www.totalmateria.com\/page.aspx?ID=CheckArticle&amp;site=ktn&amp;NM=399\" target=\"_blank\" rel=\"noopener\"> four \u00e9lectrique immerg\u00e9<\/a> piscine en fusion.<\/p>\n<p>Comme le cylindre \u00e0 \u00e9lectrode subit le soudage sans aucune coupure de courant, il assure \u00e9galement la consommation continue de l'\u00e9lectrode et le grillage constant de la p\u00e2te d'\u00e9lectrode pour former une \u00e9lectrode.<\/p>\n<p>Ce processus donne naissance \u00e0 un type d'\u00e9lectrode unique, connu sous le nom d'\u00e9lectrode \u00e0 cuisson automatique ou d'\u00e9lectrode \u00e0 grillage automatique continu. Dans la pratique de production actuelle, son diam\u00e8tre peut \u00eatre port\u00e9 \u00e0 2 m\u00e8tres. Cela cr\u00e9e des conditions favorables \u00e0 l'application de fours \u00e0 arc submerg\u00e9 avec de grandes capacit\u00e9s de charge. Enfin, elle est bon march\u00e9 et facile \u00e0 utiliser.<\/p>\n<h2>Choisir le bon fournisseur pour votre secteur d'activit\u00e9<\/h2>\n<p>D\u00e9couvrez les performances exceptionnelles et la rentabilit\u00e9 de notre p\u00e2te d'\u00e9lectrode de haute qualit\u00e9. Avec sa conductivit\u00e9 sup\u00e9rieure, sa durabilit\u00e9 et sa fabrication pr\u00e9cise, notre produit est le choix id\u00e9al pour la production de carbure de calcium et de ferro-alliages. Que vous recherchiez une faible densit\u00e9 de courant de travail, des processus de fabrication simplifi\u00e9s ou des co\u00fbts de production r\u00e9duits. Faites \u00e9quipe avec nous et b\u00e9n\u00e9ficiez de notre expertise, d'un approvisionnement fiable et de prix comp\u00e9titifs.<\/p>\n<h2>Sp\u00e9cifications<\/h2>\n<table>\n<tbody>\n<tr>\n<td width=\"152\">ITEM<\/td>\n<td width=\"64\">UNIT\u00c9<\/td>\n<td width=\"92\">P\u00e2te ferm\u00e9e<\/td>\n<td width=\"112\">Type standard<\/td>\n<td width=\"113\">Type de produit chimique<\/td>\n<\/tr>\n<tr>\n<td width=\"152\">Fr\u00eane<\/td>\n<td width=\"64\">%\u2264<\/td>\n<td width=\"92\">3.0<\/td>\n<td width=\"112\">5.0<\/td>\n<td width=\"113\">7.0<\/td>\n<\/tr>\n<tr>\n<td width=\"152\">Mati\u00e8res volatiles<\/td>\n<td width=\"64\">%<\/td>\n<td width=\"92\">9.5-15.5<\/td>\n<td width=\"112\">9.5-15.5<\/td>\n<td width=\"113\">9.5-15.5<\/td>\n<\/tr>\n<tr>\n<td width=\"152\">R\u00e9sistance \u00e0 la compression<\/td>\n<td width=\"64\">MPa\u2265<\/td>\n<td width=\"92\">19.0<\/td>\n<td width=\"112\">21.0<\/td>\n<td width=\"113\">22.0<\/td>\n<\/tr>\n<tr>\n<td width=\"152\"><a href=\"https:\/\/www.y-ic.com\/blog\/comprehensive-guide-to-resistivity.html\" target=\"_blank\" rel=\"noopener\">R\u00e9sistivit\u00e9 \u00e9lectrique<\/a><\/td>\n<td width=\"64\">\u03bc\u03a9-m\u2264<\/td>\n<td width=\"92\">65<\/td>\n<td width=\"112\">70<\/td>\n<td width=\"113\">78<\/td>\n<\/tr>\n<tr>\n<td width=\"152\">Densit\u00e9 en vrac<\/td>\n<td width=\"64\">g\u2215\u339d<sup>3<\/sup>\u2265<\/td>\n<td width=\"92\">1.40<\/td>\n<td width=\"112\">1.40<\/td>\n<td width=\"113\">1.38<\/td>\n<\/tr>\n<tr>\n<td width=\"152\">Extensibilit\u00e9<\/td>\n<td width=\"64\">%<\/td>\n<td width=\"92\">5-20<\/td>\n<td width=\"112\">5-30<\/td>\n<td width=\"113\">10-10<\/td>\n<\/tr>\n<\/tbody>\n<\/table>\n<p>&nbsp;<\/p>","protected":false},"excerpt":{"rendered":"<p>La p\u00e2te d'\u00e9lectrode est fournie au four de ferro-alliage. Elle est utilis\u00e9e comme mat\u00e9riau conducteur consommable et comme \u00e9lectrode autocuiseur dans les fours \u00e9lectriques pour la production de carbure de calcium et de phosphore jaune.<\/p>\n<p>L'\u00e9lectrode dite auto-cuivrante remplit l'enveloppe m\u00e9tallique d'une \u00e9lectrode en p\u00e2te de carbone. Sous l'action de la temp\u00e9rature \u00e9lev\u00e9e du four et de la chaleur g\u00e9n\u00e9r\u00e9e par le passage du courant dans l'\u00e9lectrode, l'\u00e9lectrode en p\u00e2te de carbone est cuite pour devenir une \u00e9lectrode conductrice.<\/p>","protected":false},"featured_media":2679,"template":"","meta":[],"product_brand":[],"product_cat":[39],"product_tag":[],"class_list":{"0":"post-2149","1":"product","2":"type-product","3":"status-publish","4":"has-post-thumbnail","6":"product_cat-carbon-products","8":"first","9":"instock","10":"shipping-taxable","11":"product-type-simple"},"yoast_head":"<!-- This site is optimized with the Yoast SEO Premium plugin v19.2.1 (Yoast SEO v25.3) - https:\/\/yoast.com\/wordpress\/plugins\/seo\/ -->\n<title>Electrode Paste Manufacturer &amp; Supplier<\/title>\n<meta name=\"description\" content=\"It is used as consumable conductive material and self-baking electrode in electric furnaces for producing calcium carbide and yellow phosphorus.\" \/>\n<meta name=\"robots\" content=\"index, follow, max-snippet:-1, max-image-preview:large, max-video-preview:-1\" \/>\n<link rel=\"canonical\" href=\"https:\/\/jinsuncarbon.com\/fr\/produit-2\/pate-delectrode\/\" \/>\n<meta property=\"og:locale\" content=\"fr_FR\" \/>\n<meta property=\"og:type\" content=\"article\" \/>\n<meta property=\"og:title\" content=\"Electrode Paste\" \/>\n<meta property=\"og:description\" content=\"It is used as consumable conductive material and self-baking electrode in electric furnaces for producing calcium carbide and yellow phosphorus.\" \/>\n<meta property=\"og:url\" content=\"https:\/\/jinsuncarbon.com\/fr\/produit-2\/pate-delectrode\/\" \/>\n<meta property=\"og:site_name\" content=\"Jinsun Carbon\" \/>\n<meta property=\"article:publisher\" content=\"https:\/\/www.facebook.com\/Graphite-Electrode-109336238661595\" \/>\n<meta property=\"article:modified_time\" content=\"2025-01-18T16:19:30+00:00\" \/>\n<meta property=\"og:image\" content=\"https:\/\/jinsuncarbon.com\/wp-content\/uploads\/2023\/01\/43aa3cb7f37484eea3c9df5a8196c7c.jpg\" \/>\n\t<meta property=\"og:image:width\" content=\"1024\" \/>\n\t<meta property=\"og:image:height\" content=\"763\" \/>\n\t<meta property=\"og:image:type\" content=\"image\/jpeg\" \/>\n<meta name=\"twitter:card\" content=\"summary_large_image\" \/>\n<meta name=\"twitter:site\" content=\"@jinsuncarbon_\" \/>\n<meta name=\"twitter:label1\" content=\"Dur\u00e9e de lecture estim\u00e9e\" \/>\n\t<meta name=\"twitter:data1\" content=\"3 minutes\" \/>\n<script type=\"application\/ld+json\" class=\"yoast-schema-graph\">{\"@context\":\"https:\/\/schema.org\",\"@graph\":[{\"@type\":\"WebPage\",\"@id\":\"https:\/\/jinsuncarbon.com\/product\/electrode-paste\/\",\"url\":\"https:\/\/jinsuncarbon.com\/product\/electrode-paste\/\",\"name\":\"Electrode Paste Manufacturer & Supplier\",\"isPartOf\":{\"@id\":\"https:\/\/jinsuncarbon.com\/#website\"},\"primaryImageOfPage\":{\"@id\":\"https:\/\/jinsuncarbon.com\/product\/electrode-paste\/#primaryimage\"},\"image\":{\"@id\":\"https:\/\/jinsuncarbon.com\/product\/electrode-paste\/#primaryimage\"},\"thumbnailUrl\":\"https:\/\/jinsuncarbon.com\/wp-content\/uploads\/2023\/01\/43aa3cb7f37484eea3c9df5a8196c7c.jpg\",\"datePublished\":\"2023-01-30T09:32:46+00:00\",\"dateModified\":\"2025-01-18T16:19:30+00:00\",\"description\":\"It is used as consumable conductive material and self-baking electrode in electric furnaces for producing calcium carbide and yellow phosphorus.\",\"breadcrumb\":{\"@id\":\"https:\/\/jinsuncarbon.com\/product\/electrode-paste\/#breadcrumb\"},\"inLanguage\":\"fr-FR\",\"potentialAction\":[{\"@type\":\"ReadAction\",\"target\":[\"https:\/\/jinsuncarbon.com\/product\/electrode-paste\/\"]}]},{\"@type\":\"ImageObject\",\"inLanguage\":\"fr-FR\",\"@id\":\"https:\/\/jinsuncarbon.com\/product\/electrode-paste\/#primaryimage\",\"url\":\"https:\/\/jinsuncarbon.com\/wp-content\/uploads\/2023\/01\/43aa3cb7f37484eea3c9df5a8196c7c.jpg\",\"contentUrl\":\"https:\/\/jinsuncarbon.com\/wp-content\/uploads\/2023\/01\/43aa3cb7f37484eea3c9df5a8196c7c.jpg\",\"width\":1024,\"height\":763,\"caption\":\"carbon paste electrode\"},{\"@type\":\"BreadcrumbList\",\"@id\":\"https:\/\/jinsuncarbon.com\/product\/electrode-paste\/#breadcrumb\",\"itemListElement\":[{\"@type\":\"ListItem\",\"position\":1,\"name\":\"Home\",\"item\":\"https:\/\/jinsuncarbon.com\/\"},{\"@type\":\"ListItem\",\"position\":2,\"name\":\"Products\",\"item\":\"https:\/\/jinsuncarbon.com\/graphite-carbon\/\"},{\"@type\":\"ListItem\",\"position\":3,\"name\":\"Electrode Paste\"}]},{\"@type\":\"WebSite\",\"@id\":\"https:\/\/jinsuncarbon.com\/#website\",\"url\":\"https:\/\/jinsuncarbon.com\/\",\"name\":\"Jinsun Carbon\",\"description\":\"We are the successful graphite electrode manufacturer in China\",\"publisher\":{\"@id\":\"https:\/\/jinsuncarbon.com\/#organization\"},\"potentialAction\":[{\"@type\":\"SearchAction\",\"target\":{\"@type\":\"EntryPoint\",\"urlTemplate\":\"https:\/\/jinsuncarbon.com\/?s={search_term_string}\"},\"query-input\":{\"@type\":\"PropertyValueSpecification\",\"valueRequired\":true,\"valueName\":\"search_term_string\"}}],\"inLanguage\":\"fr-FR\"},{\"@type\":\"Organization\",\"@id\":\"https:\/\/jinsuncarbon.com\/#organization\",\"name\":\"Jinsun Carbon\",\"alternateName\":\"Jinsun Carbon\",\"url\":\"https:\/\/jinsuncarbon.com\/\",\"logo\":{\"@type\":\"ImageObject\",\"inLanguage\":\"fr-FR\",\"@id\":\"https:\/\/jinsuncarbon.com\/#\/schema\/logo\/image\/\",\"url\":\"https:\/\/jinsuncarbon.com\/wp-content\/uploads\/2022\/12\/LOGO-1.png\",\"contentUrl\":\"https:\/\/jinsuncarbon.com\/wp-content\/uploads\/2022\/12\/LOGO-1.png\",\"width\":207,\"height\":80,\"caption\":\"Jinsun Carbon\"},\"image\":{\"@id\":\"https:\/\/jinsuncarbon.com\/#\/schema\/logo\/image\/\"},\"sameAs\":[\"https:\/\/www.facebook.com\/Graphite-Electrode-109336238661595\",\"https:\/\/x.com\/jinsuncarbon_\",\"https:\/\/www.linkedin.com\/in\/jinsungraphite\",\"https:\/\/www.youtube.com\/channel\/UCysDNyvyR5-3cCWEmpkVC0g\"]}]}<\/script>\n<!-- \/ Yoast SEO Premium plugin. -->","yoast_head_json":{"title":"Fabricant et fournisseur de p\u00e2te d'\u00e9lectrode","description":"Il est utilis\u00e9 comme mat\u00e9riau conducteur consommable et comme \u00e9lectrode autocuiseur dans les fours \u00e9lectriques pour la production de carbure de calcium et de phosphore jaune.","robots":{"index":"index","follow":"follow","max-snippet":"max-snippet:-1","max-image-preview":"max-image-preview:large","max-video-preview":"max-video-preview:-1"},"canonical":"https:\/\/jinsuncarbon.com\/fr\/produit-2\/pate-delectrode\/","og_locale":"fr_FR","og_type":"article","og_title":"Electrode Paste","og_description":"It is used as consumable conductive material and self-baking electrode in electric furnaces for producing calcium carbide and yellow phosphorus.","og_url":"https:\/\/jinsuncarbon.com\/fr\/produit-2\/pate-delectrode\/","og_site_name":"Jinsun Carbon","article_publisher":"https:\/\/www.facebook.com\/Graphite-Electrode-109336238661595","article_modified_time":"2025-01-18T16:19:30+00:00","og_image":[{"width":1024,"height":763,"url":"https:\/\/jinsuncarbon.com\/wp-content\/uploads\/2023\/01\/43aa3cb7f37484eea3c9df5a8196c7c.jpg","type":"image\/jpeg"}],"twitter_card":"summary_large_image","twitter_site":"@jinsuncarbon_","twitter_misc":{"Dur\u00e9e de lecture estim\u00e9e":"3 minutes"},"schema":{"@context":"https:\/\/schema.org","@graph":[{"@type":"WebPage","@id":"https:\/\/jinsuncarbon.com\/product\/electrode-paste\/","url":"https:\/\/jinsuncarbon.com\/product\/electrode-paste\/","name":"Fabricant et fournisseur de p\u00e2te d'\u00e9lectrode","isPartOf":{"@id":"https:\/\/jinsuncarbon.com\/#website"},"primaryImageOfPage":{"@id":"https:\/\/jinsuncarbon.com\/product\/electrode-paste\/#primaryimage"},"image":{"@id":"https:\/\/jinsuncarbon.com\/product\/electrode-paste\/#primaryimage"},"thumbnailUrl":"https:\/\/jinsuncarbon.com\/wp-content\/uploads\/2023\/01\/43aa3cb7f37484eea3c9df5a8196c7c.jpg","datePublished":"2023-01-30T09:32:46+00:00","dateModified":"2025-01-18T16:19:30+00:00","description":"Il est utilis\u00e9 comme mat\u00e9riau conducteur consommable et comme \u00e9lectrode autocuiseur dans les fours \u00e9lectriques pour la production de carbure de calcium et de phosphore jaune.","breadcrumb":{"@id":"https:\/\/jinsuncarbon.com\/product\/electrode-paste\/#breadcrumb"},"inLanguage":"fr-FR","potentialAction":[{"@type":"ReadAction","target":["https:\/\/jinsuncarbon.com\/product\/electrode-paste\/"]}]},{"@type":"ImageObject","inLanguage":"fr-FR","@id":"https:\/\/jinsuncarbon.com\/product\/electrode-paste\/#primaryimage","url":"https:\/\/jinsuncarbon.com\/wp-content\/uploads\/2023\/01\/43aa3cb7f37484eea3c9df5a8196c7c.jpg","contentUrl":"https:\/\/jinsuncarbon.com\/wp-content\/uploads\/2023\/01\/43aa3cb7f37484eea3c9df5a8196c7c.jpg","width":1024,"height":763,"caption":"carbon paste electrode"},{"@type":"BreadcrumbList","@id":"https:\/\/jinsuncarbon.com\/product\/electrode-paste\/#breadcrumb","itemListElement":[{"@type":"ListItem","position":1,"name":"Home","item":"https:\/\/jinsuncarbon.com\/"},{"@type":"ListItem","position":2,"name":"Products","item":"https:\/\/jinsuncarbon.com\/graphite-carbon\/"},{"@type":"ListItem","position":3,"name":"Electrode Paste"}]},{"@type":"WebSite","@id":"https:\/\/jinsuncarbon.com\/#website","url":"https:\/\/jinsuncarbon.com\/","name":"Jinsun Carbon","description":"Nous sommes le fabricant d'\u00e9lectrodes en graphite le plus performant de Chine.","publisher":{"@id":"https:\/\/jinsuncarbon.com\/#organization"},"potentialAction":[{"@type":"SearchAction","target":{"@type":"EntryPoint","urlTemplate":"https:\/\/jinsuncarbon.com\/?s={search_term_string}"},"query-input":{"@type":"PropertyValueSpecification","valueRequired":true,"valueName":"search_term_string"}}],"inLanguage":"fr-FR"},{"@type":"Organization","@id":"https:\/\/jinsuncarbon.com\/#organization","name":"Jinsun Carbon","alternateName":"Jinsun Carbon","url":"https:\/\/jinsuncarbon.com\/","logo":{"@type":"ImageObject","inLanguage":"fr-FR","@id":"https:\/\/jinsuncarbon.com\/#\/schema\/logo\/image\/","url":"https:\/\/jinsuncarbon.com\/wp-content\/uploads\/2022\/12\/LOGO-1.png","contentUrl":"https:\/\/jinsuncarbon.com\/wp-content\/uploads\/2022\/12\/LOGO-1.png","width":207,"height":80,"caption":"Jinsun Carbon"},"image":{"@id":"https:\/\/jinsuncarbon.com\/#\/schema\/logo\/image\/"},"sameAs":["https:\/\/www.facebook.com\/Graphite-Electrode-109336238661595","https:\/\/x.com\/jinsuncarbon_","https:\/\/www.linkedin.com\/in\/jinsungraphite","https:\/\/www.youtube.com\/channel\/UCysDNyvyR5-3cCWEmpkVC0g"]}]}},"_links":{"self":[{"href":"https:\/\/jinsuncarbon.com\/fr\/wp-json\/wp\/v2\/product\/2149","targetHints":{"allow":["GET"]}}],"collection":[{"href":"https:\/\/jinsuncarbon.com\/fr\/wp-json\/wp\/v2\/product"}],"about":[{"href":"https:\/\/jinsuncarbon.com\/fr\/wp-json\/wp\/v2\/types\/product"}],"wp:featuredmedia":[{"embeddable":true,"href":"https:\/\/jinsuncarbon.com\/fr\/wp-json\/wp\/v2\/media\/2679"}],"wp:attachment":[{"href":"https:\/\/jinsuncarbon.com\/fr\/wp-json\/wp\/v2\/media?parent=2149"}],"wp:term":[{"taxonomy":"product_brand","embeddable":true,"href":"https:\/\/jinsuncarbon.com\/fr\/wp-json\/wp\/v2\/product_brand?post=2149"},{"taxonomy":"product_cat","embeddable":true,"href":"https:\/\/jinsuncarbon.com\/fr\/wp-json\/wp\/v2\/product_cat?post=2149"},{"taxonomy":"product_tag","embeddable":true,"href":"https:\/\/jinsuncarbon.com\/fr\/wp-json\/wp\/v2\/product_tag?post=2149"}],"curies":[{"name":"wp","href":"https:\/\/api.w.org\/{rel}","templated":true}]}}