{"id":2141,"date":"2023-01-30T09:21:16","date_gmt":"2023-01-30T09:21:16","guid":{"rendered":"https:\/\/jinsuncarbon.com\/?post_type=product&#038;p=2141"},"modified":"2024-11-01T01:12:31","modified_gmt":"2024-11-01T01:12:31","slug":"balai-de-carbone","status":"publish","type":"product","link":"https:\/\/jinsuncarbon.com\/fr\/produit-2\/balai-de-carbone\/","title":{"rendered":"Brosse en carbone"},"content":{"rendered":"<h2>En fonction des mati\u00e8res premi\u00e8res et des liants utilis\u00e9s, il existe diff\u00e9rents types de brosses en carbone :<\/h2>\n<ol>\n<li>Graphite<strong> Brosse<\/strong>: Cr\u00e9\u00e9s \u00e0 partir de poudre de graphite comme base et de brai ou de r\u00e9sine comme liant, ces pinceaux sont m\u00e9lang\u00e9s, press\u00e9s et torr\u00e9fi\u00e9s.<\/li>\n<li><strong>Brosse en carbone-graphite<\/strong>: Fabriqu\u00e9es \u00e0 partir d'un m\u00e9lange de coke et de graphite, l'asphalte servant de liant, ces brosses sont produites par torr\u00e9faction.<\/li>\n<li><strong>Pinceau graphite \u00e9lectrochimique<\/strong>: Ces brosses utilisent de la poudre de coke ou de graphite comme mati\u00e8re premi\u00e8re, combin\u00e9e \u00e0 de l'asphalte comme liant. Elles sont m\u00e9lang\u00e9es, press\u00e9es, grill\u00e9es et graphitis\u00e9es.<\/li>\n<li><strong>Pinceau en m\u00e9tal graphite<\/strong>: Form\u00e9es par pressage et frittage d'un m\u00e9lange de poudre de m\u00e9tal et de poudre de graphite. Ces brosses pr\u00e9sentent des propri\u00e9t\u00e9s uniques qui les rendent adapt\u00e9es \u00e0 des applications sp\u00e9cifiques. <img fetchpriority=\"high\" decoding=\"async\" class=\"wp-image-5718 aligncenter\" src=\"https:\/\/jinsuncarbon.com\/wp-content\/uploads\/2023\/01\/carbon-brushes-scaled.jpg\" alt=\"balais de carbone\" width=\"408\" height=\"281\" srcset=\"https:\/\/jinsuncarbon.com\/wp-content\/uploads\/2023\/01\/carbon-brushes-scaled.jpg 2560w, https:\/\/jinsuncarbon.com\/wp-content\/uploads\/2023\/01\/carbon-brushes-scaled-600x414.jpg 600w, https:\/\/jinsuncarbon.com\/wp-content\/uploads\/2023\/01\/carbon-brushes-300x207.jpg 300w, https:\/\/jinsuncarbon.com\/wp-content\/uploads\/2023\/01\/carbon-brushes-1024x706.jpg 1024w, https:\/\/jinsuncarbon.com\/wp-content\/uploads\/2023\/01\/carbon-brushes-768x530.jpg 768w, https:\/\/jinsuncarbon.com\/wp-content\/uploads\/2023\/01\/carbon-brushes-1536x1059.jpg 1536w, https:\/\/jinsuncarbon.com\/wp-content\/uploads\/2023\/01\/carbon-brushes-2048x1412.jpg 2048w, https:\/\/jinsuncarbon.com\/wp-content\/uploads\/2023\/01\/carbon-brushes-18x12.jpg 18w\" sizes=\"(max-width: 408px) 100vw, 408px\" \/><\/li>\n<\/ol>\n<h3><\/h3>\n<h2>M\u00e9canisme de fonctionnement de la brosse en carbone<\/h2>\n<p><strong>\u00a0Le processus de transfert \u00e9lectrique<\/strong><\/p>\n<p>Les balais de carbone jouent un r\u00f4le essentiel dans le transfert du courant \u00e9lectrique entre les pi\u00e8ces fixes et les pi\u00e8ces rotatives d'une machine \u00e9lectrique. Ils utilisent une s\u00e9rie de contacts \u00e0 ressort reli\u00e9s \u00e0 la source d'\u00e9nergie. Le courant passe par le contact fixe, g\u00e9n\u00e9ralement compos\u00e9 de m\u00e9tal ou de fibre de verre.<a href=\"https:\/\/jinsuncarbon.com\/fr\/carbone-graphite-2\/\"> graphite<\/a>et le contact rotatif, g\u00e9n\u00e9ralement fabriqu\u00e9 \u00e0 partir d'un mat\u00e9riau \u00e0 base de carbone.<\/p>\n<p>Lorsque les deux contacts se rencontrent, le courant \u00e9lectrique est transf\u00e9r\u00e9 et le moteur d\u00e9marre. En outre, les balais de carbone contribuent \u00e0 r\u00e9duire le risque de formation d'\u00e9tincelles et d'arcs \u00e9lectriques, gr\u00e2ce aux contacts \u00e0 ressort, ce qui am\u00e9liore la long\u00e9vit\u00e9 et la s\u00e9curit\u00e9 du moteur. Vous trouverez ces composants essentiels dans <a href=\"https:\/\/en.wikipedia.org\/wiki\/DC_motor\" target=\"_blank\" rel=\"noopener\">Moteurs \u00e0 courant continu<\/a> de diff\u00e9rentes tensions, notamment dans les \u00e9quipements de laminage de l'acier, les moteurs automobiles et les appareils \u00e9lectrom\u00e9nagers.<\/p>\n<p>&nbsp;<\/p>\n<h2>Propri\u00e9t\u00e9s uniques de la brosse en carbone<\/h2>\n<p>&nbsp;<\/p>\n<p><strong>\u00a0Qu'est-ce qui distingue les brosses en carbone ?<\/strong><\/p>\n<p>Les balais de carbone poss\u00e8dent un ensemble de caract\u00e9ristiques uniques qui les rendent inestimables dans de nombreuses applications :<\/p>\n<ul>\n<li><strong>Stabilit\u00e9 \u00e0 haute temp\u00e9rature<\/strong>: Contrairement \u00e0 certains mat\u00e9riaux, les balais de carbone ne fondent pas \u00e0 haute temp\u00e9rature. Elles n'affectent pas le m\u00e9tal avec lequel elles sont en interface, m\u00eame lors d'un contact glissant.<\/li>\n<li><strong>Autolubrification<\/strong>: Elles pr\u00e9sentent des propri\u00e9t\u00e9s autolubrifiantes en pr\u00e9sence d'humidit\u00e9 ou d'oxyg\u00e8ne. Cette caract\u00e9ristique permet de r\u00e9duire les frottements et d'augmenter la dur\u00e9e de vie des machines dans lesquelles ils sont utilis\u00e9s.<\/li>\n<li><strong>Stabilit\u00e9 chimique<\/strong>: Les brosses en carbone poss\u00e8dent une excellente stabilit\u00e9 chimique. Cela signifie qu'ils ne r\u00e9agissent pas facilement avec d'autres substances, ce qui leur assure une dur\u00e9e de vie plus longue et des performances plus r\u00e9guli\u00e8res.<\/li>\n<li><strong>Bonne r\u00e9sistance \u00e9lectrique<\/strong>: Ils pr\u00e9sentent une r\u00e9sistance \u00e9lectrique solide, un facteur crucial pour g\u00e9rer efficacement le transfert de courant \u00e9lectrique.<\/li>\n<li><strong>R\u00e9sistance \u00e0 l'abrasion<\/strong>: L'une des principales caract\u00e9ristiques des brosses en carbone est leur r\u00e9sistance \u00e0 l'usure. Leur r\u00e9sistance \u00e0 l'abrasion leur permet de fonctionner efficacement pendant de longues p\u00e9riodes.<\/li>\n<\/ul>\n<h3><\/h3>\n<p>Les propri\u00e9t\u00e9s uniques et les divers types de balais de carbone en font un composant indispensable dans un large \u00e9ventail de machines et d'applications \u00e9lectriques. Ils offrent des solutions fiables et efficaces pour le transfert de courant dans les moteurs \u00e9lectriques, de la stabilit\u00e9 \u00e0 haute temp\u00e9rature \u00e0 l'autolubrification et \u00e0 la bonne r\u00e9sistance \u00e9lectrique.<\/p>","protected":false},"excerpt":{"rendered":"<p>Un balai de carbone est un contact \u00e9lectrique qui conduit le courant \u00e9lectrique entre les parties fixes et mobiles d'un moteur. Nos balais de carbone de premi\u00e8re qualit\u00e9 sont garantis comme \u00e9tant \u00e9gaux en termes d'ajustement, de forme et de fonction. Nous avons en stock des milliers de g\u00e9n\u00e9rateurs de carbone, de bagues collectrices et de balais pour moteurs \u00e0 courant alternatif pour une vari\u00e9t\u00e9 d'applications populaires. Nos balais peuvent \u00eatre con\u00e7us et fabriqu\u00e9s sur mesure pour r\u00e9pondre aux exigences de votre moteur ou g\u00e9n\u00e9rateur sp\u00e9cifique. Pour maximiser la dur\u00e9e de vie des balais et des contacts, il est essentiel de trouver le mod\u00e8le de balai adapt\u00e9 aux conditions de fonctionnement du moteur. Une mauvaise s\u00e9lection des balais peut entra\u00eener une usure rapide des balais et endommager les surfaces de contact.<\/p>","protected":false},"featured_media":2218,"template":"","meta":[],"product_brand":[],"product_cat":[39],"product_tag":[],"class_list":{"0":"post-2141","1":"product","2":"type-product","3":"status-publish","4":"has-post-thumbnail","6":"product_cat-carbon-products","8":"first","9":"instock","10":"shipping-taxable","11":"product-type-simple"},"yoast_head":"<!-- This site is optimized with the Yoast SEO Premium plugin v19.2.1 (Yoast SEO v25.3) - https:\/\/yoast.com\/wordpress\/plugins\/seo\/ -->\n<title>Carbon Brush Manufacturer | Jinsun Carbon<\/title>\n<meta name=\"description\" content=\"A carbon brush is an electrical contact that conducts electrical current between the stationary and moving parts of a motor.\" \/>\n<meta name=\"robots\" content=\"index, follow, max-snippet:-1, max-image-preview:large, max-video-preview:-1\" \/>\n<link rel=\"canonical\" href=\"https:\/\/jinsuncarbon.com\/fr\/produit-2\/balai-de-carbone\/\" \/>\n<meta property=\"og:locale\" content=\"fr_FR\" \/>\n<meta property=\"og:type\" content=\"article\" \/>\n<meta property=\"og:title\" content=\"Carbon Brush\" \/>\n<meta property=\"og:description\" content=\"A carbon brush is an electrical contact that conducts electrical current between the stationary and moving parts of a motor.\" \/>\n<meta property=\"og:url\" content=\"https:\/\/jinsuncarbon.com\/fr\/produit-2\/balai-de-carbone\/\" \/>\n<meta property=\"og:site_name\" content=\"Jinsun Carbon\" \/>\n<meta property=\"article:publisher\" content=\"https:\/\/www.facebook.com\/Graphite-Electrode-109336238661595\" \/>\n<meta property=\"article:modified_time\" content=\"2024-11-01T01:12:31+00:00\" \/>\n<meta property=\"og:image\" content=\"https:\/\/jinsuncarbon.com\/wp-content\/uploads\/2023\/01\/Untitled-design-2023-01-30T235941.623.png\" \/>\n\t<meta property=\"og:image:width\" content=\"1024\" \/>\n\t<meta property=\"og:image:height\" content=\"763\" \/>\n\t<meta property=\"og:image:type\" content=\"image\/png\" \/>\n<meta name=\"twitter:card\" content=\"summary_large_image\" \/>\n<meta name=\"twitter:site\" content=\"@jinsuncarbon_\" \/>\n<meta name=\"twitter:label1\" content=\"Dur\u00e9e de lecture estim\u00e9e\" \/>\n\t<meta name=\"twitter:data1\" content=\"3 minutes\" \/>\n<script type=\"application\/ld+json\" class=\"yoast-schema-graph\">{\"@context\":\"https:\/\/schema.org\",\"@graph\":[{\"@type\":\"WebPage\",\"@id\":\"https:\/\/jinsuncarbon.com\/product\/carbon-brush\/\",\"url\":\"https:\/\/jinsuncarbon.com\/product\/carbon-brush\/\",\"name\":\"Carbon Brush Manufacturer | Jinsun Carbon\",\"isPartOf\":{\"@id\":\"https:\/\/jinsuncarbon.com\/#website\"},\"primaryImageOfPage\":{\"@id\":\"https:\/\/jinsuncarbon.com\/product\/carbon-brush\/#primaryimage\"},\"image\":{\"@id\":\"https:\/\/jinsuncarbon.com\/product\/carbon-brush\/#primaryimage\"},\"thumbnailUrl\":\"https:\/\/jinsuncarbon.com\/wp-content\/uploads\/2023\/01\/Untitled-design-2023-01-30T235941.623.png\",\"datePublished\":\"2023-01-30T09:21:16+00:00\",\"dateModified\":\"2024-11-01T01:12:31+00:00\",\"description\":\"A carbon brush is an electrical contact that conducts electrical current between the stationary and moving parts of a motor.\",\"breadcrumb\":{\"@id\":\"https:\/\/jinsuncarbon.com\/product\/carbon-brush\/#breadcrumb\"},\"inLanguage\":\"fr-FR\",\"potentialAction\":[{\"@type\":\"ReadAction\",\"target\":[\"https:\/\/jinsuncarbon.com\/product\/carbon-brush\/\"]}]},{\"@type\":\"ImageObject\",\"inLanguage\":\"fr-FR\",\"@id\":\"https:\/\/jinsuncarbon.com\/product\/carbon-brush\/#primaryimage\",\"url\":\"https:\/\/jinsuncarbon.com\/wp-content\/uploads\/2023\/01\/Untitled-design-2023-01-30T235941.623.png\",\"contentUrl\":\"https:\/\/jinsuncarbon.com\/wp-content\/uploads\/2023\/01\/Untitled-design-2023-01-30T235941.623.png\",\"width\":1024,\"height\":763,\"caption\":\"carbon brushes for electric motors\"},{\"@type\":\"BreadcrumbList\",\"@id\":\"https:\/\/jinsuncarbon.com\/product\/carbon-brush\/#breadcrumb\",\"itemListElement\":[{\"@type\":\"ListItem\",\"position\":1,\"name\":\"Home\",\"item\":\"https:\/\/jinsuncarbon.com\/\"},{\"@type\":\"ListItem\",\"position\":2,\"name\":\"Products\",\"item\":\"https:\/\/jinsuncarbon.com\/graphite-carbon\/\"},{\"@type\":\"ListItem\",\"position\":3,\"name\":\"Carbon Brush\"}]},{\"@type\":\"WebSite\",\"@id\":\"https:\/\/jinsuncarbon.com\/#website\",\"url\":\"https:\/\/jinsuncarbon.com\/\",\"name\":\"Jinsun Carbon\",\"description\":\"We are the successful graphite electrode manufacturer in China\",\"publisher\":{\"@id\":\"https:\/\/jinsuncarbon.com\/#organization\"},\"potentialAction\":[{\"@type\":\"SearchAction\",\"target\":{\"@type\":\"EntryPoint\",\"urlTemplate\":\"https:\/\/jinsuncarbon.com\/?s={search_term_string}\"},\"query-input\":{\"@type\":\"PropertyValueSpecification\",\"valueRequired\":true,\"valueName\":\"search_term_string\"}}],\"inLanguage\":\"fr-FR\"},{\"@type\":\"Organization\",\"@id\":\"https:\/\/jinsuncarbon.com\/#organization\",\"name\":\"Jinsun Carbon\",\"alternateName\":\"Jinsun Carbon\",\"url\":\"https:\/\/jinsuncarbon.com\/\",\"logo\":{\"@type\":\"ImageObject\",\"inLanguage\":\"fr-FR\",\"@id\":\"https:\/\/jinsuncarbon.com\/#\/schema\/logo\/image\/\",\"url\":\"https:\/\/jinsuncarbon.com\/wp-content\/uploads\/2022\/12\/LOGO-1.png\",\"contentUrl\":\"https:\/\/jinsuncarbon.com\/wp-content\/uploads\/2022\/12\/LOGO-1.png\",\"width\":207,\"height\":80,\"caption\":\"Jinsun Carbon\"},\"image\":{\"@id\":\"https:\/\/jinsuncarbon.com\/#\/schema\/logo\/image\/\"},\"sameAs\":[\"https:\/\/www.facebook.com\/Graphite-Electrode-109336238661595\",\"https:\/\/x.com\/jinsuncarbon_\",\"https:\/\/www.linkedin.com\/in\/jinsungraphite\",\"https:\/\/www.youtube.com\/channel\/UCysDNyvyR5-3cCWEmpkVC0g\"]}]}<\/script>\n<!-- \/ Yoast SEO Premium plugin. -->","yoast_head_json":{"title":"Fabricant de brosses en carbone | Jinsun Carbon","description":"Un balai de carbone est un contact \u00e9lectrique qui conduit le courant \u00e9lectrique entre les parties fixes et mobiles d'un moteur.","robots":{"index":"index","follow":"follow","max-snippet":"max-snippet:-1","max-image-preview":"max-image-preview:large","max-video-preview":"max-video-preview:-1"},"canonical":"https:\/\/jinsuncarbon.com\/fr\/produit-2\/balai-de-carbone\/","og_locale":"fr_FR","og_type":"article","og_title":"Carbon Brush","og_description":"A carbon brush is an electrical contact that conducts electrical current between the stationary and moving parts of a motor.","og_url":"https:\/\/jinsuncarbon.com\/fr\/produit-2\/balai-de-carbone\/","og_site_name":"Jinsun Carbon","article_publisher":"https:\/\/www.facebook.com\/Graphite-Electrode-109336238661595","article_modified_time":"2024-11-01T01:12:31+00:00","og_image":[{"width":1024,"height":763,"url":"https:\/\/jinsuncarbon.com\/wp-content\/uploads\/2023\/01\/Untitled-design-2023-01-30T235941.623.png","type":"image\/png"}],"twitter_card":"summary_large_image","twitter_site":"@jinsuncarbon_","twitter_misc":{"Dur\u00e9e de lecture estim\u00e9e":"3 minutes"},"schema":{"@context":"https:\/\/schema.org","@graph":[{"@type":"WebPage","@id":"https:\/\/jinsuncarbon.com\/product\/carbon-brush\/","url":"https:\/\/jinsuncarbon.com\/product\/carbon-brush\/","name":"Fabricant de brosses en carbone | Jinsun Carbon","isPartOf":{"@id":"https:\/\/jinsuncarbon.com\/#website"},"primaryImageOfPage":{"@id":"https:\/\/jinsuncarbon.com\/product\/carbon-brush\/#primaryimage"},"image":{"@id":"https:\/\/jinsuncarbon.com\/product\/carbon-brush\/#primaryimage"},"thumbnailUrl":"https:\/\/jinsuncarbon.com\/wp-content\/uploads\/2023\/01\/Untitled-design-2023-01-30T235941.623.png","datePublished":"2023-01-30T09:21:16+00:00","dateModified":"2024-11-01T01:12:31+00:00","description":"Un balai de carbone est un contact \u00e9lectrique qui conduit le courant \u00e9lectrique entre les parties fixes et mobiles d'un moteur.","breadcrumb":{"@id":"https:\/\/jinsuncarbon.com\/product\/carbon-brush\/#breadcrumb"},"inLanguage":"fr-FR","potentialAction":[{"@type":"ReadAction","target":["https:\/\/jinsuncarbon.com\/product\/carbon-brush\/"]}]},{"@type":"ImageObject","inLanguage":"fr-FR","@id":"https:\/\/jinsuncarbon.com\/product\/carbon-brush\/#primaryimage","url":"https:\/\/jinsuncarbon.com\/wp-content\/uploads\/2023\/01\/Untitled-design-2023-01-30T235941.623.png","contentUrl":"https:\/\/jinsuncarbon.com\/wp-content\/uploads\/2023\/01\/Untitled-design-2023-01-30T235941.623.png","width":1024,"height":763,"caption":"carbon brushes for electric motors"},{"@type":"BreadcrumbList","@id":"https:\/\/jinsuncarbon.com\/product\/carbon-brush\/#breadcrumb","itemListElement":[{"@type":"ListItem","position":1,"name":"Home","item":"https:\/\/jinsuncarbon.com\/"},{"@type":"ListItem","position":2,"name":"Products","item":"https:\/\/jinsuncarbon.com\/graphite-carbon\/"},{"@type":"ListItem","position":3,"name":"Carbon Brush"}]},{"@type":"WebSite","@id":"https:\/\/jinsuncarbon.com\/#website","url":"https:\/\/jinsuncarbon.com\/","name":"Jinsun Carbon","description":"Nous sommes le fabricant d'\u00e9lectrodes en graphite le plus performant de Chine.","publisher":{"@id":"https:\/\/jinsuncarbon.com\/#organization"},"potentialAction":[{"@type":"SearchAction","target":{"@type":"EntryPoint","urlTemplate":"https:\/\/jinsuncarbon.com\/?s={search_term_string}"},"query-input":{"@type":"PropertyValueSpecification","valueRequired":true,"valueName":"search_term_string"}}],"inLanguage":"fr-FR"},{"@type":"Organization","@id":"https:\/\/jinsuncarbon.com\/#organization","name":"Jinsun Carbon","alternateName":"Jinsun Carbon","url":"https:\/\/jinsuncarbon.com\/","logo":{"@type":"ImageObject","inLanguage":"fr-FR","@id":"https:\/\/jinsuncarbon.com\/#\/schema\/logo\/image\/","url":"https:\/\/jinsuncarbon.com\/wp-content\/uploads\/2022\/12\/LOGO-1.png","contentUrl":"https:\/\/jinsuncarbon.com\/wp-content\/uploads\/2022\/12\/LOGO-1.png","width":207,"height":80,"caption":"Jinsun Carbon"},"image":{"@id":"https:\/\/jinsuncarbon.com\/#\/schema\/logo\/image\/"},"sameAs":["https:\/\/www.facebook.com\/Graphite-Electrode-109336238661595","https:\/\/x.com\/jinsuncarbon_","https:\/\/www.linkedin.com\/in\/jinsungraphite","https:\/\/www.youtube.com\/channel\/UCysDNyvyR5-3cCWEmpkVC0g"]}]}},"_links":{"self":[{"href":"https:\/\/jinsuncarbon.com\/fr\/wp-json\/wp\/v2\/product\/2141","targetHints":{"allow":["GET"]}}],"collection":[{"href":"https:\/\/jinsuncarbon.com\/fr\/wp-json\/wp\/v2\/product"}],"about":[{"href":"https:\/\/jinsuncarbon.com\/fr\/wp-json\/wp\/v2\/types\/product"}],"wp:featuredmedia":[{"embeddable":true,"href":"https:\/\/jinsuncarbon.com\/fr\/wp-json\/wp\/v2\/media\/2218"}],"wp:attachment":[{"href":"https:\/\/jinsuncarbon.com\/fr\/wp-json\/wp\/v2\/media?parent=2141"}],"wp:term":[{"taxonomy":"product_brand","embeddable":true,"href":"https:\/\/jinsuncarbon.com\/fr\/wp-json\/wp\/v2\/product_brand?post=2141"},{"taxonomy":"product_cat","embeddable":true,"href":"https:\/\/jinsuncarbon.com\/fr\/wp-json\/wp\/v2\/product_cat?post=2141"},{"taxonomy":"product_tag","embeddable":true,"href":"https:\/\/jinsuncarbon.com\/fr\/wp-json\/wp\/v2\/product_tag?post=2141"}],"curies":[{"name":"wp","href":"https:\/\/api.w.org\/{rel}","templated":true}]}}