{"id":2137,"date":"2023-01-30T09:17:15","date_gmt":"2023-01-30T09:17:15","guid":{"rendered":"https:\/\/jinsuncarbon.com\/?post_type=product&#038;p=2137"},"modified":"2024-11-01T01:15:18","modified_gmt":"2024-11-01T01:15:18","slug":"creuset-en-graphite","status":"publish","type":"product","link":"https:\/\/jinsuncarbon.com\/fr\/produit-2\/creuset-en-graphite\/","title":{"rendered":"Creuset en graphite"},"content":{"rendered":"<h2>Processus de fabrication :<\/h2>\n<p>La production de creusets en graphite fait appel au coke de p\u00e9trole, au coke de brai et au brai de goudron de houille, qui servent de liants. Nous m\u00e9langeons ces composants et les soumettons au broyage, au pressage et \u00e0 la graphitisation pour cr\u00e9er une \u00e9bauche. Un traitement m\u00e9canique ult\u00e9rieur transforme le produit en creuset.<\/p>\n<p>Le graphite artificiel, qui ne fond pas \u00e0 haute temp\u00e9rature, poss\u00e8de des propri\u00e9t\u00e9s robustes. <a class=\"editor-rtfLink\" href=\"https:\/\/www.sciencedirect.com\/topics\/materials-science\/thermal-shock-resistance#:~:text=Thermal%20shock%20resistance%20is%20the,exposure%20to%20a%20furnace%20environment.\" target=\"_blank\" rel=\"noopener\"><span data-preserver-spaces=\"true\">r\u00e9sistance aux chocs thermiques<\/span><\/a>. En outre, il ne contamine pas le m\u00e9tal en fusion et le laitier et n'y adh\u00e8re pas, ce qui en fait le choix optimal pour un creuset et un bateau utilis\u00e9s dans la fusion des m\u00e9taux.<\/p>\n<h2>Caract\u00e9ristiques des creusets en graphite :<\/h2>\n<p>Les creusets en graphite ont une bonne conductivit\u00e9 thermique et une bonne r\u00e9sistance aux temp\u00e9ratures \u00e9lev\u00e9es. Lorsqu'ils sont soumis \u00e0 des temp\u00e9ratures \u00e9lev\u00e9es, ils pr\u00e9sentent un faible coefficient de dilatation thermique et ont une capacit\u00e9 de d\u00e9formation sp\u00e9cifique pour un chauffage et un refroidissement rapides.<\/p>\n<p>Le point de fusion des creusets en graphite se situe entre 1800 et 3697 \u00b0C. Ces creusets pr\u00e9sentent \u00e9galement une forte r\u00e9sistance aux solutions acides et alcalines, ce qui leur conf\u00e8re une remarquable stabilit\u00e9 chimique. Disponibles en diff\u00e9rents mod\u00e8les et sp\u00e9cifications, les fabricants peuvent choisir ceux qui r\u00e9pondent le mieux \u00e0 leurs besoins.<\/p>\n<p>Les creusets en graphite ne r\u00e9agissent pas et ne s'infiltrent pas dans le m\u00e9tal en fusion, ce qui garantit la puret\u00e9 du mat\u00e9riau fondu.<\/p>\n<h2>Applications :<\/h2>\n<p>Les creusets en graphite sont largement utilis\u00e9s dans des secteurs tels que la m\u00e9tallurgie, la fonderie, les machines et l'industrie chimique. Ils sont souvent utilis\u00e9s pour fondre l'acier \u00e0 outils alli\u00e9 et les m\u00e9taux non ferreux et leurs alliages, offrant ainsi des avantages \u00e9conomiques substantiels.<\/p>\n<p>En fonction des exigences d'utilisation, les fabricants peuvent fa\u00e7onner les creusets en graphite en quatre types : conique, cylindrique, irr\u00e9gulier et fa\u00e7onn\u00e9, afin de r\u00e9pondre \u00e0 des besoins divers.<\/p>\n<p><img fetchpriority=\"high\" decoding=\"async\" class=\"alignnone wp-image-4044\" src=\"https:\/\/jinsuncarbon.com\/wp-content\/uploads\/2023\/01\/Graphite-crucible-for-melting-metals.jpg\" alt=\"Creuset en graphite pour la fusion des m\u00e9taux\" width=\"489\" height=\"328\" srcset=\"https:\/\/jinsuncarbon.com\/wp-content\/uploads\/2023\/01\/Graphite-crucible-for-melting-metals.jpg 881w, https:\/\/jinsuncarbon.com\/wp-content\/uploads\/2023\/01\/Graphite-crucible-for-melting-metals-600x402.jpg 600w, https:\/\/jinsuncarbon.com\/wp-content\/uploads\/2023\/01\/Graphite-crucible-for-melting-metals-300x201.jpg 300w, https:\/\/jinsuncarbon.com\/wp-content\/uploads\/2023\/01\/Graphite-crucible-for-melting-metals-768x515.jpg 768w, https:\/\/jinsuncarbon.com\/wp-content\/uploads\/2023\/01\/Graphite-crucible-for-melting-metals-18x12.jpg 18w\" sizes=\"(max-width: 489px) 100vw, 489px\" \/> <img decoding=\"async\" class=\"alignnone wp-image-4045\" src=\"https:\/\/jinsuncarbon.com\/wp-content\/uploads\/2023\/01\/Graphite-crucible-for-lithium-battery.jpg\" alt=\"Creuset en graphite pour batterie au lithium\" width=\"581\" height=\"328\" srcset=\"https:\/\/jinsuncarbon.com\/wp-content\/uploads\/2023\/01\/Graphite-crucible-for-lithium-battery.jpg 1080w, https:\/\/jinsuncarbon.com\/wp-content\/uploads\/2023\/01\/Graphite-crucible-for-lithium-battery-600x339.jpg 600w, https:\/\/jinsuncarbon.com\/wp-content\/uploads\/2023\/01\/Graphite-crucible-for-lithium-battery-300x169.jpg 300w, https:\/\/jinsuncarbon.com\/wp-content\/uploads\/2023\/01\/Graphite-crucible-for-lithium-battery-1024x578.jpg 1024w, https:\/\/jinsuncarbon.com\/wp-content\/uploads\/2023\/01\/Graphite-crucible-for-lithium-battery-768x434.jpg 768w, https:\/\/jinsuncarbon.com\/wp-content\/uploads\/2023\/01\/Graphite-crucible-for-lithium-battery-18x10.jpg 18w\" sizes=\"(max-width: 581px) 100vw, 581px\" \/><\/p>\n<p>&nbsp;<\/p>\n<h3>Personnalisation<\/h3>\n<h5>Dimensions et capacit\u00e9s sur mesure<\/h5>\n<p>Que vous ayez besoin de petits creusets pour le moulage de bijoux complexes ou de creusets plus grands pour des op\u00e9rations \u00e0 l'\u00e9chelle industrielle, notre service client\u00e8le vous permet de sp\u00e9cifier la taille et la capacit\u00e9 requises.<\/p>\n<h5>Rev\u00eatements sp\u00e9ciaux et traitements de surface<\/h5>\n<p>Nous proposons une gamme de rev\u00eatements sp\u00e9ciaux et de traitements de surface pour am\u00e9liorer les performances et la dur\u00e9e de vie des creusets en graphite. Qu'il s'agisse de rev\u00eatements protecteurs qui r\u00e9sistent aux r\u00e9actions chimiques ou de rev\u00eatements qui emp\u00eachent l'adh\u00e9rence du m\u00e9tal, nous pouvons adapter les propri\u00e9t\u00e9s de surface de nos creusets \u00e0 votre application sp\u00e9cifique.<\/p>\n<h5>s\u00e9lection des mat\u00e9riaux<\/h5>\n<p>Les creusets en graphite peuvent \u00eatre fabriqu\u00e9s \u00e0 partir de diff\u00e9rentes qualit\u00e9s de graphite, chacune ayant ses propres caract\u00e9ristiques. En fonction de votre application, nous pouvons vous aider \u00e0 s\u00e9lectionner la qualit\u00e9 de graphite la plus appropri\u00e9e. <a href=\"https:\/\/jinsuncarbon.com\/fr\/produit-2\/electrode-en-graphite-hp\/\">graphite<\/a> pour r\u00e9pondre \u00e0 vos besoins. Qu'il s'agisse de graphite de haute puret\u00e9 pour des applications de laboratoire sensibles ou de m\u00e9langes de graphite durables pour des processus industriels exigeants, nous disposons de l'expertise n\u00e9cessaire pour vous guider dans le choix du meilleur mat\u00e9riau.<\/p>\n<h3>Assurance qualit\u00e9<\/h3>\n<p>En tant que fabricant de creusets en graphite, nous fournissons des produits de haute qualit\u00e9 et r\u00e9pondons aux demandes personnalis\u00e9es. Notre contr\u00f4le strict de la qualit\u00e9 garantit que nos creusets sur mesure r\u00e9pondent aux normes industrielles et pr\u00e9sentent une excellente conductivit\u00e9 thermique, r\u00e9sistance chimique et r\u00e9sistance m\u00e9canique.<\/p>","protected":false},"excerpt":{"rendered":"<p>Les creusets en graphite sont fabriqu\u00e9s \u00e0 partir de mati\u00e8res premi\u00e8res en graphite de haute puret\u00e9, avec une teneur en cendres ne d\u00e9passant pas 0,1%. Ils sont principalement utilis\u00e9s dans les fours \u00e0 vide et les fours \u00e0 haute fr\u00e9quence, ou dans les fours de fusion. Les creusets en graphite sont utilis\u00e9s pour la fusion des m\u00e9taux ferreux, des m\u00e9taux non ferreux, des semi-conducteurs, des m\u00e9taux pr\u00e9cieux et d'autres m\u00e9taux.  Ils pr\u00e9sentent une bonne r\u00e9sistance aux temp\u00e9ratures \u00e9lev\u00e9es et peuvent \u00eatre utilis\u00e9s dans un four avec une atmosph\u00e8re protectrice ou sous vide \u00e0 une temp\u00e9rature d'environ 2 500 \u2103.<\/p>","protected":false},"featured_media":2216,"template":"","meta":[],"product_brand":[],"product_cat":[38],"product_tag":[],"class_list":{"0":"post-2137","1":"product","2":"type-product","3":"status-publish","4":"has-post-thumbnail","6":"product_cat-graphite-products","8":"first","9":"instock","10":"shipping-taxable","11":"product-type-simple"},"yoast_head":"<!-- This site is optimized with the Yoast SEO Premium plugin v19.2.1 (Yoast SEO v25.3) - https:\/\/yoast.com\/wordpress\/plugins\/seo\/ -->\n<title>Graphite Crucible Manufacturer - Best Price<\/title>\n<meta name=\"description\" content=\"Graphite crucible is mainly used in vacuum furnaces and high frequency furnaces, or in melting furnaces for melting metals. Such as metal gold, silver, copper, iron.\" \/>\n<meta name=\"robots\" content=\"index, follow, max-snippet:-1, max-image-preview:large, max-video-preview:-1\" \/>\n<link rel=\"canonical\" href=\"https:\/\/jinsuncarbon.com\/fr\/produit-2\/creuset-en-graphite\/\" \/>\n<meta property=\"og:locale\" content=\"fr_FR\" \/>\n<meta property=\"og:type\" content=\"article\" \/>\n<meta property=\"og:title\" content=\"Graphite Crucible\" \/>\n<meta property=\"og:description\" content=\"Graphite crucible is mainly used in vacuum furnaces and high frequency furnaces, or in melting furnaces for melting metals. Such as metal gold, silver, copper, iron.\" \/>\n<meta property=\"og:url\" content=\"https:\/\/jinsuncarbon.com\/fr\/produit-2\/creuset-en-graphite\/\" \/>\n<meta property=\"og:site_name\" content=\"Jinsun Carbon\" \/>\n<meta property=\"article:publisher\" content=\"https:\/\/www.facebook.com\/Graphite-Electrode-109336238661595\" \/>\n<meta property=\"article:modified_time\" content=\"2024-11-01T01:15:18+00:00\" \/>\n<meta property=\"og:image\" content=\"https:\/\/jinsuncarbon.com\/wp-content\/uploads\/2023\/01\/Untitled-design-2023-01-30T235720.850.png\" \/>\n\t<meta property=\"og:image:width\" content=\"1024\" \/>\n\t<meta property=\"og:image:height\" content=\"763\" \/>\n\t<meta property=\"og:image:type\" content=\"image\/png\" \/>\n<meta name=\"twitter:card\" content=\"summary_large_image\" \/>\n<meta name=\"twitter:site\" content=\"@jinsuncarbon_\" \/>\n<meta name=\"twitter:label1\" content=\"Dur\u00e9e de lecture estim\u00e9e\" \/>\n\t<meta name=\"twitter:data1\" content=\"3 minutes\" \/>\n<script type=\"application\/ld+json\" class=\"yoast-schema-graph\">{\"@context\":\"https:\/\/schema.org\",\"@graph\":[{\"@type\":\"WebPage\",\"@id\":\"https:\/\/jinsuncarbon.com\/product\/graphite-crucible\/\",\"url\":\"https:\/\/jinsuncarbon.com\/product\/graphite-crucible\/\",\"name\":\"Graphite Crucible Manufacturer - Best Price\",\"isPartOf\":{\"@id\":\"https:\/\/jinsuncarbon.com\/#website\"},\"primaryImageOfPage\":{\"@id\":\"https:\/\/jinsuncarbon.com\/product\/graphite-crucible\/#primaryimage\"},\"image\":{\"@id\":\"https:\/\/jinsuncarbon.com\/product\/graphite-crucible\/#primaryimage\"},\"thumbnailUrl\":\"https:\/\/jinsuncarbon.com\/wp-content\/uploads\/2023\/01\/Untitled-design-2023-01-30T235720.850.png\",\"datePublished\":\"2023-01-30T09:17:15+00:00\",\"dateModified\":\"2024-11-01T01:15:18+00:00\",\"description\":\"Graphite crucible is mainly used in vacuum furnaces and high frequency furnaces, or in melting furnaces for melting metals. Such as metal gold, silver, copper, iron.\",\"breadcrumb\":{\"@id\":\"https:\/\/jinsuncarbon.com\/product\/graphite-crucible\/#breadcrumb\"},\"inLanguage\":\"fr-FR\",\"potentialAction\":[{\"@type\":\"ReadAction\",\"target\":[\"https:\/\/jinsuncarbon.com\/product\/graphite-crucible\/\"]}]},{\"@type\":\"ImageObject\",\"inLanguage\":\"fr-FR\",\"@id\":\"https:\/\/jinsuncarbon.com\/product\/graphite-crucible\/#primaryimage\",\"url\":\"https:\/\/jinsuncarbon.com\/wp-content\/uploads\/2023\/01\/Untitled-design-2023-01-30T235720.850.png\",\"contentUrl\":\"https:\/\/jinsuncarbon.com\/wp-content\/uploads\/2023\/01\/Untitled-design-2023-01-30T235720.850.png\",\"width\":1024,\"height\":763,\"caption\":\"Graphite crucible manufacturer and supplies\"},{\"@type\":\"BreadcrumbList\",\"@id\":\"https:\/\/jinsuncarbon.com\/product\/graphite-crucible\/#breadcrumb\",\"itemListElement\":[{\"@type\":\"ListItem\",\"position\":1,\"name\":\"Home\",\"item\":\"https:\/\/jinsuncarbon.com\/\"},{\"@type\":\"ListItem\",\"position\":2,\"name\":\"Products\",\"item\":\"https:\/\/jinsuncarbon.com\/graphite-carbon\/\"},{\"@type\":\"ListItem\",\"position\":3,\"name\":\"Graphite Crucible\"}]},{\"@type\":\"WebSite\",\"@id\":\"https:\/\/jinsuncarbon.com\/#website\",\"url\":\"https:\/\/jinsuncarbon.com\/\",\"name\":\"Jinsun Carbon\",\"description\":\"We are the successful graphite electrode manufacturer in China\",\"publisher\":{\"@id\":\"https:\/\/jinsuncarbon.com\/#organization\"},\"potentialAction\":[{\"@type\":\"SearchAction\",\"target\":{\"@type\":\"EntryPoint\",\"urlTemplate\":\"https:\/\/jinsuncarbon.com\/?s={search_term_string}\"},\"query-input\":{\"@type\":\"PropertyValueSpecification\",\"valueRequired\":true,\"valueName\":\"search_term_string\"}}],\"inLanguage\":\"fr-FR\"},{\"@type\":\"Organization\",\"@id\":\"https:\/\/jinsuncarbon.com\/#organization\",\"name\":\"Jinsun Carbon\",\"alternateName\":\"Jinsun Carbon\",\"url\":\"https:\/\/jinsuncarbon.com\/\",\"logo\":{\"@type\":\"ImageObject\",\"inLanguage\":\"fr-FR\",\"@id\":\"https:\/\/jinsuncarbon.com\/#\/schema\/logo\/image\/\",\"url\":\"https:\/\/jinsuncarbon.com\/wp-content\/uploads\/2022\/12\/LOGO-1.png\",\"contentUrl\":\"https:\/\/jinsuncarbon.com\/wp-content\/uploads\/2022\/12\/LOGO-1.png\",\"width\":207,\"height\":80,\"caption\":\"Jinsun Carbon\"},\"image\":{\"@id\":\"https:\/\/jinsuncarbon.com\/#\/schema\/logo\/image\/\"},\"sameAs\":[\"https:\/\/www.facebook.com\/Graphite-Electrode-109336238661595\",\"https:\/\/x.com\/jinsuncarbon_\",\"https:\/\/www.linkedin.com\/in\/jinsungraphite\",\"https:\/\/www.youtube.com\/channel\/UCysDNyvyR5-3cCWEmpkVC0g\"]}]}<\/script>\n<!-- \/ Yoast SEO Premium plugin. -->","yoast_head_json":{"title":"Fabricant de creusets en graphite - Meilleur prix","description":"Le creuset en graphite est principalement utilis\u00e9 dans les fours \u00e0 vide et les fours \u00e0 haute fr\u00e9quence, ou dans les fours de fusion pour la fusion des m\u00e9taux. Il peut s'agir de m\u00e9taux tels que l'or, l'argent, le cuivre ou le fer.","robots":{"index":"index","follow":"follow","max-snippet":"max-snippet:-1","max-image-preview":"max-image-preview:large","max-video-preview":"max-video-preview:-1"},"canonical":"https:\/\/jinsuncarbon.com\/fr\/produit-2\/creuset-en-graphite\/","og_locale":"fr_FR","og_type":"article","og_title":"Graphite Crucible","og_description":"Graphite crucible is mainly used in vacuum furnaces and high frequency furnaces, or in melting furnaces for melting metals. Such as metal gold, silver, copper, iron.","og_url":"https:\/\/jinsuncarbon.com\/fr\/produit-2\/creuset-en-graphite\/","og_site_name":"Jinsun Carbon","article_publisher":"https:\/\/www.facebook.com\/Graphite-Electrode-109336238661595","article_modified_time":"2024-11-01T01:15:18+00:00","og_image":[{"width":1024,"height":763,"url":"https:\/\/jinsuncarbon.com\/wp-content\/uploads\/2023\/01\/Untitled-design-2023-01-30T235720.850.png","type":"image\/png"}],"twitter_card":"summary_large_image","twitter_site":"@jinsuncarbon_","twitter_misc":{"Dur\u00e9e de lecture estim\u00e9e":"3 minutes"},"schema":{"@context":"https:\/\/schema.org","@graph":[{"@type":"WebPage","@id":"https:\/\/jinsuncarbon.com\/product\/graphite-crucible\/","url":"https:\/\/jinsuncarbon.com\/product\/graphite-crucible\/","name":"Fabricant de creusets en graphite - Meilleur prix","isPartOf":{"@id":"https:\/\/jinsuncarbon.com\/#website"},"primaryImageOfPage":{"@id":"https:\/\/jinsuncarbon.com\/product\/graphite-crucible\/#primaryimage"},"image":{"@id":"https:\/\/jinsuncarbon.com\/product\/graphite-crucible\/#primaryimage"},"thumbnailUrl":"https:\/\/jinsuncarbon.com\/wp-content\/uploads\/2023\/01\/Untitled-design-2023-01-30T235720.850.png","datePublished":"2023-01-30T09:17:15+00:00","dateModified":"2024-11-01T01:15:18+00:00","description":"Le creuset en graphite est principalement utilis\u00e9 dans les fours \u00e0 vide et les fours \u00e0 haute fr\u00e9quence, ou dans les fours de fusion pour la fusion des m\u00e9taux. Il peut s'agir de m\u00e9taux tels que l'or, l'argent, le cuivre ou le fer.","breadcrumb":{"@id":"https:\/\/jinsuncarbon.com\/product\/graphite-crucible\/#breadcrumb"},"inLanguage":"fr-FR","potentialAction":[{"@type":"ReadAction","target":["https:\/\/jinsuncarbon.com\/product\/graphite-crucible\/"]}]},{"@type":"ImageObject","inLanguage":"fr-FR","@id":"https:\/\/jinsuncarbon.com\/product\/graphite-crucible\/#primaryimage","url":"https:\/\/jinsuncarbon.com\/wp-content\/uploads\/2023\/01\/Untitled-design-2023-01-30T235720.850.png","contentUrl":"https:\/\/jinsuncarbon.com\/wp-content\/uploads\/2023\/01\/Untitled-design-2023-01-30T235720.850.png","width":1024,"height":763,"caption":"Graphite crucible manufacturer and supplies"},{"@type":"BreadcrumbList","@id":"https:\/\/jinsuncarbon.com\/product\/graphite-crucible\/#breadcrumb","itemListElement":[{"@type":"ListItem","position":1,"name":"Home","item":"https:\/\/jinsuncarbon.com\/"},{"@type":"ListItem","position":2,"name":"Products","item":"https:\/\/jinsuncarbon.com\/graphite-carbon\/"},{"@type":"ListItem","position":3,"name":"Graphite Crucible"}]},{"@type":"WebSite","@id":"https:\/\/jinsuncarbon.com\/#website","url":"https:\/\/jinsuncarbon.com\/","name":"Jinsun Carbon","description":"Nous sommes le fabricant d'\u00e9lectrodes en graphite le plus performant de Chine.","publisher":{"@id":"https:\/\/jinsuncarbon.com\/#organization"},"potentialAction":[{"@type":"SearchAction","target":{"@type":"EntryPoint","urlTemplate":"https:\/\/jinsuncarbon.com\/?s={search_term_string}"},"query-input":{"@type":"PropertyValueSpecification","valueRequired":true,"valueName":"search_term_string"}}],"inLanguage":"fr-FR"},{"@type":"Organization","@id":"https:\/\/jinsuncarbon.com\/#organization","name":"Jinsun Carbon","alternateName":"Jinsun Carbon","url":"https:\/\/jinsuncarbon.com\/","logo":{"@type":"ImageObject","inLanguage":"fr-FR","@id":"https:\/\/jinsuncarbon.com\/#\/schema\/logo\/image\/","url":"https:\/\/jinsuncarbon.com\/wp-content\/uploads\/2022\/12\/LOGO-1.png","contentUrl":"https:\/\/jinsuncarbon.com\/wp-content\/uploads\/2022\/12\/LOGO-1.png","width":207,"height":80,"caption":"Jinsun Carbon"},"image":{"@id":"https:\/\/jinsuncarbon.com\/#\/schema\/logo\/image\/"},"sameAs":["https:\/\/www.facebook.com\/Graphite-Electrode-109336238661595","https:\/\/x.com\/jinsuncarbon_","https:\/\/www.linkedin.com\/in\/jinsungraphite","https:\/\/www.youtube.com\/channel\/UCysDNyvyR5-3cCWEmpkVC0g"]}]}},"_links":{"self":[{"href":"https:\/\/jinsuncarbon.com\/fr\/wp-json\/wp\/v2\/product\/2137","targetHints":{"allow":["GET"]}}],"collection":[{"href":"https:\/\/jinsuncarbon.com\/fr\/wp-json\/wp\/v2\/product"}],"about":[{"href":"https:\/\/jinsuncarbon.com\/fr\/wp-json\/wp\/v2\/types\/product"}],"wp:featuredmedia":[{"embeddable":true,"href":"https:\/\/jinsuncarbon.com\/fr\/wp-json\/wp\/v2\/media\/2216"}],"wp:attachment":[{"href":"https:\/\/jinsuncarbon.com\/fr\/wp-json\/wp\/v2\/media?parent=2137"}],"wp:term":[{"taxonomy":"product_brand","embeddable":true,"href":"https:\/\/jinsuncarbon.com\/fr\/wp-json\/wp\/v2\/product_brand?post=2137"},{"taxonomy":"product_cat","embeddable":true,"href":"https:\/\/jinsuncarbon.com\/fr\/wp-json\/wp\/v2\/product_cat?post=2137"},{"taxonomy":"product_tag","embeddable":true,"href":"https:\/\/jinsuncarbon.com\/fr\/wp-json\/wp\/v2\/product_tag?post=2137"}],"curies":[{"name":"wp","href":"https:\/\/api.w.org\/{rel}","templated":true}]}}