{"id":2135,"date":"2023-01-30T09:13:56","date_gmt":"2023-01-30T09:13:56","guid":{"rendered":"https:\/\/jinsuncarbon.com\/?post_type=product&#038;p=2135"},"modified":"2025-10-10T07:21:08","modified_gmt":"2025-10-10T07:21:08","slug":"tige-de-graphite","status":"publish","type":"product","link":"https:\/\/jinsuncarbon.com\/fr\/produit-2\/tige-de-graphite\/","title":{"rendered":"Tige en graphite"},"content":{"rendered":"<h2>Tige en graphite \u00e0 vendre<\/h2>\n<p>Les barres de graphite sont des barres cylindriques solides usin\u00e9es \u00e0 partir de graphite artificiel. Elles poss\u00e8dent les propri\u00e9t\u00e9s du graphite, \u00e0 savoir une excellente conductivit\u00e9 \u00e9lectrique, une r\u00e9sistance \u00e0 la corrosion et une r\u00e9sistance \u00e0 l'usure. Les \u00e9lectrodes en graphite sont disponibles en diff\u00e9rentes tailles et sont couramment utilis\u00e9es dans les industries m\u00e9caniques et \u00e9lectroniques.<\/p>\n<h2>Les types<\/h2>\n<p>Il se pr\u00e9sente sous diff\u00e9rentes formes et tailles, ce qui permet de l'utiliser pour de multiples applications. Les types de tiges de graphite les plus courants sont les tiges rondes standard et les tiges hexagonales.<\/p>\n<p>Les tiges rondes traditionnelles sont les plus utilis\u00e9es dans diverses applications en raison de leur r\u00e9sistance et de leur polyvalence.<\/p>\n<p>Les barres hexagonales sont \u00e9galement populaires et souvent utilis\u00e9es dans des applications exigeant pr\u00e9cision et exactitude.<\/p>\n<p>Des tiges sp\u00e9ciales en graphite sont \u00e9galement disponibles pour les moteurs \u00e0 turbocompresseur et \u00e0 haute performance.<\/p>\n<p>&nbsp;<\/p>\n<p><img fetchpriority=\"high\" decoding=\"async\" class=\"alignleft wp-image-5543\" src=\"https:\/\/jinsuncarbon.com\/wp-content\/uploads\/2023\/01\/graphite-rod-supplier.jpg\" alt=\"fournisseur de barres de graphite\" width=\"401\" height=\"286\" srcset=\"https:\/\/jinsuncarbon.com\/wp-content\/uploads\/2023\/01\/graphite-rod-supplier.jpg 718w, https:\/\/jinsuncarbon.com\/wp-content\/uploads\/2023\/01\/graphite-rod-supplier-600x428.jpg 600w, https:\/\/jinsuncarbon.com\/wp-content\/uploads\/2023\/01\/graphite-rod-supplier-300x214.jpg 300w, https:\/\/jinsuncarbon.com\/wp-content\/uploads\/2023\/01\/graphite-rod-supplier-18x12.jpg 18w\" sizes=\"(max-width: 401px) 100vw, 401px\" \/><\/p>\n<p>&nbsp;<\/p>\n<p>&nbsp;<\/p>\n<p>&nbsp;<\/p>\n<p><img decoding=\"async\" class=\"\" src=\"https:\/\/jinsuncarbon.com\/wp-content\/uploads\/2023\/01\/graphite-rod-electrode.jpg\" alt=\"\u00e9lectrode \u00e0 tige en graphite\" width=\"362\" height=\"278\" \/><\/p>\n<h3><\/h3>\n<h2>Principales caract\u00e9ristiques de la tige en graphite<\/h2>\n<ul>\n<li>Haute puret\u00e9 jusqu'\u00e0 99,99%<\/li>\n<li>Bonne conductivit\u00e9 \u00e9lectrique<\/li>\n<li>R\u00e9sistance \u00e9lev\u00e9e \u00e0 la flexion<\/li>\n<li>Stabilit\u00e9 dimensionnelle<\/li>\n<li>R\u00e9sistance \u00e9lev\u00e9e \u00e0 la flexion<\/li>\n<li>Fortes propri\u00e9t\u00e9s antioxydantes<\/li>\n<li>R\u00e9sistance \u00e0 la corrosion<\/li>\n<li>R\u00e9sistance m\u00e9canique \u00e9lev\u00e9e<\/li>\n<\/ul>\n<h3><\/h3>\n<h2>Utilisation des tiges en graphite<\/h2>\n<p>Il est largement utilis\u00e9 dans la fabrication de composants industriels. Il sert \u00e0 fabriquer des roulements, des engrenages, des joints et d'autres pi\u00e8ces qui requi\u00e8rent r\u00e9sistance et durabilit\u00e9. Dans les<a href=\"https:\/\/en.wikipedia.org\/wiki\/Energy_industry\" target=\"_blank\" rel=\"noopener\"> industrie de l'\u00e9nergie<\/a>Vous pouvez l'utiliser pour des applications telles que les turbines, les moteurs \u00e9lectriques, etc.<\/p>\n<p>En outre, les tiges de graphite peuvent \u00eatre utilis\u00e9es pour l'\u00e9lectrolyse ou dans les batteries en raison de leur conductivit\u00e9 et de leur r\u00e9sistance \u00e0 la corrosion. Ils sont souvent utilis\u00e9s dans le vide \u00e0 haute temp\u00e9rature. <a href=\"https:\/\/www.homedepot.com\/b\/Heating-Venting-Cooling-Heaters-Furnaces\/N-5yc1vZc4lk\" target=\"_blank\" rel=\"noopener\">fours<\/a> comme chauffages \u00e9lectriques. Il peut r\u00e9sister \u00e0 un environnement \u00e0 haute temp\u00e9rature allant jusqu'\u00e0 3 000 degr\u00e9s Celsius, n'est pas facile \u00e0 oxyder, est facile \u00e0 traiter, et le fil de graphite peut \u00eatre utilis\u00e9 pour la production d'\u00e9lectricit\u00e9. <a href=\"https:\/\/jinsuncarbon.com\/fr\/produit-2\/electrode-en-graphite\/\">\u00e9lectrode<\/a> Le prix est bas.<\/p>\n<p>Autre application importante, les barres de graphite sont utilis\u00e9es comme mat\u00e9riaux structurels dans les r\u00e9acteurs nucl\u00e9aires, avec de bonnes propri\u00e9t\u00e9s m\u00e9caniques et une bonne conductivit\u00e9 thermique.<\/p>\n<p>&nbsp;<\/p>\n<h3>Personnalisation :<\/h3>\n<p>En tant que fabricant de baguettes de graphite, nous comprenons que les applications industrielles peuvent avoir des exigences uniques. C'est pourquoi nous proposons des options de personnalisation pour nos produits en graphite. Que vous ayez besoin de dimensions sp\u00e9cifiques, de traitements de surface ou d'un usinage suppl\u00e9mentaire, notre \u00e9quipe travaillera avec vous pour fournir des solutions sur mesure qui r\u00e9pondent \u00e0 vos sp\u00e9cifications. Si vous cherchez \u00e0 acheter des barres de graphite, contactez Jinsun d\u00e8s maintenant !<\/p>\n<p>&nbsp;<\/p>\n<h3>\u00a0Sp\u00e9cifications :<\/h3>\n<table>\n<thead>\n<tr>\n<th><strong>Propri\u00e9t\u00e9<\/strong><\/th>\n<th><strong>Valeur\/plage<\/strong><\/th>\n<\/tr>\n<\/thead>\n<tbody>\n<tr>\n<td><strong>Densit\u00e9<\/strong><\/td>\n<td>2,15 - 2,20 g\/cm\u00b3<\/td>\n<\/tr>\n<tr>\n<td><strong>R\u00e9sistance \u00e0 la compression<\/strong><\/td>\n<td>&lt; 83,6 MPa (direction ab)<\/td>\n<\/tr>\n<tr>\n<td><strong>Puret\u00e9 (teneur en impuret\u00e9s)<\/strong><\/td>\n<td>0,02 - 0,005%<\/td>\n<\/tr>\n<tr>\n<td><strong>R\u00e9sistivit\u00e9 (direction ab)<\/strong><\/td>\n<td>2 x 10-\u2074 cm<\/td>\n<\/tr>\n<tr>\n<td><strong>R\u00e9sistivit\u00e9 (direction c)<\/strong><\/td>\n<td>0,6 cm<\/td>\n<\/tr>\n<tr>\n<td><strong>Point de fusion<\/strong><\/td>\n<td>3520\u00b0C - 3650\u00b0C<\/td>\n<\/tr>\n<tr>\n<td><strong>Temp\u00e9rature maximale de fonctionnement<\/strong><\/td>\n<td>2350\u00b0C - 2450\u00b0C<\/td>\n<\/tr>\n<tr>\n<td><strong>Temp\u00e9rature de fonctionnement minimale<\/strong><\/td>\n<td>-273\u00b0C<\/td>\n<\/tr>\n<tr>\n<td><strong>Temp\u00e9rature d'oxydation<\/strong><\/td>\n<td>649\u00b0C<\/td>\n<\/tr>\n<tr>\n<td><strong>Espacement des couches de grains<\/strong><\/td>\n<td>&lt; 3,42 \u00c5 (Angstroms)<\/td>\n<\/tr>\n<\/tbody>\n<\/table>\n<p>Ce tableau donne un aper\u00e7u clair des propri\u00e9t\u00e9s sp\u00e9cifi\u00e9es et de leurs valeurs ou fourchettes correspondantes. Si vous avez d'autres questions ou si vous avez besoin d'informations compl\u00e9mentaires, n'h\u00e9sitez pas \u00e0 nous les poser !<\/p>","protected":false},"excerpt":{"rendered":"<p>Les barres de graphite sont usin\u00e9es \u00e0 partir d'\u00e9lectrodes de graphite \u00e0 des dimensions sp\u00e9cifiques. Le graphite \u00e9tant r\u00e9sistant \u00e0 la corrosion, ses barres conservent leur structure m\u00eame apr\u00e8s un choc thermique et une exposition \u00e0 des temp\u00e9ratures allant jusqu'\u00e0 5000\u00b0F. Des particules de graphite pur sont utilis\u00e9es pour fabriquer les barres de graphite. Les m\u00e9thodes de fabrication les plus courantes sont l'extrusion, la compression, le moulage et le pressage. Le graphite est \u00e9galement id\u00e9al pour l'industrie de la fibre optique, car il est fabriqu\u00e9 \u00e0 partir d'un mat\u00e9riau non r\u00e9actif, le graphite.<\/p>","protected":false},"featured_media":2214,"template":"","meta":[],"product_brand":[],"product_cat":[38],"product_tag":[],"class_list":{"0":"post-2135","1":"product","2":"type-product","3":"status-publish","4":"has-post-thumbnail","6":"product_cat-graphite-products","8":"first","9":"instock","10":"shipping-taxable","11":"product-type-simple"},"yoast_head":"<!-- This site is optimized with the Yoast SEO Premium plugin v19.2.1 (Yoast SEO v25.3) - https:\/\/yoast.com\/wordpress\/plugins\/seo\/ -->\n<title>Graphite Rod Manufacturer in China - Best Price<\/title>\n<meta name=\"description\" content=\"Graphite rod for sale. Graphite rod is machined from graphite electrodes to specific dimensions. It is widely used in the manufacturing of industrial components.\" \/>\n<meta name=\"robots\" content=\"index, follow, max-snippet:-1, max-image-preview:large, max-video-preview:-1\" \/>\n<link rel=\"canonical\" href=\"https:\/\/jinsuncarbon.com\/fr\/produit-2\/tige-de-graphite\/\" \/>\n<meta property=\"og:locale\" content=\"fr_FR\" \/>\n<meta property=\"og:type\" content=\"article\" \/>\n<meta property=\"og:title\" content=\"Graphite Rod\" \/>\n<meta property=\"og:description\" content=\"Graphite rod for sale. Graphite rod is machined from graphite electrodes to specific dimensions. It is widely used in the manufacturing of industrial components.\" \/>\n<meta property=\"og:url\" content=\"https:\/\/jinsuncarbon.com\/fr\/produit-2\/tige-de-graphite\/\" \/>\n<meta property=\"og:site_name\" content=\"Jinsun Carbon\" \/>\n<meta property=\"article:publisher\" content=\"https:\/\/www.facebook.com\/Graphite-Electrode-109336238661595\" \/>\n<meta property=\"article:modified_time\" content=\"2025-10-10T07:21:08+00:00\" \/>\n<meta property=\"og:image\" content=\"https:\/\/jinsuncarbon.com\/wp-content\/uploads\/2023\/01\/Untitled-design-2023-01-30T235604.235.png\" \/>\n\t<meta property=\"og:image:width\" content=\"1024\" \/>\n\t<meta property=\"og:image:height\" content=\"763\" \/>\n\t<meta property=\"og:image:type\" content=\"image\/png\" \/>\n<meta name=\"twitter:card\" content=\"summary_large_image\" \/>\n<meta name=\"twitter:site\" content=\"@jinsuncarbon_\" \/>\n<meta name=\"twitter:label1\" content=\"Dur\u00e9e de lecture estim\u00e9e\" \/>\n\t<meta name=\"twitter:data1\" content=\"3 minutes\" \/>\n<script type=\"application\/ld+json\" class=\"yoast-schema-graph\">{\"@context\":\"https:\/\/schema.org\",\"@graph\":[{\"@type\":\"WebPage\",\"@id\":\"https:\/\/jinsuncarbon.com\/product\/graphite-rod\/\",\"url\":\"https:\/\/jinsuncarbon.com\/product\/graphite-rod\/\",\"name\":\"Graphite Rod Manufacturer in China - Best Price\",\"isPartOf\":{\"@id\":\"https:\/\/jinsuncarbon.com\/#website\"},\"primaryImageOfPage\":{\"@id\":\"https:\/\/jinsuncarbon.com\/product\/graphite-rod\/#primaryimage\"},\"image\":{\"@id\":\"https:\/\/jinsuncarbon.com\/product\/graphite-rod\/#primaryimage\"},\"thumbnailUrl\":\"https:\/\/jinsuncarbon.com\/wp-content\/uploads\/2023\/01\/Untitled-design-2023-01-30T235604.235.png\",\"datePublished\":\"2023-01-30T09:13:56+00:00\",\"dateModified\":\"2025-10-10T07:21:08+00:00\",\"description\":\"Graphite rod for sale. Graphite rod is machined from graphite electrodes to specific dimensions. It is widely used in the manufacturing of industrial components.\",\"breadcrumb\":{\"@id\":\"https:\/\/jinsuncarbon.com\/product\/graphite-rod\/#breadcrumb\"},\"inLanguage\":\"fr-FR\",\"potentialAction\":[{\"@type\":\"ReadAction\",\"target\":[\"https:\/\/jinsuncarbon.com\/product\/graphite-rod\/\"]}]},{\"@type\":\"ImageObject\",\"inLanguage\":\"fr-FR\",\"@id\":\"https:\/\/jinsuncarbon.com\/product\/graphite-rod\/#primaryimage\",\"url\":\"https:\/\/jinsuncarbon.com\/wp-content\/uploads\/2023\/01\/Untitled-design-2023-01-30T235604.235.png\",\"contentUrl\":\"https:\/\/jinsuncarbon.com\/wp-content\/uploads\/2023\/01\/Untitled-design-2023-01-30T235604.235.png\",\"width\":1024,\"height\":763,\"caption\":\"Graphite Rod manufacturer and supplier\"},{\"@type\":\"BreadcrumbList\",\"@id\":\"https:\/\/jinsuncarbon.com\/product\/graphite-rod\/#breadcrumb\",\"itemListElement\":[{\"@type\":\"ListItem\",\"position\":1,\"name\":\"Home\",\"item\":\"https:\/\/jinsuncarbon.com\/\"},{\"@type\":\"ListItem\",\"position\":2,\"name\":\"Products\",\"item\":\"https:\/\/jinsuncarbon.com\/graphite-carbon\/\"},{\"@type\":\"ListItem\",\"position\":3,\"name\":\"Graphite Rod\"}]},{\"@type\":\"WebSite\",\"@id\":\"https:\/\/jinsuncarbon.com\/#website\",\"url\":\"https:\/\/jinsuncarbon.com\/\",\"name\":\"Jinsun Carbon\",\"description\":\"We are the successful graphite electrode manufacturer in China\",\"publisher\":{\"@id\":\"https:\/\/jinsuncarbon.com\/#organization\"},\"potentialAction\":[{\"@type\":\"SearchAction\",\"target\":{\"@type\":\"EntryPoint\",\"urlTemplate\":\"https:\/\/jinsuncarbon.com\/?s={search_term_string}\"},\"query-input\":{\"@type\":\"PropertyValueSpecification\",\"valueRequired\":true,\"valueName\":\"search_term_string\"}}],\"inLanguage\":\"fr-FR\"},{\"@type\":\"Organization\",\"@id\":\"https:\/\/jinsuncarbon.com\/#organization\",\"name\":\"Jinsun Carbon\",\"alternateName\":\"Jinsun Carbon\",\"url\":\"https:\/\/jinsuncarbon.com\/\",\"logo\":{\"@type\":\"ImageObject\",\"inLanguage\":\"fr-FR\",\"@id\":\"https:\/\/jinsuncarbon.com\/#\/schema\/logo\/image\/\",\"url\":\"https:\/\/jinsuncarbon.com\/wp-content\/uploads\/2022\/12\/LOGO-1.png\",\"contentUrl\":\"https:\/\/jinsuncarbon.com\/wp-content\/uploads\/2022\/12\/LOGO-1.png\",\"width\":207,\"height\":80,\"caption\":\"Jinsun Carbon\"},\"image\":{\"@id\":\"https:\/\/jinsuncarbon.com\/#\/schema\/logo\/image\/\"},\"sameAs\":[\"https:\/\/www.facebook.com\/Graphite-Electrode-109336238661595\",\"https:\/\/x.com\/jinsuncarbon_\",\"https:\/\/www.linkedin.com\/in\/jinsungraphite\",\"https:\/\/www.youtube.com\/channel\/UCysDNyvyR5-3cCWEmpkVC0g\"]}]}<\/script>\n<!-- \/ Yoast SEO Premium plugin. -->","yoast_head_json":{"title":"Tige en graphite fabriqu\u00e9e en Chine - Meilleur prix","description":"Barre de graphite \u00e0 vendre. Le fil de graphite est usin\u00e9 \u00e0 partir d'\u00e9lectrodes de graphite \u00e0 des dimensions sp\u00e9cifiques. Il est largement utilis\u00e9 dans la fabrication de composants industriels.","robots":{"index":"index","follow":"follow","max-snippet":"max-snippet:-1","max-image-preview":"max-image-preview:large","max-video-preview":"max-video-preview:-1"},"canonical":"https:\/\/jinsuncarbon.com\/fr\/produit-2\/tige-de-graphite\/","og_locale":"fr_FR","og_type":"article","og_title":"Graphite Rod","og_description":"Graphite rod for sale. Graphite rod is machined from graphite electrodes to specific dimensions. It is widely used in the manufacturing of industrial components.","og_url":"https:\/\/jinsuncarbon.com\/fr\/produit-2\/tige-de-graphite\/","og_site_name":"Jinsun Carbon","article_publisher":"https:\/\/www.facebook.com\/Graphite-Electrode-109336238661595","article_modified_time":"2025-10-10T07:21:08+00:00","og_image":[{"width":1024,"height":763,"url":"https:\/\/jinsuncarbon.com\/wp-content\/uploads\/2023\/01\/Untitled-design-2023-01-30T235604.235.png","type":"image\/png"}],"twitter_card":"summary_large_image","twitter_site":"@jinsuncarbon_","twitter_misc":{"Dur\u00e9e de lecture estim\u00e9e":"3 minutes"},"schema":{"@context":"https:\/\/schema.org","@graph":[{"@type":"WebPage","@id":"https:\/\/jinsuncarbon.com\/product\/graphite-rod\/","url":"https:\/\/jinsuncarbon.com\/product\/graphite-rod\/","name":"Tige en graphite fabriqu\u00e9e en Chine - Meilleur prix","isPartOf":{"@id":"https:\/\/jinsuncarbon.com\/#website"},"primaryImageOfPage":{"@id":"https:\/\/jinsuncarbon.com\/product\/graphite-rod\/#primaryimage"},"image":{"@id":"https:\/\/jinsuncarbon.com\/product\/graphite-rod\/#primaryimage"},"thumbnailUrl":"https:\/\/jinsuncarbon.com\/wp-content\/uploads\/2023\/01\/Untitled-design-2023-01-30T235604.235.png","datePublished":"2023-01-30T09:13:56+00:00","dateModified":"2025-10-10T07:21:08+00:00","description":"Barre de graphite \u00e0 vendre. Le fil de graphite est usin\u00e9 \u00e0 partir d'\u00e9lectrodes de graphite \u00e0 des dimensions sp\u00e9cifiques. Il est largement utilis\u00e9 dans la fabrication de composants industriels.","breadcrumb":{"@id":"https:\/\/jinsuncarbon.com\/product\/graphite-rod\/#breadcrumb"},"inLanguage":"fr-FR","potentialAction":[{"@type":"ReadAction","target":["https:\/\/jinsuncarbon.com\/product\/graphite-rod\/"]}]},{"@type":"ImageObject","inLanguage":"fr-FR","@id":"https:\/\/jinsuncarbon.com\/product\/graphite-rod\/#primaryimage","url":"https:\/\/jinsuncarbon.com\/wp-content\/uploads\/2023\/01\/Untitled-design-2023-01-30T235604.235.png","contentUrl":"https:\/\/jinsuncarbon.com\/wp-content\/uploads\/2023\/01\/Untitled-design-2023-01-30T235604.235.png","width":1024,"height":763,"caption":"Graphite Rod manufacturer and supplier"},{"@type":"BreadcrumbList","@id":"https:\/\/jinsuncarbon.com\/product\/graphite-rod\/#breadcrumb","itemListElement":[{"@type":"ListItem","position":1,"name":"Home","item":"https:\/\/jinsuncarbon.com\/"},{"@type":"ListItem","position":2,"name":"Products","item":"https:\/\/jinsuncarbon.com\/graphite-carbon\/"},{"@type":"ListItem","position":3,"name":"Graphite Rod"}]},{"@type":"WebSite","@id":"https:\/\/jinsuncarbon.com\/#website","url":"https:\/\/jinsuncarbon.com\/","name":"Jinsun Carbon","description":"Nous sommes le fabricant d'\u00e9lectrodes en graphite le plus performant de Chine.","publisher":{"@id":"https:\/\/jinsuncarbon.com\/#organization"},"potentialAction":[{"@type":"SearchAction","target":{"@type":"EntryPoint","urlTemplate":"https:\/\/jinsuncarbon.com\/?s={search_term_string}"},"query-input":{"@type":"PropertyValueSpecification","valueRequired":true,"valueName":"search_term_string"}}],"inLanguage":"fr-FR"},{"@type":"Organization","@id":"https:\/\/jinsuncarbon.com\/#organization","name":"Jinsun Carbon","alternateName":"Jinsun Carbon","url":"https:\/\/jinsuncarbon.com\/","logo":{"@type":"ImageObject","inLanguage":"fr-FR","@id":"https:\/\/jinsuncarbon.com\/#\/schema\/logo\/image\/","url":"https:\/\/jinsuncarbon.com\/wp-content\/uploads\/2022\/12\/LOGO-1.png","contentUrl":"https:\/\/jinsuncarbon.com\/wp-content\/uploads\/2022\/12\/LOGO-1.png","width":207,"height":80,"caption":"Jinsun Carbon"},"image":{"@id":"https:\/\/jinsuncarbon.com\/#\/schema\/logo\/image\/"},"sameAs":["https:\/\/www.facebook.com\/Graphite-Electrode-109336238661595","https:\/\/x.com\/jinsuncarbon_","https:\/\/www.linkedin.com\/in\/jinsungraphite","https:\/\/www.youtube.com\/channel\/UCysDNyvyR5-3cCWEmpkVC0g"]}]}},"_links":{"self":[{"href":"https:\/\/jinsuncarbon.com\/fr\/wp-json\/wp\/v2\/product\/2135","targetHints":{"allow":["GET"]}}],"collection":[{"href":"https:\/\/jinsuncarbon.com\/fr\/wp-json\/wp\/v2\/product"}],"about":[{"href":"https:\/\/jinsuncarbon.com\/fr\/wp-json\/wp\/v2\/types\/product"}],"wp:featuredmedia":[{"embeddable":true,"href":"https:\/\/jinsuncarbon.com\/fr\/wp-json\/wp\/v2\/media\/2214"}],"wp:attachment":[{"href":"https:\/\/jinsuncarbon.com\/fr\/wp-json\/wp\/v2\/media?parent=2135"}],"wp:term":[{"taxonomy":"product_brand","embeddable":true,"href":"https:\/\/jinsuncarbon.com\/fr\/wp-json\/wp\/v2\/product_brand?post=2135"},{"taxonomy":"product_cat","embeddable":true,"href":"https:\/\/jinsuncarbon.com\/fr\/wp-json\/wp\/v2\/product_cat?post=2135"},{"taxonomy":"product_tag","embeddable":true,"href":"https:\/\/jinsuncarbon.com\/fr\/wp-json\/wp\/v2\/product_tag?post=2135"}],"curies":[{"name":"wp","href":"https:\/\/api.w.org\/{rel}","templated":true}]}}