{"id":2133,"date":"2023-01-30T09:12:04","date_gmt":"2023-01-30T09:12:04","guid":{"rendered":"https:\/\/jinsuncarbon.com\/?post_type=product&#038;p=2133"},"modified":"2025-01-10T10:50:20","modified_gmt":"2025-01-10T10:50:20","slug":"plaque-de-graphite","status":"publish","type":"product","link":"https:\/\/jinsuncarbon.com\/fr\/produit-2\/plaque-de-graphite\/","title":{"rendered":"Plaque de graphite"},"content":{"rendered":"<h2>Plaques de graphite pour diff\u00e9rentes industries<\/h2>\n<p>Elle est g\u00e9n\u00e9ralement fabriqu\u00e9e \u00e0 partir de coke de p\u00e9trole et de coke de brai et pr\u00e9sente une conductivit\u00e9 thermique \u00e9lev\u00e9e, une bonne conductivit\u00e9 \u00e9lectrique et une bonne r\u00e9sistance \u00e0 la corrosion. Les plaques de graphite sont couramment utilis\u00e9es pour l'\u00e9lectrolyse, la galvanoplastie\uff0cet l'\u00e9lectrochimie de l'eau ou des solutions chimiques.<\/p>\n<p>Tout d'abord, en raison de l'inertie des <a href=\"https:\/\/jinsuncarbon.com\/fr\/pourquoi-les-electrodes-en-graphite-sont-elles-utilisees-dans-lelectrolyse\/\">graphite<\/a>Il ne r\u00e9agit pas chimiquement avec les substances chimiques contenues dans la solution \u00e0 la temp\u00e9rature ambiante. C'est pourquoi il est souvent utilis\u00e9 pour l'eau <a href=\"https:\/\/www.britannica.com\/science\/electrolysis\" target=\"_blank\" rel=\"noopener\">\u00e9lectrolyse<\/a>Le traitement des eaux us\u00e9es, par exemple, permet de d\u00e9composer l'hydrog\u00e8ne et l'oxyg\u00e8ne.<\/p>\n<p>Lorsqu'il est utilis\u00e9 dans des cellules \u00e9lectrolytiques, il peut \u00eatre immerg\u00e9 dans une solution d'acide chlorhydrique ou d'acide sulfurique. Il peut \u00eatre immerg\u00e9 dans une solution d'acide chlorhydrique ou d'acide sulfurique et utilis\u00e9 comme anode. En raison de son excellente conductivit\u00e9 \u00e9lectrique, vous pouvez l'utiliser pour transporter le courant dans la galvanoplastie.<\/p>\n<p>Parce qu'il est tr\u00e8s r\u00e9sistant \u00e0 l'usure et qu'il pr\u00e9sente une finition de surface \u00e9lev\u00e9e, il est utilis\u00e9 dans l'industrie des alliages d'aluminium pour fabriquer des produits lisses et beaux.  Ils sont \u00e9galement utilis\u00e9s dans les \u00e9quipements m\u00e9caniques.<\/p>\n<p>&nbsp;<\/p>\n<p><img fetchpriority=\"high\" decoding=\"async\" class=\"alignnone wp-image-4463\" src=\"https:\/\/jinsuncarbon.com\/wp-content\/uploads\/2023\/01\/Electrolysis-1024x672.jpg\" alt=\"\u00c9lectrolyse\" width=\"303\" height=\"199\" srcset=\"https:\/\/jinsuncarbon.com\/wp-content\/uploads\/2023\/01\/Electrolysis-1024x672.jpg 1024w, https:\/\/jinsuncarbon.com\/wp-content\/uploads\/2023\/01\/Electrolysis-600x394.jpg 600w, https:\/\/jinsuncarbon.com\/wp-content\/uploads\/2023\/01\/Electrolysis-300x197.jpg 300w, https:\/\/jinsuncarbon.com\/wp-content\/uploads\/2023\/01\/Electrolysis-768x504.jpg 768w, https:\/\/jinsuncarbon.com\/wp-content\/uploads\/2023\/01\/Electrolysis-18x12.jpg 18w, https:\/\/jinsuncarbon.com\/wp-content\/uploads\/2023\/01\/Electrolysis.jpg 1080w\" sizes=\"(max-width: 303px) 100vw, 303px\" \/> <img decoding=\"async\" class=\"alignnone wp-image-4464\" src=\"https:\/\/jinsuncarbon.com\/wp-content\/uploads\/2023\/01\/Electroplating-1024x612.jpg\" alt=\"Placage \u00e9lectrolytique\" width=\"334\" height=\"200\" srcset=\"https:\/\/jinsuncarbon.com\/wp-content\/uploads\/2023\/01\/Electroplating-1024x612.jpg 1024w, https:\/\/jinsuncarbon.com\/wp-content\/uploads\/2023\/01\/Electroplating-600x358.jpg 600w, https:\/\/jinsuncarbon.com\/wp-content\/uploads\/2023\/01\/Electroplating-300x179.jpg 300w, https:\/\/jinsuncarbon.com\/wp-content\/uploads\/2023\/01\/Electroplating-768x459.jpg 768w, https:\/\/jinsuncarbon.com\/wp-content\/uploads\/2023\/01\/Electroplating-18x12.jpg 18w, https:\/\/jinsuncarbon.com\/wp-content\/uploads\/2023\/01\/Electroplating.jpg 1080w\" sizes=\"(max-width: 334px) 100vw, 334px\" \/> <img decoding=\"async\" class=\"alignnone wp-image-4465\" src=\"https:\/\/jinsuncarbon.com\/wp-content\/uploads\/2023\/01\/Enegy-1024x558.jpg\" alt=\"Enegy\" width=\"367\" height=\"200\" srcset=\"https:\/\/jinsuncarbon.com\/wp-content\/uploads\/2023\/01\/Enegy-1024x558.jpg 1024w, https:\/\/jinsuncarbon.com\/wp-content\/uploads\/2023\/01\/Enegy-600x327.jpg 600w, https:\/\/jinsuncarbon.com\/wp-content\/uploads\/2023\/01\/Enegy-300x164.jpg 300w, https:\/\/jinsuncarbon.com\/wp-content\/uploads\/2023\/01\/Enegy-768x419.jpg 768w, https:\/\/jinsuncarbon.com\/wp-content\/uploads\/2023\/01\/Enegy-18x10.jpg 18w, https:\/\/jinsuncarbon.com\/wp-content\/uploads\/2023\/01\/Enegy.jpg 1080w\" sizes=\"(max-width: 367px) 100vw, 367px\" \/><\/p>\n<p>Industrie de l'\u00e9lectrolyse Industrie de la galvanoplastie Industrie de l'\u00e9nergie<\/p>\n<p>&nbsp;<\/p>\n<h2>Types de plaques de graphite<\/h2>\n<p>Il existe trois types de mat\u00e9riaux : le graphite de haute puret\u00e9, les particules fines et le graphite de haute puret\u00e9. <a href=\"https:\/\/en.wikipedia.org\/wiki\/Isostatic\" target=\"_blank\" rel=\"noopener\">isostatique<\/a> graphite.<\/p>\n<ul>\n<li>La densit\u00e9 de la s\u00e9rie de haute puret\u00e9 est tr\u00e8s \u00e9lev\u00e9e, \u00e0 1,80-1,85g\/cm3.<\/li>\n<li>La taille des particules fines est de 2 mm, 0,8 mm, avec une bonne r\u00e9sistance \u00e0 l'usure et un prix mod\u00e9r\u00e9.<\/li>\n<li>La s\u00e9rie isostatique est le premier choix pour les industries des semi-conducteurs et du photovolta\u00efque.<\/li>\n<li>Avec des sp\u00e9cifications vari\u00e9es et des produits personnalis\u00e9s, il peut r\u00e9pondre aux diff\u00e9rentes demandes de l'industrie.<\/li>\n<\/ul>\n<p>&nbsp;<\/p>\n<p><img loading=\"lazy\" decoding=\"async\" class=\"alignnone wp-image-4466 size-medium\" src=\"https:\/\/jinsuncarbon.com\/wp-content\/uploads\/2023\/01\/high-purity-graphite-plate-300x248.jpg\" alt=\"Plaque de graphite de haute puret\u00e9\" width=\"300\" height=\"248\" srcset=\"https:\/\/jinsuncarbon.com\/wp-content\/uploads\/2023\/01\/high-purity-graphite-plate-300x248.jpg 300w, https:\/\/jinsuncarbon.com\/wp-content\/uploads\/2023\/01\/high-purity-graphite-plate-600x496.jpg 600w, https:\/\/jinsuncarbon.com\/wp-content\/uploads\/2023\/01\/high-purity-graphite-plate-768x635.jpg 768w, https:\/\/jinsuncarbon.com\/wp-content\/uploads\/2023\/01\/high-purity-graphite-plate-15x12.jpg 15w, https:\/\/jinsuncarbon.com\/wp-content\/uploads\/2023\/01\/high-purity-graphite-plate.jpg 1024w\" sizes=\"(max-width: 300px) 100vw, 300px\" \/> <img loading=\"lazy\" decoding=\"async\" class=\"alignnone size-medium wp-image-4467\" src=\"https:\/\/jinsuncarbon.com\/wp-content\/uploads\/2023\/01\/Fine-particle-graphite-electrode-300x248.jpg\" alt=\"\u00c9lectrode en graphite \u00e0 particules fines\" width=\"300\" height=\"248\" srcset=\"https:\/\/jinsuncarbon.com\/wp-content\/uploads\/2023\/01\/Fine-particle-graphite-electrode-300x248.jpg 300w, https:\/\/jinsuncarbon.com\/wp-content\/uploads\/2023\/01\/Fine-particle-graphite-electrode-600x496.jpg 600w, https:\/\/jinsuncarbon.com\/wp-content\/uploads\/2023\/01\/Fine-particle-graphite-electrode-768x635.jpg 768w, https:\/\/jinsuncarbon.com\/wp-content\/uploads\/2023\/01\/Fine-particle-graphite-electrode-15x12.jpg 15w, https:\/\/jinsuncarbon.com\/wp-content\/uploads\/2023\/01\/Fine-particle-graphite-electrode.jpg 1024w\" sizes=\"(max-width: 300px) 100vw, 300px\" \/> <img loading=\"lazy\" decoding=\"async\" class=\"alignnone size-medium wp-image-4468\" src=\"https:\/\/jinsuncarbon.com\/wp-content\/uploads\/2023\/01\/Isostatic-graphite-plate-300x248.jpg\" alt=\"Plaque de graphite isostatique\" width=\"300\" height=\"248\" srcset=\"https:\/\/jinsuncarbon.com\/wp-content\/uploads\/2023\/01\/Isostatic-graphite-plate-300x248.jpg 300w, https:\/\/jinsuncarbon.com\/wp-content\/uploads\/2023\/01\/Isostatic-graphite-plate-600x496.jpg 600w, https:\/\/jinsuncarbon.com\/wp-content\/uploads\/2023\/01\/Isostatic-graphite-plate-768x635.jpg 768w, https:\/\/jinsuncarbon.com\/wp-content\/uploads\/2023\/01\/Isostatic-graphite-plate-15x12.jpg 15w, https:\/\/jinsuncarbon.com\/wp-content\/uploads\/2023\/01\/Isostatic-graphite-plate.jpg 1024w\" sizes=\"(max-width: 300px) 100vw, 300px\" \/><\/p>\n<p>&nbsp;<\/p>\n<h2>Caract\u00e9ristiques principales<\/h2>\n<p><strong>Conductivit\u00e9 thermique \u00e9lev\u00e9e :<\/strong> Il peut transf\u00e9rer rapidement la chaleur dans diverses applications de gestion thermique.<\/p>\n<p><strong>Excellente r\u00e9sistance \u00e9lectrique :<\/strong> Il convient aux applications \u00e9lectrolytiques et \u00e9lectroniques, assurant une isolation fiable et emp\u00eachant la formation d'arcs ou de courts-circuits.<\/p>\n<p><strong>R\u00e9sistance chimique :<\/strong> Il r\u00e9siste \u00e0 la plupart des produits chimiques et acides corrosifs, ce qui le rend id\u00e9al pour l'industrie chimique. M\u00eame dans des environnements chimiques difficiles, il ne se corrode pas et ne s'oxyde pas.<\/p>\n<p><strong>R\u00e9sistance m\u00e9canique et stabilit\u00e9 :<\/strong> R\u00e9sistance \u00e9lev\u00e9e \u00e0 la traction et faible dilatation sous l'effet des cycles thermiques. Il peut r\u00e9sister \u00e0 des environnements difficiles et conserver son int\u00e9grit\u00e9 structurelle au fil du temps.<\/p>\n<p><strong>Usin\u00e9 avec pr\u00e9cision : <\/strong>Garantit des dimensions pr\u00e9cises et une finition de surface lisse. Cela permet une int\u00e9gration facile dans une vari\u00e9t\u00e9 de syst\u00e8mes et d'applications, \u00e9conomisant ainsi du temps et des efforts lors de l'installation.<\/p>\n<h2>Pourquoi nous choisir ?<\/h2>\n<ul>\n<li>Les dimensions non standard peuvent \u00eatre con\u00e7ues et fabriqu\u00e9es sur la base de dessins et d'\u00e9chantillons.<\/li>\n<li>R\u00e9sistance aux temp\u00e9ratures \u00e9lev\u00e9es, \u00e0 l'oxydation, \u00e0 la corrosion et longue dur\u00e9e de vie.<\/li>\n<li>Largement utilis\u00e9 dans l'exploitation mini\u00e8re thermique, <a href=\"https:\/\/en.wikipedia.org\/wiki\/Metallurgy\" target=\"_blank\" rel=\"noopener\">m\u00e9tallurgie<\/a>l'industrie chimique et d'autres industries.<\/li>\n<\/ul>","protected":false},"excerpt":{"rendered":"<p>Les plaques de graphite sont utilis\u00e9es dans de nombreuses industries, notamment celles du papier, de l'\u00e9lectronique, du ciment, de la chimie et de l'a\u00e9rospatiale, pour diff\u00e9rentes fonctions et objectifs. Elles sont disponibles en diff\u00e9rentes tailles et formes et peuvent \u00eatre facilement personnalis\u00e9es en fonction des besoins. La plaque de graphite fin est utilis\u00e9e comme mat\u00e9riau d'\u00e9tanch\u00e9it\u00e9. Elles sont g\u00e9n\u00e9ralement plus fines que les feuilles de graphite, toujours uniform\u00e9ment plates et pr\u00e9sentent des angles de 90\u00b0. Elle est plus abordable que les autres produits en graphite et plus simple \u00e0 fabriquer\uff0cet peut pr\u00e9senter un motif ou une texture lisse.<\/p>","protected":false},"featured_media":2439,"template":"","meta":[],"product_brand":[],"product_cat":[38],"product_tag":[],"class_list":{"0":"post-2133","1":"product","2":"type-product","3":"status-publish","4":"has-post-thumbnail","6":"product_cat-graphite-products","8":"first","9":"instock","10":"shipping-taxable","11":"product-type-simple"},"yoast_head":"<!-- This site is optimized with the Yoast SEO Premium plugin v19.2.1 (Yoast SEO v25.3) - https:\/\/yoast.com\/wordpress\/plugins\/seo\/ -->\n<title>Graphite Plate Supplier<\/title>\n<meta name=\"description\" content=\"Graphite plate has the characteristics of high thermal conductivity, good electrical conductivity. It is made of petroleum coke and pitch coke.\" \/>\n<meta name=\"robots\" content=\"index, follow, max-snippet:-1, max-image-preview:large, max-video-preview:-1\" \/>\n<link rel=\"canonical\" href=\"https:\/\/jinsuncarbon.com\/fr\/produit-2\/plaque-de-graphite\/\" \/>\n<meta property=\"og:locale\" content=\"fr_FR\" \/>\n<meta property=\"og:type\" content=\"article\" \/>\n<meta property=\"og:title\" content=\"Graphite Plate\" \/>\n<meta property=\"og:description\" content=\"Graphite plate has the characteristics of high thermal conductivity, good electrical conductivity. It is made of petroleum coke and pitch coke.\" \/>\n<meta property=\"og:url\" content=\"https:\/\/jinsuncarbon.com\/fr\/produit-2\/plaque-de-graphite\/\" \/>\n<meta property=\"og:site_name\" content=\"Jinsun Carbon\" \/>\n<meta property=\"article:publisher\" content=\"https:\/\/www.facebook.com\/Graphite-Electrode-109336238661595\" \/>\n<meta property=\"article:modified_time\" content=\"2025-01-10T10:50:20+00:00\" \/>\n<meta property=\"og:image\" content=\"https:\/\/jinsuncarbon.com\/wp-content\/uploads\/2023\/01\/2525.jpg\" \/>\n\t<meta property=\"og:image:width\" content=\"1024\" \/>\n\t<meta property=\"og:image:height\" content=\"763\" \/>\n\t<meta property=\"og:image:type\" content=\"image\/jpeg\" \/>\n<meta name=\"twitter:card\" content=\"summary_large_image\" \/>\n<meta name=\"twitter:site\" content=\"@jinsuncarbon_\" \/>\n<meta name=\"twitter:label1\" content=\"Dur\u00e9e de lecture estim\u00e9e\" \/>\n\t<meta name=\"twitter:data1\" content=\"4 minutes\" \/>\n<script type=\"application\/ld+json\" class=\"yoast-schema-graph\">{\"@context\":\"https:\/\/schema.org\",\"@graph\":[{\"@type\":\"WebPage\",\"@id\":\"https:\/\/jinsuncarbon.com\/product\/graphite-plate\/\",\"url\":\"https:\/\/jinsuncarbon.com\/product\/graphite-plate\/\",\"name\":\"Graphite Plate Supplier\",\"isPartOf\":{\"@id\":\"https:\/\/jinsuncarbon.com\/#website\"},\"primaryImageOfPage\":{\"@id\":\"https:\/\/jinsuncarbon.com\/product\/graphite-plate\/#primaryimage\"},\"image\":{\"@id\":\"https:\/\/jinsuncarbon.com\/product\/graphite-plate\/#primaryimage\"},\"thumbnailUrl\":\"https:\/\/jinsuncarbon.com\/wp-content\/uploads\/2023\/01\/2525.jpg\",\"datePublished\":\"2023-01-30T09:12:04+00:00\",\"dateModified\":\"2025-01-10T10:50:20+00:00\",\"description\":\"Graphite plate has the characteristics of high thermal conductivity, good electrical conductivity. It is made of petroleum coke and pitch coke.\",\"breadcrumb\":{\"@id\":\"https:\/\/jinsuncarbon.com\/product\/graphite-plate\/#breadcrumb\"},\"inLanguage\":\"fr-FR\",\"potentialAction\":[{\"@type\":\"ReadAction\",\"target\":[\"https:\/\/jinsuncarbon.com\/product\/graphite-plate\/\"]}]},{\"@type\":\"ImageObject\",\"inLanguage\":\"fr-FR\",\"@id\":\"https:\/\/jinsuncarbon.com\/product\/graphite-plate\/#primaryimage\",\"url\":\"https:\/\/jinsuncarbon.com\/wp-content\/uploads\/2023\/01\/2525.jpg\",\"contentUrl\":\"https:\/\/jinsuncarbon.com\/wp-content\/uploads\/2023\/01\/2525.jpg\",\"width\":1024,\"height\":763,\"caption\":\"Graphite Plate\"},{\"@type\":\"BreadcrumbList\",\"@id\":\"https:\/\/jinsuncarbon.com\/product\/graphite-plate\/#breadcrumb\",\"itemListElement\":[{\"@type\":\"ListItem\",\"position\":1,\"name\":\"Home\",\"item\":\"https:\/\/jinsuncarbon.com\/\"},{\"@type\":\"ListItem\",\"position\":2,\"name\":\"Products\",\"item\":\"https:\/\/jinsuncarbon.com\/graphite-carbon\/\"},{\"@type\":\"ListItem\",\"position\":3,\"name\":\"Graphite Plate\"}]},{\"@type\":\"WebSite\",\"@id\":\"https:\/\/jinsuncarbon.com\/#website\",\"url\":\"https:\/\/jinsuncarbon.com\/\",\"name\":\"Jinsun Carbon\",\"description\":\"We are the successful graphite electrode manufacturer in China\",\"publisher\":{\"@id\":\"https:\/\/jinsuncarbon.com\/#organization\"},\"potentialAction\":[{\"@type\":\"SearchAction\",\"target\":{\"@type\":\"EntryPoint\",\"urlTemplate\":\"https:\/\/jinsuncarbon.com\/?s={search_term_string}\"},\"query-input\":{\"@type\":\"PropertyValueSpecification\",\"valueRequired\":true,\"valueName\":\"search_term_string\"}}],\"inLanguage\":\"fr-FR\"},{\"@type\":\"Organization\",\"@id\":\"https:\/\/jinsuncarbon.com\/#organization\",\"name\":\"Jinsun Carbon\",\"alternateName\":\"Jinsun Carbon\",\"url\":\"https:\/\/jinsuncarbon.com\/\",\"logo\":{\"@type\":\"ImageObject\",\"inLanguage\":\"fr-FR\",\"@id\":\"https:\/\/jinsuncarbon.com\/#\/schema\/logo\/image\/\",\"url\":\"https:\/\/jinsuncarbon.com\/wp-content\/uploads\/2022\/12\/LOGO-1.png\",\"contentUrl\":\"https:\/\/jinsuncarbon.com\/wp-content\/uploads\/2022\/12\/LOGO-1.png\",\"width\":207,\"height\":80,\"caption\":\"Jinsun Carbon\"},\"image\":{\"@id\":\"https:\/\/jinsuncarbon.com\/#\/schema\/logo\/image\/\"},\"sameAs\":[\"https:\/\/www.facebook.com\/Graphite-Electrode-109336238661595\",\"https:\/\/x.com\/jinsuncarbon_\",\"https:\/\/www.linkedin.com\/in\/jinsungraphite\",\"https:\/\/www.youtube.com\/channel\/UCysDNyvyR5-3cCWEmpkVC0g\"]}]}<\/script>\n<!-- \/ Yoast SEO Premium plugin. -->","yoast_head_json":{"title":"Fournisseur de plaques de graphite","description":"Les plaques de graphite ont une conductivit\u00e9 thermique \u00e9lev\u00e9e et une bonne conductivit\u00e9 \u00e9lectrique. Elle est fabriqu\u00e9e \u00e0 partir de coke de p\u00e9trole et de coke de brai.","robots":{"index":"index","follow":"follow","max-snippet":"max-snippet:-1","max-image-preview":"max-image-preview:large","max-video-preview":"max-video-preview:-1"},"canonical":"https:\/\/jinsuncarbon.com\/fr\/produit-2\/plaque-de-graphite\/","og_locale":"fr_FR","og_type":"article","og_title":"Graphite Plate","og_description":"Graphite plate has the characteristics of high thermal conductivity, good electrical conductivity. It is made of petroleum coke and pitch coke.","og_url":"https:\/\/jinsuncarbon.com\/fr\/produit-2\/plaque-de-graphite\/","og_site_name":"Jinsun Carbon","article_publisher":"https:\/\/www.facebook.com\/Graphite-Electrode-109336238661595","article_modified_time":"2025-01-10T10:50:20+00:00","og_image":[{"width":1024,"height":763,"url":"https:\/\/jinsuncarbon.com\/wp-content\/uploads\/2023\/01\/2525.jpg","type":"image\/jpeg"}],"twitter_card":"summary_large_image","twitter_site":"@jinsuncarbon_","twitter_misc":{"Dur\u00e9e de lecture estim\u00e9e":"4 minutes"},"schema":{"@context":"https:\/\/schema.org","@graph":[{"@type":"WebPage","@id":"https:\/\/jinsuncarbon.com\/product\/graphite-plate\/","url":"https:\/\/jinsuncarbon.com\/product\/graphite-plate\/","name":"Fournisseur de plaques de graphite","isPartOf":{"@id":"https:\/\/jinsuncarbon.com\/#website"},"primaryImageOfPage":{"@id":"https:\/\/jinsuncarbon.com\/product\/graphite-plate\/#primaryimage"},"image":{"@id":"https:\/\/jinsuncarbon.com\/product\/graphite-plate\/#primaryimage"},"thumbnailUrl":"https:\/\/jinsuncarbon.com\/wp-content\/uploads\/2023\/01\/2525.jpg","datePublished":"2023-01-30T09:12:04+00:00","dateModified":"2025-01-10T10:50:20+00:00","description":"Les plaques de graphite ont une conductivit\u00e9 thermique \u00e9lev\u00e9e et une bonne conductivit\u00e9 \u00e9lectrique. Elle est fabriqu\u00e9e \u00e0 partir de coke de p\u00e9trole et de coke de brai.","breadcrumb":{"@id":"https:\/\/jinsuncarbon.com\/product\/graphite-plate\/#breadcrumb"},"inLanguage":"fr-FR","potentialAction":[{"@type":"ReadAction","target":["https:\/\/jinsuncarbon.com\/product\/graphite-plate\/"]}]},{"@type":"ImageObject","inLanguage":"fr-FR","@id":"https:\/\/jinsuncarbon.com\/product\/graphite-plate\/#primaryimage","url":"https:\/\/jinsuncarbon.com\/wp-content\/uploads\/2023\/01\/2525.jpg","contentUrl":"https:\/\/jinsuncarbon.com\/wp-content\/uploads\/2023\/01\/2525.jpg","width":1024,"height":763,"caption":"Graphite Plate"},{"@type":"BreadcrumbList","@id":"https:\/\/jinsuncarbon.com\/product\/graphite-plate\/#breadcrumb","itemListElement":[{"@type":"ListItem","position":1,"name":"Home","item":"https:\/\/jinsuncarbon.com\/"},{"@type":"ListItem","position":2,"name":"Products","item":"https:\/\/jinsuncarbon.com\/graphite-carbon\/"},{"@type":"ListItem","position":3,"name":"Graphite Plate"}]},{"@type":"WebSite","@id":"https:\/\/jinsuncarbon.com\/#website","url":"https:\/\/jinsuncarbon.com\/","name":"Jinsun Carbon","description":"Nous sommes le fabricant d'\u00e9lectrodes en graphite le plus performant de Chine.","publisher":{"@id":"https:\/\/jinsuncarbon.com\/#organization"},"potentialAction":[{"@type":"SearchAction","target":{"@type":"EntryPoint","urlTemplate":"https:\/\/jinsuncarbon.com\/?s={search_term_string}"},"query-input":{"@type":"PropertyValueSpecification","valueRequired":true,"valueName":"search_term_string"}}],"inLanguage":"fr-FR"},{"@type":"Organization","@id":"https:\/\/jinsuncarbon.com\/#organization","name":"Jinsun Carbon","alternateName":"Jinsun Carbon","url":"https:\/\/jinsuncarbon.com\/","logo":{"@type":"ImageObject","inLanguage":"fr-FR","@id":"https:\/\/jinsuncarbon.com\/#\/schema\/logo\/image\/","url":"https:\/\/jinsuncarbon.com\/wp-content\/uploads\/2022\/12\/LOGO-1.png","contentUrl":"https:\/\/jinsuncarbon.com\/wp-content\/uploads\/2022\/12\/LOGO-1.png","width":207,"height":80,"caption":"Jinsun Carbon"},"image":{"@id":"https:\/\/jinsuncarbon.com\/#\/schema\/logo\/image\/"},"sameAs":["https:\/\/www.facebook.com\/Graphite-Electrode-109336238661595","https:\/\/x.com\/jinsuncarbon_","https:\/\/www.linkedin.com\/in\/jinsungraphite","https:\/\/www.youtube.com\/channel\/UCysDNyvyR5-3cCWEmpkVC0g"]}]}},"_links":{"self":[{"href":"https:\/\/jinsuncarbon.com\/fr\/wp-json\/wp\/v2\/product\/2133","targetHints":{"allow":["GET"]}}],"collection":[{"href":"https:\/\/jinsuncarbon.com\/fr\/wp-json\/wp\/v2\/product"}],"about":[{"href":"https:\/\/jinsuncarbon.com\/fr\/wp-json\/wp\/v2\/types\/product"}],"wp:featuredmedia":[{"embeddable":true,"href":"https:\/\/jinsuncarbon.com\/fr\/wp-json\/wp\/v2\/media\/2439"}],"wp:attachment":[{"href":"https:\/\/jinsuncarbon.com\/fr\/wp-json\/wp\/v2\/media?parent=2133"}],"wp:term":[{"taxonomy":"product_brand","embeddable":true,"href":"https:\/\/jinsuncarbon.com\/fr\/wp-json\/wp\/v2\/product_brand?post=2133"},{"taxonomy":"product_cat","embeddable":true,"href":"https:\/\/jinsuncarbon.com\/fr\/wp-json\/wp\/v2\/product_cat?post=2133"},{"taxonomy":"product_tag","embeddable":true,"href":"https:\/\/jinsuncarbon.com\/fr\/wp-json\/wp\/v2\/product_tag?post=2133"}],"curies":[{"name":"wp","href":"https:\/\/api.w.org\/{rel}","templated":true}]}}