{"id":2131,"date":"2024-09-30T09:10:18","date_gmt":"2024-09-30T09:10:18","guid":{"rendered":"https:\/\/jinsuncarbon.com\/?post_type=product&#038;p=2131"},"modified":"2024-12-13T06:27:48","modified_gmt":"2024-12-13T06:27:48","slug":"bloc-de-graphite","status":"publish","type":"product","link":"https:\/\/jinsuncarbon.com\/fr\/produit-2\/bloc-de-graphite\/","title":{"rendered":"Bloc de graphite"},"content":{"rendered":"<h2>Blocs de graphite \u00e0 vendre<\/h2>\n<p>Les blocs de graphite sont produits selon trois m\u00e9thodes standard : le moulage, l'extrusion et le pressage isostatique. Chaque processus garantit la cr\u00e9ation de structures de haute densit\u00e9 et uniformes pour le bloc de graphite.<\/p>\n<p style=\"text-align: left;\">\u00a01. Moulage : Le moulage par compression consiste \u00e0 placer une p\u00e2te transparente ou une poudre press\u00e9e dans un moule de la forme et de la taille souhait\u00e9es. Sous la pression, les particules s'entrecroisent, ce qui donne un bloc de graphite compact et durable.<\/p>\n<p style=\"text-align: left;\">\u00a02. Extrud\u00e9 : La mati\u00e8re premi\u00e8re subit une pression par le biais de la m\u00e9thode d'extrusion lorsqu'elle passe \u00e0 travers une fili\u00e8re de forme sp\u00e9cifique. Le compactage et la d\u00e9formation plastique produisent ensuite des tailles et des formes pr\u00e9cises.<\/p>\n<p style=\"text-align: left;\">3. Pressage isostatique : Nous utilisons <a href=\"https:\/\/oceanservice.noaa.gov\/facts\/glacial-adjustment.html\" target=\"_blank\" rel=\"noopener\">isostatique<\/a> pour fabriquer des blocs de graphite de haute densit\u00e9 et de grande puret\u00e9. Ce processus de fabrication unique consiste \u00e0 soumettre le mat\u00e9riau \u00e0 des temp\u00e9ratures et des pressions \u00e9lev\u00e9es. Il en r\u00e9sulte des produits d'une qualit\u00e9 et d'une durabilit\u00e9 exceptionnelles. Le cycle de fabrication est g\u00e9n\u00e9ralement plus long, plus de deux mois.<\/p>\n<p style=\"text-align: left;\">Le fabricant de carbone Jinsun produit des blocs de graphite \u00e0 haute teneur en carbone, class\u00e9s en fonction de la taille des particules, notamment \u00e0 grain moyen, \u00e0 grain fin et de haute puret\u00e9.<\/p>\n<h2>Avantages du bloc de graphite<\/h2>\n<ul>\n<li style=\"text-align: left;\">Excellente conductivit\u00e9 : Ils ont une conductivit\u00e9 \u00e9lectrique \u00e9lev\u00e9e, ce qui contribue \u00e0 am\u00e9liorer l'efficacit\u00e9 de la transmission du courant.<\/li>\n<li>R\u00e9sistance aux temp\u00e9ratures \u00e9lev\u00e9es : Il reste stable \u00e0 haute temp\u00e9rature et n'est pas facile \u00e0 d\u00e9former, ce qui le rend adapt\u00e9 aux applications \u00e0 haute temp\u00e9rature.<\/li>\n<li>Inertie chimique : Il pr\u00e9sente une bonne r\u00e9sistance \u00e0 la corrosion \u00e0 l'\u00e9gard d'une vari\u00e9t\u00e9 de produits chimiques, ce qui prolonge sa dur\u00e9e de vie.<\/li>\n<li>R\u00e9sistance m\u00e9canique : Ils ont une structure solide et sont r\u00e9sistants \u00e0 l'usure, ce qui les rend adapt\u00e9s \u00e0 divers environnements industriels.<\/li>\n<li style=\"text-align: left;\">Traitement facile : Il peut \u00eatre facilement coup\u00e9, rainur\u00e9 ou poin\u00e7onn\u00e9 pour s'adapter \u00e0 des applications industrielles sp\u00e9ciales.<\/li>\n<\/ul>\n<h2>Utilisation des blocs de graphite<\/h2>\n<p><strong>Utilis\u00e9 dans l'\u00e9lectrolyse :<\/strong> Ils sont indispensables en tant que conducteurs <a href=\"https:\/\/jinsuncarbon.com\/fr\/produit-2\/electrode-en-graphite\/\">\u00e9lectrodes<\/a> mat\u00e9riaux dans des industries telles que <a href=\"https:\/\/artoolworks.com\/\" target=\"_blank\" rel=\"noopener\">\u00e9lectrolytique<\/a> m\u00e9taux, magn\u00e9sium, nickel, etc. Il r\u00e9siste \u00e0 la corrosion, \u00e0 l'\u00e9rosion des produits chimiques tels que les acides et les alcalis, et conserve des performances stables.<\/p>\n<p><strong>Fours m\u00e9tallurgiques et de r\u00e9sistance :<\/strong> Ils sont utilis\u00e9s non seulement dans <a href=\"https:\/\/www.nature.com\/articles\/112755a0\" target=\"_blank\" rel=\"noopener\">fours m\u00e9tallurgiques<\/a>Il est \u00e9galement utilis\u00e9 dans les fours \u00e0 r\u00e9sistance, mais aussi dans d'autres applications n\u00e9cessitant une r\u00e9sistance aux temp\u00e9ratures \u00e9lev\u00e9es et une conductivit\u00e9 \u00e9lectrique.<\/p>\n<p><strong>Industrie chimique :<\/strong> Ils excellent comme mat\u00e9riaux de four pour les \u00e9quipements d'\u00e9change de chaleur r\u00e9sistant \u00e0 la corrosion et les fours \u00e0 haute temp\u00e9rature. Grand bloc de graphite <a href=\"https:\/\/www.mersen.com\/products\/anticorrosion-equipment\/heat-exchanger-manufacturer\/cubic-graphite-heat-exchangers\" target=\"_blank\" rel=\"noopener\">\u00e9changeur de chaleur<\/a> peuvent r\u00e9pondre aux exigences strictes de l'industrie chimique. Parce qu'ils ont une r\u00e9sistance sp\u00e9cifique plus \u00e9lev\u00e9e.<\/p>\n<p><strong>Industrie de la fonderie : <\/strong>Vous pouvez en faire <a href=\"https:\/\/jinsuncarbon.com\/fr\/moule-en-graphite-sur-mesure-pour-le-cabotage\/\">moule en graphite<\/a> pour la coul\u00e9e et la fusion. Sa densit\u00e9 tr\u00e8s \u00e9lev\u00e9e et sa structure compacte conviennent parfaitement \u00e0 la fusion de l'or, de l'argent et d'autres m\u00e9taux pr\u00e9cieux.<\/p>\n<p><strong>Industrie a\u00e9rospatiale :<\/strong> Ils sont r\u00e9sistants aux temp\u00e9ratures \u00e9lev\u00e9es, l\u00e9gers et tr\u00e8s r\u00e9sistants. C'est pourquoi ils sont largement utilis\u00e9s dans les industries a\u00e9rospatiale et militaire.<\/p>\n<p><img fetchpriority=\"high\" decoding=\"async\" class=\"alignnone wp-image-4449\" src=\"https:\/\/jinsuncarbon.com\/wp-content\/uploads\/2023\/01\/Chemical-Industry-1024x943.jpg\" alt=\"Industrie chimique\" width=\"262\" height=\"242\" srcset=\"https:\/\/jinsuncarbon.com\/wp-content\/uploads\/2023\/01\/Chemical-Industry-1024x943.jpg 1024w, https:\/\/jinsuncarbon.com\/wp-content\/uploads\/2023\/01\/Chemical-Industry-600x553.jpg 600w, https:\/\/jinsuncarbon.com\/wp-content\/uploads\/2023\/01\/Chemical-Industry-300x276.jpg 300w, https:\/\/jinsuncarbon.com\/wp-content\/uploads\/2023\/01\/Chemical-Industry-768x708.jpg 768w, https:\/\/jinsuncarbon.com\/wp-content\/uploads\/2023\/01\/Chemical-Industry-13x12.jpg 13w, https:\/\/jinsuncarbon.com\/wp-content\/uploads\/2023\/01\/Chemical-Industry.jpg 1080w\" sizes=\"(max-width: 262px) 100vw, 262px\" \/> \u00a0 <img decoding=\"async\" class=\"alignnone wp-image-4450\" src=\"https:\/\/jinsuncarbon.com\/wp-content\/uploads\/2023\/01\/Aerospace-industry-1024x578.jpg\" alt=\"Industrie a\u00e9rospatiale\" width=\"428\" height=\"242\" srcset=\"https:\/\/jinsuncarbon.com\/wp-content\/uploads\/2023\/01\/Aerospace-industry-1024x578.jpg 1024w, https:\/\/jinsuncarbon.com\/wp-content\/uploads\/2023\/01\/Aerospace-industry-600x339.jpg 600w, https:\/\/jinsuncarbon.com\/wp-content\/uploads\/2023\/01\/Aerospace-industry-300x169.jpg 300w, https:\/\/jinsuncarbon.com\/wp-content\/uploads\/2023\/01\/Aerospace-industry-768x434.jpg 768w, https:\/\/jinsuncarbon.com\/wp-content\/uploads\/2023\/01\/Aerospace-industry-18x10.jpg 18w, https:\/\/jinsuncarbon.com\/wp-content\/uploads\/2023\/01\/Aerospace-industry.jpg 1080w\" sizes=\"(max-width: 428px) 100vw, 428px\" \/><\/p>\n<p>Industrie de la fonderie Industrie chimique Industrie a\u00e9rospatiale<\/p>\n<p>&nbsp;<\/p>\n<h3>Sp\u00e9cifications techniques<\/h3>\n<table width=\"613\">\n<thead>\n<tr>\n<td width=\"218\"><strong>ITEM<\/strong><\/td>\n<td width=\"111\"><strong>Unit\u00e9<\/strong><\/td>\n<td colspan=\"3\" width=\"275\"><strong>Taille des particules<\/strong><\/td>\n<\/tr>\n<\/thead>\n<tbody>\n<tr>\n<td width=\"218\">Granularit\u00e9<\/td>\n<td width=\"111\">mm<\/td>\n<td width=\"92\">0,8 mm<\/td>\n<td width=\"93\">2mm<\/td>\n<td width=\"86\">4mm<\/td>\n<\/tr>\n<tr>\n<td width=\"218\">R\u00e9sistance<\/td>\n<td width=\"111\">\u03bc\u03a9m<\/td>\n<td width=\"92\">\u22647.5<\/td>\n<td width=\"93\">\u22648<\/td>\n<td width=\"86\">\u22648.5<\/td>\n<\/tr>\n<tr>\n<td width=\"218\">Densit\u00e9 en vrac<\/td>\n<td width=\"111\">g\/cm\u00b3<\/td>\n<td width=\"92\">\u22651.75<\/td>\n<td width=\"93\">\u22651.72<\/td>\n<td width=\"86\">\u22651.65<\/td>\n<\/tr>\n<tr>\n<td width=\"218\">R\u00e9sistance \u00e0 la compression<\/td>\n<td width=\"111\">MPa<\/td>\n<td width=\"92\">\u226536<\/td>\n<td width=\"93\">\u226535<\/td>\n<td width=\"86\">\u226534<\/td>\n<\/tr>\n<tr>\n<td width=\"218\">R\u00e9sistance \u00e0 la flexion<\/td>\n<td width=\"111\">MPa<\/td>\n<td width=\"92\">\u226515<\/td>\n<td width=\"93\">\u226514.5<\/td>\n<td width=\"86\">\u226514<\/td>\n<\/tr>\n<tr>\n<td width=\"218\">Fr\u00eane<\/td>\n<td width=\"111\">%<\/td>\n<td width=\"92\">\u22640.3<\/td>\n<td width=\"93\">\u22640.3<\/td>\n<td width=\"86\">\u22640.3<\/td>\n<\/tr>\n<tr>\n<td width=\"218\">Module d'\u00e9lasticit\u00e9<\/td>\n<td width=\"111\">Gpa<\/td>\n<td width=\"92\">\u22648<\/td>\n<td width=\"93\">\u22647<\/td>\n<td width=\"86\">\u22646<\/td>\n<\/tr>\n<tr>\n<td width=\"218\">CTE<\/td>\n<td width=\"111\">10^-6\/\u2103<\/td>\n<td width=\"92\">\u22643<\/td>\n<td width=\"93\">\u22642.5<\/td>\n<td width=\"86\">\u22642<\/td>\n<\/tr>\n<tr>\n<td width=\"218\">Porosit\u00e9<\/td>\n<td width=\"111\">%<\/td>\n<td width=\"92\">\u226518<\/td>\n<td width=\"93\">\u226520<\/td>\n<td width=\"86\">\u226522<\/td>\n<\/tr>\n<\/tbody>\n<\/table>\n<p>&nbsp;<\/p>\n<h2>JINSUN : Votre fournisseur de blocs de graphite<\/h2>\n<p>En tant que fabricant de blocs de graphite en Chine, chaque bloc de graphite est soumis \u00e0 des contr\u00f4les de qualit\u00e9 approfondis. Pour l'achat de tout type de bloc de graphite, nous nous assurons que la r\u00e9sistance sp\u00e9cifique et la r\u00e9sistance \u00e0 la compression r\u00e9pondent aux normes les plus \u00e9lev\u00e9es. Nous pouvons \u00e9galement r\u00e9pondre \u00e0 vos besoins de blocs de graphite usin\u00e9s sur mesure en fournissant vos dessins.<\/p>","protected":false},"excerpt":{"rendered":"<p>Les blocs de graphite ont une densit\u00e9 et une conductivit\u00e9 \u00e9lev\u00e9es, et peuvent \u00eatre utilis\u00e9s pour la coul\u00e9e m\u00e9tallurgique et l'industrie chimique. Ils sont notamment utilis\u00e9s dans les fours m\u00e9tallurgiques, les fours \u00e0 carbure de silicium, les fours de graphitisation, les \u00e9changeurs de chaleur chimiques, etc. D'une grande pr\u00e9cision m\u00e9canique, ils peuvent prendre diff\u00e9rentes formes telles que des cercles, des rectangles et des trap\u00e8zes. Les plus grandes dimensions de blocs solides que nous pouvons produire sont les suivantes : longueur maximale de 2500 mm, largeur maximale de 600 mm et hauteur maximale de 600 mm.  En outre, les types de mat\u00e9riaux que nous pouvons fournir comprennent : les blocs de graphite moul\u00e9s, les blocs de graphite de haute puret\u00e9 et les blocs de graphite isostatique.<\/p>","protected":false},"featured_media":2453,"template":"","meta":[],"product_brand":[],"product_cat":[38],"product_tag":[],"class_list":{"0":"post-2131","1":"product","2":"type-product","3":"status-publish","4":"has-post-thumbnail","6":"product_cat-graphite-products","8":"first","9":"instock","10":"shipping-taxable","11":"product-type-simple"},"yoast_head":"<!-- This site is optimized with the Yoast SEO Premium plugin v19.2.1 (Yoast SEO v25.3) - https:\/\/yoast.com\/wordpress\/plugins\/seo\/ -->\n<title>Graphite Block Manufacturer - Best Price<\/title>\n<meta name=\"description\" content=\"Graphite blocks can be molded into various shapes. Due to its high density and high conductivity, it is used in metallurgical casting and chemical industry.\" \/>\n<meta name=\"robots\" content=\"index, follow, max-snippet:-1, max-image-preview:large, max-video-preview:-1\" \/>\n<link rel=\"canonical\" href=\"https:\/\/jinsuncarbon.com\/fr\/produit-2\/bloc-de-graphite\/\" \/>\n<meta property=\"og:locale\" content=\"fr_FR\" \/>\n<meta property=\"og:type\" content=\"article\" \/>\n<meta property=\"og:title\" content=\"Graphite Block\" \/>\n<meta property=\"og:description\" content=\"Graphite blocks can be molded into various shapes. Due to its high density and high conductivity, it is used in metallurgical casting and chemical industry.\" \/>\n<meta property=\"og:url\" content=\"https:\/\/jinsuncarbon.com\/fr\/produit-2\/bloc-de-graphite\/\" \/>\n<meta property=\"og:site_name\" content=\"Jinsun Carbon\" \/>\n<meta property=\"article:publisher\" content=\"https:\/\/www.facebook.com\/Graphite-Electrode-109336238661595\" \/>\n<meta property=\"article:modified_time\" content=\"2024-12-13T06:27:48+00:00\" \/>\n<meta property=\"og:image\" content=\"https:\/\/jinsuncarbon.com\/wp-content\/uploads\/2023\/01\/7351.jpg\" \/>\n\t<meta property=\"og:image:width\" content=\"1173\" \/>\n\t<meta property=\"og:image:height\" content=\"1028\" \/>\n\t<meta property=\"og:image:type\" content=\"image\/jpeg\" \/>\n<meta name=\"twitter:card\" content=\"summary_large_image\" \/>\n<meta name=\"twitter:site\" content=\"@jinsuncarbon_\" \/>\n<meta name=\"twitter:label1\" content=\"Dur\u00e9e de lecture estim\u00e9e\" \/>\n\t<meta name=\"twitter:data1\" content=\"3 minutes\" \/>\n<script type=\"application\/ld+json\" class=\"yoast-schema-graph\">{\"@context\":\"https:\/\/schema.org\",\"@graph\":[{\"@type\":\"WebPage\",\"@id\":\"https:\/\/jinsuncarbon.com\/product\/graphite-block\/\",\"url\":\"https:\/\/jinsuncarbon.com\/product\/graphite-block\/\",\"name\":\"Graphite Block Manufacturer - Best Price\",\"isPartOf\":{\"@id\":\"https:\/\/jinsuncarbon.com\/#website\"},\"primaryImageOfPage\":{\"@id\":\"https:\/\/jinsuncarbon.com\/product\/graphite-block\/#primaryimage\"},\"image\":{\"@id\":\"https:\/\/jinsuncarbon.com\/product\/graphite-block\/#primaryimage\"},\"thumbnailUrl\":\"https:\/\/jinsuncarbon.com\/wp-content\/uploads\/2023\/01\/7351.jpg\",\"datePublished\":\"2024-09-30T09:10:18+00:00\",\"dateModified\":\"2024-12-13T06:27:48+00:00\",\"description\":\"Graphite blocks can be molded into various shapes. Due to its high density and high conductivity, it is used in metallurgical casting and chemical industry.\",\"breadcrumb\":{\"@id\":\"https:\/\/jinsuncarbon.com\/product\/graphite-block\/#breadcrumb\"},\"inLanguage\":\"fr-FR\",\"potentialAction\":[{\"@type\":\"ReadAction\",\"target\":[\"https:\/\/jinsuncarbon.com\/product\/graphite-block\/\"]}]},{\"@type\":\"ImageObject\",\"inLanguage\":\"fr-FR\",\"@id\":\"https:\/\/jinsuncarbon.com\/product\/graphite-block\/#primaryimage\",\"url\":\"https:\/\/jinsuncarbon.com\/wp-content\/uploads\/2023\/01\/7351.jpg\",\"contentUrl\":\"https:\/\/jinsuncarbon.com\/wp-content\/uploads\/2023\/01\/7351.jpg\",\"width\":1173,\"height\":1028,\"caption\":\"Graphite Block manufacturer\"},{\"@type\":\"BreadcrumbList\",\"@id\":\"https:\/\/jinsuncarbon.com\/product\/graphite-block\/#breadcrumb\",\"itemListElement\":[{\"@type\":\"ListItem\",\"position\":1,\"name\":\"Home\",\"item\":\"https:\/\/jinsuncarbon.com\/\"},{\"@type\":\"ListItem\",\"position\":2,\"name\":\"Products\",\"item\":\"https:\/\/jinsuncarbon.com\/graphite-carbon\/\"},{\"@type\":\"ListItem\",\"position\":3,\"name\":\"Graphite Block\"}]},{\"@type\":\"WebSite\",\"@id\":\"https:\/\/jinsuncarbon.com\/#website\",\"url\":\"https:\/\/jinsuncarbon.com\/\",\"name\":\"Jinsun Carbon\",\"description\":\"We are the successful graphite electrode manufacturer in China\",\"publisher\":{\"@id\":\"https:\/\/jinsuncarbon.com\/#organization\"},\"potentialAction\":[{\"@type\":\"SearchAction\",\"target\":{\"@type\":\"EntryPoint\",\"urlTemplate\":\"https:\/\/jinsuncarbon.com\/?s={search_term_string}\"},\"query-input\":{\"@type\":\"PropertyValueSpecification\",\"valueRequired\":true,\"valueName\":\"search_term_string\"}}],\"inLanguage\":\"fr-FR\"},{\"@type\":\"Organization\",\"@id\":\"https:\/\/jinsuncarbon.com\/#organization\",\"name\":\"Jinsun Carbon\",\"alternateName\":\"Jinsun Carbon\",\"url\":\"https:\/\/jinsuncarbon.com\/\",\"logo\":{\"@type\":\"ImageObject\",\"inLanguage\":\"fr-FR\",\"@id\":\"https:\/\/jinsuncarbon.com\/#\/schema\/logo\/image\/\",\"url\":\"https:\/\/jinsuncarbon.com\/wp-content\/uploads\/2022\/12\/LOGO-1.png\",\"contentUrl\":\"https:\/\/jinsuncarbon.com\/wp-content\/uploads\/2022\/12\/LOGO-1.png\",\"width\":207,\"height\":80,\"caption\":\"Jinsun Carbon\"},\"image\":{\"@id\":\"https:\/\/jinsuncarbon.com\/#\/schema\/logo\/image\/\"},\"sameAs\":[\"https:\/\/www.facebook.com\/Graphite-Electrode-109336238661595\",\"https:\/\/x.com\/jinsuncarbon_\",\"https:\/\/www.linkedin.com\/in\/jinsungraphite\",\"https:\/\/www.youtube.com\/channel\/UCysDNyvyR5-3cCWEmpkVC0g\"]}]}<\/script>\n<!-- \/ Yoast SEO Premium plugin. -->","yoast_head_json":{"title":"Fabricant de blocs de graphite - Meilleur prix","description":"Les blocs de graphite peuvent \u00eatre moul\u00e9s en diff\u00e9rentes formes. En raison de leur densit\u00e9 et de leur conductivit\u00e9 \u00e9lev\u00e9es, ils sont utilis\u00e9s dans les fonderies m\u00e9tallurgiques et l'industrie chimique.","robots":{"index":"index","follow":"follow","max-snippet":"max-snippet:-1","max-image-preview":"max-image-preview:large","max-video-preview":"max-video-preview:-1"},"canonical":"https:\/\/jinsuncarbon.com\/fr\/produit-2\/bloc-de-graphite\/","og_locale":"fr_FR","og_type":"article","og_title":"Graphite Block","og_description":"Graphite blocks can be molded into various shapes. Due to its high density and high conductivity, it is used in metallurgical casting and chemical industry.","og_url":"https:\/\/jinsuncarbon.com\/fr\/produit-2\/bloc-de-graphite\/","og_site_name":"Jinsun Carbon","article_publisher":"https:\/\/www.facebook.com\/Graphite-Electrode-109336238661595","article_modified_time":"2024-12-13T06:27:48+00:00","og_image":[{"width":1173,"height":1028,"url":"https:\/\/jinsuncarbon.com\/wp-content\/uploads\/2023\/01\/7351.jpg","type":"image\/jpeg"}],"twitter_card":"summary_large_image","twitter_site":"@jinsuncarbon_","twitter_misc":{"Dur\u00e9e de lecture estim\u00e9e":"3 minutes"},"schema":{"@context":"https:\/\/schema.org","@graph":[{"@type":"WebPage","@id":"https:\/\/jinsuncarbon.com\/product\/graphite-block\/","url":"https:\/\/jinsuncarbon.com\/product\/graphite-block\/","name":"Fabricant de blocs de graphite - Meilleur prix","isPartOf":{"@id":"https:\/\/jinsuncarbon.com\/#website"},"primaryImageOfPage":{"@id":"https:\/\/jinsuncarbon.com\/product\/graphite-block\/#primaryimage"},"image":{"@id":"https:\/\/jinsuncarbon.com\/product\/graphite-block\/#primaryimage"},"thumbnailUrl":"https:\/\/jinsuncarbon.com\/wp-content\/uploads\/2023\/01\/7351.jpg","datePublished":"2024-09-30T09:10:18+00:00","dateModified":"2024-12-13T06:27:48+00:00","description":"Les blocs de graphite peuvent \u00eatre moul\u00e9s en diff\u00e9rentes formes. En raison de leur densit\u00e9 et de leur conductivit\u00e9 \u00e9lev\u00e9es, ils sont utilis\u00e9s dans les fonderies m\u00e9tallurgiques et l'industrie chimique.","breadcrumb":{"@id":"https:\/\/jinsuncarbon.com\/product\/graphite-block\/#breadcrumb"},"inLanguage":"fr-FR","potentialAction":[{"@type":"ReadAction","target":["https:\/\/jinsuncarbon.com\/product\/graphite-block\/"]}]},{"@type":"ImageObject","inLanguage":"fr-FR","@id":"https:\/\/jinsuncarbon.com\/product\/graphite-block\/#primaryimage","url":"https:\/\/jinsuncarbon.com\/wp-content\/uploads\/2023\/01\/7351.jpg","contentUrl":"https:\/\/jinsuncarbon.com\/wp-content\/uploads\/2023\/01\/7351.jpg","width":1173,"height":1028,"caption":"Graphite Block manufacturer"},{"@type":"BreadcrumbList","@id":"https:\/\/jinsuncarbon.com\/product\/graphite-block\/#breadcrumb","itemListElement":[{"@type":"ListItem","position":1,"name":"Home","item":"https:\/\/jinsuncarbon.com\/"},{"@type":"ListItem","position":2,"name":"Products","item":"https:\/\/jinsuncarbon.com\/graphite-carbon\/"},{"@type":"ListItem","position":3,"name":"Graphite Block"}]},{"@type":"WebSite","@id":"https:\/\/jinsuncarbon.com\/#website","url":"https:\/\/jinsuncarbon.com\/","name":"Jinsun Carbon","description":"Nous sommes le fabricant d'\u00e9lectrodes en graphite le plus performant de Chine.","publisher":{"@id":"https:\/\/jinsuncarbon.com\/#organization"},"potentialAction":[{"@type":"SearchAction","target":{"@type":"EntryPoint","urlTemplate":"https:\/\/jinsuncarbon.com\/?s={search_term_string}"},"query-input":{"@type":"PropertyValueSpecification","valueRequired":true,"valueName":"search_term_string"}}],"inLanguage":"fr-FR"},{"@type":"Organization","@id":"https:\/\/jinsuncarbon.com\/#organization","name":"Jinsun Carbon","alternateName":"Jinsun Carbon","url":"https:\/\/jinsuncarbon.com\/","logo":{"@type":"ImageObject","inLanguage":"fr-FR","@id":"https:\/\/jinsuncarbon.com\/#\/schema\/logo\/image\/","url":"https:\/\/jinsuncarbon.com\/wp-content\/uploads\/2022\/12\/LOGO-1.png","contentUrl":"https:\/\/jinsuncarbon.com\/wp-content\/uploads\/2022\/12\/LOGO-1.png","width":207,"height":80,"caption":"Jinsun Carbon"},"image":{"@id":"https:\/\/jinsuncarbon.com\/#\/schema\/logo\/image\/"},"sameAs":["https:\/\/www.facebook.com\/Graphite-Electrode-109336238661595","https:\/\/x.com\/jinsuncarbon_","https:\/\/www.linkedin.com\/in\/jinsungraphite","https:\/\/www.youtube.com\/channel\/UCysDNyvyR5-3cCWEmpkVC0g"]}]}},"_links":{"self":[{"href":"https:\/\/jinsuncarbon.com\/fr\/wp-json\/wp\/v2\/product\/2131","targetHints":{"allow":["GET"]}}],"collection":[{"href":"https:\/\/jinsuncarbon.com\/fr\/wp-json\/wp\/v2\/product"}],"about":[{"href":"https:\/\/jinsuncarbon.com\/fr\/wp-json\/wp\/v2\/types\/product"}],"wp:featuredmedia":[{"embeddable":true,"href":"https:\/\/jinsuncarbon.com\/fr\/wp-json\/wp\/v2\/media\/2453"}],"wp:attachment":[{"href":"https:\/\/jinsuncarbon.com\/fr\/wp-json\/wp\/v2\/media?parent=2131"}],"wp:term":[{"taxonomy":"product_brand","embeddable":true,"href":"https:\/\/jinsuncarbon.com\/fr\/wp-json\/wp\/v2\/product_brand?post=2131"},{"taxonomy":"product_cat","embeddable":true,"href":"https:\/\/jinsuncarbon.com\/fr\/wp-json\/wp\/v2\/product_cat?post=2131"},{"taxonomy":"product_tag","embeddable":true,"href":"https:\/\/jinsuncarbon.com\/fr\/wp-json\/wp\/v2\/product_tag?post=2131"}],"curies":[{"name":"wp","href":"https:\/\/api.w.org\/{rel}","templated":true}]}}