{"id":2129,"date":"2023-01-30T09:07:59","date_gmt":"2023-01-30T09:07:59","guid":{"rendered":"https:\/\/jinsuncarbon.com\/?post_type=product&#038;p=2129"},"modified":"2024-11-03T13:16:47","modified_gmt":"2024-11-03T13:16:47","slug":"electrode-en-graphite-rp","status":"publish","type":"product","link":"https:\/\/jinsuncarbon.com\/fr\/produit-2\/electrode-en-graphite-rp\/","title":{"rendered":"RP Electrode en graphite"},"content":{"rendered":"<div id=\"igc-ui-kit-r3ip-tag\" class=\"___STag_13gq5_gg_ _size_l_13gq5_gg_ _theme_primary_13gq5_gg_\" tabindex=\"-1\" data-ui-name=\"Tag\"><\/div>\n<p><strong>Les \u00e9lectrodes en graphite RP sont principalement compos\u00e9es de coke de p\u00e9trole, de coke d'aiguille comme mati\u00e8re premi\u00e8re, de brai de charbon comme liant, de calcination, d'ingr\u00e9dients, de p\u00e9trissage, de moulage, de cuisson, de graphitisation et de traitement m\u00e9canique.<\/strong><\/p>\n<p>Le cycle de production est d'environ 45 jours et l'\u00e9lectrode en graphite RP est principalement utilis\u00e9e pour la fusion de l'acier ordinaire, du silicium et du phosphore jaune dans les fours \u00e0 arc \u00e9lectrique. Elle est utilis\u00e9e dans les fours \u00e0 arc \u00e9lectrique sous la forme d'un arc conducteur d'\u00e9lectricit\u00e9 pour chauffer la charge du four de fusion.<\/p>\n<p>Il a une grande capacit\u00e9 \u00e9lectrique <a href=\"https:\/\/www.sciencedirect.com\/topics\/materials-science\/conductivity\" target=\"_blank\" rel=\"noopener\">conductivit\u00e9<\/a>Les produits de cette cat\u00e9gorie sont les suivants : la r\u00e9sistance aux chocs thermiques, la r\u00e9sistance \u00e0 l'oxydation et \u00e0 la corrosion, la longue dur\u00e9e de vie, la capacit\u00e9 \u00e0 fonctionner \u00e0 des temp\u00e9ratures \u00e9lev\u00e9es et le faible impact sur l'environnement.<\/p>\n<h2>Utilisations industrielles de l'\u00e9lectrode en graphite RP<\/h2>\n<p>Puissance r\u00e9guli\u00e8re rp <a href=\"https:\/\/jinsuncarbon.com\/fr\/produit-2\/electrode-en-graphite\/\">\u00e9lectrodes en graphite<\/a> sont largement utilis\u00e9s pour la production d'acier par four \u00e0 arc \u00e9lectrique, la coul\u00e9e m\u00e9tallurgique et d'autres industries. Ils sont utilis\u00e9s dans les fours \u00e0 arc \u00e9lectrique, les fours \u00e0 poche et les fours \u00e0 arc submerg\u00e9. Ils sont \u00e9galement utilis\u00e9s dans d'autres processus de fusion o\u00f9 des environnements \u00e0 haute temp\u00e9rature et une conductivit\u00e9 \u00e9lectrique efficace sont essentiels.<\/p>\n<p>Il fournit un chemin conducteur pour le passage du courant dans le <a href=\"https:\/\/en.wikipedia.org\/wiki\/Electric_arc_furnace\" target=\"_blank\" rel=\"noopener\">four \u00e0 arc \u00e9lectrique<\/a>. Il permet \u00e9galement un contr\u00f4le pr\u00e9cis des temp\u00e9ratures et des courants \u00e9lectriques n\u00e9cessaires \u00e0 la fusion, \u00e0 l'affinage et \u00e0 l'alliage dans les processus de fusion. En raison de leur conductivit\u00e9 \u00e9lectrique uniforme et de leur faible dilatation thermique, ils conviennent aux fours \u00e9lectriques \u00e0 arc. <a href=\"https:\/\/www.britannica.com\/technology\/steel\/Primary-steelmaking\" target=\"_blank\" rel=\"noopener\">le processus de fabrication de l'acier.<\/a><\/p>\n<p>Il est important de noter qu'elles ne peuvent pas \u00eatre utilis\u00e9es dans les fours \u00e9lectriques \u00e0 arc \u00e0 tr\u00e8s haute puissance et \u00e0 haute puissance. Diff\u00e9rentes qualit\u00e9s d'\u00e9lectrodes en graphite conviennent \u00e0 diff\u00e9rents fours \u00e9lectriques.<\/p>\n<p><img fetchpriority=\"high\" decoding=\"async\" class=\"alignnone wp-image-2964\" src=\"https:\/\/jinsuncarbon.com\/wp-content\/uploads\/2022\/12\/7-1-300x200.jpg\" alt=\"\u00c9lectrodes en graphite pour four \u00e0 arc \u00e9lectrique destin\u00e9es \u00e0 la fabrication d&#039;acier - Jinsun Carbon\" width=\"422\" height=\"281\" srcset=\"https:\/\/jinsuncarbon.com\/wp-content\/uploads\/2022\/12\/7-1-300x200.jpg 300w, https:\/\/jinsuncarbon.com\/wp-content\/uploads\/2022\/12\/7-1-600x400.jpg 600w, https:\/\/jinsuncarbon.com\/wp-content\/uploads\/2022\/12\/7-1-768x512.jpg 768w, https:\/\/jinsuncarbon.com\/wp-content\/uploads\/2022\/12\/7-1.jpg 1024w\" sizes=\"(max-width: 422px) 100vw, 422px\" \/> \u00a0<img decoding=\"async\" class=\"alignnone wp-image-2488\" src=\"https:\/\/jinsuncarbon.com\/wp-content\/uploads\/2023\/02\/888-300x200.jpg\" alt=\"Les \u00e9lectrodes en graphite sont utilis\u00e9es dans la fabrication de l&#039;acier par four \u00e9lectrique \u00e0 arc.\" width=\"419\" height=\"279\" srcset=\"https:\/\/jinsuncarbon.com\/wp-content\/uploads\/2023\/02\/888-300x200.jpg 300w, https:\/\/jinsuncarbon.com\/wp-content\/uploads\/2023\/02\/888.jpg 600w\" sizes=\"(max-width: 419px) 100vw, 419px\" \/><\/p>\n<p>&nbsp;<\/p>\n<h2>Avantage<\/h2>\n<ul>\n<li>Mat\u00e9riaux de haute qualit\u00e9, utilisant des mat\u00e9riaux de haute qualit\u00e9 et de haute puret\u00e9 <a href=\"https:\/\/jinsuncarbon.com\/fr\/produit-2\/coke-de-petrole-calcine\/\">coke de p\u00e9trole<\/a> et de la coke de poix.<\/li>\n<li>Hautement conducteur. En raison de sa faible r\u00e9sistivit\u00e9, il est plus facile pour le courant \u00e9lectrique de le traverser dans un four \u00e0 arc \u00e9lectrique.<\/li>\n<li>Il poss\u00e8de une grande r\u00e9sistance m\u00e9canique, une forte r\u00e9sistance \u00e0 la flexion et \u00e0 la compression, et n'est donc pas facile \u00e0 segmenter ou \u00e0 casser.<\/li>\n<li>Le co\u00fbt est faible, car le processus de fabrication est relativement simple, et le prix est bas.<\/li>\n<li>Grande pr\u00e9cision d'usinage, ce qui permet d'obtenir un bon \u00e9tat de surface.<\/li>\n<\/ul>\n<p>&nbsp;<\/p>\n<h2>Sp\u00e9cifications<\/h2>\n<p><strong>Capacit\u00e9s de transport de courant admissibles<\/strong><\/p>\n<table width=\"584\">\n<tbody>\n<tr>\n<td colspan=\"2\" width=\"284\">Nominal<\/td>\n<td colspan=\"2\" width=\"300\">\u00c9lectrodes en graphite RP<\/td>\n<\/tr>\n<tr>\n<td width=\"142\">mm<\/td>\n<td width=\"142\">pouce<\/td>\n<td width=\"158\">Portage de courant<\/p>\n<p>Capacit\u00e9\uff08A\uff09<\/td>\n<td width=\"142\">Densit\u00e9 actuelle<\/p>\n<p>\uff08A\/cm<sup>2<\/sup>\uff09<\/td>\n<\/tr>\n<tr>\n<td width=\"142\">300<\/td>\n<td width=\"142\">12<\/td>\n<td width=\"158\">10000~13000<\/td>\n<td width=\"142\">14~18<\/td>\n<\/tr>\n<tr>\n<td width=\"142\">350<\/td>\n<td width=\"142\">14<\/td>\n<td width=\"158\">13500~18000<\/td>\n<td width=\"142\">14~18<\/td>\n<\/tr>\n<tr>\n<td width=\"142\">400<\/td>\n<td width=\"142\">16<\/td>\n<td width=\"158\">18000~23500<\/td>\n<td width=\"142\">14~18<\/td>\n<\/tr>\n<tr>\n<td width=\"142\">450<\/td>\n<td width=\"142\">18<\/td>\n<td width=\"158\">22000~27000<\/td>\n<td width=\"142\">13~17<\/td>\n<\/tr>\n<tr>\n<td width=\"142\">500<\/td>\n<td width=\"142\">20<\/td>\n<td width=\"158\">25000~32000<\/td>\n<td width=\"142\">13~16<\/td>\n<\/tr>\n<tr>\n<td width=\"142\">600<\/td>\n<td width=\"142\">24<\/td>\n<td width=\"158\">35000~41000<\/td>\n<td width=\"142\">13~15<\/td>\n<\/tr>\n<\/tbody>\n<\/table>\n<p>&nbsp;<\/p>\n<p><strong>Propri\u00e9t\u00e9s physiques et chimiques de l'\u00e9lectrode et de l'embout<\/strong><\/p>\n<table width=\"531\">\n<tbody>\n<tr>\n<td colspan=\"2\" rowspan=\"2\" width=\"223\">RP Electrode en graphite<\/td>\n<td rowspan=\"2\" width=\"59\">Unit\u00e9<\/td>\n<td colspan=\"3\" width=\"249\">Diam\u00e8tre<\/td>\n<\/tr>\n<tr>\n<td width=\"79\">12\"-16\"<\/td>\n<td width=\"85\">18\"-20\"<\/td>\n<td width=\"85\">24\"<\/td>\n<\/tr>\n<tr>\n<td rowspan=\"2\" width=\"148\">R\u00e9sistance sp\u00e9cifique<\/td>\n<td width=\"76\">\u00c9lectrode<\/td>\n<td rowspan=\"2\" width=\"59\">\u03bc\u03a9-m<\/td>\n<td width=\"79\"><strong>\u2264<\/strong>8.0<\/td>\n<td width=\"85\"><strong>\u2264<\/strong>8.0<\/td>\n<td width=\"85\"><strong>\u2264<\/strong>9.0<\/td>\n<\/tr>\n<tr>\n<td width=\"76\">T\u00e9ton<\/td>\n<td width=\"79\"><strong>\u2264<\/strong>7.0<\/td>\n<td width=\"85\"><strong>\u2264<\/strong>7.0<\/td>\n<td width=\"85\"><strong>\u2264<\/strong>7.0<\/td>\n<\/tr>\n<tr>\n<td rowspan=\"2\" width=\"148\">R\u00e9sistance transversale<\/td>\n<td width=\"76\">\u00c9lectrode<\/td>\n<td rowspan=\"2\" width=\"59\">\u039c\u0420a<\/td>\n<td width=\"79\"><strong>\u2265<\/strong>6.8<\/td>\n<td width=\"85\"><strong>\u2265<\/strong>6.4<\/td>\n<td width=\"85\"><strong>\u2265<\/strong>6.4<\/td>\n<\/tr>\n<tr>\n<td width=\"76\">T\u00e9ton<\/td>\n<td width=\"79\"><strong>\u2265<\/strong>15.0<\/td>\n<td width=\"85\"><strong>\u2265<\/strong>13.0<\/td>\n<td width=\"85\"><strong>\u2265<\/strong>13.0<\/td>\n<\/tr>\n<tr>\n<td rowspan=\"2\" width=\"148\">Module d'\u00e9lasticit\u00e9<\/td>\n<td width=\"76\">\u00c9lectrode<\/td>\n<td rowspan=\"2\" width=\"59\">G\u0420a<\/td>\n<td width=\"79\"><strong>\u2264<\/strong>9.3<\/td>\n<td width=\"85\"><strong>\u2264<\/strong>9.3<\/td>\n<td width=\"85\"><strong>\u2264<\/strong>9.3<\/td>\n<\/tr>\n<tr>\n<td width=\"76\">T\u00e9ton<\/td>\n<td width=\"79\"><strong>\u2264<\/strong>14.0<\/td>\n<td width=\"85\"><strong>\u2264<\/strong>14.0<\/td>\n<td width=\"85\"><strong>\u2264<\/strong>14.0<\/td>\n<\/tr>\n<tr>\n<td rowspan=\"2\" width=\"148\">Densit\u00e9 en vrac<\/td>\n<td width=\"76\">\u00c9lectrode<\/td>\n<td rowspan=\"2\" width=\"59\">g\u2215\u339d<sup>3<\/sup><\/td>\n<td width=\"79\"><strong>\u2265<\/strong>1.56<\/td>\n<td width=\"85\"><strong>\u2265<\/strong>1.56<\/td>\n<td width=\"85\"><strong>\u2265<\/strong>1.55<\/td>\n<\/tr>\n<tr>\n<td width=\"76\">T\u00e9ton<\/td>\n<td width=\"79\"><strong>\u2265<\/strong>1.70<\/td>\n<td width=\"85\"><strong>\u2265<\/strong>1.70<\/td>\n<td width=\"85\"><strong>\u2265<\/strong>1.72<\/td>\n<\/tr>\n<tr>\n<td rowspan=\"2\" width=\"148\">C.T.E<\/p>\n<p>\uff08100\uff5e600\u2103\uff09<\/td>\n<td width=\"76\">\u00c9lectrode<\/td>\n<td rowspan=\"2\" width=\"59\">10<sup>-6<\/sup>\u2215\u2103<\/td>\n<td width=\"79\"><strong>\u2264<\/strong>2.9<\/td>\n<td width=\"85\"><strong>\u2264<\/strong>2.9<\/td>\n<td width=\"85\"><strong>\u2264<\/strong>2.9<\/td>\n<\/tr>\n<tr>\n<td width=\"76\">T\u00e9ton<\/td>\n<td width=\"79\"><strong>\u2264<\/strong>2.8<\/td>\n<td width=\"85\"><strong>\u2264<\/strong>2.8<\/td>\n<td width=\"85\"><strong>\u2264<\/strong>2.8<\/td>\n<\/tr>\n<tr>\n<td colspan=\"2\" width=\"223\">Teneur en cendres<\/td>\n<td width=\"59\">%<\/td>\n<td width=\"79\"><strong>\u2264<\/strong>0.5<\/td>\n<td width=\"85\"><strong>\u2264<\/strong>0.5<\/td>\n<td width=\"85\"><strong>\u2264<\/strong>0.5<\/td>\n<\/tr>\n<\/tbody>\n<\/table>\n<p>&nbsp;<\/p>","protected":false},"excerpt":{"rendered":"<p><!--more--><br \/>\nL'\u00e9lectrode en graphite RP est utilis\u00e9e dans les fours \u00e9lectriques \u00e0 arc de puissance ordinaire tels que la sid\u00e9rurgie, la fusion du silicium et la fusion du phosphore jaune. Les mati\u00e8res premi\u00e8res utilis\u00e9es sont le coke de p\u00e9trole et le brai de houille. Elle se caract\u00e9rise par une faible teneur en cendres, une bonne conductivit\u00e9 \u00e9lectrique, une r\u00e9sistance aux temp\u00e9ratures \u00e9lev\u00e9es et ne fond pas ou ne se d\u00e9forme pas \u00e0 haute temp\u00e9rature.<\/p>\n<p>L'\u00e9lectrode en graphite RP est utilis\u00e9e comme mat\u00e9riau conducteur dans les fours m\u00e9tallurgiques \u00e0 arc pour la fusion de divers m\u00e9taux non ferreux et rares. Elle peut \u00eatre utilis\u00e9e \u00e0 des densit\u00e9s de courant sup\u00e9rieures \u00e0 17A\/cm2. Sp\u00e9cifications et diam\u00e8tres des mod\u00e8les : 100mm-960mm.<\/p>","protected":false},"featured_media":3453,"template":"","meta":[],"product_brand":[],"product_cat":[37],"product_tag":[],"class_list":{"0":"post-2129","1":"product","2":"type-product","3":"status-publish","4":"has-post-thumbnail","6":"product_cat-graphite-electrode","8":"first","9":"instock","10":"shipping-taxable","11":"product-type-simple"},"yoast_head":"<!-- This site is optimized with the Yoast SEO Premium plugin v19.2.1 (Yoast SEO v25.3) - https:\/\/yoast.com\/wordpress\/plugins\/seo\/ -->\n<title>RP Graphite Electrode - Used in Electric Arc Furnace Steel Production<\/title>\n<meta name=\"description\" content=\"RP Graphite Electrode is used as a conductive material in arc metallurgical furnaces for smelting various non-ferrous and rare metals. It can be used at current densities exceeding 17A\/cm2.\" \/>\n<meta name=\"robots\" content=\"index, follow, max-snippet:-1, max-image-preview:large, max-video-preview:-1\" \/>\n<link rel=\"canonical\" href=\"https:\/\/jinsuncarbon.com\/fr\/produit-2\/electrode-en-graphite-rp\/\" \/>\n<meta property=\"og:locale\" content=\"fr_FR\" \/>\n<meta property=\"og:type\" content=\"article\" \/>\n<meta property=\"og:title\" content=\"RP Graphite Electrode\" \/>\n<meta property=\"og:description\" content=\"RP Graphite Electrode is used as a conductive material in arc metallurgical furnaces for smelting various non-ferrous and rare metals. It can be used at current densities exceeding 17A\/cm2.\" \/>\n<meta property=\"og:url\" content=\"https:\/\/jinsuncarbon.com\/fr\/produit-2\/electrode-en-graphite-rp\/\" \/>\n<meta property=\"og:site_name\" content=\"Jinsun Carbon\" \/>\n<meta property=\"article:publisher\" content=\"https:\/\/www.facebook.com\/Graphite-Electrode-109336238661595\" \/>\n<meta property=\"article:modified_time\" content=\"2024-11-03T13:16:47+00:00\" \/>\n<meta property=\"og:image\" content=\"https:\/\/jinsuncarbon.com\/wp-content\/uploads\/2023\/01\/8943e41550f3524cd61ca9d4f8acb00.jpg\" \/>\n\t<meta property=\"og:image:width\" content=\"1024\" \/>\n\t<meta property=\"og:image:height\" content=\"792\" \/>\n\t<meta property=\"og:image:type\" content=\"image\/jpeg\" \/>\n<meta name=\"twitter:card\" content=\"summary_large_image\" \/>\n<meta name=\"twitter:site\" content=\"@jinsuncarbon_\" \/>\n<meta name=\"twitter:label1\" content=\"Dur\u00e9e de lecture estim\u00e9e\" \/>\n\t<meta name=\"twitter:data1\" content=\"3 minutes\" \/>\n<script type=\"application\/ld+json\" class=\"yoast-schema-graph\">{\"@context\":\"https:\/\/schema.org\",\"@graph\":[{\"@type\":\"WebPage\",\"@id\":\"https:\/\/jinsuncarbon.com\/product\/rp-graphite-electrode\/\",\"url\":\"https:\/\/jinsuncarbon.com\/product\/rp-graphite-electrode\/\",\"name\":\"RP Graphite Electrode - Used in Electric Arc Furnace Steel Production\",\"isPartOf\":{\"@id\":\"https:\/\/jinsuncarbon.com\/#website\"},\"primaryImageOfPage\":{\"@id\":\"https:\/\/jinsuncarbon.com\/product\/rp-graphite-electrode\/#primaryimage\"},\"image\":{\"@id\":\"https:\/\/jinsuncarbon.com\/product\/rp-graphite-electrode\/#primaryimage\"},\"thumbnailUrl\":\"https:\/\/jinsuncarbon.com\/wp-content\/uploads\/2023\/01\/8943e41550f3524cd61ca9d4f8acb00.jpg\",\"datePublished\":\"2023-01-30T09:07:59+00:00\",\"dateModified\":\"2024-11-03T13:16:47+00:00\",\"description\":\"RP Graphite Electrode is used as a conductive material in arc metallurgical furnaces for smelting various non-ferrous and rare metals. It can be used at current densities exceeding 17A\/cm2.\",\"breadcrumb\":{\"@id\":\"https:\/\/jinsuncarbon.com\/product\/rp-graphite-electrode\/#breadcrumb\"},\"inLanguage\":\"fr-FR\",\"potentialAction\":[{\"@type\":\"ReadAction\",\"target\":[\"https:\/\/jinsuncarbon.com\/product\/rp-graphite-electrode\/\"]}]},{\"@type\":\"ImageObject\",\"inLanguage\":\"fr-FR\",\"@id\":\"https:\/\/jinsuncarbon.com\/product\/rp-graphite-electrode\/#primaryimage\",\"url\":\"https:\/\/jinsuncarbon.com\/wp-content\/uploads\/2023\/01\/8943e41550f3524cd61ca9d4f8acb00.jpg\",\"contentUrl\":\"https:\/\/jinsuncarbon.com\/wp-content\/uploads\/2023\/01\/8943e41550f3524cd61ca9d4f8acb00.jpg\",\"width\":1024,\"height\":792,\"caption\":\"RP graphite electrode - China graphite electrode factory and supplier\"},{\"@type\":\"BreadcrumbList\",\"@id\":\"https:\/\/jinsuncarbon.com\/product\/rp-graphite-electrode\/#breadcrumb\",\"itemListElement\":[{\"@type\":\"ListItem\",\"position\":1,\"name\":\"Home\",\"item\":\"https:\/\/jinsuncarbon.com\/\"},{\"@type\":\"ListItem\",\"position\":2,\"name\":\"Products\",\"item\":\"https:\/\/jinsuncarbon.com\/graphite-carbon\/\"},{\"@type\":\"ListItem\",\"position\":3,\"name\":\"RP Graphite Electrode\"}]},{\"@type\":\"WebSite\",\"@id\":\"https:\/\/jinsuncarbon.com\/#website\",\"url\":\"https:\/\/jinsuncarbon.com\/\",\"name\":\"Jinsun Carbon\",\"description\":\"We are the successful graphite electrode manufacturer in China\",\"publisher\":{\"@id\":\"https:\/\/jinsuncarbon.com\/#organization\"},\"potentialAction\":[{\"@type\":\"SearchAction\",\"target\":{\"@type\":\"EntryPoint\",\"urlTemplate\":\"https:\/\/jinsuncarbon.com\/?s={search_term_string}\"},\"query-input\":{\"@type\":\"PropertyValueSpecification\",\"valueRequired\":true,\"valueName\":\"search_term_string\"}}],\"inLanguage\":\"fr-FR\"},{\"@type\":\"Organization\",\"@id\":\"https:\/\/jinsuncarbon.com\/#organization\",\"name\":\"Jinsun Carbon\",\"alternateName\":\"Jinsun Carbon\",\"url\":\"https:\/\/jinsuncarbon.com\/\",\"logo\":{\"@type\":\"ImageObject\",\"inLanguage\":\"fr-FR\",\"@id\":\"https:\/\/jinsuncarbon.com\/#\/schema\/logo\/image\/\",\"url\":\"https:\/\/jinsuncarbon.com\/wp-content\/uploads\/2022\/12\/LOGO-1.png\",\"contentUrl\":\"https:\/\/jinsuncarbon.com\/wp-content\/uploads\/2022\/12\/LOGO-1.png\",\"width\":207,\"height\":80,\"caption\":\"Jinsun Carbon\"},\"image\":{\"@id\":\"https:\/\/jinsuncarbon.com\/#\/schema\/logo\/image\/\"},\"sameAs\":[\"https:\/\/www.facebook.com\/Graphite-Electrode-109336238661595\",\"https:\/\/x.com\/jinsuncarbon_\",\"https:\/\/www.linkedin.com\/in\/jinsungraphite\",\"https:\/\/www.youtube.com\/channel\/UCysDNyvyR5-3cCWEmpkVC0g\"]}]}<\/script>\n<!-- \/ Yoast SEO Premium plugin. -->","yoast_head_json":{"title":"\u00c9lectrode graphite RP - utilis\u00e9e dans la production d'acier par four \u00e9lectrique \u00e0 arc","description":"L'\u00e9lectrode RP en graphite est utilis\u00e9e comme mat\u00e9riau conducteur dans les fours m\u00e9tallurgiques \u00e0 arc pour la fusion de divers m\u00e9taux non ferreux et rares. Elle peut \u00eatre utilis\u00e9e \u00e0 des densit\u00e9s de courant sup\u00e9rieures \u00e0 17A\/cm2.","robots":{"index":"index","follow":"follow","max-snippet":"max-snippet:-1","max-image-preview":"max-image-preview:large","max-video-preview":"max-video-preview:-1"},"canonical":"https:\/\/jinsuncarbon.com\/fr\/produit-2\/electrode-en-graphite-rp\/","og_locale":"fr_FR","og_type":"article","og_title":"RP Graphite Electrode","og_description":"RP Graphite Electrode is used as a conductive material in arc metallurgical furnaces for smelting various non-ferrous and rare metals. It can be used at current densities exceeding 17A\/cm2.","og_url":"https:\/\/jinsuncarbon.com\/fr\/produit-2\/electrode-en-graphite-rp\/","og_site_name":"Jinsun Carbon","article_publisher":"https:\/\/www.facebook.com\/Graphite-Electrode-109336238661595","article_modified_time":"2024-11-03T13:16:47+00:00","og_image":[{"width":1024,"height":792,"url":"https:\/\/jinsuncarbon.com\/wp-content\/uploads\/2023\/01\/8943e41550f3524cd61ca9d4f8acb00.jpg","type":"image\/jpeg"}],"twitter_card":"summary_large_image","twitter_site":"@jinsuncarbon_","twitter_misc":{"Dur\u00e9e de lecture estim\u00e9e":"3 minutes"},"schema":{"@context":"https:\/\/schema.org","@graph":[{"@type":"WebPage","@id":"https:\/\/jinsuncarbon.com\/product\/rp-graphite-electrode\/","url":"https:\/\/jinsuncarbon.com\/product\/rp-graphite-electrode\/","name":"\u00c9lectrode graphite RP - utilis\u00e9e dans la production d'acier par four \u00e9lectrique \u00e0 arc","isPartOf":{"@id":"https:\/\/jinsuncarbon.com\/#website"},"primaryImageOfPage":{"@id":"https:\/\/jinsuncarbon.com\/product\/rp-graphite-electrode\/#primaryimage"},"image":{"@id":"https:\/\/jinsuncarbon.com\/product\/rp-graphite-electrode\/#primaryimage"},"thumbnailUrl":"https:\/\/jinsuncarbon.com\/wp-content\/uploads\/2023\/01\/8943e41550f3524cd61ca9d4f8acb00.jpg","datePublished":"2023-01-30T09:07:59+00:00","dateModified":"2024-11-03T13:16:47+00:00","description":"L'\u00e9lectrode RP en graphite est utilis\u00e9e comme mat\u00e9riau conducteur dans les fours m\u00e9tallurgiques \u00e0 arc pour la fusion de divers m\u00e9taux non ferreux et rares. Elle peut \u00eatre utilis\u00e9e \u00e0 des densit\u00e9s de courant sup\u00e9rieures \u00e0 17A\/cm2.","breadcrumb":{"@id":"https:\/\/jinsuncarbon.com\/product\/rp-graphite-electrode\/#breadcrumb"},"inLanguage":"fr-FR","potentialAction":[{"@type":"ReadAction","target":["https:\/\/jinsuncarbon.com\/product\/rp-graphite-electrode\/"]}]},{"@type":"ImageObject","inLanguage":"fr-FR","@id":"https:\/\/jinsuncarbon.com\/product\/rp-graphite-electrode\/#primaryimage","url":"https:\/\/jinsuncarbon.com\/wp-content\/uploads\/2023\/01\/8943e41550f3524cd61ca9d4f8acb00.jpg","contentUrl":"https:\/\/jinsuncarbon.com\/wp-content\/uploads\/2023\/01\/8943e41550f3524cd61ca9d4f8acb00.jpg","width":1024,"height":792,"caption":"RP graphite electrode - China graphite electrode factory and supplier"},{"@type":"BreadcrumbList","@id":"https:\/\/jinsuncarbon.com\/product\/rp-graphite-electrode\/#breadcrumb","itemListElement":[{"@type":"ListItem","position":1,"name":"Home","item":"https:\/\/jinsuncarbon.com\/"},{"@type":"ListItem","position":2,"name":"Products","item":"https:\/\/jinsuncarbon.com\/graphite-carbon\/"},{"@type":"ListItem","position":3,"name":"RP Graphite Electrode"}]},{"@type":"WebSite","@id":"https:\/\/jinsuncarbon.com\/#website","url":"https:\/\/jinsuncarbon.com\/","name":"Jinsun Carbon","description":"Nous sommes le fabricant d'\u00e9lectrodes en graphite le plus performant de Chine.","publisher":{"@id":"https:\/\/jinsuncarbon.com\/#organization"},"potentialAction":[{"@type":"SearchAction","target":{"@type":"EntryPoint","urlTemplate":"https:\/\/jinsuncarbon.com\/?s={search_term_string}"},"query-input":{"@type":"PropertyValueSpecification","valueRequired":true,"valueName":"search_term_string"}}],"inLanguage":"fr-FR"},{"@type":"Organization","@id":"https:\/\/jinsuncarbon.com\/#organization","name":"Jinsun Carbon","alternateName":"Jinsun Carbon","url":"https:\/\/jinsuncarbon.com\/","logo":{"@type":"ImageObject","inLanguage":"fr-FR","@id":"https:\/\/jinsuncarbon.com\/#\/schema\/logo\/image\/","url":"https:\/\/jinsuncarbon.com\/wp-content\/uploads\/2022\/12\/LOGO-1.png","contentUrl":"https:\/\/jinsuncarbon.com\/wp-content\/uploads\/2022\/12\/LOGO-1.png","width":207,"height":80,"caption":"Jinsun Carbon"},"image":{"@id":"https:\/\/jinsuncarbon.com\/#\/schema\/logo\/image\/"},"sameAs":["https:\/\/www.facebook.com\/Graphite-Electrode-109336238661595","https:\/\/x.com\/jinsuncarbon_","https:\/\/www.linkedin.com\/in\/jinsungraphite","https:\/\/www.youtube.com\/channel\/UCysDNyvyR5-3cCWEmpkVC0g"]}]}},"_links":{"self":[{"href":"https:\/\/jinsuncarbon.com\/fr\/wp-json\/wp\/v2\/product\/2129","targetHints":{"allow":["GET"]}}],"collection":[{"href":"https:\/\/jinsuncarbon.com\/fr\/wp-json\/wp\/v2\/product"}],"about":[{"href":"https:\/\/jinsuncarbon.com\/fr\/wp-json\/wp\/v2\/types\/product"}],"wp:featuredmedia":[{"embeddable":true,"href":"https:\/\/jinsuncarbon.com\/fr\/wp-json\/wp\/v2\/media\/3453"}],"wp:attachment":[{"href":"https:\/\/jinsuncarbon.com\/fr\/wp-json\/wp\/v2\/media?parent=2129"}],"wp:term":[{"taxonomy":"product_brand","embeddable":true,"href":"https:\/\/jinsuncarbon.com\/fr\/wp-json\/wp\/v2\/product_brand?post=2129"},{"taxonomy":"product_cat","embeddable":true,"href":"https:\/\/jinsuncarbon.com\/fr\/wp-json\/wp\/v2\/product_cat?post=2129"},{"taxonomy":"product_tag","embeddable":true,"href":"https:\/\/jinsuncarbon.com\/fr\/wp-json\/wp\/v2\/product_tag?post=2129"}],"curies":[{"name":"wp","href":"https:\/\/api.w.org\/{rel}","templated":true}]}}