{"id":2114,"date":"2022-12-26T09:55:33","date_gmt":"2022-12-26T09:55:33","guid":{"rendered":"https:\/\/jinsuncarbon.com\/?post_type=product&#038;p=2114"},"modified":"2025-01-20T04:56:28","modified_gmt":"2025-01-20T04:56:28","slug":"electrode-graphite-uhp","status":"publish","type":"product","link":"https:\/\/jinsuncarbon.com\/fr\/produit-2\/electrode-graphite-uhp\/","title":{"rendered":"\u00c9lectrode graphite UHP"},"content":{"rendered":"<h2>\u00c9lectrode graphite UHP<\/h2>\n<p>L'\u00e9lectrode UHP en graphite est principalement utilis\u00e9e pour la fusion de la ferraille d'acier dans la production d'acier eaf. En tant que conducteur r\u00e9sistant aux temp\u00e9ratures \u00e9lev\u00e9es, elle peut facilement fondre divers alliages \u00e0 point de fusion \u00e9lev\u00e9 dans la zone de temp\u00e9rature de l'arc (jusqu'\u00e0 3000-6000 \u00b0C) dans le four \u00e0 arc \u00e9lectrique connect\u00e9 \u00e0 un transformateur triphas\u00e9.<\/p>\n<p>Les \u00e9lectrodes en graphite UHP peuvent \u00e9galement \u00eatre utilis\u00e9es dans les fours d'affinage en poche, la coul\u00e9e continue et d'autres processus. L'objectif de l'affinage est d'am\u00e9liorer la qualit\u00e9 de l'acier. Ce processus utilise l'arc \u00e9lectrique g\u00e9n\u00e9r\u00e9 entre l'\u00e9lectrode et l'acier en fusion pour chauffer le four \u00e9lectrique \u00e0 arc. Cela aidera les aci\u00e9ries \u00e0 atteindre une production \u00e9lev\u00e9e, une qualit\u00e9 \u00e9lev\u00e9e et une faible consommation.<\/p>\n<p>&nbsp;<\/p>\n<p><img fetchpriority=\"high\" decoding=\"async\" class=\"alignnone wp-image-3941\" src=\"https:\/\/jinsuncarbon.com\/wp-content\/uploads\/2023\/01\/71f92a1d5ea2da4dea1f2990c985418.jpg\" alt=\"\u00c9lectrodes en graphite pour four \u00e0 arc \u00e9lectrique \u00e0 courant alternatif\" width=\"290\" height=\"449\" srcset=\"https:\/\/jinsuncarbon.com\/wp-content\/uploads\/2023\/01\/71f92a1d5ea2da4dea1f2990c985418.jpg 1039w, https:\/\/jinsuncarbon.com\/wp-content\/uploads\/2023\/01\/71f92a1d5ea2da4dea1f2990c985418-600x929.jpg 600w, https:\/\/jinsuncarbon.com\/wp-content\/uploads\/2023\/01\/71f92a1d5ea2da4dea1f2990c985418-194x300.jpg 194w, https:\/\/jinsuncarbon.com\/wp-content\/uploads\/2023\/01\/71f92a1d5ea2da4dea1f2990c985418-661x1024.jpg 661w, https:\/\/jinsuncarbon.com\/wp-content\/uploads\/2023\/01\/71f92a1d5ea2da4dea1f2990c985418-768x1189.jpg 768w, https:\/\/jinsuncarbon.com\/wp-content\/uploads\/2023\/01\/71f92a1d5ea2da4dea1f2990c985418-992x1536.jpg 992w, https:\/\/jinsuncarbon.com\/wp-content\/uploads\/2023\/01\/71f92a1d5ea2da4dea1f2990c985418-8x12.jpg 8w\" sizes=\"(max-width: 290px) 100vw, 290px\" \/>\u00a0 \u00a0 <img decoding=\"async\" class=\"alignnone wp-image-4397\" src=\"https:\/\/jinsuncarbon.com\/wp-content\/uploads\/2023\/12\/What-is-graphite-electrode-used-for.png\" alt=\"\u00c0 quoi sert l&#039;\u00e9lectrode en graphite ?\" width=\"366\" height=\"450\" srcset=\"https:\/\/jinsuncarbon.com\/wp-content\/uploads\/2023\/12\/What-is-graphite-electrode-used-for.png 604w, https:\/\/jinsuncarbon.com\/wp-content\/uploads\/2023\/12\/What-is-graphite-electrode-used-for-600x737.png 600w, https:\/\/jinsuncarbon.com\/wp-content\/uploads\/2023\/12\/What-is-graphite-electrode-used-for-244x300.png 244w, https:\/\/jinsuncarbon.com\/wp-content\/uploads\/2023\/12\/What-is-graphite-electrode-used-for-10x12.png 10w\" sizes=\"(max-width: 366px) 100vw, 366px\" \/>\u00a0 \u00a0 <img decoding=\"async\" class=\"alignnone wp-image-4003\" src=\"https:\/\/jinsuncarbon.com\/wp-content\/uploads\/2023\/01\/HP-graphite-electrode-for-DC-arc-furnace.jpg\" alt=\"\u00c9lectrode graphite HP pour four \u00e0 arc \u00e0 courant continu\" width=\"292\" height=\"452\" srcset=\"https:\/\/jinsuncarbon.com\/wp-content\/uploads\/2023\/01\/HP-graphite-electrode-for-DC-arc-furnace.jpg 1080w, https:\/\/jinsuncarbon.com\/wp-content\/uploads\/2023\/01\/HP-graphite-electrode-for-DC-arc-furnace-600x928.jpg 600w, https:\/\/jinsuncarbon.com\/wp-content\/uploads\/2023\/01\/HP-graphite-electrode-for-DC-arc-furnace-194x300.jpg 194w, https:\/\/jinsuncarbon.com\/wp-content\/uploads\/2023\/01\/HP-graphite-electrode-for-DC-arc-furnace-662x1024.jpg 662w, https:\/\/jinsuncarbon.com\/wp-content\/uploads\/2023\/01\/HP-graphite-electrode-for-DC-arc-furnace-768x1188.jpg 768w, https:\/\/jinsuncarbon.com\/wp-content\/uploads\/2023\/01\/HP-graphite-electrode-for-DC-arc-furnace-993x1536.jpg 993w, https:\/\/jinsuncarbon.com\/wp-content\/uploads\/2023\/01\/HP-graphite-electrode-for-DC-arc-furnace-8x12.jpg 8w\" sizes=\"(max-width: 292px) 100vw, 292px\" \/><\/p>\n<p><strong>( Dans une chaudi\u00e8re \u00e9lectrique \u00e0 courant alternatif)\u00a0<\/strong> \u00a0 \u00a0<strong>\u00a0 \u00a0 \u00a0 \u00a0 \u00a0 \u00a0 \u00a0 \u00a0 \u00a0 \u00a0 \u00a0 \u00a0 \u00a0 \u00a0 \u00a0 \u00a0 \u00a0 \u00a0(I<\/strong><strong>n Four \u00e9lectrique \u00e0 courant continu)\u00a0<\/strong> \u00a0 \u00a0 \u00a0<strong>\u00a0 \u00a0 \u00a0 \u00a0 \u00a0 \u00a0 \u00a0 \u00a0 \u00a0 \u00a0 \u00a0 \u00a0 \u00a0 \u00a0 \u00a0 \u00a0 \u00a0 \u00a0 \u00a0 \u00a0 \u00a0 \u00a0 \u00a0(Dans le four d'affinage \u00e0 poche)<\/strong><\/p>\n<p>&nbsp;<\/p>\n<h2>Principales caract\u00e9ristiques<\/h2>\n<p><strong>R\u00e9sistance aux hautes temp\u00e9ratures :<\/strong> Il peut r\u00e9sister \u00e0 des temp\u00e9ratures \u00e9lev\u00e9es pendant le processus de fabrication de l'acier dans les fours \u00e9lectriques \u00e0 arc (FEA). M\u00eame \u00e0 des temp\u00e9ratures \u00e9lev\u00e9es allant jusqu'\u00e0 3600 degr\u00e9s Celsius, il ne fond pas, ne se d\u00e9forme pas et n'est pas endommag\u00e9 par l'action d'arcs \u00e9lectriques puissants.<\/p>\n<p><strong>Faible r\u00e9sistance sp\u00e9cifique :<\/strong> La r\u00e9sistance sp\u00e9cifique du corps de l'\u00e9lectrode est inf\u00e9rieure \u00e0 5.0g\u2215\u339d.<sup>3<\/sup>et le mamelon est inf\u00e9rieur \u00e0 4.0g\u2215\u339d\u339d.<sup>3<\/sup>. A ce moment, la r\u00e9sistance au courant est faible, ce qui r\u00e9duit la perte de puissance.<\/p>\n<p><strong>Haute densit\u00e9 :<\/strong> La structure globale pr\u00e9sente une porosit\u00e9 plus faible, ce qui r\u00e9duit la consommation d'\u00e9lectrodes.<\/p>\n<p><strong>Bonne conductivit\u00e9 \u00e9lectrique :<\/strong> Ils ont une faible teneur en cendres, sont r\u00e9sistants \u00e0 la chaleur et \u00e0 la corrosion. Ils constituent donc d'excellents mat\u00e9riaux conducteurs utilis\u00e9s dans les fours \u00e9lectriques \u00e0 arc \u00e0 haute temp\u00e9rature.<\/p>\n<p><strong>R\u00e9sistance m\u00e9canique \u00e9lev\u00e9e :<\/strong> Au cours du processus de p\u00e9trissage, les particules de coke sont m\u00e9lang\u00e9es uniform\u00e9ment et li\u00e9es fermement. Par cons\u00e9quent, la r\u00e9sistance \u00e0 la flexion et \u00e0 la compression est \u00e9lev\u00e9e.<\/p>\n<p><strong>Faible coefficient de dilatation thermique :<\/strong> Le coke d'aiguille \u00e9tant ajout\u00e9 au cours du processus de production, l'\u00e9bauche est plus facilement graphitis\u00e9e \u00e0 des temp\u00e9ratures \u00e9lev\u00e9es sup\u00e9rieures \u00e0 2000\u2103. Plus le degr\u00e9 de graphitisation est \u00e9lev\u00e9, plus le coefficient de dilatation thermique est faible.<\/p>\n<h2>Avantages :<\/h2>\n<p>La r\u00e9sistivit\u00e9 de l'\u00e9lectrode graphite UHP est la plus faible de tous les types d'\u00e9lectrodes. Cela signifie qu'elle peut faire passer un courant de densit\u00e9 plus \u00e9lev\u00e9e sans se rompre ou se d\u00e9former pendant la fusion en four \u00e0 arc.<\/p>\n<p>Jinsun utilise <a href=\"https:\/\/en.wikipedia.org\/?title=Needle_coke&amp;redirect=no\">aiguille de coca\u00efne<\/a> en production afin d'am\u00e9liorer la r\u00e9sistance aux chocs thermiques de la <a href=\"https:\/\/jinsuncarbon.com\/fr\/produit-2\/electrode-en-graphite\/\">\u00e9lectrode<\/a> lui-m\u00eame. Cela lui conf\u00e8re un coefficient de dilatation thermique plus faible et lui permet de mieux r\u00e9sister aux changements rapides de temp\u00e9rature sans \u00eatre endommag\u00e9.<\/p>\n<p>La densit\u00e9 de l'\u00e9lectrode en graphite UHP \u00e0 double impr\u00e9gnation a \u00e9t\u00e9 consid\u00e9rablement am\u00e9lior\u00e9e. Ainsi, m\u00eame \u00e0 haute temp\u00e9rature, elle s'oxyde lentement, ce qui r\u00e9duit le nombre de remplacements.<\/p>\n<p>Son diam\u00e8tre peut \u00eatre sup\u00e9rieur \u00e0 750 mm, ce qui permet de r\u00e9pondre aux besoins de fusion des fours \u00e0 arc \u00e0 ultra-haute puissance de 100 Mt.<\/p>\n<p>&nbsp;<\/p>\n<h2>Prix des \u00e9lectrodes en graphite UHP.<\/h2>\n<p>Il est important de noter que son prix peut varier en fonction des conditions du march\u00e9, de la dynamique de l'offre et de la demande et d'autres facteurs externes. En outre, l'augmentation du co\u00fbt des mati\u00e8res premi\u00e8res telles que le coke d'aiguille a \u00e9galement fait grimper le prix.<\/p>\n<h2>Votre fabricant professionnel d'\u00e9lectrodes en graphite UHP<\/h2>\n<p>En tant que producteur d'\u00e9lectrodes en graphite en Chine, Jinsun dispose d'une ligne de production compl\u00e8te, comprenant le m\u00e9lange des mati\u00e8res premi\u00e8res, le grillage, l'impr\u00e9gnation, la graphitisation, le traitement, etc. Notre usine fabrique et fournit des \u00e9lectrodes en graphite de qualit\u00e9 UHP pour votre production d'acier EAF.<\/p>\n<p>&nbsp;<\/p>\n<h2 style=\"text-align: left;\">Sp\u00e9cifications des \u00e9lectrodes en graphite UHP :<\/h2>\n<table width=\"637\">\n<tbody>\n<tr>\n<td colspan=\"2\" rowspan=\"2\" width=\"230\"><strong>\u00c9lectrode graphite UHP<\/strong><\/td>\n<td rowspan=\"2\" width=\"66\"><strong>Unit\u00e9<\/strong><\/td>\n<td colspan=\"4\" width=\"340\"><strong>Diam\u00e8tre<\/strong><\/td>\n<\/tr>\n<tr>\n<td width=\"85\"><strong>12\"-16\"<\/strong><\/td>\n<td width=\"85\"><strong>18\"-22\"<\/strong><\/td>\n<td width=\"85\"><strong>24\"-26\"<\/strong><\/td>\n<td width=\"85\"><strong>28\"-32\"<\/strong><\/td>\n<\/tr>\n<tr>\n<td rowspan=\"2\" width=\"145\">R\u00e9sistance sp\u00e9cifique<\/td>\n<td width=\"85\">\u00c9lectrode<\/td>\n<td rowspan=\"2\" width=\"66\">\u03bc\u03a9-m<\/p>\n<p><strong>\u2264<\/strong><\/td>\n<td width=\"85\">6.0<\/td>\n<td width=\"85\">6.5<\/td>\n<td width=\"85\">6.5<\/td>\n<td width=\"85\">5.5<\/td>\n<\/tr>\n<tr>\n<td width=\"85\">T\u00e9ton<\/td>\n<td width=\"85\">5.0<\/td>\n<td width=\"85\">5.5<\/td>\n<td width=\"85\">5.5<\/td>\n<td width=\"85\">4.5<\/td>\n<\/tr>\n<tr>\n<td rowspan=\"2\" width=\"145\">R\u00e9sistance transversale<\/td>\n<td width=\"85\">\u00c9lectrode<\/td>\n<td rowspan=\"2\" width=\"66\">\u039c\u0420a<\/p>\n<p><strong>\u2265<\/strong><\/td>\n<td width=\"85\">11.0<\/td>\n<td width=\"85\">10.5<\/td>\n<td width=\"85\">10.5<\/td>\n<td width=\"85\">11.0<\/td>\n<\/tr>\n<tr>\n<td width=\"85\">T\u00e9ton<\/td>\n<td width=\"85\">16.0<\/td>\n<td width=\"85\">15.0<\/td>\n<td width=\"85\">15.0<\/td>\n<td width=\"85\">16.0<\/td>\n<\/tr>\n<tr>\n<td rowspan=\"2\" width=\"145\">Module d'\u00e9lasticit\u00e9<\/td>\n<td width=\"85\">\u00c9lectrode<\/td>\n<td rowspan=\"2\" width=\"66\">G\u0420a<\/p>\n<p><strong>\u2264<\/strong><\/td>\n<td width=\"85\">14.0<\/td>\n<td width=\"85\">14.0<\/td>\n<td width=\"85\">14.0<\/td>\n<td width=\"85\">14.0<\/td>\n<\/tr>\n<tr>\n<td width=\"85\">T\u00e9ton<\/td>\n<td width=\"85\">18.0<\/td>\n<td width=\"85\">18.0<\/td>\n<td width=\"85\">18.0<\/td>\n<td width=\"85\">18.0<\/td>\n<\/tr>\n<tr>\n<td rowspan=\"2\" width=\"145\">Densit\u00e9 en vrac<\/td>\n<td width=\"85\">\u00c9lectrode<\/td>\n<td rowspan=\"2\" width=\"66\">g\u2215\u339d<sup>3<\/sup><\/p>\n<p><strong>\u2265<\/strong><\/td>\n<td width=\"85\">1.65<\/td>\n<td width=\"85\">1.65<\/td>\n<td width=\"85\">1.66<\/td>\n<td width=\"85\">1.68<\/td>\n<\/tr>\n<tr>\n<td width=\"85\">T\u00e9ton<\/td>\n<td width=\"85\">1.76<\/td>\n<td width=\"85\">1.76<\/td>\n<td width=\"85\">1.74<\/td>\n<td width=\"85\">1.75<\/td>\n<\/tr>\n<tr>\n<td rowspan=\"2\" width=\"145\">C.T.E<\/p>\n<p>\uff08100\uff5e600\u2103\uff09<\/td>\n<td width=\"85\">\u00c9lectrode<\/td>\n<td rowspan=\"2\" width=\"66\">10<sup>-6<\/sup>\u2215\u2103<\/p>\n<p><strong>\u2264<\/strong><\/td>\n<td width=\"85\">1.5<\/td>\n<td width=\"85\">1.5<\/td>\n<td width=\"85\">1.4<\/td>\n<td width=\"85\">1.4<\/td>\n<\/tr>\n<tr>\n<td width=\"85\">T\u00e9ton<\/td>\n<td width=\"85\">1.4<\/td>\n<td width=\"85\">1.4<\/td>\n<td width=\"85\">1.3<\/td>\n<td width=\"85\">1.3<\/td>\n<\/tr>\n<tr>\n<td colspan=\"2\" width=\"230\">Teneur en cendres<\/td>\n<td width=\"66\">% <strong>\u2264<\/strong><\/td>\n<td width=\"85\">0.2<\/td>\n<td width=\"85\">0.2<\/td>\n<td width=\"85\">0.2<\/td>\n<td width=\"85\">0.2<\/td>\n<\/tr>\n<\/tbody>\n<\/table>\n<p>&nbsp;<\/p>\n<h3 style=\"text-align: left;\">Capacit\u00e9s de transport de courant admissibles<\/h3>\n<table width=\"584\">\n<tbody>\n<tr>\n<td colspan=\"2\" width=\"284\">Nominal<\/td>\n<td colspan=\"2\" width=\"300\">\u00c9lectrodes UHP en graphite<\/td>\n<\/tr>\n<tr>\n<td width=\"142\">mm<\/td>\n<td width=\"142\">pouce<\/td>\n<td width=\"158\">Portage de courant<\/p>\n<p>Capacit\u00e9\uff08A\uff09<\/td>\n<td width=\"142\">Densit\u00e9 actuelle<\/p>\n<p>\uff08A\/cm<sup>2<\/sup>\uff09<\/td>\n<\/tr>\n<tr>\n<td width=\"142\">300<\/td>\n<td width=\"142\">12<\/td>\n<td width=\"158\">15000~22220<\/td>\n<td width=\"142\">20~32<\/td>\n<\/tr>\n<tr>\n<td width=\"142\">350<\/td>\n<td width=\"142\">14<\/td>\n<td width=\"158\">20000~30300<\/td>\n<td width=\"142\">20~32<\/td>\n<\/tr>\n<tr>\n<td width=\"142\">400<\/td>\n<td width=\"142\">16<\/td>\n<td width=\"158\">25000~40400<\/td>\n<td width=\"142\">19~32<\/td>\n<\/tr>\n<tr>\n<td width=\"142\">450<\/td>\n<td width=\"142\">18<\/td>\n<td width=\"158\">32000~45450<\/td>\n<td width=\"142\">19~29<\/td>\n<\/tr>\n<tr>\n<td width=\"142\">500<\/td>\n<td width=\"142\">20<\/td>\n<td width=\"158\">38000~55550<\/td>\n<td width=\"142\">18~29<\/td>\n<\/tr>\n<tr>\n<td width=\"142\">550<\/td>\n<td width=\"142\">22<\/td>\n<td width=\"158\">42000~64640<\/td>\n<td width=\"142\">17~28<\/td>\n<\/tr>\n<tr>\n<td width=\"142\">600<\/td>\n<td width=\"142\">24<\/td>\n<td width=\"158\">50000~76760<\/td>\n<td width=\"142\">17~27<\/td>\n<\/tr>\n<tr>\n<td width=\"142\">700<\/td>\n<td width=\"142\">28<\/td>\n<td width=\"158\">70000~91000<\/td>\n<td width=\"142\">18~24<\/td>\n<\/tr>\n<\/tbody>\n<\/table>\n<p>&nbsp;<\/p>\n<h2>FAQS :<\/h2>\n<h3>Quels sont les diff\u00e9rents types d'\u00e9lectrodes en graphite ?<\/h3>\n<p>D'une mani\u00e8re g\u00e9n\u00e9rale, il existe trois types d'\u00e9lectrodes en graphite en fonction des diff\u00e9rentes puissances, \u00e0 savoir UHP, HP et RP. Toutefois, certains fabricants produisent des \u00e9lectrodes en graphite SHP. Cette cat\u00e9gorie d'\u00e9lectrodes se situe entre les cat\u00e9gories HP et UHP, et son prix est relativement bas.<\/p>\n<p>&nbsp;<\/p>","protected":false},"excerpt":{"rendered":"<p>Les \u00e9lectrodes en graphite UHP sont utilis\u00e9es pour les fours \u00e9lectriques \u00e0 arc et les fours \u00e0 poche \u00e0 forte charge. Cette \u00e9lectrode se caract\u00e9rise par une faible r\u00e9sistivit\u00e9 \u00e9lectrique et une charge de courant admissible \u00e9lev\u00e9e. Dans le processus de fabrication de l'acier par four \u00e0 arc \u00e9lectrique, la densit\u00e9 de courant autoris\u00e9e est sup\u00e9rieure \u00e0 25A\/cm<sup>2<\/sup>.<\/p>\n<p>La production d'\u00e9lectrodes de graphite uhp utilise du coke d'aiguille comme mati\u00e8re premi\u00e8re, et le processus de production fait appel \u00e0 l'impr\u00e9gnation et au grillage multiples.<\/p>\n<p>Avec le d\u00e9veloppement rapide de la fabrication d'acier par four \u00e9lectrique, les fours \u00e0 arc \u00e9lectrique \u00e0 haute et ultra-haute puissance deviennent de plus en plus populaires. Nous fabriquons et fournissons des \u00e9lectrodes en graphite d'un diam\u00e8tre compris entre 250 et 600 mm avec des embouts.<\/p>","protected":false},"featured_media":2556,"template":"","meta":[],"product_brand":[],"product_cat":[37],"product_tag":[43],"class_list":{"0":"post-2114","1":"product","2":"type-product","3":"status-publish","4":"has-post-thumbnail","6":"product_cat-graphite-electrode","7":"product_tag-graphtie-electrodeeafsteelmaking","9":"first","10":"instock","11":"shipping-taxable","12":"product-type-simple"},"yoast_head":"<!-- This site is optimized with the Yoast SEO Premium plugin v19.2.1 (Yoast SEO v25.3) - https:\/\/yoast.com\/wordpress\/plugins\/seo\/ -->\n<title>UHP Graphite Electrode Manufacturer in China<\/title>\n<meta name=\"description\" content=\"UHP graphite electrode manufacture &amp; factory &amp; supplier in China. We supply Graphite Electrode uhp grade for arc furnace at best price.\" \/>\n<meta name=\"robots\" content=\"index, follow, max-snippet:-1, max-image-preview:large, max-video-preview:-1\" \/>\n<link rel=\"canonical\" href=\"https:\/\/jinsuncarbon.com\/fr\/produit-2\/electrode-graphite-uhp\/\" \/>\n<meta property=\"og:locale\" content=\"fr_FR\" \/>\n<meta property=\"og:type\" content=\"article\" \/>\n<meta property=\"og:title\" content=\"UHP Graphite Electrode\" \/>\n<meta property=\"og:description\" content=\"UHP graphite electrode manufacture &amp; factory &amp; supplier in China. We supply Graphite Electrode uhp grade for arc furnace at best price.\" \/>\n<meta property=\"og:url\" content=\"https:\/\/jinsuncarbon.com\/fr\/produit-2\/electrode-graphite-uhp\/\" \/>\n<meta property=\"og:site_name\" content=\"Jinsun Carbon\" \/>\n<meta property=\"article:publisher\" content=\"https:\/\/www.facebook.com\/Graphite-Electrode-109336238661595\" \/>\n<meta property=\"article:modified_time\" content=\"2025-01-20T04:56:28+00:00\" \/>\n<meta property=\"og:image\" content=\"https:\/\/jinsuncarbon.com\/wp-content\/uploads\/2023\/01\/94.jpg\" \/>\n\t<meta property=\"og:image:width\" content=\"1024\" \/>\n\t<meta property=\"og:image:height\" content=\"763\" \/>\n\t<meta property=\"og:image:type\" content=\"image\/jpeg\" \/>\n<meta name=\"twitter:card\" content=\"summary_large_image\" \/>\n<meta name=\"twitter:site\" content=\"@jinsuncarbon_\" \/>\n<meta name=\"twitter:label1\" content=\"Dur\u00e9e de lecture estim\u00e9e\" \/>\n\t<meta name=\"twitter:data1\" content=\"4 minutes\" \/>\n<script type=\"application\/ld+json\" class=\"yoast-schema-graph\">{\"@context\":\"https:\/\/schema.org\",\"@graph\":[{\"@type\":\"WebPage\",\"@id\":\"https:\/\/jinsuncarbon.com\/product\/uhp-graphite-electrode\/\",\"url\":\"https:\/\/jinsuncarbon.com\/product\/uhp-graphite-electrode\/\",\"name\":\"UHP Graphite Electrode Manufacturer in China\",\"isPartOf\":{\"@id\":\"https:\/\/jinsuncarbon.com\/#website\"},\"primaryImageOfPage\":{\"@id\":\"https:\/\/jinsuncarbon.com\/product\/uhp-graphite-electrode\/#primaryimage\"},\"image\":{\"@id\":\"https:\/\/jinsuncarbon.com\/product\/uhp-graphite-electrode\/#primaryimage\"},\"thumbnailUrl\":\"https:\/\/jinsuncarbon.com\/wp-content\/uploads\/2023\/01\/94.jpg\",\"datePublished\":\"2022-12-26T09:55:33+00:00\",\"dateModified\":\"2025-01-20T04:56:28+00:00\",\"description\":\"UHP graphite electrode manufacture & factory & supplier in China. We supply Graphite Electrode uhp grade for arc furnace at best price.\",\"breadcrumb\":{\"@id\":\"https:\/\/jinsuncarbon.com\/product\/uhp-graphite-electrode\/#breadcrumb\"},\"inLanguage\":\"fr-FR\",\"potentialAction\":[{\"@type\":\"ReadAction\",\"target\":[\"https:\/\/jinsuncarbon.com\/product\/uhp-graphite-electrode\/\"]}]},{\"@type\":\"ImageObject\",\"inLanguage\":\"fr-FR\",\"@id\":\"https:\/\/jinsuncarbon.com\/product\/uhp-graphite-electrode\/#primaryimage\",\"url\":\"https:\/\/jinsuncarbon.com\/wp-content\/uploads\/2023\/01\/94.jpg\",\"contentUrl\":\"https:\/\/jinsuncarbon.com\/wp-content\/uploads\/2023\/01\/94.jpg\",\"width\":1024,\"height\":763,\"caption\":\"uhp graphite electrode\"},{\"@type\":\"BreadcrumbList\",\"@id\":\"https:\/\/jinsuncarbon.com\/product\/uhp-graphite-electrode\/#breadcrumb\",\"itemListElement\":[{\"@type\":\"ListItem\",\"position\":1,\"name\":\"Home\",\"item\":\"https:\/\/jinsuncarbon.com\/\"},{\"@type\":\"ListItem\",\"position\":2,\"name\":\"Products\",\"item\":\"https:\/\/jinsuncarbon.com\/graphite-carbon\/\"},{\"@type\":\"ListItem\",\"position\":3,\"name\":\"UHP Graphite Electrode\"}]},{\"@type\":\"WebSite\",\"@id\":\"https:\/\/jinsuncarbon.com\/#website\",\"url\":\"https:\/\/jinsuncarbon.com\/\",\"name\":\"Jinsun Carbon\",\"description\":\"We are the successful graphite electrode manufacturer in China\",\"publisher\":{\"@id\":\"https:\/\/jinsuncarbon.com\/#organization\"},\"potentialAction\":[{\"@type\":\"SearchAction\",\"target\":{\"@type\":\"EntryPoint\",\"urlTemplate\":\"https:\/\/jinsuncarbon.com\/?s={search_term_string}\"},\"query-input\":{\"@type\":\"PropertyValueSpecification\",\"valueRequired\":true,\"valueName\":\"search_term_string\"}}],\"inLanguage\":\"fr-FR\"},{\"@type\":\"Organization\",\"@id\":\"https:\/\/jinsuncarbon.com\/#organization\",\"name\":\"Jinsun Carbon\",\"alternateName\":\"Jinsun Carbon\",\"url\":\"https:\/\/jinsuncarbon.com\/\",\"logo\":{\"@type\":\"ImageObject\",\"inLanguage\":\"fr-FR\",\"@id\":\"https:\/\/jinsuncarbon.com\/#\/schema\/logo\/image\/\",\"url\":\"https:\/\/jinsuncarbon.com\/wp-content\/uploads\/2022\/12\/LOGO-1.png\",\"contentUrl\":\"https:\/\/jinsuncarbon.com\/wp-content\/uploads\/2022\/12\/LOGO-1.png\",\"width\":207,\"height\":80,\"caption\":\"Jinsun Carbon\"},\"image\":{\"@id\":\"https:\/\/jinsuncarbon.com\/#\/schema\/logo\/image\/\"},\"sameAs\":[\"https:\/\/www.facebook.com\/Graphite-Electrode-109336238661595\",\"https:\/\/x.com\/jinsuncarbon_\",\"https:\/\/www.linkedin.com\/in\/jinsungraphite\",\"https:\/\/www.youtube.com\/channel\/UCysDNyvyR5-3cCWEmpkVC0g\"]}]}<\/script>\n<!-- \/ Yoast SEO Premium plugin. -->","yoast_head_json":{"title":"Fabricant d'\u00e9lectrodes en graphite UHP en Chine","description":"Electrode graphite UHP fabricant, usine et fournisseur en Chine. Nous fournissons des \u00e9lectrodes en graphite de qualit\u00e9 UHP pour les fours \u00e0 arc au meilleur prix.","robots":{"index":"index","follow":"follow","max-snippet":"max-snippet:-1","max-image-preview":"max-image-preview:large","max-video-preview":"max-video-preview:-1"},"canonical":"https:\/\/jinsuncarbon.com\/fr\/produit-2\/electrode-graphite-uhp\/","og_locale":"fr_FR","og_type":"article","og_title":"UHP Graphite Electrode","og_description":"UHP graphite electrode manufacture & factory & supplier in China. We supply Graphite Electrode uhp grade for arc furnace at best price.","og_url":"https:\/\/jinsuncarbon.com\/fr\/produit-2\/electrode-graphite-uhp\/","og_site_name":"Jinsun Carbon","article_publisher":"https:\/\/www.facebook.com\/Graphite-Electrode-109336238661595","article_modified_time":"2025-01-20T04:56:28+00:00","og_image":[{"width":1024,"height":763,"url":"https:\/\/jinsuncarbon.com\/wp-content\/uploads\/2023\/01\/94.jpg","type":"image\/jpeg"}],"twitter_card":"summary_large_image","twitter_site":"@jinsuncarbon_","twitter_misc":{"Dur\u00e9e de lecture estim\u00e9e":"4 minutes"},"schema":{"@context":"https:\/\/schema.org","@graph":[{"@type":"WebPage","@id":"https:\/\/jinsuncarbon.com\/product\/uhp-graphite-electrode\/","url":"https:\/\/jinsuncarbon.com\/product\/uhp-graphite-electrode\/","name":"Fabricant d'\u00e9lectrodes en graphite UHP en Chine","isPartOf":{"@id":"https:\/\/jinsuncarbon.com\/#website"},"primaryImageOfPage":{"@id":"https:\/\/jinsuncarbon.com\/product\/uhp-graphite-electrode\/#primaryimage"},"image":{"@id":"https:\/\/jinsuncarbon.com\/product\/uhp-graphite-electrode\/#primaryimage"},"thumbnailUrl":"https:\/\/jinsuncarbon.com\/wp-content\/uploads\/2023\/01\/94.jpg","datePublished":"2022-12-26T09:55:33+00:00","dateModified":"2025-01-20T04:56:28+00:00","description":"Electrode graphite UHP fabricant, usine et fournisseur en Chine. Nous fournissons des \u00e9lectrodes en graphite de qualit\u00e9 UHP pour les fours \u00e0 arc au meilleur prix.","breadcrumb":{"@id":"https:\/\/jinsuncarbon.com\/product\/uhp-graphite-electrode\/#breadcrumb"},"inLanguage":"fr-FR","potentialAction":[{"@type":"ReadAction","target":["https:\/\/jinsuncarbon.com\/product\/uhp-graphite-electrode\/"]}]},{"@type":"ImageObject","inLanguage":"fr-FR","@id":"https:\/\/jinsuncarbon.com\/product\/uhp-graphite-electrode\/#primaryimage","url":"https:\/\/jinsuncarbon.com\/wp-content\/uploads\/2023\/01\/94.jpg","contentUrl":"https:\/\/jinsuncarbon.com\/wp-content\/uploads\/2023\/01\/94.jpg","width":1024,"height":763,"caption":"uhp graphite electrode"},{"@type":"BreadcrumbList","@id":"https:\/\/jinsuncarbon.com\/product\/uhp-graphite-electrode\/#breadcrumb","itemListElement":[{"@type":"ListItem","position":1,"name":"Home","item":"https:\/\/jinsuncarbon.com\/"},{"@type":"ListItem","position":2,"name":"Products","item":"https:\/\/jinsuncarbon.com\/graphite-carbon\/"},{"@type":"ListItem","position":3,"name":"UHP Graphite Electrode"}]},{"@type":"WebSite","@id":"https:\/\/jinsuncarbon.com\/#website","url":"https:\/\/jinsuncarbon.com\/","name":"Jinsun Carbon","description":"Nous sommes le fabricant d'\u00e9lectrodes en graphite le plus performant de Chine.","publisher":{"@id":"https:\/\/jinsuncarbon.com\/#organization"},"potentialAction":[{"@type":"SearchAction","target":{"@type":"EntryPoint","urlTemplate":"https:\/\/jinsuncarbon.com\/?s={search_term_string}"},"query-input":{"@type":"PropertyValueSpecification","valueRequired":true,"valueName":"search_term_string"}}],"inLanguage":"fr-FR"},{"@type":"Organization","@id":"https:\/\/jinsuncarbon.com\/#organization","name":"Jinsun Carbon","alternateName":"Jinsun Carbon","url":"https:\/\/jinsuncarbon.com\/","logo":{"@type":"ImageObject","inLanguage":"fr-FR","@id":"https:\/\/jinsuncarbon.com\/#\/schema\/logo\/image\/","url":"https:\/\/jinsuncarbon.com\/wp-content\/uploads\/2022\/12\/LOGO-1.png","contentUrl":"https:\/\/jinsuncarbon.com\/wp-content\/uploads\/2022\/12\/LOGO-1.png","width":207,"height":80,"caption":"Jinsun Carbon"},"image":{"@id":"https:\/\/jinsuncarbon.com\/#\/schema\/logo\/image\/"},"sameAs":["https:\/\/www.facebook.com\/Graphite-Electrode-109336238661595","https:\/\/x.com\/jinsuncarbon_","https:\/\/www.linkedin.com\/in\/jinsungraphite","https:\/\/www.youtube.com\/channel\/UCysDNyvyR5-3cCWEmpkVC0g"]}]}},"_links":{"self":[{"href":"https:\/\/jinsuncarbon.com\/fr\/wp-json\/wp\/v2\/product\/2114","targetHints":{"allow":["GET"]}}],"collection":[{"href":"https:\/\/jinsuncarbon.com\/fr\/wp-json\/wp\/v2\/product"}],"about":[{"href":"https:\/\/jinsuncarbon.com\/fr\/wp-json\/wp\/v2\/types\/product"}],"wp:featuredmedia":[{"embeddable":true,"href":"https:\/\/jinsuncarbon.com\/fr\/wp-json\/wp\/v2\/media\/2556"}],"wp:attachment":[{"href":"https:\/\/jinsuncarbon.com\/fr\/wp-json\/wp\/v2\/media?parent=2114"}],"wp:term":[{"taxonomy":"product_brand","embeddable":true,"href":"https:\/\/jinsuncarbon.com\/fr\/wp-json\/wp\/v2\/product_brand?post=2114"},{"taxonomy":"product_cat","embeddable":true,"href":"https:\/\/jinsuncarbon.com\/fr\/wp-json\/wp\/v2\/product_cat?post=2114"},{"taxonomy":"product_tag","embeddable":true,"href":"https:\/\/jinsuncarbon.com\/fr\/wp-json\/wp\/v2\/product_tag?post=2114"}],"curies":[{"name":"wp","href":"https:\/\/api.w.org\/{rel}","templated":true}]}}