{"id":2145,"date":"2023-01-30T09:28:37","date_gmt":"2023-01-30T09:28:37","guid":{"rendered":"https:\/\/jinsuncarbon.com\/?post_type=product&#038;p=2145"},"modified":"2024-11-01T01:09:33","modified_gmt":"2024-11-01T01:09:33","slug":"cathode-block","status":"publish","type":"product","link":"https:\/\/jinsuncarbon.com\/fa\/product\/cathode-block\/","title":{"rendered":"Cathode Block"},"content":{"rendered":"<h2><span data-preserver-spaces=\"true\">What is cathode block?<\/span><\/h2>\n<p><span data-preserver-spaces=\"true\">Cathode block is essential as negative electrodes in the electrolysis process of aluminum from alumina. It help improve the efficiency of aluminum smelting, which consumes a lot of electricity. So it is the central part of the cathode structure of the aluminum electrolytic cell. <\/span><\/p>\n<p><span data-preserver-spaces=\"true\">So it acts as a cathode conductor in the aluminum electrolysis production process. It exists as the lining material of the <\/span><a href=\"https:\/\/jinsuncarbon.com\/fa\/why-are-carbon-graphite-electrodes-used-in-electrolysis\/\"><span data-preserver-spaces=\"true\">electroly<\/span><\/a><span data-preserver-spaces=\"true\"><a href=\"https:\/\/jinsuncarbon.com\/fa\/why-are-carbon-graphite-electrodes-used-in-electrolysis\/\">sis<\/a> cell container. <\/span>With the rapidly increasing demand for aluminum globally, cathode blocks play an essential role in the industry.<\/p>\n<h2>Applications<\/h2>\n<p>The primary function of the cathode carbon block is as the<a href=\"https:\/\/jinsuncarbon.com\/fa\/product\/carbon-graphite-furnace-lining\/\"> lining<\/a> material of the electrolysis cell and for the conduction of electric current.<\/p>\n<p>At the same time, it must withstand the erosion of high-temperature cryolite melt during the aluminum electrolysis process.<\/p>\n<p>There is also the electrochemical action of high-temperature slag in the electrolysis process.<\/p>\n<p>Therefore, its quality plays a vital role in the operation of aluminum electrolytic cells.<\/p>\n<p>The grade directly affects the service life of the electrolytic cell, especially in terms of sodium corrosion resistance, thermal expansion rate, and resistivity.<\/p>\n<p>Improving its quality reduces the power consumption in production and is of great significance to prolonging the service life of the electrolyzer.<\/p>\n<p>The main cause of damage to it of an aluminum electrolytic <a href=\"https:\/\/sciencedirect.com\/topics\/engineering\/aluminum-cell\" target=\"_blank\" rel=\"noopener\">cell<\/a> is that the infiltration of sodium causes the expansion of the carbon block, and the infiltration of the molten electrolyte increases its thermal expansion coefficient.<\/p>\n<p>&nbsp;<\/p>\n<p><img fetchpriority=\"high\" decoding=\"async\" class=\"alignnone wp-image-4470\" src=\"https:\/\/jinsuncarbon.com\/wp-content\/uploads\/2023\/01\/cathode-blocks-1024x769.jpg\" alt=\"Cathode blocks\" width=\"506\" height=\"380\" srcset=\"https:\/\/jinsuncarbon.com\/wp-content\/uploads\/2023\/01\/cathode-blocks-1024x769.jpg 1024w, https:\/\/jinsuncarbon.com\/wp-content\/uploads\/2023\/01\/cathode-blocks-600x451.jpg 600w, https:\/\/jinsuncarbon.com\/wp-content\/uploads\/2023\/01\/cathode-blocks-300x225.jpg 300w, https:\/\/jinsuncarbon.com\/wp-content\/uploads\/2023\/01\/cathode-blocks-768x577.jpg 768w, https:\/\/jinsuncarbon.com\/wp-content\/uploads\/2023\/01\/cathode-blocks-16x12.jpg 16w, https:\/\/jinsuncarbon.com\/wp-content\/uploads\/2023\/01\/cathode-blocks.jpg 1080w\" sizes=\"(max-width: 506px) 100vw, 506px\" \/>\u00a0<img decoding=\"async\" class=\"alignnone wp-image-4471\" src=\"https:\/\/jinsuncarbon.com\/wp-content\/uploads\/2023\/01\/Cathode-carbon-block-graphitized-cathode-block-1024x769.jpg\" alt=\"Cathode carbon block-graphitized cathode block\" width=\"506\" height=\"380\" srcset=\"https:\/\/jinsuncarbon.com\/wp-content\/uploads\/2023\/01\/Cathode-carbon-block-graphitized-cathode-block-1024x769.jpg 1024w, https:\/\/jinsuncarbon.com\/wp-content\/uploads\/2023\/01\/Cathode-carbon-block-graphitized-cathode-block-600x451.jpg 600w, https:\/\/jinsuncarbon.com\/wp-content\/uploads\/2023\/01\/Cathode-carbon-block-graphitized-cathode-block-300x225.jpg 300w, https:\/\/jinsuncarbon.com\/wp-content\/uploads\/2023\/01\/Cathode-carbon-block-graphitized-cathode-block-768x577.jpg 768w, https:\/\/jinsuncarbon.com\/wp-content\/uploads\/2023\/01\/Cathode-carbon-block-graphitized-cathode-block-16x12.jpg 16w, https:\/\/jinsuncarbon.com\/wp-content\/uploads\/2023\/01\/Cathode-carbon-block-graphitized-cathode-block.jpg 1080w\" sizes=\"(max-width: 506px) 100vw, 506px\" \/><\/p>\n<p>&nbsp;<\/p>\n<h2><span data-preserver-spaces=\"true\">Characteristics<\/span><\/h2>\n<p><span data-preserver-spaces=\"true\">It has low resistance and good conductivity, so its voltage drop is small, which can reduce the power consumption of electrolytic production. <\/span><\/p>\n<p><span data-preserver-spaces=\"true\">It has specific mechanical strength. During <\/span><a class=\"editor-rtfLink\" href=\"https:\/\/www.bbc.co.uk\/bitesize\/guides\/zhk6pbk\/revision\/4\" target=\"_blank\" rel=\"noopener\"><span data-preserver-spaces=\"true\">aluminum electrolysis<\/span><\/a><span data-preserver-spaces=\"true\">, the volume of the cathode block expands, resulting in considerable expansion <\/span><\/p>\n<p><span data-preserver-spaces=\"true\">stress and high mechanical strength, which will reduce the damage rate. <\/span><\/p>\n<p><span data-preserver-spaces=\"true\">The low porosity of it does not break down quickly when the electrolyte content permeating into it increases. <\/span><\/p>\n<p><span data-preserver-spaces=\"true\">The ash content is small, so it will not increase the specific resistance and affect the conductivity. <\/span><\/p>\n<p><span data-preserver-spaces=\"true\">The damage coefficient of it is small, which can prolong its service life.<\/span><\/p>\n<p>&nbsp;<\/p>\n<h2>\u00a0Properties of cathode block<\/h2>\n<table width=\"652\">\n<tbody>\n<tr>\n<td width=\"151\">PROPERTIES<\/td>\n<td width=\"57\">UNIT<\/td>\n<td width=\"132\">amorphous carbon<\/td>\n<td width=\"94\">semi-graphite<\/td>\n<td width=\"113\">semi-graphitized<\/td>\n<td width=\"104\">graphitization<\/td>\n<\/tr>\n<tr>\n<td width=\"151\">Real density<\/td>\n<td width=\"57\">g\/cm<sup>3<\/sup><\/td>\n<td width=\"132\">1.85~1.95<\/td>\n<td width=\"94\">2.05~2.15<\/td>\n<td width=\"113\">2.05~2.18<\/td>\n<td width=\"104\">2.20<\/td>\n<\/tr>\n<tr>\n<td width=\"151\">Apparent density<\/td>\n<td width=\"57\">g\/cm<sup>3<\/sup><\/td>\n<td width=\"132\">1.50~1.55<\/td>\n<td width=\"94\">1.60~1.70<\/td>\n<td width=\"113\">1.55~1.65<\/td>\n<td width=\"104\">1.6~1.8<\/td>\n<\/tr>\n<tr>\n<td width=\"151\">Total porosity<\/td>\n<td width=\"57\">%<\/td>\n<td width=\"132\">18~25<\/td>\n<td width=\"94\">20~25<\/td>\n<td width=\"113\">15~30<\/td>\n<td width=\"104\">25<\/td>\n<\/tr>\n<tr>\n<td width=\"151\">Open porosity<\/td>\n<td width=\"57\">%<\/td>\n<td width=\"132\">15~18<\/td>\n<td width=\"94\">15~20<\/td>\n<td width=\"113\">15~20<\/td>\n<td width=\"104\">20~24<\/td>\n<\/tr>\n<tr>\n<td width=\"151\">Electrical Resistance<\/td>\n<td width=\"57\">\u03bc\u03a9\u00b7m<\/td>\n<td width=\"132\">30~50<\/td>\n<td width=\"94\">15~30<\/td>\n<td width=\"113\">12~18<\/td>\n<td width=\"104\">8~14<\/td>\n<\/tr>\n<tr>\n<td width=\"151\">Thermal conductivety<\/td>\n<td width=\"57\">W\/mk<\/td>\n<td width=\"132\">8~15<\/td>\n<td width=\"94\">30~45<\/td>\n<td width=\"113\">32<\/td>\n<td width=\"104\">80~120<\/td>\n<\/tr>\n<tr>\n<td width=\"151\">Compressive strength<\/td>\n<td width=\"57\">MPa<\/td>\n<td width=\"132\">25~30<\/td>\n<td width=\"94\">25~30<\/td>\n<td width=\"113\">20~25<\/td>\n<td width=\"104\">15<\/td>\n<\/tr>\n<tr>\n<td width=\"151\">Bending strength<\/td>\n<td width=\"57\">GPa<\/td>\n<td width=\"132\">6~10<\/td>\n<td width=\"94\">10~15<\/td>\n<td width=\"113\">6~10<\/td>\n<td width=\"104\">10~15<\/td>\n<\/tr>\n<tr>\n<td width=\"151\">Rapport test<\/td>\n<td width=\"57\">%<\/td>\n<td width=\"132\">0.6~1.5<\/td>\n<td width=\"94\">0.3~0.5<\/td>\n<td width=\"113\">0.3~0.5<\/td>\n<td width=\"104\">0.05~0.15<\/td>\n<\/tr>\n<tr>\n<td width=\"151\">Ash content<\/td>\n<td width=\"57\">%<\/td>\n<td width=\"132\">3~10<\/td>\n<td width=\"94\">0.1~1.0<\/td>\n<td width=\"113\">&lt;1.5<\/td>\n<td width=\"104\">&lt;0.5<\/td>\n<\/tr>\n<\/tbody>\n<\/table>\n<p>&nbsp;<\/p>","protected":false},"excerpt":{"rendered":"<p>Cathode blocks are used for the masonry lining of aluminum electrolytic cells. As a positive electrode conductive carbon material, it has the characteristics of high-temperature resistance, molten salt corrosion resistance, and good conductivity. There are many types, including ordinary carbon cathode block, semi-graphite carbon block, high-graphitic carbon block, and graphitized cathode block. The current specifications are 550mm\u00d7900mm\u00d73600mm and 650mm\u00d7700mm\u00d73600mm and above.<\/p>","protected":false},"featured_media":2308,"template":"","meta":[],"product_brand":[],"product_cat":[39],"product_tag":[47],"class_list":{"0":"post-2145","1":"product","2":"type-product","3":"status-publish","4":"has-post-thumbnail","6":"product_cat-carbon-products","7":"product_tag-cathode-block","9":"first","10":"instock","11":"shipping-taxable","12":"product-type-simple"},"yoast_head":"<!-- This site is optimized with the Yoast SEO Premium plugin v19.2.1 (Yoast SEO v25.3) - https:\/\/yoast.com\/wordpress\/plugins\/seo\/ -->\n<title>Cathode Block - Jinsun Carbon<\/title>\n<meta name=\"description\" content=\"Cathode blocks are used for the masonry lining of aluminum electrolytic cells. As a positive electrode conductive materials in the aluminum smelting process\" \/>\n<meta name=\"robots\" content=\"index, follow, max-snippet:-1, max-image-preview:large, max-video-preview:-1\" \/>\n<link rel=\"canonical\" href=\"https:\/\/jinsuncarbon.com\/fa\/product\/cathode-block\/\" \/>\n<meta property=\"og:locale\" content=\"fa_IR\" \/>\n<meta property=\"og:type\" content=\"article\" \/>\n<meta property=\"og:title\" content=\"Cathode Block\" \/>\n<meta property=\"og:description\" content=\"Cathode blocks are used for the masonry lining of aluminum electrolytic cells. As a positive electrode conductive materials in the aluminum smelting process\" \/>\n<meta property=\"og:url\" content=\"https:\/\/jinsuncarbon.com\/fa\/product\/cathode-block\/\" \/>\n<meta property=\"og:site_name\" content=\"Jinsun Carbon\" \/>\n<meta property=\"article:publisher\" content=\"https:\/\/www.facebook.com\/Graphite-Electrode-109336238661595\" \/>\n<meta property=\"article:modified_time\" content=\"2024-11-01T01:09:33+00:00\" \/>\n<meta property=\"og:image\" content=\"https:\/\/jinsuncarbon.com\/wp-content\/uploads\/2023\/01\/cathode-block-2.jpg\" \/>\n\t<meta property=\"og:image:width\" content=\"1024\" \/>\n\t<meta property=\"og:image:height\" content=\"763\" \/>\n\t<meta property=\"og:image:type\" content=\"image\/jpeg\" \/>\n<meta name=\"twitter:card\" content=\"summary_large_image\" \/>\n<meta name=\"twitter:site\" content=\"@jinsuncarbon_\" \/>\n<meta name=\"twitter:label1\" content=\"\u0632\u0645\u0627\u0646 \u062a\u0642\u0631\u06cc\u0628\u06cc \u0628\u0631\u0627\u06cc \u062e\u0648\u0627\u0646\u062f\u0646\" \/>\n\t<meta name=\"twitter:data1\" content=\"3 \u062f\u0642\u06cc\u0642\u0647\" \/>\n<script type=\"application\/ld+json\" class=\"yoast-schema-graph\">{\"@context\":\"https:\/\/schema.org\",\"@graph\":[{\"@type\":\"WebPage\",\"@id\":\"https:\/\/jinsuncarbon.com\/product\/cathode-block\/\",\"url\":\"https:\/\/jinsuncarbon.com\/product\/cathode-block\/\",\"name\":\"Cathode Block - Jinsun Carbon\",\"isPartOf\":{\"@id\":\"https:\/\/jinsuncarbon.com\/#website\"},\"primaryImageOfPage\":{\"@id\":\"https:\/\/jinsuncarbon.com\/product\/cathode-block\/#primaryimage\"},\"image\":{\"@id\":\"https:\/\/jinsuncarbon.com\/product\/cathode-block\/#primaryimage\"},\"thumbnailUrl\":\"https:\/\/jinsuncarbon.com\/wp-content\/uploads\/2023\/01\/cathode-block-2.jpg\",\"datePublished\":\"2023-01-30T09:28:37+00:00\",\"dateModified\":\"2024-11-01T01:09:33+00:00\",\"description\":\"Cathode blocks are used for the masonry lining of aluminum electrolytic cells. As a positive electrode conductive materials in the aluminum smelting process\",\"breadcrumb\":{\"@id\":\"https:\/\/jinsuncarbon.com\/product\/cathode-block\/#breadcrumb\"},\"inLanguage\":\"fa-IR\",\"potentialAction\":[{\"@type\":\"ReadAction\",\"target\":[\"https:\/\/jinsuncarbon.com\/product\/cathode-block\/\"]}]},{\"@type\":\"ImageObject\",\"inLanguage\":\"fa-IR\",\"@id\":\"https:\/\/jinsuncarbon.com\/product\/cathode-block\/#primaryimage\",\"url\":\"https:\/\/jinsuncarbon.com\/wp-content\/uploads\/2023\/01\/cathode-block-2.jpg\",\"contentUrl\":\"https:\/\/jinsuncarbon.com\/wp-content\/uploads\/2023\/01\/cathode-block-2.jpg\",\"width\":1024,\"height\":763,\"caption\":\"cathode blocks\"},{\"@type\":\"BreadcrumbList\",\"@id\":\"https:\/\/jinsuncarbon.com\/product\/cathode-block\/#breadcrumb\",\"itemListElement\":[{\"@type\":\"ListItem\",\"position\":1,\"name\":\"Home\",\"item\":\"https:\/\/jinsuncarbon.com\/\"},{\"@type\":\"ListItem\",\"position\":2,\"name\":\"Products\",\"item\":\"https:\/\/jinsuncarbon.com\/graphite-carbon\/\"},{\"@type\":\"ListItem\",\"position\":3,\"name\":\"Cathode Block\"}]},{\"@type\":\"WebSite\",\"@id\":\"https:\/\/jinsuncarbon.com\/#website\",\"url\":\"https:\/\/jinsuncarbon.com\/\",\"name\":\"Jinsun Carbon\",\"description\":\"We are the successful graphite electrode manufacturer in China\",\"publisher\":{\"@id\":\"https:\/\/jinsuncarbon.com\/#organization\"},\"potentialAction\":[{\"@type\":\"SearchAction\",\"target\":{\"@type\":\"EntryPoint\",\"urlTemplate\":\"https:\/\/jinsuncarbon.com\/?s={search_term_string}\"},\"query-input\":{\"@type\":\"PropertyValueSpecification\",\"valueRequired\":true,\"valueName\":\"search_term_string\"}}],\"inLanguage\":\"fa-IR\"},{\"@type\":\"Organization\",\"@id\":\"https:\/\/jinsuncarbon.com\/#organization\",\"name\":\"Jinsun Carbon\",\"alternateName\":\"Jinsun Carbon\",\"url\":\"https:\/\/jinsuncarbon.com\/\",\"logo\":{\"@type\":\"ImageObject\",\"inLanguage\":\"fa-IR\",\"@id\":\"https:\/\/jinsuncarbon.com\/#\/schema\/logo\/image\/\",\"url\":\"https:\/\/jinsuncarbon.com\/wp-content\/uploads\/2022\/12\/LOGO-1.png\",\"contentUrl\":\"https:\/\/jinsuncarbon.com\/wp-content\/uploads\/2022\/12\/LOGO-1.png\",\"width\":207,\"height\":80,\"caption\":\"Jinsun Carbon\"},\"image\":{\"@id\":\"https:\/\/jinsuncarbon.com\/#\/schema\/logo\/image\/\"},\"sameAs\":[\"https:\/\/www.facebook.com\/Graphite-Electrode-109336238661595\",\"https:\/\/x.com\/jinsuncarbon_\",\"https:\/\/www.linkedin.com\/in\/jinsungraphite\",\"https:\/\/www.youtube.com\/channel\/UCysDNyvyR5-3cCWEmpkVC0g\"]}]}<\/script>\n<!-- \/ Yoast SEO Premium plugin. -->","yoast_head_json":{"title":"Cathode Block - Jinsun Carbon","description":"Cathode blocks are used for the masonry lining of aluminum electrolytic cells. As a positive electrode conductive materials in the aluminum smelting process","robots":{"index":"index","follow":"follow","max-snippet":"max-snippet:-1","max-image-preview":"max-image-preview:large","max-video-preview":"max-video-preview:-1"},"canonical":"https:\/\/jinsuncarbon.com\/fa\/product\/cathode-block\/","og_locale":"fa_IR","og_type":"article","og_title":"Cathode Block","og_description":"Cathode blocks are used for the masonry lining of aluminum electrolytic cells. As a positive electrode conductive materials in the aluminum smelting process","og_url":"https:\/\/jinsuncarbon.com\/fa\/product\/cathode-block\/","og_site_name":"Jinsun Carbon","article_publisher":"https:\/\/www.facebook.com\/Graphite-Electrode-109336238661595","article_modified_time":"2024-11-01T01:09:33+00:00","og_image":[{"width":1024,"height":763,"url":"https:\/\/jinsuncarbon.com\/wp-content\/uploads\/2023\/01\/cathode-block-2.jpg","type":"image\/jpeg"}],"twitter_card":"summary_large_image","twitter_site":"@jinsuncarbon_","twitter_misc":{"\u0632\u0645\u0627\u0646 \u062a\u0642\u0631\u06cc\u0628\u06cc \u0628\u0631\u0627\u06cc \u062e\u0648\u0627\u0646\u062f\u0646":"3 \u062f\u0642\u06cc\u0642\u0647"},"schema":{"@context":"https:\/\/schema.org","@graph":[{"@type":"WebPage","@id":"https:\/\/jinsuncarbon.com\/product\/cathode-block\/","url":"https:\/\/jinsuncarbon.com\/product\/cathode-block\/","name":"Cathode Block - Jinsun Carbon","isPartOf":{"@id":"https:\/\/jinsuncarbon.com\/#website"},"primaryImageOfPage":{"@id":"https:\/\/jinsuncarbon.com\/product\/cathode-block\/#primaryimage"},"image":{"@id":"https:\/\/jinsuncarbon.com\/product\/cathode-block\/#primaryimage"},"thumbnailUrl":"https:\/\/jinsuncarbon.com\/wp-content\/uploads\/2023\/01\/cathode-block-2.jpg","datePublished":"2023-01-30T09:28:37+00:00","dateModified":"2024-11-01T01:09:33+00:00","description":"Cathode blocks are used for the masonry lining of aluminum electrolytic cells. As a positive electrode conductive materials in the aluminum smelting process","breadcrumb":{"@id":"https:\/\/jinsuncarbon.com\/product\/cathode-block\/#breadcrumb"},"inLanguage":"fa-IR","potentialAction":[{"@type":"ReadAction","target":["https:\/\/jinsuncarbon.com\/product\/cathode-block\/"]}]},{"@type":"ImageObject","inLanguage":"fa-IR","@id":"https:\/\/jinsuncarbon.com\/product\/cathode-block\/#primaryimage","url":"https:\/\/jinsuncarbon.com\/wp-content\/uploads\/2023\/01\/cathode-block-2.jpg","contentUrl":"https:\/\/jinsuncarbon.com\/wp-content\/uploads\/2023\/01\/cathode-block-2.jpg","width":1024,"height":763,"caption":"cathode blocks"},{"@type":"BreadcrumbList","@id":"https:\/\/jinsuncarbon.com\/product\/cathode-block\/#breadcrumb","itemListElement":[{"@type":"ListItem","position":1,"name":"Home","item":"https:\/\/jinsuncarbon.com\/"},{"@type":"ListItem","position":2,"name":"Products","item":"https:\/\/jinsuncarbon.com\/graphite-carbon\/"},{"@type":"ListItem","position":3,"name":"Cathode Block"}]},{"@type":"WebSite","@id":"https:\/\/jinsuncarbon.com\/#website","url":"https:\/\/jinsuncarbon.com\/","name":"Jinsun Carbon","description":"We are the successful graphite electrode manufacturer in China","publisher":{"@id":"https:\/\/jinsuncarbon.com\/#organization"},"potentialAction":[{"@type":"SearchAction","target":{"@type":"EntryPoint","urlTemplate":"https:\/\/jinsuncarbon.com\/?s={search_term_string}"},"query-input":{"@type":"PropertyValueSpecification","valueRequired":true,"valueName":"search_term_string"}}],"inLanguage":"fa-IR"},{"@type":"Organization","@id":"https:\/\/jinsuncarbon.com\/#organization","name":"Jinsun Carbon","alternateName":"Jinsun Carbon","url":"https:\/\/jinsuncarbon.com\/","logo":{"@type":"ImageObject","inLanguage":"fa-IR","@id":"https:\/\/jinsuncarbon.com\/#\/schema\/logo\/image\/","url":"https:\/\/jinsuncarbon.com\/wp-content\/uploads\/2022\/12\/LOGO-1.png","contentUrl":"https:\/\/jinsuncarbon.com\/wp-content\/uploads\/2022\/12\/LOGO-1.png","width":207,"height":80,"caption":"Jinsun Carbon"},"image":{"@id":"https:\/\/jinsuncarbon.com\/#\/schema\/logo\/image\/"},"sameAs":["https:\/\/www.facebook.com\/Graphite-Electrode-109336238661595","https:\/\/x.com\/jinsuncarbon_","https:\/\/www.linkedin.com\/in\/jinsungraphite","https:\/\/www.youtube.com\/channel\/UCysDNyvyR5-3cCWEmpkVC0g"]}]}},"_links":{"self":[{"href":"https:\/\/jinsuncarbon.com\/fa\/wp-json\/wp\/v2\/product\/2145","targetHints":{"allow":["GET"]}}],"collection":[{"href":"https:\/\/jinsuncarbon.com\/fa\/wp-json\/wp\/v2\/product"}],"about":[{"href":"https:\/\/jinsuncarbon.com\/fa\/wp-json\/wp\/v2\/types\/product"}],"wp:featuredmedia":[{"embeddable":true,"href":"https:\/\/jinsuncarbon.com\/fa\/wp-json\/wp\/v2\/media\/2308"}],"wp:attachment":[{"href":"https:\/\/jinsuncarbon.com\/fa\/wp-json\/wp\/v2\/media?parent=2145"}],"wp:term":[{"taxonomy":"product_brand","embeddable":true,"href":"https:\/\/jinsuncarbon.com\/fa\/wp-json\/wp\/v2\/product_brand?post=2145"},{"taxonomy":"product_cat","embeddable":true,"href":"https:\/\/jinsuncarbon.com\/fa\/wp-json\/wp\/v2\/product_cat?post=2145"},{"taxonomy":"product_tag","embeddable":true,"href":"https:\/\/jinsuncarbon.com\/fa\/wp-json\/wp\/v2\/product_tag?post=2145"}],"curies":[{"name":"wp","href":"https:\/\/api.w.org\/{rel}","templated":true}]}}