{"id":8019,"date":"2025-08-02T08:47:55","date_gmt":"2025-08-02T08:47:55","guid":{"rendered":"https:\/\/jinsuncarbon.com\/?post_type=product&#038;p=8019"},"modified":"2025-08-26T05:00:16","modified_gmt":"2025-08-26T05:00:16","slug":"recarga-de-grafito","status":"publish","type":"product","link":"https:\/\/jinsuncarbon.com\/es_es\/producto\/recarga-de-grafito\/","title":{"rendered":"Recarburaci\u00f3n de grafito"},"content":{"rendered":"<h2>Recarburaci\u00f3n de grafito Fabricantes<\/h2>\n<p><strong><b>Alta<\/b><\/strong><strong><b>\u00a0contenido en carbono <\/b><\/strong><\/p>\n<p>Su contenido de carbono suele superar los 90%, y en algunos productos de alta calidad, puede llegar incluso a m\u00e1s de 98%. Esto hace que pueda reponer r\u00e1pidamente los elementos de carbono al acero fundido y mejorar la eficiencia de la fundici\u00f3n.<\/p>\n<p>&nbsp;<\/p>\n<p><strong><b>Bajo<\/b><\/strong><strong><b>\u00a0contenido de impurezas<\/b><\/strong><\/p>\n<p>Tras el tratamiento de purificaci\u00f3n, el contenido de impurezas nocivas como azufre, f\u00f3sforo y nitr\u00f3geno es bajo. As\u00ed se reducen los efectos adversos sobre las propiedades met\u00e1licas.<\/p>\n<p>&nbsp;<\/p>\n<p><strong><b>I<\/b><\/strong><strong><b>ejorar la morfolog\u00eda del grafito<\/b><\/strong><\/p>\n<p>Esto facilita su disoluci\u00f3n en el metal fundido y su r\u00e1pida absorci\u00f3n, lo que puede aumentar r\u00e1pidamente el contenido de carbono del metal.<\/p>\n<p>&nbsp;<\/p>\n<p><strong><b>G<\/b><\/strong><strong><b>uena estabilidad qu\u00edmica<\/b><\/strong><\/p>\n<p>Puede mantener un rendimiento estable en entornos de fundici\u00f3n a alta temperatura, por lo que es poco probable que tenga reacciones adversas con otras sustancias.<\/p>\n<p>&nbsp;<\/p>\n<p><strong><b>Composici\u00f3n uniforme<\/b><\/strong><\/p>\n<p>As\u00ed se garantiza la consistencia del efecto de aumento del carbono.<\/p>\n<p>&nbsp;<\/p>\n<p><strong><b>C<\/b><\/strong><strong><b>onveniencia de uso<\/b><\/strong><\/p>\n<p>Se puede ajustar la cantidad de adici\u00f3n en funci\u00f3n de las necesidades, controlando as\u00ed con precisi\u00f3n el contenido de carbono del metal.<\/p>\n<p>&nbsp;<\/p>\n<h2>Especificaciones t\u00e9cnicas<\/h2>\n<table>\n<tbody>\n<tr>\n<td width=\"53\">PUNTO<\/td>\n<td width=\"53\">Resistencia espec\u00edfica<\/td>\n<td width=\"53\">Azufre<\/p>\n<p>Contenido<\/td>\n<td width=\"53\">Fresno<\/td>\n<td width=\"53\">Vol\u00e1til<\/p>\n<p>Materia<\/td>\n<td width=\"53\">Humedad<\/td>\n<td width=\"53\">Carbono<\/p>\n<p>Contenido<\/td>\n<td width=\"53\">Nnitr\u00f3geno<\/p>\n<p>Contenido<\/td>\n<\/tr>\n<tr>\n<td width=\"53\">Carburador<\/p>\n<p>0-2<\/td>\n<td width=\"53\">&lt;120<\/td>\n<td width=\"53\">&lt;0.3<\/td>\n<td width=\"53\">&lt;1<\/td>\n<td width=\"53\">&lt;0.5<\/td>\n<td width=\"53\">&lt;0.05<\/td>\n<td width=\"53\">&gt;98.5<\/td>\n<td width=\"53\">&lt;300<\/td>\n<\/tr>\n<tr>\n<td width=\"53\">Carburador<\/p>\n<p>2-5<\/td>\n<td width=\"53\">&lt;120<\/td>\n<td width=\"53\">&lt;0.05<\/td>\n<td width=\"53\">&lt;1<\/td>\n<td width=\"53\">&lt;0.5<\/td>\n<td width=\"53\">&lt;0.05<\/td>\n<td width=\"53\">&gt;98.5<\/td>\n<td width=\"53\">&lt;300<\/td>\n<\/tr>\n<tr>\n<td width=\"53\">Carburador<\/p>\n<p>5-30<\/td>\n<td width=\"53\">80-100<\/td>\n<td width=\"53\">&lt;0.05<\/td>\n<td width=\"53\">&lt;0.7<\/td>\n<td width=\"53\">&lt;0.5<\/td>\n<td width=\"53\">&lt;0.05<\/td>\n<td width=\"53\">&gt;98.5<\/td>\n<td width=\"53\">&lt;300<\/td>\n<\/tr>\n<\/tbody>\n<\/table>\n<h2><\/h2>\n<h2>Usos de la recarburaci\u00f3n de grafito<\/h2>\n<p>El recarbonizador de grafito se utiliza ampliamente y existen algunos campos de aplicaci\u00f3n comunes.<\/p>\n<h3><strong><b>La industria de la fundici\u00f3n de hierro: <\/b><\/strong><\/h3>\n<p><strong><b>I. Producci\u00f3n de fundici\u00f3n gris<\/b><\/strong><\/p>\n<p>A\u00f1adi\u00e9ndolo durante el proceso de fusi\u00f3n de la fundici\u00f3n gris, se puede ajustar el contenido de carbono a un rango adecuado. El rango suele ser de 2,5% - 4%, lo que puede promover\u00a0<a href=\"https:\/\/jinsuncarbon.com\/es_es\/que-es-la-grafitizacion\/\">grafitizaci\u00f3n<\/a>. Adem\u00e1s, mejora el rendimiento del mecanizado y las propiedades mec\u00e1nicas de las piezas fundidas, como la resistencia al desgaste y la resistencia a la compresi\u00f3n.<\/p>\n<p>&nbsp;<\/p>\n<p><strong><b>II. Producci\u00f3n de fundici\u00f3n de grafito esferoidal<\/b><\/strong><\/p>\n<p>Se puede utilizar para la fusi\u00f3n de fundici\u00f3n de grafito esferoidal, ya que puede estabilizar el contenido de carbono. Cuando se utiliza en combinaci\u00f3n con agentes esferoidizantes, puede asegurar el efecto de esferoidizaci\u00f3n. Y puede mejorar la tenacidad y la resistencia de las piezas fundidas, lo que es adecuado para la fabricaci\u00f3n de piezas de autom\u00f3viles, tuber\u00edas, etc.<\/p>\n<p>&nbsp;<\/p>\n<p><strong><b>III. Fundici\u00f3n forjable<\/b><\/strong><strong><b>\u00a0<\/b><\/strong><strong><b>producci\u00f3n<\/b><\/strong><\/p>\n<p>Puede ayudar a ajustar el contenido de carbono del hierro fundido, creando las condiciones para la precipitaci\u00f3n del grafito durante el posterior proceso de recocido. Y garantizar as\u00ed la maquinabilidad de la fundici\u00f3n forjable.<\/p>\n<p>&nbsp;<\/p>\n<p><strong><b>IV. Industria del acero fundido: <\/b><\/strong><\/p>\n<p>Puede utilizarse en la producci\u00f3n de diversos aceros al carbono y aceros fundidos aleados, que reponen los elementos de carbono perdidos durante el proceso de fusi\u00f3n. Controla el contenido de carbono dentro del intervalo dise\u00f1ado, que se utiliza para fabricar bastidores de bancadas de m\u00e1quinas, componentes de maquinaria de ingenier\u00eda, etc. Y puede garantizar que la dureza, la resistencia y otras propiedades del acero cumplan las normas.<\/p>\n<p>&nbsp;<\/p>\n<h3><strong><b>Otros campos metal\u00fargicos: <\/b><\/strong><\/h3>\n<p><strong><b>Pulvimetalurgia<\/b><\/strong><\/p>\n<p>En el<a href=\"https:\/\/en.wikipedia.org\/wiki\/Powder_metallurgy\" target=\"_blank\" rel=\"noopener\"> pulvimetalurgia<\/a> proceso, se puede a\u00f1adir como fuente de carbono. Puede ajustar el contenido de carbono de la aleaci\u00f3n y producir productos de polvo met\u00e1lico con propiedades espec\u00edficas.<\/p>\n<p>&nbsp;<\/p>\n<p><strong><b>Producci\u00f3n de aleaciones de hierro<\/b><\/strong><\/p>\n<p>En algunos procesos de producci\u00f3n de aleaciones de hierro, es necesario controlar el contenido de carbono. As\u00ed que puede utilizar el recarbonizador de grafito como aditivo de carbono preciso para garantizar la calidad del producto.<\/p>","protected":false},"excerpt":{"rendered":"<p>El recarbonizador de grafito es un tipo de aditivo de carbono fabricado a partir de grafito natural o grafito artificial como materia prima principal, procesado mediante trituraci\u00f3n, cribado y otras t\u00e9cnicas. Tiene un alto contenido de carbono, pocas impurezas y un excelente rendimiento de absorci\u00f3n de carbono, por lo que es un material eficaz para aumentar el carbono. Adem\u00e1s, desempe\u00f1a un papel importante en las industrias de fundici\u00f3n de acero y de moldeado, satisfaciendo la demanda de regulaci\u00f3n del contenido de carbono en la fundici\u00f3n de metales. Sus formas son diversas y suelen ser granular, en polvo y en bloque. Y se puede ajustar la forma espec\u00edfica seg\u00fan los requisitos del proceso de fundici\u00f3n.<\/p>","protected":false},"featured_media":8020,"template":"","meta":[],"product_brand":[],"product_cat":[40],"product_tag":[],"class_list":{"0":"post-8019","1":"product","2":"type-product","3":"status-publish","4":"has-post-thumbnail","6":"product_cat-petroleum-coke","8":"first","9":"instock","10":"shipping-taxable","11":"product-type-simple"},"yoast_head":"<!-- This site is optimized with the Yoast SEO Premium plugin v19.2.1 (Yoast SEO v25.3) - https:\/\/yoast.com\/wordpress\/plugins\/seo\/ -->\n<title>Graphite Recarburizer | Jinsun Carbon<\/title>\n<meta name=\"description\" content=\"Graphite recarburizer manufacturer and supplier, graphite recarburizercan be used in steelmaking, cast iron, alloy casting or as an auxiliary material for smelting.\" \/>\n<meta name=\"robots\" content=\"index, follow, max-snippet:-1, max-image-preview:large, max-video-preview:-1\" \/>\n<link rel=\"canonical\" href=\"https:\/\/jinsuncarbon.com\/es_es\/producto\/recarga-de-grafito\/\" \/>\n<meta property=\"og:locale\" content=\"es_ES\" \/>\n<meta property=\"og:type\" content=\"article\" \/>\n<meta property=\"og:title\" content=\"Graphite Recarburizer\" \/>\n<meta property=\"og:description\" content=\"Graphite recarburizer manufacturer and supplier, graphite recarburizercan be used in steelmaking, cast iron, alloy casting or as an auxiliary material for smelting.\" \/>\n<meta property=\"og:url\" content=\"https:\/\/jinsuncarbon.com\/es_es\/producto\/recarga-de-grafito\/\" \/>\n<meta property=\"og:site_name\" content=\"Jinsun Carbon\" \/>\n<meta property=\"article:publisher\" content=\"https:\/\/www.facebook.com\/Graphite-Electrode-109336238661595\" \/>\n<meta property=\"article:modified_time\" content=\"2025-08-26T05:00:16+00:00\" \/>\n<meta property=\"og:image\" content=\"https:\/\/jinsuncarbon.com\/wp-content\/uploads\/2025\/08\/Graphite-Recarburizer.jpg\" \/>\n\t<meta property=\"og:image:width\" content=\"1024\" \/>\n\t<meta property=\"og:image:height\" content=\"763\" \/>\n\t<meta property=\"og:image:type\" content=\"image\/jpeg\" \/>\n<meta name=\"twitter:card\" content=\"summary_large_image\" \/>\n<meta name=\"twitter:site\" content=\"@jinsuncarbon_\" \/>\n<meta name=\"twitter:label1\" content=\"Tiempo de lectura\" \/>\n\t<meta name=\"twitter:data1\" content=\"3 minutos\" \/>\n<script type=\"application\/ld+json\" class=\"yoast-schema-graph\">{\"@context\":\"https:\/\/schema.org\",\"@graph\":[{\"@type\":\"WebPage\",\"@id\":\"https:\/\/jinsuncarbon.com\/product\/graphite-recarburizer\/\",\"url\":\"https:\/\/jinsuncarbon.com\/product\/graphite-recarburizer\/\",\"name\":\"Graphite Recarburizer | Jinsun Carbon\",\"isPartOf\":{\"@id\":\"https:\/\/jinsuncarbon.com\/#website\"},\"primaryImageOfPage\":{\"@id\":\"https:\/\/jinsuncarbon.com\/product\/graphite-recarburizer\/#primaryimage\"},\"image\":{\"@id\":\"https:\/\/jinsuncarbon.com\/product\/graphite-recarburizer\/#primaryimage\"},\"thumbnailUrl\":\"https:\/\/jinsuncarbon.com\/wp-content\/uploads\/2025\/08\/Graphite-Recarburizer.jpg\",\"datePublished\":\"2025-08-02T08:47:55+00:00\",\"dateModified\":\"2025-08-26T05:00:16+00:00\",\"description\":\"Graphite recarburizer manufacturer and supplier, graphite recarburizercan be used in steelmaking, cast iron, alloy casting or as an auxiliary material for smelting.\",\"breadcrumb\":{\"@id\":\"https:\/\/jinsuncarbon.com\/product\/graphite-recarburizer\/#breadcrumb\"},\"inLanguage\":\"es\",\"potentialAction\":[{\"@type\":\"ReadAction\",\"target\":[\"https:\/\/jinsuncarbon.com\/product\/graphite-recarburizer\/\"]}]},{\"@type\":\"ImageObject\",\"inLanguage\":\"es\",\"@id\":\"https:\/\/jinsuncarbon.com\/product\/graphite-recarburizer\/#primaryimage\",\"url\":\"https:\/\/jinsuncarbon.com\/wp-content\/uploads\/2025\/08\/Graphite-Recarburizer.jpg\",\"contentUrl\":\"https:\/\/jinsuncarbon.com\/wp-content\/uploads\/2025\/08\/Graphite-Recarburizer.jpg\",\"width\":1024,\"height\":763,\"caption\":\"Graphite Recarburizer\"},{\"@type\":\"BreadcrumbList\",\"@id\":\"https:\/\/jinsuncarbon.com\/product\/graphite-recarburizer\/#breadcrumb\",\"itemListElement\":[{\"@type\":\"ListItem\",\"position\":1,\"name\":\"Home\",\"item\":\"https:\/\/jinsuncarbon.com\/\"},{\"@type\":\"ListItem\",\"position\":2,\"name\":\"Products\",\"item\":\"https:\/\/jinsuncarbon.com\/graphite-carbon\/\"},{\"@type\":\"ListItem\",\"position\":3,\"name\":\"Graphite Recarburizer\"}]},{\"@type\":\"WebSite\",\"@id\":\"https:\/\/jinsuncarbon.com\/#website\",\"url\":\"https:\/\/jinsuncarbon.com\/\",\"name\":\"Jinsun Carbon\",\"description\":\"We are the successful graphite electrode manufacturer in China\",\"publisher\":{\"@id\":\"https:\/\/jinsuncarbon.com\/#organization\"},\"potentialAction\":[{\"@type\":\"SearchAction\",\"target\":{\"@type\":\"EntryPoint\",\"urlTemplate\":\"https:\/\/jinsuncarbon.com\/?s={search_term_string}\"},\"query-input\":{\"@type\":\"PropertyValueSpecification\",\"valueRequired\":true,\"valueName\":\"search_term_string\"}}],\"inLanguage\":\"es\"},{\"@type\":\"Organization\",\"@id\":\"https:\/\/jinsuncarbon.com\/#organization\",\"name\":\"Jinsun Carbon\",\"alternateName\":\"Jinsun Carbon\",\"url\":\"https:\/\/jinsuncarbon.com\/\",\"logo\":{\"@type\":\"ImageObject\",\"inLanguage\":\"es\",\"@id\":\"https:\/\/jinsuncarbon.com\/#\/schema\/logo\/image\/\",\"url\":\"https:\/\/jinsuncarbon.com\/wp-content\/uploads\/2022\/12\/LOGO-1.png\",\"contentUrl\":\"https:\/\/jinsuncarbon.com\/wp-content\/uploads\/2022\/12\/LOGO-1.png\",\"width\":207,\"height\":80,\"caption\":\"Jinsun Carbon\"},\"image\":{\"@id\":\"https:\/\/jinsuncarbon.com\/#\/schema\/logo\/image\/\"},\"sameAs\":[\"https:\/\/www.facebook.com\/Graphite-Electrode-109336238661595\",\"https:\/\/x.com\/jinsuncarbon_\",\"https:\/\/www.linkedin.com\/in\/jinsungraphite\",\"https:\/\/www.youtube.com\/channel\/UCysDNyvyR5-3cCWEmpkVC0g\"]}]}<\/script>\n<!-- \/ Yoast SEO Premium plugin. -->","yoast_head_json":{"title":"Recarburaci\u00f3n de grafito | Jinsun Carbon","description":"Fabricante y proveedor de recarburante de grafito, el recarburante de grafito puede utilizarse en la siderurgia, la fundici\u00f3n de hierro, la fundici\u00f3n de aleaciones o como material auxiliar para la fundici\u00f3n.","robots":{"index":"index","follow":"follow","max-snippet":"max-snippet:-1","max-image-preview":"max-image-preview:large","max-video-preview":"max-video-preview:-1"},"canonical":"https:\/\/jinsuncarbon.com\/es_es\/producto\/recarga-de-grafito\/","og_locale":"es_ES","og_type":"article","og_title":"Graphite Recarburizer","og_description":"Graphite recarburizer manufacturer and supplier, graphite recarburizercan be used in steelmaking, cast iron, alloy casting or as an auxiliary material for smelting.","og_url":"https:\/\/jinsuncarbon.com\/es_es\/producto\/recarga-de-grafito\/","og_site_name":"Jinsun Carbon","article_publisher":"https:\/\/www.facebook.com\/Graphite-Electrode-109336238661595","article_modified_time":"2025-08-26T05:00:16+00:00","og_image":[{"width":1024,"height":763,"url":"https:\/\/jinsuncarbon.com\/wp-content\/uploads\/2025\/08\/Graphite-Recarburizer.jpg","type":"image\/jpeg"}],"twitter_card":"summary_large_image","twitter_site":"@jinsuncarbon_","twitter_misc":{"Tiempo de lectura":"3 minutos"},"schema":{"@context":"https:\/\/schema.org","@graph":[{"@type":"WebPage","@id":"https:\/\/jinsuncarbon.com\/product\/graphite-recarburizer\/","url":"https:\/\/jinsuncarbon.com\/product\/graphite-recarburizer\/","name":"Recarburaci\u00f3n de grafito | Jinsun Carbon","isPartOf":{"@id":"https:\/\/jinsuncarbon.com\/#website"},"primaryImageOfPage":{"@id":"https:\/\/jinsuncarbon.com\/product\/graphite-recarburizer\/#primaryimage"},"image":{"@id":"https:\/\/jinsuncarbon.com\/product\/graphite-recarburizer\/#primaryimage"},"thumbnailUrl":"https:\/\/jinsuncarbon.com\/wp-content\/uploads\/2025\/08\/Graphite-Recarburizer.jpg","datePublished":"2025-08-02T08:47:55+00:00","dateModified":"2025-08-26T05:00:16+00:00","description":"Fabricante y proveedor de recarburante de grafito, el recarburante de grafito puede utilizarse en la siderurgia, la fundici\u00f3n de hierro, la fundici\u00f3n de aleaciones o como material auxiliar para la fundici\u00f3n.","breadcrumb":{"@id":"https:\/\/jinsuncarbon.com\/product\/graphite-recarburizer\/#breadcrumb"},"inLanguage":"es","potentialAction":[{"@type":"ReadAction","target":["https:\/\/jinsuncarbon.com\/product\/graphite-recarburizer\/"]}]},{"@type":"ImageObject","inLanguage":"es","@id":"https:\/\/jinsuncarbon.com\/product\/graphite-recarburizer\/#primaryimage","url":"https:\/\/jinsuncarbon.com\/wp-content\/uploads\/2025\/08\/Graphite-Recarburizer.jpg","contentUrl":"https:\/\/jinsuncarbon.com\/wp-content\/uploads\/2025\/08\/Graphite-Recarburizer.jpg","width":1024,"height":763,"caption":"Graphite Recarburizer"},{"@type":"BreadcrumbList","@id":"https:\/\/jinsuncarbon.com\/product\/graphite-recarburizer\/#breadcrumb","itemListElement":[{"@type":"ListItem","position":1,"name":"Home","item":"https:\/\/jinsuncarbon.com\/"},{"@type":"ListItem","position":2,"name":"Products","item":"https:\/\/jinsuncarbon.com\/graphite-carbon\/"},{"@type":"ListItem","position":3,"name":"Graphite Recarburizer"}]},{"@type":"WebSite","@id":"https:\/\/jinsuncarbon.com\/#website","url":"https:\/\/jinsuncarbon.com\/","name":"Jinsun Carbon","description":"Somos el fabricante de electrodos de grafito con m\u00e1s \u00e9xito de China","publisher":{"@id":"https:\/\/jinsuncarbon.com\/#organization"},"potentialAction":[{"@type":"SearchAction","target":{"@type":"EntryPoint","urlTemplate":"https:\/\/jinsuncarbon.com\/?s={search_term_string}"},"query-input":{"@type":"PropertyValueSpecification","valueRequired":true,"valueName":"search_term_string"}}],"inLanguage":"es"},{"@type":"Organization","@id":"https:\/\/jinsuncarbon.com\/#organization","name":"Jinsun Carbon","alternateName":"Jinsun Carbon","url":"https:\/\/jinsuncarbon.com\/","logo":{"@type":"ImageObject","inLanguage":"es","@id":"https:\/\/jinsuncarbon.com\/#\/schema\/logo\/image\/","url":"https:\/\/jinsuncarbon.com\/wp-content\/uploads\/2022\/12\/LOGO-1.png","contentUrl":"https:\/\/jinsuncarbon.com\/wp-content\/uploads\/2022\/12\/LOGO-1.png","width":207,"height":80,"caption":"Jinsun Carbon"},"image":{"@id":"https:\/\/jinsuncarbon.com\/#\/schema\/logo\/image\/"},"sameAs":["https:\/\/www.facebook.com\/Graphite-Electrode-109336238661595","https:\/\/x.com\/jinsuncarbon_","https:\/\/www.linkedin.com\/in\/jinsungraphite","https:\/\/www.youtube.com\/channel\/UCysDNyvyR5-3cCWEmpkVC0g"]}]}},"_links":{"self":[{"href":"https:\/\/jinsuncarbon.com\/es_es\/wp-json\/wp\/v2\/product\/8019","targetHints":{"allow":["GET"]}}],"collection":[{"href":"https:\/\/jinsuncarbon.com\/es_es\/wp-json\/wp\/v2\/product"}],"about":[{"href":"https:\/\/jinsuncarbon.com\/es_es\/wp-json\/wp\/v2\/types\/product"}],"wp:featuredmedia":[{"embeddable":true,"href":"https:\/\/jinsuncarbon.com\/es_es\/wp-json\/wp\/v2\/media\/8020"}],"wp:attachment":[{"href":"https:\/\/jinsuncarbon.com\/es_es\/wp-json\/wp\/v2\/media?parent=8019"}],"wp:term":[{"taxonomy":"product_brand","embeddable":true,"href":"https:\/\/jinsuncarbon.com\/es_es\/wp-json\/wp\/v2\/product_brand?post=8019"},{"taxonomy":"product_cat","embeddable":true,"href":"https:\/\/jinsuncarbon.com\/es_es\/wp-json\/wp\/v2\/product_cat?post=8019"},{"taxonomy":"product_tag","embeddable":true,"href":"https:\/\/jinsuncarbon.com\/es_es\/wp-json\/wp\/v2\/product_tag?post=8019"}],"curies":[{"name":"wp","href":"https:\/\/api.w.org\/{rel}","templated":true}]}}