{"id":7990,"date":"2025-07-12T10:05:53","date_gmt":"2025-07-12T10:05:53","guid":{"rendered":"https:\/\/jinsuncarbon.com\/?post_type=product&#038;p=7990"},"modified":"2025-07-12T10:05:55","modified_gmt":"2025-07-12T10:05:55","slug":"grafito-recubierto-de-carburo-de-silicio","status":"publish","type":"product","link":"https:\/\/jinsuncarbon.com\/es_es\/producto\/grafito-recubierto-de-carburo-de-silicio\/","title":{"rendered":"Grafito recubierto de carburo de silicio"},"content":{"rendered":"<h2>Ventajas del grafito recubierto de carburo de silicio<\/h2>\n<p>Generalmente, el grafito recubierto de carburo de silicio (SiC) adopta la forma de bloques, placas o tubos, y presenta notables ventajas.<\/p>\n<p><strong><b>E<\/b><\/strong><strong><b>xcelente estabilidad a altas temperaturas<\/b><\/strong><\/p>\n<p>Puede permanecer estable en una amplia gama de temperaturas de -200\u00b0C a 1600\u00b0C.<\/p>\n<p>&nbsp;<\/p>\n<p><strong><b>H<\/b><\/strong><strong><b>Alta dureza superficial<\/b><\/strong><\/p>\n<p>Esto la convierte en una excelente capa resistente al desgaste. Puede reducir las p\u00e9rdidas por fricci\u00f3n, prolongar la vida \u00fatil de los equipos y mejorar la eficiencia operativa.<\/p>\n<p>&nbsp;<\/p>\n<p><strong><b>Propiedades qu\u00edmicas estables<\/b><\/strong><\/p>\n<p>Tiene una gran tolerancia a diversas sustancias qu\u00edmicas.<\/p>\n<p>&nbsp;<\/p>\n<p><strong><b>S<\/b><\/strong><strong><b>Gran resistencia a la oxidaci\u00f3n<\/b><\/strong><\/p>\n<p>Se puede utilizar como material protector a altas temperaturas y es muy duradero.<\/p>\n<p>&nbsp;<\/p>\n<p><strong><b>E<\/b><\/strong><strong><b>xcelente conductividad t\u00e9rmica<\/b><\/strong><\/p>\n<p>Esto le permite conducir el calor r\u00e1pidamente, lo que es crucial en muchas aplicaciones de gesti\u00f3n t\u00e9rmica a alta temperatura.<\/p>\n<p>&nbsp;<\/p>\n<p><strong><b>G<\/b><\/strong><strong><b>uena conductividad el\u00e9ctrica <\/b><\/strong><\/p>\n<p>Puede transmitir corriente de forma estable en entornos de alta temperatura y corrosivos, y es adecuado para diversos escenarios conductivos.<\/p>\n<p><strong><b>\u00a0<\/b><\/strong><\/p>\n<h2>Usos del grafito recubierto de carburo de silicio<\/h2>\n<p><strong><b>En el \u00e1mbito metal\u00fargico<\/b><\/strong><\/p>\n<p>El grafito recubierto de carburo de silicio tiene una fuerte resistencia a la corrosi\u00f3n y puede proteger eficazmente los electrodos de los da\u00f1os. Durante el funcionamiento de los equipos metal\u00fargicos, se enfrenta a la erosi\u00f3n a alta temperatura, por lo que puede utilizarlo para la protecci\u00f3n de electrodos.<strong><b>\u00a0<\/b><\/strong>Puede reducir la probabilidad de fallo del equipo y mejorar el rendimiento y la estabilidad.<\/p>\n<p><strong><b>\u00a0<\/b><\/strong><\/p>\n<p><strong><b>En el \u00e1mbito de la energ\u00eda<\/b><\/strong><\/p>\n<p><strong><b>En las pilas de combustible de alta temperatura<\/b><\/strong><\/p>\n<p>Puede utilizarlo como <a href=\"https:\/\/jinsuncarbon.com\/es_es\/producto\/placa-bipolar-de-grafito\/\">placas bipolares<\/a> para separar el combustible y el oxidante, recoger y conducir la electricidad. Y soporta el electrodo de membrana, asegurando la generaci\u00f3n de energ\u00eda estable a largo plazo de la bater\u00eda.<\/p>\n<p>&nbsp;<\/p>\n<p><strong><b>En equipos industriales nucleares<\/b><\/strong><\/p>\n<p>Gracias a su resistencia a las radiaciones y a su estabilidad qu\u00edmica, puede utilizarse como componente estructural o material de protecci\u00f3n para <a href=\"https:\/\/en.wikipedia.org\/wiki\/Nuclear_reactor\" target=\"_blank\" rel=\"noopener\">reactores nucleares<\/a>. Puede ayudar a mejorar la seguridad y la estabilidad del funcionamiento de los equipos nucleares.<\/p>\n<p><strong><b>\u00a0<\/b><\/strong><\/p>\n<p><strong><b>En la industria qu\u00edmica<\/b><\/strong><\/p>\n<p>Puede utilizarse como material de revestimiento ideal para el revestimiento interior de recipientes de reacci\u00f3n y tuber\u00edas de intercambiadores de calor. Debido a su inercia qu\u00edmica, puede aislar la fuente de corrosi\u00f3n, proteger la base del equipo. Y al mismo tiempo, puede utilizar su conductividad t\u00e9rmica para lograr un control uniforme de la temperatura del medio. Su uso en la superficie del electrodo de una c\u00e9lula electrol\u00edtica puede mejorar la estabilidad del electrodo a alta temperatura. Esto puede mejorar la eficacia de la electr\u00f3lisis y la calidad del producto.<\/p>\n<p>&nbsp;<\/p>\n<p><strong><b>En la industria de maquinaria<\/b><\/strong><\/p>\n<p><strong><b>Fabricaci\u00f3n de componentes resistentes al desgaste<\/b><\/strong><\/p>\n<p>Debido a su excelente dureza, resistencia al desgaste y estabilidad a altas temperaturas, puede fabricarse en rodillos metal\u00fargicos y revestimientos resistentes al desgaste. Y se puede utilizar ampliamente para la protecci\u00f3n contra el desgaste de equipos, tuber\u00edas, v\u00e1lvulas y otros componentes en las industrias. Puede reducir el desgaste de los componentes y prolongar los ciclos de sustituci\u00f3n.<\/p>\n<p>&nbsp;<\/p>\n<p><strong><b>P<\/b><\/strong><strong><b>capa rotectora para moldes de alta temperatura<\/b><\/strong><\/p>\n<p>Gracias a su resistencia a altas temperaturas y sus propiedades antiadherentes, puede reducir el desgaste del molde y mejorar la precisi\u00f3n y la eficacia del moldeo.<\/p>","protected":false},"excerpt":{"rendered":"<p>El grafito recubierto de carburo de silicio es un material compuesto que recubre una pel\u00edcula de carburo de silicio en la superficie del sustrato de grafito. Gracias a sus exclusivas propiedades t\u00e9rmicas, el\u00e9ctricas, qu\u00edmicas y de resistencia al desgaste, ofrece un buen rendimiento en una amplia gama de aplicaciones industriales modernas. Y es un material robusto y duradero, muy adecuado para requisitos din\u00e1micos en condiciones duras. Por ejemplo, se utiliza como componente de campo t\u00e9rmico en hornos monocristalinos, crisoles resistentes al desgaste en la industria metal\u00fargica, etc.<\/p>","protected":false},"featured_media":7995,"template":"","meta":[],"product_brand":[],"product_cat":[67],"product_tag":[],"class_list":{"0":"post-7990","1":"product","2":"type-product","3":"status-publish","4":"has-post-thumbnail","6":"product_cat-graphite-material","8":"first","9":"instock","10":"shipping-taxable","11":"product-type-simple"},"yoast_head":"<!-- This site is optimized with the Yoast SEO Premium plugin v19.2.1 (Yoast SEO v25.3) - https:\/\/yoast.com\/wordpress\/plugins\/seo\/ -->\n<title>Silicon Carbide Coated Graphite | Jinsun Carbon<\/title>\n<meta name=\"description\" content=\"Silicon carbide coated graphite manufacturer in China. The coating is typically applied to the graphite substrate using a chemical vapor deposition (CVD) technique.\" \/>\n<meta name=\"robots\" content=\"index, follow, max-snippet:-1, max-image-preview:large, max-video-preview:-1\" \/>\n<link rel=\"canonical\" href=\"https:\/\/jinsuncarbon.com\/es_es\/producto\/grafito-recubierto-de-carburo-de-silicio\/\" \/>\n<meta property=\"og:locale\" content=\"es_ES\" \/>\n<meta property=\"og:type\" content=\"article\" \/>\n<meta property=\"og:title\" content=\"Silicon Carbide Coated Graphite\" \/>\n<meta property=\"og:description\" content=\"Silicon carbide coated graphite manufacturer in China. The coating is typically applied to the graphite substrate using a chemical vapor deposition (CVD) technique.\" \/>\n<meta property=\"og:url\" content=\"https:\/\/jinsuncarbon.com\/es_es\/producto\/grafito-recubierto-de-carburo-de-silicio\/\" \/>\n<meta property=\"og:site_name\" content=\"Jinsun Carbon\" \/>\n<meta property=\"article:publisher\" content=\"https:\/\/www.facebook.com\/Graphite-Electrode-109336238661595\" \/>\n<meta property=\"article:modified_time\" content=\"2025-07-12T10:05:55+00:00\" \/>\n<meta property=\"og:image\" content=\"https:\/\/jinsuncarbon.com\/wp-content\/uploads\/2025\/07\/Silicon-Carbide-Coated-Graphite.jpg\" \/>\n\t<meta property=\"og:image:width\" content=\"1024\" \/>\n\t<meta property=\"og:image:height\" content=\"763\" \/>\n\t<meta property=\"og:image:type\" content=\"image\/jpeg\" \/>\n<meta name=\"twitter:card\" content=\"summary_large_image\" \/>\n<meta name=\"twitter:site\" content=\"@jinsuncarbon_\" \/>\n<meta name=\"twitter:label1\" content=\"Tiempo de lectura\" \/>\n\t<meta name=\"twitter:data1\" content=\"3 minutos\" \/>\n<script type=\"application\/ld+json\" class=\"yoast-schema-graph\">{\"@context\":\"https:\/\/schema.org\",\"@graph\":[{\"@type\":\"WebPage\",\"@id\":\"https:\/\/jinsuncarbon.com\/product\/silicon-carbide-coated-graphite\/\",\"url\":\"https:\/\/jinsuncarbon.com\/product\/silicon-carbide-coated-graphite\/\",\"name\":\"Silicon Carbide Coated Graphite | Jinsun Carbon\",\"isPartOf\":{\"@id\":\"https:\/\/jinsuncarbon.com\/#website\"},\"primaryImageOfPage\":{\"@id\":\"https:\/\/jinsuncarbon.com\/product\/silicon-carbide-coated-graphite\/#primaryimage\"},\"image\":{\"@id\":\"https:\/\/jinsuncarbon.com\/product\/silicon-carbide-coated-graphite\/#primaryimage\"},\"thumbnailUrl\":\"https:\/\/jinsuncarbon.com\/wp-content\/uploads\/2025\/07\/Silicon-Carbide-Coated-Graphite.jpg\",\"datePublished\":\"2025-07-12T10:05:53+00:00\",\"dateModified\":\"2025-07-12T10:05:55+00:00\",\"description\":\"Silicon carbide coated graphite manufacturer in China. The coating is typically applied to the graphite substrate using a chemical vapor deposition (CVD) technique.\",\"breadcrumb\":{\"@id\":\"https:\/\/jinsuncarbon.com\/product\/silicon-carbide-coated-graphite\/#breadcrumb\"},\"inLanguage\":\"es\",\"potentialAction\":[{\"@type\":\"ReadAction\",\"target\":[\"https:\/\/jinsuncarbon.com\/product\/silicon-carbide-coated-graphite\/\"]}]},{\"@type\":\"ImageObject\",\"inLanguage\":\"es\",\"@id\":\"https:\/\/jinsuncarbon.com\/product\/silicon-carbide-coated-graphite\/#primaryimage\",\"url\":\"https:\/\/jinsuncarbon.com\/wp-content\/uploads\/2025\/07\/Silicon-Carbide-Coated-Graphite.jpg\",\"contentUrl\":\"https:\/\/jinsuncarbon.com\/wp-content\/uploads\/2025\/07\/Silicon-Carbide-Coated-Graphite.jpg\",\"width\":1024,\"height\":763,\"caption\":\"Silicon Carbide Coated Graphite\"},{\"@type\":\"BreadcrumbList\",\"@id\":\"https:\/\/jinsuncarbon.com\/product\/silicon-carbide-coated-graphite\/#breadcrumb\",\"itemListElement\":[{\"@type\":\"ListItem\",\"position\":1,\"name\":\"Home\",\"item\":\"https:\/\/jinsuncarbon.com\/\"},{\"@type\":\"ListItem\",\"position\":2,\"name\":\"Products\",\"item\":\"https:\/\/jinsuncarbon.com\/graphite-carbon\/\"},{\"@type\":\"ListItem\",\"position\":3,\"name\":\"Silicon Carbide Coated Graphite\"}]},{\"@type\":\"WebSite\",\"@id\":\"https:\/\/jinsuncarbon.com\/#website\",\"url\":\"https:\/\/jinsuncarbon.com\/\",\"name\":\"Jinsun Carbon\",\"description\":\"We are the successful graphite electrode manufacturer in China\",\"publisher\":{\"@id\":\"https:\/\/jinsuncarbon.com\/#organization\"},\"potentialAction\":[{\"@type\":\"SearchAction\",\"target\":{\"@type\":\"EntryPoint\",\"urlTemplate\":\"https:\/\/jinsuncarbon.com\/?s={search_term_string}\"},\"query-input\":{\"@type\":\"PropertyValueSpecification\",\"valueRequired\":true,\"valueName\":\"search_term_string\"}}],\"inLanguage\":\"es\"},{\"@type\":\"Organization\",\"@id\":\"https:\/\/jinsuncarbon.com\/#organization\",\"name\":\"Jinsun Carbon\",\"alternateName\":\"Jinsun Carbon\",\"url\":\"https:\/\/jinsuncarbon.com\/\",\"logo\":{\"@type\":\"ImageObject\",\"inLanguage\":\"es\",\"@id\":\"https:\/\/jinsuncarbon.com\/#\/schema\/logo\/image\/\",\"url\":\"https:\/\/jinsuncarbon.com\/wp-content\/uploads\/2022\/12\/LOGO-1.png\",\"contentUrl\":\"https:\/\/jinsuncarbon.com\/wp-content\/uploads\/2022\/12\/LOGO-1.png\",\"width\":207,\"height\":80,\"caption\":\"Jinsun Carbon\"},\"image\":{\"@id\":\"https:\/\/jinsuncarbon.com\/#\/schema\/logo\/image\/\"},\"sameAs\":[\"https:\/\/www.facebook.com\/Graphite-Electrode-109336238661595\",\"https:\/\/x.com\/jinsuncarbon_\",\"https:\/\/www.linkedin.com\/in\/jinsungraphite\",\"https:\/\/www.youtube.com\/channel\/UCysDNyvyR5-3cCWEmpkVC0g\"]}]}<\/script>\n<!-- \/ Yoast SEO Premium plugin. -->","yoast_head_json":{"title":"Grafito recubierto de carburo de silicio | Jinsun Carbon","description":"Fabricante de grafito recubierto de carburo de silicio en China. El revestimiento se aplica normalmente al sustrato de grafito mediante una t\u00e9cnica de deposici\u00f3n qu\u00edmica de vapor (CVD).","robots":{"index":"index","follow":"follow","max-snippet":"max-snippet:-1","max-image-preview":"max-image-preview:large","max-video-preview":"max-video-preview:-1"},"canonical":"https:\/\/jinsuncarbon.com\/es_es\/producto\/grafito-recubierto-de-carburo-de-silicio\/","og_locale":"es_ES","og_type":"article","og_title":"Silicon Carbide Coated Graphite","og_description":"Silicon carbide coated graphite manufacturer in China. The coating is typically applied to the graphite substrate using a chemical vapor deposition (CVD) technique.","og_url":"https:\/\/jinsuncarbon.com\/es_es\/producto\/grafito-recubierto-de-carburo-de-silicio\/","og_site_name":"Jinsun Carbon","article_publisher":"https:\/\/www.facebook.com\/Graphite-Electrode-109336238661595","article_modified_time":"2025-07-12T10:05:55+00:00","og_image":[{"width":1024,"height":763,"url":"https:\/\/jinsuncarbon.com\/wp-content\/uploads\/2025\/07\/Silicon-Carbide-Coated-Graphite.jpg","type":"image\/jpeg"}],"twitter_card":"summary_large_image","twitter_site":"@jinsuncarbon_","twitter_misc":{"Tiempo de lectura":"3 minutos"},"schema":{"@context":"https:\/\/schema.org","@graph":[{"@type":"WebPage","@id":"https:\/\/jinsuncarbon.com\/product\/silicon-carbide-coated-graphite\/","url":"https:\/\/jinsuncarbon.com\/product\/silicon-carbide-coated-graphite\/","name":"Grafito recubierto de carburo de silicio | Jinsun Carbon","isPartOf":{"@id":"https:\/\/jinsuncarbon.com\/#website"},"primaryImageOfPage":{"@id":"https:\/\/jinsuncarbon.com\/product\/silicon-carbide-coated-graphite\/#primaryimage"},"image":{"@id":"https:\/\/jinsuncarbon.com\/product\/silicon-carbide-coated-graphite\/#primaryimage"},"thumbnailUrl":"https:\/\/jinsuncarbon.com\/wp-content\/uploads\/2025\/07\/Silicon-Carbide-Coated-Graphite.jpg","datePublished":"2025-07-12T10:05:53+00:00","dateModified":"2025-07-12T10:05:55+00:00","description":"Fabricante de grafito recubierto de carburo de silicio en China. El revestimiento se aplica normalmente al sustrato de grafito mediante una t\u00e9cnica de deposici\u00f3n qu\u00edmica de vapor (CVD).","breadcrumb":{"@id":"https:\/\/jinsuncarbon.com\/product\/silicon-carbide-coated-graphite\/#breadcrumb"},"inLanguage":"es","potentialAction":[{"@type":"ReadAction","target":["https:\/\/jinsuncarbon.com\/product\/silicon-carbide-coated-graphite\/"]}]},{"@type":"ImageObject","inLanguage":"es","@id":"https:\/\/jinsuncarbon.com\/product\/silicon-carbide-coated-graphite\/#primaryimage","url":"https:\/\/jinsuncarbon.com\/wp-content\/uploads\/2025\/07\/Silicon-Carbide-Coated-Graphite.jpg","contentUrl":"https:\/\/jinsuncarbon.com\/wp-content\/uploads\/2025\/07\/Silicon-Carbide-Coated-Graphite.jpg","width":1024,"height":763,"caption":"Silicon Carbide Coated Graphite"},{"@type":"BreadcrumbList","@id":"https:\/\/jinsuncarbon.com\/product\/silicon-carbide-coated-graphite\/#breadcrumb","itemListElement":[{"@type":"ListItem","position":1,"name":"Home","item":"https:\/\/jinsuncarbon.com\/"},{"@type":"ListItem","position":2,"name":"Products","item":"https:\/\/jinsuncarbon.com\/graphite-carbon\/"},{"@type":"ListItem","position":3,"name":"Silicon Carbide Coated Graphite"}]},{"@type":"WebSite","@id":"https:\/\/jinsuncarbon.com\/#website","url":"https:\/\/jinsuncarbon.com\/","name":"Jinsun Carbon","description":"Somos el fabricante de electrodos de grafito con m\u00e1s \u00e9xito de China","publisher":{"@id":"https:\/\/jinsuncarbon.com\/#organization"},"potentialAction":[{"@type":"SearchAction","target":{"@type":"EntryPoint","urlTemplate":"https:\/\/jinsuncarbon.com\/?s={search_term_string}"},"query-input":{"@type":"PropertyValueSpecification","valueRequired":true,"valueName":"search_term_string"}}],"inLanguage":"es"},{"@type":"Organization","@id":"https:\/\/jinsuncarbon.com\/#organization","name":"Jinsun Carbon","alternateName":"Jinsun Carbon","url":"https:\/\/jinsuncarbon.com\/","logo":{"@type":"ImageObject","inLanguage":"es","@id":"https:\/\/jinsuncarbon.com\/#\/schema\/logo\/image\/","url":"https:\/\/jinsuncarbon.com\/wp-content\/uploads\/2022\/12\/LOGO-1.png","contentUrl":"https:\/\/jinsuncarbon.com\/wp-content\/uploads\/2022\/12\/LOGO-1.png","width":207,"height":80,"caption":"Jinsun Carbon"},"image":{"@id":"https:\/\/jinsuncarbon.com\/#\/schema\/logo\/image\/"},"sameAs":["https:\/\/www.facebook.com\/Graphite-Electrode-109336238661595","https:\/\/x.com\/jinsuncarbon_","https:\/\/www.linkedin.com\/in\/jinsungraphite","https:\/\/www.youtube.com\/channel\/UCysDNyvyR5-3cCWEmpkVC0g"]}]}},"_links":{"self":[{"href":"https:\/\/jinsuncarbon.com\/es_es\/wp-json\/wp\/v2\/product\/7990","targetHints":{"allow":["GET"]}}],"collection":[{"href":"https:\/\/jinsuncarbon.com\/es_es\/wp-json\/wp\/v2\/product"}],"about":[{"href":"https:\/\/jinsuncarbon.com\/es_es\/wp-json\/wp\/v2\/types\/product"}],"wp:featuredmedia":[{"embeddable":true,"href":"https:\/\/jinsuncarbon.com\/es_es\/wp-json\/wp\/v2\/media\/7995"}],"wp:attachment":[{"href":"https:\/\/jinsuncarbon.com\/es_es\/wp-json\/wp\/v2\/media?parent=7990"}],"wp:term":[{"taxonomy":"product_brand","embeddable":true,"href":"https:\/\/jinsuncarbon.com\/es_es\/wp-json\/wp\/v2\/product_brand?post=7990"},{"taxonomy":"product_cat","embeddable":true,"href":"https:\/\/jinsuncarbon.com\/es_es\/wp-json\/wp\/v2\/product_cat?post=7990"},{"taxonomy":"product_tag","embeddable":true,"href":"https:\/\/jinsuncarbon.com\/es_es\/wp-json\/wp\/v2\/product_tag?post=7990"}],"curies":[{"name":"wp","href":"https:\/\/api.w.org\/{rel}","templated":true}]}}