{"id":7940,"date":"2025-05-10T09:01:45","date_gmt":"2025-05-10T09:01:45","guid":{"rendered":"https:\/\/jinsuncarbon.com\/?post_type=product&#038;p=7940"},"modified":"2025-05-10T09:01:46","modified_gmt":"2025-05-10T09:01:46","slug":"granulo-de-grafito","status":"publish","type":"product","link":"https:\/\/jinsuncarbon.com\/es_es\/producto\/granulo-de-grafito\/","title":{"rendered":"Granulado de grafito"},"content":{"rendered":"<h2>Ventajas del granulado de grafito<\/h2>\n<p><strong><b>E<\/b><\/strong><strong><b>xcelente estabilidad qu\u00edmica<\/b><\/strong><\/p>\n<p>Puede permanecer estable en una amplia gama de entornos \u00e1cidos y alcalinos.<\/p>\n<p>&nbsp;<\/p>\n<p><strong><b>O<\/b><\/strong><strong><b>a gran resistencia a las altas temperaturas<\/b><\/strong><\/p>\n<p>Puede mantener sus caracter\u00edsticas originales a altas temperaturas de hasta 3000\u2103.<\/p>\n<p>&nbsp;<\/p>\n<p><strong><b>L<\/b><\/strong><strong><b>ow coeficiente de fricci\u00f3n<\/b><\/strong><\/p>\n<p>Esto hace que tenga un excelente rendimiento autolubricante.<\/p>\n<p>&nbsp;<\/p>\n<p><strong><b>L<\/b><\/strong><strong><b>arge superficie espec\u00edfica <\/b><\/strong><\/p>\n<p>Tiene un excelente rendimiento de adsorci\u00f3n y dispersi\u00f3n.<\/p>\n<p>&nbsp;<\/p>\n<p><strong><b>Buena conductividad el\u00e9ctrica <\/b><\/strong><\/p>\n<p>Puede conducir la corriente el\u00e9ctrica con eficacia, lo que le permite desempe\u00f1ar un papel importante en los materiales conductores.<\/p>\n<p>&nbsp;<\/p>\n<p><strong><b>S<\/b><\/strong><strong><b>a gran plasticidad<\/b><\/strong><\/p>\n<p>Se puede mezclar con otros materiales mediante distintas t\u00e9cnicas de procesamiento para preparar diversos materiales compuestos.<\/p>\n<p><strong><b>\u00a0<\/b><\/strong><\/p>\n<h2><strong><b>Usos de <\/b><\/strong><strong><b>gr\u00e1nulos de grafito<\/b><\/strong><\/h2>\n<h3>El campo de la electr\u00f3nica y la ingenier\u00eda el\u00e9ctrica<\/h3>\n<p><strong><b>Materiales para bater\u00edas<\/b><\/strong><\/p>\n<p>En las bater\u00edas de iones de litio, pueden utilizarse como material activo del electrodo negativo. Con la estructura en capas, pueden intercalar y desintercalar iones de litio de forma reversible, logrando el proceso de carga y descarga de la bater\u00eda. A continuaci\u00f3n, afectan directamente a la densidad de energ\u00eda de la bater\u00eda, la vida \u00fatil del ciclo y el rendimiento de carga y descarga.<\/p>\n<p>&nbsp;<\/p>\n<p><strong><b>Revestimiento conductor<\/b><\/strong><\/p>\n<p>La adici\u00f3n de gr\u00e1nulos de grafito a los revestimientos puede producir revestimientos con buena conductividad el\u00e9ctrica, evitando eficazmente las interferencias electromagn\u00e9ticas y la acumulaci\u00f3n de electricidad est\u00e1tica. Puede utilizarlos en blindaje electromagn\u00e9tico, antiest\u00e1tico y otras ocasiones, como el revestimiento de carcasas de equipos electr\u00f3nicos.<\/p>\n<p>&nbsp;<\/p>\n<h3>Campo de energ\u00eda:<\/h3>\n<p><strong><b>Pila de combustible<\/b><\/strong><\/p>\n<p>Debido a la excelente <a href=\"https:\/\/jinsuncarbon.com\/es_es\/resistividad-electrica-del-grafito\/\">conductividad el\u00e9ctrica<\/a> y estabilidad qu\u00edmica, las part\u00edculas de grafito pueden utilizarse para preparar materiales de electrodos en pilas de combustible. Pueden favorecer el progreso de las reacciones electroqu\u00edmicas y mejorar el rendimiento y la vida \u00fatil de las pilas de combustible.<\/p>\n<p>&nbsp;<\/p>\n<p><strong><b>Energ\u00eda solar fotovoltaica<\/b><\/strong><\/p>\n<p>Se puede utilizar como aditivo de la pasta de plata conductora en paneles solares para mejorar la eficiencia de conversi\u00f3n fotoel\u00e9ctrica de <a href=\"https:\/\/en.wikipedia.org\/wiki\/Solar_cell\" target=\"_blank\" rel=\"noopener\">c\u00e9lulas solares<\/a>.<\/p>\n<p>&nbsp;<\/p>\n<h3>Industria de maquinaria<\/h3>\n<p><strong><b>Materiales lubricantes<\/b><\/strong><\/p>\n<p>Tambi\u00e9n se pueden utilizar gr\u00e1nulos de grafito solos como lubricantes s\u00f3lidos o mezclados con aceite lubricante y grasa. Por ejemplo, para lubricar el molde de las m\u00e1quinas de colada continua de las acer\u00edas y los segmentos de los pistones de los motores de automoci\u00f3n. Pueden reducir la fricci\u00f3n y el desgaste y mejorar la estabilidad operativa y la fiabilidad de los componentes mec\u00e1nicos.<\/p>\n<p>&nbsp;<\/p>\n<p><strong><b>Fabricaci\u00f3n de moldes<\/b><\/strong><\/p>\n<p>El uso de agentes desmoldeantes que contienen gr\u00e1nulos de grafito puede formar una pel\u00edcula lubricante en la superficie del molde. Reducen la fricci\u00f3n entre el molde y el material de conformaci\u00f3n, lo que facilita el desmoldeo del producto. Al mismo tiempo, reducen el desgaste del molde y prolongan su vida \u00fatil.<\/p>\n<p>&nbsp;<\/p>\n<h3>Ingenier\u00eda qu\u00edmica<\/h3>\n<p><strong><b>Portador de catalizador<\/b><\/strong><\/p>\n<p>Gracias a su gran superficie espec\u00edfica y a su buena estabilidad qu\u00edmica, pueden utilizarse como portadores de catalizadores. Pueden cargar diversos componentes activos en el proceso catal\u00edtico de reacciones qu\u00edmicas, como las reacciones de hidrogenaci\u00f3n en la petroqu\u00edmica. De este modo se mejora la actividad y selectividad del catalizador.<\/p>\n<p>&nbsp;<\/p>\n<p><strong><b>Material de adsorci\u00f3n<\/b><\/strong><\/p>\n<p>Gracias a la capacidad de adsorci\u00f3n de las part\u00edculas de grafito, pueden utilizarse para tratar aguas residuales industriales y gases residuales. Pueden adsorber materia org\u00e1nica, iones de metales pesados y otros contaminantes, logrando el prop\u00f3sito de purificar el medio ambiente.<\/p>","protected":false},"excerpt":{"rendered":"<p>Los gr\u00e1nulos de grafito son sustancias granulares diminutas fabricadas a partir de materias primas de grafito de gran pureza mediante un procesamiento especial, que tienen distintos tama\u00f1os de part\u00edcula. Hay grafito de grano grueso (con un tama\u00f1o de part\u00edcula generalmente superior a 44 micr\u00f3metros), grafito de grano fino (con un tama\u00f1o de part\u00edcula generalmente entre 10 y 44 micr\u00f3metros) y grafito de grano ultrafino (con un tama\u00f1o de part\u00edcula inferior a 10 micr\u00f3metros). Puede elegir diferentes tipos para satisfacer diversas demandas industriales.<\/p>\n<p>Debido a sus propiedades f\u00edsicas, qu\u00edmicas y mec\u00e1nicas \u00fanicas, las part\u00edculas de grafito desempe\u00f1an un papel importante en muchos campos industriales modernos. Se puede utilizar para fabricar el electrodo negativo de las bater\u00edas, actuar como lubricante s\u00f3lido y servir de portador de catalizadores para acelerar reacciones qu\u00edmicas, etc.<\/p>","protected":false},"featured_media":7945,"template":"","meta":[],"product_brand":[],"product_cat":[38],"product_tag":[],"class_list":{"0":"post-7940","1":"product","2":"type-product","3":"status-publish","4":"has-post-thumbnail","6":"product_cat-graphite-products","8":"first","9":"instock","10":"shipping-taxable","11":"product-type-simple"},"yoast_head":"<!-- This site is optimized with the Yoast SEO Premium plugin v19.2.1 (Yoast SEO v25.3) - https:\/\/yoast.com\/wordpress\/plugins\/seo\/ -->\n<title>Graphite Granule Manufacturer in China | Jinsun Carbon<\/title>\n<meta name=\"robots\" content=\"index, follow, max-snippet:-1, max-image-preview:large, max-video-preview:-1\" \/>\n<link rel=\"canonical\" href=\"https:\/\/jinsuncarbon.com\/es_es\/producto\/granulo-de-grafito\/\" \/>\n<meta property=\"og:locale\" content=\"es_ES\" \/>\n<meta property=\"og:type\" content=\"article\" \/>\n<meta property=\"og:title\" content=\"Graphite Granule\" \/>\n<meta property=\"og:description\" content=\"Graphite granules are tiny granular substances made from high-purity graphite raw materials through special processing, which\u00a0have various particle sizes. There are coarse-grained graphite (with a particle size generally above 44 micrometers), fine-grained graphite (with a particle size usually between 10 and 44 micrometers), and ultrafine-grained graphite (with a particle size less than 10 micrometers). You can choose different types to meet diverse industrial demands.  Because of\u00a0its unique physical, chemical and mechanical properties, graphite particles play an important role in many modern industrial fields. You can use it to manufacture the negative electrode of batteries, act as a solid lubricant, and serve as a catalyst carrier to accelerate chemical reactions, etc.\" \/>\n<meta property=\"og:url\" content=\"https:\/\/jinsuncarbon.com\/es_es\/producto\/granulo-de-grafito\/\" \/>\n<meta property=\"og:site_name\" content=\"Jinsun Carbon\" \/>\n<meta property=\"article:publisher\" content=\"https:\/\/www.facebook.com\/Graphite-Electrode-109336238661595\" \/>\n<meta property=\"article:modified_time\" content=\"2025-05-10T09:01:46+00:00\" \/>\n<meta property=\"og:image\" content=\"https:\/\/jinsuncarbon.com\/wp-content\/uploads\/2025\/05\/Graphite-Granule.jpg\" \/>\n\t<meta property=\"og:image:width\" content=\"1024\" \/>\n\t<meta property=\"og:image:height\" content=\"763\" \/>\n\t<meta property=\"og:image:type\" content=\"image\/jpeg\" \/>\n<meta name=\"twitter:card\" content=\"summary_large_image\" \/>\n<meta name=\"twitter:site\" content=\"@jinsuncarbon_\" \/>\n<meta name=\"twitter:label1\" content=\"Tiempo de lectura\" \/>\n\t<meta name=\"twitter:data1\" content=\"3 minutos\" \/>\n<script type=\"application\/ld+json\" class=\"yoast-schema-graph\">{\"@context\":\"https:\/\/schema.org\",\"@graph\":[{\"@type\":\"WebPage\",\"@id\":\"https:\/\/jinsuncarbon.com\/product\/graphite-granule\/\",\"url\":\"https:\/\/jinsuncarbon.com\/product\/graphite-granule\/\",\"name\":\"Graphite Granule Manufacturer in China | Jinsun Carbon\",\"isPartOf\":{\"@id\":\"https:\/\/jinsuncarbon.com\/#website\"},\"primaryImageOfPage\":{\"@id\":\"https:\/\/jinsuncarbon.com\/product\/graphite-granule\/#primaryimage\"},\"image\":{\"@id\":\"https:\/\/jinsuncarbon.com\/product\/graphite-granule\/#primaryimage\"},\"thumbnailUrl\":\"https:\/\/jinsuncarbon.com\/wp-content\/uploads\/2025\/05\/Graphite-Granule.jpg\",\"datePublished\":\"2025-05-10T09:01:45+00:00\",\"dateModified\":\"2025-05-10T09:01:46+00:00\",\"breadcrumb\":{\"@id\":\"https:\/\/jinsuncarbon.com\/product\/graphite-granule\/#breadcrumb\"},\"inLanguage\":\"es\",\"potentialAction\":[{\"@type\":\"ReadAction\",\"target\":[\"https:\/\/jinsuncarbon.com\/product\/graphite-granule\/\"]}]},{\"@type\":\"ImageObject\",\"inLanguage\":\"es\",\"@id\":\"https:\/\/jinsuncarbon.com\/product\/graphite-granule\/#primaryimage\",\"url\":\"https:\/\/jinsuncarbon.com\/wp-content\/uploads\/2025\/05\/Graphite-Granule.jpg\",\"contentUrl\":\"https:\/\/jinsuncarbon.com\/wp-content\/uploads\/2025\/05\/Graphite-Granule.jpg\",\"width\":1024,\"height\":763,\"caption\":\"Graphite Granule\"},{\"@type\":\"BreadcrumbList\",\"@id\":\"https:\/\/jinsuncarbon.com\/product\/graphite-granule\/#breadcrumb\",\"itemListElement\":[{\"@type\":\"ListItem\",\"position\":1,\"name\":\"Home\",\"item\":\"https:\/\/jinsuncarbon.com\/\"},{\"@type\":\"ListItem\",\"position\":2,\"name\":\"Products\",\"item\":\"https:\/\/jinsuncarbon.com\/graphite-carbon\/\"},{\"@type\":\"ListItem\",\"position\":3,\"name\":\"Graphite Granule\"}]},{\"@type\":\"WebSite\",\"@id\":\"https:\/\/jinsuncarbon.com\/#website\",\"url\":\"https:\/\/jinsuncarbon.com\/\",\"name\":\"Jinsun Carbon\",\"description\":\"We are the successful graphite electrode manufacturer in China\",\"publisher\":{\"@id\":\"https:\/\/jinsuncarbon.com\/#organization\"},\"potentialAction\":[{\"@type\":\"SearchAction\",\"target\":{\"@type\":\"EntryPoint\",\"urlTemplate\":\"https:\/\/jinsuncarbon.com\/?s={search_term_string}\"},\"query-input\":{\"@type\":\"PropertyValueSpecification\",\"valueRequired\":true,\"valueName\":\"search_term_string\"}}],\"inLanguage\":\"es\"},{\"@type\":\"Organization\",\"@id\":\"https:\/\/jinsuncarbon.com\/#organization\",\"name\":\"Jinsun Carbon\",\"alternateName\":\"Jinsun Carbon\",\"url\":\"https:\/\/jinsuncarbon.com\/\",\"logo\":{\"@type\":\"ImageObject\",\"inLanguage\":\"es\",\"@id\":\"https:\/\/jinsuncarbon.com\/#\/schema\/logo\/image\/\",\"url\":\"https:\/\/jinsuncarbon.com\/wp-content\/uploads\/2022\/12\/LOGO-1.png\",\"contentUrl\":\"https:\/\/jinsuncarbon.com\/wp-content\/uploads\/2022\/12\/LOGO-1.png\",\"width\":207,\"height\":80,\"caption\":\"Jinsun Carbon\"},\"image\":{\"@id\":\"https:\/\/jinsuncarbon.com\/#\/schema\/logo\/image\/\"},\"sameAs\":[\"https:\/\/www.facebook.com\/Graphite-Electrode-109336238661595\",\"https:\/\/x.com\/jinsuncarbon_\",\"https:\/\/www.linkedin.com\/in\/jinsungraphite\",\"https:\/\/www.youtube.com\/channel\/UCysDNyvyR5-3cCWEmpkVC0g\"]}]}<\/script>\n<!-- \/ Yoast SEO Premium plugin. -->","yoast_head_json":{"title":"Fabricante de gr\u00e1nulos de grafito en China | Jinsun Carbon","robots":{"index":"index","follow":"follow","max-snippet":"max-snippet:-1","max-image-preview":"max-image-preview:large","max-video-preview":"max-video-preview:-1"},"canonical":"https:\/\/jinsuncarbon.com\/es_es\/producto\/granulo-de-grafito\/","og_locale":"es_ES","og_type":"article","og_title":"Graphite Granule","og_description":"Graphite granules are tiny granular substances made from high-purity graphite raw materials through special processing, which\u00a0have various particle sizes. There are coarse-grained graphite (with a particle size generally above 44 micrometers), fine-grained graphite (with a particle size usually between 10 and 44 micrometers), and ultrafine-grained graphite (with a particle size less than 10 micrometers). You can choose different types to meet diverse industrial demands.  Because of\u00a0its unique physical, chemical and mechanical properties, graphite particles play an important role in many modern industrial fields. You can use it to manufacture the negative electrode of batteries, act as a solid lubricant, and serve as a catalyst carrier to accelerate chemical reactions, etc.","og_url":"https:\/\/jinsuncarbon.com\/es_es\/producto\/granulo-de-grafito\/","og_site_name":"Jinsun Carbon","article_publisher":"https:\/\/www.facebook.com\/Graphite-Electrode-109336238661595","article_modified_time":"2025-05-10T09:01:46+00:00","og_image":[{"width":1024,"height":763,"url":"https:\/\/jinsuncarbon.com\/wp-content\/uploads\/2025\/05\/Graphite-Granule.jpg","type":"image\/jpeg"}],"twitter_card":"summary_large_image","twitter_site":"@jinsuncarbon_","twitter_misc":{"Tiempo de lectura":"3 minutos"},"schema":{"@context":"https:\/\/schema.org","@graph":[{"@type":"WebPage","@id":"https:\/\/jinsuncarbon.com\/product\/graphite-granule\/","url":"https:\/\/jinsuncarbon.com\/product\/graphite-granule\/","name":"Fabricante de gr\u00e1nulos de grafito en China | Jinsun Carbon","isPartOf":{"@id":"https:\/\/jinsuncarbon.com\/#website"},"primaryImageOfPage":{"@id":"https:\/\/jinsuncarbon.com\/product\/graphite-granule\/#primaryimage"},"image":{"@id":"https:\/\/jinsuncarbon.com\/product\/graphite-granule\/#primaryimage"},"thumbnailUrl":"https:\/\/jinsuncarbon.com\/wp-content\/uploads\/2025\/05\/Graphite-Granule.jpg","datePublished":"2025-05-10T09:01:45+00:00","dateModified":"2025-05-10T09:01:46+00:00","breadcrumb":{"@id":"https:\/\/jinsuncarbon.com\/product\/graphite-granule\/#breadcrumb"},"inLanguage":"es","potentialAction":[{"@type":"ReadAction","target":["https:\/\/jinsuncarbon.com\/product\/graphite-granule\/"]}]},{"@type":"ImageObject","inLanguage":"es","@id":"https:\/\/jinsuncarbon.com\/product\/graphite-granule\/#primaryimage","url":"https:\/\/jinsuncarbon.com\/wp-content\/uploads\/2025\/05\/Graphite-Granule.jpg","contentUrl":"https:\/\/jinsuncarbon.com\/wp-content\/uploads\/2025\/05\/Graphite-Granule.jpg","width":1024,"height":763,"caption":"Graphite Granule"},{"@type":"BreadcrumbList","@id":"https:\/\/jinsuncarbon.com\/product\/graphite-granule\/#breadcrumb","itemListElement":[{"@type":"ListItem","position":1,"name":"Home","item":"https:\/\/jinsuncarbon.com\/"},{"@type":"ListItem","position":2,"name":"Products","item":"https:\/\/jinsuncarbon.com\/graphite-carbon\/"},{"@type":"ListItem","position":3,"name":"Graphite Granule"}]},{"@type":"WebSite","@id":"https:\/\/jinsuncarbon.com\/#website","url":"https:\/\/jinsuncarbon.com\/","name":"Jinsun Carbon","description":"Somos el fabricante de electrodos de grafito con m\u00e1s \u00e9xito de China","publisher":{"@id":"https:\/\/jinsuncarbon.com\/#organization"},"potentialAction":[{"@type":"SearchAction","target":{"@type":"EntryPoint","urlTemplate":"https:\/\/jinsuncarbon.com\/?s={search_term_string}"},"query-input":{"@type":"PropertyValueSpecification","valueRequired":true,"valueName":"search_term_string"}}],"inLanguage":"es"},{"@type":"Organization","@id":"https:\/\/jinsuncarbon.com\/#organization","name":"Jinsun Carbon","alternateName":"Jinsun Carbon","url":"https:\/\/jinsuncarbon.com\/","logo":{"@type":"ImageObject","inLanguage":"es","@id":"https:\/\/jinsuncarbon.com\/#\/schema\/logo\/image\/","url":"https:\/\/jinsuncarbon.com\/wp-content\/uploads\/2022\/12\/LOGO-1.png","contentUrl":"https:\/\/jinsuncarbon.com\/wp-content\/uploads\/2022\/12\/LOGO-1.png","width":207,"height":80,"caption":"Jinsun Carbon"},"image":{"@id":"https:\/\/jinsuncarbon.com\/#\/schema\/logo\/image\/"},"sameAs":["https:\/\/www.facebook.com\/Graphite-Electrode-109336238661595","https:\/\/x.com\/jinsuncarbon_","https:\/\/www.linkedin.com\/in\/jinsungraphite","https:\/\/www.youtube.com\/channel\/UCysDNyvyR5-3cCWEmpkVC0g"]}]}},"_links":{"self":[{"href":"https:\/\/jinsuncarbon.com\/es_es\/wp-json\/wp\/v2\/product\/7940","targetHints":{"allow":["GET"]}}],"collection":[{"href":"https:\/\/jinsuncarbon.com\/es_es\/wp-json\/wp\/v2\/product"}],"about":[{"href":"https:\/\/jinsuncarbon.com\/es_es\/wp-json\/wp\/v2\/types\/product"}],"wp:featuredmedia":[{"embeddable":true,"href":"https:\/\/jinsuncarbon.com\/es_es\/wp-json\/wp\/v2\/media\/7945"}],"wp:attachment":[{"href":"https:\/\/jinsuncarbon.com\/es_es\/wp-json\/wp\/v2\/media?parent=7940"}],"wp:term":[{"taxonomy":"product_brand","embeddable":true,"href":"https:\/\/jinsuncarbon.com\/es_es\/wp-json\/wp\/v2\/product_brand?post=7940"},{"taxonomy":"product_cat","embeddable":true,"href":"https:\/\/jinsuncarbon.com\/es_es\/wp-json\/wp\/v2\/product_cat?post=7940"},{"taxonomy":"product_tag","embeddable":true,"href":"https:\/\/jinsuncarbon.com\/es_es\/wp-json\/wp\/v2\/product_tag?post=7940"}],"curies":[{"name":"wp","href":"https:\/\/api.w.org\/{rel}","templated":true}]}}