{"id":7718,"date":"2025-03-04T02:36:19","date_gmt":"2025-03-04T02:36:19","guid":{"rendered":"https:\/\/jinsuncarbon.com\/?post_type=product&#038;p=7718"},"modified":"2025-03-04T02:36:20","modified_gmt":"2025-03-04T02:36:20","slug":"rodillo-de-grafito","status":"publish","type":"product","link":"https:\/\/jinsuncarbon.com\/es_es\/producto\/rodillo-de-grafito\/","title":{"rendered":"Rodillo de grafito"},"content":{"rendered":"<p>El rodillo de grafito es cil\u00edndrico est\u00e1ndar, y sus ventajas son significativas.<\/p>\n<p><strong><b>E<\/b><\/strong><strong><b>xcelente estabilidad t\u00e9rmica<\/b><\/strong><\/p>\n<p>Puede mantener la estabilidad en la gama de temperaturas extremas de -200\u00b0C a 1000\u00b0C e incluso superiores.<\/p>\n<p><strong><b>E<\/b><\/strong><strong><b>xcelente conductividad el\u00e9ctrica<\/b><\/strong><\/p>\n<p>Puede satisfacer las necesidades conductivas de procesos como <a href=\"https:\/\/jinsuncarbon.com\/es_es\/grafito-galvanico\/\">galvanoplastia<\/a> y la electr\u00f3lisis.<\/p>\n<p><strong><b>Alta resistencia mec\u00e1nica<\/b><\/strong><\/p>\n<p>Puede soportar mayor presi\u00f3n y par.<\/p>\n<p><strong><b>Bajo coeficiente de fricci\u00f3n<\/b><\/strong><\/p>\n<p>Favorece la transmisi\u00f3n fluida de materiales.<\/p>\n<p><strong><b>Propiedades qu\u00edmicas estables<\/b><\/strong><\/p>\n<p>Tiene una gran resistencia a la corrosi\u00f3n.<\/p>\n<p><strong><b>Genial<\/b><\/strong><strong><b>\u00a0conductividad t\u00e9rmica<\/b><\/strong><\/p>\n<p>Puede conducir el calor r\u00e1pidamente, y puede disipar eficazmente el calor en el procesamiento de metales para garantizar la calidad del procesamiento. En la fabricaci\u00f3n de chips electr\u00f3nicos, su rotaci\u00f3n de alta precisi\u00f3n puede realizar el posicionamiento y la transmisi\u00f3n precisos del chip.<\/p>\n<p><strong><b>\u00a0<\/b><\/strong><\/p>\n<h2>Usos del rodillo de grafito<\/h2>\n<h3>Industria sider\u00fargica:<\/h3>\n<p>El rodillo de grafito act\u00faa como rodillo en la laminaci\u00f3n de acero. Gracias a su resistencia al desgaste y a las altas temperaturas, soporta la presi\u00f3n y la fricci\u00f3n de la palanquilla a altas temperaturas para mejorar la calidad de la superficie del acero. En el molde de la m\u00e1quina de colada continua, puede lubricar y conducir el calor, ayudar a que se forme el enfriamiento l\u00edquido del acero. Y evita la adherencia de la palanquilla de colada, asegura la eficiencia y la calidad de la producci\u00f3n de acero.<\/p>\n<p>&nbsp;<\/p>\n<h3>Industria electr\u00f3nica:<\/h3>\n<p>En el proceso de litograf\u00eda de semiconductores, el rodillo de grafito transporta y transmite las obleas. Sus caracter\u00edsticas de alta precisi\u00f3n garantizan la posici\u00f3n exacta de procesamiento y mejoran la calidad de la litograf\u00eda. Cuando se recubren componentes electr\u00f3nicos, como componente de transmisi\u00f3n, funciona de forma estable a altas temperaturas, impulsa la pieza de trabajo para que se recubra uniformemente. Garantiza un recubrimiento uniforme, y satisface las necesidades de fabricaci\u00f3n de precisi\u00f3n de la <a href=\"https:\/\/en.wikipedia.org\/wiki\/Electronics_industry#:~:text=The%20electronics%20industry%20is%20the,of%20the%20largest%20global%20industries.\" target=\"_blank\" rel=\"noopener\">industria electr\u00f3nica<\/a>.<\/p>\n<p>&nbsp;<\/p>\n<h3>Industria fotovoltaica:<\/h3>\n<p>En la producci\u00f3n de silicio monocristalino y <a href=\"https:\/\/en.wikipedia.org\/wiki\/Polycrystalline_silicon#:~:text=Polycrystalline%20silicon%20(or%20semi%2Dcrystalline,a%20%22metal%20flake%20effect%22.\" target=\"_blank\" rel=\"noopener\">polisilicio<\/a>Se puede utilizar para equipos de corte y rectificado. Mejora la eficacia del procesamiento y la calidad de las obleas de silicio gracias a sus propiedades de resistencia al desgaste y autolubricaci\u00f3n. Cuando se fabrican paneles solares, transmite y posiciona las c\u00e9lulas para garantizar la precisi\u00f3n de posici\u00f3n de la impresi\u00f3n, el revestimiento y otros procesos. Y ayuda a la industria fotovoltaica a producir con eficacia.<\/p>\n<p>&nbsp;<\/p>\n<h3>Industria del vidrio:<\/h3>\n<p>Moldeo de vidrio flotado, soporte de rodillo de grafito, transmisi\u00f3n de la cinta de vidrio. Su alta resistencia a la temperatura y sus caracter\u00edsticas de baja fricci\u00f3n ayudan a que la cinta de vidrio se mueva con suavidad, para garantizar la planitud del vidrio. En el proceso de curvado y templado en caliente, se puede utilizar como pieza de apoyo para mantener un rendimiento estable a altas temperaturas. Y garantiza la calidad de moldeo de los productos de vidrio.<\/p>\n<p>&nbsp;<\/p>\n<h3>Industria qu\u00edmica:<\/h3>\n<p>En el reactor qu\u00edmico, puede utilizar el rodillo de grafito como componente agitador. Resiste la corrosi\u00f3n gracias a su estabilidad qu\u00edmica y favorece una reacci\u00f3n uniforme. Al transportar materiales qu\u00edmicos, su resistencia al desgaste y a la corrosi\u00f3n garantizan que el rodillo transportador no se desgaste ni se corroa. Y mantiene la estabilidad del sistema de transporte, satisface las necesidades especiales de la producci\u00f3n qu\u00edmica.<\/p>","protected":false},"excerpt":{"rendered":"<p>El rodillo de grafito es una pieza cil\u00edndrica fabricada con material de grafito de gran pureza. Con sus excelentes propiedades t\u00e9rmicas, el\u00e9ctricas, mec\u00e1nicas y tribol\u00f3gicas, tiene un buen rendimiento en diversos campos de la industria moderna. Desde la transmisi\u00f3n de precisi\u00f3n en la fabricaci\u00f3n de chips electr\u00f3nicos hasta el moldeado eficaz en la laminaci\u00f3n de acero, pasando por el transporte de material resistente a la corrosi\u00f3n en la producci\u00f3n qu\u00edmica, es inseparable de su figura. Es un material fiable que puede adaptarse a condiciones complejas. Es indispensable en muchos procesos de producci\u00f3n continuos y automatizados. Adem\u00e1s, puede elegir rodillo de grafito de diferente pureza, rodillo de grafito macizo, rodillo de grafito hueco u otros tipos de rodillo de grafito.<\/p>","protected":false},"featured_media":7729,"template":"","meta":[],"product_brand":[],"product_cat":[38],"product_tag":[],"class_list":{"0":"post-7718","1":"product","2":"type-product","3":"status-publish","4":"has-post-thumbnail","6":"product_cat-graphite-products","8":"first","9":"instock","10":"shipping-taxable","11":"product-type-simple"},"yoast_head":"<!-- This site is optimized with the Yoast SEO Premium plugin v19.2.1 (Yoast SEO v25.3) - https:\/\/yoast.com\/wordpress\/plugins\/seo\/ -->\n<title>Graphite Roller Manufacturer in China | Jinsun Carbon<\/title>\n<meta name=\"description\" content=\"Graphite Roller Manufacturer in China, Jinsun supply types of graphite rollers with best price, contact us today!\" \/>\n<meta name=\"robots\" content=\"index, follow, max-snippet:-1, max-image-preview:large, max-video-preview:-1\" \/>\n<link rel=\"canonical\" href=\"https:\/\/jinsuncarbon.com\/es_es\/producto\/rodillo-de-grafito\/\" \/>\n<meta property=\"og:locale\" content=\"es_ES\" \/>\n<meta property=\"og:type\" content=\"article\" \/>\n<meta property=\"og:title\" content=\"Graphite Roller\" \/>\n<meta property=\"og:description\" content=\"Graphite Roller Manufacturer in China, Jinsun supply types of graphite rollers with best price, contact us today!\" \/>\n<meta property=\"og:url\" content=\"https:\/\/jinsuncarbon.com\/es_es\/producto\/rodillo-de-grafito\/\" \/>\n<meta property=\"og:site_name\" content=\"Jinsun Carbon\" \/>\n<meta property=\"article:publisher\" content=\"https:\/\/www.facebook.com\/Graphite-Electrode-109336238661595\" \/>\n<meta property=\"article:modified_time\" content=\"2025-03-04T02:36:20+00:00\" \/>\n<meta property=\"og:image\" content=\"https:\/\/jinsuncarbon.com\/wp-content\/uploads\/2025\/03\/Graphite-roller.jpg\" \/>\n\t<meta property=\"og:image:width\" content=\"1024\" \/>\n\t<meta property=\"og:image:height\" content=\"763\" \/>\n\t<meta property=\"og:image:type\" content=\"image\/jpeg\" \/>\n<meta name=\"twitter:card\" content=\"summary_large_image\" \/>\n<meta name=\"twitter:site\" content=\"@jinsuncarbon_\" \/>\n<meta name=\"twitter:label1\" content=\"Tiempo de lectura\" \/>\n\t<meta name=\"twitter:data1\" content=\"3 minutos\" \/>\n<script type=\"application\/ld+json\" class=\"yoast-schema-graph\">{\"@context\":\"https:\/\/schema.org\",\"@graph\":[{\"@type\":\"WebPage\",\"@id\":\"https:\/\/jinsuncarbon.com\/product\/graphite-roller\/\",\"url\":\"https:\/\/jinsuncarbon.com\/product\/graphite-roller\/\",\"name\":\"Graphite Roller Manufacturer in China | Jinsun Carbon\",\"isPartOf\":{\"@id\":\"https:\/\/jinsuncarbon.com\/#website\"},\"primaryImageOfPage\":{\"@id\":\"https:\/\/jinsuncarbon.com\/product\/graphite-roller\/#primaryimage\"},\"image\":{\"@id\":\"https:\/\/jinsuncarbon.com\/product\/graphite-roller\/#primaryimage\"},\"thumbnailUrl\":\"https:\/\/jinsuncarbon.com\/wp-content\/uploads\/2025\/03\/Graphite-roller.jpg\",\"datePublished\":\"2025-03-04T02:36:19+00:00\",\"dateModified\":\"2025-03-04T02:36:20+00:00\",\"description\":\"Graphite Roller Manufacturer in China, Jinsun supply types of graphite rollers with best price, contact us today!\",\"breadcrumb\":{\"@id\":\"https:\/\/jinsuncarbon.com\/product\/graphite-roller\/#breadcrumb\"},\"inLanguage\":\"es\",\"potentialAction\":[{\"@type\":\"ReadAction\",\"target\":[\"https:\/\/jinsuncarbon.com\/product\/graphite-roller\/\"]}]},{\"@type\":\"ImageObject\",\"inLanguage\":\"es\",\"@id\":\"https:\/\/jinsuncarbon.com\/product\/graphite-roller\/#primaryimage\",\"url\":\"https:\/\/jinsuncarbon.com\/wp-content\/uploads\/2025\/03\/Graphite-roller.jpg\",\"contentUrl\":\"https:\/\/jinsuncarbon.com\/wp-content\/uploads\/2025\/03\/Graphite-roller.jpg\",\"width\":1024,\"height\":763,\"caption\":\"Graphite roller\"},{\"@type\":\"BreadcrumbList\",\"@id\":\"https:\/\/jinsuncarbon.com\/product\/graphite-roller\/#breadcrumb\",\"itemListElement\":[{\"@type\":\"ListItem\",\"position\":1,\"name\":\"Home\",\"item\":\"https:\/\/jinsuncarbon.com\/\"},{\"@type\":\"ListItem\",\"position\":2,\"name\":\"Products\",\"item\":\"https:\/\/jinsuncarbon.com\/graphite-carbon\/\"},{\"@type\":\"ListItem\",\"position\":3,\"name\":\"Graphite Roller\"}]},{\"@type\":\"WebSite\",\"@id\":\"https:\/\/jinsuncarbon.com\/#website\",\"url\":\"https:\/\/jinsuncarbon.com\/\",\"name\":\"Jinsun Carbon\",\"description\":\"We are the successful graphite electrode manufacturer in China\",\"publisher\":{\"@id\":\"https:\/\/jinsuncarbon.com\/#organization\"},\"potentialAction\":[{\"@type\":\"SearchAction\",\"target\":{\"@type\":\"EntryPoint\",\"urlTemplate\":\"https:\/\/jinsuncarbon.com\/?s={search_term_string}\"},\"query-input\":{\"@type\":\"PropertyValueSpecification\",\"valueRequired\":true,\"valueName\":\"search_term_string\"}}],\"inLanguage\":\"es\"},{\"@type\":\"Organization\",\"@id\":\"https:\/\/jinsuncarbon.com\/#organization\",\"name\":\"Jinsun Carbon\",\"alternateName\":\"Jinsun Carbon\",\"url\":\"https:\/\/jinsuncarbon.com\/\",\"logo\":{\"@type\":\"ImageObject\",\"inLanguage\":\"es\",\"@id\":\"https:\/\/jinsuncarbon.com\/#\/schema\/logo\/image\/\",\"url\":\"https:\/\/jinsuncarbon.com\/wp-content\/uploads\/2022\/12\/LOGO-1.png\",\"contentUrl\":\"https:\/\/jinsuncarbon.com\/wp-content\/uploads\/2022\/12\/LOGO-1.png\",\"width\":207,\"height\":80,\"caption\":\"Jinsun Carbon\"},\"image\":{\"@id\":\"https:\/\/jinsuncarbon.com\/#\/schema\/logo\/image\/\"},\"sameAs\":[\"https:\/\/www.facebook.com\/Graphite-Electrode-109336238661595\",\"https:\/\/x.com\/jinsuncarbon_\",\"https:\/\/www.linkedin.com\/in\/jinsungraphite\",\"https:\/\/www.youtube.com\/channel\/UCysDNyvyR5-3cCWEmpkVC0g\"]}]}<\/script>\n<!-- \/ Yoast SEO Premium plugin. -->","yoast_head_json":{"title":"Fabricante de rodillos de grafito en China | Jinsun Carbon","description":"Fabricante de rodillos de grafito en China, Jinsun suministra tipos de rodillos de grafito con el mejor precio, \u00a1cont\u00e1ctenos hoy mismo!","robots":{"index":"index","follow":"follow","max-snippet":"max-snippet:-1","max-image-preview":"max-image-preview:large","max-video-preview":"max-video-preview:-1"},"canonical":"https:\/\/jinsuncarbon.com\/es_es\/producto\/rodillo-de-grafito\/","og_locale":"es_ES","og_type":"article","og_title":"Graphite Roller","og_description":"Graphite Roller Manufacturer in China, Jinsun supply types of graphite rollers with best price, contact us today!","og_url":"https:\/\/jinsuncarbon.com\/es_es\/producto\/rodillo-de-grafito\/","og_site_name":"Jinsun Carbon","article_publisher":"https:\/\/www.facebook.com\/Graphite-Electrode-109336238661595","article_modified_time":"2025-03-04T02:36:20+00:00","og_image":[{"width":1024,"height":763,"url":"https:\/\/jinsuncarbon.com\/wp-content\/uploads\/2025\/03\/Graphite-roller.jpg","type":"image\/jpeg"}],"twitter_card":"summary_large_image","twitter_site":"@jinsuncarbon_","twitter_misc":{"Tiempo de lectura":"3 minutos"},"schema":{"@context":"https:\/\/schema.org","@graph":[{"@type":"WebPage","@id":"https:\/\/jinsuncarbon.com\/product\/graphite-roller\/","url":"https:\/\/jinsuncarbon.com\/product\/graphite-roller\/","name":"Fabricante de rodillos de grafito en China | Jinsun Carbon","isPartOf":{"@id":"https:\/\/jinsuncarbon.com\/#website"},"primaryImageOfPage":{"@id":"https:\/\/jinsuncarbon.com\/product\/graphite-roller\/#primaryimage"},"image":{"@id":"https:\/\/jinsuncarbon.com\/product\/graphite-roller\/#primaryimage"},"thumbnailUrl":"https:\/\/jinsuncarbon.com\/wp-content\/uploads\/2025\/03\/Graphite-roller.jpg","datePublished":"2025-03-04T02:36:19+00:00","dateModified":"2025-03-04T02:36:20+00:00","description":"Fabricante de rodillos de grafito en China, Jinsun suministra tipos de rodillos de grafito con el mejor precio, \u00a1cont\u00e1ctenos hoy mismo!","breadcrumb":{"@id":"https:\/\/jinsuncarbon.com\/product\/graphite-roller\/#breadcrumb"},"inLanguage":"es","potentialAction":[{"@type":"ReadAction","target":["https:\/\/jinsuncarbon.com\/product\/graphite-roller\/"]}]},{"@type":"ImageObject","inLanguage":"es","@id":"https:\/\/jinsuncarbon.com\/product\/graphite-roller\/#primaryimage","url":"https:\/\/jinsuncarbon.com\/wp-content\/uploads\/2025\/03\/Graphite-roller.jpg","contentUrl":"https:\/\/jinsuncarbon.com\/wp-content\/uploads\/2025\/03\/Graphite-roller.jpg","width":1024,"height":763,"caption":"Graphite roller"},{"@type":"BreadcrumbList","@id":"https:\/\/jinsuncarbon.com\/product\/graphite-roller\/#breadcrumb","itemListElement":[{"@type":"ListItem","position":1,"name":"Home","item":"https:\/\/jinsuncarbon.com\/"},{"@type":"ListItem","position":2,"name":"Products","item":"https:\/\/jinsuncarbon.com\/graphite-carbon\/"},{"@type":"ListItem","position":3,"name":"Graphite Roller"}]},{"@type":"WebSite","@id":"https:\/\/jinsuncarbon.com\/#website","url":"https:\/\/jinsuncarbon.com\/","name":"Jinsun Carbon","description":"Somos el fabricante de electrodos de grafito con m\u00e1s \u00e9xito de China","publisher":{"@id":"https:\/\/jinsuncarbon.com\/#organization"},"potentialAction":[{"@type":"SearchAction","target":{"@type":"EntryPoint","urlTemplate":"https:\/\/jinsuncarbon.com\/?s={search_term_string}"},"query-input":{"@type":"PropertyValueSpecification","valueRequired":true,"valueName":"search_term_string"}}],"inLanguage":"es"},{"@type":"Organization","@id":"https:\/\/jinsuncarbon.com\/#organization","name":"Jinsun Carbon","alternateName":"Jinsun Carbon","url":"https:\/\/jinsuncarbon.com\/","logo":{"@type":"ImageObject","inLanguage":"es","@id":"https:\/\/jinsuncarbon.com\/#\/schema\/logo\/image\/","url":"https:\/\/jinsuncarbon.com\/wp-content\/uploads\/2022\/12\/LOGO-1.png","contentUrl":"https:\/\/jinsuncarbon.com\/wp-content\/uploads\/2022\/12\/LOGO-1.png","width":207,"height":80,"caption":"Jinsun Carbon"},"image":{"@id":"https:\/\/jinsuncarbon.com\/#\/schema\/logo\/image\/"},"sameAs":["https:\/\/www.facebook.com\/Graphite-Electrode-109336238661595","https:\/\/x.com\/jinsuncarbon_","https:\/\/www.linkedin.com\/in\/jinsungraphite","https:\/\/www.youtube.com\/channel\/UCysDNyvyR5-3cCWEmpkVC0g"]}]}},"_links":{"self":[{"href":"https:\/\/jinsuncarbon.com\/es_es\/wp-json\/wp\/v2\/product\/7718","targetHints":{"allow":["GET"]}}],"collection":[{"href":"https:\/\/jinsuncarbon.com\/es_es\/wp-json\/wp\/v2\/product"}],"about":[{"href":"https:\/\/jinsuncarbon.com\/es_es\/wp-json\/wp\/v2\/types\/product"}],"wp:featuredmedia":[{"embeddable":true,"href":"https:\/\/jinsuncarbon.com\/es_es\/wp-json\/wp\/v2\/media\/7729"}],"wp:attachment":[{"href":"https:\/\/jinsuncarbon.com\/es_es\/wp-json\/wp\/v2\/media?parent=7718"}],"wp:term":[{"taxonomy":"product_brand","embeddable":true,"href":"https:\/\/jinsuncarbon.com\/es_es\/wp-json\/wp\/v2\/product_brand?post=7718"},{"taxonomy":"product_cat","embeddable":true,"href":"https:\/\/jinsuncarbon.com\/es_es\/wp-json\/wp\/v2\/product_cat?post=7718"},{"taxonomy":"product_tag","embeddable":true,"href":"https:\/\/jinsuncarbon.com\/es_es\/wp-json\/wp\/v2\/product_tag?post=7718"}],"curies":[{"name":"wp","href":"https:\/\/api.w.org\/{rel}","templated":true}]}}