{"id":7632,"date":"2025-02-15T11:35:11","date_gmt":"2025-02-15T11:35:11","guid":{"rendered":"https:\/\/jinsuncarbon.com\/?post_type=product&#038;p=7632"},"modified":"2025-02-17T05:24:07","modified_gmt":"2025-02-17T05:24:07","slug":"disco-de-grafito","status":"publish","type":"product","link":"https:\/\/jinsuncarbon.com\/es_es\/producto\/disco-de-grafito\/","title":{"rendered":"Disco de grafito"},"content":{"rendered":"<h3>El disco de grafito tiene forma de disco regular. Sus ventajas son extraordinarias.<\/h3>\n<p><strong><b>Excelente estabilidad t\u00e9rmica<\/b><\/strong><\/p>\n<p>Es capaz de mantener la estabilidad en una amplia gama de temperaturas, desde -200\u00b0C hasta unos 450\u00b0C.<\/p>\n<p>&nbsp;<\/p>\n<p><strong><b>H<\/b><\/strong><strong><b>a alta reflectividad de la superficie<\/b><\/strong><\/p>\n<p>Puede utilizarlo como elemento de aislamiento t\u00e9rmico de alta calidad.<\/p>\n<p>&nbsp;<\/p>\n<p><strong><b>Estable<\/b><\/strong><strong><b>\u00a0<\/b><\/strong><strong><b>propiedades qu\u00edmicas <\/b><\/strong><\/p>\n<p>Es qu\u00edmicamente inerte y resistente a todo tipo de sustancias qu\u00edmicas.<\/p>\n<p>&nbsp;<\/p>\n<p><strong><b>Bajo coeficiente de fricci\u00f3n<\/b><\/strong><\/p>\n<p>Se puede utilizar como pieza autolubricante.<\/p>\n<p>&nbsp;<\/p>\n<p><strong><b>E<\/b><\/strong><strong><b>xcelente conductividad t\u00e9rmica <\/b><\/strong><\/p>\n<p>Puede conducir r\u00e1pidamente el calor, lo que desempe\u00f1a un papel clave en muchos escenarios de gesti\u00f3n t\u00e9rmica.<\/p>\n<p>&nbsp;<\/p>\n<p><strong><b>G<\/b><\/strong><strong><b>uena conductividad el\u00e9ctrica <\/b><\/strong><\/p>\n<p>Esto tambi\u00e9n hace que tenga amplias perspectivas de aplicaci\u00f3n en campos relacionados con la electr\u00f3nica y la electricidad.<\/p>\n<p>&nbsp;<\/p>\n<p><strong><b>G<\/b><\/strong><strong><b>reat<\/b><\/strong><strong><b>\u00a0rendimiento del procesamiento<\/b><\/strong><\/p>\n<p>Es f\u00e1cil de cortar, taladrar y realizar otras operaciones, y es resistente y duradero, con una larga vida \u00fatil.<\/p>\n<p>&nbsp;<\/p>\n<p>Adem\u00e1s, puede elegir entre discos de grafito de pureza est\u00e1ndar, discos de grafito de alta pureza, discos de grafito prensado ordinario, discos de grafito de mecanizado de precisi\u00f3n u otros tipos de discos de grafito.<\/p>\n<p>&nbsp;<\/p>\n<h2>Usos del disco de grafito<\/h2>\n<p>El uso de discos de grafito est\u00e1 muy extendido, y a continuaci\u00f3n se indican algunas \u00e1reas de aplicaci\u00f3n comunes.<\/p>\n<p>&nbsp;<\/p>\n<h2>Campo electr\u00f3nico y el\u00e9ctrico:<\/h2>\n<p><strong><b>Piezas de refrigeraci\u00f3n<\/b><\/strong><\/p>\n<p>Los equipos electr\u00f3nicos generar\u00e1n mucho calor cuando est\u00e9n en funcionamiento, con la alta conductividad t\u00e9rmica, puede exportar r\u00e1pidamente el calor. El grafito dic reduce eficazmente la temperatura del equipo, mejora el rendimiento y la estabilidad del equipo. En el m\u00f3dulo de disipaci\u00f3n de calor del servidor, puede ayudar a los componentes principales, como la CPU, a disipar el calor de forma eficaz.<\/p>\n<p>&nbsp;<\/p>\n<h3>Campo de energ\u00eda:<\/h3>\n<p><strong><b>Sector de la energ\u00eda<\/b><\/strong><\/p>\n<p>Se puede utilizar como material de electrodo o como separador t\u00e9rmico en el interior de la bater\u00eda. Para mejorar el rendimiento de carga y descarga y la seguridad de la bater\u00eda. En algunas bater\u00edas de litio de alto rendimiento, puede utilizarlo para optimizar el rendimiento de la bater\u00eda.<\/p>\n<p>&nbsp;<\/p>\n<h3>Industria de maquinaria:<\/h3>\n<p><strong><b>Componentes de sellado<\/b><\/strong><\/p>\n<p>Tiene una excelente flexibilidad, resistencia a la corrosi\u00f3n y estabilidad a altas temperaturas, es el material ideal para fabricar anillos de estanqueidad mec\u00e1nicos. Se puede utilizar ampliamente el disco de grafito en motores de automoci\u00f3n, tuber\u00edas petroqu\u00edmicas, equipos de papel y otras piezas de sellado. Puede evitar eficazmente las fugas de l\u00edquidos y gases.<\/p>\n<p>&nbsp;<\/p>\n<p><strong><b>Fabricaci\u00f3n de moldes<\/b><\/strong><\/p>\n<p>Gracias a su buena estabilidad t\u00e9rmica y a su facilidad de trabajo, puede utilizarse para fabricar productos de alta precisi\u00f3n. <a href=\"https:\/\/jinsuncarbon.com\/es_es\/producto\/molde-de-sinterizacion-de-grafito\/\">moldes<\/a>. Especialmente en algunos procesos de fundici\u00f3n de precisi\u00f3n que requieren un coeficiente estricto de dilataci\u00f3n t\u00e9rmica de los moldes.<\/p>\n<p>&nbsp;<\/p>\n<h3>Industria qu\u00edmica:<\/h3>\n<p><strong><b>A<\/b><\/strong><strong><b>revestimiento anticorrosi\u00f3n <\/b><\/strong><\/p>\n<p>Puede utilizar el disco de grafito como material de revestimiento de recipientes qu\u00edmicos, reactores, etc. Para evitar que los medios corrosivos del recipiente erosionen el equipo y prolongar su vida \u00fatil. En equipos como tanques de almacenamiento de \u00e1cido clorh\u00eddrico, el revestimiento de disco de grafito puede resistir eficazmente la corrosi\u00f3n del \u00e1cido clorh\u00eddrico.<\/p>\n<p><strong><b>\u00a0<\/b><\/strong><\/p>\n<p><strong><b>Material del electrodo<\/b><\/strong><\/p>\n<p>En el proceso electrol\u00edtico, se puede utilizar como un electrodo puede soportar altas temperaturas y otros ambientes hostiles. Puede mejorar la eficiencia de <a href=\"https:\/\/en.wikipedia.org\/wiki\/Electrolysis\" target=\"_blank\" rel=\"noopener\">electr\u00f3lisis<\/a> y la calidad del producto, como en la industria cloroalcalina la c\u00e9lula electrol\u00edtica utilizar\u00e1 electrodo de disco de grafito.<\/p>","protected":false},"excerpt":{"rendered":"<p>El disco de grafito, es un tipo de material de grafito de alta calidad cuidadosamente fabricado en forma de disco. Con sus excelentes propiedades t\u00e9rmicas, el\u00e9ctricas, qu\u00edmicas y mec\u00e1nicas, brilla en muchos campos industriales modernos. Por ejemplo, en los m\u00f3dulos de disipaci\u00f3n de calor electr\u00f3nicos y el\u00e9ctricos, la fabricaci\u00f3n de equipos de almacenamiento de energ\u00eda en el campo energ\u00e9tico, los eslabones de sellado en la industria mec\u00e1nica y el tratamiento anticorrosi\u00f3n en la industria qu\u00edmica. Es un material con excelentes prestaciones y gran adaptabilidad, y puede satisfacer bien las diversas necesidades industriales.<\/p>","protected":false},"featured_media":7633,"template":"","meta":[],"product_brand":[],"product_cat":[38],"product_tag":[],"class_list":{"0":"post-7632","1":"product","2":"type-product","3":"status-publish","4":"has-post-thumbnail","6":"product_cat-graphite-products","8":"first","9":"instock","10":"shipping-taxable","11":"product-type-simple"},"yoast_head":"<!-- This site is optimized with the Yoast SEO Premium plugin v19.2.1 (Yoast SEO v25.3) - https:\/\/yoast.com\/wordpress\/plugins\/seo\/ -->\n<title>Graphite Disc Manufacturer in China | Jinsun Carbon<\/title>\n<meta name=\"description\" content=\"Graphite Disc Manufacturer\/supplier in China. Jinsun can supply graphite disc in a range of sizes for your application, please contact us to explain your needs.\" \/>\n<meta name=\"robots\" content=\"index, follow, max-snippet:-1, max-image-preview:large, max-video-preview:-1\" \/>\n<link rel=\"canonical\" href=\"https:\/\/jinsuncarbon.com\/es_es\/producto\/disco-de-grafito\/\" \/>\n<meta property=\"og:locale\" content=\"es_ES\" \/>\n<meta property=\"og:type\" content=\"article\" \/>\n<meta property=\"og:title\" content=\"Graphite Disc\" \/>\n<meta property=\"og:description\" content=\"Graphite Disc Manufacturer\/supplier in China. Jinsun can supply graphite disc in a range of sizes for your application, please contact us to explain your needs.\" \/>\n<meta property=\"og:url\" content=\"https:\/\/jinsuncarbon.com\/es_es\/producto\/disco-de-grafito\/\" \/>\n<meta property=\"og:site_name\" content=\"Jinsun Carbon\" \/>\n<meta property=\"article:publisher\" content=\"https:\/\/www.facebook.com\/Graphite-Electrode-109336238661595\" \/>\n<meta property=\"article:modified_time\" content=\"2025-02-17T05:24:07+00:00\" \/>\n<meta property=\"og:image\" content=\"https:\/\/jinsuncarbon.com\/wp-content\/uploads\/2025\/02\/Graphite-disk.jpg\" \/>\n\t<meta property=\"og:image:width\" content=\"1024\" \/>\n\t<meta property=\"og:image:height\" content=\"763\" \/>\n\t<meta property=\"og:image:type\" content=\"image\/jpeg\" \/>\n<meta name=\"twitter:card\" content=\"summary_large_image\" \/>\n<meta name=\"twitter:site\" content=\"@jinsuncarbon_\" \/>\n<meta name=\"twitter:label1\" content=\"Tiempo de lectura\" \/>\n\t<meta name=\"twitter:data1\" content=\"3 minutos\" \/>\n<script type=\"application\/ld+json\" class=\"yoast-schema-graph\">{\"@context\":\"https:\/\/schema.org\",\"@graph\":[{\"@type\":\"WebPage\",\"@id\":\"https:\/\/jinsuncarbon.com\/product\/graphite-disc\/\",\"url\":\"https:\/\/jinsuncarbon.com\/product\/graphite-disc\/\",\"name\":\"Graphite Disc Manufacturer in China | Jinsun Carbon\",\"isPartOf\":{\"@id\":\"https:\/\/jinsuncarbon.com\/#website\"},\"primaryImageOfPage\":{\"@id\":\"https:\/\/jinsuncarbon.com\/product\/graphite-disc\/#primaryimage\"},\"image\":{\"@id\":\"https:\/\/jinsuncarbon.com\/product\/graphite-disc\/#primaryimage\"},\"thumbnailUrl\":\"https:\/\/jinsuncarbon.com\/wp-content\/uploads\/2025\/02\/Graphite-disk.jpg\",\"datePublished\":\"2025-02-15T11:35:11+00:00\",\"dateModified\":\"2025-02-17T05:24:07+00:00\",\"description\":\"Graphite Disc Manufacturer\/supplier in China. Jinsun can supply graphite disc in a range of sizes for your application, please contact us to explain your needs.\",\"breadcrumb\":{\"@id\":\"https:\/\/jinsuncarbon.com\/product\/graphite-disc\/#breadcrumb\"},\"inLanguage\":\"es\",\"potentialAction\":[{\"@type\":\"ReadAction\",\"target\":[\"https:\/\/jinsuncarbon.com\/product\/graphite-disc\/\"]}]},{\"@type\":\"ImageObject\",\"inLanguage\":\"es\",\"@id\":\"https:\/\/jinsuncarbon.com\/product\/graphite-disc\/#primaryimage\",\"url\":\"https:\/\/jinsuncarbon.com\/wp-content\/uploads\/2025\/02\/Graphite-disk.jpg\",\"contentUrl\":\"https:\/\/jinsuncarbon.com\/wp-content\/uploads\/2025\/02\/Graphite-disk.jpg\",\"width\":1024,\"height\":763,\"caption\":\"Graphite disk\"},{\"@type\":\"BreadcrumbList\",\"@id\":\"https:\/\/jinsuncarbon.com\/product\/graphite-disc\/#breadcrumb\",\"itemListElement\":[{\"@type\":\"ListItem\",\"position\":1,\"name\":\"Home\",\"item\":\"https:\/\/jinsuncarbon.com\/\"},{\"@type\":\"ListItem\",\"position\":2,\"name\":\"Products\",\"item\":\"https:\/\/jinsuncarbon.com\/graphite-carbon\/\"},{\"@type\":\"ListItem\",\"position\":3,\"name\":\"Graphite Disc\"}]},{\"@type\":\"WebSite\",\"@id\":\"https:\/\/jinsuncarbon.com\/#website\",\"url\":\"https:\/\/jinsuncarbon.com\/\",\"name\":\"Jinsun Carbon\",\"description\":\"We are the successful graphite electrode manufacturer in China\",\"publisher\":{\"@id\":\"https:\/\/jinsuncarbon.com\/#organization\"},\"potentialAction\":[{\"@type\":\"SearchAction\",\"target\":{\"@type\":\"EntryPoint\",\"urlTemplate\":\"https:\/\/jinsuncarbon.com\/?s={search_term_string}\"},\"query-input\":{\"@type\":\"PropertyValueSpecification\",\"valueRequired\":true,\"valueName\":\"search_term_string\"}}],\"inLanguage\":\"es\"},{\"@type\":\"Organization\",\"@id\":\"https:\/\/jinsuncarbon.com\/#organization\",\"name\":\"Jinsun Carbon\",\"alternateName\":\"Jinsun Carbon\",\"url\":\"https:\/\/jinsuncarbon.com\/\",\"logo\":{\"@type\":\"ImageObject\",\"inLanguage\":\"es\",\"@id\":\"https:\/\/jinsuncarbon.com\/#\/schema\/logo\/image\/\",\"url\":\"https:\/\/jinsuncarbon.com\/wp-content\/uploads\/2022\/12\/LOGO-1.png\",\"contentUrl\":\"https:\/\/jinsuncarbon.com\/wp-content\/uploads\/2022\/12\/LOGO-1.png\",\"width\":207,\"height\":80,\"caption\":\"Jinsun Carbon\"},\"image\":{\"@id\":\"https:\/\/jinsuncarbon.com\/#\/schema\/logo\/image\/\"},\"sameAs\":[\"https:\/\/www.facebook.com\/Graphite-Electrode-109336238661595\",\"https:\/\/x.com\/jinsuncarbon_\",\"https:\/\/www.linkedin.com\/in\/jinsungraphite\",\"https:\/\/www.youtube.com\/channel\/UCysDNyvyR5-3cCWEmpkVC0g\"]}]}<\/script>\n<!-- \/ Yoast SEO Premium plugin. -->","yoast_head_json":{"title":"Fabricante de discos de grafito en China | Jinsun Carbon","description":"Fabricante\/proveedor de discos de grafito en China. Jinsun puede suministrar disco de grafito en una gama de tama\u00f1os para su aplicaci\u00f3n, por favor p\u00f3ngase en contacto con nosotros para explicar sus necesidades.","robots":{"index":"index","follow":"follow","max-snippet":"max-snippet:-1","max-image-preview":"max-image-preview:large","max-video-preview":"max-video-preview:-1"},"canonical":"https:\/\/jinsuncarbon.com\/es_es\/producto\/disco-de-grafito\/","og_locale":"es_ES","og_type":"article","og_title":"Graphite Disc","og_description":"Graphite Disc Manufacturer\/supplier in China. Jinsun can supply graphite disc in a range of sizes for your application, please contact us to explain your needs.","og_url":"https:\/\/jinsuncarbon.com\/es_es\/producto\/disco-de-grafito\/","og_site_name":"Jinsun Carbon","article_publisher":"https:\/\/www.facebook.com\/Graphite-Electrode-109336238661595","article_modified_time":"2025-02-17T05:24:07+00:00","og_image":[{"width":1024,"height":763,"url":"https:\/\/jinsuncarbon.com\/wp-content\/uploads\/2025\/02\/Graphite-disk.jpg","type":"image\/jpeg"}],"twitter_card":"summary_large_image","twitter_site":"@jinsuncarbon_","twitter_misc":{"Tiempo de lectura":"3 minutos"},"schema":{"@context":"https:\/\/schema.org","@graph":[{"@type":"WebPage","@id":"https:\/\/jinsuncarbon.com\/product\/graphite-disc\/","url":"https:\/\/jinsuncarbon.com\/product\/graphite-disc\/","name":"Fabricante de discos de grafito en China | Jinsun Carbon","isPartOf":{"@id":"https:\/\/jinsuncarbon.com\/#website"},"primaryImageOfPage":{"@id":"https:\/\/jinsuncarbon.com\/product\/graphite-disc\/#primaryimage"},"image":{"@id":"https:\/\/jinsuncarbon.com\/product\/graphite-disc\/#primaryimage"},"thumbnailUrl":"https:\/\/jinsuncarbon.com\/wp-content\/uploads\/2025\/02\/Graphite-disk.jpg","datePublished":"2025-02-15T11:35:11+00:00","dateModified":"2025-02-17T05:24:07+00:00","description":"Fabricante\/proveedor de discos de grafito en China. Jinsun puede suministrar disco de grafito en una gama de tama\u00f1os para su aplicaci\u00f3n, por favor p\u00f3ngase en contacto con nosotros para explicar sus necesidades.","breadcrumb":{"@id":"https:\/\/jinsuncarbon.com\/product\/graphite-disc\/#breadcrumb"},"inLanguage":"es","potentialAction":[{"@type":"ReadAction","target":["https:\/\/jinsuncarbon.com\/product\/graphite-disc\/"]}]},{"@type":"ImageObject","inLanguage":"es","@id":"https:\/\/jinsuncarbon.com\/product\/graphite-disc\/#primaryimage","url":"https:\/\/jinsuncarbon.com\/wp-content\/uploads\/2025\/02\/Graphite-disk.jpg","contentUrl":"https:\/\/jinsuncarbon.com\/wp-content\/uploads\/2025\/02\/Graphite-disk.jpg","width":1024,"height":763,"caption":"Graphite disk"},{"@type":"BreadcrumbList","@id":"https:\/\/jinsuncarbon.com\/product\/graphite-disc\/#breadcrumb","itemListElement":[{"@type":"ListItem","position":1,"name":"Home","item":"https:\/\/jinsuncarbon.com\/"},{"@type":"ListItem","position":2,"name":"Products","item":"https:\/\/jinsuncarbon.com\/graphite-carbon\/"},{"@type":"ListItem","position":3,"name":"Graphite Disc"}]},{"@type":"WebSite","@id":"https:\/\/jinsuncarbon.com\/#website","url":"https:\/\/jinsuncarbon.com\/","name":"Jinsun Carbon","description":"Somos el fabricante de electrodos de grafito con m\u00e1s \u00e9xito de China","publisher":{"@id":"https:\/\/jinsuncarbon.com\/#organization"},"potentialAction":[{"@type":"SearchAction","target":{"@type":"EntryPoint","urlTemplate":"https:\/\/jinsuncarbon.com\/?s={search_term_string}"},"query-input":{"@type":"PropertyValueSpecification","valueRequired":true,"valueName":"search_term_string"}}],"inLanguage":"es"},{"@type":"Organization","@id":"https:\/\/jinsuncarbon.com\/#organization","name":"Jinsun Carbon","alternateName":"Jinsun Carbon","url":"https:\/\/jinsuncarbon.com\/","logo":{"@type":"ImageObject","inLanguage":"es","@id":"https:\/\/jinsuncarbon.com\/#\/schema\/logo\/image\/","url":"https:\/\/jinsuncarbon.com\/wp-content\/uploads\/2022\/12\/LOGO-1.png","contentUrl":"https:\/\/jinsuncarbon.com\/wp-content\/uploads\/2022\/12\/LOGO-1.png","width":207,"height":80,"caption":"Jinsun Carbon"},"image":{"@id":"https:\/\/jinsuncarbon.com\/#\/schema\/logo\/image\/"},"sameAs":["https:\/\/www.facebook.com\/Graphite-Electrode-109336238661595","https:\/\/x.com\/jinsuncarbon_","https:\/\/www.linkedin.com\/in\/jinsungraphite","https:\/\/www.youtube.com\/channel\/UCysDNyvyR5-3cCWEmpkVC0g"]}]}},"_links":{"self":[{"href":"https:\/\/jinsuncarbon.com\/es_es\/wp-json\/wp\/v2\/product\/7632","targetHints":{"allow":["GET"]}}],"collection":[{"href":"https:\/\/jinsuncarbon.com\/es_es\/wp-json\/wp\/v2\/product"}],"about":[{"href":"https:\/\/jinsuncarbon.com\/es_es\/wp-json\/wp\/v2\/types\/product"}],"wp:featuredmedia":[{"embeddable":true,"href":"https:\/\/jinsuncarbon.com\/es_es\/wp-json\/wp\/v2\/media\/7633"}],"wp:attachment":[{"href":"https:\/\/jinsuncarbon.com\/es_es\/wp-json\/wp\/v2\/media?parent=7632"}],"wp:term":[{"taxonomy":"product_brand","embeddable":true,"href":"https:\/\/jinsuncarbon.com\/es_es\/wp-json\/wp\/v2\/product_brand?post=7632"},{"taxonomy":"product_cat","embeddable":true,"href":"https:\/\/jinsuncarbon.com\/es_es\/wp-json\/wp\/v2\/product_cat?post=7632"},{"taxonomy":"product_tag","embeddable":true,"href":"https:\/\/jinsuncarbon.com\/es_es\/wp-json\/wp\/v2\/product_tag?post=7632"}],"curies":[{"name":"wp","href":"https:\/\/api.w.org\/{rel}","templated":true}]}}