{"id":7335,"date":"2025-01-15T03:22:44","date_gmt":"2025-01-15T03:22:44","guid":{"rendered":"https:\/\/jinsuncarbon.com\/?post_type=product&#038;p=7335"},"modified":"2025-01-15T03:22:44","modified_gmt":"2025-01-15T03:22:44","slug":"caja-de-grafito","status":"publish","type":"product","link":"https:\/\/jinsuncarbon.com\/es_es\/producto\/caja-de-grafito\/","title":{"rendered":"Caja de grafito"},"content":{"rendered":"<h2>Fabricante de cajas de grafito<\/h2>\n<p><strong>Ventajas de la caja de grafito<\/strong><\/p>\n<p>Las cajas de grafito suelen ser cuadradas, redondas y de otras formas regulares, f\u00e1ciles de instalar y utilizar.<\/p>\n<p><strong>Excelente estabilidad t\u00e9rmica<\/strong><\/p>\n<p>Puede mantener la estabilidad estructural en entornos de temperaturas extremas, desde -200\u00b0C hasta 1000\u2103 e incluso m\u00e1s. Y no se deforma ni da\u00f1a con facilidad.<\/p>\n<p><strong>Propiedades qu\u00edmicas extremadamente estables<\/strong><\/p>\n<p>Tiene buena resistencia a la corrosi\u00f3n, y casi no reacciona con sustancias qu\u00edmicas comunes como el \u00e1cido y la base.<\/p>\n<p><strong>Buena conductividad el\u00e9ctrica <\/strong><\/p>\n<p>Puede conducir la corriente con eficacia en algunas escenas que implican reacciones electroqu\u00edmicas.<\/p>\n<p><strong>Alta resistencia mec\u00e1nica<\/strong><\/p>\n<p>Puede resistir la presi\u00f3n y el desgaste, y tiene una larga vida \u00fatil.<\/p>\n<p>&nbsp;<\/p>\n<p>Adem\u00e1s, su conductividad t\u00e9rmica es elevada, lo que permite transferir el calor de forma r\u00e1pida y uniforme. Y garantizar la distribuci\u00f3n equilibrada de la temperatura en el proceso de transformaci\u00f3n en caliente.<\/p>\n<p>&nbsp;<\/p>\n<h2>Usos de la caja de grafito<\/h2>\n<ul>\n<li>\n<h3>Campo de preparaci\u00f3n de materiales para bater\u00edas de litio\uff1a.<\/h3>\n<\/li>\n<\/ul>\n<p>&nbsp;<\/p>\n<h4>Sinterizaci\u00f3n de bater\u00edas de litio hierro fosfato<\/h4>\n<p>La caja de grafito tiene una excelente resistencia a altas temperaturas, resistencia estable a m\u00e1s de 1000\u2103 de alta temperatura, y estructura estable. Su espacio relativamente cerrado puede evitar la mezcla de impurezas, garantizar la pureza del material. Y permite que el calor se transfiera de manera uniforme, por lo que la sinterizaci\u00f3n es suficiente. Esto favorece la formaci\u00f3n de una estructura cristalina ideal y mejora el rendimiento de la bater\u00eda.<\/p>\n<p>&nbsp;<\/p>\n<h4>Carbonizaci\u00f3n a alta temperatura del material del electrodo negativo<\/h4>\n<p>Este proceso se lleva a cabo a 800-1500 \u2103, y la caja de grafito puede evitar la oxidaci\u00f3n del material. Asegura la distribuci\u00f3n uniforme del calor, ayuda a carbonizar completamente, forma una estructura de carbono con buen rendimiento. Y sentar las bases para la preparaci\u00f3n del electrodo negativo del alto rendimiento. <a href=\"https:\/\/www.energy.gov\/energysaver\/articles\/how-lithium-ion-batteries-work\" target=\"_blank\" rel=\"noopener\">bater\u00eda de litio<\/a>.<\/p>\n<p>&nbsp;<\/p>\n<h3>Metalurgia:<\/h3>\n<p>En el proceso de fundici\u00f3n de metales, a menudo se puede utilizar la caja de grafito como <a href=\"https:\/\/jinsuncarbon.com\/es_es\/producto\/crisol-de-grafito\/\">crisol<\/a>. Sus propiedades qu\u00edmicas son estables y pueden evitar las reacciones qu\u00edmicas entre los metales y otras sustancias. Para garantizar el buen desarrollo del proceso de fusi\u00f3n de metales y asegurar la pureza y calidad del metal. Al mismo tiempo, en el proceso de purificaci\u00f3n de algunos metales especiales, tambi\u00e9n puede desempe\u00f1ar un papel importante para ayudar a eliminar las impurezas, y mejorar la pureza del metal.<\/p>\n<p>&nbsp;<\/p>\n<h3>Industria electr\u00f3nica:<\/h3>\n<p>En el proceso de fabricaci\u00f3n de semiconductores, se puede utilizar una caja de grafito en el proceso de tratamiento t\u00e9rmico de los chips. Puede proporcionar un entorno estable de alta temperatura para el chip, y no introducir\u00e1 impurezas. Para garantizar el rendimiento y la fiabilidad del chip. Adem\u00e1s, en el proceso de sinterizaci\u00f3n de componentes electr\u00f3nicos, tambi\u00e9n se puede utilizar como dispositivo de transporte. Utilizando su buen rendimiento de conducci\u00f3n de calor, para que los componentes electr\u00f3nicos se calienten uniformemente y mejorar la calidad de sinterizaci\u00f3n.<\/p>\n<p>&nbsp;<\/p>\n<h3>Industria qu\u00edmica:<\/h3>\n<p>En las reacciones de s\u00edntesis qu\u00edmica, si es necesario llevar a cabo la reacci\u00f3n en un entorno de alta temperatura, alta presi\u00f3n y corrosivo, se puede utilizar como recipiente de reacci\u00f3n. Su estabilidad qu\u00edmica y su resistencia a altas temperaturas y altas presiones pueden resistir eficazmente la corrosi\u00f3n de las sustancias qu\u00edmicas. Para garantizar la seguridad y la estabilidad de la reacci\u00f3n. Al mismo tiempo, en el proceso de secado y tostado de algunos productos qu\u00edmicos, tambi\u00e9n puede desempe\u00f1ar un papel para ayudar a lograr operaciones eficientes de secado y tostado.<\/p>\n<p>&nbsp;<\/p>\n<h3>Otros usos de las cajas de grafito<\/h3>\n<p><strong>Horno de tratamiento t\u00e9rmico de alta temperatura<\/strong><\/p>\n<p>La caja de grafito puede proporcionar un entorno de alta temperatura relativamente independiente para los art\u00edculos a tratar. Y su excelente conductividad t\u00e9rmica ayuda a calentar uniformemente y mejorar el efecto del tratamiento.<\/p>\n<p>&nbsp;<\/p>\n<p><strong>Fundici\u00f3n pulvimetal\u00fargica<\/strong><\/p>\n<p>Se suele utilizar para contener materias primas en polvo. Durante el proceso de fundici\u00f3n, la caja de grafito puede soportar altas temperaturas y evitar la oxidaci\u00f3n del polvo, lo que favorece la obtenci\u00f3n de piezas fundidas metal\u00fargicas de alta calidad.<\/p>","protected":false},"excerpt":{"rendered":"<p>La caja de grafito es un recipiente fabricado con material de grafito de gran pureza. Con sus propiedades f\u00edsicas y qu\u00edmicas \u00fanicas, desempe\u00f1a un papel importante en muchos campos industriales. Adem\u00e1s, es un material fiable y de alto rendimiento que puede satisfacer diversas necesidades de producci\u00f3n.<\/p>\n<p>En fundici\u00f3n y moldeado, puede utilizar la caja de grafito como moldes de alta temperatura para dar forma con precisi\u00f3n a diversas piezas met\u00e1licas. En el proceso de sinterizaci\u00f3n de las bater\u00edas de litio, proporciona un entorno estable de reacci\u00f3n a alta temperatura para los materiales de las bater\u00edas.<\/p>\n<p>Adem\u00e1s, puede personalizar el tama\u00f1o, la forma y la estructura interna del cartucho de tinta de piedra seg\u00fan sus propias caracter\u00edsticas de proceso y requisitos de producci\u00f3n.<\/p>\n<p>&nbsp;<\/p>","protected":false},"featured_media":7341,"template":"","meta":[],"product_brand":[],"product_cat":[38],"product_tag":[],"class_list":{"0":"post-7335","1":"product","2":"type-product","3":"status-publish","4":"has-post-thumbnail","6":"product_cat-graphite-products","8":"first","9":"instock","10":"shipping-taxable","11":"product-type-simple"},"yoast_head":"<!-- This site is optimized with the Yoast SEO Premium plugin v19.2.1 (Yoast SEO v25.3) - https:\/\/yoast.com\/wordpress\/plugins\/seo\/ -->\n<title>Graphite Box Manufacturer in China | Jinsun Carbon<\/title>\n<meta name=\"description\" content=\"Graphite Box Manufacturer in China, It is used for smelting and casting of non-ferrous metals such as aluminum and copper alloys.\" \/>\n<meta name=\"robots\" content=\"index, follow, max-snippet:-1, max-image-preview:large, max-video-preview:-1\" \/>\n<link rel=\"canonical\" href=\"https:\/\/jinsuncarbon.com\/es_es\/producto\/caja-de-grafito\/\" \/>\n<meta property=\"og:locale\" content=\"es_ES\" \/>\n<meta property=\"og:type\" content=\"article\" \/>\n<meta property=\"og:title\" content=\"Graphite Box\" \/>\n<meta property=\"og:description\" content=\"Graphite Box Manufacturer in China, It is used for smelting and casting of non-ferrous metals such as aluminum and copper alloys.\" \/>\n<meta property=\"og:url\" content=\"https:\/\/jinsuncarbon.com\/es_es\/producto\/caja-de-grafito\/\" \/>\n<meta property=\"og:site_name\" content=\"Jinsun Carbon\" \/>\n<meta property=\"article:publisher\" content=\"https:\/\/www.facebook.com\/Graphite-Electrode-109336238661595\" \/>\n<meta property=\"og:image\" content=\"https:\/\/jinsuncarbon.com\/wp-content\/uploads\/2025\/01\/Graphite-box.jpg\" \/>\n\t<meta property=\"og:image:width\" content=\"1024\" \/>\n\t<meta property=\"og:image:height\" content=\"763\" \/>\n\t<meta property=\"og:image:type\" content=\"image\/jpeg\" \/>\n<meta name=\"twitter:card\" content=\"summary_large_image\" \/>\n<meta name=\"twitter:site\" content=\"@jinsuncarbon_\" \/>\n<meta name=\"twitter:label1\" content=\"Tiempo de lectura\" \/>\n\t<meta name=\"twitter:data1\" content=\"3 minutos\" \/>\n<script type=\"application\/ld+json\" class=\"yoast-schema-graph\">{\"@context\":\"https:\/\/schema.org\",\"@graph\":[{\"@type\":\"WebPage\",\"@id\":\"https:\/\/jinsuncarbon.com\/product\/graphite-box\/\",\"url\":\"https:\/\/jinsuncarbon.com\/product\/graphite-box\/\",\"name\":\"Graphite Box Manufacturer in China | Jinsun Carbon\",\"isPartOf\":{\"@id\":\"https:\/\/jinsuncarbon.com\/#website\"},\"primaryImageOfPage\":{\"@id\":\"https:\/\/jinsuncarbon.com\/product\/graphite-box\/#primaryimage\"},\"image\":{\"@id\":\"https:\/\/jinsuncarbon.com\/product\/graphite-box\/#primaryimage\"},\"thumbnailUrl\":\"https:\/\/jinsuncarbon.com\/wp-content\/uploads\/2025\/01\/Graphite-box.jpg\",\"datePublished\":\"2025-01-15T03:22:44+00:00\",\"description\":\"Graphite Box Manufacturer in China, It is used for smelting and casting of non-ferrous metals such as aluminum and copper alloys.\",\"breadcrumb\":{\"@id\":\"https:\/\/jinsuncarbon.com\/product\/graphite-box\/#breadcrumb\"},\"inLanguage\":\"es\",\"potentialAction\":[{\"@type\":\"ReadAction\",\"target\":[\"https:\/\/jinsuncarbon.com\/product\/graphite-box\/\"]}]},{\"@type\":\"ImageObject\",\"inLanguage\":\"es\",\"@id\":\"https:\/\/jinsuncarbon.com\/product\/graphite-box\/#primaryimage\",\"url\":\"https:\/\/jinsuncarbon.com\/wp-content\/uploads\/2025\/01\/Graphite-box.jpg\",\"contentUrl\":\"https:\/\/jinsuncarbon.com\/wp-content\/uploads\/2025\/01\/Graphite-box.jpg\",\"width\":1024,\"height\":763,\"caption\":\"Graphite box\"},{\"@type\":\"BreadcrumbList\",\"@id\":\"https:\/\/jinsuncarbon.com\/product\/graphite-box\/#breadcrumb\",\"itemListElement\":[{\"@type\":\"ListItem\",\"position\":1,\"name\":\"Home\",\"item\":\"https:\/\/jinsuncarbon.com\/\"},{\"@type\":\"ListItem\",\"position\":2,\"name\":\"Products\",\"item\":\"https:\/\/jinsuncarbon.com\/graphite-carbon\/\"},{\"@type\":\"ListItem\",\"position\":3,\"name\":\"Graphite Box\"}]},{\"@type\":\"WebSite\",\"@id\":\"https:\/\/jinsuncarbon.com\/#website\",\"url\":\"https:\/\/jinsuncarbon.com\/\",\"name\":\"Jinsun Carbon\",\"description\":\"We are the successful graphite electrode manufacturer in China\",\"publisher\":{\"@id\":\"https:\/\/jinsuncarbon.com\/#organization\"},\"potentialAction\":[{\"@type\":\"SearchAction\",\"target\":{\"@type\":\"EntryPoint\",\"urlTemplate\":\"https:\/\/jinsuncarbon.com\/?s={search_term_string}\"},\"query-input\":{\"@type\":\"PropertyValueSpecification\",\"valueRequired\":true,\"valueName\":\"search_term_string\"}}],\"inLanguage\":\"es\"},{\"@type\":\"Organization\",\"@id\":\"https:\/\/jinsuncarbon.com\/#organization\",\"name\":\"Jinsun Carbon\",\"alternateName\":\"Jinsun Carbon\",\"url\":\"https:\/\/jinsuncarbon.com\/\",\"logo\":{\"@type\":\"ImageObject\",\"inLanguage\":\"es\",\"@id\":\"https:\/\/jinsuncarbon.com\/#\/schema\/logo\/image\/\",\"url\":\"https:\/\/jinsuncarbon.com\/wp-content\/uploads\/2022\/12\/LOGO-1.png\",\"contentUrl\":\"https:\/\/jinsuncarbon.com\/wp-content\/uploads\/2022\/12\/LOGO-1.png\",\"width\":207,\"height\":80,\"caption\":\"Jinsun Carbon\"},\"image\":{\"@id\":\"https:\/\/jinsuncarbon.com\/#\/schema\/logo\/image\/\"},\"sameAs\":[\"https:\/\/www.facebook.com\/Graphite-Electrode-109336238661595\",\"https:\/\/x.com\/jinsuncarbon_\",\"https:\/\/www.linkedin.com\/in\/jinsungraphite\",\"https:\/\/www.youtube.com\/channel\/UCysDNyvyR5-3cCWEmpkVC0g\"]}]}<\/script>\n<!-- \/ Yoast SEO Premium plugin. -->","yoast_head_json":{"title":"Fabricante de cajas de grafito en China | Jinsun Carbon","description":"Fabricante de cajas de grafito en China, Se utiliza para la fundici\u00f3n y colada de metales no ferrosos como aleaciones de aluminio y cobre.","robots":{"index":"index","follow":"follow","max-snippet":"max-snippet:-1","max-image-preview":"max-image-preview:large","max-video-preview":"max-video-preview:-1"},"canonical":"https:\/\/jinsuncarbon.com\/es_es\/producto\/caja-de-grafito\/","og_locale":"es_ES","og_type":"article","og_title":"Graphite Box","og_description":"Graphite Box Manufacturer in China, It is used for smelting and casting of non-ferrous metals such as aluminum and copper alloys.","og_url":"https:\/\/jinsuncarbon.com\/es_es\/producto\/caja-de-grafito\/","og_site_name":"Jinsun Carbon","article_publisher":"https:\/\/www.facebook.com\/Graphite-Electrode-109336238661595","og_image":[{"width":1024,"height":763,"url":"https:\/\/jinsuncarbon.com\/wp-content\/uploads\/2025\/01\/Graphite-box.jpg","type":"image\/jpeg"}],"twitter_card":"summary_large_image","twitter_site":"@jinsuncarbon_","twitter_misc":{"Tiempo de lectura":"3 minutos"},"schema":{"@context":"https:\/\/schema.org","@graph":[{"@type":"WebPage","@id":"https:\/\/jinsuncarbon.com\/product\/graphite-box\/","url":"https:\/\/jinsuncarbon.com\/product\/graphite-box\/","name":"Fabricante de cajas de grafito en China | Jinsun Carbon","isPartOf":{"@id":"https:\/\/jinsuncarbon.com\/#website"},"primaryImageOfPage":{"@id":"https:\/\/jinsuncarbon.com\/product\/graphite-box\/#primaryimage"},"image":{"@id":"https:\/\/jinsuncarbon.com\/product\/graphite-box\/#primaryimage"},"thumbnailUrl":"https:\/\/jinsuncarbon.com\/wp-content\/uploads\/2025\/01\/Graphite-box.jpg","datePublished":"2025-01-15T03:22:44+00:00","description":"Fabricante de cajas de grafito en China, Se utiliza para la fundici\u00f3n y colada de metales no ferrosos como aleaciones de aluminio y cobre.","breadcrumb":{"@id":"https:\/\/jinsuncarbon.com\/product\/graphite-box\/#breadcrumb"},"inLanguage":"es","potentialAction":[{"@type":"ReadAction","target":["https:\/\/jinsuncarbon.com\/product\/graphite-box\/"]}]},{"@type":"ImageObject","inLanguage":"es","@id":"https:\/\/jinsuncarbon.com\/product\/graphite-box\/#primaryimage","url":"https:\/\/jinsuncarbon.com\/wp-content\/uploads\/2025\/01\/Graphite-box.jpg","contentUrl":"https:\/\/jinsuncarbon.com\/wp-content\/uploads\/2025\/01\/Graphite-box.jpg","width":1024,"height":763,"caption":"Graphite box"},{"@type":"BreadcrumbList","@id":"https:\/\/jinsuncarbon.com\/product\/graphite-box\/#breadcrumb","itemListElement":[{"@type":"ListItem","position":1,"name":"Home","item":"https:\/\/jinsuncarbon.com\/"},{"@type":"ListItem","position":2,"name":"Products","item":"https:\/\/jinsuncarbon.com\/graphite-carbon\/"},{"@type":"ListItem","position":3,"name":"Graphite Box"}]},{"@type":"WebSite","@id":"https:\/\/jinsuncarbon.com\/#website","url":"https:\/\/jinsuncarbon.com\/","name":"Jinsun Carbon","description":"Somos el fabricante de electrodos de grafito con m\u00e1s \u00e9xito de China","publisher":{"@id":"https:\/\/jinsuncarbon.com\/#organization"},"potentialAction":[{"@type":"SearchAction","target":{"@type":"EntryPoint","urlTemplate":"https:\/\/jinsuncarbon.com\/?s={search_term_string}"},"query-input":{"@type":"PropertyValueSpecification","valueRequired":true,"valueName":"search_term_string"}}],"inLanguage":"es"},{"@type":"Organization","@id":"https:\/\/jinsuncarbon.com\/#organization","name":"Jinsun Carbon","alternateName":"Jinsun Carbon","url":"https:\/\/jinsuncarbon.com\/","logo":{"@type":"ImageObject","inLanguage":"es","@id":"https:\/\/jinsuncarbon.com\/#\/schema\/logo\/image\/","url":"https:\/\/jinsuncarbon.com\/wp-content\/uploads\/2022\/12\/LOGO-1.png","contentUrl":"https:\/\/jinsuncarbon.com\/wp-content\/uploads\/2022\/12\/LOGO-1.png","width":207,"height":80,"caption":"Jinsun Carbon"},"image":{"@id":"https:\/\/jinsuncarbon.com\/#\/schema\/logo\/image\/"},"sameAs":["https:\/\/www.facebook.com\/Graphite-Electrode-109336238661595","https:\/\/x.com\/jinsuncarbon_","https:\/\/www.linkedin.com\/in\/jinsungraphite","https:\/\/www.youtube.com\/channel\/UCysDNyvyR5-3cCWEmpkVC0g"]}]}},"_links":{"self":[{"href":"https:\/\/jinsuncarbon.com\/es_es\/wp-json\/wp\/v2\/product\/7335","targetHints":{"allow":["GET"]}}],"collection":[{"href":"https:\/\/jinsuncarbon.com\/es_es\/wp-json\/wp\/v2\/product"}],"about":[{"href":"https:\/\/jinsuncarbon.com\/es_es\/wp-json\/wp\/v2\/types\/product"}],"wp:featuredmedia":[{"embeddable":true,"href":"https:\/\/jinsuncarbon.com\/es_es\/wp-json\/wp\/v2\/media\/7341"}],"wp:attachment":[{"href":"https:\/\/jinsuncarbon.com\/es_es\/wp-json\/wp\/v2\/media?parent=7335"}],"wp:term":[{"taxonomy":"product_brand","embeddable":true,"href":"https:\/\/jinsuncarbon.com\/es_es\/wp-json\/wp\/v2\/product_brand?post=7335"},{"taxonomy":"product_cat","embeddable":true,"href":"https:\/\/jinsuncarbon.com\/es_es\/wp-json\/wp\/v2\/product_cat?post=7335"},{"taxonomy":"product_tag","embeddable":true,"href":"https:\/\/jinsuncarbon.com\/es_es\/wp-json\/wp\/v2\/product_tag?post=7335"}],"curies":[{"name":"wp","href":"https:\/\/api.w.org\/{rel}","templated":true}]}}