{"id":7327,"date":"2025-01-14T00:52:47","date_gmt":"2025-01-14T00:52:47","guid":{"rendered":"https:\/\/jinsuncarbon.com\/?post_type=product&#038;p=7327"},"modified":"2025-01-17T20:37:46","modified_gmt":"2025-01-17T20:37:46","slug":"glectrodo-de-grafito-de-300-mm","status":"publish","type":"product","link":"https:\/\/jinsuncarbon.com\/es_es\/producto\/glectrodo-de-grafito-de-300-mm\/","title":{"rendered":"Electrodo de grafito de 300 mm"},"content":{"rendered":"<h2 class=\"ql-align-justify\">Electrodo de grafito de 300 mm Fabricantes<\/h2>\n<p class=\"ql-align-justify\">Las ventajas del electrodo de grafito de 300 mm son muy significativas.<\/p>\n<p class=\"ql-align-justify\"><strong>Excelente conductividad el\u00e9ctrica<\/strong><\/p>\n<p class=\"ql-align-justify\">Puede transferir corriente de forma eficiente durante el funcionamiento bajo tensi\u00f3n, reduciendo en gran medida la p\u00e9rdida de potencia. Esto es especialmente importante en escenarios industriales donde los requisitos de transmisi\u00f3n de corriente son severos.<\/p>\n<p class=\"ql-align-justify\"><strong>Excelente resistencia a altas temperaturas<\/strong><\/p>\n<p class=\"ql-align-justify\">Puede soportar temperaturas extremadamente altas sin ablandarse, deformarse ni otros problemas. Y puede funcionar de forma estable en entornos de altas temperaturas durante mucho tiempo.<\/p>\n<p class=\"ql-align-justify\"><strong>Buena estabilidad qu\u00edmica<\/strong><\/p>\n<p class=\"ql-align-justify\">El electrodo de grafito de 300 mm tiene una gran resistencia a la corrosi\u00f3n por diversas sustancias qu\u00edmicas. Incluso en el ambiente qu\u00edmico \u00e1spero tal como \u00e1cido fuerte y \u00e1lcali, puede tambi\u00e9n mantener su propia estabilidad de la estructura y del funcionamiento.<\/p>\n<p class=\"ql-align-justify\"><strong>Alta resistencia mec\u00e1nica<\/strong><\/p>\n<p class=\"ql-align-justify\">No es f\u00e1cil de romper y tiene una buena resistencia a los impactos. Puede soportar cierto grado de fuerza externa en el proceso de funcionamiento industrial para garantizar la continuidad de la producci\u00f3n.<\/p>\n<p class=\"ql-align-justify\">Adem\u00e1s, su rendimiento de procesamiento es bueno, conveniente para el corte, perforaci\u00f3n y otras operaciones de procesamiento de acuerdo a las diferentes necesidades industriales.<\/p>\n<h2 class=\"ql-align-justify\">Usos de los electrodos de grafito de 300 mm<\/h2>\n<p class=\"ql-align-justify\">El electrodo de grafito de 300 mm tiene una amplia gama de aplicaciones.<\/p>\n<p class=\"ql-align-justify\"><strong>En la industria sider\u00fargica<\/strong><\/p>\n<p class=\"ql-align-justify\">Es el componente central de la siderurgia de horno de arco el\u00e9ctrico. La potente corriente forma un arco entre <a href=\"https:\/\/jinsuncarbon.com\/es_es\/producto\/electrodo-de-grafito-uhp-de-600-mm\/\">electrodo<\/a> y la carga, liberando instant\u00e1neamente un enorme calor. Hace que la carga se funda r\u00e1pidamente, mejorando enormemente la eficacia y la calidad de <a href=\"https:\/\/www.britannica.com\/technology\/steel\/Primary-steelmaking\" target=\"_blank\" rel=\"noopener\">siderurgia<\/a>. Y es un elemento clave indispensable de la producci\u00f3n moderna de acero.<\/p>\n<p class=\"ql-align-justify\"><strong>En el \u00e1mbito de la fundici\u00f3n de metales no f\u00e9rreos<\/strong><\/p>\n<p class=\"ql-align-justify\">Tales como cobre, aluminio y otros metales proceso de refinaci\u00f3n electrol\u00edtica, 300mm electrodo de grafito como el <a href=\"https:\/\/jinsuncarbon.com\/es_es\/anodo-de-carbono-produccion-de-aluminio\/\">\u00e1nodo<\/a>Participa en la reacci\u00f3n electroqu\u00edmica. Promueve la precipitaci\u00f3n suave de iones met\u00e1licos en el c\u00e1todo, para lograr la purificaci\u00f3n y refinaci\u00f3n de metal.<\/p>\n<p class=\"ql-align-justify\"><strong>En la industria qu\u00edmica<\/strong><\/p>\n<p class=\"ql-align-justify\">En muchos procesos electrol\u00edticos, puede desempe\u00f1ar un papel estable en la c\u00e9lula electrol\u00edtica. (Como la producci\u00f3n de cloro, hidr\u00f3geno y sosa c\u00e1ustica por electr\u00f3lisis de agua salada en la industria cloroalcalina. As\u00ed como otras diversas reacciones de s\u00edntesis electrol\u00edtica). Puede soportar la corrosi\u00f3n del electrolito y las diversas influencias provocadas por la reacci\u00f3n electroqu\u00edmica. Y garantizar el funcionamiento eficaz y estable del <a href=\"https:\/\/www.merriam-webster.com\/dictionary\/electrolytic\" target=\"_blank\" rel=\"noopener\">electrol\u00edtico<\/a> proceso.<\/p>\n<p class=\"ql-align-justify\"><strong>En algunos equipos especiales de calefacci\u00f3n industrial<\/strong><\/p>\n<p class=\"ql-align-justify\">Tambi\u00e9n puede utilizar electrodos de grafito de 300 mm como elementos calefactores. Gracias a su buena conductividad el\u00e9ctrica y resistencia a altas temperaturas, puede generar r\u00e1pidamente calor estable tras la energizaci\u00f3n para satisfacer las necesidades de calentamiento de procesos de producci\u00f3n industriales espec\u00edficos.<\/p>\n<h2>Especificaci\u00f3n<\/h2>\n<div class=\"J_module\">\n<div class=\"ife-detail-decorate-table\">\n<table class=\"has-title is-zebra hight-light-first-column all magic-13\">\n<tbody>\n<tr>\n<td colspan=\"3\" rowspan=\"1\">\n<div class=\"magic-14\">\n<div class=\"magic-4\" data-spm-anchor-id=\"0.0.0.i20.40134f05OSVOko\">\u00a0Electrodo de grafito de 300 mm<\/div>\n<\/div>\n<\/td>\n<\/tr>\n<tr>\n<td colspan=\"1\" rowspan=\"1\">\n<div class=\"magic-18\">Art\u00edculo<\/div>\n<\/td>\n<td colspan=\"1\" rowspan=\"1\">\n<div class=\"magic-16\">unidad<\/div>\n<\/td>\n<td colspan=\"1\" rowspan=\"1\">\n<div class=\"magic-19\">Valor<\/div>\n<\/td>\n<\/tr>\n<tr>\n<td colspan=\"1\" rowspan=\"1\">\n<div class=\"magic-18\">Densidad aparente<\/div>\n<\/td>\n<td colspan=\"1\" rowspan=\"1\">\n<div class=\"magic-16\">g\/cm3<\/div>\n<\/td>\n<td colspan=\"1\" rowspan=\"1\">\n<div class=\"magic-19\">1.68-1.72<\/div>\n<\/td>\n<\/tr>\n<tr>\n<td colspan=\"1\" rowspan=\"1\">\n<div class=\"magic-18\">Resistencia espec\u00edfica<\/div>\n<\/td>\n<td colspan=\"1\" rowspan=\"1\">\n<div class=\"magic-16\">\u03bc\u03a9-m<\/div>\n<\/td>\n<td colspan=\"1\" rowspan=\"1\">\n<div class=\"magic-19\">5.5<\/div>\n<\/td>\n<\/tr>\n<tr>\n<td colspan=\"1\" rowspan=\"1\">\n<div class=\"magic-18\">Resistencia a la flexi\u00f3n<\/div>\n<\/td>\n<td colspan=\"1\" rowspan=\"1\">\n<div class=\"magic-16\">Mpa<\/div>\n<\/td>\n<td colspan=\"1\" rowspan=\"1\">\n<div class=\"magic-19\">10.5-11<\/div>\n<\/td>\n<\/tr>\n<tr>\n<td colspan=\"1\" rowspan=\"1\">\n<div class=\"magic-18\">Contenido en cenizas<\/div>\n<\/td>\n<td colspan=\"1\" rowspan=\"1\">\n<div class=\"magic-16\">%<\/div>\n<\/td>\n<td colspan=\"1\" rowspan=\"1\">\n<div class=\"magic-19\">0.2-0.3<\/div>\n<\/td>\n<\/tr>\n<tr>\n<td colspan=\"1\" rowspan=\"1\">\n<div class=\"magic-18\">M\u00f3dulo el\u00e1stico<\/div>\n<\/td>\n<td colspan=\"1\" rowspan=\"1\">\n<div class=\"magic-16\">Gpa<\/div>\n<\/td>\n<td colspan=\"1\" rowspan=\"1\">\n<div class=\"magic-19\">14<\/div>\n<\/td>\n<\/tr>\n<\/tbody>\n<\/table>\n<\/div>\n<\/div>\n<div class=\"J_module\">\n<div class=\"detail-decorate-json-renderer-container\">\n<div class=\"magic-0\"><\/div>\n<\/div>\n<\/div>","protected":false},"excerpt":{"rendered":"<p class=\"ql-align-justify\">El electrodo de grafito de 300 mm es un electrodo cil\u00edndrico cuidadosamente fabricado con materias primas de grafito de gran pureza. Con sus excelentes propiedades f\u00edsicas y qu\u00edmicas, desempe\u00f1a un papel clave en muchos eslabones de la producci\u00f3n industrial. Y es un material de alta calidad que puede satisfacer una gran resistencia y altos requisitos para las operaciones industriales.<\/p>\n<p class=\"ql-align-justify\">En el proceso de fabricaci\u00f3n del mismo, la selecci\u00f3n de las materias primas es extremadamente estricta, y s\u00f3lo utilizamos materia prima de grafito de alta calidad y extrema pureza. Esto proporciona una s\u00f3lida garant\u00eda de calidad del producto desde el origen. En el proceso de producci\u00f3n, utilizamos tecnolog\u00eda de conformado avanzada, como el prensado isost\u00e1tico, etc. Para garantizar que la densidad del electrodo sea uniforme y la estructura densa.<\/p>\n<p class=\"ql-align-justify\">","protected":false},"featured_media":7331,"template":"","meta":[],"product_brand":[],"product_cat":[37],"product_tag":[],"class_list":{"0":"post-7327","1":"product","2":"type-product","3":"status-publish","4":"has-post-thumbnail","6":"product_cat-graphite-electrode","8":"first","9":"instock","10":"shipping-taxable","11":"product-type-simple"},"yoast_head":"<!-- This site is optimized with the Yoast SEO Premium plugin v19.2.1 (Yoast SEO v25.3) - https:\/\/yoast.com\/wordpress\/plugins\/seo\/ -->\n<title>300mm Graphite Electrode Manufacturer | Jinsun Carbon<\/title>\n<meta name=\"description\" content=\"300mm Graphite Electrode Manufacturer in China, It is used in the smelting of non-ferrous metals, including refining and crude steelmaking in electric arc furnaces.\" \/>\n<meta name=\"robots\" content=\"index, follow, max-snippet:-1, max-image-preview:large, max-video-preview:-1\" \/>\n<link rel=\"canonical\" href=\"https:\/\/jinsuncarbon.com\/es_es\/producto\/glectrodo-de-grafito-de-300-mm\/\" \/>\n<meta property=\"og:locale\" content=\"es_ES\" \/>\n<meta property=\"og:type\" content=\"article\" \/>\n<meta property=\"og:title\" content=\"300mm Graphite Electrode\" \/>\n<meta property=\"og:description\" content=\"300mm Graphite Electrode Manufacturer in China, It is used in the smelting of non-ferrous metals, including refining and crude steelmaking in electric arc furnaces.\" \/>\n<meta property=\"og:url\" content=\"https:\/\/jinsuncarbon.com\/es_es\/producto\/glectrodo-de-grafito-de-300-mm\/\" \/>\n<meta property=\"og:site_name\" content=\"Jinsun Carbon\" \/>\n<meta property=\"article:publisher\" content=\"https:\/\/www.facebook.com\/Graphite-Electrode-109336238661595\" \/>\n<meta property=\"article:modified_time\" content=\"2025-01-17T20:37:46+00:00\" \/>\n<meta property=\"og:image\" content=\"https:\/\/jinsuncarbon.com\/wp-content\/uploads\/2025\/01\/300mm-Graphite-Electrode.jpg\" \/>\n\t<meta property=\"og:image:width\" content=\"1024\" \/>\n\t<meta property=\"og:image:height\" content=\"763\" \/>\n\t<meta property=\"og:image:type\" content=\"image\/jpeg\" \/>\n<meta name=\"twitter:card\" content=\"summary_large_image\" \/>\n<meta name=\"twitter:site\" content=\"@jinsuncarbon_\" \/>\n<meta name=\"twitter:label1\" content=\"Tiempo de lectura\" \/>\n\t<meta name=\"twitter:data1\" content=\"3 minutos\" \/>\n<script type=\"application\/ld+json\" class=\"yoast-schema-graph\">{\"@context\":\"https:\/\/schema.org\",\"@graph\":[{\"@type\":\"WebPage\",\"@id\":\"https:\/\/jinsuncarbon.com\/product\/300mm-graphite-glectrode\/\",\"url\":\"https:\/\/jinsuncarbon.com\/product\/300mm-graphite-glectrode\/\",\"name\":\"300mm Graphite Electrode Manufacturer | Jinsun Carbon\",\"isPartOf\":{\"@id\":\"https:\/\/jinsuncarbon.com\/#website\"},\"primaryImageOfPage\":{\"@id\":\"https:\/\/jinsuncarbon.com\/product\/300mm-graphite-glectrode\/#primaryimage\"},\"image\":{\"@id\":\"https:\/\/jinsuncarbon.com\/product\/300mm-graphite-glectrode\/#primaryimage\"},\"thumbnailUrl\":\"https:\/\/jinsuncarbon.com\/wp-content\/uploads\/2025\/01\/300mm-Graphite-Electrode.jpg\",\"datePublished\":\"2025-01-14T00:52:47+00:00\",\"dateModified\":\"2025-01-17T20:37:46+00:00\",\"description\":\"300mm Graphite Electrode Manufacturer in China, It is used in the smelting of non-ferrous metals, including refining and crude steelmaking in electric arc furnaces.\",\"breadcrumb\":{\"@id\":\"https:\/\/jinsuncarbon.com\/product\/300mm-graphite-glectrode\/#breadcrumb\"},\"inLanguage\":\"es\",\"potentialAction\":[{\"@type\":\"ReadAction\",\"target\":[\"https:\/\/jinsuncarbon.com\/product\/300mm-graphite-glectrode\/\"]}]},{\"@type\":\"ImageObject\",\"inLanguage\":\"es\",\"@id\":\"https:\/\/jinsuncarbon.com\/product\/300mm-graphite-glectrode\/#primaryimage\",\"url\":\"https:\/\/jinsuncarbon.com\/wp-content\/uploads\/2025\/01\/300mm-Graphite-Electrode.jpg\",\"contentUrl\":\"https:\/\/jinsuncarbon.com\/wp-content\/uploads\/2025\/01\/300mm-Graphite-Electrode.jpg\",\"width\":1024,\"height\":763,\"caption\":\"300mm Graphite Electrode\"},{\"@type\":\"BreadcrumbList\",\"@id\":\"https:\/\/jinsuncarbon.com\/product\/300mm-graphite-glectrode\/#breadcrumb\",\"itemListElement\":[{\"@type\":\"ListItem\",\"position\":1,\"name\":\"Home\",\"item\":\"https:\/\/jinsuncarbon.com\/\"},{\"@type\":\"ListItem\",\"position\":2,\"name\":\"Products\",\"item\":\"https:\/\/jinsuncarbon.com\/graphite-carbon\/\"},{\"@type\":\"ListItem\",\"position\":3,\"name\":\"300mm Graphite Electrode\"}]},{\"@type\":\"WebSite\",\"@id\":\"https:\/\/jinsuncarbon.com\/#website\",\"url\":\"https:\/\/jinsuncarbon.com\/\",\"name\":\"Jinsun Carbon\",\"description\":\"We are the successful graphite electrode manufacturer in China\",\"publisher\":{\"@id\":\"https:\/\/jinsuncarbon.com\/#organization\"},\"potentialAction\":[{\"@type\":\"SearchAction\",\"target\":{\"@type\":\"EntryPoint\",\"urlTemplate\":\"https:\/\/jinsuncarbon.com\/?s={search_term_string}\"},\"query-input\":{\"@type\":\"PropertyValueSpecification\",\"valueRequired\":true,\"valueName\":\"search_term_string\"}}],\"inLanguage\":\"es\"},{\"@type\":\"Organization\",\"@id\":\"https:\/\/jinsuncarbon.com\/#organization\",\"name\":\"Jinsun Carbon\",\"alternateName\":\"Jinsun Carbon\",\"url\":\"https:\/\/jinsuncarbon.com\/\",\"logo\":{\"@type\":\"ImageObject\",\"inLanguage\":\"es\",\"@id\":\"https:\/\/jinsuncarbon.com\/#\/schema\/logo\/image\/\",\"url\":\"https:\/\/jinsuncarbon.com\/wp-content\/uploads\/2022\/12\/LOGO-1.png\",\"contentUrl\":\"https:\/\/jinsuncarbon.com\/wp-content\/uploads\/2022\/12\/LOGO-1.png\",\"width\":207,\"height\":80,\"caption\":\"Jinsun Carbon\"},\"image\":{\"@id\":\"https:\/\/jinsuncarbon.com\/#\/schema\/logo\/image\/\"},\"sameAs\":[\"https:\/\/www.facebook.com\/Graphite-Electrode-109336238661595\",\"https:\/\/x.com\/jinsuncarbon_\",\"https:\/\/www.linkedin.com\/in\/jinsungraphite\",\"https:\/\/www.youtube.com\/channel\/UCysDNyvyR5-3cCWEmpkVC0g\"]}]}<\/script>\n<!-- \/ Yoast SEO Premium plugin. -->","yoast_head_json":{"title":"Electrodo de grafito de 300mm Fabricante | Jinsun Carbon","description":"Electrodo de grafito 300mm Fabricante en China, Se utiliza en la fundici\u00f3n de metales no ferrosos, incluyendo el refinado y la fabricaci\u00f3n de acero bruto en hornos de arco el\u00e9ctrico.","robots":{"index":"index","follow":"follow","max-snippet":"max-snippet:-1","max-image-preview":"max-image-preview:large","max-video-preview":"max-video-preview:-1"},"canonical":"https:\/\/jinsuncarbon.com\/es_es\/producto\/glectrodo-de-grafito-de-300-mm\/","og_locale":"es_ES","og_type":"article","og_title":"300mm Graphite Electrode","og_description":"300mm Graphite Electrode Manufacturer in China, It is used in the smelting of non-ferrous metals, including refining and crude steelmaking in electric arc furnaces.","og_url":"https:\/\/jinsuncarbon.com\/es_es\/producto\/glectrodo-de-grafito-de-300-mm\/","og_site_name":"Jinsun Carbon","article_publisher":"https:\/\/www.facebook.com\/Graphite-Electrode-109336238661595","article_modified_time":"2025-01-17T20:37:46+00:00","og_image":[{"width":1024,"height":763,"url":"https:\/\/jinsuncarbon.com\/wp-content\/uploads\/2025\/01\/300mm-Graphite-Electrode.jpg","type":"image\/jpeg"}],"twitter_card":"summary_large_image","twitter_site":"@jinsuncarbon_","twitter_misc":{"Tiempo de lectura":"3 minutos"},"schema":{"@context":"https:\/\/schema.org","@graph":[{"@type":"WebPage","@id":"https:\/\/jinsuncarbon.com\/product\/300mm-graphite-glectrode\/","url":"https:\/\/jinsuncarbon.com\/product\/300mm-graphite-glectrode\/","name":"Electrodo de grafito de 300mm Fabricante | Jinsun Carbon","isPartOf":{"@id":"https:\/\/jinsuncarbon.com\/#website"},"primaryImageOfPage":{"@id":"https:\/\/jinsuncarbon.com\/product\/300mm-graphite-glectrode\/#primaryimage"},"image":{"@id":"https:\/\/jinsuncarbon.com\/product\/300mm-graphite-glectrode\/#primaryimage"},"thumbnailUrl":"https:\/\/jinsuncarbon.com\/wp-content\/uploads\/2025\/01\/300mm-Graphite-Electrode.jpg","datePublished":"2025-01-14T00:52:47+00:00","dateModified":"2025-01-17T20:37:46+00:00","description":"Electrodo de grafito 300mm Fabricante en China, Se utiliza en la fundici\u00f3n de metales no ferrosos, incluyendo el refinado y la fabricaci\u00f3n de acero bruto en hornos de arco el\u00e9ctrico.","breadcrumb":{"@id":"https:\/\/jinsuncarbon.com\/product\/300mm-graphite-glectrode\/#breadcrumb"},"inLanguage":"es","potentialAction":[{"@type":"ReadAction","target":["https:\/\/jinsuncarbon.com\/product\/300mm-graphite-glectrode\/"]}]},{"@type":"ImageObject","inLanguage":"es","@id":"https:\/\/jinsuncarbon.com\/product\/300mm-graphite-glectrode\/#primaryimage","url":"https:\/\/jinsuncarbon.com\/wp-content\/uploads\/2025\/01\/300mm-Graphite-Electrode.jpg","contentUrl":"https:\/\/jinsuncarbon.com\/wp-content\/uploads\/2025\/01\/300mm-Graphite-Electrode.jpg","width":1024,"height":763,"caption":"300mm Graphite Electrode"},{"@type":"BreadcrumbList","@id":"https:\/\/jinsuncarbon.com\/product\/300mm-graphite-glectrode\/#breadcrumb","itemListElement":[{"@type":"ListItem","position":1,"name":"Home","item":"https:\/\/jinsuncarbon.com\/"},{"@type":"ListItem","position":2,"name":"Products","item":"https:\/\/jinsuncarbon.com\/graphite-carbon\/"},{"@type":"ListItem","position":3,"name":"300mm Graphite Electrode"}]},{"@type":"WebSite","@id":"https:\/\/jinsuncarbon.com\/#website","url":"https:\/\/jinsuncarbon.com\/","name":"Jinsun Carbon","description":"Somos el fabricante de electrodos de grafito con m\u00e1s \u00e9xito de China","publisher":{"@id":"https:\/\/jinsuncarbon.com\/#organization"},"potentialAction":[{"@type":"SearchAction","target":{"@type":"EntryPoint","urlTemplate":"https:\/\/jinsuncarbon.com\/?s={search_term_string}"},"query-input":{"@type":"PropertyValueSpecification","valueRequired":true,"valueName":"search_term_string"}}],"inLanguage":"es"},{"@type":"Organization","@id":"https:\/\/jinsuncarbon.com\/#organization","name":"Jinsun Carbon","alternateName":"Jinsun Carbon","url":"https:\/\/jinsuncarbon.com\/","logo":{"@type":"ImageObject","inLanguage":"es","@id":"https:\/\/jinsuncarbon.com\/#\/schema\/logo\/image\/","url":"https:\/\/jinsuncarbon.com\/wp-content\/uploads\/2022\/12\/LOGO-1.png","contentUrl":"https:\/\/jinsuncarbon.com\/wp-content\/uploads\/2022\/12\/LOGO-1.png","width":207,"height":80,"caption":"Jinsun Carbon"},"image":{"@id":"https:\/\/jinsuncarbon.com\/#\/schema\/logo\/image\/"},"sameAs":["https:\/\/www.facebook.com\/Graphite-Electrode-109336238661595","https:\/\/x.com\/jinsuncarbon_","https:\/\/www.linkedin.com\/in\/jinsungraphite","https:\/\/www.youtube.com\/channel\/UCysDNyvyR5-3cCWEmpkVC0g"]}]}},"_links":{"self":[{"href":"https:\/\/jinsuncarbon.com\/es_es\/wp-json\/wp\/v2\/product\/7327","targetHints":{"allow":["GET"]}}],"collection":[{"href":"https:\/\/jinsuncarbon.com\/es_es\/wp-json\/wp\/v2\/product"}],"about":[{"href":"https:\/\/jinsuncarbon.com\/es_es\/wp-json\/wp\/v2\/types\/product"}],"wp:featuredmedia":[{"embeddable":true,"href":"https:\/\/jinsuncarbon.com\/es_es\/wp-json\/wp\/v2\/media\/7331"}],"wp:attachment":[{"href":"https:\/\/jinsuncarbon.com\/es_es\/wp-json\/wp\/v2\/media?parent=7327"}],"wp:term":[{"taxonomy":"product_brand","embeddable":true,"href":"https:\/\/jinsuncarbon.com\/es_es\/wp-json\/wp\/v2\/product_brand?post=7327"},{"taxonomy":"product_cat","embeddable":true,"href":"https:\/\/jinsuncarbon.com\/es_es\/wp-json\/wp\/v2\/product_cat?post=7327"},{"taxonomy":"product_tag","embeddable":true,"href":"https:\/\/jinsuncarbon.com\/es_es\/wp-json\/wp\/v2\/product_tag?post=7327"}],"curies":[{"name":"wp","href":"https:\/\/api.w.org\/{rel}","templated":true}]}}