{"id":7261,"date":"2025-01-07T13:11:32","date_gmt":"2025-01-07T13:11:32","guid":{"rendered":"https:\/\/jinsuncarbon.com\/?post_type=product&#038;p=7261"},"modified":"2025-01-07T13:17:25","modified_gmt":"2025-01-07T13:17:25","slug":"electrodo-de-placa-de-grafito","status":"publish","type":"product","link":"https:\/\/jinsuncarbon.com\/es_es\/producto\/electrodo-de-placa-de-grafito\/","title":{"rendered":"Electrodo de placa de grafito"},"content":{"rendered":"<p class=\"ql-align-justify\">Los electrodos de placa de grafito son principalmente piezas conformadas con diversas formas, como rect\u00e1ngulo, cuadrado o redondo. En funci\u00f3n de sus requisitos t\u00e9cnicos y de la aplicaci\u00f3n espec\u00edfica, pueden cumplir con precisi\u00f3n las especificaciones de tama\u00f1o y los est\u00e1ndares de precisi\u00f3n requeridos mediante corte, rectificado y otros procesos de transformaci\u00f3n.<\/p>\n<h2>Ventajas del electrodo de placa de grafito<\/h2>\n<p class=\"ql-align-justify\">El electrodo de placa de grafito suele tener forma de placa regular. Sus ventajas son muy significativas.<\/p>\n<p class=\"ql-align-justify\"><strong>Con buena conductividad el\u00e9ctrica<\/strong><\/p>\n<p class=\"ql-align-justify\">Puede conducir eficazmente la corriente, para garantizar el buen desarrollo del proceso electroqu\u00edmico.<\/p>\n<p class=\"ql-align-justify\"><strong>Gran estabilidad qu\u00edmica<\/strong><\/p>\n<p class=\"ql-align-justify\">Puede mantener la estabilidad de la estructura y el rendimiento en entornos corrosivos, como \u00e1cidos y \u00e1lcalis fuertes. Y no es f\u00e1cil de corroer por reacci\u00f3n qu\u00edmica.<\/p>\n<p class=\"ql-align-justify\"><strong>Excelente resistencia a altas temperaturas<\/strong><\/p>\n<p class=\"ql-align-justify\">Puede trabajar de forma estable en un entorno de alta temperatura durante mucho tiempo, adaptarse a escenarios de operaci\u00f3n de alta temperatura como electr\u00f3lisis, fusi\u00f3n.<\/p>\n<p class=\"ql-align-justify\"><strong>Alta resistencia mec\u00e1nica<\/strong><\/p>\n<p class=\"ql-align-justify\">Puede soportar cierta presi\u00f3n y fricci\u00f3n, no es f\u00e1cil de romper y tiene una larga vida \u00fatil.<\/p>\n<p class=\"ql-align-justify\">Adem\u00e1s, su rendimiento de procesamiento es bueno. De acuerdo con las necesidades reales de corte, perforaci\u00f3n y otras operaciones de procesamiento, es f\u00e1cil de instalar y utilizar.<\/p>\n<p class=\"ql-align-justify\">Si desea conocer en profundidad la informaci\u00f3n detallada sobre los par\u00e1metros de rendimiento, como la conductividad el\u00e9ctrica y la estabilidad qu\u00edmica, le proporcionaremos asesoramiento t\u00e9cnico profesional y datos de referencia precisos. Y le ofreceremos sugerencias de selecci\u00f3n espec\u00edficas en funci\u00f3n de sus condiciones de uso reales.<\/p>\n<h2 class=\"ql-align-justify\">Usos del electrodo de placa de grafito<\/h2>\n<p class=\"ql-align-justify\">El electrodo de placa de grafito tiene una amplia gama de aplicaciones, y las siguientes son algunas direcciones de aplicaci\u00f3n comunes.<\/p>\n<p class=\"ql-align-justify\"><strong>Campo electroqu\u00edmico:<\/strong><\/p>\n<p class=\"ql-align-justify\">En el proceso de electr\u00f3lisis, el electrodo de placa de grafito como \u00e1nodo o <a href=\"https:\/\/jinsuncarbon.com\/es_es\/producto\/bloque-catodico\/\">c\u00e1todo<\/a>Puede conducir la corriente de forma estable. Promover la migraci\u00f3n y reacci\u00f3n de iones en soluci\u00f3n electrol\u00edtica. Se puede utilizar ampliamente en la fundici\u00f3n de metales no ferrosos, la industria de cloro-\u00e1lcali y otros campos. Ayuda a mejorar la eficiencia de <a href=\"https:\/\/en.wikipedia.org\/wiki\/Electrolysis\" target=\"_blank\" rel=\"noopener\">electr\u00f3lisis<\/a> y la calidad del producto. Su resistencia a las altas temperaturas y a la corrosi\u00f3n le permiten funcionar en entornos electrol\u00edticos dif\u00edciles durante mucho tiempo.<\/p>\n<p class=\"ql-align-justify\"><strong>Campo de la bater\u00eda:<\/strong><\/p>\n<p class=\"ql-align-justify\">Se puede utilizar como material de electrodos de bater\u00edas, como en algunas bater\u00edas especiales de alta temperatura o sistemas de bater\u00edas con alta <a href=\"https:\/\/jinsuncarbon.com\/es_es\/producto\/electrodo-de-grafito-de-pequeno-diametro\/\">electrodo<\/a> requisitos de estabilidad. La buena conductividad y estabilidad qu\u00edmica de los electrodos de placa de grafito pueden garantizar el rendimiento de carga y descarga de la bater\u00eda. Mejoran la vida \u00fatil y la eficiencia de conversi\u00f3n de energ\u00eda de la bater\u00eda. Y proporcionar una base s\u00f3lida para el funcionamiento estable de la bater\u00eda.<\/p>\n<p class=\"ql-align-justify\"><strong>Campo de la calefacci\u00f3n industrial:<\/strong><\/p>\n<p class=\"ql-align-justify\">Gracias a su buena conductividad el\u00e9ctrica y resistencia a altas temperaturas, puede utilizar el electrodo de placa de grafito como elemento calefactor. Para convertir eficazmente la energ\u00eda el\u00e9ctrica en energ\u00eda t\u00e9rmica para el calentamiento de hornos industriales, alta temperatura. <a href=\"https:\/\/en.wikipedia.org\/wiki\/Furnace\" target=\"_blank\" rel=\"noopener\">hornos<\/a> y otros equipos. Puede lograr un calentamiento r\u00e1pido y un control preciso de la temperatura para satisfacer las necesidades de distintos procesos de calentamiento industrial. Y su estabilidad y fiabilidad garantizan un proceso de calentamiento continuo y eficaz.<\/p>","protected":false},"excerpt":{"rendered":"<p class=\"ql-align-justify\">El electrodo de placa de grafito es un electrodo de placa fabricado con material de grafito de alta calidad mediante un proceso especial. Tiene excelentes caracter\u00edsticas de conductividad el\u00e9ctrica, estabilidad qu\u00edmica y resistencia a altas temperaturas. Con estas excelentes caracter\u00edsticas, en muchos campos industriales, especialmente en la industria electroqu\u00edmica desempe\u00f1a un papel clave. Y es un material de electrodo fiable y eficaz, puede satisfacer las necesidades de una variedad de condiciones de trabajo complejas.<\/p>\n<p class=\"ql-align-justify\">","protected":false},"featured_media":7265,"template":"","meta":[],"product_brand":[],"product_cat":[38],"product_tag":[],"class_list":{"0":"post-7261","1":"product","2":"type-product","3":"status-publish","4":"has-post-thumbnail","6":"product_cat-graphite-products","8":"first","9":"instock","10":"shipping-taxable","11":"product-type-simple"},"yoast_head":"<!-- This site is optimized with the Yoast SEO Premium plugin v19.2.1 (Yoast SEO v25.3) - https:\/\/yoast.com\/wordpress\/plugins\/seo\/ -->\n<title>Graphite Plate Electrode Manufacturer in China | Jinsun Carbon<\/title>\n<meta name=\"description\" content=\"Graphite plate electrodes are mainly shaped parts with various shapes such as rectangle, square or round. We supply graphite plate electrode at best price.\" \/>\n<meta name=\"robots\" content=\"index, follow, max-snippet:-1, max-image-preview:large, max-video-preview:-1\" \/>\n<link rel=\"canonical\" href=\"https:\/\/jinsuncarbon.com\/es_es\/producto\/electrodo-de-placa-de-grafito\/\" \/>\n<meta property=\"og:locale\" content=\"es_ES\" \/>\n<meta property=\"og:type\" content=\"article\" \/>\n<meta property=\"og:title\" content=\"Graphite Plate Electrode\" \/>\n<meta property=\"og:description\" content=\"Graphite plate electrodes are mainly shaped parts with various shapes such as rectangle, square or round. We supply graphite plate electrode at best price.\" \/>\n<meta property=\"og:url\" content=\"https:\/\/jinsuncarbon.com\/es_es\/producto\/electrodo-de-placa-de-grafito\/\" \/>\n<meta property=\"og:site_name\" content=\"Jinsun Carbon\" \/>\n<meta property=\"article:publisher\" content=\"https:\/\/www.facebook.com\/Graphite-Electrode-109336238661595\" \/>\n<meta property=\"article:modified_time\" content=\"2025-01-07T13:17:25+00:00\" \/>\n<meta property=\"og:image\" content=\"https:\/\/jinsuncarbon.com\/wp-content\/uploads\/2025\/01\/Graphite-Plate-Electrode.jpg\" \/>\n\t<meta property=\"og:image:width\" content=\"1024\" \/>\n\t<meta property=\"og:image:height\" content=\"763\" \/>\n\t<meta property=\"og:image:type\" content=\"image\/jpeg\" \/>\n<meta name=\"twitter:card\" content=\"summary_large_image\" \/>\n<meta name=\"twitter:site\" content=\"@jinsuncarbon_\" \/>\n<meta name=\"twitter:label1\" content=\"Tiempo de lectura\" \/>\n\t<meta name=\"twitter:data1\" content=\"3 minutos\" \/>\n<script type=\"application\/ld+json\" class=\"yoast-schema-graph\">{\"@context\":\"https:\/\/schema.org\",\"@graph\":[{\"@type\":\"WebPage\",\"@id\":\"https:\/\/jinsuncarbon.com\/product\/graphite-plate-electrode\/\",\"url\":\"https:\/\/jinsuncarbon.com\/product\/graphite-plate-electrode\/\",\"name\":\"Graphite Plate Electrode Manufacturer in China | Jinsun Carbon\",\"isPartOf\":{\"@id\":\"https:\/\/jinsuncarbon.com\/#website\"},\"primaryImageOfPage\":{\"@id\":\"https:\/\/jinsuncarbon.com\/product\/graphite-plate-electrode\/#primaryimage\"},\"image\":{\"@id\":\"https:\/\/jinsuncarbon.com\/product\/graphite-plate-electrode\/#primaryimage\"},\"thumbnailUrl\":\"https:\/\/jinsuncarbon.com\/wp-content\/uploads\/2025\/01\/Graphite-Plate-Electrode.jpg\",\"datePublished\":\"2025-01-07T13:11:32+00:00\",\"dateModified\":\"2025-01-07T13:17:25+00:00\",\"description\":\"Graphite plate electrodes are mainly shaped parts with various shapes such as rectangle, square or round. We supply graphite plate electrode at best price.\",\"breadcrumb\":{\"@id\":\"https:\/\/jinsuncarbon.com\/product\/graphite-plate-electrode\/#breadcrumb\"},\"inLanguage\":\"es\",\"potentialAction\":[{\"@type\":\"ReadAction\",\"target\":[\"https:\/\/jinsuncarbon.com\/product\/graphite-plate-electrode\/\"]}]},{\"@type\":\"ImageObject\",\"inLanguage\":\"es\",\"@id\":\"https:\/\/jinsuncarbon.com\/product\/graphite-plate-electrode\/#primaryimage\",\"url\":\"https:\/\/jinsuncarbon.com\/wp-content\/uploads\/2025\/01\/Graphite-Plate-Electrode.jpg\",\"contentUrl\":\"https:\/\/jinsuncarbon.com\/wp-content\/uploads\/2025\/01\/Graphite-Plate-Electrode.jpg\",\"width\":1024,\"height\":763,\"caption\":\"Graphite Plate Electrode\"},{\"@type\":\"BreadcrumbList\",\"@id\":\"https:\/\/jinsuncarbon.com\/product\/graphite-plate-electrode\/#breadcrumb\",\"itemListElement\":[{\"@type\":\"ListItem\",\"position\":1,\"name\":\"Home\",\"item\":\"https:\/\/jinsuncarbon.com\/\"},{\"@type\":\"ListItem\",\"position\":2,\"name\":\"Products\",\"item\":\"https:\/\/jinsuncarbon.com\/graphite-carbon\/\"},{\"@type\":\"ListItem\",\"position\":3,\"name\":\"Graphite Plate Electrode\"}]},{\"@type\":\"WebSite\",\"@id\":\"https:\/\/jinsuncarbon.com\/#website\",\"url\":\"https:\/\/jinsuncarbon.com\/\",\"name\":\"Jinsun Carbon\",\"description\":\"We are the successful graphite electrode manufacturer in China\",\"publisher\":{\"@id\":\"https:\/\/jinsuncarbon.com\/#organization\"},\"potentialAction\":[{\"@type\":\"SearchAction\",\"target\":{\"@type\":\"EntryPoint\",\"urlTemplate\":\"https:\/\/jinsuncarbon.com\/?s={search_term_string}\"},\"query-input\":{\"@type\":\"PropertyValueSpecification\",\"valueRequired\":true,\"valueName\":\"search_term_string\"}}],\"inLanguage\":\"es\"},{\"@type\":\"Organization\",\"@id\":\"https:\/\/jinsuncarbon.com\/#organization\",\"name\":\"Jinsun Carbon\",\"alternateName\":\"Jinsun Carbon\",\"url\":\"https:\/\/jinsuncarbon.com\/\",\"logo\":{\"@type\":\"ImageObject\",\"inLanguage\":\"es\",\"@id\":\"https:\/\/jinsuncarbon.com\/#\/schema\/logo\/image\/\",\"url\":\"https:\/\/jinsuncarbon.com\/wp-content\/uploads\/2022\/12\/LOGO-1.png\",\"contentUrl\":\"https:\/\/jinsuncarbon.com\/wp-content\/uploads\/2022\/12\/LOGO-1.png\",\"width\":207,\"height\":80,\"caption\":\"Jinsun Carbon\"},\"image\":{\"@id\":\"https:\/\/jinsuncarbon.com\/#\/schema\/logo\/image\/\"},\"sameAs\":[\"https:\/\/www.facebook.com\/Graphite-Electrode-109336238661595\",\"https:\/\/x.com\/jinsuncarbon_\",\"https:\/\/www.linkedin.com\/in\/jinsungraphite\",\"https:\/\/www.youtube.com\/channel\/UCysDNyvyR5-3cCWEmpkVC0g\"]}]}<\/script>\n<!-- \/ Yoast SEO Premium plugin. -->","yoast_head_json":{"title":"Fabricante de electrodos de placa de grafito en China | Jinsun Carbon","description":"Los electrodos de placa de grafito son principalmente piezas conformadas con diversas formas como rect\u00e1ngulo, cuadrado o redondo. Suministramos electrodo de placa de grafito al mejor precio.","robots":{"index":"index","follow":"follow","max-snippet":"max-snippet:-1","max-image-preview":"max-image-preview:large","max-video-preview":"max-video-preview:-1"},"canonical":"https:\/\/jinsuncarbon.com\/es_es\/producto\/electrodo-de-placa-de-grafito\/","og_locale":"es_ES","og_type":"article","og_title":"Graphite Plate Electrode","og_description":"Graphite plate electrodes are mainly shaped parts with various shapes such as rectangle, square or round. We supply graphite plate electrode at best price.","og_url":"https:\/\/jinsuncarbon.com\/es_es\/producto\/electrodo-de-placa-de-grafito\/","og_site_name":"Jinsun Carbon","article_publisher":"https:\/\/www.facebook.com\/Graphite-Electrode-109336238661595","article_modified_time":"2025-01-07T13:17:25+00:00","og_image":[{"width":1024,"height":763,"url":"https:\/\/jinsuncarbon.com\/wp-content\/uploads\/2025\/01\/Graphite-Plate-Electrode.jpg","type":"image\/jpeg"}],"twitter_card":"summary_large_image","twitter_site":"@jinsuncarbon_","twitter_misc":{"Tiempo de lectura":"3 minutos"},"schema":{"@context":"https:\/\/schema.org","@graph":[{"@type":"WebPage","@id":"https:\/\/jinsuncarbon.com\/product\/graphite-plate-electrode\/","url":"https:\/\/jinsuncarbon.com\/product\/graphite-plate-electrode\/","name":"Fabricante de electrodos de placa de grafito en China | Jinsun Carbon","isPartOf":{"@id":"https:\/\/jinsuncarbon.com\/#website"},"primaryImageOfPage":{"@id":"https:\/\/jinsuncarbon.com\/product\/graphite-plate-electrode\/#primaryimage"},"image":{"@id":"https:\/\/jinsuncarbon.com\/product\/graphite-plate-electrode\/#primaryimage"},"thumbnailUrl":"https:\/\/jinsuncarbon.com\/wp-content\/uploads\/2025\/01\/Graphite-Plate-Electrode.jpg","datePublished":"2025-01-07T13:11:32+00:00","dateModified":"2025-01-07T13:17:25+00:00","description":"Los electrodos de placa de grafito son principalmente piezas conformadas con diversas formas como rect\u00e1ngulo, cuadrado o redondo. Suministramos electrodo de placa de grafito al mejor precio.","breadcrumb":{"@id":"https:\/\/jinsuncarbon.com\/product\/graphite-plate-electrode\/#breadcrumb"},"inLanguage":"es","potentialAction":[{"@type":"ReadAction","target":["https:\/\/jinsuncarbon.com\/product\/graphite-plate-electrode\/"]}]},{"@type":"ImageObject","inLanguage":"es","@id":"https:\/\/jinsuncarbon.com\/product\/graphite-plate-electrode\/#primaryimage","url":"https:\/\/jinsuncarbon.com\/wp-content\/uploads\/2025\/01\/Graphite-Plate-Electrode.jpg","contentUrl":"https:\/\/jinsuncarbon.com\/wp-content\/uploads\/2025\/01\/Graphite-Plate-Electrode.jpg","width":1024,"height":763,"caption":"Graphite Plate Electrode"},{"@type":"BreadcrumbList","@id":"https:\/\/jinsuncarbon.com\/product\/graphite-plate-electrode\/#breadcrumb","itemListElement":[{"@type":"ListItem","position":1,"name":"Home","item":"https:\/\/jinsuncarbon.com\/"},{"@type":"ListItem","position":2,"name":"Products","item":"https:\/\/jinsuncarbon.com\/graphite-carbon\/"},{"@type":"ListItem","position":3,"name":"Graphite Plate Electrode"}]},{"@type":"WebSite","@id":"https:\/\/jinsuncarbon.com\/#website","url":"https:\/\/jinsuncarbon.com\/","name":"Jinsun Carbon","description":"Somos el fabricante de electrodos de grafito con m\u00e1s \u00e9xito de China","publisher":{"@id":"https:\/\/jinsuncarbon.com\/#organization"},"potentialAction":[{"@type":"SearchAction","target":{"@type":"EntryPoint","urlTemplate":"https:\/\/jinsuncarbon.com\/?s={search_term_string}"},"query-input":{"@type":"PropertyValueSpecification","valueRequired":true,"valueName":"search_term_string"}}],"inLanguage":"es"},{"@type":"Organization","@id":"https:\/\/jinsuncarbon.com\/#organization","name":"Jinsun Carbon","alternateName":"Jinsun Carbon","url":"https:\/\/jinsuncarbon.com\/","logo":{"@type":"ImageObject","inLanguage":"es","@id":"https:\/\/jinsuncarbon.com\/#\/schema\/logo\/image\/","url":"https:\/\/jinsuncarbon.com\/wp-content\/uploads\/2022\/12\/LOGO-1.png","contentUrl":"https:\/\/jinsuncarbon.com\/wp-content\/uploads\/2022\/12\/LOGO-1.png","width":207,"height":80,"caption":"Jinsun Carbon"},"image":{"@id":"https:\/\/jinsuncarbon.com\/#\/schema\/logo\/image\/"},"sameAs":["https:\/\/www.facebook.com\/Graphite-Electrode-109336238661595","https:\/\/x.com\/jinsuncarbon_","https:\/\/www.linkedin.com\/in\/jinsungraphite","https:\/\/www.youtube.com\/channel\/UCysDNyvyR5-3cCWEmpkVC0g"]}]}},"_links":{"self":[{"href":"https:\/\/jinsuncarbon.com\/es_es\/wp-json\/wp\/v2\/product\/7261","targetHints":{"allow":["GET"]}}],"collection":[{"href":"https:\/\/jinsuncarbon.com\/es_es\/wp-json\/wp\/v2\/product"}],"about":[{"href":"https:\/\/jinsuncarbon.com\/es_es\/wp-json\/wp\/v2\/types\/product"}],"wp:featuredmedia":[{"embeddable":true,"href":"https:\/\/jinsuncarbon.com\/es_es\/wp-json\/wp\/v2\/media\/7265"}],"wp:attachment":[{"href":"https:\/\/jinsuncarbon.com\/es_es\/wp-json\/wp\/v2\/media?parent=7261"}],"wp:term":[{"taxonomy":"product_brand","embeddable":true,"href":"https:\/\/jinsuncarbon.com\/es_es\/wp-json\/wp\/v2\/product_brand?post=7261"},{"taxonomy":"product_cat","embeddable":true,"href":"https:\/\/jinsuncarbon.com\/es_es\/wp-json\/wp\/v2\/product_cat?post=7261"},{"taxonomy":"product_tag","embeddable":true,"href":"https:\/\/jinsuncarbon.com\/es_es\/wp-json\/wp\/v2\/product_tag?post=7261"}],"curies":[{"name":"wp","href":"https:\/\/api.w.org\/{rel}","templated":true}]}}