{"id":7251,"date":"2025-01-06T12:38:15","date_gmt":"2025-01-06T12:38:15","guid":{"rendered":"https:\/\/jinsuncarbon.com\/?post_type=product&#038;p=7251"},"modified":"2025-01-17T20:46:07","modified_gmt":"2025-01-17T20:46:07","slug":"bloque-de-grafito-isostatico","status":"publish","type":"product","link":"https:\/\/jinsuncarbon.com\/es_es\/producto\/bloque-de-grafito-isostatico\/","title":{"rendered":"Bloque de grafito isost\u00e1tico"},"content":{"rendered":"<h2 class=\"ql-align-justify\">Bloques de grafito isost\u00e1ticos<\/h2>\n<p class=\"ql-align-justify\">El bloque de grafito isost\u00e1tico es muy destacado en la conducci\u00f3n el\u00e9ctrica. La conductividad el\u00e9ctrica es apta para aplicaciones energ\u00e9ticas. <span class=\"\" data-type=\"2\" data-index=\"9\" data-gid=\"1\">Mantiene un rendimiento estable incluso a temperaturas superiores a 3000\u00b0C.<\/span>\u00a0Este material tambi\u00e9n mantiene la resistencia y no se deforma a temperaturas tan elevadas.<\/p>\n<ul>\n<li class=\"ql-align-justify\">Resistencia qu\u00edmica<\/li>\n<\/ul>\n<p class=\"ql-align-justify\">Este tipo de bloque de grafito isost\u00e1tico puede soportar la erosi\u00f3n de \u00e1cidos fuertes, bases y oxidantes. Por lo tanto, puede utilizarse para reactores qu\u00edmicos, tuber\u00edas y otras aplicaciones en circunstancias extremas.<\/p>\n<ul>\n<li class=\"ql-align-justify\">Alta resistencia<\/li>\n<\/ul>\n<p class=\"ql-align-justify\">Los bloques de grafito isost\u00e1tico tienen una alta resistencia a la tracci\u00f3n y una baja densidad. Los bloques de grafito isost\u00e1tico reducen el consumo de energ\u00eda en aplicaciones de transporte y aeroespaciales. Este material es resistente pero ligero. Puede soportar cargas pesadas manteniendo la eficiencia estructural.<\/p>\n<ul>\n<li class=\"ql-align-justify\">Excelente isotrop\u00eda<\/li>\n<\/ul>\n<p class=\"ql-align-justify\">El grafito isost\u00e1tico tiene un valor de nivel de isotrop\u00eda entre 1,0 y 1,1. Sus propiedades uniformes en todas las direcciones lo hacen adecuado para aplicaciones de precisi\u00f3n.<\/p>\n<ul>\n<li class=\"ql-align-justify\">Gran tama\u00f1o y estructura fina<\/li>\n<\/ul>\n<p class=\"ql-align-justify\">Los materiales de bloque de grafito isost\u00e1tico tienen caracter\u00edsticas de gran tama\u00f1o y estructura encontrada. El prensado isost\u00e1tico puede mantener una densidad uniforme y minimizar los riesgos de agrietamiento; adem\u00e1s, se pueden procesar algunas formas complicadas.<\/p>\n<ul>\n<li class=\"ql-align-justify\">Alta homogeneidad<\/li>\n<\/ul>\n<p class=\"ql-align-justify\">La estructura del material muestra una gran uniformidad. La presi\u00f3n en todas las direcciones dentro de un bloque de grafito isost\u00e1tico es uniforme, de modo que la densidad volum\u00e9trica, la resistividad y la resistencia del bloque de grafito isost\u00e1tico pueden mantenerse un\u00e1nimes.<\/p>\n<h3 class=\"ql-align-justify\">Clasificaci\u00f3n del grafito isost\u00e1tico<\/h3>\n<p class=\"ql-align-justify\">Hay dos tipos de clasificaci\u00f3n del grafito isost\u00e1tico, que incluyen la clasificaci\u00f3n basada en la forma y las materias primas. Para la clasificaci\u00f3n basada en la forma, los tipos son grafito isost\u00e1tico circular y grafito isost\u00e1tico rectangular. Seg\u00fan la clasificaci\u00f3n en funci\u00f3n de las materias primas, puede dividirse en grafito isost\u00e1tico de coque de asfalto y grafito isost\u00e1tico de coque de petr\u00f3leo.<\/p>\n<h2 class=\"ql-align-justify\">Proceso de fundici\u00f3n de bloques de grafito isost\u00e1tico<\/h2>\n<p class=\"ql-align-justify\">Materias primas<\/p>\n<p class=\"ql-align-justify\">Las materias primas de los bloques de grafito isost\u00e1tico ser\u00e1n coque de petr\u00f3leo, coque de brea y microesferas de carbono mesof\u00e1sico. El coque de petr\u00f3leo se a\u00f1ade para la grafitizaci\u00f3n. El coque de brea sirve para aumentar la resistencia. La brea de alquitr\u00e1n de hulla tiene la funci\u00f3n de unir estos materiales en una pasta pegajosa.<\/p>\n<p class=\"ql-align-justify\">Mezclar y amasar<\/p>\n<p class=\"ql-align-justify\">Mezclar el polvo de grafito con un aglutinante en una proporci\u00f3n determinada. El objetivo del proceso de mezcla es \u00fanicamente garantizar la uniformidad del material antes del calandrado y la molienda.<\/p>\n<p class=\"ql-align-justify\">Moldeo<\/p>\n<p class=\"ql-align-justify\">El prensado isost\u00e1tico en fr\u00edo puede utilizarse para el moldeo preciso del grafito. Dicho proceso podr\u00eda mejorar el procesamiento de los productos de grafito con alta precisi\u00f3n, as\u00ed como reducir los defectos de los productos que resultan durante los procesos.<\/p>\n<p class=\"ql-align-justify\">Grafitizaci\u00f3n<\/p>\n<p class=\"ql-align-justify\">Este paso convierte el carbono en grafito a temperaturas superiores a 1800\u00b0C. Este proceso controlado tambi\u00e9n mejora la alta conductividad el\u00e9ctrica y la estabilidad del material.<\/p>\n<p class=\"ql-align-justify\">Aplicaci\u00f3n de fundici\u00f3n<\/p>\n<p class=\"ql-align-justify\">En primer lugar, se calienta el metal hasta el punto de fusi\u00f3n para formar un l\u00edquido; a continuaci\u00f3n, se inyecta el metal l\u00edquido en el molde de grafito. Por \u00faltimo, se espera a que el metal se enfr\u00ede y solidifique, y se extraen las piezas moldeadas. Los bloques de grafito isost\u00e1tico tienen un excelente comportamiento a altas temperaturas. Por lo tanto, durante el proceso de fundici\u00f3n, se reduce la reacci\u00f3n qu\u00edmica de los metales y la reacci\u00f3n adversa del material durante el proceso de fundici\u00f3n.<\/p>\n<h2 class=\"ql-align-justify\">Bloque de grafito isost\u00e1tico Aplicaciones<\/h2>\n<h3 class=\"ql-align-justify\">Crecimiento del silicio y calentadores de fundici\u00f3n<\/h3>\n<p class=\"ql-align-justify\">Los bloques de grafito prensados isost\u00e1ticamente se utilizan en la producci\u00f3n de silicio monocristalino y multicristalino CZ. Tambi\u00e9n se utiliza para crisoles, calentadores, electrodos y escudos aislantes. Los calentadores de grafito pueden soportar temperaturas extremadamente altas, lo que permite el crecimiento y la fundici\u00f3n de silicio para c\u00e9lulas fotovoltaicas.<\/p>\n<h3 class=\"ql-align-justify\">Industria nuclear<\/h3>\n<p class=\"ql-align-justify\">Porque el grafito <a href=\"https:\/\/www.britannica.com\/dictionary\/moderate\" target=\"_blank\" rel=\"noopener\">modera<\/a> neutrones y refleja el calor en reactores de alta temperatura refrigerados por gas. Los bloques de grafito isost\u00e1tico resisten las tensiones mec\u00e1nicas. Este material es tambi\u00e9n uno de los m\u00e1s duraderos para las paredes de plasma de los sistemas nucleares.<\/p>\n<h3 class=\"ql-align-justify\">Mecanizado por electroerosi\u00f3n<\/h3>\n<p class=\"ql-align-justify\">Los electrodos de grafito funcionan bien en electroerosi\u00f3n y pueden mecanizar con precisi\u00f3n moldes y piezas de precisi\u00f3n. La excelente conductividad del grafito produce descargas estables en electroerosi\u00f3n, lo que tambi\u00e9n garantiza la eficacia y precisi\u00f3n del mecanizado. Los electrodos de grafito tienen una buena durabilidad durante la descarga a alta temperatura, lo que tambi\u00e9n prolongar\u00e1 la vida \u00fatil del producto.<\/p>\n<h3 class=\"ql-align-justify\">Moldes de fundici\u00f3n de metales no f\u00e9rreos<\/h3>\n<p class=\"ql-align-justify\">Grafito isost\u00e1tico <a href=\"https:\/\/jinsuncarbon.com\/es_es\/como-hacer-un-molde-de-grafito\/\">moldes<\/a> son indispensables en la colada continua de metales no ferrosos como <a href=\"https:\/\/en.wikipedia.org\/wiki\/Copper\" target=\"_blank\" rel=\"noopener\">cobre<\/a>, aluminio, zinc, etc. Las propiedades materiales de estabilidad t\u00e9rmica y autolubricaci\u00f3n hacen que la producci\u00f3n de bloques de grafito isost\u00e1tico sea fluida.<\/p>\n<h2 class=\"ql-align-justify\">\u00bfPor qu\u00e9 elegir nuestros bloques de grafito isost\u00e1tico?<\/h2>\n<p class=\"ql-align-justify\">Nuestros bloques de grafito isost\u00e1tico se caracterizan por una gran conductividad el\u00e9ctrica, resistencia t\u00e9rmica, estabilidad qu\u00edmica, estructura fina, alta resistencia y pureza que satisfacen las demandas de la industria fotovoltaica, de maquinaria y de energ\u00eda nuclear. Estos bloques de grafito isost\u00e1tico son muy duraderos y rentables para reducir los gastos operativos. Ofrecemos precios competitivos, lo que convierte a nuestros bloques de grafito isost\u00e1tico en una opci\u00f3n adecuada para sus diversas aplicaciones.<\/p>","protected":false},"excerpt":{"rendered":"<p><span class=\"\" data-type=\"2\" data-index=\"3\" data-gid=\"0\">Los bloques de grafito isost\u00e1tico son un tipo de material de grafito formado mediante la tecnolog\u00eda de prensado isost\u00e1tico.<\/span> Tienen alta pureza, alta resistencia y alta densidad. Bas\u00e1ndose en la alta calidad del grafito, el bloque de grafito isost\u00e1tico satisface las necesidades de los sectores fotovoltaico, de semiconductores y metal\u00fargico. Caracter\u00edsticas principales:<\/p>\n<ul>\n<li>Grano fino<\/li>\n<li>Estructura homog\u00e9nea<\/li>\n<li>Propiedades isotr\u00f3picas<\/li>\n<li>Alta densidad y gran resistencia mec\u00e1nica<\/li>\n<\/ul>","protected":false},"featured_media":7252,"template":"","meta":[],"product_brand":[],"product_cat":[38],"product_tag":[],"class_list":{"0":"post-7251","1":"product","2":"type-product","3":"status-publish","4":"has-post-thumbnail","6":"product_cat-graphite-products","8":"first","9":"instock","10":"shipping-taxable","11":"product-type-simple"},"yoast_head":"<!-- This site is optimized with the Yoast SEO Premium plugin v19.2.1 (Yoast SEO v25.3) - https:\/\/yoast.com\/wordpress\/plugins\/seo\/ -->\n<title>Isostatic Graphite Block Manufacturer in China | Jinsun Carbon<\/title>\n<meta name=\"robots\" content=\"index, follow, max-snippet:-1, max-image-preview:large, max-video-preview:-1\" \/>\n<link rel=\"canonical\" href=\"https:\/\/jinsuncarbon.com\/es_es\/producto\/bloque-de-grafito-isostatico\/\" \/>\n<meta property=\"og:locale\" content=\"es_ES\" \/>\n<meta property=\"og:type\" content=\"article\" \/>\n<meta property=\"og:title\" content=\"Isostatic Graphite Block\" \/>\n<meta property=\"og:description\" content=\"Isostatic graphite blocks are a type of graphite material formed by isostatic pressing technology. They have high purity, high strength and high density. Based on the high quality of graphite, isostatic graphite block meets the needs of photovoltaic, semiconductor, and metallurgy. Main Features:   Fine grain  Homogeneous structure  Isotropic properties  High density and high mechanical strength\" \/>\n<meta property=\"og:url\" content=\"https:\/\/jinsuncarbon.com\/es_es\/producto\/bloque-de-grafito-isostatico\/\" \/>\n<meta property=\"og:site_name\" content=\"Jinsun Carbon\" \/>\n<meta property=\"article:publisher\" content=\"https:\/\/www.facebook.com\/Graphite-Electrode-109336238661595\" \/>\n<meta property=\"article:modified_time\" content=\"2025-01-17T20:46:07+00:00\" \/>\n<meta property=\"og:image\" content=\"https:\/\/jinsuncarbon.com\/wp-content\/uploads\/2025\/01\/Isostatic-Graphite-Block.jpg\" \/>\n\t<meta property=\"og:image:width\" content=\"1024\" \/>\n\t<meta property=\"og:image:height\" content=\"680\" \/>\n\t<meta property=\"og:image:type\" content=\"image\/jpeg\" \/>\n<meta name=\"twitter:card\" content=\"summary_large_image\" \/>\n<meta name=\"twitter:site\" content=\"@jinsuncarbon_\" \/>\n<meta name=\"twitter:label1\" content=\"Tiempo de lectura\" \/>\n\t<meta name=\"twitter:data1\" content=\"4 minutos\" \/>\n<script type=\"application\/ld+json\" class=\"yoast-schema-graph\">{\"@context\":\"https:\/\/schema.org\",\"@graph\":[{\"@type\":\"WebPage\",\"@id\":\"https:\/\/jinsuncarbon.com\/product\/isostatic-graphite-block\/\",\"url\":\"https:\/\/jinsuncarbon.com\/product\/isostatic-graphite-block\/\",\"name\":\"Isostatic Graphite Block Manufacturer in China | Jinsun Carbon\",\"isPartOf\":{\"@id\":\"https:\/\/jinsuncarbon.com\/#website\"},\"primaryImageOfPage\":{\"@id\":\"https:\/\/jinsuncarbon.com\/product\/isostatic-graphite-block\/#primaryimage\"},\"image\":{\"@id\":\"https:\/\/jinsuncarbon.com\/product\/isostatic-graphite-block\/#primaryimage\"},\"thumbnailUrl\":\"https:\/\/jinsuncarbon.com\/wp-content\/uploads\/2025\/01\/Isostatic-Graphite-Block.jpg\",\"datePublished\":\"2025-01-06T12:38:15+00:00\",\"dateModified\":\"2025-01-17T20:46:07+00:00\",\"breadcrumb\":{\"@id\":\"https:\/\/jinsuncarbon.com\/product\/isostatic-graphite-block\/#breadcrumb\"},\"inLanguage\":\"es\",\"potentialAction\":[{\"@type\":\"ReadAction\",\"target\":[\"https:\/\/jinsuncarbon.com\/product\/isostatic-graphite-block\/\"]}]},{\"@type\":\"ImageObject\",\"inLanguage\":\"es\",\"@id\":\"https:\/\/jinsuncarbon.com\/product\/isostatic-graphite-block\/#primaryimage\",\"url\":\"https:\/\/jinsuncarbon.com\/wp-content\/uploads\/2025\/01\/Isostatic-Graphite-Block.jpg\",\"contentUrl\":\"https:\/\/jinsuncarbon.com\/wp-content\/uploads\/2025\/01\/Isostatic-Graphite-Block.jpg\",\"width\":1024,\"height\":680,\"caption\":\"Isostatic Graphite Block\"},{\"@type\":\"BreadcrumbList\",\"@id\":\"https:\/\/jinsuncarbon.com\/product\/isostatic-graphite-block\/#breadcrumb\",\"itemListElement\":[{\"@type\":\"ListItem\",\"position\":1,\"name\":\"Home\",\"item\":\"https:\/\/jinsuncarbon.com\/\"},{\"@type\":\"ListItem\",\"position\":2,\"name\":\"Products\",\"item\":\"https:\/\/jinsuncarbon.com\/graphite-carbon\/\"},{\"@type\":\"ListItem\",\"position\":3,\"name\":\"Isostatic Graphite Block\"}]},{\"@type\":\"WebSite\",\"@id\":\"https:\/\/jinsuncarbon.com\/#website\",\"url\":\"https:\/\/jinsuncarbon.com\/\",\"name\":\"Jinsun Carbon\",\"description\":\"We are the successful graphite electrode manufacturer in China\",\"publisher\":{\"@id\":\"https:\/\/jinsuncarbon.com\/#organization\"},\"potentialAction\":[{\"@type\":\"SearchAction\",\"target\":{\"@type\":\"EntryPoint\",\"urlTemplate\":\"https:\/\/jinsuncarbon.com\/?s={search_term_string}\"},\"query-input\":{\"@type\":\"PropertyValueSpecification\",\"valueRequired\":true,\"valueName\":\"search_term_string\"}}],\"inLanguage\":\"es\"},{\"@type\":\"Organization\",\"@id\":\"https:\/\/jinsuncarbon.com\/#organization\",\"name\":\"Jinsun Carbon\",\"alternateName\":\"Jinsun Carbon\",\"url\":\"https:\/\/jinsuncarbon.com\/\",\"logo\":{\"@type\":\"ImageObject\",\"inLanguage\":\"es\",\"@id\":\"https:\/\/jinsuncarbon.com\/#\/schema\/logo\/image\/\",\"url\":\"https:\/\/jinsuncarbon.com\/wp-content\/uploads\/2022\/12\/LOGO-1.png\",\"contentUrl\":\"https:\/\/jinsuncarbon.com\/wp-content\/uploads\/2022\/12\/LOGO-1.png\",\"width\":207,\"height\":80,\"caption\":\"Jinsun Carbon\"},\"image\":{\"@id\":\"https:\/\/jinsuncarbon.com\/#\/schema\/logo\/image\/\"},\"sameAs\":[\"https:\/\/www.facebook.com\/Graphite-Electrode-109336238661595\",\"https:\/\/x.com\/jinsuncarbon_\",\"https:\/\/www.linkedin.com\/in\/jinsungraphite\",\"https:\/\/www.youtube.com\/channel\/UCysDNyvyR5-3cCWEmpkVC0g\"]}]}<\/script>\n<!-- \/ Yoast SEO Premium plugin. -->","yoast_head_json":{"title":"Fabricante de bloques de grafito isost\u00e1tico en China | Jinsun Carbon","robots":{"index":"index","follow":"follow","max-snippet":"max-snippet:-1","max-image-preview":"max-image-preview:large","max-video-preview":"max-video-preview:-1"},"canonical":"https:\/\/jinsuncarbon.com\/es_es\/producto\/bloque-de-grafito-isostatico\/","og_locale":"es_ES","og_type":"article","og_title":"Isostatic Graphite Block","og_description":"Isostatic graphite blocks are a type of graphite material formed by isostatic pressing technology. They have high purity, high strength and high density. Based on the high quality of graphite, isostatic graphite block meets the needs of photovoltaic, semiconductor, and metallurgy. Main Features:   Fine grain  Homogeneous structure  Isotropic properties  High density and high mechanical strength","og_url":"https:\/\/jinsuncarbon.com\/es_es\/producto\/bloque-de-grafito-isostatico\/","og_site_name":"Jinsun Carbon","article_publisher":"https:\/\/www.facebook.com\/Graphite-Electrode-109336238661595","article_modified_time":"2025-01-17T20:46:07+00:00","og_image":[{"width":1024,"height":680,"url":"https:\/\/jinsuncarbon.com\/wp-content\/uploads\/2025\/01\/Isostatic-Graphite-Block.jpg","type":"image\/jpeg"}],"twitter_card":"summary_large_image","twitter_site":"@jinsuncarbon_","twitter_misc":{"Tiempo de lectura":"4 minutos"},"schema":{"@context":"https:\/\/schema.org","@graph":[{"@type":"WebPage","@id":"https:\/\/jinsuncarbon.com\/product\/isostatic-graphite-block\/","url":"https:\/\/jinsuncarbon.com\/product\/isostatic-graphite-block\/","name":"Fabricante de bloques de grafito isost\u00e1tico en China | Jinsun Carbon","isPartOf":{"@id":"https:\/\/jinsuncarbon.com\/#website"},"primaryImageOfPage":{"@id":"https:\/\/jinsuncarbon.com\/product\/isostatic-graphite-block\/#primaryimage"},"image":{"@id":"https:\/\/jinsuncarbon.com\/product\/isostatic-graphite-block\/#primaryimage"},"thumbnailUrl":"https:\/\/jinsuncarbon.com\/wp-content\/uploads\/2025\/01\/Isostatic-Graphite-Block.jpg","datePublished":"2025-01-06T12:38:15+00:00","dateModified":"2025-01-17T20:46:07+00:00","breadcrumb":{"@id":"https:\/\/jinsuncarbon.com\/product\/isostatic-graphite-block\/#breadcrumb"},"inLanguage":"es","potentialAction":[{"@type":"ReadAction","target":["https:\/\/jinsuncarbon.com\/product\/isostatic-graphite-block\/"]}]},{"@type":"ImageObject","inLanguage":"es","@id":"https:\/\/jinsuncarbon.com\/product\/isostatic-graphite-block\/#primaryimage","url":"https:\/\/jinsuncarbon.com\/wp-content\/uploads\/2025\/01\/Isostatic-Graphite-Block.jpg","contentUrl":"https:\/\/jinsuncarbon.com\/wp-content\/uploads\/2025\/01\/Isostatic-Graphite-Block.jpg","width":1024,"height":680,"caption":"Isostatic Graphite Block"},{"@type":"BreadcrumbList","@id":"https:\/\/jinsuncarbon.com\/product\/isostatic-graphite-block\/#breadcrumb","itemListElement":[{"@type":"ListItem","position":1,"name":"Home","item":"https:\/\/jinsuncarbon.com\/"},{"@type":"ListItem","position":2,"name":"Products","item":"https:\/\/jinsuncarbon.com\/graphite-carbon\/"},{"@type":"ListItem","position":3,"name":"Isostatic Graphite Block"}]},{"@type":"WebSite","@id":"https:\/\/jinsuncarbon.com\/#website","url":"https:\/\/jinsuncarbon.com\/","name":"Jinsun Carbon","description":"Somos el fabricante de electrodos de grafito con m\u00e1s \u00e9xito de China","publisher":{"@id":"https:\/\/jinsuncarbon.com\/#organization"},"potentialAction":[{"@type":"SearchAction","target":{"@type":"EntryPoint","urlTemplate":"https:\/\/jinsuncarbon.com\/?s={search_term_string}"},"query-input":{"@type":"PropertyValueSpecification","valueRequired":true,"valueName":"search_term_string"}}],"inLanguage":"es"},{"@type":"Organization","@id":"https:\/\/jinsuncarbon.com\/#organization","name":"Jinsun Carbon","alternateName":"Jinsun Carbon","url":"https:\/\/jinsuncarbon.com\/","logo":{"@type":"ImageObject","inLanguage":"es","@id":"https:\/\/jinsuncarbon.com\/#\/schema\/logo\/image\/","url":"https:\/\/jinsuncarbon.com\/wp-content\/uploads\/2022\/12\/LOGO-1.png","contentUrl":"https:\/\/jinsuncarbon.com\/wp-content\/uploads\/2022\/12\/LOGO-1.png","width":207,"height":80,"caption":"Jinsun Carbon"},"image":{"@id":"https:\/\/jinsuncarbon.com\/#\/schema\/logo\/image\/"},"sameAs":["https:\/\/www.facebook.com\/Graphite-Electrode-109336238661595","https:\/\/x.com\/jinsuncarbon_","https:\/\/www.linkedin.com\/in\/jinsungraphite","https:\/\/www.youtube.com\/channel\/UCysDNyvyR5-3cCWEmpkVC0g"]}]}},"_links":{"self":[{"href":"https:\/\/jinsuncarbon.com\/es_es\/wp-json\/wp\/v2\/product\/7251","targetHints":{"allow":["GET"]}}],"collection":[{"href":"https:\/\/jinsuncarbon.com\/es_es\/wp-json\/wp\/v2\/product"}],"about":[{"href":"https:\/\/jinsuncarbon.com\/es_es\/wp-json\/wp\/v2\/types\/product"}],"wp:featuredmedia":[{"embeddable":true,"href":"https:\/\/jinsuncarbon.com\/es_es\/wp-json\/wp\/v2\/media\/7252"}],"wp:attachment":[{"href":"https:\/\/jinsuncarbon.com\/es_es\/wp-json\/wp\/v2\/media?parent=7251"}],"wp:term":[{"taxonomy":"product_brand","embeddable":true,"href":"https:\/\/jinsuncarbon.com\/es_es\/wp-json\/wp\/v2\/product_brand?post=7251"},{"taxonomy":"product_cat","embeddable":true,"href":"https:\/\/jinsuncarbon.com\/es_es\/wp-json\/wp\/v2\/product_cat?post=7251"},{"taxonomy":"product_tag","embeddable":true,"href":"https:\/\/jinsuncarbon.com\/es_es\/wp-json\/wp\/v2\/product_tag?post=7251"}],"curies":[{"name":"wp","href":"https:\/\/api.w.org\/{rel}","templated":true}]}}