{"id":7072,"date":"2024-12-20T03:09:39","date_gmt":"2024-12-20T03:09:39","guid":{"rendered":"https:\/\/jinsuncarbon.com\/?post_type=product&#038;p=7072"},"modified":"2024-12-20T03:09:41","modified_gmt":"2024-12-20T03:09:41","slug":"grafito-vibrado","status":"publish","type":"product","link":"https:\/\/jinsuncarbon.com\/es_es\/producto\/grafito-vibrado\/","title":{"rendered":"Grafito vibrado"},"content":{"rendered":"<p>El grafito vibrado tiene las caracter\u00edsticas de propiedades f\u00edsicas y qu\u00edmicas optimizadas, estructura uniforme, bajo contenido en cenizas, buena estabilidad el\u00e9ctrica y t\u00e9rmica, etc. Ha mostrado buenas perspectivas de aplicaci\u00f3n en muchos campos de la industria moderna. Es un material de alto rendimiento que puede satisfacer diversas necesidades, especialmente adecuado para ocasiones con elevados requisitos de estabilidad del material y consistencia del rendimiento. Por ejemplo, en la fabricaci\u00f3n de electrodos de grafito, crisoles para fundici\u00f3n y colada y elementos calefactores para hornos de alta temperatura.<\/p>\n<p><strong><b>\u00a0<\/b><\/strong><\/p>\n<h2>Ventajas del grafito vibrado<\/h2>\n<p>El aspecto del grafito vibrado es variado, com\u00fan bloque, placa y as\u00ed sucesivamente. Las ventajas son evidentes.<\/p>\n<p><strong><b>G<\/b><\/strong><strong><b>uena estabilidad t\u00e9rmica<\/b><\/strong><\/p>\n<p>Puede mantener estables sus propiedades f\u00edsicas y qu\u00edmicas en una amplia gama de temperaturas (como -150\u00b0C a 500\u00b0C). Tiene un bajo coeficiente de expansi\u00f3n t\u00e9rmica. Esto evita eficazmente la deformaci\u00f3n estructural y el deterioro del rendimiento causados por los cambios de temperatura.<\/p>\n<p>&nbsp;<\/p>\n<p><strong><b>E<\/b><\/strong><strong><b>xcelentes propiedades mec\u00e1nicas<\/b><\/strong><\/p>\n<p>Tiene una gran resistencia y tenacidad, puede soportar cierto grado de impacto externo y presi\u00f3n mec\u00e1nica. Por tanto, no es f\u00e1cil que se agriete y da\u00f1e.<\/p>\n<p>&nbsp;<\/p>\n<p><strong><b>Gran estabilidad qu\u00edmica<\/b><\/strong><\/p>\n<p>Tiene buena tolerancia a la mayor\u00eda de \u00e1cidos, bases, sales y otros productos qu\u00edmicos. Y puede mantener la estabilidad a largo plazo en entornos qu\u00edmicos complejos.<\/p>\n<p>&nbsp;<\/p>\n<p><strong><b>S<\/b><\/strong><strong><b>tabla y conductividad el\u00e9ctrica fiable<\/b><\/strong><\/p>\n<p>En t\u00e9rminos de conductividad el\u00e9ctrica, el grafito vibrante muestra una conductividad el\u00e9ctrica estable y fiable. Puede satisfacer las necesidades conductivas de una gran variedad de aplicaciones electr\u00f3nicas y el\u00e9ctricas.<\/p>\n<p>&nbsp;<\/p>\n<p>Adem\u00e1s, su exclusivo proceso de tratamiento por vibraci\u00f3n hace que su estructura interna sea uniforme y que su rendimiento sea constante durante el uso. Esto garantiza un control preciso y un funcionamiento estable en la producci\u00f3n industrial.<\/p>\n<p><strong><b>\u00a0<\/b><\/strong><\/p>\n<h2>Tipos de grafito vibrado<\/h2>\n<p><strong><b>Por materias primas:<\/b><\/strong><\/p>\n<p><strong><b>Base de grafito natural<\/b><\/strong><\/p>\n<p>Procesado con grafito natural, con caracter\u00edsticas de lubricaci\u00f3n y estructura en capas. Tiene funcionamiento estable, bajo costo, utilizado para los cepillos ordinarios del motor y as\u00ed sucesivamente.<\/p>\n<p>&nbsp;<\/p>\n<p><strong><b>Base de grafito artificial<\/b><\/strong><\/p>\n<p>Est\u00e1 fabricado con materias primas sint\u00e9ticas, la pureza y el rendimiento pueden controlarse. Se puede utilizar en \u00e1reas con requisitos de alto rendimiento, como el disipador de calor de chips electr\u00f3nicos.<\/p>\n<p>&nbsp;<\/p>\n<p><strong><b>Por rendimiento:<\/b><\/strong><\/p>\n<p><strong><b>Alta conductividad t\u00e9rmica<\/b><\/strong><strong><b>\u00a0<\/b><\/strong><strong><b>grafito vibrado<\/b><\/strong><\/p>\n<p>Puede optimizar el proceso para mejorar la conductividad t\u00e9rmica. Y puede utilizarlo en escenarios de gesti\u00f3n t\u00e9rmica, como m\u00f3dulos de disipaci\u00f3n de calor de CPU de ordenador.<\/p>\n<p>&nbsp;<\/p>\n<p><strong><b>Gran resistencia al desgaste<\/b><\/strong><strong><b>\u00a0<\/b><\/strong><strong><b>grafito vibrado<\/b><\/strong><\/p>\n<p>Mediante aditivos para mejorar la resistencia al desgaste, es adecuado para los segmentos de pist\u00f3n de motores de automoci\u00f3n y otras piezas de f\u00e1cil desgaste.<\/p>\n<p>&nbsp;<\/p>\n<p>Adem\u00e1s, tambi\u00e9n puede elegir grafito vibrado sinterizado, grafito vibrado impregnado, grafito vibrado compuesto u otros tipos de productos de grafito vibrado. Para satisfacer los requisitos especiales de las diferentes condiciones de trabajo de las caracter\u00edsticas de vibraci\u00f3n del material, resistencia mec\u00e1nica, estabilidad qu\u00edmica y otros aspectos.<\/p>\n<p><strong><b>\u00a0<\/b><\/strong><\/p>\n<h2>Usos del grafito vibrado<\/h2>\n<p><strong><b>Fabricaci\u00f3n Electrodo de grafito<\/b><\/strong><\/p>\n<p>Puede utilizar grafito vibrado <a href=\"https:\/\/jinsuncarbon.com\/es_es\/producto\/electrodo-de-grafito-de-400-mm\/\">electrodo<\/a> en la industria de fundici\u00f3n en horno de arco el\u00e9ctrico. Su buena conductividad y conducci\u00f3n estable de la corriente contribuyen a reducir las p\u00e9rdidas de energ\u00eda, mejorar la eficiencia de la producci\u00f3n y reducir los costes.<\/p>\n<p>&nbsp;<\/p>\n<p><strong><b>Hacer Crisol de Costas<\/b><\/strong><\/p>\n<p>Puede utilizar ampliamente el grafito <a href=\"https:\/\/jinsuncarbon.com\/es_es\/producto\/crisol-de-grafito-de-alta-pureza\/\">crisol<\/a> en la fundici\u00f3n de metales. Tiene alta resistencia a la temperatura, fuerte estabilidad qu\u00edmica, alta resistencia mec\u00e1nica, larga vida \u00fatil. Puede garantizar la pureza y calidad del metal, mejorar la continuidad de la producci\u00f3n.<\/p>\n<p>&nbsp;<\/p>\n<p><strong><b>Bater\u00eda de litio<\/b><\/strong><\/p>\n<p>Como material de electrodo negativo o aditivo, su microestructura favorece la actividad de los iones de litio. Puede mejorar la eficiencia de carga y descarga y la vida \u00fatil del ciclo, reducir <a href=\"https:\/\/en.wikipedia.org\/wiki\/Lithium-ion_battery\" target=\"_blank\" rel=\"noopener\">bater\u00eda<\/a> resistencia interna, mejorar el rendimiento energ\u00e9tico. Y promover el desarrollo de la energ\u00eda limpia.<\/p>\n<p>&nbsp;<\/p>\n<p><strong><b>Elemento calefactor del horno<\/b><\/strong><\/p>\n<p>En la calefacci\u00f3n industrial <a href=\"https:\/\/en.wikipedia.org\/wiki\/Furnace_(central_heating)\" target=\"_blank\" rel=\"noopener\">horno<\/a>, puede calentarse r\u00e1pidamente y una buena igualaci\u00f3n de la temperatura, resistencia a altas temperaturas. Y garantizar la calidad del producto, reducir los costos de mantenimiento de equipos, mejorar la eficiencia de la producci\u00f3n y la tasa de aprobaci\u00f3n.<\/p>\n<p>&nbsp;<\/p>\n<p><strong><b>Horno para silicio policristalino monocristalino<\/b><\/strong><\/p>\n<p>Puede utilizarse para fabricar componentes clave en el horno. Su alta pureza puede evitar que las impurezas afecten al crecimiento del cristal de silicio. Su rendimiento estable a alta temperatura y su campo t\u00e9rmico ayudan al crecimiento de los cristales y mejoran el rendimiento el\u00e9ctrico.<\/p>\n<p>&nbsp;<\/p>\n<p><strong><b>Forro<\/b><\/strong><\/p>\n<p>Puede resistir altas temperaturas, erosi\u00f3n qu\u00edmica y choque t\u00e9rmico en hornos de alta temperatura, buen aislamiento t\u00e9rmico. Y mejorar la eficiencia de utilizaci\u00f3n de energ\u00eda, prolongar la vida \u00fatil.<\/p>","protected":false},"excerpt":{"rendered":"<p>El grafito vibrado es un tipo de material de grafito preparado mediante un proceso especial de tratamiento por vibraci\u00f3n. Se basa en materias primas de grafito de alta calidad y se procesa en condiciones de vibraci\u00f3n espec\u00edficas. Esto hace que su estructura interna sea m\u00e1s regular y ordenada, por lo que tiene unas ventajas de rendimiento \u00fanicas.<\/p>","protected":false},"featured_media":7074,"template":"","meta":[],"product_brand":[],"product_cat":[67],"product_tag":[],"class_list":{"0":"post-7072","1":"product","2":"type-product","3":"status-publish","4":"has-post-thumbnail","6":"product_cat-graphite-material","8":"first","9":"instock","10":"shipping-taxable","11":"product-type-simple"},"yoast_head":"<!-- This site is optimized with the Yoast SEO Premium plugin v19.2.1 (Yoast SEO v25.3) - https:\/\/yoast.com\/wordpress\/plugins\/seo\/ -->\n<title>Vibrated Graphite - Graphite Material | Jinsun Carbon<\/title>\n<meta name=\"robots\" content=\"index, follow, max-snippet:-1, max-image-preview:large, max-video-preview:-1\" \/>\n<link rel=\"canonical\" href=\"https:\/\/jinsuncarbon.com\/es_es\/producto\/grafito-vibrado\/\" \/>\n<meta property=\"og:locale\" content=\"es_ES\" \/>\n<meta property=\"og:type\" content=\"article\" \/>\n<meta property=\"og:title\" content=\"Vibrated Graphite\" \/>\n<meta property=\"og:description\" content=\"vibrated graphite is a kind of graphite material prepared by special vibration treatment process. It is based on high-quality graphite raw materials and processed under specific vibration conditions. This makes its internal structure more regular and orderly, thus having unique performance advantages.\" \/>\n<meta property=\"og:url\" content=\"https:\/\/jinsuncarbon.com\/es_es\/producto\/grafito-vibrado\/\" \/>\n<meta property=\"og:site_name\" content=\"Jinsun Carbon\" \/>\n<meta property=\"article:publisher\" content=\"https:\/\/www.facebook.com\/Graphite-Electrode-109336238661595\" \/>\n<meta property=\"article:modified_time\" content=\"2024-12-20T03:09:41+00:00\" \/>\n<meta property=\"og:image\" content=\"https:\/\/jinsuncarbon.com\/wp-content\/uploads\/2024\/12\/vibrated-graphite-1.jpg\" \/>\n\t<meta property=\"og:image:width\" content=\"1024\" \/>\n\t<meta property=\"og:image:height\" content=\"763\" \/>\n\t<meta property=\"og:image:type\" content=\"image\/jpeg\" \/>\n<meta name=\"twitter:card\" content=\"summary_large_image\" \/>\n<meta name=\"twitter:site\" content=\"@jinsuncarbon_\" \/>\n<meta name=\"twitter:label1\" content=\"Tiempo de lectura\" \/>\n\t<meta name=\"twitter:data1\" content=\"3 minutos\" \/>\n<script type=\"application\/ld+json\" class=\"yoast-schema-graph\">{\"@context\":\"https:\/\/schema.org\",\"@graph\":[{\"@type\":\"WebPage\",\"@id\":\"https:\/\/jinsuncarbon.com\/product\/vibrated-graphite\/\",\"url\":\"https:\/\/jinsuncarbon.com\/product\/vibrated-graphite\/\",\"name\":\"Vibrated Graphite - Graphite Material | Jinsun Carbon\",\"isPartOf\":{\"@id\":\"https:\/\/jinsuncarbon.com\/#website\"},\"primaryImageOfPage\":{\"@id\":\"https:\/\/jinsuncarbon.com\/product\/vibrated-graphite\/#primaryimage\"},\"image\":{\"@id\":\"https:\/\/jinsuncarbon.com\/product\/vibrated-graphite\/#primaryimage\"},\"thumbnailUrl\":\"https:\/\/jinsuncarbon.com\/wp-content\/uploads\/2024\/12\/vibrated-graphite-1.jpg\",\"datePublished\":\"2024-12-20T03:09:39+00:00\",\"dateModified\":\"2024-12-20T03:09:41+00:00\",\"breadcrumb\":{\"@id\":\"https:\/\/jinsuncarbon.com\/product\/vibrated-graphite\/#breadcrumb\"},\"inLanguage\":\"es\",\"potentialAction\":[{\"@type\":\"ReadAction\",\"target\":[\"https:\/\/jinsuncarbon.com\/product\/vibrated-graphite\/\"]}]},{\"@type\":\"ImageObject\",\"inLanguage\":\"es\",\"@id\":\"https:\/\/jinsuncarbon.com\/product\/vibrated-graphite\/#primaryimage\",\"url\":\"https:\/\/jinsuncarbon.com\/wp-content\/uploads\/2024\/12\/vibrated-graphite-1.jpg\",\"contentUrl\":\"https:\/\/jinsuncarbon.com\/wp-content\/uploads\/2024\/12\/vibrated-graphite-1.jpg\",\"width\":1024,\"height\":763,\"caption\":\"vibrated graphite\"},{\"@type\":\"BreadcrumbList\",\"@id\":\"https:\/\/jinsuncarbon.com\/product\/vibrated-graphite\/#breadcrumb\",\"itemListElement\":[{\"@type\":\"ListItem\",\"position\":1,\"name\":\"Home\",\"item\":\"https:\/\/jinsuncarbon.com\/\"},{\"@type\":\"ListItem\",\"position\":2,\"name\":\"Products\",\"item\":\"https:\/\/jinsuncarbon.com\/graphite-carbon\/\"},{\"@type\":\"ListItem\",\"position\":3,\"name\":\"Vibrated Graphite\"}]},{\"@type\":\"WebSite\",\"@id\":\"https:\/\/jinsuncarbon.com\/#website\",\"url\":\"https:\/\/jinsuncarbon.com\/\",\"name\":\"Jinsun Carbon\",\"description\":\"We are the successful graphite electrode manufacturer in China\",\"publisher\":{\"@id\":\"https:\/\/jinsuncarbon.com\/#organization\"},\"potentialAction\":[{\"@type\":\"SearchAction\",\"target\":{\"@type\":\"EntryPoint\",\"urlTemplate\":\"https:\/\/jinsuncarbon.com\/?s={search_term_string}\"},\"query-input\":{\"@type\":\"PropertyValueSpecification\",\"valueRequired\":true,\"valueName\":\"search_term_string\"}}],\"inLanguage\":\"es\"},{\"@type\":\"Organization\",\"@id\":\"https:\/\/jinsuncarbon.com\/#organization\",\"name\":\"Jinsun Carbon\",\"alternateName\":\"Jinsun Carbon\",\"url\":\"https:\/\/jinsuncarbon.com\/\",\"logo\":{\"@type\":\"ImageObject\",\"inLanguage\":\"es\",\"@id\":\"https:\/\/jinsuncarbon.com\/#\/schema\/logo\/image\/\",\"url\":\"https:\/\/jinsuncarbon.com\/wp-content\/uploads\/2022\/12\/LOGO-1.png\",\"contentUrl\":\"https:\/\/jinsuncarbon.com\/wp-content\/uploads\/2022\/12\/LOGO-1.png\",\"width\":207,\"height\":80,\"caption\":\"Jinsun Carbon\"},\"image\":{\"@id\":\"https:\/\/jinsuncarbon.com\/#\/schema\/logo\/image\/\"},\"sameAs\":[\"https:\/\/www.facebook.com\/Graphite-Electrode-109336238661595\",\"https:\/\/x.com\/jinsuncarbon_\",\"https:\/\/www.linkedin.com\/in\/jinsungraphite\",\"https:\/\/www.youtube.com\/channel\/UCysDNyvyR5-3cCWEmpkVC0g\"]}]}<\/script>\n<!-- \/ Yoast SEO Premium plugin. -->","yoast_head_json":{"title":"Grafito vibrado - Material de grafito | Jinsun Carbon","robots":{"index":"index","follow":"follow","max-snippet":"max-snippet:-1","max-image-preview":"max-image-preview:large","max-video-preview":"max-video-preview:-1"},"canonical":"https:\/\/jinsuncarbon.com\/es_es\/producto\/grafito-vibrado\/","og_locale":"es_ES","og_type":"article","og_title":"Vibrated Graphite","og_description":"vibrated graphite is a kind of graphite material prepared by special vibration treatment process. It is based on high-quality graphite raw materials and processed under specific vibration conditions. This makes its internal structure more regular and orderly, thus having unique performance advantages.","og_url":"https:\/\/jinsuncarbon.com\/es_es\/producto\/grafito-vibrado\/","og_site_name":"Jinsun Carbon","article_publisher":"https:\/\/www.facebook.com\/Graphite-Electrode-109336238661595","article_modified_time":"2024-12-20T03:09:41+00:00","og_image":[{"width":1024,"height":763,"url":"https:\/\/jinsuncarbon.com\/wp-content\/uploads\/2024\/12\/vibrated-graphite-1.jpg","type":"image\/jpeg"}],"twitter_card":"summary_large_image","twitter_site":"@jinsuncarbon_","twitter_misc":{"Tiempo de lectura":"3 minutos"},"schema":{"@context":"https:\/\/schema.org","@graph":[{"@type":"WebPage","@id":"https:\/\/jinsuncarbon.com\/product\/vibrated-graphite\/","url":"https:\/\/jinsuncarbon.com\/product\/vibrated-graphite\/","name":"Grafito vibrado - Material de grafito | Jinsun Carbon","isPartOf":{"@id":"https:\/\/jinsuncarbon.com\/#website"},"primaryImageOfPage":{"@id":"https:\/\/jinsuncarbon.com\/product\/vibrated-graphite\/#primaryimage"},"image":{"@id":"https:\/\/jinsuncarbon.com\/product\/vibrated-graphite\/#primaryimage"},"thumbnailUrl":"https:\/\/jinsuncarbon.com\/wp-content\/uploads\/2024\/12\/vibrated-graphite-1.jpg","datePublished":"2024-12-20T03:09:39+00:00","dateModified":"2024-12-20T03:09:41+00:00","breadcrumb":{"@id":"https:\/\/jinsuncarbon.com\/product\/vibrated-graphite\/#breadcrumb"},"inLanguage":"es","potentialAction":[{"@type":"ReadAction","target":["https:\/\/jinsuncarbon.com\/product\/vibrated-graphite\/"]}]},{"@type":"ImageObject","inLanguage":"es","@id":"https:\/\/jinsuncarbon.com\/product\/vibrated-graphite\/#primaryimage","url":"https:\/\/jinsuncarbon.com\/wp-content\/uploads\/2024\/12\/vibrated-graphite-1.jpg","contentUrl":"https:\/\/jinsuncarbon.com\/wp-content\/uploads\/2024\/12\/vibrated-graphite-1.jpg","width":1024,"height":763,"caption":"vibrated graphite"},{"@type":"BreadcrumbList","@id":"https:\/\/jinsuncarbon.com\/product\/vibrated-graphite\/#breadcrumb","itemListElement":[{"@type":"ListItem","position":1,"name":"Home","item":"https:\/\/jinsuncarbon.com\/"},{"@type":"ListItem","position":2,"name":"Products","item":"https:\/\/jinsuncarbon.com\/graphite-carbon\/"},{"@type":"ListItem","position":3,"name":"Vibrated Graphite"}]},{"@type":"WebSite","@id":"https:\/\/jinsuncarbon.com\/#website","url":"https:\/\/jinsuncarbon.com\/","name":"Jinsun Carbon","description":"Somos el fabricante de electrodos de grafito con m\u00e1s \u00e9xito de China","publisher":{"@id":"https:\/\/jinsuncarbon.com\/#organization"},"potentialAction":[{"@type":"SearchAction","target":{"@type":"EntryPoint","urlTemplate":"https:\/\/jinsuncarbon.com\/?s={search_term_string}"},"query-input":{"@type":"PropertyValueSpecification","valueRequired":true,"valueName":"search_term_string"}}],"inLanguage":"es"},{"@type":"Organization","@id":"https:\/\/jinsuncarbon.com\/#organization","name":"Jinsun Carbon","alternateName":"Jinsun Carbon","url":"https:\/\/jinsuncarbon.com\/","logo":{"@type":"ImageObject","inLanguage":"es","@id":"https:\/\/jinsuncarbon.com\/#\/schema\/logo\/image\/","url":"https:\/\/jinsuncarbon.com\/wp-content\/uploads\/2022\/12\/LOGO-1.png","contentUrl":"https:\/\/jinsuncarbon.com\/wp-content\/uploads\/2022\/12\/LOGO-1.png","width":207,"height":80,"caption":"Jinsun Carbon"},"image":{"@id":"https:\/\/jinsuncarbon.com\/#\/schema\/logo\/image\/"},"sameAs":["https:\/\/www.facebook.com\/Graphite-Electrode-109336238661595","https:\/\/x.com\/jinsuncarbon_","https:\/\/www.linkedin.com\/in\/jinsungraphite","https:\/\/www.youtube.com\/channel\/UCysDNyvyR5-3cCWEmpkVC0g"]}]}},"_links":{"self":[{"href":"https:\/\/jinsuncarbon.com\/es_es\/wp-json\/wp\/v2\/product\/7072","targetHints":{"allow":["GET"]}}],"collection":[{"href":"https:\/\/jinsuncarbon.com\/es_es\/wp-json\/wp\/v2\/product"}],"about":[{"href":"https:\/\/jinsuncarbon.com\/es_es\/wp-json\/wp\/v2\/types\/product"}],"wp:featuredmedia":[{"embeddable":true,"href":"https:\/\/jinsuncarbon.com\/es_es\/wp-json\/wp\/v2\/media\/7074"}],"wp:attachment":[{"href":"https:\/\/jinsuncarbon.com\/es_es\/wp-json\/wp\/v2\/media?parent=7072"}],"wp:term":[{"taxonomy":"product_brand","embeddable":true,"href":"https:\/\/jinsuncarbon.com\/es_es\/wp-json\/wp\/v2\/product_brand?post=7072"},{"taxonomy":"product_cat","embeddable":true,"href":"https:\/\/jinsuncarbon.com\/es_es\/wp-json\/wp\/v2\/product_cat?post=7072"},{"taxonomy":"product_tag","embeddable":true,"href":"https:\/\/jinsuncarbon.com\/es_es\/wp-json\/wp\/v2\/product_tag?post=7072"}],"curies":[{"name":"wp","href":"https:\/\/api.w.org\/{rel}","templated":true}]}}