{"id":7066,"date":"2024-12-19T14:38:28","date_gmt":"2024-12-19T14:38:28","guid":{"rendered":"https:\/\/jinsuncarbon.com\/?post_type=product&#038;p=7066"},"modified":"2024-12-19T15:17:21","modified_gmt":"2024-12-19T15:17:21","slug":"grafito-expandido-en-polvo","status":"publish","type":"product","link":"https:\/\/jinsuncarbon.com\/es_es\/producto\/grafito-expandido-en-polvo\/","title":{"rendered":"Polvo de grafito expandido"},"content":{"rendered":"<p class=\"ql-align-justify\">Los productos de polvo de grafito expandido tienen varias formas, y las m\u00e1s comunes son el polvo o los bloques formados despu\u00e9s del procesamiento. De acuerdo con sus necesidades reales de aplicaci\u00f3n y proceso, lo procesamos posteriormente. Por ejemplo, para darle una forma espec\u00edfica de m\u00f3dulo de transferencia de calor o material de relleno. Para satisfacer diferentes requisitos funcionales y de tama\u00f1o.<\/p>\n<h2 class=\"ql-align-justify\">Ventajas del polvo de grafito expandido<\/h2>\n<p class=\"ql-align-justify\">El polvo de grafito expandido tiene muchas propiedades excelentes.<\/p>\n<p class=\"ql-align-justify\"><strong>Gran estabilidad qu\u00edmica<\/strong><\/p>\n<p class=\"ql-align-justify\">Es resistente a sustancias corrosivas como \u00e1cidos y \u00e1lcalis fuertes.<\/p>\n<p class=\"ql-align-justify\"><strong>Buena resistencia a altas temperaturas<\/strong><\/p>\n<p class=\"ql-align-justify\">Puede mantener estable <a href=\"https:\/\/jinsuncarbon.com\/es_es\/estructura-del-grafito\/\">estructura<\/a> en entornos de alta temperatura. Su estructura porosa le da una fuerte capacidad de adsorci\u00f3n, puede adsorber una variedad de sustancias.<\/p>\n<p class=\"ql-align-justify\"><strong>Buena flexibilidad y resistencia a la compresi\u00f3n<\/strong><\/p>\n<p class=\"ql-align-justify\">Puede deformarse y volver a su estado original bajo cierta presi\u00f3n. Al mismo tiempo, su conductividad el\u00e9ctrica tambi\u00e9n es relativamente excelente. Y tiene cierto potencial de aplicaci\u00f3n en el campo de la conducci\u00f3n de electricidad.<\/p>\n<p class=\"ql-align-justify\">Si desea conocer en profundidad la conductividad t\u00e9rmica, las caracter\u00edsticas de adsorci\u00f3n y otros par\u00e1metros t\u00e9cnicos y detalles de aplicaci\u00f3n del polvo de grafito expandido, le proporcionaremos orientaci\u00f3n t\u00e9cnica detallada y una amplia referencia de casos de aplicaci\u00f3n.<\/p>\n<h2>Especificaciones del polvo de grafito expandido<\/h2>\n<table>\n<tbody>\n<tr>\n<td width=\"131\"><strong><b>Clasificaci\u00f3n de las prestaciones<\/b><\/strong><\/td>\n<td width=\"152\"><strong><b>P<\/b><\/strong><strong><b>Par\u00e1metros de rendimiento<\/b><\/strong><\/td>\n<td width=\"142\"><strong><b>S<\/b><\/strong><strong><b>datos espec\u00edficos<\/b><\/strong><\/td>\n<\/tr>\n<tr>\n<td rowspan=\"6\" width=\"131\">Propiedades f\u00edsicas<\/td>\n<td width=\"152\">Densidad de embalaje<\/td>\n<td width=\"142\">0,002-0,015 g\/cm<sup>3<\/sup><\/td>\n<\/tr>\n<tr>\n<td width=\"152\">Densidad real<\/td>\n<td width=\"142\">2-2,25 g\/cm<sup>3<\/sup><\/td>\n<\/tr>\n<tr>\n<td width=\"152\">Granulometr\u00eda - Polvo fino<\/td>\n<td width=\"142\">&lt;100\u03bcm<\/td>\n<\/tr>\n<tr>\n<td width=\"152\">Granulometr\u00eda - Polvo medio<\/td>\n<td width=\"142\">100-500\u03bcm<\/td>\n<\/tr>\n<tr>\n<td width=\"152\">Granulometr\u00eda - Polvo grueso<\/td>\n<td width=\"142\">&gt;500\u03bcm<\/td>\n<\/tr>\n<tr>\n<td width=\"152\">Factor de dilataci\u00f3n<\/td>\n<td width=\"142\">100-300 veces<\/td>\n<\/tr>\n<tr>\n<td rowspan=\"3\" width=\"131\">Propiedades qu\u00edmicas<\/td>\n<td width=\"152\">Contenido en carbono<\/td>\n<td width=\"142\">M\u00e1s de 90%-99%<\/td>\n<\/tr>\n<tr>\n<td width=\"152\">Contenido en cenizas<\/td>\n<td width=\"142\">Sobre 1% a 10%<\/td>\n<\/tr>\n<tr>\n<td width=\"152\">Conductividad el\u00e9ctrica<\/td>\n<td width=\"142\">10<sup>2<\/sup>-10<sup>4<\/sup>S\/m<\/td>\n<\/tr>\n<tr>\n<td width=\"131\">Propiedades t\u00e9rmicas<\/td>\n<td width=\"152\">Conductividad t\u00e9rmica<\/td>\n<td width=\"142\">0,1-0,5 W\/(m.k)<\/td>\n<\/tr>\n<\/tbody>\n<\/table>\n<h2 class=\"ql-align-justify\">Usos del polvo de grafito expandido<\/h2>\n<p class=\"ql-align-justify\"><strong>En el \u00e1mbito de la protecci\u00f3n del medio ambiente<\/strong><\/p>\n<p class=\"ql-align-justify\">Puede utilizarse como adsorbente para tratar iones de metales pesados y contaminantes org\u00e1nicos en aguas residuales industriales y gases residuales. Y puede purificar eficazmente el medio ambiente gracias a su alto rendimiento de adsorci\u00f3n.<\/p>\n<p class=\"ql-align-justify\"><strong>En el \u00e1mbito de la prevenci\u00f3n de incendios<\/strong><\/p>\n<p class=\"ql-align-justify\">Se puede a\u00f1adir al retardante del fuego <a href=\"https:\/\/en.wikipedia.org\/wiki\/Coating\" target=\"_blank\" rel=\"noopener\">revestimientos<\/a> y placas ign\u00edfugas. Y utilizar sus caracter\u00edsticas de resistencia a altas temperaturas y aislamiento de ox\u00edgeno poroso para mejorar el rendimiento ign\u00edfugo del material.<\/p>\n<p class=\"ql-align-justify\"><strong>En la industria petroqu\u00edmica<\/strong><\/p>\n<p class=\"ql-align-justify\">Puede utilizarse como material de sellado. Gracias a su buena flexibilidad y resistencia a la corrosi\u00f3n, puede sellar eficazmente tuber\u00edas, v\u00e1lvulas y otras juntas, para evitar fugas de medios.<\/p>\n<p class=\"ql-align-justify\"><strong>En la industria electr\u00f3nica<\/strong><\/p>\n<p class=\"ql-align-justify\">Puede aplicar su conductividad a la preparaci\u00f3n de caucho conductor, pl\u00e1sticos conductores y otros materiales. Puede mejorar las propiedades conductoras de los materiales.<\/p>\n<p class=\"ql-align-justify\"><strong>En el \u00e1mbito de la energ\u00eda<\/strong><\/p>\n<p class=\"ql-align-justify\">Puede utilizarlo como aditivo al negativo <a href=\"https:\/\/jinsuncarbon.com\/es_es\/producto\/electrodo-de-grafito-pirolitico\/\">electrodo<\/a> de la bater\u00eda para mejorar el rendimiento de carga y descarga y la vida \u00fatil de la bater\u00eda. <a href=\"https:\/\/en.wikipedia.org\/wiki\/Electric_battery\" target=\"_blank\" rel=\"noopener\">bater\u00eda<\/a>. Y contribuir\u00e1 a mejorar la eficiencia del almacenamiento y la conversi\u00f3n de energ\u00eda.<\/p>\n<p>Adem\u00e1s, tambi\u00e9n puede elegir productos de polvo de grafito expandido obtenidos mediante distintos procesos de preparaci\u00f3n seg\u00fan el entorno de uso espec\u00edfico y las expectativas de rendimiento. Como el polvo de grafito expandido tras un tratamiento de expansi\u00f3n a alta temperatura, modificaci\u00f3n de la superficie, compuesto con otros materiales. U otros derivados del polvo de grafito expandido con propiedades especiales. Para aprovechar al m\u00e1ximo sus ventajas \u00fanicas en disipaci\u00f3n de calor, adsorci\u00f3n, sellado, retardante de llama y otros campos. Proporcionar soluciones de materiales personalizadas para sus proyectos o productos.<\/p>","protected":false},"excerpt":{"rendered":"<p>El polvo de grafito expandido es un material suelto y poroso en forma de gusano fabricado a partir de grafito natural en escamas mediante un procesamiento especial. Tambi\u00e9n se denomina polvo de grafito flexible o polvo de grafito natural expandido. Cuando el polvo de grafito expandido se calienta, su volumen puede expandirse hasta 300 veces su volumen original. Tiene propiedades f\u00edsicas y qu\u00edmicas \u00fanicas. Por eso tiene una amplia gama de aplicaciones en muchos campos, es un material industrial multifuncional.<\/p>","protected":false},"featured_media":7067,"template":"","meta":[],"product_brand":[],"product_cat":[40],"product_tag":[],"class_list":{"0":"post-7066","1":"product","2":"type-product","3":"status-publish","4":"has-post-thumbnail","6":"product_cat-petroleum-coke","8":"first","9":"instock","10":"shipping-taxable","11":"product-type-simple"},"yoast_head":"<!-- This site is optimized with the Yoast SEO Premium plugin v19.2.1 (Yoast SEO v25.3) - https:\/\/yoast.com\/wordpress\/plugins\/seo\/ -->\n<title>Expanded Graphite Powder Manufacturer in China | Jinsun Carbon<\/title>\n<meta name=\"description\" content=\"Expanded graphite powder supplier in China, High electrical and thermal conductivity expanded natural graphite powder at best price.\" \/>\n<meta name=\"robots\" content=\"index, follow, max-snippet:-1, max-image-preview:large, max-video-preview:-1\" \/>\n<link rel=\"canonical\" href=\"https:\/\/jinsuncarbon.com\/es_es\/producto\/grafito-expandido-en-polvo\/\" \/>\n<meta property=\"og:locale\" content=\"es_ES\" \/>\n<meta property=\"og:type\" content=\"article\" \/>\n<meta property=\"og:title\" content=\"Expanded Graphite Powder\" \/>\n<meta property=\"og:description\" content=\"Expanded graphite powder supplier in China, High electrical and thermal conductivity expanded natural graphite powder at best price.\" \/>\n<meta property=\"og:url\" content=\"https:\/\/jinsuncarbon.com\/es_es\/producto\/grafito-expandido-en-polvo\/\" \/>\n<meta property=\"og:site_name\" content=\"Jinsun Carbon\" \/>\n<meta property=\"article:publisher\" content=\"https:\/\/www.facebook.com\/Graphite-Electrode-109336238661595\" \/>\n<meta property=\"article:modified_time\" content=\"2024-12-19T15:17:21+00:00\" \/>\n<meta property=\"og:image\" content=\"https:\/\/jinsuncarbon.com\/wp-content\/uploads\/2024\/12\/Expanded-graphite-powder.jpg\" \/>\n\t<meta property=\"og:image:width\" content=\"1024\" \/>\n\t<meta property=\"og:image:height\" content=\"763\" \/>\n\t<meta property=\"og:image:type\" content=\"image\/jpeg\" \/>\n<meta name=\"twitter:card\" content=\"summary_large_image\" \/>\n<meta name=\"twitter:site\" content=\"@jinsuncarbon_\" \/>\n<meta name=\"twitter:label1\" content=\"Tiempo de lectura\" \/>\n\t<meta name=\"twitter:data1\" content=\"3 minutos\" \/>\n<script type=\"application\/ld+json\" class=\"yoast-schema-graph\">{\"@context\":\"https:\/\/schema.org\",\"@graph\":[{\"@type\":\"WebPage\",\"@id\":\"https:\/\/jinsuncarbon.com\/product\/expanded-graphite-powder\/\",\"url\":\"https:\/\/jinsuncarbon.com\/product\/expanded-graphite-powder\/\",\"name\":\"Expanded Graphite Powder Manufacturer in China | Jinsun Carbon\",\"isPartOf\":{\"@id\":\"https:\/\/jinsuncarbon.com\/#website\"},\"primaryImageOfPage\":{\"@id\":\"https:\/\/jinsuncarbon.com\/product\/expanded-graphite-powder\/#primaryimage\"},\"image\":{\"@id\":\"https:\/\/jinsuncarbon.com\/product\/expanded-graphite-powder\/#primaryimage\"},\"thumbnailUrl\":\"https:\/\/jinsuncarbon.com\/wp-content\/uploads\/2024\/12\/Expanded-graphite-powder.jpg\",\"datePublished\":\"2024-12-19T14:38:28+00:00\",\"dateModified\":\"2024-12-19T15:17:21+00:00\",\"description\":\"Expanded graphite powder supplier in China, High electrical and thermal conductivity expanded natural graphite powder at best price.\",\"breadcrumb\":{\"@id\":\"https:\/\/jinsuncarbon.com\/product\/expanded-graphite-powder\/#breadcrumb\"},\"inLanguage\":\"es\",\"potentialAction\":[{\"@type\":\"ReadAction\",\"target\":[\"https:\/\/jinsuncarbon.com\/product\/expanded-graphite-powder\/\"]}]},{\"@type\":\"ImageObject\",\"inLanguage\":\"es\",\"@id\":\"https:\/\/jinsuncarbon.com\/product\/expanded-graphite-powder\/#primaryimage\",\"url\":\"https:\/\/jinsuncarbon.com\/wp-content\/uploads\/2024\/12\/Expanded-graphite-powder.jpg\",\"contentUrl\":\"https:\/\/jinsuncarbon.com\/wp-content\/uploads\/2024\/12\/Expanded-graphite-powder.jpg\",\"width\":1024,\"height\":763,\"caption\":\"Expanded graphite powder\"},{\"@type\":\"BreadcrumbList\",\"@id\":\"https:\/\/jinsuncarbon.com\/product\/expanded-graphite-powder\/#breadcrumb\",\"itemListElement\":[{\"@type\":\"ListItem\",\"position\":1,\"name\":\"Home\",\"item\":\"https:\/\/jinsuncarbon.com\/\"},{\"@type\":\"ListItem\",\"position\":2,\"name\":\"Products\",\"item\":\"https:\/\/jinsuncarbon.com\/graphite-carbon\/\"},{\"@type\":\"ListItem\",\"position\":3,\"name\":\"Expanded Graphite Powder\"}]},{\"@type\":\"WebSite\",\"@id\":\"https:\/\/jinsuncarbon.com\/#website\",\"url\":\"https:\/\/jinsuncarbon.com\/\",\"name\":\"Jinsun Carbon\",\"description\":\"We are the successful graphite electrode manufacturer in China\",\"publisher\":{\"@id\":\"https:\/\/jinsuncarbon.com\/#organization\"},\"potentialAction\":[{\"@type\":\"SearchAction\",\"target\":{\"@type\":\"EntryPoint\",\"urlTemplate\":\"https:\/\/jinsuncarbon.com\/?s={search_term_string}\"},\"query-input\":{\"@type\":\"PropertyValueSpecification\",\"valueRequired\":true,\"valueName\":\"search_term_string\"}}],\"inLanguage\":\"es\"},{\"@type\":\"Organization\",\"@id\":\"https:\/\/jinsuncarbon.com\/#organization\",\"name\":\"Jinsun Carbon\",\"alternateName\":\"Jinsun Carbon\",\"url\":\"https:\/\/jinsuncarbon.com\/\",\"logo\":{\"@type\":\"ImageObject\",\"inLanguage\":\"es\",\"@id\":\"https:\/\/jinsuncarbon.com\/#\/schema\/logo\/image\/\",\"url\":\"https:\/\/jinsuncarbon.com\/wp-content\/uploads\/2022\/12\/LOGO-1.png\",\"contentUrl\":\"https:\/\/jinsuncarbon.com\/wp-content\/uploads\/2022\/12\/LOGO-1.png\",\"width\":207,\"height\":80,\"caption\":\"Jinsun Carbon\"},\"image\":{\"@id\":\"https:\/\/jinsuncarbon.com\/#\/schema\/logo\/image\/\"},\"sameAs\":[\"https:\/\/www.facebook.com\/Graphite-Electrode-109336238661595\",\"https:\/\/x.com\/jinsuncarbon_\",\"https:\/\/www.linkedin.com\/in\/jinsungraphite\",\"https:\/\/www.youtube.com\/channel\/UCysDNyvyR5-3cCWEmpkVC0g\"]}]}<\/script>\n<!-- \/ Yoast SEO Premium plugin. -->","yoast_head_json":{"title":"Fabricante de polvo de grafito expandido en China | Jinsun Carbon","description":"Proveedor de polvo de grafito expandido en China, polvo de grafito natural expandido de alta conductividad el\u00e9ctrica y t\u00e9rmica al mejor precio.","robots":{"index":"index","follow":"follow","max-snippet":"max-snippet:-1","max-image-preview":"max-image-preview:large","max-video-preview":"max-video-preview:-1"},"canonical":"https:\/\/jinsuncarbon.com\/es_es\/producto\/grafito-expandido-en-polvo\/","og_locale":"es_ES","og_type":"article","og_title":"Expanded Graphite Powder","og_description":"Expanded graphite powder supplier in China, High electrical and thermal conductivity expanded natural graphite powder at best price.","og_url":"https:\/\/jinsuncarbon.com\/es_es\/producto\/grafito-expandido-en-polvo\/","og_site_name":"Jinsun Carbon","article_publisher":"https:\/\/www.facebook.com\/Graphite-Electrode-109336238661595","article_modified_time":"2024-12-19T15:17:21+00:00","og_image":[{"width":1024,"height":763,"url":"https:\/\/jinsuncarbon.com\/wp-content\/uploads\/2024\/12\/Expanded-graphite-powder.jpg","type":"image\/jpeg"}],"twitter_card":"summary_large_image","twitter_site":"@jinsuncarbon_","twitter_misc":{"Tiempo de lectura":"3 minutos"},"schema":{"@context":"https:\/\/schema.org","@graph":[{"@type":"WebPage","@id":"https:\/\/jinsuncarbon.com\/product\/expanded-graphite-powder\/","url":"https:\/\/jinsuncarbon.com\/product\/expanded-graphite-powder\/","name":"Fabricante de polvo de grafito expandido en China | Jinsun Carbon","isPartOf":{"@id":"https:\/\/jinsuncarbon.com\/#website"},"primaryImageOfPage":{"@id":"https:\/\/jinsuncarbon.com\/product\/expanded-graphite-powder\/#primaryimage"},"image":{"@id":"https:\/\/jinsuncarbon.com\/product\/expanded-graphite-powder\/#primaryimage"},"thumbnailUrl":"https:\/\/jinsuncarbon.com\/wp-content\/uploads\/2024\/12\/Expanded-graphite-powder.jpg","datePublished":"2024-12-19T14:38:28+00:00","dateModified":"2024-12-19T15:17:21+00:00","description":"Proveedor de polvo de grafito expandido en China, polvo de grafito natural expandido de alta conductividad el\u00e9ctrica y t\u00e9rmica al mejor precio.","breadcrumb":{"@id":"https:\/\/jinsuncarbon.com\/product\/expanded-graphite-powder\/#breadcrumb"},"inLanguage":"es","potentialAction":[{"@type":"ReadAction","target":["https:\/\/jinsuncarbon.com\/product\/expanded-graphite-powder\/"]}]},{"@type":"ImageObject","inLanguage":"es","@id":"https:\/\/jinsuncarbon.com\/product\/expanded-graphite-powder\/#primaryimage","url":"https:\/\/jinsuncarbon.com\/wp-content\/uploads\/2024\/12\/Expanded-graphite-powder.jpg","contentUrl":"https:\/\/jinsuncarbon.com\/wp-content\/uploads\/2024\/12\/Expanded-graphite-powder.jpg","width":1024,"height":763,"caption":"Expanded graphite powder"},{"@type":"BreadcrumbList","@id":"https:\/\/jinsuncarbon.com\/product\/expanded-graphite-powder\/#breadcrumb","itemListElement":[{"@type":"ListItem","position":1,"name":"Home","item":"https:\/\/jinsuncarbon.com\/"},{"@type":"ListItem","position":2,"name":"Products","item":"https:\/\/jinsuncarbon.com\/graphite-carbon\/"},{"@type":"ListItem","position":3,"name":"Expanded Graphite Powder"}]},{"@type":"WebSite","@id":"https:\/\/jinsuncarbon.com\/#website","url":"https:\/\/jinsuncarbon.com\/","name":"Jinsun Carbon","description":"Somos el fabricante de electrodos de grafito con m\u00e1s \u00e9xito de China","publisher":{"@id":"https:\/\/jinsuncarbon.com\/#organization"},"potentialAction":[{"@type":"SearchAction","target":{"@type":"EntryPoint","urlTemplate":"https:\/\/jinsuncarbon.com\/?s={search_term_string}"},"query-input":{"@type":"PropertyValueSpecification","valueRequired":true,"valueName":"search_term_string"}}],"inLanguage":"es"},{"@type":"Organization","@id":"https:\/\/jinsuncarbon.com\/#organization","name":"Jinsun Carbon","alternateName":"Jinsun Carbon","url":"https:\/\/jinsuncarbon.com\/","logo":{"@type":"ImageObject","inLanguage":"es","@id":"https:\/\/jinsuncarbon.com\/#\/schema\/logo\/image\/","url":"https:\/\/jinsuncarbon.com\/wp-content\/uploads\/2022\/12\/LOGO-1.png","contentUrl":"https:\/\/jinsuncarbon.com\/wp-content\/uploads\/2022\/12\/LOGO-1.png","width":207,"height":80,"caption":"Jinsun Carbon"},"image":{"@id":"https:\/\/jinsuncarbon.com\/#\/schema\/logo\/image\/"},"sameAs":["https:\/\/www.facebook.com\/Graphite-Electrode-109336238661595","https:\/\/x.com\/jinsuncarbon_","https:\/\/www.linkedin.com\/in\/jinsungraphite","https:\/\/www.youtube.com\/channel\/UCysDNyvyR5-3cCWEmpkVC0g"]}]}},"_links":{"self":[{"href":"https:\/\/jinsuncarbon.com\/es_es\/wp-json\/wp\/v2\/product\/7066","targetHints":{"allow":["GET"]}}],"collection":[{"href":"https:\/\/jinsuncarbon.com\/es_es\/wp-json\/wp\/v2\/product"}],"about":[{"href":"https:\/\/jinsuncarbon.com\/es_es\/wp-json\/wp\/v2\/types\/product"}],"wp:featuredmedia":[{"embeddable":true,"href":"https:\/\/jinsuncarbon.com\/es_es\/wp-json\/wp\/v2\/media\/7067"}],"wp:attachment":[{"href":"https:\/\/jinsuncarbon.com\/es_es\/wp-json\/wp\/v2\/media?parent=7066"}],"wp:term":[{"taxonomy":"product_brand","embeddable":true,"href":"https:\/\/jinsuncarbon.com\/es_es\/wp-json\/wp\/v2\/product_brand?post=7066"},{"taxonomy":"product_cat","embeddable":true,"href":"https:\/\/jinsuncarbon.com\/es_es\/wp-json\/wp\/v2\/product_cat?post=7066"},{"taxonomy":"product_tag","embeddable":true,"href":"https:\/\/jinsuncarbon.com\/es_es\/wp-json\/wp\/v2\/product_tag?post=7066"}],"curies":[{"name":"wp","href":"https:\/\/api.w.org\/{rel}","templated":true}]}}