{"id":7035,"date":"2024-12-16T10:41:11","date_gmt":"2024-12-16T10:41:11","guid":{"rendered":"https:\/\/jinsuncarbon.com\/?post_type=product&#038;p=7035"},"modified":"2024-12-16T10:41:12","modified_gmt":"2024-12-16T10:41:12","slug":"barra-de-grafito-de-alta-densidad","status":"publish","type":"product","link":"https:\/\/jinsuncarbon.com\/es_es\/producto\/barra-de-grafito-de-alta-densidad\/","title":{"rendered":"Varilla de grafito de alta densidad"},"content":{"rendered":"<h2>Ventajas de la barra de grafito de alta densidad<\/h2>\n<p><strong><b>Alta conductividad<\/b><\/strong><\/p>\n<p>Puede transferir corriente de forma eficiente, reducir eficazmente la p\u00e9rdida de energ\u00eda en los equipos el\u00e9ctricos. Garantizar la estabilidad y la eficiencia de la transmisi\u00f3n de energ\u00eda.<\/p>\n<p><strong><b>\u00a0<\/b><\/strong><\/p>\n<p><strong><b>Buena conductividad t\u00e9rmica<\/b><\/strong><\/p>\n<p>Esto le permite conducir r\u00e1pidamente el calor y disiparlo a tiempo en entornos de alta temperatura. Evita da\u00f1os materiales por sobrecalentamiento y garantiza el funcionamiento seguro de los equipos.<\/p>\n<p>&nbsp;<\/p>\n<p><strong><b>Gran estabilidad qu\u00edmica<\/b><\/strong><\/p>\n<p>Resistente a la erosi\u00f3n por \u00e1cidos, \u00e1lcalis y otros medios corrosivos, puede utilizarse en entornos qu\u00edmicos agresivos durante mucho tiempo sin reacci\u00f3n qu\u00edmica. Garantiza su vida \u00fatil y la estabilidad de su rendimiento.<\/p>\n<p>&nbsp;<\/p>\n<p><strong><b>Alta resistencia mec\u00e1nica<\/b><\/strong><\/p>\n<p>Con una fuerte resistencia a la compresi\u00f3n y la flexi\u00f3n, no es f\u00e1cil que se rompa o deforme cuando se somete a grandes fuerzas externas. Puede satisfacer algunos escenarios de aplicaci\u00f3n con altos requisitos de resistencia estructural.<\/p>\n<p>&nbsp;<\/p>\n<p><strong><b>Buena autolubricaci\u00f3n y bajo coeficiente de fricci\u00f3n<\/b><\/strong><\/p>\n<p>Puede reducir la fricci\u00f3n y el desgaste en las piezas m\u00f3viles relativas, reducir el coste de mantenimiento y la resistencia de funcionamiento del equipo. Y mejorar el rendimiento general y la vida \u00fatil del equipo.<\/p>\n<p><strong><b>\u00a0<\/b><\/strong><\/p>\n<h2>Tipos de barras de grafito de alta densidad<\/h2>\n<h3>Varilla de grafito extruido<\/h3>\n<p>Mediante el proceso de moldeo por extrusi\u00f3n, la materia prima de grafito se extruye en forma de varilla a trav\u00e9s de un molde espec\u00edfico. El <a href=\"https:\/\/jinsuncarbon.com\/es_es\/producto\/barra-de-grafito-2\/\">barra de grafito<\/a> producido por este proceso tiene mayor densidad y mejor rendimiento axial. Es adecuado para ocasiones que necesitan soportar una gran presi\u00f3n o tensi\u00f3n axial. Como los electrodos de algunas celdas electrol\u00edticas de gran tama\u00f1o, los elementos calefactores de hornos industriales, etc.<\/p>\n<p>&nbsp;<\/p>\n<h3>Varilla de grafito moldeada<\/h3>\n<p>El uso de moldeo por prensado de moldes, sus productos tienen alta precisi\u00f3n dimensional, buena calidad superficial, la isotrop\u00eda es m\u00e1s prominente. Puede satisfacer algunas aplicaciones con alta precisi\u00f3n dimensional y requisitos de consistencia de rendimiento f\u00edsico, tales como instrumentos de precisi\u00f3n. <a href=\"https:\/\/jinsuncarbon.com\/es_es\/producto\/electrodo-de-varilla-de-grafito\/\">electrodos<\/a>Piezas resistentes al desgaste de los cierres mec\u00e1nicos de alta gama, etc.<\/p>\n<p>&nbsp;<\/p>\n<p>&nbsp;<\/p>\n<h2>Usos de las barras de grafito de alta densidad<\/h2>\n<p><strong><b>Industria metal\u00fargica del hierro y el acero<\/b><\/strong><\/p>\n<p>En la fabricaci\u00f3n de acero en horno de arco el\u00e9ctrico, se pueden utilizar barras de grafito de alta densidad como electrodos. Puede soportar alta corriente y alta temperatura, producir chatarra de arco, elevar la eficiencia y la calidad del acero fundido. Y agitar y calentar el acero fundido en el refinado fuera del <a href=\"https:\/\/en.wikipedia.org\/wiki\/Electric_arc_furnace\" target=\"_blank\" rel=\"noopener\">horno<\/a>, homogeneizar la composici\u00f3n y la temperatura, y mejorar la calidad del acero.<\/p>\n<p>&nbsp;<\/p>\n<p><strong><b>En el campo de los semiconductores electr\u00f3nicos<\/b><\/strong><\/p>\n<p><a href=\"https:\/\/en.wikipedia.org\/wiki\/Monocrystalline_silicon\" target=\"_blank\" rel=\"noopener\">Silicio monocristalino<\/a> fabricaci\u00f3n con sus piezas de calefacci\u00f3n y de apoyo. Su control de temperatura, estabilidad qu\u00edmica, es estable a alta temperatura para mantener la calidad del cristal. Puede utilizar el accesorio de electrodo en el grabado litogr\u00e1fico de chips para satisfacer los requisitos de conductividad el\u00e9ctrica, conductividad t\u00e9rmica y estabilidad para el mecanizado de alta precisi\u00f3n. Y ayudar a la producci\u00f3n de chips de alta calidad.<\/p>\n<p>&nbsp;<\/p>\n<p><strong><b>Industria del mecanizado<\/b><\/strong><\/p>\n<p>Como un sello mec\u00e1nico, por auto-lubricaci\u00f3n y resistencia al desgaste para evitar la fuga de los medios de v\u00e1lvula de la bomba, el sellado confidencial y un funcionamiento estable. Hace que la manga del cojinete en equipos rotativos de alta velocidad, reducir la fricci\u00f3n, el consumo de energ\u00eda y el ruido. Y prolongar la vida \u00fatil, mejorar la precisi\u00f3n y la eficiencia.<\/p>\n<p>&nbsp;<\/p>\n<p><strong><b>Industria qu\u00edmica<\/b><\/strong><\/p>\n<p>Como pieza de calentamiento en el reactor, la transferencia de calor es r\u00e1pida y la reacci\u00f3n se promueve de manera uniforme.  Fuerte resistencia a \u00e1cidos y \u00e1lcalis, garantiza un trabajo estable a largo plazo, aumenta la seguridad y la fiabilidad. Tambi\u00e9n se puede utilizar para el aislamiento de soporte de tuber\u00edas qu\u00edmicas para evitar da\u00f1os por corrosi\u00f3n y garantizar el funcionamiento normal del sistema.<\/p>","protected":false},"excerpt":{"rendered":"<p>La varilla de grafito de alta densidad es un tipo de material similar a la varilla fabricado a partir de materia prima de grafito de alta calidad mediante un proceso especial. Tiene caracter\u00edsticas de alta densidad. Su estructura interna es compacta y la disposici\u00f3n de los cristales de grafito es regular.<\/p>\n<p>&nbsp;<\/p>\n<p>Las barras de grafito de alta densidad son principalmente piezas perfiladas en forma de cilindros o cubos. Dependiendo de su escenario de aplicaci\u00f3n real, pueden mecanizarse al tama\u00f1o que necesite.<\/p>\n<p>&nbsp;<\/p>","protected":false},"featured_media":7036,"template":"","meta":[],"product_brand":[],"product_cat":[38],"product_tag":[],"class_list":{"0":"post-7035","1":"product","2":"type-product","3":"status-publish","4":"has-post-thumbnail","6":"product_cat-graphite-products","8":"first","9":"instock","10":"shipping-taxable","11":"product-type-simple"},"yoast_head":"<!-- This site is optimized with the Yoast SEO Premium plugin v19.2.1 (Yoast SEO v25.3) - https:\/\/yoast.com\/wordpress\/plugins\/seo\/ -->\n<title>High Density Graphite Rod | Jinsun Carbon<\/title>\n<meta name=\"robots\" content=\"index, follow, max-snippet:-1, max-image-preview:large, max-video-preview:-1\" \/>\n<link rel=\"canonical\" href=\"https:\/\/jinsuncarbon.com\/es_es\/producto\/barra-de-grafito-de-alta-densidad\/\" \/>\n<meta property=\"og:locale\" content=\"es_ES\" \/>\n<meta property=\"og:type\" content=\"article\" \/>\n<meta property=\"og:title\" content=\"High Density Graphite Rod\" \/>\n<meta property=\"og:description\" content=\"High-density graphite rod is a kind of rod-like material made from high quality graphite raw material by special process. It has the characteristics of high density. Its internal structure is tight, the graphite crystal arrangement is regular.  &nbsp;  High\u00a0density graphite rods are mainly shaped parts in the shape of cylinders or cuboids. Depending on your actual application scenario, they can be machined to the size you require.  &nbsp;\" \/>\n<meta property=\"og:url\" content=\"https:\/\/jinsuncarbon.com\/es_es\/producto\/barra-de-grafito-de-alta-densidad\/\" \/>\n<meta property=\"og:site_name\" content=\"Jinsun Carbon\" \/>\n<meta property=\"article:publisher\" content=\"https:\/\/www.facebook.com\/Graphite-Electrode-109336238661595\" \/>\n<meta property=\"article:modified_time\" content=\"2024-12-16T10:41:12+00:00\" \/>\n<meta property=\"og:image\" content=\"https:\/\/jinsuncarbon.com\/wp-content\/uploads\/2024\/12\/High-density-graphite-rod.jpg\" \/>\n\t<meta property=\"og:image:width\" content=\"1024\" \/>\n\t<meta property=\"og:image:height\" content=\"763\" \/>\n\t<meta property=\"og:image:type\" content=\"image\/jpeg\" \/>\n<meta name=\"twitter:card\" content=\"summary_large_image\" \/>\n<meta name=\"twitter:site\" content=\"@jinsuncarbon_\" \/>\n<meta name=\"twitter:label1\" content=\"Tiempo de lectura\" \/>\n\t<meta name=\"twitter:data1\" content=\"3 minutos\" \/>\n<script type=\"application\/ld+json\" class=\"yoast-schema-graph\">{\"@context\":\"https:\/\/schema.org\",\"@graph\":[{\"@type\":\"WebPage\",\"@id\":\"https:\/\/jinsuncarbon.com\/product\/high-density-graphite-rod\/\",\"url\":\"https:\/\/jinsuncarbon.com\/product\/high-density-graphite-rod\/\",\"name\":\"High Density Graphite Rod | Jinsun Carbon\",\"isPartOf\":{\"@id\":\"https:\/\/jinsuncarbon.com\/#website\"},\"primaryImageOfPage\":{\"@id\":\"https:\/\/jinsuncarbon.com\/product\/high-density-graphite-rod\/#primaryimage\"},\"image\":{\"@id\":\"https:\/\/jinsuncarbon.com\/product\/high-density-graphite-rod\/#primaryimage\"},\"thumbnailUrl\":\"https:\/\/jinsuncarbon.com\/wp-content\/uploads\/2024\/12\/High-density-graphite-rod.jpg\",\"datePublished\":\"2024-12-16T10:41:11+00:00\",\"dateModified\":\"2024-12-16T10:41:12+00:00\",\"breadcrumb\":{\"@id\":\"https:\/\/jinsuncarbon.com\/product\/high-density-graphite-rod\/#breadcrumb\"},\"inLanguage\":\"es\",\"potentialAction\":[{\"@type\":\"ReadAction\",\"target\":[\"https:\/\/jinsuncarbon.com\/product\/high-density-graphite-rod\/\"]}]},{\"@type\":\"ImageObject\",\"inLanguage\":\"es\",\"@id\":\"https:\/\/jinsuncarbon.com\/product\/high-density-graphite-rod\/#primaryimage\",\"url\":\"https:\/\/jinsuncarbon.com\/wp-content\/uploads\/2024\/12\/High-density-graphite-rod.jpg\",\"contentUrl\":\"https:\/\/jinsuncarbon.com\/wp-content\/uploads\/2024\/12\/High-density-graphite-rod.jpg\",\"width\":1024,\"height\":763,\"caption\":\"High density graphite rod\"},{\"@type\":\"BreadcrumbList\",\"@id\":\"https:\/\/jinsuncarbon.com\/product\/high-density-graphite-rod\/#breadcrumb\",\"itemListElement\":[{\"@type\":\"ListItem\",\"position\":1,\"name\":\"Home\",\"item\":\"https:\/\/jinsuncarbon.com\/\"},{\"@type\":\"ListItem\",\"position\":2,\"name\":\"Products\",\"item\":\"https:\/\/jinsuncarbon.com\/graphite-carbon\/\"},{\"@type\":\"ListItem\",\"position\":3,\"name\":\"High Density Graphite Rod\"}]},{\"@type\":\"WebSite\",\"@id\":\"https:\/\/jinsuncarbon.com\/#website\",\"url\":\"https:\/\/jinsuncarbon.com\/\",\"name\":\"Jinsun Carbon\",\"description\":\"We are the successful graphite electrode manufacturer in China\",\"publisher\":{\"@id\":\"https:\/\/jinsuncarbon.com\/#organization\"},\"potentialAction\":[{\"@type\":\"SearchAction\",\"target\":{\"@type\":\"EntryPoint\",\"urlTemplate\":\"https:\/\/jinsuncarbon.com\/?s={search_term_string}\"},\"query-input\":{\"@type\":\"PropertyValueSpecification\",\"valueRequired\":true,\"valueName\":\"search_term_string\"}}],\"inLanguage\":\"es\"},{\"@type\":\"Organization\",\"@id\":\"https:\/\/jinsuncarbon.com\/#organization\",\"name\":\"Jinsun Carbon\",\"alternateName\":\"Jinsun Carbon\",\"url\":\"https:\/\/jinsuncarbon.com\/\",\"logo\":{\"@type\":\"ImageObject\",\"inLanguage\":\"es\",\"@id\":\"https:\/\/jinsuncarbon.com\/#\/schema\/logo\/image\/\",\"url\":\"https:\/\/jinsuncarbon.com\/wp-content\/uploads\/2022\/12\/LOGO-1.png\",\"contentUrl\":\"https:\/\/jinsuncarbon.com\/wp-content\/uploads\/2022\/12\/LOGO-1.png\",\"width\":207,\"height\":80,\"caption\":\"Jinsun Carbon\"},\"image\":{\"@id\":\"https:\/\/jinsuncarbon.com\/#\/schema\/logo\/image\/\"},\"sameAs\":[\"https:\/\/www.facebook.com\/Graphite-Electrode-109336238661595\",\"https:\/\/x.com\/jinsuncarbon_\",\"https:\/\/www.linkedin.com\/in\/jinsungraphite\",\"https:\/\/www.youtube.com\/channel\/UCysDNyvyR5-3cCWEmpkVC0g\"]}]}<\/script>\n<!-- \/ Yoast SEO Premium plugin. -->","yoast_head_json":{"title":"Varilla de grafito de alta densidad | Jinsun Carbon","robots":{"index":"index","follow":"follow","max-snippet":"max-snippet:-1","max-image-preview":"max-image-preview:large","max-video-preview":"max-video-preview:-1"},"canonical":"https:\/\/jinsuncarbon.com\/es_es\/producto\/barra-de-grafito-de-alta-densidad\/","og_locale":"es_ES","og_type":"article","og_title":"High Density Graphite Rod","og_description":"High-density graphite rod is a kind of rod-like material made from high quality graphite raw material by special process. It has the characteristics of high density. Its internal structure is tight, the graphite crystal arrangement is regular.  &nbsp;  High\u00a0density graphite rods are mainly shaped parts in the shape of cylinders or cuboids. Depending on your actual application scenario, they can be machined to the size you require.  &nbsp;","og_url":"https:\/\/jinsuncarbon.com\/es_es\/producto\/barra-de-grafito-de-alta-densidad\/","og_site_name":"Jinsun Carbon","article_publisher":"https:\/\/www.facebook.com\/Graphite-Electrode-109336238661595","article_modified_time":"2024-12-16T10:41:12+00:00","og_image":[{"width":1024,"height":763,"url":"https:\/\/jinsuncarbon.com\/wp-content\/uploads\/2024\/12\/High-density-graphite-rod.jpg","type":"image\/jpeg"}],"twitter_card":"summary_large_image","twitter_site":"@jinsuncarbon_","twitter_misc":{"Tiempo de lectura":"3 minutos"},"schema":{"@context":"https:\/\/schema.org","@graph":[{"@type":"WebPage","@id":"https:\/\/jinsuncarbon.com\/product\/high-density-graphite-rod\/","url":"https:\/\/jinsuncarbon.com\/product\/high-density-graphite-rod\/","name":"Varilla de grafito de alta densidad | Jinsun Carbon","isPartOf":{"@id":"https:\/\/jinsuncarbon.com\/#website"},"primaryImageOfPage":{"@id":"https:\/\/jinsuncarbon.com\/product\/high-density-graphite-rod\/#primaryimage"},"image":{"@id":"https:\/\/jinsuncarbon.com\/product\/high-density-graphite-rod\/#primaryimage"},"thumbnailUrl":"https:\/\/jinsuncarbon.com\/wp-content\/uploads\/2024\/12\/High-density-graphite-rod.jpg","datePublished":"2024-12-16T10:41:11+00:00","dateModified":"2024-12-16T10:41:12+00:00","breadcrumb":{"@id":"https:\/\/jinsuncarbon.com\/product\/high-density-graphite-rod\/#breadcrumb"},"inLanguage":"es","potentialAction":[{"@type":"ReadAction","target":["https:\/\/jinsuncarbon.com\/product\/high-density-graphite-rod\/"]}]},{"@type":"ImageObject","inLanguage":"es","@id":"https:\/\/jinsuncarbon.com\/product\/high-density-graphite-rod\/#primaryimage","url":"https:\/\/jinsuncarbon.com\/wp-content\/uploads\/2024\/12\/High-density-graphite-rod.jpg","contentUrl":"https:\/\/jinsuncarbon.com\/wp-content\/uploads\/2024\/12\/High-density-graphite-rod.jpg","width":1024,"height":763,"caption":"High density graphite rod"},{"@type":"BreadcrumbList","@id":"https:\/\/jinsuncarbon.com\/product\/high-density-graphite-rod\/#breadcrumb","itemListElement":[{"@type":"ListItem","position":1,"name":"Home","item":"https:\/\/jinsuncarbon.com\/"},{"@type":"ListItem","position":2,"name":"Products","item":"https:\/\/jinsuncarbon.com\/graphite-carbon\/"},{"@type":"ListItem","position":3,"name":"High Density Graphite Rod"}]},{"@type":"WebSite","@id":"https:\/\/jinsuncarbon.com\/#website","url":"https:\/\/jinsuncarbon.com\/","name":"Jinsun Carbon","description":"Somos el fabricante de electrodos de grafito con m\u00e1s \u00e9xito de China","publisher":{"@id":"https:\/\/jinsuncarbon.com\/#organization"},"potentialAction":[{"@type":"SearchAction","target":{"@type":"EntryPoint","urlTemplate":"https:\/\/jinsuncarbon.com\/?s={search_term_string}"},"query-input":{"@type":"PropertyValueSpecification","valueRequired":true,"valueName":"search_term_string"}}],"inLanguage":"es"},{"@type":"Organization","@id":"https:\/\/jinsuncarbon.com\/#organization","name":"Jinsun Carbon","alternateName":"Jinsun Carbon","url":"https:\/\/jinsuncarbon.com\/","logo":{"@type":"ImageObject","inLanguage":"es","@id":"https:\/\/jinsuncarbon.com\/#\/schema\/logo\/image\/","url":"https:\/\/jinsuncarbon.com\/wp-content\/uploads\/2022\/12\/LOGO-1.png","contentUrl":"https:\/\/jinsuncarbon.com\/wp-content\/uploads\/2022\/12\/LOGO-1.png","width":207,"height":80,"caption":"Jinsun Carbon"},"image":{"@id":"https:\/\/jinsuncarbon.com\/#\/schema\/logo\/image\/"},"sameAs":["https:\/\/www.facebook.com\/Graphite-Electrode-109336238661595","https:\/\/x.com\/jinsuncarbon_","https:\/\/www.linkedin.com\/in\/jinsungraphite","https:\/\/www.youtube.com\/channel\/UCysDNyvyR5-3cCWEmpkVC0g"]}]}},"_links":{"self":[{"href":"https:\/\/jinsuncarbon.com\/es_es\/wp-json\/wp\/v2\/product\/7035","targetHints":{"allow":["GET"]}}],"collection":[{"href":"https:\/\/jinsuncarbon.com\/es_es\/wp-json\/wp\/v2\/product"}],"about":[{"href":"https:\/\/jinsuncarbon.com\/es_es\/wp-json\/wp\/v2\/types\/product"}],"wp:featuredmedia":[{"embeddable":true,"href":"https:\/\/jinsuncarbon.com\/es_es\/wp-json\/wp\/v2\/media\/7036"}],"wp:attachment":[{"href":"https:\/\/jinsuncarbon.com\/es_es\/wp-json\/wp\/v2\/media?parent=7035"}],"wp:term":[{"taxonomy":"product_brand","embeddable":true,"href":"https:\/\/jinsuncarbon.com\/es_es\/wp-json\/wp\/v2\/product_brand?post=7035"},{"taxonomy":"product_cat","embeddable":true,"href":"https:\/\/jinsuncarbon.com\/es_es\/wp-json\/wp\/v2\/product_cat?post=7035"},{"taxonomy":"product_tag","embeddable":true,"href":"https:\/\/jinsuncarbon.com\/es_es\/wp-json\/wp\/v2\/product_tag?post=7035"}],"curies":[{"name":"wp","href":"https:\/\/api.w.org\/{rel}","templated":true}]}}