{"id":6972,"date":"2024-12-09T11:35:45","date_gmt":"2024-12-09T11:35:45","guid":{"rendered":"https:\/\/jinsuncarbon.com\/?post_type=product&#038;p=6972"},"modified":"2024-12-09T14:40:59","modified_gmt":"2024-12-09T14:40:59","slug":"coque-de-fundicion","status":"publish","type":"product","link":"https:\/\/jinsuncarbon.com\/es_es\/producto\/coque-de-fundicion\/","title":{"rendered":"Coque de fundici\u00f3n"},"content":{"rendered":"<h2>\u00bfQu\u00e9 es la Coca-Cola de Fundici\u00f3n?<\/h2>\n<p>El coque de fundici\u00f3n se utiliza exclusivamente en la industria sider\u00fargica para fundir metales. Como componente esencial del proceso de fabricaci\u00f3n de metales, se elabora a partir de carb\u00f3n bituminoso y sirve tanto de agente reductor como de combustible de alta energ\u00eda. Mientras que el carb\u00f3n ordinario contiene muchas impurezas, el coque de fundici\u00f3n es muy adecuado para los procesos industriales a alta temperatura porque es carbono casi puro.<\/p>\n<h3><\/h3>\n<h2>Producci\u00f3n de coque de fundici\u00f3n<\/h2>\n<p>Trituraci\u00f3n: El carb\u00f3n se tritura para obtener polvo de carb\u00f3n, que luego se criba y se eliminan las impurezas.<br \/>\nGasificaci\u00f3n del carb\u00f3n: El polvo de carb\u00f3n procesado se coloca en un gasificador y se calienta para producir gas de carb\u00f3n.<br \/>\nCoquizaci\u00f3n: El gas de hulla se introduce en un horno de coque, donde los vol\u00e1tiles del gas de hulla se evaporan en un entorno cerrado de alta temperatura y presi\u00f3n para formar coque.<br \/>\nProcesamiento del coque: El coque se enfr\u00eda y se criba en diferentes grados y especificaciones.<\/p>\n<p>&nbsp;<\/p>\n<h2>Especificaci\u00f3n del coque de fundici\u00f3n<\/h2>\n<p>&nbsp;<\/p>\n<table>\n<tbody>\n<tr>\n<td width=\"106\">PUNTO<\/td>\n<td width=\"106\">A Grado<\/td>\n<td width=\"106\">Grado B<\/td>\n<\/tr>\n<tr>\n<td width=\"106\">Carbono fijo (% M\u00edn)<\/td>\n<td width=\"106\">90<\/td>\n<td width=\"106\">85<\/td>\n<\/tr>\n<tr>\n<td width=\"106\">Azufre (%Max)<\/td>\n<td width=\"106\">0.5<\/td>\n<td width=\"106\">0.75<\/td>\n<\/tr>\n<tr>\n<td width=\"106\">Mobiliario (%Max)<\/td>\n<td width=\"106\">5<\/td>\n<td width=\"106\">8<\/td>\n<\/tr>\n<tr>\n<td width=\"106\">Materia vol\u00e1til (%Max)<\/td>\n<td width=\"106\">1.5<\/td>\n<td width=\"106\">1.5<\/td>\n<\/tr>\n<tr>\n<td width=\"106\">N (%Max)<\/td>\n<td width=\"106\">0.03<\/td>\n<td width=\"106\">0.03<\/td>\n<\/tr>\n<tr>\n<td width=\"106\">Ceniza (%Max)<\/td>\n<td width=\"106\">8<\/td>\n<td width=\"106\">13<\/td>\n<\/tr>\n<tr>\n<td colspan=\"3\" width=\"319\">Tama\u00f1o: 30-80 mm, 60-90 mm, 80-120 mm, 90-150 mm, 150-300 mm, 200-400 mm 70-100 mm<\/td>\n<\/tr>\n<\/tbody>\n<\/table>\n<h3><\/h3>\n<h2>Usos del coque de fundici\u00f3n<\/h2>\n<h3>Fundici\u00f3n de hierro<\/h3>\n<p>El coque de fundici\u00f3n es vital para la fundici\u00f3n de hierro.\u00a0<span class=\"\" data-type=\"2\" data-index=\"5\" data-gid=\"0\">Tambi\u00e9n se utiliza en los hornos de cubilote que suelen encontrarse en las fundiciones que fabrican productos de hierro colado.<\/span>\u00a0<span class=\"\" data-type=\"2\" data-index=\"7\" data-gid=\"1\">El coque sirve para suministrar energ\u00eda t\u00e9rmica como combustible y gas reductor; ayuda a fundir el hierro y a mantener <a href=\"https:\/\/www.sciencedirect.com\/topics\/engineering\/casting-process#:~:text=Casting%20is%20a%20process%20in,the%20shape%20of%20the%20mold.\" target=\"_blank\" rel=\"noopener\">fundici\u00f3n<\/a> temperatura.<\/span><\/p>\n<h3>Producci\u00f3n de acero<\/h3>\n<p>El coque de fundici\u00f3n se utiliza a\u00fan menos en la producci\u00f3n de acero que el coque metal\u00fargico; sin embargo, puede ser adecuado para algunos procesos de fabricaci\u00f3n de acero, concretamente cuando es necesario calentar el hierro a altas temperaturas.<\/p>\n<h3>Trabajos de fundici\u00f3n<\/h3>\n<p>Las fundiciones utilizan el coque de fundici\u00f3n para fundir metales, sobre todo al moldear piezas para maquinaria, componentes de automoci\u00f3n e incluso esculturas. Su capacidad para alcanzar un calor extremo y mantener la combusti\u00f3n es fundamental para muchas operaciones industriales de fundici\u00f3n.<\/p>\n<h2>Ventajas de utilizar<\/h2>\n<p><strong>Alta eficacia<\/strong><\/p>\n<p>De hecho, es bastante eficiente porque tiene una baja humedad y una baja materia vol\u00e1til. De llama alta y energ\u00eda fiable, es un combustible garantizado para procesos industriales a alta temperatura.<\/p>\n<p><strong>Durabilidad<\/strong><\/p>\n<p>Este coque es m\u00e1s resistente y no se desgasta durante usos prolongados. Conserva su resistencia y estructura, incluso cuando se expone a un calor muy elevado, por lo que puede utilizarse en hornos durante largos periodos de tiempo sin estropearse.<\/p>\n<p><strong>Rentable<\/strong><\/p>\n<p>El coque de fundici\u00f3n es m\u00e1s barato a largo plazo, teniendo en cuenta su alta eficiencia y sus bajas necesidades de mantenimiento, a pesar de su elevado precio en comparaci\u00f3n con el carb\u00f3n normal. Tiene un alto contenido energ\u00e9tico, por lo que se necesita menos para producir lo mismo, lo que lo hace m\u00e1s eficiente y, por tanto, reduce el uso de combustible.<\/p>\n<h2>Coque de fundici\u00f3n frente a coque metal\u00fargico<\/h2>\n<p>En el mundo real, la elecci\u00f3n de combustible para uso industrial tiende a ser coque de fundici\u00f3n frente a coque metal\u00fargico. Los dos productos son similares, pero diferentes. El coque de fundici\u00f3n est\u00e1 dise\u00f1ado espec\u00edficamente para el mercado de la fundici\u00f3n de hierro. Es menos heterog\u00e9neo y tiene menos cenizas. Pero la siderurgia requiere <a href=\"https:\/\/jinsuncarbon.com\/es_es\/producto\/coque-metalurgico\/\">coque metal\u00fargico<\/a>que tiene requisitos de tama\u00f1o diferentes y es m\u00e1s fuerte. Ambos se utilizan para calentar, pero el coque de fundici\u00f3n se centra m\u00e1s en la uniformidad y las bajas impurezas necesarias para una fundici\u00f3n de calidad. Sin embargo, el <a href=\"https:\/\/jinsuncarbon.com\/es_es\/usos-del-carbono\/\">carbono<\/a> El contenido y la estructura son ligeramente diferentes en el coque metal\u00fargico para altos hornos.<\/p>\n<h2>Se vende coque de fundici\u00f3n<\/h2>\n<p><strong>Contenido de carbono<\/strong><\/p>\n<p>Busque coque con un alto contenido de carbono para su uso en fundici\u00f3n. M\u00e1s carbono = mejor producci\u00f3n de calor y potencia reductora del coque. Como regla general, querr\u00e1 un producto con al menos un 85% de contenido de carbono.<\/p>\n<p><strong>Tama\u00f1o y forma<\/strong><\/p>\n<p>El coque puede influir en el rendimiento debido a su tama\u00f1o y forma. Si el tama\u00f1o del coque es demasiado peque\u00f1o, se quemar\u00e1 demasiado r\u00e1pido, y si es demasiado grande, no proporcionar\u00e1 suficiente superficie para una combusti\u00f3n eficiente. Seleccione el coque adecuado para los requisitos de su <a href=\"https:\/\/en.wikipedia.org\/wiki\/Blast_furnace\" target=\"_blank\" rel=\"noopener\">horno<\/a>.<\/p>\n<p><strong>Contenido de ceniza<\/strong><\/p>\n<p>El coque de fundici\u00f3n suele preferir un menor contenido de cenizas. Demasiada ceniza puede contaminar el metal, lo que puede crear impurezas y defectos en el producto final. Utilice el coque menos ceniciento disponible.<\/p>\n<p><strong>Contenido de azufre<\/strong><\/p>\n<p>Dado que el azufre puede contaminar el metal fundido e influir en el grado de las piezas fundidas, elija coque de fundici\u00f3n con bajo nivel de azufre. Una calidad \u00fatil es 1% contenido m\u00e1ximo de azufre.<\/p>\n<p>&nbsp;<\/p>","protected":false},"excerpt":{"rendered":"<p>El coque de fundici\u00f3n es el coque utilizado para fundir hierro en hornos de cubilote como combustible principal. Su funci\u00f3n es fundir la carga y sobrecalentar el hierro fundido, sosteniendo la columna de carga para mantener una buena permeabilidad al aire. Caracter\u00edsticas del coque de fundici\u00f3n:<\/p>\n<ul>\n<li>gran tama\u00f1o de bloque<\/li>\n<li>baja reactividad<\/li>\n<li>baja porosidad<\/li>\n<li>suficiente resistencia al aplastamiento por impacto<\/li>\n<li>Bajo contenido en cenizas y azufre<\/li>\n<\/ul>","protected":false},"featured_media":6974,"template":"","meta":[],"product_brand":[],"product_cat":[40],"product_tag":[],"class_list":{"0":"post-6972","1":"product","2":"type-product","3":"status-publish","4":"has-post-thumbnail","6":"product_cat-petroleum-coke","8":"first","9":"instock","10":"shipping-taxable","11":"product-type-simple"},"yoast_head":"<!-- This site is optimized with the Yoast SEO Premium plugin v19.2.1 (Yoast SEO v25.3) - https:\/\/yoast.com\/wordpress\/plugins\/seo\/ -->\n<title>Foundry Coke Supplier in China | Jinsun Carbon<\/title>\n<meta name=\"description\" content=\"Foundry coke is used exclusively in the iron and steel industries to cast metals. High quality foundry coke for sale at best price.\" \/>\n<meta name=\"robots\" content=\"index, follow, max-snippet:-1, max-image-preview:large, max-video-preview:-1\" \/>\n<link rel=\"canonical\" href=\"https:\/\/jinsuncarbon.com\/es_es\/producto\/coque-de-fundicion\/\" \/>\n<meta property=\"og:locale\" content=\"es_ES\" \/>\n<meta property=\"og:type\" content=\"article\" \/>\n<meta property=\"og:title\" content=\"Foundry Coke\" \/>\n<meta property=\"og:description\" content=\"Foundry coke is used exclusively in the iron and steel industries to cast metals. High quality foundry coke for sale at best price.\" \/>\n<meta property=\"og:url\" content=\"https:\/\/jinsuncarbon.com\/es_es\/producto\/coque-de-fundicion\/\" \/>\n<meta property=\"og:site_name\" content=\"Jinsun Carbon\" \/>\n<meta property=\"article:publisher\" content=\"https:\/\/www.facebook.com\/Graphite-Electrode-109336238661595\" \/>\n<meta property=\"article:modified_time\" content=\"2024-12-09T14:40:59+00:00\" \/>\n<meta property=\"og:image\" content=\"https:\/\/jinsuncarbon.com\/wp-content\/uploads\/2024\/12\/Foundry-coke.jpg\" \/>\n\t<meta property=\"og:image:width\" content=\"1024\" \/>\n\t<meta property=\"og:image:height\" content=\"763\" \/>\n\t<meta property=\"og:image:type\" content=\"image\/jpeg\" \/>\n<meta name=\"twitter:card\" content=\"summary_large_image\" \/>\n<meta name=\"twitter:site\" content=\"@jinsuncarbon_\" \/>\n<meta name=\"twitter:label1\" content=\"Tiempo de lectura\" \/>\n\t<meta name=\"twitter:data1\" content=\"4 minutos\" \/>\n<script type=\"application\/ld+json\" class=\"yoast-schema-graph\">{\"@context\":\"https:\/\/schema.org\",\"@graph\":[{\"@type\":\"WebPage\",\"@id\":\"https:\/\/jinsuncarbon.com\/product\/foundry-coke\/\",\"url\":\"https:\/\/jinsuncarbon.com\/product\/foundry-coke\/\",\"name\":\"Foundry Coke Supplier in China | Jinsun Carbon\",\"isPartOf\":{\"@id\":\"https:\/\/jinsuncarbon.com\/#website\"},\"primaryImageOfPage\":{\"@id\":\"https:\/\/jinsuncarbon.com\/product\/foundry-coke\/#primaryimage\"},\"image\":{\"@id\":\"https:\/\/jinsuncarbon.com\/product\/foundry-coke\/#primaryimage\"},\"thumbnailUrl\":\"https:\/\/jinsuncarbon.com\/wp-content\/uploads\/2024\/12\/Foundry-coke.jpg\",\"datePublished\":\"2024-12-09T11:35:45+00:00\",\"dateModified\":\"2024-12-09T14:40:59+00:00\",\"description\":\"Foundry coke is used exclusively in the iron and steel industries to cast metals. High quality foundry coke for sale at best price.\",\"breadcrumb\":{\"@id\":\"https:\/\/jinsuncarbon.com\/product\/foundry-coke\/#breadcrumb\"},\"inLanguage\":\"es\",\"potentialAction\":[{\"@type\":\"ReadAction\",\"target\":[\"https:\/\/jinsuncarbon.com\/product\/foundry-coke\/\"]}]},{\"@type\":\"ImageObject\",\"inLanguage\":\"es\",\"@id\":\"https:\/\/jinsuncarbon.com\/product\/foundry-coke\/#primaryimage\",\"url\":\"https:\/\/jinsuncarbon.com\/wp-content\/uploads\/2024\/12\/Foundry-coke.jpg\",\"contentUrl\":\"https:\/\/jinsuncarbon.com\/wp-content\/uploads\/2024\/12\/Foundry-coke.jpg\",\"width\":1024,\"height\":763,\"caption\":\"Foundry coke\"},{\"@type\":\"BreadcrumbList\",\"@id\":\"https:\/\/jinsuncarbon.com\/product\/foundry-coke\/#breadcrumb\",\"itemListElement\":[{\"@type\":\"ListItem\",\"position\":1,\"name\":\"Home\",\"item\":\"https:\/\/jinsuncarbon.com\/\"},{\"@type\":\"ListItem\",\"position\":2,\"name\":\"Products\",\"item\":\"https:\/\/jinsuncarbon.com\/graphite-carbon\/\"},{\"@type\":\"ListItem\",\"position\":3,\"name\":\"Foundry Coke\"}]},{\"@type\":\"WebSite\",\"@id\":\"https:\/\/jinsuncarbon.com\/#website\",\"url\":\"https:\/\/jinsuncarbon.com\/\",\"name\":\"Jinsun Carbon\",\"description\":\"We are the successful graphite electrode manufacturer in China\",\"publisher\":{\"@id\":\"https:\/\/jinsuncarbon.com\/#organization\"},\"potentialAction\":[{\"@type\":\"SearchAction\",\"target\":{\"@type\":\"EntryPoint\",\"urlTemplate\":\"https:\/\/jinsuncarbon.com\/?s={search_term_string}\"},\"query-input\":{\"@type\":\"PropertyValueSpecification\",\"valueRequired\":true,\"valueName\":\"search_term_string\"}}],\"inLanguage\":\"es\"},{\"@type\":\"Organization\",\"@id\":\"https:\/\/jinsuncarbon.com\/#organization\",\"name\":\"Jinsun Carbon\",\"alternateName\":\"Jinsun Carbon\",\"url\":\"https:\/\/jinsuncarbon.com\/\",\"logo\":{\"@type\":\"ImageObject\",\"inLanguage\":\"es\",\"@id\":\"https:\/\/jinsuncarbon.com\/#\/schema\/logo\/image\/\",\"url\":\"https:\/\/jinsuncarbon.com\/wp-content\/uploads\/2022\/12\/LOGO-1.png\",\"contentUrl\":\"https:\/\/jinsuncarbon.com\/wp-content\/uploads\/2022\/12\/LOGO-1.png\",\"width\":207,\"height\":80,\"caption\":\"Jinsun Carbon\"},\"image\":{\"@id\":\"https:\/\/jinsuncarbon.com\/#\/schema\/logo\/image\/\"},\"sameAs\":[\"https:\/\/www.facebook.com\/Graphite-Electrode-109336238661595\",\"https:\/\/x.com\/jinsuncarbon_\",\"https:\/\/www.linkedin.com\/in\/jinsungraphite\",\"https:\/\/www.youtube.com\/channel\/UCysDNyvyR5-3cCWEmpkVC0g\"]}]}<\/script>\n<!-- \/ Yoast SEO Premium plugin. -->","yoast_head_json":{"title":"Proveedor de coque de fundici\u00f3n en China | Jinsun Carbon","description":"El coque de fundici\u00f3n se utiliza exclusivamente en la industria sider\u00fargica para fundir metales. Venta de coque de fundici\u00f3n de alta calidad al mejor precio.","robots":{"index":"index","follow":"follow","max-snippet":"max-snippet:-1","max-image-preview":"max-image-preview:large","max-video-preview":"max-video-preview:-1"},"canonical":"https:\/\/jinsuncarbon.com\/es_es\/producto\/coque-de-fundicion\/","og_locale":"es_ES","og_type":"article","og_title":"Foundry Coke","og_description":"Foundry coke is used exclusively in the iron and steel industries to cast metals. High quality foundry coke for sale at best price.","og_url":"https:\/\/jinsuncarbon.com\/es_es\/producto\/coque-de-fundicion\/","og_site_name":"Jinsun Carbon","article_publisher":"https:\/\/www.facebook.com\/Graphite-Electrode-109336238661595","article_modified_time":"2024-12-09T14:40:59+00:00","og_image":[{"width":1024,"height":763,"url":"https:\/\/jinsuncarbon.com\/wp-content\/uploads\/2024\/12\/Foundry-coke.jpg","type":"image\/jpeg"}],"twitter_card":"summary_large_image","twitter_site":"@jinsuncarbon_","twitter_misc":{"Tiempo de lectura":"4 minutos"},"schema":{"@context":"https:\/\/schema.org","@graph":[{"@type":"WebPage","@id":"https:\/\/jinsuncarbon.com\/product\/foundry-coke\/","url":"https:\/\/jinsuncarbon.com\/product\/foundry-coke\/","name":"Proveedor de coque de fundici\u00f3n en China | Jinsun Carbon","isPartOf":{"@id":"https:\/\/jinsuncarbon.com\/#website"},"primaryImageOfPage":{"@id":"https:\/\/jinsuncarbon.com\/product\/foundry-coke\/#primaryimage"},"image":{"@id":"https:\/\/jinsuncarbon.com\/product\/foundry-coke\/#primaryimage"},"thumbnailUrl":"https:\/\/jinsuncarbon.com\/wp-content\/uploads\/2024\/12\/Foundry-coke.jpg","datePublished":"2024-12-09T11:35:45+00:00","dateModified":"2024-12-09T14:40:59+00:00","description":"El coque de fundici\u00f3n se utiliza exclusivamente en la industria sider\u00fargica para fundir metales. Venta de coque de fundici\u00f3n de alta calidad al mejor precio.","breadcrumb":{"@id":"https:\/\/jinsuncarbon.com\/product\/foundry-coke\/#breadcrumb"},"inLanguage":"es","potentialAction":[{"@type":"ReadAction","target":["https:\/\/jinsuncarbon.com\/product\/foundry-coke\/"]}]},{"@type":"ImageObject","inLanguage":"es","@id":"https:\/\/jinsuncarbon.com\/product\/foundry-coke\/#primaryimage","url":"https:\/\/jinsuncarbon.com\/wp-content\/uploads\/2024\/12\/Foundry-coke.jpg","contentUrl":"https:\/\/jinsuncarbon.com\/wp-content\/uploads\/2024\/12\/Foundry-coke.jpg","width":1024,"height":763,"caption":"Foundry coke"},{"@type":"BreadcrumbList","@id":"https:\/\/jinsuncarbon.com\/product\/foundry-coke\/#breadcrumb","itemListElement":[{"@type":"ListItem","position":1,"name":"Home","item":"https:\/\/jinsuncarbon.com\/"},{"@type":"ListItem","position":2,"name":"Products","item":"https:\/\/jinsuncarbon.com\/graphite-carbon\/"},{"@type":"ListItem","position":3,"name":"Foundry Coke"}]},{"@type":"WebSite","@id":"https:\/\/jinsuncarbon.com\/#website","url":"https:\/\/jinsuncarbon.com\/","name":"Jinsun Carbon","description":"Somos el fabricante de electrodos de grafito con m\u00e1s \u00e9xito de China","publisher":{"@id":"https:\/\/jinsuncarbon.com\/#organization"},"potentialAction":[{"@type":"SearchAction","target":{"@type":"EntryPoint","urlTemplate":"https:\/\/jinsuncarbon.com\/?s={search_term_string}"},"query-input":{"@type":"PropertyValueSpecification","valueRequired":true,"valueName":"search_term_string"}}],"inLanguage":"es"},{"@type":"Organization","@id":"https:\/\/jinsuncarbon.com\/#organization","name":"Jinsun Carbon","alternateName":"Jinsun Carbon","url":"https:\/\/jinsuncarbon.com\/","logo":{"@type":"ImageObject","inLanguage":"es","@id":"https:\/\/jinsuncarbon.com\/#\/schema\/logo\/image\/","url":"https:\/\/jinsuncarbon.com\/wp-content\/uploads\/2022\/12\/LOGO-1.png","contentUrl":"https:\/\/jinsuncarbon.com\/wp-content\/uploads\/2022\/12\/LOGO-1.png","width":207,"height":80,"caption":"Jinsun Carbon"},"image":{"@id":"https:\/\/jinsuncarbon.com\/#\/schema\/logo\/image\/"},"sameAs":["https:\/\/www.facebook.com\/Graphite-Electrode-109336238661595","https:\/\/x.com\/jinsuncarbon_","https:\/\/www.linkedin.com\/in\/jinsungraphite","https:\/\/www.youtube.com\/channel\/UCysDNyvyR5-3cCWEmpkVC0g"]}]}},"_links":{"self":[{"href":"https:\/\/jinsuncarbon.com\/es_es\/wp-json\/wp\/v2\/product\/6972","targetHints":{"allow":["GET"]}}],"collection":[{"href":"https:\/\/jinsuncarbon.com\/es_es\/wp-json\/wp\/v2\/product"}],"about":[{"href":"https:\/\/jinsuncarbon.com\/es_es\/wp-json\/wp\/v2\/types\/product"}],"wp:featuredmedia":[{"embeddable":true,"href":"https:\/\/jinsuncarbon.com\/es_es\/wp-json\/wp\/v2\/media\/6974"}],"wp:attachment":[{"href":"https:\/\/jinsuncarbon.com\/es_es\/wp-json\/wp\/v2\/media?parent=6972"}],"wp:term":[{"taxonomy":"product_brand","embeddable":true,"href":"https:\/\/jinsuncarbon.com\/es_es\/wp-json\/wp\/v2\/product_brand?post=6972"},{"taxonomy":"product_cat","embeddable":true,"href":"https:\/\/jinsuncarbon.com\/es_es\/wp-json\/wp\/v2\/product_cat?post=6972"},{"taxonomy":"product_tag","embeddable":true,"href":"https:\/\/jinsuncarbon.com\/es_es\/wp-json\/wp\/v2\/product_tag?post=6972"}],"curies":[{"name":"wp","href":"https:\/\/api.w.org\/{rel}","templated":true}]}}