{"id":6887,"date":"2024-12-01T12:16:05","date_gmt":"2024-12-01T12:16:05","guid":{"rendered":"https:\/\/jinsuncarbon.com\/?post_type=product&#038;p=6887"},"modified":"2024-12-01T12:16:06","modified_gmt":"2024-12-01T12:16:06","slug":"contraelectrodo-de-grafito","status":"publish","type":"product","link":"https:\/\/jinsuncarbon.com\/es_es\/producto\/contraelectrodo-de-grafito\/","title":{"rendered":"Contraelectrodo de grafito"},"content":{"rendered":"<p>Nuestro contraelectrodo de grafito se fabrica con grafito importado de gran pureza. <a href=\"https:\/\/jinsuncarbon.com\/es_es\/que-es-el-grafito-y-de-que-esta-hecho\/\">grafito<\/a>f\u00e1cil de usar. Al mismo tiempo, el electrodo puede ser dise\u00f1ado de acuerdo a sus necesidades de experimentos electroqu\u00edmicos.<\/p>\n<h2>Caracter\u00edsticas principales del contraelectrodo de grafito<\/h2>\n<h3>Alta conductividad el\u00e9ctrica<\/h3>\n<p><span data-type=\"2\" data-index=\"5\" data-gid=\"2\">El grafito es un excelente conductor el\u00e9ctrico, adecuado como contraelectrodo.<\/span>\u00a0Permite que los electrones se muevan m\u00e1s f\u00e1cilmente a trav\u00e9s del electrodo durante las reacciones electroqu\u00edmicas. Esto se traduce bien en aplicaciones de almacenamiento de energ\u00eda en las que es imprescindible un rendimiento estable.<\/p>\n<h3>Resistencia a la corrosi\u00f3n<\/h3>\n<p>El grafito es muy resistente a la corrosi\u00f3n. Esto es especialmente importante en una c\u00e9lula electroqu\u00edmica cuando el contraelectrodo puede encontrarse con productos qu\u00edmicos agresivos o entornos dif\u00edciles. Su resistencia a la corrosi\u00f3n garantiza una larga vida \u00fatil (sin erosi\u00f3n del rendimiento con el paso del tiempo).<\/p>\n<h3>Durabilidad y estabilidad<\/h3>\n<p>Otra ventaja es la robustez estructural del material a altas temperaturas y cargas mec\u00e1nicas. Por el contrario, los contraelectrodos de grafito son extremadamente estables y pueden funcionar durante largos periodos de tiempo sin sufrir desgaste ni cambios. Su durabilidad los hace perfectos para aplicaciones a largo plazo.<\/p>\n<h3>Inercia qu\u00edmica<\/h3>\n<p>En la mayor\u00eda de los entornos electroqu\u00edmicos, el grafito es qu\u00edmicamente inerte, lo que le permite coexistir de forma segura con el electrolito y otros componentes del sistema. Esta caracter\u00edstica preserva la pureza de las reacciones electroqu\u00edmicas y evita reacciones secundarias extra\u00f1as que degradar\u00edan la eficacia del dispositivo.<\/p>\n<h3>Relaci\u00f3n coste-eficacia<\/h3>\n<p>El grafeno tambi\u00e9n es un material mucho m\u00e1s barato que el platino o el oro. Y, al ser menos caro que otras opciones, es una soluci\u00f3n m\u00e1s rentable para casos de uso en los que el presupuesto es una preocupaci\u00f3n.<\/p>\n<h3>F\u00e1cil de fabricar y moldear<\/h3>\n<p>Grafito elegido como l\u00e1piz, placas planas, varillas o <a href=\"https:\/\/jinsuncarbon.com\/es_es\/producto\/polvo-de-grafito-conductor\/\">polvo<\/a> y posee maleabilidad. Esta adaptabilidad permite ajustarlo a una diversidad de sistemas electroqu\u00edmicos. Y como son f\u00e1ciles de fabricar, los costes de producci\u00f3n siguen siendo bajos.<\/p>\n<h2>Usos de los contraelectrodos de grafito<\/h2>\n<p><strong>Pilas<\/strong><\/p>\n<p>Los contraelectrodos de grafito son componentes cruciales en las bater\u00edas, concretamente en las de iones de litio y de sodio, en las que participan en la reacci\u00f3n electroqu\u00edmica. Ayudan a mantener el equilibrio de electrones, lo que permite almacenar y liberar energ\u00eda de forma \u00f3ptima. Estos entornos exigentes requieren un material que funcione bien a altas temperaturas, y aqu\u00ed es donde entran en juego la conductividad y la estabilidad del grafito.<\/p>\n<p><strong>Pilas de combustible<\/strong><\/p>\n<p>Las pilas de combustible utilizan reacciones electroqu\u00edmicas para producir electricidad a partir de combustibles como el hidr\u00f3geno. Por \u00faltimo, el contraelectrodo de grafito act\u00faa como una v\u00eda por la que fluyen los electrones para completar un circuito. La primera cualidad es especialmente relevante en este caso porque las pilas de combustible suelen funcionar a alta temperatura y alta presi\u00f3n.<\/p>\n<p><strong>Sistemas de electr\u00f3lisis<\/strong><\/p>\n<p>Los sistemas de electr\u00f3lisis generan productos qu\u00edmicos o gases utilizando un contraelectrodo de grafito. En estos procesos, el contraelectrodo o electrodo auxiliar debe cerrar el circuito y transferir electrones del electrodo de trabajo al circuito externo. Esto permite mantener las reacciones electroqu\u00edmicas de forma eficiente, aceler\u00e1ndola y mejor\u00e1ndola. El grafito tambi\u00e9n es qu\u00edmicamente inerte, lo que ayuda a evitar reacciones secundarias durante la electr\u00f3lisis. Esto reduce la cantidad de energ\u00eda utilizada para fabricar productos qu\u00edmicos, gases y subproductos.<\/p>\n<p>La durabilidad y estabilidad del grafito a temperaturas m\u00e1s altas, as\u00ed como en condiciones extremas, alargan la vida \u00fatil de los <a href=\"https:\/\/www.britannica.com\/science\/electrolysis#:~:text=electrolysis%2C%20process%20by%20which%20electric,electron%20(oxidation%20or%20reduction).\" target=\"_blank\" rel=\"noopener\">electr\u00f3lisis<\/a> lo que la convierte en una opci\u00f3n fiable para las empresas electroqu\u00edmicas. Para mejorar la eficiencia de la electr\u00f3lisis (por ejemplo, minimizando el n\u00famero de generaci\u00f3n de pares electr\u00f3n-hueco en las soluciones de reacci\u00f3n), se complementan electrodos auxiliares (es decir, contraelectrodos de grafito) para mantener el flujo de electrones. Adem\u00e1s, el contraelectrodo de grafito tambi\u00e9n puede utilizarse en la <a href=\"https:\/\/en.wikipedia.org\/wiki\/Electroplating\" target=\"_blank\" rel=\"noopener\">galvanoplastia<\/a> proceso.<\/p>\n<p><strong>Sensores electroqu\u00edmicos<\/strong><\/p>\n<p>Los ECS de grafeno tienen diversas aplicaciones, entre ellas la fabricaci\u00f3n de sensores (por ejemplo, de glucosa o medioambientales). En estas aplicaciones, el contraelectrodo interact\u00faa con el electrodo de trabajo para identificar especies espec\u00edficas registradas mediante variaciones de corriente. Se trata de un material estable y rentable muy adecuado para la fabricaci\u00f3n en serie de nuestro dispositivo sensor.<\/p>\n<p>&nbsp;<\/p>","protected":false},"excerpt":{"rendered":"<p><span class=\"\" data-type=\"2\" data-index=\"1\" data-gid=\"0\">Un contraelectrodo de grafito est\u00e1 hecho de material de grafito con una excelente conductividad y se utiliza como electrodo auxiliar en experimentos electroqu\u00edmicos.<\/span>\u00a0Ayuda al electrodo de trabajo a mantener la estabilidad del circuito y garantiza que la soluci\u00f3n electrol\u00edtica no interfiera significativamente en la reacci\u00f3n qu\u00edmica durante el proceso de encendido.El electrodo de trabajo y el contraelectrodo cierran el circuito el\u00e9ctrico.\u00a0<span data-type=\"2\" data-index=\"3\" data-gid=\"1\">El contraelectrodo de grafito gu\u00eda los electrones, garantizando el funcionamiento del aparato.<\/span>\u00a0Soporta altas corrientes y tensiones en procesos electroqu\u00edmicos sin degradarse ni reaccionar con la qu\u00edmica celular.<\/p>","protected":false},"featured_media":6888,"template":"","meta":[],"product_brand":[],"product_cat":[38],"product_tag":[],"class_list":{"0":"post-6887","1":"product","2":"type-product","3":"status-publish","4":"has-post-thumbnail","6":"product_cat-graphite-products","8":"first","9":"instock","10":"shipping-taxable","11":"product-type-simple"},"yoast_head":"<!-- This site is optimized with the Yoast SEO Premium plugin v19.2.1 (Yoast SEO v25.3) - https:\/\/yoast.com\/wordpress\/plugins\/seo\/ -->\n<title>Graphite Counter Electrode Manufacturer | Jinsun Carbon<\/title>\n<meta name=\"robots\" content=\"index, follow, max-snippet:-1, max-image-preview:large, max-video-preview:-1\" \/>\n<link rel=\"canonical\" href=\"https:\/\/jinsuncarbon.com\/es_es\/producto\/contraelectrodo-de-grafito\/\" \/>\n<meta property=\"og:locale\" content=\"es_ES\" \/>\n<meta property=\"og:type\" content=\"article\" \/>\n<meta property=\"og:title\" content=\"Graphite Counter Electrode\" \/>\n<meta property=\"og:description\" content=\"A graphite counter electrode is made of graphite material with excellent conductivity and is used as an auxiliary electrode in electrochemical experiments.\u00a0It helps the working electrode maintain the stability of the circuit and ensures that the electrolyte solution does not significantly interfere with the chemical reaction during the power-on process.The working electrode and counter electrode close the electric circuit.\u00a0The graphite counter electrode guides the electrons, ensuring that the gadget works.\u00a0It withstands high currents and voltages in electrochemical processes without degrading or reacting with cell chemistry.\" \/>\n<meta property=\"og:url\" content=\"https:\/\/jinsuncarbon.com\/es_es\/producto\/contraelectrodo-de-grafito\/\" \/>\n<meta property=\"og:site_name\" content=\"Jinsun Carbon\" \/>\n<meta property=\"article:publisher\" content=\"https:\/\/www.facebook.com\/Graphite-Electrode-109336238661595\" \/>\n<meta property=\"article:modified_time\" content=\"2024-12-01T12:16:06+00:00\" \/>\n<meta property=\"og:image\" content=\"https:\/\/jinsuncarbon.com\/wp-content\/uploads\/2024\/12\/Graphite-Counter-Electrode.jpg\" \/>\n\t<meta property=\"og:image:width\" content=\"1024\" \/>\n\t<meta property=\"og:image:height\" content=\"763\" \/>\n\t<meta property=\"og:image:type\" content=\"image\/jpeg\" \/>\n<meta name=\"twitter:card\" content=\"summary_large_image\" \/>\n<meta name=\"twitter:site\" content=\"@jinsuncarbon_\" \/>\n<meta name=\"twitter:label1\" content=\"Tiempo de lectura\" \/>\n\t<meta name=\"twitter:data1\" content=\"3 minutos\" \/>\n<script type=\"application\/ld+json\" class=\"yoast-schema-graph\">{\"@context\":\"https:\/\/schema.org\",\"@graph\":[{\"@type\":\"WebPage\",\"@id\":\"https:\/\/jinsuncarbon.com\/product\/graphite-counter-electrode\/\",\"url\":\"https:\/\/jinsuncarbon.com\/product\/graphite-counter-electrode\/\",\"name\":\"Graphite Counter Electrode Manufacturer | Jinsun Carbon\",\"isPartOf\":{\"@id\":\"https:\/\/jinsuncarbon.com\/#website\"},\"primaryImageOfPage\":{\"@id\":\"https:\/\/jinsuncarbon.com\/product\/graphite-counter-electrode\/#primaryimage\"},\"image\":{\"@id\":\"https:\/\/jinsuncarbon.com\/product\/graphite-counter-electrode\/#primaryimage\"},\"thumbnailUrl\":\"https:\/\/jinsuncarbon.com\/wp-content\/uploads\/2024\/12\/Graphite-Counter-Electrode.jpg\",\"datePublished\":\"2024-12-01T12:16:05+00:00\",\"dateModified\":\"2024-12-01T12:16:06+00:00\",\"breadcrumb\":{\"@id\":\"https:\/\/jinsuncarbon.com\/product\/graphite-counter-electrode\/#breadcrumb\"},\"inLanguage\":\"es\",\"potentialAction\":[{\"@type\":\"ReadAction\",\"target\":[\"https:\/\/jinsuncarbon.com\/product\/graphite-counter-electrode\/\"]}]},{\"@type\":\"ImageObject\",\"inLanguage\":\"es\",\"@id\":\"https:\/\/jinsuncarbon.com\/product\/graphite-counter-electrode\/#primaryimage\",\"url\":\"https:\/\/jinsuncarbon.com\/wp-content\/uploads\/2024\/12\/Graphite-Counter-Electrode.jpg\",\"contentUrl\":\"https:\/\/jinsuncarbon.com\/wp-content\/uploads\/2024\/12\/Graphite-Counter-Electrode.jpg\",\"width\":1024,\"height\":763,\"caption\":\"Graphite Counter Electrode\"},{\"@type\":\"BreadcrumbList\",\"@id\":\"https:\/\/jinsuncarbon.com\/product\/graphite-counter-electrode\/#breadcrumb\",\"itemListElement\":[{\"@type\":\"ListItem\",\"position\":1,\"name\":\"Home\",\"item\":\"https:\/\/jinsuncarbon.com\/\"},{\"@type\":\"ListItem\",\"position\":2,\"name\":\"Products\",\"item\":\"https:\/\/jinsuncarbon.com\/graphite-carbon\/\"},{\"@type\":\"ListItem\",\"position\":3,\"name\":\"Graphite Counter Electrode\"}]},{\"@type\":\"WebSite\",\"@id\":\"https:\/\/jinsuncarbon.com\/#website\",\"url\":\"https:\/\/jinsuncarbon.com\/\",\"name\":\"Jinsun Carbon\",\"description\":\"We are the successful graphite electrode manufacturer in China\",\"publisher\":{\"@id\":\"https:\/\/jinsuncarbon.com\/#organization\"},\"potentialAction\":[{\"@type\":\"SearchAction\",\"target\":{\"@type\":\"EntryPoint\",\"urlTemplate\":\"https:\/\/jinsuncarbon.com\/?s={search_term_string}\"},\"query-input\":{\"@type\":\"PropertyValueSpecification\",\"valueRequired\":true,\"valueName\":\"search_term_string\"}}],\"inLanguage\":\"es\"},{\"@type\":\"Organization\",\"@id\":\"https:\/\/jinsuncarbon.com\/#organization\",\"name\":\"Jinsun Carbon\",\"alternateName\":\"Jinsun Carbon\",\"url\":\"https:\/\/jinsuncarbon.com\/\",\"logo\":{\"@type\":\"ImageObject\",\"inLanguage\":\"es\",\"@id\":\"https:\/\/jinsuncarbon.com\/#\/schema\/logo\/image\/\",\"url\":\"https:\/\/jinsuncarbon.com\/wp-content\/uploads\/2022\/12\/LOGO-1.png\",\"contentUrl\":\"https:\/\/jinsuncarbon.com\/wp-content\/uploads\/2022\/12\/LOGO-1.png\",\"width\":207,\"height\":80,\"caption\":\"Jinsun Carbon\"},\"image\":{\"@id\":\"https:\/\/jinsuncarbon.com\/#\/schema\/logo\/image\/\"},\"sameAs\":[\"https:\/\/www.facebook.com\/Graphite-Electrode-109336238661595\",\"https:\/\/x.com\/jinsuncarbon_\",\"https:\/\/www.linkedin.com\/in\/jinsungraphite\",\"https:\/\/www.youtube.com\/channel\/UCysDNyvyR5-3cCWEmpkVC0g\"]}]}<\/script>\n<!-- \/ Yoast SEO Premium plugin. -->","yoast_head_json":{"title":"Fabricante de contraelectrodos de grafito | Jinsun Carbon","robots":{"index":"index","follow":"follow","max-snippet":"max-snippet:-1","max-image-preview":"max-image-preview:large","max-video-preview":"max-video-preview:-1"},"canonical":"https:\/\/jinsuncarbon.com\/es_es\/producto\/contraelectrodo-de-grafito\/","og_locale":"es_ES","og_type":"article","og_title":"Graphite Counter Electrode","og_description":"A graphite counter electrode is made of graphite material with excellent conductivity and is used as an auxiliary electrode in electrochemical experiments.\u00a0It helps the working electrode maintain the stability of the circuit and ensures that the electrolyte solution does not significantly interfere with the chemical reaction during the power-on process.The working electrode and counter electrode close the electric circuit.\u00a0The graphite counter electrode guides the electrons, ensuring that the gadget works.\u00a0It withstands high currents and voltages in electrochemical processes without degrading or reacting with cell chemistry.","og_url":"https:\/\/jinsuncarbon.com\/es_es\/producto\/contraelectrodo-de-grafito\/","og_site_name":"Jinsun Carbon","article_publisher":"https:\/\/www.facebook.com\/Graphite-Electrode-109336238661595","article_modified_time":"2024-12-01T12:16:06+00:00","og_image":[{"width":1024,"height":763,"url":"https:\/\/jinsuncarbon.com\/wp-content\/uploads\/2024\/12\/Graphite-Counter-Electrode.jpg","type":"image\/jpeg"}],"twitter_card":"summary_large_image","twitter_site":"@jinsuncarbon_","twitter_misc":{"Tiempo de lectura":"3 minutos"},"schema":{"@context":"https:\/\/schema.org","@graph":[{"@type":"WebPage","@id":"https:\/\/jinsuncarbon.com\/product\/graphite-counter-electrode\/","url":"https:\/\/jinsuncarbon.com\/product\/graphite-counter-electrode\/","name":"Fabricante de contraelectrodos de grafito | Jinsun Carbon","isPartOf":{"@id":"https:\/\/jinsuncarbon.com\/#website"},"primaryImageOfPage":{"@id":"https:\/\/jinsuncarbon.com\/product\/graphite-counter-electrode\/#primaryimage"},"image":{"@id":"https:\/\/jinsuncarbon.com\/product\/graphite-counter-electrode\/#primaryimage"},"thumbnailUrl":"https:\/\/jinsuncarbon.com\/wp-content\/uploads\/2024\/12\/Graphite-Counter-Electrode.jpg","datePublished":"2024-12-01T12:16:05+00:00","dateModified":"2024-12-01T12:16:06+00:00","breadcrumb":{"@id":"https:\/\/jinsuncarbon.com\/product\/graphite-counter-electrode\/#breadcrumb"},"inLanguage":"es","potentialAction":[{"@type":"ReadAction","target":["https:\/\/jinsuncarbon.com\/product\/graphite-counter-electrode\/"]}]},{"@type":"ImageObject","inLanguage":"es","@id":"https:\/\/jinsuncarbon.com\/product\/graphite-counter-electrode\/#primaryimage","url":"https:\/\/jinsuncarbon.com\/wp-content\/uploads\/2024\/12\/Graphite-Counter-Electrode.jpg","contentUrl":"https:\/\/jinsuncarbon.com\/wp-content\/uploads\/2024\/12\/Graphite-Counter-Electrode.jpg","width":1024,"height":763,"caption":"Graphite Counter Electrode"},{"@type":"BreadcrumbList","@id":"https:\/\/jinsuncarbon.com\/product\/graphite-counter-electrode\/#breadcrumb","itemListElement":[{"@type":"ListItem","position":1,"name":"Home","item":"https:\/\/jinsuncarbon.com\/"},{"@type":"ListItem","position":2,"name":"Products","item":"https:\/\/jinsuncarbon.com\/graphite-carbon\/"},{"@type":"ListItem","position":3,"name":"Graphite Counter Electrode"}]},{"@type":"WebSite","@id":"https:\/\/jinsuncarbon.com\/#website","url":"https:\/\/jinsuncarbon.com\/","name":"Jinsun Carbon","description":"Somos el fabricante de electrodos de grafito con m\u00e1s \u00e9xito de China","publisher":{"@id":"https:\/\/jinsuncarbon.com\/#organization"},"potentialAction":[{"@type":"SearchAction","target":{"@type":"EntryPoint","urlTemplate":"https:\/\/jinsuncarbon.com\/?s={search_term_string}"},"query-input":{"@type":"PropertyValueSpecification","valueRequired":true,"valueName":"search_term_string"}}],"inLanguage":"es"},{"@type":"Organization","@id":"https:\/\/jinsuncarbon.com\/#organization","name":"Jinsun Carbon","alternateName":"Jinsun Carbon","url":"https:\/\/jinsuncarbon.com\/","logo":{"@type":"ImageObject","inLanguage":"es","@id":"https:\/\/jinsuncarbon.com\/#\/schema\/logo\/image\/","url":"https:\/\/jinsuncarbon.com\/wp-content\/uploads\/2022\/12\/LOGO-1.png","contentUrl":"https:\/\/jinsuncarbon.com\/wp-content\/uploads\/2022\/12\/LOGO-1.png","width":207,"height":80,"caption":"Jinsun Carbon"},"image":{"@id":"https:\/\/jinsuncarbon.com\/#\/schema\/logo\/image\/"},"sameAs":["https:\/\/www.facebook.com\/Graphite-Electrode-109336238661595","https:\/\/x.com\/jinsuncarbon_","https:\/\/www.linkedin.com\/in\/jinsungraphite","https:\/\/www.youtube.com\/channel\/UCysDNyvyR5-3cCWEmpkVC0g"]}]}},"_links":{"self":[{"href":"https:\/\/jinsuncarbon.com\/es_es\/wp-json\/wp\/v2\/product\/6887","targetHints":{"allow":["GET"]}}],"collection":[{"href":"https:\/\/jinsuncarbon.com\/es_es\/wp-json\/wp\/v2\/product"}],"about":[{"href":"https:\/\/jinsuncarbon.com\/es_es\/wp-json\/wp\/v2\/types\/product"}],"wp:featuredmedia":[{"embeddable":true,"href":"https:\/\/jinsuncarbon.com\/es_es\/wp-json\/wp\/v2\/media\/6888"}],"wp:attachment":[{"href":"https:\/\/jinsuncarbon.com\/es_es\/wp-json\/wp\/v2\/media?parent=6887"}],"wp:term":[{"taxonomy":"product_brand","embeddable":true,"href":"https:\/\/jinsuncarbon.com\/es_es\/wp-json\/wp\/v2\/product_brand?post=6887"},{"taxonomy":"product_cat","embeddable":true,"href":"https:\/\/jinsuncarbon.com\/es_es\/wp-json\/wp\/v2\/product_cat?post=6887"},{"taxonomy":"product_tag","embeddable":true,"href":"https:\/\/jinsuncarbon.com\/es_es\/wp-json\/wp\/v2\/product_tag?post=6887"}],"curies":[{"name":"wp","href":"https:\/\/api.w.org\/{rel}","templated":true}]}}