{"id":6667,"date":"2024-11-17T14:35:15","date_gmt":"2024-11-17T14:35:15","guid":{"rendered":"https:\/\/jinsuncarbon.com\/?post_type=product&#038;p=6667"},"modified":"2024-11-17T14:35:16","modified_gmt":"2024-11-17T14:35:16","slug":"electrodo-de-grafito-de-pequeno-diametro","status":"publish","type":"product","link":"https:\/\/jinsuncarbon.com\/es_es\/producto\/electrodo-de-grafito-de-pequeno-diametro\/","title":{"rendered":"Electrodo de grafito de di\u00e1metro peque\u00f1o"},"content":{"rendered":"<p>El electrodo de grafito de peque\u00f1o di\u00e1metro tiene una gran pureza, alta conductividad y gran estabilidad t\u00e9rmica, y tambi\u00e9n es un material clave para la fusi\u00f3n industrial. Podemos ofrecerle con requisitos personalizados, incluyendo la longitud, perforaci\u00f3n, ranura y otro proceso de fabricaci\u00f3n especial.<\/p>\n<h2>Ventajas de nuestro electrodo de grafito de peque\u00f1o di\u00e1metro<\/h2>\n<ul>\n<li><strong>Alta pureza:<\/strong><\/li>\n<\/ul>\n<p>Nuestro electrodo de grafito de peque\u00f1o di\u00e1metro suele ser de gran pureza y tiene la funci\u00f3n de reducir las impurezas en el proceso de fusi\u00f3n del metal.<\/p>\n<ul>\n<li><strong>Alta densidad<\/strong><\/li>\n<\/ul>\n<p>La alta densidad del electrodo de grafito de peque\u00f1o di\u00e1metro aumenta su resistencia y durabilidad, lo que le permite mantener su rendimiento durante un largo per\u00edodo de uso.<\/p>\n<ul>\n<li><strong>Alta estabilidad t\u00e9rmica:<\/strong><\/li>\n<\/ul>\n<p><a href=\"https:\/\/jinsuncarbon.com\/es_es\/producto\/electrodo-de-grafito-shp\/\">Electrodos de grafito<\/a> es estructuralmente estable y no se funde ni se oxida f\u00e1cilmente a altas temperaturas.<\/p>\n<ul>\n<li><strong>Facilidad de procesamiento:<\/strong><\/li>\n<\/ul>\n<p>Puede mecanizarse en una gran variedad de formas y tama\u00f1os para adaptarse a los distintos dise\u00f1os de los EAF. Esta flexibilidad permite que los electrodos de grafito satisfagan una amplia gama de necesidades metal\u00fargicas.<\/p>\n<p>&nbsp;<\/p>\n<h2>Aplicaciones<\/h2>\n<ul>\n<li><strong>Fundici\u00f3n de carburo de calcio y cuarzo:<\/strong>- En la fundici\u00f3n de carburo de calcio, el electrodo de grafito de peque\u00f1o di\u00e1metro act\u00faa como conductor para introducir energ\u00eda el\u00e9ctrica en el horno. De este modo, las materias primas sufren una reacci\u00f3n qu\u00edmica para formar carburo de calcio, lo que facilita el proceso de fundici\u00f3n. En la fundici\u00f3n de cuarzo, desempe\u00f1a el papel de conducci\u00f3n y calentamiento, ayudando a que el mineral de cuarzo se purifique y convierta a altas temperaturas.<\/li>\n<\/ul>\n<p>&nbsp;<\/p>\n<ul>\n<li><strong>Fabricaci\u00f3n de moldes:<\/strong> \u00a0\u00a0\u00a0-El electrodo de grafito de peque\u00f1o di\u00e1metro se utiliza para procesar todo tipo de moldes, como moldes de inyecci\u00f3n, moldes de fundici\u00f3n a presi\u00f3n, etc. Permite una electroerosi\u00f3n precisa en formas complejas y piezas peque\u00f1as de <a href=\"https:\/\/jinsuncarbon.com\/es_es\/producto\/molde-de-grafito\/\">moldes<\/a>y mejora la precisi\u00f3n y la calidad superficial de los moldes.<\/li>\n<\/ul>\n<p>&nbsp;<\/p>\n<ul>\n<li><strong>Semiconductores :<\/strong> En la producci\u00f3n de silicio monocristalino, el electrodo de grafito de peque\u00f1o di\u00e1metro tambi\u00e9n puede utilizarse para hacer <a href=\"https:\/\/jinsuncarbon.com\/es_es\/producto\/elemento-calefactor-de-grafito\/\">elemento calefactor<\/a> para hornos de crecimiento de cristales. Su resistencia a altas temperaturas y su estabilidad qu\u00edmica le permiten trabajar en un entorno de alta temperatura y alto vac\u00edo. Esto proporciona las condiciones necesarias para el crecimiento del silicio monocristalino.<\/li>\n<\/ul>\n<p>&nbsp;<\/p>\n<ul>\n<li><strong>Qu\u00edmica:<\/strong>- En algunos procesos qu\u00edmicos, como la electr\u00f3lisis, las reacciones de s\u00edntesis, etc. Puede utilizarse como material de electrodos para participar en reacciones electroqu\u00edmicas o proporcionar v\u00edas conductoras.<\/li>\n<\/ul>\n<p>&nbsp;<\/p>\n<ul>\n<li><strong>EDM:<\/strong> \u00a0\u00a0\u00a0- La electroerosi\u00f3n es un proceso importante en la fabricaci\u00f3n de moldes. Puede utilizar electrodo de grafito de peque\u00f1o di\u00e1metro como electrodo de herramienta en <a href=\"https:\/\/en.wikipedia.org\/wiki\/Electrical_discharge_machining\" target=\"_blank\" rel=\"noopener\">EDM<\/a> para eliminar el material del molde mediante corrosi\u00f3n por descarga, lo que da lugar a formas complejas y moldes de alta precisi\u00f3n. Sus ventajas incluyen un buen rendimiento de descarga, bajas p\u00e9rdidas y alta precisi\u00f3n de mecanizado.<\/li>\n<\/ul>\n<p>&nbsp;<\/p>\n<h2>Por qu\u00e9 elegir Jinsun electrodo de grafito para su fundici\u00f3n\uff1f<\/h2>\n<p><strong>Alta conductividad el\u00e9ctrica y t\u00e9rmica:<\/strong><\/p>\n<p>-Nuestro electrodo tiene una excelente conductividad el\u00e9ctrica y t\u00e9rmica y puede conducir eficazmente la corriente el\u00e9ctrica y el calor. Esto hace que sea excelente en el proceso de fusi\u00f3n a alta temperatura, capaz de transferir calor r\u00e1pidamente, y mejorar la eficiencia de fusi\u00f3n.<\/p>\n<p><strong>Resistencia a altas temperaturas:<\/strong><\/p>\n<p>El electrodo es estable a temperaturas extremadamente altas sin fundirse ni da\u00f1arse. Por tanto, presenta ventajas evidentes en entornos de alta temperatura, como los hornos de arco el\u00e9ctrico, <a href=\"https:\/\/en.wikipedia.org\/wiki\/Vacuum_furnace\" target=\"_blank\" rel=\"noopener\">hornos de vac\u00edo<\/a> y hornos de media frecuencia.<\/p>\n<p><strong>Bajo coeficiente de dilataci\u00f3n t\u00e9rmica:<\/strong><\/p>\n<p>El coeficiente de dilataci\u00f3n t\u00e9rmica del electrodo de grafito es peque\u00f1o y no se deforma f\u00e1cilmente con el calor generado durante el proceso. Por tanto, puede garantizar la estabilidad y precisi\u00f3n del proceso de fundici\u00f3n.<\/p>\n<p><strong>Alta resistencia mec\u00e1nica<\/strong><\/p>\n<p>Nuestros electrodos pueden soportar grandes fuerzas de tracci\u00f3n e impacto, y tienen una resistencia a la flexi\u00f3n de 10-45MPa. Esto se debe a que estos electrodos se impregnan varias veces para mejorar su rendimiento.<\/p>\n<p>&nbsp;<\/p>","protected":false},"excerpt":{"rendered":"<p>El electrodo de grafito de peque\u00f1o di\u00e1metro suele ser un producto de grafito de gran pureza y peque\u00f1o di\u00e1metro. Se fabrica a partir de materias primas carbonosas como el coque de petr\u00f3leo y el coque de aguja mediante trituraci\u00f3n, moldeo, tostado y grafitizaci\u00f3n.  Generalmente, su di\u00e1metro puede variar de 60 mil\u00edmetros a 150 mil\u00edmetros.<\/p>\n<p>&nbsp;<\/p>","protected":false},"featured_media":6668,"template":"","meta":[],"product_brand":[],"product_cat":[37],"product_tag":[],"class_list":{"0":"post-6667","1":"product","2":"type-product","3":"status-publish","4":"has-post-thumbnail","6":"product_cat-graphite-electrode","8":"first","9":"instock","10":"shipping-taxable","11":"product-type-simple"},"yoast_head":"<!-- This site is optimized with the Yoast SEO Premium plugin v19.2.1 (Yoast SEO v25.3) - https:\/\/yoast.com\/wordpress\/plugins\/seo\/ -->\n<title>Small Diameter Graphite Electrode Manufacturer | Jinsun Carbon<\/title>\n<meta name=\"description\" content=\"Small diameter graphite electrode has high purity, high conductivity and high thermal stability, and it is also a key material for industrial melting.\" \/>\n<meta name=\"robots\" content=\"index, follow, max-snippet:-1, max-image-preview:large, max-video-preview:-1\" \/>\n<link rel=\"canonical\" href=\"https:\/\/jinsuncarbon.com\/es_es\/producto\/electrodo-de-grafito-de-pequeno-diametro\/\" \/>\n<meta property=\"og:locale\" content=\"es_ES\" \/>\n<meta property=\"og:type\" content=\"article\" \/>\n<meta property=\"og:title\" content=\"Small Diameter Graphite Electrode\" \/>\n<meta property=\"og:description\" content=\"Small diameter graphite electrode has high purity, high conductivity and high thermal stability, and it is also a key material for industrial melting.\" \/>\n<meta property=\"og:url\" content=\"https:\/\/jinsuncarbon.com\/es_es\/producto\/electrodo-de-grafito-de-pequeno-diametro\/\" \/>\n<meta property=\"og:site_name\" content=\"Jinsun Carbon\" \/>\n<meta property=\"article:publisher\" content=\"https:\/\/www.facebook.com\/Graphite-Electrode-109336238661595\" \/>\n<meta property=\"article:modified_time\" content=\"2024-11-17T14:35:16+00:00\" \/>\n<meta property=\"og:image\" content=\"https:\/\/jinsuncarbon.com\/wp-content\/uploads\/2024\/11\/Small-diameter-graphite-electrode.jpg\" \/>\n\t<meta property=\"og:image:width\" content=\"1024\" \/>\n\t<meta property=\"og:image:height\" content=\"763\" \/>\n\t<meta property=\"og:image:type\" content=\"image\/jpeg\" \/>\n<meta name=\"twitter:card\" content=\"summary_large_image\" \/>\n<meta name=\"twitter:site\" content=\"@jinsuncarbon_\" \/>\n<meta name=\"twitter:label1\" content=\"Tiempo de lectura\" \/>\n\t<meta name=\"twitter:data1\" content=\"3 minutos\" \/>\n<script type=\"application\/ld+json\" class=\"yoast-schema-graph\">{\"@context\":\"https:\/\/schema.org\",\"@graph\":[{\"@type\":\"WebPage\",\"@id\":\"https:\/\/jinsuncarbon.com\/product\/small-diameter-graphite-electrode\/\",\"url\":\"https:\/\/jinsuncarbon.com\/product\/small-diameter-graphite-electrode\/\",\"name\":\"Small Diameter Graphite Electrode Manufacturer | Jinsun Carbon\",\"isPartOf\":{\"@id\":\"https:\/\/jinsuncarbon.com\/#website\"},\"primaryImageOfPage\":{\"@id\":\"https:\/\/jinsuncarbon.com\/product\/small-diameter-graphite-electrode\/#primaryimage\"},\"image\":{\"@id\":\"https:\/\/jinsuncarbon.com\/product\/small-diameter-graphite-electrode\/#primaryimage\"},\"thumbnailUrl\":\"https:\/\/jinsuncarbon.com\/wp-content\/uploads\/2024\/11\/Small-diameter-graphite-electrode.jpg\",\"datePublished\":\"2024-11-17T14:35:15+00:00\",\"dateModified\":\"2024-11-17T14:35:16+00:00\",\"description\":\"Small diameter graphite electrode has high purity, high conductivity and high thermal stability, and it is also a key material for industrial melting.\",\"breadcrumb\":{\"@id\":\"https:\/\/jinsuncarbon.com\/product\/small-diameter-graphite-electrode\/#breadcrumb\"},\"inLanguage\":\"es\",\"potentialAction\":[{\"@type\":\"ReadAction\",\"target\":[\"https:\/\/jinsuncarbon.com\/product\/small-diameter-graphite-electrode\/\"]}]},{\"@type\":\"ImageObject\",\"inLanguage\":\"es\",\"@id\":\"https:\/\/jinsuncarbon.com\/product\/small-diameter-graphite-electrode\/#primaryimage\",\"url\":\"https:\/\/jinsuncarbon.com\/wp-content\/uploads\/2024\/11\/Small-diameter-graphite-electrode.jpg\",\"contentUrl\":\"https:\/\/jinsuncarbon.com\/wp-content\/uploads\/2024\/11\/Small-diameter-graphite-electrode.jpg\",\"width\":1024,\"height\":763,\"caption\":\"Small diameter graphite electrode | Jinsuncarbon\"},{\"@type\":\"BreadcrumbList\",\"@id\":\"https:\/\/jinsuncarbon.com\/product\/small-diameter-graphite-electrode\/#breadcrumb\",\"itemListElement\":[{\"@type\":\"ListItem\",\"position\":1,\"name\":\"Home\",\"item\":\"https:\/\/jinsuncarbon.com\/\"},{\"@type\":\"ListItem\",\"position\":2,\"name\":\"Products\",\"item\":\"https:\/\/jinsuncarbon.com\/graphite-carbon\/\"},{\"@type\":\"ListItem\",\"position\":3,\"name\":\"Small Diameter Graphite Electrode\"}]},{\"@type\":\"WebSite\",\"@id\":\"https:\/\/jinsuncarbon.com\/#website\",\"url\":\"https:\/\/jinsuncarbon.com\/\",\"name\":\"Jinsun Carbon\",\"description\":\"We are the successful graphite electrode manufacturer in China\",\"publisher\":{\"@id\":\"https:\/\/jinsuncarbon.com\/#organization\"},\"potentialAction\":[{\"@type\":\"SearchAction\",\"target\":{\"@type\":\"EntryPoint\",\"urlTemplate\":\"https:\/\/jinsuncarbon.com\/?s={search_term_string}\"},\"query-input\":{\"@type\":\"PropertyValueSpecification\",\"valueRequired\":true,\"valueName\":\"search_term_string\"}}],\"inLanguage\":\"es\"},{\"@type\":\"Organization\",\"@id\":\"https:\/\/jinsuncarbon.com\/#organization\",\"name\":\"Jinsun Carbon\",\"alternateName\":\"Jinsun Carbon\",\"url\":\"https:\/\/jinsuncarbon.com\/\",\"logo\":{\"@type\":\"ImageObject\",\"inLanguage\":\"es\",\"@id\":\"https:\/\/jinsuncarbon.com\/#\/schema\/logo\/image\/\",\"url\":\"https:\/\/jinsuncarbon.com\/wp-content\/uploads\/2022\/12\/LOGO-1.png\",\"contentUrl\":\"https:\/\/jinsuncarbon.com\/wp-content\/uploads\/2022\/12\/LOGO-1.png\",\"width\":207,\"height\":80,\"caption\":\"Jinsun Carbon\"},\"image\":{\"@id\":\"https:\/\/jinsuncarbon.com\/#\/schema\/logo\/image\/\"},\"sameAs\":[\"https:\/\/www.facebook.com\/Graphite-Electrode-109336238661595\",\"https:\/\/x.com\/jinsuncarbon_\",\"https:\/\/www.linkedin.com\/in\/jinsungraphite\",\"https:\/\/www.youtube.com\/channel\/UCysDNyvyR5-3cCWEmpkVC0g\"]}]}<\/script>\n<!-- \/ Yoast SEO Premium plugin. -->","yoast_head_json":{"title":"Electrodo de grafito de peque\u00f1o di\u00e1metro Fabricante | Jinsun Carbon","description":"El electrodo de grafito de peque\u00f1o di\u00e1metro tiene una gran pureza, alta conductividad y gran estabilidad t\u00e9rmica, y es tambi\u00e9n un material clave para la fusi\u00f3n industrial.","robots":{"index":"index","follow":"follow","max-snippet":"max-snippet:-1","max-image-preview":"max-image-preview:large","max-video-preview":"max-video-preview:-1"},"canonical":"https:\/\/jinsuncarbon.com\/es_es\/producto\/electrodo-de-grafito-de-pequeno-diametro\/","og_locale":"es_ES","og_type":"article","og_title":"Small Diameter Graphite Electrode","og_description":"Small diameter graphite electrode has high purity, high conductivity and high thermal stability, and it is also a key material for industrial melting.","og_url":"https:\/\/jinsuncarbon.com\/es_es\/producto\/electrodo-de-grafito-de-pequeno-diametro\/","og_site_name":"Jinsun Carbon","article_publisher":"https:\/\/www.facebook.com\/Graphite-Electrode-109336238661595","article_modified_time":"2024-11-17T14:35:16+00:00","og_image":[{"width":1024,"height":763,"url":"https:\/\/jinsuncarbon.com\/wp-content\/uploads\/2024\/11\/Small-diameter-graphite-electrode.jpg","type":"image\/jpeg"}],"twitter_card":"summary_large_image","twitter_site":"@jinsuncarbon_","twitter_misc":{"Tiempo de lectura":"3 minutos"},"schema":{"@context":"https:\/\/schema.org","@graph":[{"@type":"WebPage","@id":"https:\/\/jinsuncarbon.com\/product\/small-diameter-graphite-electrode\/","url":"https:\/\/jinsuncarbon.com\/product\/small-diameter-graphite-electrode\/","name":"Electrodo de grafito de peque\u00f1o di\u00e1metro Fabricante | Jinsun Carbon","isPartOf":{"@id":"https:\/\/jinsuncarbon.com\/#website"},"primaryImageOfPage":{"@id":"https:\/\/jinsuncarbon.com\/product\/small-diameter-graphite-electrode\/#primaryimage"},"image":{"@id":"https:\/\/jinsuncarbon.com\/product\/small-diameter-graphite-electrode\/#primaryimage"},"thumbnailUrl":"https:\/\/jinsuncarbon.com\/wp-content\/uploads\/2024\/11\/Small-diameter-graphite-electrode.jpg","datePublished":"2024-11-17T14:35:15+00:00","dateModified":"2024-11-17T14:35:16+00:00","description":"El electrodo de grafito de peque\u00f1o di\u00e1metro tiene una gran pureza, alta conductividad y gran estabilidad t\u00e9rmica, y es tambi\u00e9n un material clave para la fusi\u00f3n industrial.","breadcrumb":{"@id":"https:\/\/jinsuncarbon.com\/product\/small-diameter-graphite-electrode\/#breadcrumb"},"inLanguage":"es","potentialAction":[{"@type":"ReadAction","target":["https:\/\/jinsuncarbon.com\/product\/small-diameter-graphite-electrode\/"]}]},{"@type":"ImageObject","inLanguage":"es","@id":"https:\/\/jinsuncarbon.com\/product\/small-diameter-graphite-electrode\/#primaryimage","url":"https:\/\/jinsuncarbon.com\/wp-content\/uploads\/2024\/11\/Small-diameter-graphite-electrode.jpg","contentUrl":"https:\/\/jinsuncarbon.com\/wp-content\/uploads\/2024\/11\/Small-diameter-graphite-electrode.jpg","width":1024,"height":763,"caption":"Small diameter graphite electrode | Jinsuncarbon"},{"@type":"BreadcrumbList","@id":"https:\/\/jinsuncarbon.com\/product\/small-diameter-graphite-electrode\/#breadcrumb","itemListElement":[{"@type":"ListItem","position":1,"name":"Home","item":"https:\/\/jinsuncarbon.com\/"},{"@type":"ListItem","position":2,"name":"Products","item":"https:\/\/jinsuncarbon.com\/graphite-carbon\/"},{"@type":"ListItem","position":3,"name":"Small Diameter Graphite Electrode"}]},{"@type":"WebSite","@id":"https:\/\/jinsuncarbon.com\/#website","url":"https:\/\/jinsuncarbon.com\/","name":"Jinsun Carbon","description":"Somos el fabricante de electrodos de grafito con m\u00e1s \u00e9xito de China","publisher":{"@id":"https:\/\/jinsuncarbon.com\/#organization"},"potentialAction":[{"@type":"SearchAction","target":{"@type":"EntryPoint","urlTemplate":"https:\/\/jinsuncarbon.com\/?s={search_term_string}"},"query-input":{"@type":"PropertyValueSpecification","valueRequired":true,"valueName":"search_term_string"}}],"inLanguage":"es"},{"@type":"Organization","@id":"https:\/\/jinsuncarbon.com\/#organization","name":"Jinsun Carbon","alternateName":"Jinsun Carbon","url":"https:\/\/jinsuncarbon.com\/","logo":{"@type":"ImageObject","inLanguage":"es","@id":"https:\/\/jinsuncarbon.com\/#\/schema\/logo\/image\/","url":"https:\/\/jinsuncarbon.com\/wp-content\/uploads\/2022\/12\/LOGO-1.png","contentUrl":"https:\/\/jinsuncarbon.com\/wp-content\/uploads\/2022\/12\/LOGO-1.png","width":207,"height":80,"caption":"Jinsun Carbon"},"image":{"@id":"https:\/\/jinsuncarbon.com\/#\/schema\/logo\/image\/"},"sameAs":["https:\/\/www.facebook.com\/Graphite-Electrode-109336238661595","https:\/\/x.com\/jinsuncarbon_","https:\/\/www.linkedin.com\/in\/jinsungraphite","https:\/\/www.youtube.com\/channel\/UCysDNyvyR5-3cCWEmpkVC0g"]}]}},"_links":{"self":[{"href":"https:\/\/jinsuncarbon.com\/es_es\/wp-json\/wp\/v2\/product\/6667","targetHints":{"allow":["GET"]}}],"collection":[{"href":"https:\/\/jinsuncarbon.com\/es_es\/wp-json\/wp\/v2\/product"}],"about":[{"href":"https:\/\/jinsuncarbon.com\/es_es\/wp-json\/wp\/v2\/types\/product"}],"wp:featuredmedia":[{"embeddable":true,"href":"https:\/\/jinsuncarbon.com\/es_es\/wp-json\/wp\/v2\/media\/6668"}],"wp:attachment":[{"href":"https:\/\/jinsuncarbon.com\/es_es\/wp-json\/wp\/v2\/media?parent=6667"}],"wp:term":[{"taxonomy":"product_brand","embeddable":true,"href":"https:\/\/jinsuncarbon.com\/es_es\/wp-json\/wp\/v2\/product_brand?post=6667"},{"taxonomy":"product_cat","embeddable":true,"href":"https:\/\/jinsuncarbon.com\/es_es\/wp-json\/wp\/v2\/product_cat?post=6667"},{"taxonomy":"product_tag","embeddable":true,"href":"https:\/\/jinsuncarbon.com\/es_es\/wp-json\/wp\/v2\/product_tag?post=6667"}],"curies":[{"name":"wp","href":"https:\/\/api.w.org\/{rel}","templated":true}]}}