{"id":6554,"date":"2024-11-07T13:17:13","date_gmt":"2024-11-07T13:17:13","guid":{"rendered":"https:\/\/jinsuncarbon.com\/?post_type=product&#038;p=6554"},"modified":"2025-01-02T10:01:28","modified_gmt":"2025-01-02T10:01:28","slug":"material-de-grafito","status":"publish","type":"product","link":"https:\/\/jinsuncarbon.com\/es_es\/producto\/material-de-grafito\/","title":{"rendered":"Grafito Material"},"content":{"rendered":"<h2>\u00bfQu\u00e9 es el grafito?<strong>?<\/strong><\/h2>\n<p>El grafito es un tipo de carbono que se utiliza para diferentes aplicaciones. Es un recurso natural de composici\u00f3n inigualable que puede utilizarse para m\u00faltiples fines. La estructura del grafito es caracter\u00edstica y determina sus propiedades. En comparaci\u00f3n con otros, es un material muy blando y tiene una dureza espec\u00edfica. En t\u00e9rminos sencillos, se trata de \u00e1tomos de carbono en forma de capas. El grafito est\u00e1 formado por capas apiladas en las que los \u00e1tomos est\u00e1n dispuestos en hex\u00e1gonos. Esto se debe a que estas capas pueden deslizarse unas sobre otras, lo que contribuye a dar al grafito sus caracter\u00edsticas como lubricante. La densidad del grafito var\u00eda en funci\u00f3n de los grados y tipos de grafito. Hay varios grados de grafito disponibles para aplicaciones espec\u00edficas y tambi\u00e9n poseen especificaciones.<\/p>\n<h2>Caracter\u00edsticas<\/h2>\n<p><strong>Alta conductividad el\u00e9ctrica<\/strong><\/p>\n<p>Es un excelente conductor de la electricidad y el calor. En muchas aplicaciones (por ejemplo, cuando se necesitan corrientes el\u00e9ctricas) su uso est\u00e1 muy extendido. Su formulaci\u00f3n lo convierte en un buen conductor de la electricidad. La estructura del grafito permite que los electrones se muevan libremente y por eso conduce tan bien la electricidad.<\/p>\n<p><strong>Excelente resistencia al calor<\/strong><\/p>\n<p>El grafito puede resistir temperaturas extremadamente altas. Esto es lo que lo hace tan \u00fatil para un mercado realmente muy amplio, especialmente en sectores en los que las cualidades de resistencia al calor son significativas. Adem\u00e1s, le sorprender\u00e1n los usos que tiene en entornos en los que el calor provocar\u00eda la fusi\u00f3n de otros materiales. Para formar electrodos, se combina con un aglutinante y carb\u00f3n triturado para evitar que se agriete a altas temperaturas.<\/p>\n<p><strong>Propiedades de lubricaci\u00f3n<\/strong><\/p>\n<p>El grafito tambi\u00e9n es un lubricante natural. Las capas de \u00e1tomos del grafito son capaces de deslizarse unas sobre otras porque el solapamiento entre las conexiones de electrones de valencia es peque\u00f1o. De hecho, esta propiedad es muy eficaz, sobre todo en industrias que necesitan reducir la fricci\u00f3n por desgaste. El biodi\u00e9sel se utiliza a menudo en m\u00e1quinas para lubricar piezas y conseguir un movimiento suave.<\/p>\n<p><strong>Estabilidad qu\u00edmica<\/strong><\/p>\n<p>El grafito es un material qu\u00edmicamente muy estable. No reacciona con ninguna sustancia, salvo unas pocas, y se utiliza mucho en entornos corrosivos. Entre sus caracter\u00edsticas destaca su resistencia a la corrosi\u00f3n y a los ataques qu\u00edmicos. Por eso se encuentra a menudo en plantas qu\u00edmicas.<\/p>\n<h2>Tipos de grafito<\/h2>\n<p><strong>Grafito moldeado<\/strong><\/p>\n<p><strong><b>Grafito moldeado<\/b><\/strong>que se fabrica comprimiendo grafito en polvo en un molde. Su densidad es uniforme y se utilizan en m\u00faltiples aplicaciones. Son adaptables y pueden moldearse seg\u00fan sus necesidades. <a href=\"https:\/\/jinsuncarbon.com\/es_es\/que-es-el-grafito-moldeado\/\">Grafito moldeado<\/a> se clasifica en funci\u00f3n de su resistencia, dureza y otras especificaciones.<\/p>\n<p><strong>Grafito extruido<\/strong><\/p>\n<p><strong><b>Grafito extruido<\/b><\/strong>\u00a0se fabrica forzando el grafito a trav\u00e9s de una matriz. Esta funcionalidad tiene una estructura peculiar en la que se especializa en unas pocas tareas. Esta clase es un poco menos densa que el grafito moldeado. Se utiliza con frecuencia en productos como varillas y tubos, en los que importa la forma de la materia prima.<\/p>\n<p><strong>Vibraci\u00f3n Grafito<\/strong><\/p>\n<p><strong><b>Vibraci\u00f3n Grafito<\/b><\/strong>se utiliza la vibraci\u00f3n para formar las part\u00edculas de grafito. Esto da lugar a una densidad y composici\u00f3n diferentes a las de los otros tipos. El grafito vibrado se utiliza siempre que se requieren especificaciones especiales. A menudo se elige por su rentabilidad.<\/p>\n<p><strong>Grafito isost\u00e1tico<\/strong><\/p>\n<p>El objetivo principal de <a href=\"https:\/\/jinsuncarbon.com\/es_es\/que-es-el-grafito-isostatico\/\">grafito isost\u00e1tico<\/a>\u00a0con propiedades is\u00f3tropas y uniformes en todas las direcciones. Su estructura es muy fina y amable. Tambi\u00e9n puede tener una densidad muy alta y se utiliza sobre todo para tolerancias extremadamente estrechas. Es la opci\u00f3n preferida para industrias como la aeroespacial por su composici\u00f3n uniforme.<\/p>\n<h2>Usos del grafito<\/h2>\n<p><strong>Pilas<\/strong><\/p>\n<p>Uno de los usos m\u00e1s comunes del grafeno es en las bater\u00edas. Se encuentra en los \u00e1nodos de las bater\u00edas de iones de litio. Es un material estable, de forma s\u00f3lida y con una alta conductividad el\u00e9ctrica, atributos que lo hacen perfecto para el almacenamiento de energ\u00eda. El grafeno garantiza la carga eficaz y el suministro de energ\u00eda de <a href=\"https:\/\/onlybatteries.com\/?srsltid=AfmBOoqFqQFmaOhM76q3R1Q5tEf27hDQ7B8srlcI02SNvvP9YuZAGU7h\" target=\"_blank\" rel=\"noopener\">pilas<\/a>.<\/p>\n<p><strong>Lubricaci\u00f3n industrial<\/strong><\/p>\n<p>Tambi\u00e9n es un material ideal para la industria por sus propiedades lubricantes naturales. Se utiliza para situaciones en las que pueden fallar los aceites o las grasas. Tambi\u00e9n ayuda a evitar la fricci\u00f3n de las piezas m\u00f3viles, lo que permite que las m\u00e1quinas funcionen sin problemas. Tambi\u00e9n se utiliza en zonas con temperaturas extremas porque otros lubricantes se descompondr\u00edan all\u00ed.<\/p>\n<p><strong>Materiales refractarios<\/strong><\/p>\n<p><strong><b>Materiales refractarios<\/b><\/strong>\u00a0deben contener grafito. Se trata de materiales que revisten hornos y estufas. Su resistencia al calor permite al grafito soportar las alt\u00edsimas temperaturas que se dan en este tipo de aplicaciones. Su estructura impide que se rompa con la exposici\u00f3n al calor intenso.<\/p>\n<p><strong>Siderurgia<\/strong><\/p>\n<p>El grafito es una materia prima de la industria sider\u00fargica. Sirve como aditivo de carbono para la producci\u00f3n de acero de alta calidad. A menudo se encuentra en las bobinadoras de los hornos el\u00e9ctricos de arco. Otro uso importante del grafito disponible en las existencias de grafito es su capacidad para controlar la cantidad de contenido de carbono del acero que, cuando se hace correctamente, lo hace m\u00e1s potente y estable.<\/p>\n<p><strong>Aeroespacial y automoci\u00f3n<\/strong><\/p>\n<p>El grafito se utiliza en las industrias aeroespacial y automovil\u00edstica. Es crucial en estos sectores debido al hecho de que es una composici\u00f3n ligera, as\u00ed como tolerante al calor. Se puede encontrar en piezas residuales de motores, sistemas de frenos e incluso en el interior de escudos t\u00e9rmicos. Los diversos grados de productos de grafito empleados en estas industrias se clasifican seg\u00fan las calidades.<\/p>\n<h2>Beneficios<\/h2>\n<p><strong>Rentable<\/strong><\/p>\n<p>El grafito es un material relativamente barato. Est\u00e1 disponible a bajo precio como materia prima y, por tanto, puede procesarse f\u00e1cilmente en la unidad de fabricaci\u00f3n.<\/p>\n<p><strong>Alto rendimiento<\/strong><\/p>\n<p>El grafito ofrece un alto rendimiento en todos los casos de uso. La alta conductividad el\u00e9ctrica, la resistencia al calor y las propiedades de lubricaci\u00f3n hacen que este material sea eficaz. Ver\u00e1 que se utiliza a menudo en casos en los que el rendimiento es un problema. Gracias a su f\u00f3rmula especial, rinde incluso en las condiciones m\u00e1s duras.<\/p>\n<p><strong>Respetuoso con el medio ambiente<\/strong><\/p>\n<p>El grafito es respetuoso con el medio ambiente. Al estar basado en el carbono, es naturalmente ubicuo y seguro. El procesamiento de su materia prima tampoco crea ning\u00fan subproducto t\u00f3xico. Pero optar por el grafito puede limitar el impacto ambiental de ciertos procesos.<\/p>\n<p>&nbsp;<\/p>\n<p>&nbsp;<\/p>","protected":false},"excerpt":{"rendered":"<p>Los materiales de grafito se presentan en muchos tipos diferentes y ofrecen diversas propiedades, como conductividad el\u00e9ctrica, resistencia a la corrosi\u00f3n a altas temperaturas, etc. Se utiliza para fabricar crisoles, electrodos, intercambiadores de calor, cepillos, etc. Es un material industrial a base de carbono indispensable para la producci\u00f3n industrial.<\/p>","protected":false},"featured_media":6555,"template":"","meta":[],"product_brand":[],"product_cat":[67],"product_tag":[],"class_list":{"0":"post-6554","1":"product","2":"type-product","3":"status-publish","4":"has-post-thumbnail","6":"product_cat-graphite-material","8":"first","9":"instock","10":"shipping-taxable","11":"product-type-simple"},"yoast_head":"<!-- This site is optimized with the Yoast SEO Premium plugin v19.2.1 (Yoast SEO v25.3) - https:\/\/yoast.com\/wordpress\/plugins\/seo\/ -->\n<title>Graphite Material Manufacturer | Jinsun Carbon<\/title>\n<meta name=\"description\" content=\"Graphite is a type of carbon\u00a0used for different applications. It is a natural resource of unparalleled composition\u00a0that can be used for multipurpose.\" \/>\n<meta name=\"robots\" content=\"index, follow, max-snippet:-1, max-image-preview:large, max-video-preview:-1\" \/>\n<link rel=\"canonical\" href=\"https:\/\/jinsuncarbon.com\/es_es\/producto\/material-de-grafito\/\" \/>\n<meta property=\"og:locale\" content=\"es_ES\" \/>\n<meta property=\"og:type\" content=\"article\" \/>\n<meta property=\"og:title\" content=\"Graphite Material\" \/>\n<meta property=\"og:description\" content=\"Graphite is a type of carbon\u00a0used for different applications. It is a natural resource of unparalleled composition\u00a0that can be used for multipurpose.\" \/>\n<meta property=\"og:url\" content=\"https:\/\/jinsuncarbon.com\/es_es\/producto\/material-de-grafito\/\" \/>\n<meta property=\"og:site_name\" content=\"Jinsun Carbon\" \/>\n<meta property=\"article:publisher\" content=\"https:\/\/www.facebook.com\/Graphite-Electrode-109336238661595\" \/>\n<meta property=\"article:modified_time\" content=\"2025-01-02T10:01:28+00:00\" \/>\n<meta property=\"og:image\" content=\"https:\/\/jinsuncarbon.com\/wp-content\/uploads\/2024\/11\/Graphite-material.jpg\" \/>\n\t<meta property=\"og:image:width\" content=\"1024\" \/>\n\t<meta property=\"og:image:height\" content=\"720\" \/>\n\t<meta property=\"og:image:type\" content=\"image\/jpeg\" \/>\n<meta name=\"twitter:card\" content=\"summary_large_image\" \/>\n<meta name=\"twitter:site\" content=\"@jinsuncarbon_\" \/>\n<meta name=\"twitter:label1\" content=\"Tiempo de lectura\" \/>\n\t<meta name=\"twitter:data1\" content=\"5 minutos\" \/>\n<script type=\"application\/ld+json\" class=\"yoast-schema-graph\">{\"@context\":\"https:\/\/schema.org\",\"@graph\":[{\"@type\":\"WebPage\",\"@id\":\"https:\/\/jinsuncarbon.com\/product\/graphite-material\/\",\"url\":\"https:\/\/jinsuncarbon.com\/product\/graphite-material\/\",\"name\":\"Graphite Material Manufacturer | Jinsun Carbon\",\"isPartOf\":{\"@id\":\"https:\/\/jinsuncarbon.com\/#website\"},\"primaryImageOfPage\":{\"@id\":\"https:\/\/jinsuncarbon.com\/product\/graphite-material\/#primaryimage\"},\"image\":{\"@id\":\"https:\/\/jinsuncarbon.com\/product\/graphite-material\/#primaryimage\"},\"thumbnailUrl\":\"https:\/\/jinsuncarbon.com\/wp-content\/uploads\/2024\/11\/Graphite-material.jpg\",\"datePublished\":\"2024-11-07T13:17:13+00:00\",\"dateModified\":\"2025-01-02T10:01:28+00:00\",\"description\":\"Graphite is a type of carbon\u00a0used for different applications. It is a natural resource of unparalleled composition\u00a0that can be used for multipurpose.\",\"breadcrumb\":{\"@id\":\"https:\/\/jinsuncarbon.com\/product\/graphite-material\/#breadcrumb\"},\"inLanguage\":\"es\",\"potentialAction\":[{\"@type\":\"ReadAction\",\"target\":[\"https:\/\/jinsuncarbon.com\/product\/graphite-material\/\"]}]},{\"@type\":\"ImageObject\",\"inLanguage\":\"es\",\"@id\":\"https:\/\/jinsuncarbon.com\/product\/graphite-material\/#primaryimage\",\"url\":\"https:\/\/jinsuncarbon.com\/wp-content\/uploads\/2024\/11\/Graphite-material.jpg\",\"contentUrl\":\"https:\/\/jinsuncarbon.com\/wp-content\/uploads\/2024\/11\/Graphite-material.jpg\",\"width\":1024,\"height\":720,\"caption\":\"Graphite material\"},{\"@type\":\"BreadcrumbList\",\"@id\":\"https:\/\/jinsuncarbon.com\/product\/graphite-material\/#breadcrumb\",\"itemListElement\":[{\"@type\":\"ListItem\",\"position\":1,\"name\":\"Home\",\"item\":\"https:\/\/jinsuncarbon.com\/\"},{\"@type\":\"ListItem\",\"position\":2,\"name\":\"Products\",\"item\":\"https:\/\/jinsuncarbon.com\/graphite-carbon\/\"},{\"@type\":\"ListItem\",\"position\":3,\"name\":\"Graphite Material\"}]},{\"@type\":\"WebSite\",\"@id\":\"https:\/\/jinsuncarbon.com\/#website\",\"url\":\"https:\/\/jinsuncarbon.com\/\",\"name\":\"Jinsun Carbon\",\"description\":\"We are the successful graphite electrode manufacturer in China\",\"publisher\":{\"@id\":\"https:\/\/jinsuncarbon.com\/#organization\"},\"potentialAction\":[{\"@type\":\"SearchAction\",\"target\":{\"@type\":\"EntryPoint\",\"urlTemplate\":\"https:\/\/jinsuncarbon.com\/?s={search_term_string}\"},\"query-input\":{\"@type\":\"PropertyValueSpecification\",\"valueRequired\":true,\"valueName\":\"search_term_string\"}}],\"inLanguage\":\"es\"},{\"@type\":\"Organization\",\"@id\":\"https:\/\/jinsuncarbon.com\/#organization\",\"name\":\"Jinsun Carbon\",\"alternateName\":\"Jinsun Carbon\",\"url\":\"https:\/\/jinsuncarbon.com\/\",\"logo\":{\"@type\":\"ImageObject\",\"inLanguage\":\"es\",\"@id\":\"https:\/\/jinsuncarbon.com\/#\/schema\/logo\/image\/\",\"url\":\"https:\/\/jinsuncarbon.com\/wp-content\/uploads\/2022\/12\/LOGO-1.png\",\"contentUrl\":\"https:\/\/jinsuncarbon.com\/wp-content\/uploads\/2022\/12\/LOGO-1.png\",\"width\":207,\"height\":80,\"caption\":\"Jinsun Carbon\"},\"image\":{\"@id\":\"https:\/\/jinsuncarbon.com\/#\/schema\/logo\/image\/\"},\"sameAs\":[\"https:\/\/www.facebook.com\/Graphite-Electrode-109336238661595\",\"https:\/\/x.com\/jinsuncarbon_\",\"https:\/\/www.linkedin.com\/in\/jinsungraphite\",\"https:\/\/www.youtube.com\/channel\/UCysDNyvyR5-3cCWEmpkVC0g\"]}]}<\/script>\n<!-- \/ Yoast SEO Premium plugin. -->","yoast_head_json":{"title":"Fabricante de material de grafito | Jinsun Carbon","description":"El grafito es un tipo de carbono que se utiliza para diferentes aplicaciones. Es un recurso natural de composici\u00f3n inigualable que puede utilizarse para m\u00faltiples fines.","robots":{"index":"index","follow":"follow","max-snippet":"max-snippet:-1","max-image-preview":"max-image-preview:large","max-video-preview":"max-video-preview:-1"},"canonical":"https:\/\/jinsuncarbon.com\/es_es\/producto\/material-de-grafito\/","og_locale":"es_ES","og_type":"article","og_title":"Graphite Material","og_description":"Graphite is a type of carbon\u00a0used for different applications. It is a natural resource of unparalleled composition\u00a0that can be used for multipurpose.","og_url":"https:\/\/jinsuncarbon.com\/es_es\/producto\/material-de-grafito\/","og_site_name":"Jinsun Carbon","article_publisher":"https:\/\/www.facebook.com\/Graphite-Electrode-109336238661595","article_modified_time":"2025-01-02T10:01:28+00:00","og_image":[{"width":1024,"height":720,"url":"https:\/\/jinsuncarbon.com\/wp-content\/uploads\/2024\/11\/Graphite-material.jpg","type":"image\/jpeg"}],"twitter_card":"summary_large_image","twitter_site":"@jinsuncarbon_","twitter_misc":{"Tiempo de lectura":"5 minutos"},"schema":{"@context":"https:\/\/schema.org","@graph":[{"@type":"WebPage","@id":"https:\/\/jinsuncarbon.com\/product\/graphite-material\/","url":"https:\/\/jinsuncarbon.com\/product\/graphite-material\/","name":"Fabricante de material de grafito | Jinsun Carbon","isPartOf":{"@id":"https:\/\/jinsuncarbon.com\/#website"},"primaryImageOfPage":{"@id":"https:\/\/jinsuncarbon.com\/product\/graphite-material\/#primaryimage"},"image":{"@id":"https:\/\/jinsuncarbon.com\/product\/graphite-material\/#primaryimage"},"thumbnailUrl":"https:\/\/jinsuncarbon.com\/wp-content\/uploads\/2024\/11\/Graphite-material.jpg","datePublished":"2024-11-07T13:17:13+00:00","dateModified":"2025-01-02T10:01:28+00:00","description":"El grafito es un tipo de carbono que se utiliza para diferentes aplicaciones. Es un recurso natural de composici\u00f3n inigualable que puede utilizarse para m\u00faltiples fines.","breadcrumb":{"@id":"https:\/\/jinsuncarbon.com\/product\/graphite-material\/#breadcrumb"},"inLanguage":"es","potentialAction":[{"@type":"ReadAction","target":["https:\/\/jinsuncarbon.com\/product\/graphite-material\/"]}]},{"@type":"ImageObject","inLanguage":"es","@id":"https:\/\/jinsuncarbon.com\/product\/graphite-material\/#primaryimage","url":"https:\/\/jinsuncarbon.com\/wp-content\/uploads\/2024\/11\/Graphite-material.jpg","contentUrl":"https:\/\/jinsuncarbon.com\/wp-content\/uploads\/2024\/11\/Graphite-material.jpg","width":1024,"height":720,"caption":"Graphite material"},{"@type":"BreadcrumbList","@id":"https:\/\/jinsuncarbon.com\/product\/graphite-material\/#breadcrumb","itemListElement":[{"@type":"ListItem","position":1,"name":"Home","item":"https:\/\/jinsuncarbon.com\/"},{"@type":"ListItem","position":2,"name":"Products","item":"https:\/\/jinsuncarbon.com\/graphite-carbon\/"},{"@type":"ListItem","position":3,"name":"Graphite Material"}]},{"@type":"WebSite","@id":"https:\/\/jinsuncarbon.com\/#website","url":"https:\/\/jinsuncarbon.com\/","name":"Jinsun Carbon","description":"Somos el fabricante de electrodos de grafito con m\u00e1s \u00e9xito de China","publisher":{"@id":"https:\/\/jinsuncarbon.com\/#organization"},"potentialAction":[{"@type":"SearchAction","target":{"@type":"EntryPoint","urlTemplate":"https:\/\/jinsuncarbon.com\/?s={search_term_string}"},"query-input":{"@type":"PropertyValueSpecification","valueRequired":true,"valueName":"search_term_string"}}],"inLanguage":"es"},{"@type":"Organization","@id":"https:\/\/jinsuncarbon.com\/#organization","name":"Jinsun Carbon","alternateName":"Jinsun Carbon","url":"https:\/\/jinsuncarbon.com\/","logo":{"@type":"ImageObject","inLanguage":"es","@id":"https:\/\/jinsuncarbon.com\/#\/schema\/logo\/image\/","url":"https:\/\/jinsuncarbon.com\/wp-content\/uploads\/2022\/12\/LOGO-1.png","contentUrl":"https:\/\/jinsuncarbon.com\/wp-content\/uploads\/2022\/12\/LOGO-1.png","width":207,"height":80,"caption":"Jinsun Carbon"},"image":{"@id":"https:\/\/jinsuncarbon.com\/#\/schema\/logo\/image\/"},"sameAs":["https:\/\/www.facebook.com\/Graphite-Electrode-109336238661595","https:\/\/x.com\/jinsuncarbon_","https:\/\/www.linkedin.com\/in\/jinsungraphite","https:\/\/www.youtube.com\/channel\/UCysDNyvyR5-3cCWEmpkVC0g"]}]}},"_links":{"self":[{"href":"https:\/\/jinsuncarbon.com\/es_es\/wp-json\/wp\/v2\/product\/6554","targetHints":{"allow":["GET"]}}],"collection":[{"href":"https:\/\/jinsuncarbon.com\/es_es\/wp-json\/wp\/v2\/product"}],"about":[{"href":"https:\/\/jinsuncarbon.com\/es_es\/wp-json\/wp\/v2\/types\/product"}],"wp:featuredmedia":[{"embeddable":true,"href":"https:\/\/jinsuncarbon.com\/es_es\/wp-json\/wp\/v2\/media\/6555"}],"wp:attachment":[{"href":"https:\/\/jinsuncarbon.com\/es_es\/wp-json\/wp\/v2\/media?parent=6554"}],"wp:term":[{"taxonomy":"product_brand","embeddable":true,"href":"https:\/\/jinsuncarbon.com\/es_es\/wp-json\/wp\/v2\/product_brand?post=6554"},{"taxonomy":"product_cat","embeddable":true,"href":"https:\/\/jinsuncarbon.com\/es_es\/wp-json\/wp\/v2\/product_cat?post=6554"},{"taxonomy":"product_tag","embeddable":true,"href":"https:\/\/jinsuncarbon.com\/es_es\/wp-json\/wp\/v2\/product_tag?post=6554"}],"curies":[{"name":"wp","href":"https:\/\/api.w.org\/{rel}","templated":true}]}}