{"id":8085,"date":"2025-09-30T00:49:55","date_gmt":"2025-09-30T00:49:55","guid":{"rendered":"https:\/\/jinsuncarbon.com\/?post_type=product&#038;p=8085"},"modified":"2025-09-30T00:49:56","modified_gmt":"2025-09-30T00:49:56","slug":"molde-de-marmol-grafito","status":"publish","type":"product","link":"https:\/\/jinsuncarbon.com\/es_ar\/producto\/molde-de-marmol-grafito\/","title":{"rendered":"Molde de m\u00e1rmol grafito"},"content":{"rendered":"<h2>Ventajas del molde de m\u00e1rmol de grafito<\/h2>\n<p><strong><b>Gran estabilidad t\u00e9rmica<\/b><\/strong><\/p>\n<p>Puede mantener la estabilidad estructural en una gama de temperaturas de -200\u00b0C a 800\u00b0C sin agrietarse ni deformarse.<\/p>\n<p>&nbsp;<\/p>\n<p><strong><b>M\u00e1xima precisi\u00f3n superficial<\/b><\/strong><\/p>\n<p>La textura densa y la superficie lisa del m\u00e1rmol permiten que la superficie de moldeo alcance una precisi\u00f3n microm\u00e9trica. Esto garantiza que los productos acabados no tengan defectos y no requieran un pulido secundario.<\/p>\n<p>&nbsp;<\/p>\n<p><strong><b>Antiadherente y f\u00e1cil de desmoldar<\/b><\/strong><\/p>\n<p>Su baja tensi\u00f3n superficial hace que sea menos probable que los productos acabados se adhieran al molde tras el moldeo a alta temperatura. Esto permite un desmoldeo suave directamente, reduce la tasa de da\u00f1os de los productos acabados y mejora la eficiencia de la producci\u00f3n.<\/p>\n<p>&nbsp;<\/p>\n<p><strong><b>Gran inercia qu\u00edmica<\/b><\/strong><\/p>\n<p>No es propenso a reaccionar con medios corrosivos, lo que lo hace adecuado para producir materiales con componentes corrosivos.<\/p>\n<p>&nbsp;<\/p>\n<p><strong><b>Alta resistencia estructural<\/b><\/strong><\/p>\n<p>Puede soportar impactos de presi\u00f3n durante el proceso de moldeo, por lo que es poco probable que se deforme durante un largo periodo de uso.<\/p>\n<p><strong><b>\u00a0<\/b><\/strong><\/p>\n<p><strong><b>Buena uniformidad de conductividad t\u00e9rmica<\/b><\/strong><\/p>\n<p>Gracias a su excelente conductividad t\u00e9rmica, garantiza temperaturas uniformes en todas las partes del molde. Y evita tensiones internas o defectos estructurales en los productos acabados debidos a diferencias locales de temperatura.<\/p>\n<p><strong><b>\u00a0<\/b><\/strong><\/p>\n<p>Adem\u00e1s, el molde de m\u00e1rmol de grafito suele tener forma de placas planas o estructuras irregulares personalizadas. Y seg\u00fan sus requisitos de producci\u00f3n espec\u00edficos, se procesar\u00e1 con precisi\u00f3n para cumplir los requisitos de especificaci\u00f3n correspondientes.<\/p>\n<p><strong><b>\u00a0<\/b><\/strong><\/p>\n<h2>Usos del molde de m\u00e1rmol grafito<\/h2>\n<h3>Materiales de construcci\u00f3n y decoraci\u00f3n<\/h3>\n<p><strong><b>Producci\u00f3n de piedra artificial<\/b><\/strong><\/p>\n<p>Se puede utilizar para colar paneles de m\u00e1rmol artificial y piedra de cuarzo, lo que garantiza la superficie lisa y plana de los paneles. Y tambi\u00e9n evita que la resina de alta temperatura se adhiera, mejorando as\u00ed el \u00edndice de cualificaci\u00f3n de los productos acabados.<\/p>\n<p>&nbsp;<\/p>\n<p><strong><b>Conformado de piezas decorativas resistentes a altas temperaturas<\/b><\/strong><\/p>\n<p>Puede utilizar <a href=\"https:\/\/jinsuncarbon.com\/es_ar\/producto\/molde-de-grafito\/\">molde de grafito<\/a> para fabricar piezas decorativas destinadas a entornos de altas temperaturas, como paneles de chimeneas o encimeras de laboratorio. Con la resistencia al calor y la precisi\u00f3n de la superficie, garantiza que las piezas decorativas sean pr\u00e1cticas y est\u00e9ticamente agradables.<\/p>\n<p>&nbsp;<\/p>\n<h3>Materiales especiales<\/h3>\n<p><strong><b>Moldeado cer\u00e1mico especial<\/b><\/strong><\/p>\n<p>Gracias a su conductividad t\u00e9rmica uniforme, puede utilizarlo para sinterizar componentes cer\u00e1micos especiales como <a href=\"https:\/\/en.wikipedia.org\/wiki\/Aluminium_oxide\" target=\"_blank\" rel=\"noopener\">al\u00famina<\/a>. Puede evitar el agrietamiento durante la sinterizaci\u00f3n de la cer\u00e1mica, y la resistencia estructural del m\u00e1rmol puede soportar la presi\u00f3n.<\/p>\n<p>&nbsp;<\/p>\n<p><strong><b>Producci\u00f3n de componentes de material compuesto<\/b><\/strong><\/p>\n<p>Se puede utilizar para producir componentes que requieran un curado a alta temperatura, como los materiales compuestos reforzados con fibra de vidrio. Con la inercia qu\u00edmica, puede evitar reacciones con las resinas de materiales compuestos, garantizando el rendimiento de los componentes.<\/p>\n<p>&nbsp;<\/p>\n<h3>El campo de la artesan\u00eda y los componentes de precisi\u00f3n<\/h3>\n<p><strong><b>Fundici\u00f3n artesanal a alta temperatura<\/b><\/strong><\/p>\n<p>Tambi\u00e9n puede utilizarse para la producci\u00f3n de artesan\u00eda en vidrio y cer\u00e1mica de alta temperatura. Puede reproducir con precisi\u00f3n los complejos patrones de la artesan\u00eda, lo que garantiza el desmoldeo sin problemas de los productos acabados.<\/p>\n<p>&nbsp;<\/p>\n<p><strong><b>Moldeo auxiliar para componentes electr\u00f3nicos de precisi\u00f3n<\/b><\/strong><\/p>\n<p>Puede garantizar la precisi\u00f3n dimensional de los componentes, lo que se utiliza para la producci\u00f3n de algunas carcasas o bases de componentes electr\u00f3nicos resistentes a altas temperaturas. Adem\u00e1s, su conductividad t\u00e9rmica ayuda a enfriar y dar forma a los componentes tras el moldeo.<\/p>","protected":false},"excerpt":{"rendered":"<p>El molde de grafito y m\u00e1rmol es un molde compuesto hecho combinando materiales de grafito y m\u00e1rmol, integrando las ventajas principales de ambos materiales. Utiliza el m\u00e1rmol como capa estructural b\u00e1sica y el grafito como capa funcional superficial o material de la pieza de conformaci\u00f3n clave. Tiene una excelente estabilidad a altas temperaturas, suavidad superficial y rendimiento antiadherente, que se adapta a diversos procesos de conformado a altas temperaturas. Y rinde bien en escenarios de producci\u00f3n con elevados requisitos de precisi\u00f3n y aspecto del producto, que es una herramienta de conformado duradera y eficaz. Se puede utilizar en el vertido de l\u00e1minas de m\u00e1rmol artificial, la sinterizaci\u00f3n de componentes cer\u00e1micos especiales, etc.<\/p>","protected":false},"featured_media":8086,"template":"","meta":[],"product_brand":[],"product_cat":[38],"product_tag":[],"class_list":{"0":"post-8085","1":"product","2":"type-product","3":"status-publish","4":"has-post-thumbnail","6":"product_cat-graphite-products","8":"first","9":"instock","10":"shipping-taxable","11":"product-type-simple"},"yoast_head":"<!-- This site is optimized with the Yoast SEO Premium plugin v19.2.1 (Yoast SEO v25.3) - https:\/\/yoast.com\/wordpress\/plugins\/seo\/ -->\n<title>Graphite Marble Mold | Jinsun Carbon<\/title>\n<meta name=\"robots\" content=\"index, follow, max-snippet:-1, max-image-preview:large, max-video-preview:-1\" \/>\n<link rel=\"canonical\" href=\"https:\/\/jinsuncarbon.com\/es_ar\/producto\/molde-de-marmol-grafito\/\" \/>\n<meta property=\"og:locale\" content=\"es_ES\" \/>\n<meta property=\"og:type\" content=\"article\" \/>\n<meta property=\"og:title\" content=\"Graphite Marble Mold\" \/>\n<meta property=\"og:description\" content=\"Graphite marble mold is a composite mold made by combining graphite and marble materials, integrating the core advantages of both materials. It uses marble as the basic structural layer and graphite as the surface functional layer or the key forming part material.\u00a0It has\u00a0excellent high-temperature stability, surface smoothness and anti-sticking performance, which is adapted to various high-temperature forming processes. And it performs well in production scenarios with high requirements for product precision and appearance, which is a durable and efficient forming tool. You can use it\u00a0in the pouring of artificial marble sheets, the sintering of special ceramic components, and etc.\" \/>\n<meta property=\"og:url\" content=\"https:\/\/jinsuncarbon.com\/es_ar\/producto\/molde-de-marmol-grafito\/\" \/>\n<meta property=\"og:site_name\" content=\"Jinsun Carbon\" \/>\n<meta property=\"article:publisher\" content=\"https:\/\/www.facebook.com\/Graphite-Electrode-109336238661595\" \/>\n<meta property=\"article:modified_time\" content=\"2025-09-30T00:49:56+00:00\" \/>\n<meta property=\"og:image\" content=\"https:\/\/jinsuncarbon.com\/wp-content\/uploads\/2025\/09\/Graphite-marble-mold.jpg\" \/>\n\t<meta property=\"og:image:width\" content=\"1024\" \/>\n\t<meta property=\"og:image:height\" content=\"763\" \/>\n\t<meta property=\"og:image:type\" content=\"image\/jpeg\" \/>\n<meta name=\"twitter:card\" content=\"summary_large_image\" \/>\n<meta name=\"twitter:site\" content=\"@jinsuncarbon_\" \/>\n<meta name=\"twitter:label1\" content=\"Tiempo de lectura\" \/>\n\t<meta name=\"twitter:data1\" content=\"3 minutos\" \/>\n<script type=\"application\/ld+json\" class=\"yoast-schema-graph\">{\"@context\":\"https:\/\/schema.org\",\"@graph\":[{\"@type\":\"WebPage\",\"@id\":\"https:\/\/jinsuncarbon.com\/product\/graphite-marble-mold\/\",\"url\":\"https:\/\/jinsuncarbon.com\/product\/graphite-marble-mold\/\",\"name\":\"Graphite Marble Mold | Jinsun Carbon\",\"isPartOf\":{\"@id\":\"https:\/\/jinsuncarbon.com\/#website\"},\"primaryImageOfPage\":{\"@id\":\"https:\/\/jinsuncarbon.com\/product\/graphite-marble-mold\/#primaryimage\"},\"image\":{\"@id\":\"https:\/\/jinsuncarbon.com\/product\/graphite-marble-mold\/#primaryimage\"},\"thumbnailUrl\":\"https:\/\/jinsuncarbon.com\/wp-content\/uploads\/2025\/09\/Graphite-marble-mold.jpg\",\"datePublished\":\"2025-09-30T00:49:55+00:00\",\"dateModified\":\"2025-09-30T00:49:56+00:00\",\"breadcrumb\":{\"@id\":\"https:\/\/jinsuncarbon.com\/product\/graphite-marble-mold\/#breadcrumb\"},\"inLanguage\":\"es-AR\",\"potentialAction\":[{\"@type\":\"ReadAction\",\"target\":[\"https:\/\/jinsuncarbon.com\/product\/graphite-marble-mold\/\"]}]},{\"@type\":\"ImageObject\",\"inLanguage\":\"es-AR\",\"@id\":\"https:\/\/jinsuncarbon.com\/product\/graphite-marble-mold\/#primaryimage\",\"url\":\"https:\/\/jinsuncarbon.com\/wp-content\/uploads\/2025\/09\/Graphite-marble-mold.jpg\",\"contentUrl\":\"https:\/\/jinsuncarbon.com\/wp-content\/uploads\/2025\/09\/Graphite-marble-mold.jpg\",\"width\":1024,\"height\":763,\"caption\":\"Graphite marble mold\"},{\"@type\":\"BreadcrumbList\",\"@id\":\"https:\/\/jinsuncarbon.com\/product\/graphite-marble-mold\/#breadcrumb\",\"itemListElement\":[{\"@type\":\"ListItem\",\"position\":1,\"name\":\"Home\",\"item\":\"https:\/\/jinsuncarbon.com\/\"},{\"@type\":\"ListItem\",\"position\":2,\"name\":\"Products\",\"item\":\"https:\/\/jinsuncarbon.com\/graphite-carbon\/\"},{\"@type\":\"ListItem\",\"position\":3,\"name\":\"Graphite Marble Mold\"}]},{\"@type\":\"WebSite\",\"@id\":\"https:\/\/jinsuncarbon.com\/#website\",\"url\":\"https:\/\/jinsuncarbon.com\/\",\"name\":\"Jinsun Carbon\",\"description\":\"We are the successful graphite electrode manufacturer in China\",\"publisher\":{\"@id\":\"https:\/\/jinsuncarbon.com\/#organization\"},\"potentialAction\":[{\"@type\":\"SearchAction\",\"target\":{\"@type\":\"EntryPoint\",\"urlTemplate\":\"https:\/\/jinsuncarbon.com\/?s={search_term_string}\"},\"query-input\":{\"@type\":\"PropertyValueSpecification\",\"valueRequired\":true,\"valueName\":\"search_term_string\"}}],\"inLanguage\":\"es-AR\"},{\"@type\":\"Organization\",\"@id\":\"https:\/\/jinsuncarbon.com\/#organization\",\"name\":\"Jinsun Carbon\",\"alternateName\":\"Jinsun Carbon\",\"url\":\"https:\/\/jinsuncarbon.com\/\",\"logo\":{\"@type\":\"ImageObject\",\"inLanguage\":\"es-AR\",\"@id\":\"https:\/\/jinsuncarbon.com\/#\/schema\/logo\/image\/\",\"url\":\"https:\/\/jinsuncarbon.com\/wp-content\/uploads\/2022\/12\/LOGO-1.png\",\"contentUrl\":\"https:\/\/jinsuncarbon.com\/wp-content\/uploads\/2022\/12\/LOGO-1.png\",\"width\":207,\"height\":80,\"caption\":\"Jinsun Carbon\"},\"image\":{\"@id\":\"https:\/\/jinsuncarbon.com\/#\/schema\/logo\/image\/\"},\"sameAs\":[\"https:\/\/www.facebook.com\/Graphite-Electrode-109336238661595\",\"https:\/\/x.com\/jinsuncarbon_\",\"https:\/\/www.linkedin.com\/in\/jinsungraphite\",\"https:\/\/www.youtube.com\/channel\/UCysDNyvyR5-3cCWEmpkVC0g\"]}]}<\/script>\n<!-- \/ Yoast SEO Premium plugin. -->","yoast_head_json":{"title":"Molde de m\u00e1rmol de grafito | Jinsun Carbon","robots":{"index":"index","follow":"follow","max-snippet":"max-snippet:-1","max-image-preview":"max-image-preview:large","max-video-preview":"max-video-preview:-1"},"canonical":"https:\/\/jinsuncarbon.com\/es_ar\/producto\/molde-de-marmol-grafito\/","og_locale":"es_ES","og_type":"article","og_title":"Graphite Marble Mold","og_description":"Graphite marble mold is a composite mold made by combining graphite and marble materials, integrating the core advantages of both materials. It uses marble as the basic structural layer and graphite as the surface functional layer or the key forming part material.\u00a0It has\u00a0excellent high-temperature stability, surface smoothness and anti-sticking performance, which is adapted to various high-temperature forming processes. And it performs well in production scenarios with high requirements for product precision and appearance, which is a durable and efficient forming tool. You can use it\u00a0in the pouring of artificial marble sheets, the sintering of special ceramic components, and etc.","og_url":"https:\/\/jinsuncarbon.com\/es_ar\/producto\/molde-de-marmol-grafito\/","og_site_name":"Jinsun Carbon","article_publisher":"https:\/\/www.facebook.com\/Graphite-Electrode-109336238661595","article_modified_time":"2025-09-30T00:49:56+00:00","og_image":[{"width":1024,"height":763,"url":"https:\/\/jinsuncarbon.com\/wp-content\/uploads\/2025\/09\/Graphite-marble-mold.jpg","type":"image\/jpeg"}],"twitter_card":"summary_large_image","twitter_site":"@jinsuncarbon_","twitter_misc":{"Tiempo de lectura":"3 minutos"},"schema":{"@context":"https:\/\/schema.org","@graph":[{"@type":"WebPage","@id":"https:\/\/jinsuncarbon.com\/product\/graphite-marble-mold\/","url":"https:\/\/jinsuncarbon.com\/product\/graphite-marble-mold\/","name":"Molde de m\u00e1rmol de grafito | Jinsun Carbon","isPartOf":{"@id":"https:\/\/jinsuncarbon.com\/#website"},"primaryImageOfPage":{"@id":"https:\/\/jinsuncarbon.com\/product\/graphite-marble-mold\/#primaryimage"},"image":{"@id":"https:\/\/jinsuncarbon.com\/product\/graphite-marble-mold\/#primaryimage"},"thumbnailUrl":"https:\/\/jinsuncarbon.com\/wp-content\/uploads\/2025\/09\/Graphite-marble-mold.jpg","datePublished":"2025-09-30T00:49:55+00:00","dateModified":"2025-09-30T00:49:56+00:00","breadcrumb":{"@id":"https:\/\/jinsuncarbon.com\/product\/graphite-marble-mold\/#breadcrumb"},"inLanguage":"es-AR","potentialAction":[{"@type":"ReadAction","target":["https:\/\/jinsuncarbon.com\/product\/graphite-marble-mold\/"]}]},{"@type":"ImageObject","inLanguage":"es-AR","@id":"https:\/\/jinsuncarbon.com\/product\/graphite-marble-mold\/#primaryimage","url":"https:\/\/jinsuncarbon.com\/wp-content\/uploads\/2025\/09\/Graphite-marble-mold.jpg","contentUrl":"https:\/\/jinsuncarbon.com\/wp-content\/uploads\/2025\/09\/Graphite-marble-mold.jpg","width":1024,"height":763,"caption":"Graphite marble mold"},{"@type":"BreadcrumbList","@id":"https:\/\/jinsuncarbon.com\/product\/graphite-marble-mold\/#breadcrumb","itemListElement":[{"@type":"ListItem","position":1,"name":"Home","item":"https:\/\/jinsuncarbon.com\/"},{"@type":"ListItem","position":2,"name":"Products","item":"https:\/\/jinsuncarbon.com\/graphite-carbon\/"},{"@type":"ListItem","position":3,"name":"Graphite Marble Mold"}]},{"@type":"WebSite","@id":"https:\/\/jinsuncarbon.com\/#website","url":"https:\/\/jinsuncarbon.com\/","name":"Jinsun Carbon","description":"Somos el fabricante de electrodos de grafito con m\u00e1s \u00e9xito de China","publisher":{"@id":"https:\/\/jinsuncarbon.com\/#organization"},"potentialAction":[{"@type":"SearchAction","target":{"@type":"EntryPoint","urlTemplate":"https:\/\/jinsuncarbon.com\/?s={search_term_string}"},"query-input":{"@type":"PropertyValueSpecification","valueRequired":true,"valueName":"search_term_string"}}],"inLanguage":"es-AR"},{"@type":"Organization","@id":"https:\/\/jinsuncarbon.com\/#organization","name":"Jinsun Carbon","alternateName":"Jinsun Carbon","url":"https:\/\/jinsuncarbon.com\/","logo":{"@type":"ImageObject","inLanguage":"es-AR","@id":"https:\/\/jinsuncarbon.com\/#\/schema\/logo\/image\/","url":"https:\/\/jinsuncarbon.com\/wp-content\/uploads\/2022\/12\/LOGO-1.png","contentUrl":"https:\/\/jinsuncarbon.com\/wp-content\/uploads\/2022\/12\/LOGO-1.png","width":207,"height":80,"caption":"Jinsun Carbon"},"image":{"@id":"https:\/\/jinsuncarbon.com\/#\/schema\/logo\/image\/"},"sameAs":["https:\/\/www.facebook.com\/Graphite-Electrode-109336238661595","https:\/\/x.com\/jinsuncarbon_","https:\/\/www.linkedin.com\/in\/jinsungraphite","https:\/\/www.youtube.com\/channel\/UCysDNyvyR5-3cCWEmpkVC0g"]}]}},"_links":{"self":[{"href":"https:\/\/jinsuncarbon.com\/es_ar\/wp-json\/wp\/v2\/product\/8085","targetHints":{"allow":["GET"]}}],"collection":[{"href":"https:\/\/jinsuncarbon.com\/es_ar\/wp-json\/wp\/v2\/product"}],"about":[{"href":"https:\/\/jinsuncarbon.com\/es_ar\/wp-json\/wp\/v2\/types\/product"}],"wp:featuredmedia":[{"embeddable":true,"href":"https:\/\/jinsuncarbon.com\/es_ar\/wp-json\/wp\/v2\/media\/8086"}],"wp:attachment":[{"href":"https:\/\/jinsuncarbon.com\/es_ar\/wp-json\/wp\/v2\/media?parent=8085"}],"wp:term":[{"taxonomy":"product_brand","embeddable":true,"href":"https:\/\/jinsuncarbon.com\/es_ar\/wp-json\/wp\/v2\/product_brand?post=8085"},{"taxonomy":"product_cat","embeddable":true,"href":"https:\/\/jinsuncarbon.com\/es_ar\/wp-json\/wp\/v2\/product_cat?post=8085"},{"taxonomy":"product_tag","embeddable":true,"href":"https:\/\/jinsuncarbon.com\/es_ar\/wp-json\/wp\/v2\/product_tag?post=8085"}],"curies":[{"name":"wp","href":"https:\/\/api.w.org\/{rel}","templated":true}]}}