{"id":8065,"date":"2025-09-23T00:07:38","date_gmt":"2025-09-23T00:07:38","guid":{"rendered":"https:\/\/jinsuncarbon.com\/?post_type=product&#038;p=8065"},"modified":"2025-09-23T00:07:39","modified_gmt":"2025-09-23T00:07:39","slug":"catodo-para-sputtering-de-carbono","status":"publish","type":"product","link":"https:\/\/jinsuncarbon.com\/es_ar\/producto\/catodo-para-sputtering-de-carbono\/","title":{"rendered":"Blanco para sputtering de carbono"},"content":{"rendered":"<h2>Ventajas del c\u00e1todo para sputtering de carbono<\/h2>\n<p>Sus formas habituales incluyen estructuras circulares, rectangulares o irregulares a medida, y sus ventajas destacan especialmente en el proceso de revestimiento.<\/p>\n<p><strong><b>E<\/b><\/strong><strong><b>xcelente estabilidad qu\u00edmica<\/b><\/strong><\/p>\n<p>Es menos probable que reaccione con otros elementos en condiciones de alto vac\u00edo y bombardeo de part\u00edculas de alta energ\u00eda. De este modo se garantiza la pureza de la composici\u00f3n del revestimiento.<\/p>\n<p>&nbsp;<\/p>\n<p><strong><b>H<\/b><\/strong><strong><b>ivel de sputtering altamente controlable<\/b><\/strong><\/p>\n<p>El grosor de la pel\u00edcula de carbono puede controlarse con precisi\u00f3n ajustando los par\u00e1metros del proceso para satisfacer los distintos requisitos de grosor.<\/p>\n<p><strong><b>\u00a0<\/b><\/strong><\/p>\n<p><strong><b>W<\/b><\/strong><strong><b>adaptabilidad ide<\/b><\/strong><\/p>\n<p>Se puede combinar con diversos sustratos como <a href=\"https:\/\/en.wikipedia.org\/wiki\/Silicon\" target=\"_blank\" rel=\"noopener\">silicio<\/a> y metales para formar pel\u00edculas de carbono. Las pel\u00edculas de carbono tienen caracter\u00edsticas como alta dureza, bajo coeficiente de fricci\u00f3n o excelente conductividad.<\/p>\n<p><strong><b>\u00a0<\/b><\/strong><\/p>\n<p><strong><b>Amplia gama de capacidades de control de la pureza<\/b><\/strong><\/p>\n<p>Puede preparar materiales diana que van desde la alta pureza (superior a 99,99%) hasta tipos dopados seg\u00fan sus necesidades, y ajustar con flexibilidad el rendimiento de la pel\u00edcula de carbono.<\/p>\n<p>&nbsp;<\/p>\n<p><strong><b>Vida \u00fatil estable<\/b><\/strong><\/p>\n<p>En condiciones de uso est\u00e1ndar, la p\u00e9rdida de material objetivo es uniforme, lo que garantiza la consistencia de la producci\u00f3n de revestimiento por lotes.<\/p>\n<p><strong><b>\u00a0<\/b><\/strong><\/p>\n<h2>Usos del c\u00e1todo para sputtering de carbono<\/h2>\n<h3>Campo de los semiconductores electr\u00f3nicos<\/h3>\n<p><strong><b>Recubrimiento de la capa de interconexi\u00f3n de chips<\/b><\/strong><\/p>\n<p>Puede utilizar pel\u00edculas de carbono formadas por c\u00e1todos para sputtering de carbono de gran pureza como barreras de difusi\u00f3n o capas conductoras. Su uso para las capas de interconexi\u00f3n met\u00e1lica en chips puede mejorar la conductividad y la estabilidad de los chips.<\/p>\n<p>&nbsp;<\/p>\n<p><strong><b>Preparaci\u00f3n del electrodo sensor<\/b><\/strong><\/p>\n<p>Se puede utilizar en las superficies de sensores de gas y biosensores para formar sensores de alta sensibilidad. <a href=\"https:\/\/jinsuncarbon.com\/es_ar\/producto\/electrodo-de-varilla-de-carbono\/\">electrodos<\/a>garantizando la precisi\u00f3n de detecci\u00f3n de los sensores.<\/p>\n<p>&nbsp;<\/p>\n<h3>Campo \u00f3ptico<\/h3>\n<p><strong><b>Revestimientos antirreflejos\/antirrefractivos de las lentes \u00f3pticas<\/b><\/strong><\/p>\n<p>El uso de pel\u00edculas de carbono formadas por c\u00e1todos de pulverizaci\u00f3n cat\u00f3dica de carbono permite ajustar la reflectividad y transmitancia \u00f3pticas de las lentes. Es adecuado para componentes \u00f3pticos como lentes de c\u00e1maras y lentes l\u00e1ser.<\/p>\n<p>&nbsp;<\/p>\n<p><strong><b>Revestimiento infrarrojo para ventanas<\/b><\/strong><\/p>\n<p>Se puede utilizar en la superficie de las ventanas de los equipos de detecci\u00f3n por infrarrojos. Puede mejorar la resistencia al desgaste y el rendimiento de transmisi\u00f3n de infrarrojos de las ventanas.<\/p>\n<p>&nbsp;<\/p>\n<h3>Fabricaci\u00f3n mec\u00e1nica<\/h3>\n<p><strong><b>Recubrimiento de herramientas de precisi\u00f3n<\/b><\/strong><\/p>\n<p>Puede utilizar pel\u00edculas de DLC formadas por pulverizaci\u00f3n cat\u00f3dica con c\u00e1todos de carbono tipo diamante para recubrir las superficies de herramientas de aleaci\u00f3n dura. Puede mejorar significativamente la dureza y la resistencia al desgaste de las herramientas y prolongar su vida \u00fatil.<\/p>\n<p>&nbsp;<\/p>\n<p><strong><b>Refuerzo de la superficie del molde<\/b><\/strong><\/p>\n<p>Puede depositar revestimientos en las superficies de moldes de estampaci\u00f3n y moldes de inyecci\u00f3n para reducir el desgaste. Reduce el coeficiente de fricci\u00f3n entre los moldes y las piezas de trabajo, y mejora la eficiencia de producci\u00f3n de los moldes.<\/p>\n<p>&nbsp;<\/p>\n<h3>Nuevo campo de energ\u00eda<\/h3>\n<p><strong><b>Recubrimiento de placas bipolares de pilas de combustible<\/b><\/strong><\/p>\n<p>Su uso en las superficies de las placas bipolares met\u00e1licas puede mejorar la resistencia a la corrosi\u00f3n y la conductividad de las placas bipolares. As\u00ed se mejora la eficiencia de generaci\u00f3n de energ\u00eda y la vida \u00fatil de las pilas de combustible.<\/p>\n<p>&nbsp;<\/p>\n<p><strong><b>Modificaci\u00f3n de electrodos de bater\u00edas de litio<\/b><\/strong><\/p>\n<p>Tambi\u00e9n se puede utilizar en las superficies de los materiales de los electrodos positivos o negativos de las bater\u00edas de litio. Mejora la conductividad electr\u00f3nica de los electrodos, aumentando la eficacia de carga y descarga y la vida \u00fatil de las bater\u00edas.<\/p>","protected":false},"excerpt":{"rendered":"<p>El c\u00e1todo de carbono para sputtering es un material funcional hecho de materiales de carbono de gran pureza, como grafito, pel\u00edculas de diamante, etc. Es el componente central del proceso de recubrimiento por pulverizaci\u00f3n cat\u00f3dica en la tecnolog\u00eda de deposici\u00f3n f\u00edsica de vapor, que tiene una excelente conductividad, estabilidad y eficiencia de pulverizaci\u00f3n cat\u00f3dica controlable. Puede formar pel\u00edculas de carbono uniformes en las superficies de sustratos como chips, componentes \u00f3pticos y herramientas de corte recubiertas. Y es ampliamente aplicable a los requisitos precisos de recubrimiento en los campos de la electr\u00f3nica, la \u00f3ptica y la mec\u00e1nica.<\/p>","protected":false},"featured_media":8073,"template":"","meta":[],"product_brand":[],"product_cat":[39],"product_tag":[],"class_list":{"0":"post-8065","1":"product","2":"type-product","3":"status-publish","4":"has-post-thumbnail","6":"product_cat-carbon-products","8":"first","9":"instock","10":"shipping-taxable","11":"product-type-simple"},"yoast_head":"<!-- This site is optimized with the Yoast SEO Premium plugin v19.2.1 (Yoast SEO v25.3) - https:\/\/yoast.com\/wordpress\/plugins\/seo\/ -->\n<title>Carbon Sputtering Target | Jinsun Carbon<\/title>\n<meta name=\"robots\" content=\"index, follow, max-snippet:-1, max-image-preview:large, max-video-preview:-1\" \/>\n<link rel=\"canonical\" href=\"https:\/\/jinsuncarbon.com\/es_ar\/producto\/catodo-para-sputtering-de-carbono\/\" \/>\n<meta property=\"og:locale\" content=\"es_ES\" \/>\n<meta property=\"og:type\" content=\"article\" \/>\n<meta property=\"og:title\" content=\"Carbon Sputtering Target\" \/>\n<meta property=\"og:description\" content=\"Carbon sputtering target is a functional target material made of high-purity carbon materials such as graphite, diamond films, etc. It is the core component of the sputtering coating process in physical vapor deposition technology, which has\u00a0excellent conductivity, stability and controllable sputtering efficiency. It can form uniform carbon films on the surfaces of substrates such as chips, optical components, and coated cutting tools. And it is widely applicable to the precise coating requirements in the fields of electronics, optics, and mechanics.\" \/>\n<meta property=\"og:url\" content=\"https:\/\/jinsuncarbon.com\/es_ar\/producto\/catodo-para-sputtering-de-carbono\/\" \/>\n<meta property=\"og:site_name\" content=\"Jinsun Carbon\" \/>\n<meta property=\"article:publisher\" content=\"https:\/\/www.facebook.com\/Graphite-Electrode-109336238661595\" \/>\n<meta property=\"article:modified_time\" content=\"2025-09-23T00:07:39+00:00\" \/>\n<meta property=\"og:image\" content=\"https:\/\/jinsuncarbon.com\/wp-content\/uploads\/2025\/09\/Carbon-Sputtering-Target.jpg\" \/>\n\t<meta property=\"og:image:width\" content=\"1024\" \/>\n\t<meta property=\"og:image:height\" content=\"763\" \/>\n\t<meta property=\"og:image:type\" content=\"image\/jpeg\" \/>\n<meta name=\"twitter:card\" content=\"summary_large_image\" \/>\n<meta name=\"twitter:site\" content=\"@jinsuncarbon_\" \/>\n<meta name=\"twitter:label1\" content=\"Tiempo de lectura\" \/>\n\t<meta name=\"twitter:data1\" content=\"3 minutos\" \/>\n<script type=\"application\/ld+json\" class=\"yoast-schema-graph\">{\"@context\":\"https:\/\/schema.org\",\"@graph\":[{\"@type\":\"WebPage\",\"@id\":\"https:\/\/jinsuncarbon.com\/product\/carbon-sputtering-target\/\",\"url\":\"https:\/\/jinsuncarbon.com\/product\/carbon-sputtering-target\/\",\"name\":\"Carbon Sputtering Target | Jinsun Carbon\",\"isPartOf\":{\"@id\":\"https:\/\/jinsuncarbon.com\/#website\"},\"primaryImageOfPage\":{\"@id\":\"https:\/\/jinsuncarbon.com\/product\/carbon-sputtering-target\/#primaryimage\"},\"image\":{\"@id\":\"https:\/\/jinsuncarbon.com\/product\/carbon-sputtering-target\/#primaryimage\"},\"thumbnailUrl\":\"https:\/\/jinsuncarbon.com\/wp-content\/uploads\/2025\/09\/Carbon-Sputtering-Target.jpg\",\"datePublished\":\"2025-09-23T00:07:38+00:00\",\"dateModified\":\"2025-09-23T00:07:39+00:00\",\"breadcrumb\":{\"@id\":\"https:\/\/jinsuncarbon.com\/product\/carbon-sputtering-target\/#breadcrumb\"},\"inLanguage\":\"es-AR\",\"potentialAction\":[{\"@type\":\"ReadAction\",\"target\":[\"https:\/\/jinsuncarbon.com\/product\/carbon-sputtering-target\/\"]}]},{\"@type\":\"ImageObject\",\"inLanguage\":\"es-AR\",\"@id\":\"https:\/\/jinsuncarbon.com\/product\/carbon-sputtering-target\/#primaryimage\",\"url\":\"https:\/\/jinsuncarbon.com\/wp-content\/uploads\/2025\/09\/Carbon-Sputtering-Target.jpg\",\"contentUrl\":\"https:\/\/jinsuncarbon.com\/wp-content\/uploads\/2025\/09\/Carbon-Sputtering-Target.jpg\",\"width\":1024,\"height\":763,\"caption\":\"Carbon Sputtering Target\"},{\"@type\":\"BreadcrumbList\",\"@id\":\"https:\/\/jinsuncarbon.com\/product\/carbon-sputtering-target\/#breadcrumb\",\"itemListElement\":[{\"@type\":\"ListItem\",\"position\":1,\"name\":\"Home\",\"item\":\"https:\/\/jinsuncarbon.com\/\"},{\"@type\":\"ListItem\",\"position\":2,\"name\":\"Products\",\"item\":\"https:\/\/jinsuncarbon.com\/graphite-carbon\/\"},{\"@type\":\"ListItem\",\"position\":3,\"name\":\"Carbon Sputtering Target\"}]},{\"@type\":\"WebSite\",\"@id\":\"https:\/\/jinsuncarbon.com\/#website\",\"url\":\"https:\/\/jinsuncarbon.com\/\",\"name\":\"Jinsun Carbon\",\"description\":\"We are the successful graphite electrode manufacturer in China\",\"publisher\":{\"@id\":\"https:\/\/jinsuncarbon.com\/#organization\"},\"potentialAction\":[{\"@type\":\"SearchAction\",\"target\":{\"@type\":\"EntryPoint\",\"urlTemplate\":\"https:\/\/jinsuncarbon.com\/?s={search_term_string}\"},\"query-input\":{\"@type\":\"PropertyValueSpecification\",\"valueRequired\":true,\"valueName\":\"search_term_string\"}}],\"inLanguage\":\"es-AR\"},{\"@type\":\"Organization\",\"@id\":\"https:\/\/jinsuncarbon.com\/#organization\",\"name\":\"Jinsun Carbon\",\"alternateName\":\"Jinsun Carbon\",\"url\":\"https:\/\/jinsuncarbon.com\/\",\"logo\":{\"@type\":\"ImageObject\",\"inLanguage\":\"es-AR\",\"@id\":\"https:\/\/jinsuncarbon.com\/#\/schema\/logo\/image\/\",\"url\":\"https:\/\/jinsuncarbon.com\/wp-content\/uploads\/2022\/12\/LOGO-1.png\",\"contentUrl\":\"https:\/\/jinsuncarbon.com\/wp-content\/uploads\/2022\/12\/LOGO-1.png\",\"width\":207,\"height\":80,\"caption\":\"Jinsun Carbon\"},\"image\":{\"@id\":\"https:\/\/jinsuncarbon.com\/#\/schema\/logo\/image\/\"},\"sameAs\":[\"https:\/\/www.facebook.com\/Graphite-Electrode-109336238661595\",\"https:\/\/x.com\/jinsuncarbon_\",\"https:\/\/www.linkedin.com\/in\/jinsungraphite\",\"https:\/\/www.youtube.com\/channel\/UCysDNyvyR5-3cCWEmpkVC0g\"]}]}<\/script>\n<!-- \/ Yoast SEO Premium plugin. -->","yoast_head_json":{"title":"C\u00e1todos para sputtering de carbono | Jinsun Carbon","robots":{"index":"index","follow":"follow","max-snippet":"max-snippet:-1","max-image-preview":"max-image-preview:large","max-video-preview":"max-video-preview:-1"},"canonical":"https:\/\/jinsuncarbon.com\/es_ar\/producto\/catodo-para-sputtering-de-carbono\/","og_locale":"es_ES","og_type":"article","og_title":"Carbon Sputtering Target","og_description":"Carbon sputtering target is a functional target material made of high-purity carbon materials such as graphite, diamond films, etc. It is the core component of the sputtering coating process in physical vapor deposition technology, which has\u00a0excellent conductivity, stability and controllable sputtering efficiency. It can form uniform carbon films on the surfaces of substrates such as chips, optical components, and coated cutting tools. And it is widely applicable to the precise coating requirements in the fields of electronics, optics, and mechanics.","og_url":"https:\/\/jinsuncarbon.com\/es_ar\/producto\/catodo-para-sputtering-de-carbono\/","og_site_name":"Jinsun Carbon","article_publisher":"https:\/\/www.facebook.com\/Graphite-Electrode-109336238661595","article_modified_time":"2025-09-23T00:07:39+00:00","og_image":[{"width":1024,"height":763,"url":"https:\/\/jinsuncarbon.com\/wp-content\/uploads\/2025\/09\/Carbon-Sputtering-Target.jpg","type":"image\/jpeg"}],"twitter_card":"summary_large_image","twitter_site":"@jinsuncarbon_","twitter_misc":{"Tiempo de lectura":"3 minutos"},"schema":{"@context":"https:\/\/schema.org","@graph":[{"@type":"WebPage","@id":"https:\/\/jinsuncarbon.com\/product\/carbon-sputtering-target\/","url":"https:\/\/jinsuncarbon.com\/product\/carbon-sputtering-target\/","name":"C\u00e1todos para sputtering de carbono | Jinsun Carbon","isPartOf":{"@id":"https:\/\/jinsuncarbon.com\/#website"},"primaryImageOfPage":{"@id":"https:\/\/jinsuncarbon.com\/product\/carbon-sputtering-target\/#primaryimage"},"image":{"@id":"https:\/\/jinsuncarbon.com\/product\/carbon-sputtering-target\/#primaryimage"},"thumbnailUrl":"https:\/\/jinsuncarbon.com\/wp-content\/uploads\/2025\/09\/Carbon-Sputtering-Target.jpg","datePublished":"2025-09-23T00:07:38+00:00","dateModified":"2025-09-23T00:07:39+00:00","breadcrumb":{"@id":"https:\/\/jinsuncarbon.com\/product\/carbon-sputtering-target\/#breadcrumb"},"inLanguage":"es-AR","potentialAction":[{"@type":"ReadAction","target":["https:\/\/jinsuncarbon.com\/product\/carbon-sputtering-target\/"]}]},{"@type":"ImageObject","inLanguage":"es-AR","@id":"https:\/\/jinsuncarbon.com\/product\/carbon-sputtering-target\/#primaryimage","url":"https:\/\/jinsuncarbon.com\/wp-content\/uploads\/2025\/09\/Carbon-Sputtering-Target.jpg","contentUrl":"https:\/\/jinsuncarbon.com\/wp-content\/uploads\/2025\/09\/Carbon-Sputtering-Target.jpg","width":1024,"height":763,"caption":"Carbon Sputtering Target"},{"@type":"BreadcrumbList","@id":"https:\/\/jinsuncarbon.com\/product\/carbon-sputtering-target\/#breadcrumb","itemListElement":[{"@type":"ListItem","position":1,"name":"Home","item":"https:\/\/jinsuncarbon.com\/"},{"@type":"ListItem","position":2,"name":"Products","item":"https:\/\/jinsuncarbon.com\/graphite-carbon\/"},{"@type":"ListItem","position":3,"name":"Carbon Sputtering Target"}]},{"@type":"WebSite","@id":"https:\/\/jinsuncarbon.com\/#website","url":"https:\/\/jinsuncarbon.com\/","name":"Jinsun Carbon","description":"Somos el fabricante de electrodos de grafito con m\u00e1s \u00e9xito de China","publisher":{"@id":"https:\/\/jinsuncarbon.com\/#organization"},"potentialAction":[{"@type":"SearchAction","target":{"@type":"EntryPoint","urlTemplate":"https:\/\/jinsuncarbon.com\/?s={search_term_string}"},"query-input":{"@type":"PropertyValueSpecification","valueRequired":true,"valueName":"search_term_string"}}],"inLanguage":"es-AR"},{"@type":"Organization","@id":"https:\/\/jinsuncarbon.com\/#organization","name":"Jinsun Carbon","alternateName":"Jinsun Carbon","url":"https:\/\/jinsuncarbon.com\/","logo":{"@type":"ImageObject","inLanguage":"es-AR","@id":"https:\/\/jinsuncarbon.com\/#\/schema\/logo\/image\/","url":"https:\/\/jinsuncarbon.com\/wp-content\/uploads\/2022\/12\/LOGO-1.png","contentUrl":"https:\/\/jinsuncarbon.com\/wp-content\/uploads\/2022\/12\/LOGO-1.png","width":207,"height":80,"caption":"Jinsun Carbon"},"image":{"@id":"https:\/\/jinsuncarbon.com\/#\/schema\/logo\/image\/"},"sameAs":["https:\/\/www.facebook.com\/Graphite-Electrode-109336238661595","https:\/\/x.com\/jinsuncarbon_","https:\/\/www.linkedin.com\/in\/jinsungraphite","https:\/\/www.youtube.com\/channel\/UCysDNyvyR5-3cCWEmpkVC0g"]}]}},"_links":{"self":[{"href":"https:\/\/jinsuncarbon.com\/es_ar\/wp-json\/wp\/v2\/product\/8065","targetHints":{"allow":["GET"]}}],"collection":[{"href":"https:\/\/jinsuncarbon.com\/es_ar\/wp-json\/wp\/v2\/product"}],"about":[{"href":"https:\/\/jinsuncarbon.com\/es_ar\/wp-json\/wp\/v2\/types\/product"}],"wp:featuredmedia":[{"embeddable":true,"href":"https:\/\/jinsuncarbon.com\/es_ar\/wp-json\/wp\/v2\/media\/8073"}],"wp:attachment":[{"href":"https:\/\/jinsuncarbon.com\/es_ar\/wp-json\/wp\/v2\/media?parent=8065"}],"wp:term":[{"taxonomy":"product_brand","embeddable":true,"href":"https:\/\/jinsuncarbon.com\/es_ar\/wp-json\/wp\/v2\/product_brand?post=8065"},{"taxonomy":"product_cat","embeddable":true,"href":"https:\/\/jinsuncarbon.com\/es_ar\/wp-json\/wp\/v2\/product_cat?post=8065"},{"taxonomy":"product_tag","embeddable":true,"href":"https:\/\/jinsuncarbon.com\/es_ar\/wp-json\/wp\/v2\/product_tag?post=8065"}],"curies":[{"name":"wp","href":"https:\/\/api.w.org\/{rel}","templated":true}]}}