{"id":8017,"date":"2025-08-23T08:05:24","date_gmt":"2025-08-23T08:05:24","guid":{"rendered":"https:\/\/jinsuncarbon.com\/?post_type=product&#038;p=8017"},"modified":"2025-08-23T08:05:25","modified_gmt":"2025-08-23T08:05:25","slug":"aditivo-de-carbono","status":"publish","type":"product","link":"https:\/\/jinsuncarbon.com\/es_ar\/producto\/aditivo-de-carbono\/","title":{"rendered":"Aditivo de carbono"},"content":{"rendered":"<h2>Fabricante de aditivos de carbono<\/h2>\n<p><strong><b>Alto contenido en carbono<\/b><\/strong><\/p>\n<p>Puede reponer r\u00e1pidamente los elementos de carbono para la fusi\u00f3n del metal.<\/p>\n<p><strong><b>\u00a0<\/b><\/strong><\/p>\n<p><strong><b>\u00cdndice de absorci\u00f3n de carbono elevado y estable<\/b><\/strong><\/p>\n<p>Puede reducir el desperdicio de material y garantizar una composici\u00f3n uniforme del metal.<\/p>\n<p><strong><b>\u00a0<\/b><\/strong><\/p>\n<p><strong><b>Propiedades qu\u00edmicas estables<\/b><\/strong><\/p>\n<p>No es propenso a la descomposici\u00f3n en condiciones de fundici\u00f3n a alta temperatura. Y tiene un amplio rango de temperatura aplicable, que generalmente puede adaptarse a temperaturas superiores a 1300\u00b0C.<\/p>\n<p><strong><b>\u00a0<\/b><\/strong><\/p>\n<p><strong><b>Bajo contenido de impurezas<\/b><\/strong><\/p>\n<p>Se puede controlar seg\u00fan las necesidades, lo que puede reducir los efectos adversos sobre las propiedades del metal.<\/p>\n<p><strong><b>\u00a0<\/b><\/strong><\/p>\n<p>Adem\u00e1s, es f\u00e1cil de almacenar y transportar, y el m\u00e9todo de adici\u00f3n es flexible. Y algunos tipos tambi\u00e9n pueden mejorar la microestructura del metal y potenciar las propiedades mec\u00e1nicas de la fundici\u00f3n.<\/p>\n<p>&nbsp;<\/p>\n<p><strong><b>3.Tipos de <\/b><\/strong><strong><b>aditivo de carbono<\/b><\/strong><\/p>\n<p><strong><b>A base de grafito <\/b><\/strong><strong><b>aditivo de carbono<\/b><\/strong><\/p>\n<p>Hecho de grafito natural, su contenido de carbono de \u2265 90% y tiene extremadamente bajas impurezas, disoluci\u00f3n r\u00e1pida, alta eficiencia. Es adecuado para escenarios que requieren alta pureza, tales como acero de alta calidad y fundici\u00f3n de precisi\u00f3n.<\/p>\n<p>&nbsp;<\/p>\n<p><strong><b>A base de coque de petr\u00f3leo <\/b><\/strong><strong><b>aditivo de carbono<\/b><\/strong><strong><b>\u00a0<\/b><\/strong><\/p>\n<p>Contiene coque crudo, coque calcinado y coque semigraf\u00edtico, que tiene un rendimiento equilibrado y una alta rentabilidad.<\/p>\n<p>&nbsp;<\/p>\n<p><strong><b>A base de antracita <\/b><\/strong><strong><b>aditivo de carbono<\/b><\/strong><\/p>\n<p>Utilizando <a href=\"https:\/\/jinsuncarbon.com\/es_ar\/producto\/coque-metalurgico\/\">coque metal\u00fargico<\/a> y coque de fundici\u00f3n como materias primas, su contenido en carbono es de unos 70%-90%. Tiene bajo precio, pero altas impurezas, efecto inestable, por lo que se puede demandar para la fundici\u00f3n de gama baja.<\/p>\n<p>&nbsp;<\/p>\n<p><strong><b>A base de carb\u00f3n <\/b><\/strong><strong><b>aditivo de carbono<\/b><\/strong><\/p>\n<p>Se produce a partir de antracita mediante procesamiento a alta temperatura, con un contenido de carbono de 85%-90%. Tiene bajo coste pero baja actividad, lo que resulta adecuado para escenarios con bajos requisitos de velocidad de adici\u00f3n de carbono.<\/p>\n<p>&nbsp;<\/p>\n<p><strong><b>Otros tipos<\/b><\/strong><\/p>\n<p>Como el coque de petr\u00f3leo grafitizado, cuyo carbono \u2265 99%, casi <a href=\"https:\/\/jinsuncarbon.com\/es_ar\/producto\/grafito-natural\/\">grafito natural<\/a>. Aditivo de carbono de carburo de silicio, que combina la adici\u00f3n de carbono y la desoxidaci\u00f3n, utilizado para procesos espec\u00edficos.<\/p>\n<p><strong><b>\u00a0<\/b><\/strong><\/p>\n<h2>Usos del aditivo de carbono<\/h2>\n<p><strong><b>En la industria de la fundici\u00f3n<\/b><\/strong><\/p>\n<p><strong><b>P<\/b><\/strong><strong><b>roducci\u00f3n de fundici\u00f3n gris<\/b><\/strong><\/p>\n<p>Se puede utilizar para complementar el contenido de carbono en el hierro fundido y estabilizar el equivalente de carbono de <a href=\"https:\/\/en.wikipedia.org\/wiki\/Cast_iron\" target=\"_blank\" rel=\"noopener\">hierro fundido<\/a>. Y mejora el rendimiento de corte y las propiedades mec\u00e1nicas de las piezas de fundici\u00f3n, muy utilizado en piezas de fundici\u00f3n como bastidores de bancadas de m\u00e1quinas.<\/p>\n<p>&nbsp;<\/p>\n<p><strong><b>P<\/b><\/strong><strong><b>roducci\u00f3n de fundici\u00f3n d\u00factil<\/b><\/strong><\/p>\n<p>Puede utilizarse como fuente clave de carbono, en combinaci\u00f3n con agentes esferoidizantes para promover la esferoidizaci\u00f3n del grafito. Adem\u00e1s, mejora la tenacidad y la resistencia del hierro fundido, que suele utilizarse en piezas de fundici\u00f3n de alta resistencia.<\/p>\n<p>&nbsp;<\/p>\n<p><strong><b>En el acero<\/b><\/strong><strong><b>&#8211;<\/b><\/strong><strong><b>hacer campo<\/b><\/strong><\/p>\n<p><strong><b>E<\/b><\/strong><strong><b>lectric arc furnace steel<\/b><\/strong><strong><b>&#8211;<\/b><\/strong><strong><b>en<\/b><\/strong><\/p>\n<p>Se puede utilizar para complementar el carbono durante la fusi\u00f3n de chatarra de acero, adecuado para la producci\u00f3n de acero al carbono, acero estructural aleado, etc.<\/p>\n<p>&nbsp;<\/p>\n<p><strong><b>P<\/b><\/strong><strong><b>roducci\u00f3n de aceros especiales<\/b><\/strong><\/p>\n<p>Utiliz\u00e1ndolo como acero para herramientas y acero para rodamientos, puede controlar el contenido de impurezas del carbonizador. Y luego reduce los elementos nocivos en el acero, mejorando la dureza y resistencia al desgaste del acero.<\/p>\n<p>&nbsp;<\/p>\n<p><strong><b>En otros \u00e1mbitos<\/b><\/strong><\/p>\n<p><strong><b>P<\/b><\/strong><strong><b>owder metalurgia<\/b><\/strong><\/p>\n<p>Se puede a\u00f1adir como fuente de carbono a los polvos met\u00e1licos para mejorar la densidad y la resistencia de los productos pulvimetal\u00fargicos.<\/p>\n<p>&nbsp;<\/p>\n<p><strong><b>E<\/b><\/strong><strong><b>fabricaci\u00f3n de lectrodos<\/b><\/strong><\/p>\n<p>Tambi\u00e9n se puede utilizar como materia prima a base de carbono para ajustar el contenido de carbono del electrodo. Mejorando as\u00ed la conductividad y la estabilidad a altas temperaturas del electrodo.<\/p>","protected":false},"excerpt":{"rendered":"<p>El aditivo de carbono es un material industrial compuesto principalmente de carbono, que suele fabricarse a partir de materias primas como el coque de petr\u00f3leo, el grafito y el carb\u00f3n. Su funci\u00f3n principal es ajustar el contenido de carbono del hierro o el acero fundidos introduciendo carbono en ellos. Debido a su eficaz capacidad de reposici\u00f3n de carbono y a sus propiedades qu\u00edmicas estables, se aplica ampliamente en campos como la siderurgia, la producci\u00f3n de hierro fundido y la fundici\u00f3n. Es un material pr\u00e1ctico y fiable, muy adecuado para el control preciso de los requisitos de contenido de carbono del metal.<\/p>","protected":false},"featured_media":8033,"template":"","meta":[],"product_brand":[],"product_cat":[39],"product_tag":[],"class_list":{"0":"post-8017","1":"product","2":"type-product","3":"status-publish","4":"has-post-thumbnail","6":"product_cat-carbon-products","8":"first","9":"instock","10":"shipping-taxable","11":"product-type-simple"},"yoast_head":"<!-- This site is optimized with the Yoast SEO Premium plugin v19.2.1 (Yoast SEO v25.3) - https:\/\/yoast.com\/wordpress\/plugins\/seo\/ -->\n<title>Carbon Additive Manufacturer in China<\/title>\n<meta name=\"description\" content=\"Carbon additive manufacturer in China, Jinsun can manufacture according to your specifications. Contact us today.\" \/>\n<meta name=\"robots\" content=\"index, follow, max-snippet:-1, max-image-preview:large, max-video-preview:-1\" \/>\n<link rel=\"canonical\" href=\"https:\/\/jinsuncarbon.com\/es_ar\/producto\/aditivo-de-carbono\/\" \/>\n<meta property=\"og:locale\" content=\"es_ES\" \/>\n<meta property=\"og:type\" content=\"article\" \/>\n<meta property=\"og:title\" content=\"Carbon Additive\" \/>\n<meta property=\"og:description\" content=\"Carbon additive manufacturer in China, Jinsun can manufacture according to your specifications. Contact us today.\" \/>\n<meta property=\"og:url\" content=\"https:\/\/jinsuncarbon.com\/es_ar\/producto\/aditivo-de-carbono\/\" \/>\n<meta property=\"og:site_name\" content=\"Jinsun Carbon\" \/>\n<meta property=\"article:publisher\" content=\"https:\/\/www.facebook.com\/Graphite-Electrode-109336238661595\" \/>\n<meta property=\"article:modified_time\" content=\"2025-08-23T08:05:25+00:00\" \/>\n<meta property=\"og:image\" content=\"https:\/\/jinsuncarbon.com\/wp-content\/uploads\/2025\/08\/Carbon-Additive.jpg\" \/>\n\t<meta property=\"og:image:width\" content=\"1024\" \/>\n\t<meta property=\"og:image:height\" content=\"763\" \/>\n\t<meta property=\"og:image:type\" content=\"image\/jpeg\" \/>\n<meta name=\"twitter:card\" content=\"summary_large_image\" \/>\n<meta name=\"twitter:site\" content=\"@jinsuncarbon_\" \/>\n<meta name=\"twitter:label1\" content=\"Tiempo de lectura\" \/>\n\t<meta name=\"twitter:data1\" content=\"3 minutos\" \/>\n<script type=\"application\/ld+json\" class=\"yoast-schema-graph\">{\"@context\":\"https:\/\/schema.org\",\"@graph\":[{\"@type\":\"WebPage\",\"@id\":\"https:\/\/jinsuncarbon.com\/product\/carbon-additive\/\",\"url\":\"https:\/\/jinsuncarbon.com\/product\/carbon-additive\/\",\"name\":\"Carbon Additive Manufacturer in China\",\"isPartOf\":{\"@id\":\"https:\/\/jinsuncarbon.com\/#website\"},\"primaryImageOfPage\":{\"@id\":\"https:\/\/jinsuncarbon.com\/product\/carbon-additive\/#primaryimage\"},\"image\":{\"@id\":\"https:\/\/jinsuncarbon.com\/product\/carbon-additive\/#primaryimage\"},\"thumbnailUrl\":\"https:\/\/jinsuncarbon.com\/wp-content\/uploads\/2025\/08\/Carbon-Additive.jpg\",\"datePublished\":\"2025-08-23T08:05:24+00:00\",\"dateModified\":\"2025-08-23T08:05:25+00:00\",\"description\":\"Carbon additive manufacturer in China, Jinsun can manufacture according to your specifications. Contact us today.\",\"breadcrumb\":{\"@id\":\"https:\/\/jinsuncarbon.com\/product\/carbon-additive\/#breadcrumb\"},\"inLanguage\":\"es-AR\",\"potentialAction\":[{\"@type\":\"ReadAction\",\"target\":[\"https:\/\/jinsuncarbon.com\/product\/carbon-additive\/\"]}]},{\"@type\":\"ImageObject\",\"inLanguage\":\"es-AR\",\"@id\":\"https:\/\/jinsuncarbon.com\/product\/carbon-additive\/#primaryimage\",\"url\":\"https:\/\/jinsuncarbon.com\/wp-content\/uploads\/2025\/08\/Carbon-Additive.jpg\",\"contentUrl\":\"https:\/\/jinsuncarbon.com\/wp-content\/uploads\/2025\/08\/Carbon-Additive.jpg\",\"width\":1024,\"height\":763,\"caption\":\"Carbon Additive\"},{\"@type\":\"BreadcrumbList\",\"@id\":\"https:\/\/jinsuncarbon.com\/product\/carbon-additive\/#breadcrumb\",\"itemListElement\":[{\"@type\":\"ListItem\",\"position\":1,\"name\":\"Home\",\"item\":\"https:\/\/jinsuncarbon.com\/\"},{\"@type\":\"ListItem\",\"position\":2,\"name\":\"Products\",\"item\":\"https:\/\/jinsuncarbon.com\/graphite-carbon\/\"},{\"@type\":\"ListItem\",\"position\":3,\"name\":\"Carbon Additive\"}]},{\"@type\":\"WebSite\",\"@id\":\"https:\/\/jinsuncarbon.com\/#website\",\"url\":\"https:\/\/jinsuncarbon.com\/\",\"name\":\"Jinsun Carbon\",\"description\":\"We are the successful graphite electrode manufacturer in China\",\"publisher\":{\"@id\":\"https:\/\/jinsuncarbon.com\/#organization\"},\"potentialAction\":[{\"@type\":\"SearchAction\",\"target\":{\"@type\":\"EntryPoint\",\"urlTemplate\":\"https:\/\/jinsuncarbon.com\/?s={search_term_string}\"},\"query-input\":{\"@type\":\"PropertyValueSpecification\",\"valueRequired\":true,\"valueName\":\"search_term_string\"}}],\"inLanguage\":\"es-AR\"},{\"@type\":\"Organization\",\"@id\":\"https:\/\/jinsuncarbon.com\/#organization\",\"name\":\"Jinsun Carbon\",\"alternateName\":\"Jinsun Carbon\",\"url\":\"https:\/\/jinsuncarbon.com\/\",\"logo\":{\"@type\":\"ImageObject\",\"inLanguage\":\"es-AR\",\"@id\":\"https:\/\/jinsuncarbon.com\/#\/schema\/logo\/image\/\",\"url\":\"https:\/\/jinsuncarbon.com\/wp-content\/uploads\/2022\/12\/LOGO-1.png\",\"contentUrl\":\"https:\/\/jinsuncarbon.com\/wp-content\/uploads\/2022\/12\/LOGO-1.png\",\"width\":207,\"height\":80,\"caption\":\"Jinsun Carbon\"},\"image\":{\"@id\":\"https:\/\/jinsuncarbon.com\/#\/schema\/logo\/image\/\"},\"sameAs\":[\"https:\/\/www.facebook.com\/Graphite-Electrode-109336238661595\",\"https:\/\/x.com\/jinsuncarbon_\",\"https:\/\/www.linkedin.com\/in\/jinsungraphite\",\"https:\/\/www.youtube.com\/channel\/UCysDNyvyR5-3cCWEmpkVC0g\"]}]}<\/script>\n<!-- \/ Yoast SEO Premium plugin. -->","yoast_head_json":{"title":"Fabricante de aditivos de carbono en China","description":"Fabricante de aditivos de carbono en China, Jinsun puede fabricar seg\u00fan sus especificaciones. P\u00f3ngase en contacto con nosotros hoy mismo.","robots":{"index":"index","follow":"follow","max-snippet":"max-snippet:-1","max-image-preview":"max-image-preview:large","max-video-preview":"max-video-preview:-1"},"canonical":"https:\/\/jinsuncarbon.com\/es_ar\/producto\/aditivo-de-carbono\/","og_locale":"es_ES","og_type":"article","og_title":"Carbon Additive","og_description":"Carbon additive manufacturer in China, Jinsun can manufacture according to your specifications. Contact us today.","og_url":"https:\/\/jinsuncarbon.com\/es_ar\/producto\/aditivo-de-carbono\/","og_site_name":"Jinsun Carbon","article_publisher":"https:\/\/www.facebook.com\/Graphite-Electrode-109336238661595","article_modified_time":"2025-08-23T08:05:25+00:00","og_image":[{"width":1024,"height":763,"url":"https:\/\/jinsuncarbon.com\/wp-content\/uploads\/2025\/08\/Carbon-Additive.jpg","type":"image\/jpeg"}],"twitter_card":"summary_large_image","twitter_site":"@jinsuncarbon_","twitter_misc":{"Tiempo de lectura":"3 minutos"},"schema":{"@context":"https:\/\/schema.org","@graph":[{"@type":"WebPage","@id":"https:\/\/jinsuncarbon.com\/product\/carbon-additive\/","url":"https:\/\/jinsuncarbon.com\/product\/carbon-additive\/","name":"Fabricante de aditivos de carbono en China","isPartOf":{"@id":"https:\/\/jinsuncarbon.com\/#website"},"primaryImageOfPage":{"@id":"https:\/\/jinsuncarbon.com\/product\/carbon-additive\/#primaryimage"},"image":{"@id":"https:\/\/jinsuncarbon.com\/product\/carbon-additive\/#primaryimage"},"thumbnailUrl":"https:\/\/jinsuncarbon.com\/wp-content\/uploads\/2025\/08\/Carbon-Additive.jpg","datePublished":"2025-08-23T08:05:24+00:00","dateModified":"2025-08-23T08:05:25+00:00","description":"Fabricante de aditivos de carbono en China, Jinsun puede fabricar seg\u00fan sus especificaciones. P\u00f3ngase en contacto con nosotros hoy mismo.","breadcrumb":{"@id":"https:\/\/jinsuncarbon.com\/product\/carbon-additive\/#breadcrumb"},"inLanguage":"es-AR","potentialAction":[{"@type":"ReadAction","target":["https:\/\/jinsuncarbon.com\/product\/carbon-additive\/"]}]},{"@type":"ImageObject","inLanguage":"es-AR","@id":"https:\/\/jinsuncarbon.com\/product\/carbon-additive\/#primaryimage","url":"https:\/\/jinsuncarbon.com\/wp-content\/uploads\/2025\/08\/Carbon-Additive.jpg","contentUrl":"https:\/\/jinsuncarbon.com\/wp-content\/uploads\/2025\/08\/Carbon-Additive.jpg","width":1024,"height":763,"caption":"Carbon Additive"},{"@type":"BreadcrumbList","@id":"https:\/\/jinsuncarbon.com\/product\/carbon-additive\/#breadcrumb","itemListElement":[{"@type":"ListItem","position":1,"name":"Home","item":"https:\/\/jinsuncarbon.com\/"},{"@type":"ListItem","position":2,"name":"Products","item":"https:\/\/jinsuncarbon.com\/graphite-carbon\/"},{"@type":"ListItem","position":3,"name":"Carbon Additive"}]},{"@type":"WebSite","@id":"https:\/\/jinsuncarbon.com\/#website","url":"https:\/\/jinsuncarbon.com\/","name":"Jinsun Carbon","description":"Somos el fabricante de electrodos de grafito con m\u00e1s \u00e9xito de China","publisher":{"@id":"https:\/\/jinsuncarbon.com\/#organization"},"potentialAction":[{"@type":"SearchAction","target":{"@type":"EntryPoint","urlTemplate":"https:\/\/jinsuncarbon.com\/?s={search_term_string}"},"query-input":{"@type":"PropertyValueSpecification","valueRequired":true,"valueName":"search_term_string"}}],"inLanguage":"es-AR"},{"@type":"Organization","@id":"https:\/\/jinsuncarbon.com\/#organization","name":"Jinsun Carbon","alternateName":"Jinsun Carbon","url":"https:\/\/jinsuncarbon.com\/","logo":{"@type":"ImageObject","inLanguage":"es-AR","@id":"https:\/\/jinsuncarbon.com\/#\/schema\/logo\/image\/","url":"https:\/\/jinsuncarbon.com\/wp-content\/uploads\/2022\/12\/LOGO-1.png","contentUrl":"https:\/\/jinsuncarbon.com\/wp-content\/uploads\/2022\/12\/LOGO-1.png","width":207,"height":80,"caption":"Jinsun Carbon"},"image":{"@id":"https:\/\/jinsuncarbon.com\/#\/schema\/logo\/image\/"},"sameAs":["https:\/\/www.facebook.com\/Graphite-Electrode-109336238661595","https:\/\/x.com\/jinsuncarbon_","https:\/\/www.linkedin.com\/in\/jinsungraphite","https:\/\/www.youtube.com\/channel\/UCysDNyvyR5-3cCWEmpkVC0g"]}]}},"_links":{"self":[{"href":"https:\/\/jinsuncarbon.com\/es_ar\/wp-json\/wp\/v2\/product\/8017","targetHints":{"allow":["GET"]}}],"collection":[{"href":"https:\/\/jinsuncarbon.com\/es_ar\/wp-json\/wp\/v2\/product"}],"about":[{"href":"https:\/\/jinsuncarbon.com\/es_ar\/wp-json\/wp\/v2\/types\/product"}],"wp:featuredmedia":[{"embeddable":true,"href":"https:\/\/jinsuncarbon.com\/es_ar\/wp-json\/wp\/v2\/media\/8033"}],"wp:attachment":[{"href":"https:\/\/jinsuncarbon.com\/es_ar\/wp-json\/wp\/v2\/media?parent=8017"}],"wp:term":[{"taxonomy":"product_brand","embeddable":true,"href":"https:\/\/jinsuncarbon.com\/es_ar\/wp-json\/wp\/v2\/product_brand?post=8017"},{"taxonomy":"product_cat","embeddable":true,"href":"https:\/\/jinsuncarbon.com\/es_ar\/wp-json\/wp\/v2\/product_cat?post=8017"},{"taxonomy":"product_tag","embeddable":true,"href":"https:\/\/jinsuncarbon.com\/es_ar\/wp-json\/wp\/v2\/product_tag?post=8017"}],"curies":[{"name":"wp","href":"https:\/\/api.w.org\/{rel}","templated":true}]}}