{"id":7952,"date":"2025-05-20T02:02:09","date_gmt":"2025-05-20T02:02:09","guid":{"rendered":"https:\/\/jinsuncarbon.com\/?post_type=product&#038;p=7952"},"modified":"2025-05-20T07:06:32","modified_gmt":"2025-05-20T07:06:32","slug":"bloque-de-grafito-moldeado","status":"publish","type":"product","link":"https:\/\/jinsuncarbon.com\/es_ar\/producto\/bloque-de-grafito-moldeado\/","title":{"rendered":"Bloque de grafito moldeado"},"content":{"rendered":"<p>&nbsp;<\/p>\n<h2>Ventajas del bloque de grafito moldeado<\/h2>\n<h3>Resistencia a altas temperaturas<\/h3>\n<p>Los bloques de grafito moldeado pueden utilizarse en condiciones de calor excesivo. No se disuelven ni se degradan como los metales. El bloque se mantiene intacto incluso a temperaturas de hasta 3000\u00b0C. No se retuerce, dobla ni deforma. Esto lo hace ideal para su uso en hornos y estufas.<\/p>\n<h3>Buena conductividad t\u00e9rmica<\/h3>\n<p>El grafito formado es conductor t\u00e9rmico. Distribuye el calor uniformemente. Esto evita los puntos calientes en la fundici\u00f3n y el calentamiento. As\u00ed se consigue un control de la temperatura suave y estable.<\/p>\n<h3>Excelente conductividad el\u00e9ctrica<\/h3>\n<p>En las instalaciones el\u00e9ctricas, se pueden utilizar bloques de grafito moldeado. Transportan bien la corriente. Puede aplicarlos en electrodos, varillas de calentamiento y componentes de bater\u00edas. Proporcionan un flujo constante de electricidad.<\/p>\n<h3>Gran resistencia qu\u00edmica<\/h3>\n<p>Los bloques de grafito moldeado son resistentes a un gran n\u00famero de productos qu\u00edmicos. No pueden ser atacados por \u00e1cidos, \u00e1lcalis ni disolventes. Se pueden aplicar en dep\u00f3sitos qu\u00edmicos, reactores y equipos de procesamiento.<\/p>\n<h3>Baja expansi\u00f3n t\u00e9rmica<\/h3>\n<p>El grafito cocido no se hincha mucho al calentarse. Tiene menos estabilidad dimensional. Esto reduce la probabilidad de grietas o cambios de forma. Esto le ayudar\u00e1 a obtener piezas precisas.<\/p>\n<h3>F\u00e1cil de mecanizar<\/h3>\n<p>Puede recortarse y formarse en un bloque de grafito moldeado. Adecuado para m\u00e1quinas comunes o CNC. Se puede taladrar, esmerilar o tallar para separar los detalles finos. Le ahorra tiempo y costes.<\/p>\n<h3>Alta resistencia mec\u00e1nica<\/h3>\n<p><a href=\"https:\/\/jinsuncarbon.com\/es_ar\/producto\/bloque-de-grafito\/\">Bloques de grafito<\/a> formado en forma es resistente. Son lo bastante fuertes para soportar cargas pesadas y presi\u00f3n. Son adecuados para su uso en entornos de trabajo duros. No se astillan ni se rompen con demasiada facilidad.<\/p>\n<h3>No met\u00e1licos y puros<\/h3>\n<p>Se obtiene una pureza del carbono de 99,9% y ninguna contaminaci\u00f3n con metales. Son ideales para entornos sensibles o limpios. El grafito moldeado es ideal para herramientas alimentarias, salas limpias y equipos de laboratorio.<\/p>\n<h3>Larga vida \u00fatil<\/h3>\n<p>Grafito moldeado que tambi\u00e9n dura mucho tiempo. Son resistentes al desgaste, al calor y a los productos qu\u00edmicos. No es necesario cambiarlas a menudo. Esto significa que no tendr\u00e1 que gastar dinero en mantenimiento.<\/p>\n<h2>Aplicaciones del bloque de grafito moldeado<\/h2>\n<p><strong>Componentes del horno<\/strong><\/p>\n<p>Puede utilizar bloques de grafito moldeado en hornos. Son ideales para utilizarlos como revestimientos, aislantes, elementos calefactores, etc. Son capaces de soportar choques t\u00e9rmicos.<\/p>\n<p><strong>Moldes de fundici\u00f3n<\/strong><\/p>\n<p>Los bloques pueden mecanizarse en moldes de fundici\u00f3n. Empl\u00e9elos en aluminio, lat\u00f3n u otros metales. Proporcionan superficies limpias. No se adhieren al metal fundido.<\/p>\n<p><strong>Electrodos EDM<\/strong><\/p>\n<p>El grafito moldeado puede utilizarse para <a href=\"https:\/\/en.wikipedia.org\/wiki\/Electrical_discharge_machining\" target=\"_blank\" rel=\"noopener\">EDM<\/a>. El bloque sirve de electrodo. Esculpe metales con precisi\u00f3n. Tambi\u00e9n es resistente a la erosi\u00f3n y al calor.<\/p>\n<p><strong>Crisoles<\/strong><\/p>\n<p>Puede utilizar bloques de grafito moldeados para formar crisoles. Se trata de recipientes llenos de metal fundido. El texto no responde. Suelen durar m\u00e1s que muchas otras opciones.<\/p>\n<p><strong>Piezas de intercambiadores de calor<\/strong><\/p>\n<p>Se pueden mecanizar para convertirlos en componentes de intercambiadores de calor. Transmiten calor r\u00e1pidamente. Resisten la corrosi\u00f3n. Se pueden utilizar en sistemas qu\u00edmicos o t\u00e9rmicos.<\/p>\n<p><strong>Equipos de procesamiento qu\u00edmico<\/strong><\/p>\n<p>Grafito moldeado que puede utilizar en bombas, v\u00e1lvulas, juntas y boquillas. Funciona en \u00e1cidos y disolventes potentes. Resiste la oxidaci\u00f3n y el desgaste. Tambi\u00e9n permite controlar el flujo de productos qu\u00edmicos a largo plazo.<\/p>\n<p><strong>Piezas mec\u00e1nicas<\/strong><\/p>\n<p>Tambi\u00e9n puede fabricar casquillos, cojinetes y almohadillas deslizantesBloques de grafito moldeados con pasta. Estas piezas reducen la fricci\u00f3n. Funcionan sin m\u00e1s lubricaci\u00f3n. Son m\u00e1s \u00fatiles en sistemas secos o limpios.<\/p>\n<p><strong>Industria de semiconductores<\/strong><\/p>\n<p>El proceso de fabricaci\u00f3n de chips puede emplear bloques moldeados de grafito. Funcionan bien a altas temperaturas en c\u00e1maras de vac\u00edo. Su total pureza y gran estabilidad permiten cumplir los requisitos m\u00e1s estrictos. No desprenden part\u00edculas ni gases.<\/p>","protected":false},"excerpt":{"rendered":"<p>El bloque de grafito moldeado es un material resistente al calor de alta calidad para uso industrial. Puede utilizarlo para calor extremo, productos qu\u00edmicos y piezas s\u00f3lidas mecanizadas con precisi\u00f3n. Se utiliza a diario en muchas industrias. Proporciona un rendimiento estable, un manejo sencillo y una vida \u00fatil prolongada.<\/p>\n<p>Un bloque de grafito moldeado mediante un proceso de compactaci\u00f3n de polvo es el bloque de grafito moldeado mediante la compresi\u00f3n de polvo de grafito finamente dividido para darle una forma muy densa. A continuaci\u00f3n, se cuece a alta temperatura para endurecer su forma. El producto final es un bloque duro de alta calidad. Se mecaniza en muchos componentes. Tambi\u00e9n est\u00e1 disponible en varios tama\u00f1os y formas.<\/p>","protected":false},"featured_media":7953,"template":"","meta":[],"product_brand":[],"product_cat":[38],"product_tag":[],"class_list":{"0":"post-7952","1":"product","2":"type-product","3":"status-publish","4":"has-post-thumbnail","6":"product_cat-graphite-products","8":"first","9":"instock","10":"shipping-taxable","11":"product-type-simple"},"yoast_head":"<!-- This site is optimized with the Yoast SEO Premium plugin v19.2.1 (Yoast SEO v25.3) - https:\/\/yoast.com\/wordpress\/plugins\/seo\/ -->\n<title>Molded Graphite Block | Jinsun Carbon<\/title>\n<meta name=\"robots\" content=\"index, follow, max-snippet:-1, max-image-preview:large, max-video-preview:-1\" \/>\n<link rel=\"canonical\" href=\"https:\/\/jinsuncarbon.com\/es_ar\/producto\/bloque-de-grafito-moldeado\/\" \/>\n<meta property=\"og:locale\" content=\"es_ES\" \/>\n<meta property=\"og:type\" content=\"article\" \/>\n<meta property=\"og:title\" content=\"Molded Graphite Block\" \/>\n<meta property=\"og:description\" content=\"Molded graphite block is a high quality heat-resistant material for industrial use. You can use it for extreme heat, chemicals and precision machined solid parts. It is used every day in many industries. This provides stable performance, easy handling, and extended service life.  A graphite block which is shaped by a powder compaction process is the formed graphite block which was shaped by compressing finely divided graphite powder into a highly dense shape. It is then baked at a high heat to firm up its shape. The finished product is a hard block of high quality. It machines into many components. It\u2019s also available in various sizes and shapes.\" \/>\n<meta property=\"og:url\" content=\"https:\/\/jinsuncarbon.com\/es_ar\/producto\/bloque-de-grafito-moldeado\/\" \/>\n<meta property=\"og:site_name\" content=\"Jinsun Carbon\" \/>\n<meta property=\"article:publisher\" content=\"https:\/\/www.facebook.com\/Graphite-Electrode-109336238661595\" \/>\n<meta property=\"article:modified_time\" content=\"2025-05-20T07:06:32+00:00\" \/>\n<meta property=\"og:image\" content=\"https:\/\/jinsuncarbon.com\/wp-content\/uploads\/2025\/05\/Molded-Graphite-Block.jpg\" \/>\n\t<meta property=\"og:image:width\" content=\"1024\" \/>\n\t<meta property=\"og:image:height\" content=\"763\" \/>\n\t<meta property=\"og:image:type\" content=\"image\/jpeg\" \/>\n<meta name=\"twitter:card\" content=\"summary_large_image\" \/>\n<meta name=\"twitter:site\" content=\"@jinsuncarbon_\" \/>\n<meta name=\"twitter:label1\" content=\"Tiempo de lectura\" \/>\n\t<meta name=\"twitter:data1\" content=\"3 minutos\" \/>\n<script type=\"application\/ld+json\" class=\"yoast-schema-graph\">{\"@context\":\"https:\/\/schema.org\",\"@graph\":[{\"@type\":\"WebPage\",\"@id\":\"https:\/\/jinsuncarbon.com\/product\/molded-graphite-block\/\",\"url\":\"https:\/\/jinsuncarbon.com\/product\/molded-graphite-block\/\",\"name\":\"Molded Graphite Block | Jinsun Carbon\",\"isPartOf\":{\"@id\":\"https:\/\/jinsuncarbon.com\/#website\"},\"primaryImageOfPage\":{\"@id\":\"https:\/\/jinsuncarbon.com\/product\/molded-graphite-block\/#primaryimage\"},\"image\":{\"@id\":\"https:\/\/jinsuncarbon.com\/product\/molded-graphite-block\/#primaryimage\"},\"thumbnailUrl\":\"https:\/\/jinsuncarbon.com\/wp-content\/uploads\/2025\/05\/Molded-Graphite-Block.jpg\",\"datePublished\":\"2025-05-20T02:02:09+00:00\",\"dateModified\":\"2025-05-20T07:06:32+00:00\",\"breadcrumb\":{\"@id\":\"https:\/\/jinsuncarbon.com\/product\/molded-graphite-block\/#breadcrumb\"},\"inLanguage\":\"es-AR\",\"potentialAction\":[{\"@type\":\"ReadAction\",\"target\":[\"https:\/\/jinsuncarbon.com\/product\/molded-graphite-block\/\"]}]},{\"@type\":\"ImageObject\",\"inLanguage\":\"es-AR\",\"@id\":\"https:\/\/jinsuncarbon.com\/product\/molded-graphite-block\/#primaryimage\",\"url\":\"https:\/\/jinsuncarbon.com\/wp-content\/uploads\/2025\/05\/Molded-Graphite-Block.jpg\",\"contentUrl\":\"https:\/\/jinsuncarbon.com\/wp-content\/uploads\/2025\/05\/Molded-Graphite-Block.jpg\",\"width\":1024,\"height\":763,\"caption\":\"Molded Graphite Block\"},{\"@type\":\"BreadcrumbList\",\"@id\":\"https:\/\/jinsuncarbon.com\/product\/molded-graphite-block\/#breadcrumb\",\"itemListElement\":[{\"@type\":\"ListItem\",\"position\":1,\"name\":\"Home\",\"item\":\"https:\/\/jinsuncarbon.com\/\"},{\"@type\":\"ListItem\",\"position\":2,\"name\":\"Products\",\"item\":\"https:\/\/jinsuncarbon.com\/graphite-carbon\/\"},{\"@type\":\"ListItem\",\"position\":3,\"name\":\"Molded Graphite Block\"}]},{\"@type\":\"WebSite\",\"@id\":\"https:\/\/jinsuncarbon.com\/#website\",\"url\":\"https:\/\/jinsuncarbon.com\/\",\"name\":\"Jinsun Carbon\",\"description\":\"We are the successful graphite electrode manufacturer in China\",\"publisher\":{\"@id\":\"https:\/\/jinsuncarbon.com\/#organization\"},\"potentialAction\":[{\"@type\":\"SearchAction\",\"target\":{\"@type\":\"EntryPoint\",\"urlTemplate\":\"https:\/\/jinsuncarbon.com\/?s={search_term_string}\"},\"query-input\":{\"@type\":\"PropertyValueSpecification\",\"valueRequired\":true,\"valueName\":\"search_term_string\"}}],\"inLanguage\":\"es-AR\"},{\"@type\":\"Organization\",\"@id\":\"https:\/\/jinsuncarbon.com\/#organization\",\"name\":\"Jinsun Carbon\",\"alternateName\":\"Jinsun Carbon\",\"url\":\"https:\/\/jinsuncarbon.com\/\",\"logo\":{\"@type\":\"ImageObject\",\"inLanguage\":\"es-AR\",\"@id\":\"https:\/\/jinsuncarbon.com\/#\/schema\/logo\/image\/\",\"url\":\"https:\/\/jinsuncarbon.com\/wp-content\/uploads\/2022\/12\/LOGO-1.png\",\"contentUrl\":\"https:\/\/jinsuncarbon.com\/wp-content\/uploads\/2022\/12\/LOGO-1.png\",\"width\":207,\"height\":80,\"caption\":\"Jinsun Carbon\"},\"image\":{\"@id\":\"https:\/\/jinsuncarbon.com\/#\/schema\/logo\/image\/\"},\"sameAs\":[\"https:\/\/www.facebook.com\/Graphite-Electrode-109336238661595\",\"https:\/\/x.com\/jinsuncarbon_\",\"https:\/\/www.linkedin.com\/in\/jinsungraphite\",\"https:\/\/www.youtube.com\/channel\/UCysDNyvyR5-3cCWEmpkVC0g\"]}]}<\/script>\n<!-- \/ Yoast SEO Premium plugin. -->","yoast_head_json":{"title":"Bloque de grafito moldeado | Jinsun Carbon","robots":{"index":"index","follow":"follow","max-snippet":"max-snippet:-1","max-image-preview":"max-image-preview:large","max-video-preview":"max-video-preview:-1"},"canonical":"https:\/\/jinsuncarbon.com\/es_ar\/producto\/bloque-de-grafito-moldeado\/","og_locale":"es_ES","og_type":"article","og_title":"Molded Graphite Block","og_description":"Molded graphite block is a high quality heat-resistant material for industrial use. You can use it for extreme heat, chemicals and precision machined solid parts. It is used every day in many industries. This provides stable performance, easy handling, and extended service life.  A graphite block which is shaped by a powder compaction process is the formed graphite block which was shaped by compressing finely divided graphite powder into a highly dense shape. It is then baked at a high heat to firm up its shape. The finished product is a hard block of high quality. It machines into many components. It\u2019s also available in various sizes and shapes.","og_url":"https:\/\/jinsuncarbon.com\/es_ar\/producto\/bloque-de-grafito-moldeado\/","og_site_name":"Jinsun Carbon","article_publisher":"https:\/\/www.facebook.com\/Graphite-Electrode-109336238661595","article_modified_time":"2025-05-20T07:06:32+00:00","og_image":[{"width":1024,"height":763,"url":"https:\/\/jinsuncarbon.com\/wp-content\/uploads\/2025\/05\/Molded-Graphite-Block.jpg","type":"image\/jpeg"}],"twitter_card":"summary_large_image","twitter_site":"@jinsuncarbon_","twitter_misc":{"Tiempo de lectura":"3 minutos"},"schema":{"@context":"https:\/\/schema.org","@graph":[{"@type":"WebPage","@id":"https:\/\/jinsuncarbon.com\/product\/molded-graphite-block\/","url":"https:\/\/jinsuncarbon.com\/product\/molded-graphite-block\/","name":"Bloque de grafito moldeado | Jinsun Carbon","isPartOf":{"@id":"https:\/\/jinsuncarbon.com\/#website"},"primaryImageOfPage":{"@id":"https:\/\/jinsuncarbon.com\/product\/molded-graphite-block\/#primaryimage"},"image":{"@id":"https:\/\/jinsuncarbon.com\/product\/molded-graphite-block\/#primaryimage"},"thumbnailUrl":"https:\/\/jinsuncarbon.com\/wp-content\/uploads\/2025\/05\/Molded-Graphite-Block.jpg","datePublished":"2025-05-20T02:02:09+00:00","dateModified":"2025-05-20T07:06:32+00:00","breadcrumb":{"@id":"https:\/\/jinsuncarbon.com\/product\/molded-graphite-block\/#breadcrumb"},"inLanguage":"es-AR","potentialAction":[{"@type":"ReadAction","target":["https:\/\/jinsuncarbon.com\/product\/molded-graphite-block\/"]}]},{"@type":"ImageObject","inLanguage":"es-AR","@id":"https:\/\/jinsuncarbon.com\/product\/molded-graphite-block\/#primaryimage","url":"https:\/\/jinsuncarbon.com\/wp-content\/uploads\/2025\/05\/Molded-Graphite-Block.jpg","contentUrl":"https:\/\/jinsuncarbon.com\/wp-content\/uploads\/2025\/05\/Molded-Graphite-Block.jpg","width":1024,"height":763,"caption":"Molded Graphite Block"},{"@type":"BreadcrumbList","@id":"https:\/\/jinsuncarbon.com\/product\/molded-graphite-block\/#breadcrumb","itemListElement":[{"@type":"ListItem","position":1,"name":"Home","item":"https:\/\/jinsuncarbon.com\/"},{"@type":"ListItem","position":2,"name":"Products","item":"https:\/\/jinsuncarbon.com\/graphite-carbon\/"},{"@type":"ListItem","position":3,"name":"Molded Graphite Block"}]},{"@type":"WebSite","@id":"https:\/\/jinsuncarbon.com\/#website","url":"https:\/\/jinsuncarbon.com\/","name":"Jinsun Carbon","description":"Somos el fabricante de electrodos de grafito con m\u00e1s \u00e9xito de China","publisher":{"@id":"https:\/\/jinsuncarbon.com\/#organization"},"potentialAction":[{"@type":"SearchAction","target":{"@type":"EntryPoint","urlTemplate":"https:\/\/jinsuncarbon.com\/?s={search_term_string}"},"query-input":{"@type":"PropertyValueSpecification","valueRequired":true,"valueName":"search_term_string"}}],"inLanguage":"es-AR"},{"@type":"Organization","@id":"https:\/\/jinsuncarbon.com\/#organization","name":"Jinsun Carbon","alternateName":"Jinsun Carbon","url":"https:\/\/jinsuncarbon.com\/","logo":{"@type":"ImageObject","inLanguage":"es-AR","@id":"https:\/\/jinsuncarbon.com\/#\/schema\/logo\/image\/","url":"https:\/\/jinsuncarbon.com\/wp-content\/uploads\/2022\/12\/LOGO-1.png","contentUrl":"https:\/\/jinsuncarbon.com\/wp-content\/uploads\/2022\/12\/LOGO-1.png","width":207,"height":80,"caption":"Jinsun Carbon"},"image":{"@id":"https:\/\/jinsuncarbon.com\/#\/schema\/logo\/image\/"},"sameAs":["https:\/\/www.facebook.com\/Graphite-Electrode-109336238661595","https:\/\/x.com\/jinsuncarbon_","https:\/\/www.linkedin.com\/in\/jinsungraphite","https:\/\/www.youtube.com\/channel\/UCysDNyvyR5-3cCWEmpkVC0g"]}]}},"_links":{"self":[{"href":"https:\/\/jinsuncarbon.com\/es_ar\/wp-json\/wp\/v2\/product\/7952","targetHints":{"allow":["GET"]}}],"collection":[{"href":"https:\/\/jinsuncarbon.com\/es_ar\/wp-json\/wp\/v2\/product"}],"about":[{"href":"https:\/\/jinsuncarbon.com\/es_ar\/wp-json\/wp\/v2\/types\/product"}],"wp:featuredmedia":[{"embeddable":true,"href":"https:\/\/jinsuncarbon.com\/es_ar\/wp-json\/wp\/v2\/media\/7953"}],"wp:attachment":[{"href":"https:\/\/jinsuncarbon.com\/es_ar\/wp-json\/wp\/v2\/media?parent=7952"}],"wp:term":[{"taxonomy":"product_brand","embeddable":true,"href":"https:\/\/jinsuncarbon.com\/es_ar\/wp-json\/wp\/v2\/product_brand?post=7952"},{"taxonomy":"product_cat","embeddable":true,"href":"https:\/\/jinsuncarbon.com\/es_ar\/wp-json\/wp\/v2\/product_cat?post=7952"},{"taxonomy":"product_tag","embeddable":true,"href":"https:\/\/jinsuncarbon.com\/es_ar\/wp-json\/wp\/v2\/product_tag?post=7952"}],"curies":[{"name":"wp","href":"https:\/\/api.w.org\/{rel}","templated":true}]}}