{"id":7941,"date":"2025-05-10T09:15:32","date_gmt":"2025-05-10T09:15:32","guid":{"rendered":"https:\/\/jinsuncarbon.com\/?post_type=product&#038;p=7941"},"modified":"2025-05-10T09:15:33","modified_gmt":"2025-05-10T09:15:33","slug":"aleta-de-grafito","status":"publish","type":"product","link":"https:\/\/jinsuncarbon.com\/es_ar\/producto\/aleta-de-grafito\/","title":{"rendered":"Veleta de grafito"},"content":{"rendered":"<h2>Ventajas de la aleta de grafito<\/h2>\n<p><strong><b>Genial<\/b><\/strong><strong><b>\u00a0estabilidad t\u00e9rmica <\/b><\/strong><\/p>\n<p>Puede mantener la estabilidad estructural y de rendimiento dentro de una amplia gama de temperaturas de -200\u2103 a 450\u2103, haciendo frente eficazmente a entornos de alta o baja temperatura.<\/p>\n<p>&nbsp;<\/p>\n<p><strong><b>Estable <\/b><\/strong><strong><b>propiedades qu\u00edmicas<\/b><\/strong><\/p>\n<p>Apenas reacciona con sustancias qu\u00edmicas comunes, por lo que permite su uso durante mucho tiempo incluso en entornos qu\u00edmicamente corrosivos.<\/p>\n<p>&nbsp;<\/p>\n<p><strong><b>Coeficiente de fricci\u00f3n extremadamente bajo <\/b><\/strong><\/p>\n<p>Esto le permite tener capacidad de autolubricaci\u00f3n, lo que puede reducir significativamente la p\u00e9rdida por fricci\u00f3n con otros componentes y disminuir la frecuencia de mantenimiento.<\/p>\n<p>&nbsp;<\/p>\n<p><strong><b>Excelente conductividad t\u00e9rmica y el\u00e9ctrica<\/b><\/strong><\/p>\n<p>Puede conducir r\u00e1pidamente el calor, evitar el sobrecalentamiento local y tambi\u00e9n cumplir los requisitos de aplicaci\u00f3n en entornos electromagn\u00e9ticos espec\u00edficos.<\/p>\n<p>&nbsp;<\/p>\n<p><strong><b>Baja densidad<\/b><\/strong><\/p>\n<p>El peso es ligero, lo que contribuye a reducir la carga total del equipo y a mejorar la eficacia operativa.<\/p>\n<p>&nbsp;<\/p>\n<p><strong><b>Buen rendimiento de procesamiento<\/b><\/strong><\/p>\n<p>Puede personalizar formas y tama\u00f1os seg\u00fan sus necesidades, como paletas de grafito huecas, paletas de grafito macizas, etc. Adem\u00e1s, tambi\u00e9n puede elegir distintos tipos de paletas de grafito fabricadas mediante procesos de prensado y t\u00e9cnicas de procesamiento de precisi\u00f3n.<\/p>\n<p><strong><b>\u00a0<\/b><\/strong><\/p>\n<h2>Usos de la pala de grafito<\/h2>\n<h3>Campo de energ\u00eda:<\/h3>\n<p><strong><b>Generaci\u00f3n de energ\u00eda e\u00f3lica<\/b><\/strong><\/p>\n<p>Gracias a su gran solidez y resistencia a la intemperie, las palas de grafito pueden utilizarse como palas de aerogeneradores. Pueden funcionar de forma estable en entornos exteriores expuestos a la erosi\u00f3n prolongada del viento, el sol, la arena y el polvo. De este modo, captan eficazmente la energ\u00eda e\u00f3lica y mejoran la eficiencia de la generaci\u00f3n de energ\u00eda.<\/p>\n<p>&nbsp;<\/p>\n<p><strong><b>Sistema de energ\u00eda nuclear<\/b><\/strong><\/p>\n<p>Los \u00e1labes de grafito de gran pureza pueden funcionar de forma fiable en entornos de alta temperatura y radiaci\u00f3n.<\/p>\n<p>As\u00ed que puede aplicarlos en el sistema de circulaci\u00f3n de refrigeraci\u00f3n de <a href=\"https:\/\/en.wikipedia.org\/wiki\/Nuclear_reactor\" target=\"_blank\" rel=\"noopener\">reactores nucleares<\/a>\u00a0para garantizar el suministro estable de medios refrigerantes.<\/p>\n<p>&nbsp;<\/p>\n<h3>Fabricaci\u00f3n industrial:<\/h3>\n<p><strong><b>Equipos qu\u00edmicos<\/b><\/strong><\/p>\n<p>Pueden utilizarse en los dispositivos de agitaci\u00f3n de los recipientes de reacci\u00f3n qu\u00edmica y en las bombas de trasiego de soluciones \u00e1cidas y alcalinas. Debido a su inercia qu\u00edmica, resisten la erosi\u00f3n de los medios corrosivos fuertes, prolongando la vida \u00fatil del equipo. Y en la centrifugadora, la propiedad autolubricante reduce la fricci\u00f3n y mejora la eficacia de separaci\u00f3n.<\/p>\n<p>&nbsp;<\/p>\n<p><strong><b>Industria metal\u00fargica<\/b><\/strong><\/p>\n<p>Tambi\u00e9n se pueden utilizar en el sistema de ventilaci\u00f3n de hornos de alta temperatura. Pueden soportar entornos con polvo a alta temperatura y mantener la circulaci\u00f3n del aire y la estabilidad de la temperatura en el interior del <a href=\"https:\/\/jinsuncarbon.com\/es_ar\/grafito-en-horno-de-vacio\/\">hornos<\/a>.<\/p>\n<p>&nbsp;<\/p>\n<h3>Electr\u00f3nica y aeroespacial:<\/h3>\n<p><strong><b>Disipaci\u00f3n del calor electr\u00f3nico<\/b><\/strong><\/p>\n<p>En los ventiladores de refrigeraci\u00f3n de servidores y ordenadores de alto rendimiento, las paletas de grafito tambi\u00e9n desempe\u00f1an un papel crucial. Con su alta conductividad t\u00e9rmica y baja resistencia al viento, disipan r\u00e1pidamente el calor, garantizando el funcionamiento estable de los componentes electr\u00f3nicos.<\/p>\n<p>&nbsp;<\/p>\n<p><strong><b>Aeroespacial<\/b><\/strong><\/p>\n<p>Adem\u00e1s, se aplican en el sistema de control ambiental de los aviones para regular la circulaci\u00f3n del aire en la cabina. Sus caracter\u00edsticas de ligereza, resistencia al calor y alta resistencia satisfacen los estrictos requisitos de ligereza y fiabilidad de los equipos aeroespaciales.<\/p>","protected":false},"excerpt":{"rendered":"<p>Los \u00e1labes de grafito son \u00e1labes o componentes de guiado fabricados con grafito de gran pureza como material base, que se encuentran habitualmente en determinados equipos industriales o sistemas mec\u00e1nicos. Por ejemplo, en el sistema de agitaci\u00f3n de recipientes de reacci\u00f3n qu\u00edmica, turbinas e\u00f3licas, ventiladores de refrigeraci\u00f3n de equipos electr\u00f3nicos, etc. Mediante la optimizaci\u00f3n de la estructura cristalina del grafito, combina las caracter\u00edsticas intr\u00ednsecas de los materiales de grafito y la morfolog\u00eda funcional especial de las paletas. As\u00ed pues, presenta una extraordinaria resistencia a las altas temperaturas, resistencia a la corrosi\u00f3n qu\u00edmica, autolubricaci\u00f3n y buena resistencia mec\u00e1nica. Y presenta unas ventajas de rendimiento muy superiores a las de los materiales de \u00e1labes tradicionales en condiciones de trabajo duras, como altas temperaturas, fuerte corrosi\u00f3n y alta fricci\u00f3n.<\/p>","protected":false},"featured_media":7948,"template":"","meta":[],"product_brand":[],"product_cat":[38],"product_tag":[],"class_list":{"0":"post-7941","1":"product","2":"type-product","3":"status-publish","4":"has-post-thumbnail","6":"product_cat-graphite-products","8":"first","9":"instock","10":"shipping-taxable","11":"product-type-simple"},"yoast_head":"<!-- This site is optimized with the Yoast SEO Premium plugin v19.2.1 (Yoast SEO v25.3) - https:\/\/yoast.com\/wordpress\/plugins\/seo\/ -->\n<title>Graphite Vane Manufacturer in China | Jinsun Carbon<\/title>\n<meta name=\"robots\" content=\"index, follow, max-snippet:-1, max-image-preview:large, max-video-preview:-1\" \/>\n<link rel=\"canonical\" href=\"https:\/\/jinsuncarbon.com\/es_ar\/producto\/aleta-de-grafito\/\" \/>\n<meta property=\"og:locale\" content=\"es_ES\" \/>\n<meta property=\"og:type\" content=\"article\" \/>\n<meta property=\"og:title\" content=\"Graphite Vane\" \/>\n<meta property=\"og:description\" content=\"Graphite vanes are blades or guiding components made from high-purity graphite as the base material, which are commonly found in certain industrial equipment or mechanical systems. For example, in the stirring system of chemical reaction vessels, wind turbines, cooling fans of electronic equipment, etc. Through the optimization of the graphite crystal structure, it combines the intrinsic characteristics of graphite materials and the special functional morphology of vanes. So it has outstanding high-temperature resistance, chemical corrosion resistance, self-lubrication and good mechanical strength. And it demonstrates performance advantages far exceeding those of traditional blade materials under harsh working conditions such as high temperature, strong corrosion and high friction.\" \/>\n<meta property=\"og:url\" content=\"https:\/\/jinsuncarbon.com\/es_ar\/producto\/aleta-de-grafito\/\" \/>\n<meta property=\"og:site_name\" content=\"Jinsun Carbon\" \/>\n<meta property=\"article:publisher\" content=\"https:\/\/www.facebook.com\/Graphite-Electrode-109336238661595\" \/>\n<meta property=\"article:modified_time\" content=\"2025-05-10T09:15:33+00:00\" \/>\n<meta property=\"og:image\" content=\"https:\/\/jinsuncarbon.com\/wp-content\/uploads\/2025\/05\/Graphite-Vane.jpg\" \/>\n\t<meta property=\"og:image:width\" content=\"1024\" \/>\n\t<meta property=\"og:image:height\" content=\"774\" \/>\n\t<meta property=\"og:image:type\" content=\"image\/jpeg\" \/>\n<meta name=\"twitter:card\" content=\"summary_large_image\" \/>\n<meta name=\"twitter:site\" content=\"@jinsuncarbon_\" \/>\n<meta name=\"twitter:label1\" content=\"Tiempo de lectura\" \/>\n\t<meta name=\"twitter:data1\" content=\"3 minutos\" \/>\n<script type=\"application\/ld+json\" class=\"yoast-schema-graph\">{\"@context\":\"https:\/\/schema.org\",\"@graph\":[{\"@type\":\"WebPage\",\"@id\":\"https:\/\/jinsuncarbon.com\/product\/graphite-vane\/\",\"url\":\"https:\/\/jinsuncarbon.com\/product\/graphite-vane\/\",\"name\":\"Graphite Vane Manufacturer in China | Jinsun Carbon\",\"isPartOf\":{\"@id\":\"https:\/\/jinsuncarbon.com\/#website\"},\"primaryImageOfPage\":{\"@id\":\"https:\/\/jinsuncarbon.com\/product\/graphite-vane\/#primaryimage\"},\"image\":{\"@id\":\"https:\/\/jinsuncarbon.com\/product\/graphite-vane\/#primaryimage\"},\"thumbnailUrl\":\"https:\/\/jinsuncarbon.com\/wp-content\/uploads\/2025\/05\/Graphite-Vane.jpg\",\"datePublished\":\"2025-05-10T09:15:32+00:00\",\"dateModified\":\"2025-05-10T09:15:33+00:00\",\"breadcrumb\":{\"@id\":\"https:\/\/jinsuncarbon.com\/product\/graphite-vane\/#breadcrumb\"},\"inLanguage\":\"es-AR\",\"potentialAction\":[{\"@type\":\"ReadAction\",\"target\":[\"https:\/\/jinsuncarbon.com\/product\/graphite-vane\/\"]}]},{\"@type\":\"ImageObject\",\"inLanguage\":\"es-AR\",\"@id\":\"https:\/\/jinsuncarbon.com\/product\/graphite-vane\/#primaryimage\",\"url\":\"https:\/\/jinsuncarbon.com\/wp-content\/uploads\/2025\/05\/Graphite-Vane.jpg\",\"contentUrl\":\"https:\/\/jinsuncarbon.com\/wp-content\/uploads\/2025\/05\/Graphite-Vane.jpg\",\"width\":1024,\"height\":774,\"caption\":\"Graphite Vane\"},{\"@type\":\"BreadcrumbList\",\"@id\":\"https:\/\/jinsuncarbon.com\/product\/graphite-vane\/#breadcrumb\",\"itemListElement\":[{\"@type\":\"ListItem\",\"position\":1,\"name\":\"Home\",\"item\":\"https:\/\/jinsuncarbon.com\/\"},{\"@type\":\"ListItem\",\"position\":2,\"name\":\"Products\",\"item\":\"https:\/\/jinsuncarbon.com\/graphite-carbon\/\"},{\"@type\":\"ListItem\",\"position\":3,\"name\":\"Graphite Vane\"}]},{\"@type\":\"WebSite\",\"@id\":\"https:\/\/jinsuncarbon.com\/#website\",\"url\":\"https:\/\/jinsuncarbon.com\/\",\"name\":\"Jinsun Carbon\",\"description\":\"We are the successful graphite electrode manufacturer in China\",\"publisher\":{\"@id\":\"https:\/\/jinsuncarbon.com\/#organization\"},\"potentialAction\":[{\"@type\":\"SearchAction\",\"target\":{\"@type\":\"EntryPoint\",\"urlTemplate\":\"https:\/\/jinsuncarbon.com\/?s={search_term_string}\"},\"query-input\":{\"@type\":\"PropertyValueSpecification\",\"valueRequired\":true,\"valueName\":\"search_term_string\"}}],\"inLanguage\":\"es-AR\"},{\"@type\":\"Organization\",\"@id\":\"https:\/\/jinsuncarbon.com\/#organization\",\"name\":\"Jinsun Carbon\",\"alternateName\":\"Jinsun Carbon\",\"url\":\"https:\/\/jinsuncarbon.com\/\",\"logo\":{\"@type\":\"ImageObject\",\"inLanguage\":\"es-AR\",\"@id\":\"https:\/\/jinsuncarbon.com\/#\/schema\/logo\/image\/\",\"url\":\"https:\/\/jinsuncarbon.com\/wp-content\/uploads\/2022\/12\/LOGO-1.png\",\"contentUrl\":\"https:\/\/jinsuncarbon.com\/wp-content\/uploads\/2022\/12\/LOGO-1.png\",\"width\":207,\"height\":80,\"caption\":\"Jinsun Carbon\"},\"image\":{\"@id\":\"https:\/\/jinsuncarbon.com\/#\/schema\/logo\/image\/\"},\"sameAs\":[\"https:\/\/www.facebook.com\/Graphite-Electrode-109336238661595\",\"https:\/\/x.com\/jinsuncarbon_\",\"https:\/\/www.linkedin.com\/in\/jinsungraphite\",\"https:\/\/www.youtube.com\/channel\/UCysDNyvyR5-3cCWEmpkVC0g\"]}]}<\/script>\n<!-- \/ Yoast SEO Premium plugin. -->","yoast_head_json":{"title":"Fabricante de paletas de grafito en China | Jinsun Carbon","robots":{"index":"index","follow":"follow","max-snippet":"max-snippet:-1","max-image-preview":"max-image-preview:large","max-video-preview":"max-video-preview:-1"},"canonical":"https:\/\/jinsuncarbon.com\/es_ar\/producto\/aleta-de-grafito\/","og_locale":"es_ES","og_type":"article","og_title":"Graphite Vane","og_description":"Graphite vanes are blades or guiding components made from high-purity graphite as the base material, which are commonly found in certain industrial equipment or mechanical systems. For example, in the stirring system of chemical reaction vessels, wind turbines, cooling fans of electronic equipment, etc. Through the optimization of the graphite crystal structure, it combines the intrinsic characteristics of graphite materials and the special functional morphology of vanes. So it has outstanding high-temperature resistance, chemical corrosion resistance, self-lubrication and good mechanical strength. And it demonstrates performance advantages far exceeding those of traditional blade materials under harsh working conditions such as high temperature, strong corrosion and high friction.","og_url":"https:\/\/jinsuncarbon.com\/es_ar\/producto\/aleta-de-grafito\/","og_site_name":"Jinsun Carbon","article_publisher":"https:\/\/www.facebook.com\/Graphite-Electrode-109336238661595","article_modified_time":"2025-05-10T09:15:33+00:00","og_image":[{"width":1024,"height":774,"url":"https:\/\/jinsuncarbon.com\/wp-content\/uploads\/2025\/05\/Graphite-Vane.jpg","type":"image\/jpeg"}],"twitter_card":"summary_large_image","twitter_site":"@jinsuncarbon_","twitter_misc":{"Tiempo de lectura":"3 minutos"},"schema":{"@context":"https:\/\/schema.org","@graph":[{"@type":"WebPage","@id":"https:\/\/jinsuncarbon.com\/product\/graphite-vane\/","url":"https:\/\/jinsuncarbon.com\/product\/graphite-vane\/","name":"Fabricante de paletas de grafito en China | Jinsun Carbon","isPartOf":{"@id":"https:\/\/jinsuncarbon.com\/#website"},"primaryImageOfPage":{"@id":"https:\/\/jinsuncarbon.com\/product\/graphite-vane\/#primaryimage"},"image":{"@id":"https:\/\/jinsuncarbon.com\/product\/graphite-vane\/#primaryimage"},"thumbnailUrl":"https:\/\/jinsuncarbon.com\/wp-content\/uploads\/2025\/05\/Graphite-Vane.jpg","datePublished":"2025-05-10T09:15:32+00:00","dateModified":"2025-05-10T09:15:33+00:00","breadcrumb":{"@id":"https:\/\/jinsuncarbon.com\/product\/graphite-vane\/#breadcrumb"},"inLanguage":"es-AR","potentialAction":[{"@type":"ReadAction","target":["https:\/\/jinsuncarbon.com\/product\/graphite-vane\/"]}]},{"@type":"ImageObject","inLanguage":"es-AR","@id":"https:\/\/jinsuncarbon.com\/product\/graphite-vane\/#primaryimage","url":"https:\/\/jinsuncarbon.com\/wp-content\/uploads\/2025\/05\/Graphite-Vane.jpg","contentUrl":"https:\/\/jinsuncarbon.com\/wp-content\/uploads\/2025\/05\/Graphite-Vane.jpg","width":1024,"height":774,"caption":"Graphite Vane"},{"@type":"BreadcrumbList","@id":"https:\/\/jinsuncarbon.com\/product\/graphite-vane\/#breadcrumb","itemListElement":[{"@type":"ListItem","position":1,"name":"Home","item":"https:\/\/jinsuncarbon.com\/"},{"@type":"ListItem","position":2,"name":"Products","item":"https:\/\/jinsuncarbon.com\/graphite-carbon\/"},{"@type":"ListItem","position":3,"name":"Graphite Vane"}]},{"@type":"WebSite","@id":"https:\/\/jinsuncarbon.com\/#website","url":"https:\/\/jinsuncarbon.com\/","name":"Jinsun Carbon","description":"Somos el fabricante de electrodos de grafito con m\u00e1s \u00e9xito de China","publisher":{"@id":"https:\/\/jinsuncarbon.com\/#organization"},"potentialAction":[{"@type":"SearchAction","target":{"@type":"EntryPoint","urlTemplate":"https:\/\/jinsuncarbon.com\/?s={search_term_string}"},"query-input":{"@type":"PropertyValueSpecification","valueRequired":true,"valueName":"search_term_string"}}],"inLanguage":"es-AR"},{"@type":"Organization","@id":"https:\/\/jinsuncarbon.com\/#organization","name":"Jinsun Carbon","alternateName":"Jinsun Carbon","url":"https:\/\/jinsuncarbon.com\/","logo":{"@type":"ImageObject","inLanguage":"es-AR","@id":"https:\/\/jinsuncarbon.com\/#\/schema\/logo\/image\/","url":"https:\/\/jinsuncarbon.com\/wp-content\/uploads\/2022\/12\/LOGO-1.png","contentUrl":"https:\/\/jinsuncarbon.com\/wp-content\/uploads\/2022\/12\/LOGO-1.png","width":207,"height":80,"caption":"Jinsun Carbon"},"image":{"@id":"https:\/\/jinsuncarbon.com\/#\/schema\/logo\/image\/"},"sameAs":["https:\/\/www.facebook.com\/Graphite-Electrode-109336238661595","https:\/\/x.com\/jinsuncarbon_","https:\/\/www.linkedin.com\/in\/jinsungraphite","https:\/\/www.youtube.com\/channel\/UCysDNyvyR5-3cCWEmpkVC0g"]}]}},"_links":{"self":[{"href":"https:\/\/jinsuncarbon.com\/es_ar\/wp-json\/wp\/v2\/product\/7941","targetHints":{"allow":["GET"]}}],"collection":[{"href":"https:\/\/jinsuncarbon.com\/es_ar\/wp-json\/wp\/v2\/product"}],"about":[{"href":"https:\/\/jinsuncarbon.com\/es_ar\/wp-json\/wp\/v2\/types\/product"}],"wp:featuredmedia":[{"embeddable":true,"href":"https:\/\/jinsuncarbon.com\/es_ar\/wp-json\/wp\/v2\/media\/7948"}],"wp:attachment":[{"href":"https:\/\/jinsuncarbon.com\/es_ar\/wp-json\/wp\/v2\/media?parent=7941"}],"wp:term":[{"taxonomy":"product_brand","embeddable":true,"href":"https:\/\/jinsuncarbon.com\/es_ar\/wp-json\/wp\/v2\/product_brand?post=7941"},{"taxonomy":"product_cat","embeddable":true,"href":"https:\/\/jinsuncarbon.com\/es_ar\/wp-json\/wp\/v2\/product_cat?post=7941"},{"taxonomy":"product_tag","embeddable":true,"href":"https:\/\/jinsuncarbon.com\/es_ar\/wp-json\/wp\/v2\/product_tag?post=7941"}],"curies":[{"name":"wp","href":"https:\/\/api.w.org\/{rel}","templated":true}]}}